{"id":3626,"date":"2023-01-18T18:46:33","date_gmt":"2023-01-18T18:46:33","guid":{"rendered":"http:\/\/grupo.us.es\/atlas\/?page_id=3626"},"modified":"2025-08-26T13:41:14","modified_gmt":"2025-08-26T11:41:14","slug":"jose-ruiz-flores","status":"publish","type":"page","link":"https:\/\/grupo.us.es\/atlas\/index.php\/jose-ruiz-flores\/","title":{"rendered":"Jos\u00e9 Ruiz Flores"},"content":{"rendered":"\n<figure class=\"wp-block-image size-full\"><img loading=\"lazy\" decoding=\"async\" width=\"150\" height=\"150\" src=\"https:\/\/grupo.us.es\/atlas\/wp-content\/uploads\/2025\/08\/CV-150x150-1.png\" alt=\"\" class=\"wp-image-5280\"\/><\/figure>\n\n\n\n<p>Titulaci\u00f3n<\/p>\n\n\n\n<p>Graduado en Arqueolog\u00eda por las Universidades de Sevilla, Granada y Ja\u00e9n.<\/p>\n\n\n\n<p>Biograf\u00eda<\/p>\n\n\n\n<p>Jos\u00e9 Ruiz Flores (Sevilla, 2000) se gradu\u00f3 en Arqueolog\u00eda en 2022 por la Universidad de Sevilla, tras recibir en 2021 la Beca de Colaboraci\u00f3n en Departamentos Universitarios. Actualmente cursa el M\u00e1ster en Arqueolog\u00eda Prehist\u00f3rica en la Facultad de Ciencias de la Universidad de Ginebra, entidad que lo galardon\u00f3 con la Beca de Excelencia Acad\u00e9mica para el a\u00f1o 2022-2023. Ha trabajado como voluntario y t\u00e9cnico en excavaciones y prospecciones nacionales e internacionales, destacando las realizadas en el entorno de la Pe\u00f1a de los Enamorados (Antequera, M\u00e1laga), Ca\u00f1averal de Le\u00f3n (Huelva) y Goasseac\u2019h (Carhaix-Plouguer, Breta\u00f1a francesa).<\/p>\n\n\n\n<p>L\u00ednea de Investigaci\u00f3n<\/p>\n\n\n\n<p>Interesado en procesos diacr\u00f3nicos sociales y materiales visibles en el registro arqueol\u00f3gico y la combinaci\u00f3n de arqueolog\u00eda espacial y del paisaje, como la Arqueolog\u00eda Caminera. Su Trabajo de Fin de Grado se titul\u00f3: \u201cArqueolog\u00eda de los Caminos, una aproximaci\u00f3n metodol\u00f3gica\u201d. Actualmente realiza su Disertaci\u00f3n de M\u00e1ster: \u201cLa Pe\u00f1a de los Enamorados (Antequera, Spain). Archaeological Cartography of a World Heritage Landscape\u201d.<\/p>\n\n\n\n<p>Dedicaci\u00f3n actual<\/p>\n\n\n\n<p>M\u00e1ster de dos a\u00f1os de duraci\u00f3n en la universidad de Ginebra.<\/p>\n\n\n\n<p>Publicaciones m\u00e1s relevantes<\/p>\n\n\n\n<p>1.&nbsp;-Vazquez Paz, J.; Garc\u00eda Sanju\u00e1n, L. y Ruiz Flores, J. (2022): \u201cCap\u00edtulo 8: La Cer\u00e1mica Antigua, Estudio Tecnomorfol\u00f3gico\u201d en Garc\u00eda Sanju\u00e1n, L. (ed.) Dolmen de Menga Intervenci\u00f3n de 2005-2006. Investigando la g\u00e9nesis de un monumento neol\u00edtico excepcional. Sevilla: Editorial Universidad de Sevilla y Editorial Almuzara. ISBN 978-84-11312-94-3. Pp: 319-335.<\/p>\n","protected":false},"excerpt":{"rendered":"<p>Titulaci\u00f3n Graduado en Arqueolog\u00eda por las Universidades de Sevilla, Granada y Ja\u00e9n. Biograf\u00eda Jos\u00e9 Ruiz Flores (Sevilla, 2000) se gradu\u00f3 [&hellip;]<\/p>\n","protected":false},"author":0,"featured_media":0,"parent":0,"menu_order":0,"comment_status":"closed","ping_status":"closed","template":"","meta":{"_uag_custom_page_level_css":"","site-sidebar-layout":"default","site-content-layout":"","ast-site-content-layout":"default","site-content-style":"default","site-sidebar-style":"default","ast-global-header-display":"","ast-banner-title-visibility":"","ast-main-header-display":"","ast-hfb-above-header-display":"","ast-hfb-below-header-display":"","ast-hfb-mobile-header-display":"","site-post-title":"","ast-breadcrumbs-content":"","ast-featured-img":"","footer-sml-layout":"","theme-transparent-header-meta":"","adv-header-id-meta":"","stick-header-meta":"","header-above-stick-meta":"","header-main-stick-meta":"","header-below-stick-meta":"","astra-migrate-meta-layouts":"default","ast-page-background-enabled":"default","ast-page-background-meta":{"desktop":{"background-color":"var(--ast-global-color-5)","background-image":"","background-repeat":"repeat","background-position":"center center","background-size":"auto","background-attachment":"scroll","background-type":"","background-media":"","overlay-type":"","overlay-color":"","overlay-opacity":"","overlay-gradient":""},"tablet":{"background-color":"","background-image":"","background-repeat":"repeat","background-position":"center center","background-size":"auto","background-attachment":"scroll","background-type":"","background-media":"","overlay-type":"","overlay-color":"","overlay-opacity":"","overlay-gradient":""},"mobile":{"background-color":"","background-image":"","background-repeat":"repeat","background-position":"center center","background-size":"auto","background-attachment":"scroll","background-type":"","background-media":"","overlay-type":"","overlay-color":"","overlay-opacity":"","overlay-gradient":""}},"ast-content-background-meta":{"desktop":{"background-color":"var(--ast-global-color-4)","background-image":"","background-repeat":"repeat","background-position":"center center","background-size":"auto","background-attachment":"scroll","background-type":"","background-media":"","overlay-type":"","overlay-color":"","overlay-opacity":"","overlay-gradient":""},"tablet":{"background-color":"var(--ast-global-color-4)","background-image":"","background-repeat":"repeat","background-position":"center center","background-size":"auto","background-attachment":"scroll","background-type":"","background-media":"","overlay-type":"","overlay-color":"","overlay-opacity":"","overlay-gradient":""},"mobile":{"background-color":"var(--ast-global-color-4)","background-image":"","background-repeat":"repeat","background-position":"center center","background-size":"auto","background-attachment":"scroll","background-type":"","background-media":"","overlay-type":"","overlay-color":"","overlay-opacity":"","overlay-gradient":""}},"footnotes":""},"class_list":["post-3626","page","type-page","status-publish","hentry"],"uagb_featured_image_src":{"full":false,"thumbnail":false,"medium":false,"medium_large":false,"large":false,"1536x1536":false,"2048x2048":false},"uagb_author_info":{"display_name":"","author_link":"https:\/\/grupo.us.es\/atlas\/index.php\/author\/"},"uagb_comment_info":0,"uagb_excerpt":"Titulaci\u00f3n Graduado en Arqueolog\u00eda por las Universidades de Sevilla, Granada y Ja\u00e9n. Biograf\u00eda Jos\u00e9 Ruiz Flores (Sevilla, 2000) se gradu\u00f3 [&hellip;]","_links":{"self":[{"href":"https:\/\/grupo.us.es\/atlas\/index.php\/wp-json\/wp\/v2\/pages\/3626","targetHints":{"allow":["GET"]}}],"collection":[{"href":"https:\/\/grupo.us.es\/atlas\/index.php\/wp-json\/wp\/v2\/pages"}],"about":[{"href":"https:\/\/grupo.us.es\/atlas\/index.php\/wp-json\/wp\/v2\/types\/page"}],"replies":[{"embeddable":true,"href":"https:\/\/grupo.us.es\/atlas\/index.php\/wp-json\/wp\/v2\/comments?post=3626"}],"version-history":[{"count":1,"href":"https:\/\/grupo.us.es\/atlas\/index.php\/wp-json\/wp\/v2\/pages\/3626\/revisions"}],"predecessor-version":[{"id":5448,"href":"https:\/\/grupo.us.es\/atlas\/index.php\/wp-json\/wp\/v2\/pages\/3626\/revisions\/5448"}],"wp:attachment":[{"href":"https:\/\/grupo.us.es\/atlas\/index.php\/wp-json\/wp\/v2\/media?parent=3626"}],"curies":[{"name":"wp","href":"https:\/\/api.w.org\/{rel}","templated":true}]}}