{"id":3436,"date":"2022-09-04T08:15:44","date_gmt":"2022-09-04T08:15:44","guid":{"rendered":"http:\/\/grupo.us.es\/atlas\/?page_id=3436"},"modified":"2025-07-31T21:31:51","modified_gmt":"2025-07-31T19:31:51","slug":"arte-rupestre-2","status":"publish","type":"page","link":"https:\/\/grupo.us.es\/atlas\/index.php\/arte-rupestre-2\/","title":{"rendered":"Arte rupestre"},"content":{"rendered":"\n<div class=\"wp-block-cover alignfull has-custom-content-position is-position-top-left\" style=\"margin-top:0;padding-top:5vw;padding-right:5vw;padding-bottom:5vw;padding-left:5vw;min-height:50vh;aspect-ratio:unset;\"><img loading=\"lazy\" decoding=\"async\" width=\"300\" height=\"300\" class=\"wp-block-cover__image-background wp-image-3219 size-full\" alt=\"\" src=\"https:\/\/grupo.us.es\/atlas\/wp-content\/uploads\/2022\/07\/24.jpg\" style=\"object-position:69% 74%\" data-object-fit=\"cover\" data-object-position=\"69% 74%\"\/><span aria-hidden=\"true\" class=\"wp-block-cover__background has-background-dim-70 has-background-dim\" style=\"background-color:#141414\"><\/span><div class=\"wp-block-cover__inner-container is-layout-constrained wp-container-core-cover-is-layout-832bbb0f wp-block-cover-is-layout-constrained\">\n<div class=\"wp-block-group wp-container-content-9cfa9a5a is-vertical is-nowrap is-layout-flex wp-container-core-group-is-layout-2890af74 wp-block-group-is-layout-flex\">\n<p class=\"has-text-align-left has-ast-global-color-4-color has-text-color has-source-serif-pro-font-family\" style=\"font-size:60px;font-style:italic;font-weight:900;letter-spacing:-4px;line-height:0.8;text-transform:none\">Arte <\/p>\n\n\n\n<p class=\"has-text-align-left has-ast-global-color-4-color has-text-color has-source-serif-pro-font-family\" style=\"font-size:52px;font-style:italic;font-weight:900;letter-spacing:-4px;line-height:0.8;text-transform:none\">rupestre <\/p>\n<\/div>\n<\/div><\/div>\n\n\n\n<div style=\"height:100px\" aria-hidden=\"true\" class=\"wp-block-spacer\"><\/div>\n\n\n\n<p>Una l\u00ednea de trabajo recientemente integrada al Grupo de Investigaci\u00f3n ATLAS son los estudios en torno al arte rupestre con m\u00e9todos, t\u00e9cnicas y teor\u00edas relativas a la interpretaci\u00f3n y an\u00e1lisis de las manifestaciones rupestres en pintura y grabados del sur de Andaluc\u00eda, as\u00ed como en Am\u00e9rica Latina. Espec\u00edficamente en M\u00e9xico y Argentina.<\/p>\n\n\n\n<p>Dichos estudios abarcan dos facetas muy concretas. Adem\u00e1s del an\u00e1lisis de su iconograf\u00eda de las culturas prehisp\u00e1nicas caravaneras de Argentina; y de la escritura gl\u00edfica de Mesoam\u00e9rica nahua- otom\u00ed en M\u00e9xico, investigamos la dimensi\u00f3n espacio temporal de los sitios desde el paisaje y su transformaci\u00f3n en lugares sagrados. En una segunda faceta, en los \u00faltimos a\u00f1os se han comenzado a tratar aspectos que est\u00e1n mostrando gran potencial, como son el estudio algor\u00edtmico de grabados y pinturas desde softwares fractales para calcular la dimensi\u00f3n fractal y de la morfometr\u00eda, como herramientas para la obtenci\u00f3n de las \u201chuellas\u201d, capas y pigmentos y t\u00e9cnicas asociadas a su manufactura, as\u00ed como la identificaci\u00f3n de especies de animales representados por sus caracter\u00edsticas morfol\u00f3gicas.<\/p>\n\n\n\n<p>Desde 2015 desarrollamos estudios de pintura rupestre en M\u00e9xico (Valle del Mezquital, Hidalgo), en colaboraci\u00f3n la Escuela Nacional de Antropolog\u00eda e Historia (ENAH) y en Tastil, Argentina, en colaboraci\u00f3n con Christian Vitry (Universidad de Salta, Argentina), Luis Alberto Martos L\u00f3pez (Instituto Nacional de Antropolog\u00eda e Historia, M\u00e9xico) y Bernardo Cornejo (Consejo Nacional de Investigaciones Cient\u00edficas y T\u00e9cnicas (CONICET).<\/p>\n\n\n\n<p><\/p>\n\n\n\n<figure class=\"wp-block-gallery has-nested-images columns-default is-cropped wp-block-gallery-1 is-layout-flex wp-block-gallery-is-layout-flex\">\n<figure class=\"wp-block-image size-large\"><img loading=\"lazy\" decoding=\"async\" width=\"500\" height=\"500\" data-id=\"3453\" src=\"https:\/\/grupo.us.es\/atlas\/wp-content\/uploads\/2022\/09\/33.png\" alt=\"\" class=\"wp-image-3453\"\/><\/figure>\n\n\n\n<figure class=\"wp-block-image size-large\"><img loading=\"lazy\" decoding=\"async\" width=\"500\" height=\"500\" data-id=\"3452\" src=\"https:\/\/grupo.us.es\/atlas\/wp-content\/uploads\/2022\/09\/32.png\" alt=\"\" class=\"wp-image-3452\"\/><\/figure>\n\n\n\n<figure class=\"wp-block-image size-large\"><img loading=\"lazy\" decoding=\"async\" width=\"1149\" height=\"886\" data-id=\"3443\" src=\"https:\/\/grupo.us.es\/atlas\/wp-content\/uploads\/2022\/09\/matacabras.jpg\" alt=\"\" class=\"wp-image-3443\"\/><\/figure>\n\n\n\n<figure class=\"wp-block-image size-large\"><img loading=\"lazy\" decoding=\"async\" width=\"500\" height=\"500\" data-id=\"3374\" src=\"https:\/\/grupo.us.es\/atlas\/wp-content\/uploads\/2022\/08\/atlas2.png\" alt=\"\" class=\"wp-image-3374\"\/><\/figure>\n\n\n\n<figure class=\"wp-block-image size-large\"><img loading=\"lazy\" decoding=\"async\" width=\"500\" height=\"500\" data-id=\"3349\" src=\"https:\/\/grupo.us.es\/atlas\/wp-content\/uploads\/2022\/07\/atlas30.png\" alt=\"\" class=\"wp-image-3349\"\/><\/figure>\n\n\n\n<figure class=\"wp-block-image size-large\"><img loading=\"lazy\" decoding=\"async\" width=\"1128\" height=\"845\" data-id=\"3447\" src=\"https:\/\/grupo.us.es\/atlas\/wp-content\/uploads\/2022\/09\/matacabras1.png\" alt=\"\" class=\"wp-image-3447\"\/><\/figure>\n<\/figure>\n","protected":false},"excerpt":{"rendered":"<p>Una l\u00ednea de trabajo recientemente integrada al Grupo de Investigaci\u00f3n ATLAS son los estudios en torno al arte rupestre con [&hellip;]<\/p>\n","protected":false},"author":0,"featured_media":0,"parent":0,"menu_order":0,"comment_status":"closed","ping_status":"closed","template":"","meta":{"_uag_custom_page_level_css":"","site-sidebar-layout":"default","site-content-layout":"","ast-site-content-layout":"default","site-content-style":"default","site-sidebar-style":"default","ast-global-header-display":"","ast-banner-title-visibility":"","ast-main-header-display":"","ast-hfb-above-header-display":"","ast-hfb-below-header-display":"","ast-hfb-mobile-header-display":"","site-post-title":"disabled","ast-breadcrumbs-content":"","ast-featured-img":"","footer-sml-layout":"","theme-transparent-header-meta":"","adv-header-id-meta":"","stick-header-meta":"","header-above-stick-meta":"","header-main-stick-meta":"","header-below-stick-meta":"","astra-migrate-meta-layouts":"default","ast-page-background-enabled":"default","ast-page-background-meta":{"desktop":{"background-color":"var(--ast-global-color-5)","background-image":"","background-repeat":"repeat","background-position":"center center","background-size":"auto","background-attachment":"scroll","background-type":"","background-media":"","overlay-type":"","overlay-color":"","overlay-opacity":"","overlay-gradient":""},"tablet":{"background-color":"","background-image":"","background-repeat":"repeat","background-position":"center center","background-size":"auto","background-attachment":"scroll","background-type":"","background-media":"","overlay-type":"","overlay-color":"","overlay-opacity":"","overlay-gradient":""},"mobile":{"background-color":"","background-image":"","background-repeat":"repeat","background-position":"center center","background-size":"auto","background-attachment":"scroll","background-type":"","background-media":"","overlay-type":"","overlay-color":"","overlay-opacity":"","overlay-gradient":""}},"ast-content-background-meta":{"desktop":{"background-color":"var(--ast-global-color-4)","background-image":"","background-repeat":"repeat","background-position":"center center","background-size":"auto","background-attachment":"scroll","background-type":"","background-media":"","overlay-type":"","overlay-color":"","overlay-opacity":"","overlay-gradient":""},"tablet":{"background-color":"var(--ast-global-color-4)","background-image":"","background-repeat":"repeat","background-position":"center center","background-size":"auto","background-attachment":"scroll","background-type":"","background-media":"","overlay-type":"","overlay-color":"","overlay-opacity":"","overlay-gradient":""},"mobile":{"background-color":"var(--ast-global-color-4)","background-image":"","background-repeat":"repeat","background-position":"center center","background-size":"auto","background-attachment":"scroll","background-type":"","background-media":"","overlay-type":"","overlay-color":"","overlay-opacity":"","overlay-gradient":""}},"footnotes":""},"class_list":["post-3436","page","type-page","status-publish","hentry"],"uagb_featured_image_src":{"full":false,"thumbnail":false,"medium":false,"medium_large":false,"large":false,"1536x1536":false,"2048x2048":false},"uagb_author_info":{"display_name":"","author_link":"https:\/\/grupo.us.es\/atlas\/index.php\/author\/"},"uagb_comment_info":0,"uagb_excerpt":"Una l\u00ednea de trabajo recientemente integrada al Grupo de Investigaci\u00f3n ATLAS son los estudios en torno al arte rupestre con [&hellip;]","_links":{"self":[{"href":"https:\/\/grupo.us.es\/atlas\/index.php\/wp-json\/wp\/v2\/pages\/3436","targetHints":{"allow":["GET"]}}],"collection":[{"href":"https:\/\/grupo.us.es\/atlas\/index.php\/wp-json\/wp\/v2\/pages"}],"about":[{"href":"https:\/\/grupo.us.es\/atlas\/index.php\/wp-json\/wp\/v2\/types\/page"}],"replies":[{"embeddable":true,"href":"https:\/\/grupo.us.es\/atlas\/index.php\/wp-json\/wp\/v2\/comments?post=3436"}],"version-history":[{"count":8,"href":"https:\/\/grupo.us.es\/atlas\/index.php\/wp-json\/wp\/v2\/pages\/3436\/revisions"}],"predecessor-version":[{"id":5149,"href":"https:\/\/grupo.us.es\/atlas\/index.php\/wp-json\/wp\/v2\/pages\/3436\/revisions\/5149"}],"wp:attachment":[{"href":"https:\/\/grupo.us.es\/atlas\/index.php\/wp-json\/wp\/v2\/media?parent=3436"}],"curies":[{"name":"wp","href":"https:\/\/api.w.org\/{rel}","templated":true}]}}