{"id":3415,"date":"2022-09-03T07:29:02","date_gmt":"2022-09-03T07:29:02","guid":{"rendered":"http:\/\/grupo.us.es\/atlas\/?page_id=3415"},"modified":"2022-09-03T07:29:02","modified_gmt":"2022-09-03T07:29:02","slug":"european-researchers-night","status":"publish","type":"page","link":"https:\/\/grupo.us.es\/atlas\/index.php\/european-researchers-night\/","title":{"rendered":"European Researchers\u2019 Night"},"content":{"rendered":"<p><a href=\"https:\/\/grupo.us.es\/atlas\/wp-content\/uploads\/2022\/07\/noche-banner-gene\u0301rico.jpeg\"><img loading=\"lazy\" decoding=\"async\" class=\"alignleft size-medium wp-image-3113\" alt=\"noche-banner-gene\u0301rico\" src=\"https:\/\/grupo.us.es\/atlas\/wp-content\/uploads\/2022\/07\/noche-banner-gene\u0301rico-300x170.jpeg\" width=\"300\" height=\"170\" \/><\/a><\/p>\n<p>&nbsp;<\/p>\n<p>En los \u00faltimos a\u00f1os el Grupo de Investigaci\u00f3n ATLAS ha realizado actividades l\u00fadicas-cient\u00edficas durante la\u00a0<a href=\"https:\/\/lanochedelosinvestigadores.fundaciondescubre.es\/\">Noche de los Investigadores<\/a>\u00a0(European Researchers\u2019 Night) que tienen el objetivo de acercar nuestra investigaci\u00f3n a la ciudadan\u00eda.<\/p>\n<p>Las misiones de la UE a las que contribuye el grupo ATLAS son los objetivos del\u00a0<a role=\"link\" href=\"https:\/\/ec.europa.eu\/info\/strategy\/priorities-2019-2024\/european-green-deal_es\" target=\"_blank\" rel=\"noopener\">Pacto Verde Europeo<\/a>\u00a0y los\u00a0<a role=\"link\" href=\"https:\/\/www.un.org\/sustainabledevelopment\/es\/objetivos-de-desarrollo-sostenible\/\" target=\"_blank\" rel=\"noopener\">Objetivos de Desarrollo Sostenible<\/a>\u00a0desde la Prehistoria Mundial.<\/p>\n<p>&nbsp;<\/p>\n<p>&nbsp;<\/p>\n<p><strong>2022<\/strong><\/p>\n<p>&#8211; Exposici\u00f3n \u00ab<a href=\"https:\/\/lanochedelosinvestigadores.fundaciondescubre.es\/actividades\/exposicion-el-sentido-del-agua-un-viaje-desde-la-prehistoria\/\">El sentido del agua. Un viaje desde la prehistoria<\/a>\u00ab.<\/p>\n<p>&#8211; Taller Infantil \u00ab<a href=\"https:\/\/lanochedelosinvestigadores.fundaciondescubre.es\/actividades\/bingo-especies-acuaticas-y-arte-rupestre\/\">Bingo. Las especies acu\u00e1ticas en el arte rupestre<\/a>\u00ab.<\/p>\n<p>&#8211; Presentaci\u00f3n de Libro infantil<a href=\"https:\/\/lanochedelosinvestigadores.fundaciondescubre.es\/actividades\/cuentacuentos-pinturas-rupestres-y-biodiversidad-faunistica\/\">\u00a0\u00abPinturas rupestres y biodiversidad faun\u00edstica en Am\u00e9rica Latina\u00bb<\/a>.<\/p>\n<p><strong>2021<\/strong><\/p>\n<p>&#8211; Conferencia \u00ab\u00daltimos descubrimientos en Antequera: una tumba megal\u00edtica a los pies de La Pe\u00f1a de los Enamorados. MSCA \u00ab.<\/p>\n<p>&#8211;\u00a0Documental \u201cEl arte rupestre en Am\u00e9rica Latina\u201d.<\/p>\n<p>&#8211;\u00a0El arte en tus manos: pinta y descubre los animales del arte rupestre en Am\u00e9rica Latina.<\/p>\n<p>&nbsp;<\/p>\n","protected":false},"excerpt":{"rendered":"<p>&nbsp; En los \u00faltimos a\u00f1os el Grupo de Investigaci\u00f3n ATLAS ha realizado actividades l\u00fadicas-cient\u00edficas durante la\u00a0Noche de los Investigadores\u00a0(European Researchers\u2019 [&hellip;]<\/p>\n","protected":false},"author":0,"featured_media":0,"parent":0,"menu_order":0,"comment_status":"closed","ping_status":"closed","template":"","meta":{"_uag_custom_page_level_css":"","site-sidebar-layout":"default","site-content-layout":"","ast-site-content-layout":"default","site-content-style":"default","site-sidebar-style":"default","ast-global-header-display":"","ast-banner-title-visibility":"","ast-main-header-display":"","ast-hfb-above-header-display":"","ast-hfb-below-header-display":"","ast-hfb-mobile-header-display":"","site-post-title":"","ast-breadcrumbs-content":"","ast-featured-img":"","footer-sml-layout":"","theme-transparent-header-meta":"","adv-header-id-meta":"","stick-header-meta":"","header-above-stick-meta":"","header-main-stick-meta":"","header-below-stick-meta":"","astra-migrate-meta-layouts":"default","ast-page-background-enabled":"default","ast-page-background-meta":{"desktop":{"background-color":"var(--ast-global-color-5)","background-image":"","background-repeat":"repeat","background-position":"center center","background-size":"auto","background-attachment":"scroll","background-type":"","background-media":"","overlay-type":"","overlay-color":"","overlay-opacity":"","overlay-gradient":""},"tablet":{"background-color":"","background-image":"","background-repeat":"repeat","background-position":"center center","background-size":"auto","background-attachment":"scroll","background-type":"","background-media":"","overlay-type":"","overlay-color":"","overlay-opacity":"","overlay-gradient":""},"mobile":{"background-color":"","background-image":"","background-repeat":"repeat","background-position":"center center","background-size":"auto","background-attachment":"scroll","background-type":"","background-media":"","overlay-type":"","overlay-color":"","overlay-opacity":"","overlay-gradient":""}},"ast-content-background-meta":{"desktop":{"background-color":"var(--ast-global-color-4)","background-image":"","background-repeat":"repeat","background-position":"center center","background-size":"auto","background-attachment":"scroll","background-type":"","background-media":"","overlay-type":"","overlay-color":"","overlay-opacity":"","overlay-gradient":""},"tablet":{"background-color":"var(--ast-global-color-4)","background-image":"","background-repeat":"repeat","background-position":"center center","background-size":"auto","background-attachment":"scroll","background-type":"","background-media":"","overlay-type":"","overlay-color":"","overlay-opacity":"","overlay-gradient":""},"mobile":{"background-color":"var(--ast-global-color-4)","background-image":"","background-repeat":"repeat","background-position":"center center","background-size":"auto","background-attachment":"scroll","background-type":"","background-media":"","overlay-type":"","overlay-color":"","overlay-opacity":"","overlay-gradient":""}},"footnotes":""},"class_list":["post-3415","page","type-page","status-publish","hentry"],"uagb_featured_image_src":{"full":false,"thumbnail":false,"medium":false,"medium_large":false,"large":false,"1536x1536":false,"2048x2048":false},"uagb_author_info":{"display_name":"","author_link":"https:\/\/grupo.us.es\/atlas\/index.php\/author\/"},"uagb_comment_info":0,"uagb_excerpt":"&nbsp; En los \u00faltimos a\u00f1os el Grupo de Investigaci\u00f3n ATLAS ha realizado actividades l\u00fadicas-cient\u00edficas durante la\u00a0Noche de los Investigadores\u00a0(European Researchers\u2019 [&hellip;]","_links":{"self":[{"href":"https:\/\/grupo.us.es\/atlas\/index.php\/wp-json\/wp\/v2\/pages\/3415","targetHints":{"allow":["GET"]}}],"collection":[{"href":"https:\/\/grupo.us.es\/atlas\/index.php\/wp-json\/wp\/v2\/pages"}],"about":[{"href":"https:\/\/grupo.us.es\/atlas\/index.php\/wp-json\/wp\/v2\/types\/page"}],"replies":[{"embeddable":true,"href":"https:\/\/grupo.us.es\/atlas\/index.php\/wp-json\/wp\/v2\/comments?post=3415"}],"version-history":[{"count":0,"href":"https:\/\/grupo.us.es\/atlas\/index.php\/wp-json\/wp\/v2\/pages\/3415\/revisions"}],"wp:attachment":[{"href":"https:\/\/grupo.us.es\/atlas\/index.php\/wp-json\/wp\/v2\/media?parent=3415"}],"curies":[{"name":"wp","href":"https:\/\/api.w.org\/{rel}","templated":true}]}}