{"id":340,"date":"2013-04-24T11:37:36","date_gmt":"2013-04-24T11:37:36","guid":{"rendered":"http:\/\/grupo.us.es\/atlas\/?page_id=340"},"modified":"2025-07-31T21:22:51","modified_gmt":"2025-07-31T19:22:51","slug":"arqueometria-ceramica","status":"publish","type":"page","link":"https:\/\/grupo.us.es\/atlas\/index.php\/temas\/arqueometria-ceramica\/","title":{"rendered":"Arqueometr\u00eda cer\u00e1mica"},"content":{"rendered":"\n<div class=\"wp-block-cover alignfull has-custom-content-position is-position-top-left\" style=\"margin-top:0;padding-top:5vw;padding-right:5vw;padding-bottom:5vw;padding-left:5vw;min-height:50vh;aspect-ratio:unset;\"><img loading=\"lazy\" decoding=\"async\" width=\"600\" height=\"400\" class=\"wp-block-cover__image-background wp-image-56 size-full\" alt=\"arqueologia-produccion-ceramica\" src=\"https:\/\/grupo.us.es\/atlas\/wp-content\/uploads\/2013\/04\/arqueologia-produccion-ceramica.jpg\" data-object-fit=\"cover\"\/><span aria-hidden=\"true\" class=\"wp-block-cover__background has-background-dim-60 has-background-dim\" style=\"background-color:#141414\"><\/span><div class=\"wp-block-cover__inner-container is-layout-constrained wp-container-core-cover-is-layout-832bbb0f wp-block-cover-is-layout-constrained\">\n<div class=\"wp-block-group wp-container-content-9cfa9a5a is-vertical is-nowrap is-layout-flex wp-container-core-group-is-layout-2890af74 wp-block-group-is-layout-flex\">\n<p class=\"has-text-align-left has-ast-global-color-4-color has-text-color has-source-serif-pro-font-family\" style=\"font-size:50px;font-style:italic;font-weight:900;letter-spacing:-4px;line-height:0.8;text-transform:none\">Arqueometr\u00eda <\/p>\n\n\n\n<p class=\"has-text-align-left has-ast-global-color-4-color has-text-color has-source-serif-pro-font-family\" style=\"font-size:50px;font-style:italic;font-weight:900;letter-spacing:-4px;line-height:0.8;text-transform:none\">cer\u00e1mica<\/p>\n<\/div>\n<\/div><\/div>\n\n\n\n<div style=\"height:100px\" aria-hidden=\"true\" class=\"wp-block-spacer\"><\/div>\n\n\n\n<p>El Grupo ATLAS viene desarrollando una l\u00ednea de investigaci\u00f3n relativa al an\u00e1lisis de materiales cer\u00e1micos desde su fundaci\u00f3n (2001). Pretendemos con ello obtener una visi\u00f3n relevante de la interacci\u00f3n de las personas con su entorno f\u00edsico, humano y material en el pasado. Especialmente en lo referido a la movilidad humana y\/o la transferencia de pr\u00e1cticas culturales (tecnolog\u00eda, uso social, interacci\u00f3n, \u2026), la explotaci\u00f3n de recursos naturales y el paisaje para la producci\u00f3n cer\u00e1mica, el intercambio, &#8230; ATLAS, tradicionalmente se ha centrado en la caracterizaci\u00f3n cer\u00e1mica, aunque recientemente se ha ampliado el enfoque de esta l\u00ednea de investigaci\u00f3n integrando la caracterizaci\u00f3n de materiales con las bases de la antropolog\u00eda de la tecnolog\u00eda para abarcar no s\u00f3lo la tecnolog\u00edas, sistemas de producci\u00f3n, distribuci\u00f3n, y consumo, sino tambi\u00e9n aspectos referidos al significado y la funci\u00f3n social y pol\u00edtica de la cer\u00e1mica, haciendo hincapi\u00e9 en la relaci\u00f3n existente entre el artefacto y su contexto para inferir el papel que jug\u00f3 en la vida diaria de las personas que los utilizaron.<\/p>\n\n\n\n<p>A lo largo de los a\u00f1os en los que llevamos trabajando en esta l\u00ednea de investigaci\u00f3n se han realizado trabajos de diversa \u00edndole entre los que cabe destacar la realizaci\u00f3n de una <a href=\"https:\/\/www.aloj.us.es\/rnm185\/\" target=\"_blank\" rel=\"noreferrer noopener\">base de datos en la red de los resultados anal\u00edticos de arqueometr\u00eda cer\u00e1mica realizados en Andaluc\u00eda<\/a>, as\u00ed como los an\u00e1lisis de carecterizaci\u00f3n de materiales cer\u00e1micos de poblados y necr\u00f3polis de la Edad del Cobre y de la Edad del Bronce en el Sur de la Pen\u00ednsula Ib\u00e9rica como La Pijotilla (Badajoz), San Blas (Badajoz), El Trastej\u00f3n (Huelva), La Papua (Huelva), La Traviesa (Sevilla), Dolmen de Palacio III (Sevilla), Porto Torr\u00e3o, Perdig\u00f5es, La Palacina, &#8230; o la realizaci\u00f3n de la tesis doctoral \u201c<a href=\"https:\/\/www.eae-publishing.com\/catalog\/details\/store\/gb\/book\/978-3-659-05134-0\/sistemas-t%C3%A9cnicos-de-producci%C3%B3n-cer%C3%A1mica?search=odriozola\" target=\"_blank\" rel=\"noreferrer noopener\">Sistemas t\u00e9cnicos de producci\u00f3n cer\u00e1mica en el Guadiana Medio durante la Edad del Cobre<\/a>\u201d (2010).<\/p>\n\n\n\n<p>Nuestro inter\u00e9s en este \u00e1mbito se ha centrado en la Prehistoria Reciente peninsular, especialmente en la cer\u00e1mica campaniforme de la Cuenca Media del Guadiana, Alentejo, Toledo, Meseta Norte y Sevilla. Recientemente y venimos estudiando la relaci\u00f3n entre las cer\u00e1micas y la producci\u00f3n de sal en la laguna de Villaf\u00e1fila, y la dataci\u00f3n de cer\u00e1micas y suelos por t\u00e9cnicas luminiscentes (Termoluminiscencia -TL- y Luminiscencia \u00d3pticamente Estimulada -OSL)<\/p>\n\n\n\n<p>Esta l\u00ednea de investigaci\u00f3n nos ha llevado a una estrecha colaboraci\u00f3n con otros departamentos y centros de la Universidad de Sevilla como el Departamento Cristalograf\u00eda, Mineralog\u00eda y Qu\u00edmica Agr\u00edcola, el departamento de F\u00edsica At\u00f3mica, el <a href=\"https:\/\/www.centro.us.es\/cna\/\" target=\"_blank\" rel=\"noreferrer noopener\">Centro Nacional de Aceleradores<\/a> y el <a href=\"https:\/\/www.icmse.cartuja.csic.es\/\" target=\"_blank\" rel=\"noreferrer noopener\">Instituto de Materiales del CSIC-Universidad de Sevilla<\/a>. Igualmente realizamos colaboraciones en este campo con&nbsp; el Instituto Tecnologico e Nuclear de Portugal el <a href=\"https:\/\/www.c2rmf.fr\/\" target=\"_blank\" rel=\"noreferrer noopener\">Museo del Louvre (C2RMF)<\/a>, la Universidad de Alcal\u00e1 de Henares, o la Universidad de Valladolid, entre otras instituciones.<\/p>\n\n\n\n<ol class=\"wp-block-list\">\n<li>Carlos P. Odriozola Lloret (2012) <em>Sistemas T\u00e9cnicos de Producci\u00f3n Cer\u00e1mica en el Guadiana Medio durante la Edad del Cobre<\/em>. Editorial Acad\u00e9mica Espa\u00f1ola.&nbsp;<strong>ISBN<\/strong> 978-3-659-05134-0<\/li>\n<\/ol>\n\n\n\n<h5 class=\"wp-block-heading\">&nbsp;<\/h5>\n\n\n\n<h5 class=\"wp-block-heading\">Edici\u00f3n Internacional<\/h5>\n\n\n\n<ol class=\"wp-block-list\">\n<li>Carlos P. Odriozola Lloret; Marcos A. Hunt Ort\u00edz; Mar\u00eda I. Dias; V\u00edctor M.Hurtado P\u00e9rez (2011) Middle Guadiana River Basin (Badajoz, Spain &amp; Alentejo, Portugal) Network Interactions: insights from the chemical analysis of Bell Beaker pottery and the lead isotopes analysis of copper items from the 3rd millennium BCE. En: Turbanti-Memmi (ed.): <em>Proceedings of the 37th international symposium in Archaeometry<\/em>. pp. 119 &#8211; 125. <strong>Springer<\/strong>. <strong>ISBN<\/strong> 978-3-642-14677-0<\/li>\n\n\n\n<li>Carlos P. Odriozola Lloret; Leonardo Garc\u00eda Sanju\u00e1n; Mar\u00eda I. Dias; David W. Wheatley (2009) A preliminary approach from Material Science to Copper Age funerary pottery in Southern Iberia: the Palacio III (Sevilla, Spain) tholos tomb. En: Biro, K., Szil\u00e1gyi, V. y Kreiter, A. (Eds.): <em>Vessels: inside and outside. Papers presented at EMAC\u201907, 9th European Meeting on Ancient Ceramics, Budapest 2007<\/em>. pp. 111 &#8211; 118. National Hungarian Museum. <strong>ISBN<\/strong> 978-963-7061-67-7<\/li>\n\n\n\n<li>Carlos P. Odriozola Lloret; V\u00edctor M. Hurtado P\u00e9rez; Mar\u00eda I. Dias; Antonio C. Valera (2009) Bell Beaker production and consumption along the Guadiana river: an Iberian perspective. En: Biro, K., Szil\u00e1gyi, V. y Kreiter, A. (Eds.):&nbsp; <em>Vessels: inside and outside. Papers presented at EMAC\u201907, 9th European Meeting on Ancient Ceramics, Budapest 2007<\/em>. pp. 63 &#8211; 70. National Hungarian Museum. <strong>ISBN<\/strong> 978-963-7061-67-7<\/li>\n\n\n\n<li>V\u00edctor M. Hurtado P\u00e9rez; Carlos P. Odriozola Lloret (2009) Landscape, Identity and material culture in Tierra de Barros\u201d (Badajoz, Spain) During the 3<sup>rd<\/sup> millennium BCE. En: Salisbury, R (Ed.): <em>Reimagining Regional Analyses: The Archaeology of Spatial and Social Dynamics<\/em>. pp. 266 &#8211; 290. <strong>Cambridge Schoolar Press<\/strong>. <strong>ISBN<\/strong> 978-1-4438-1328-0<\/li>\n\n\n\n<li>Carlos P. Odriozola Lloret (2009). Pottery production during the Late Iberian Chalcolithic period: insights from the mineralogical and chemical analyses of Spanish Middle Guadiana River Basin (Badajoz, Spain) Bell Beaker pottery. En: <em>Archaeometry. Proceedings of the XV World Congress UISPP (Lisbon, 4-9 September 2006 Vol 32, Sessions WS28, C69, C70 and C71)<\/em>. S2045, <strong>BAR<\/strong>, Archaeopress. <strong>ISBN<\/strong> 9781407306216<\/li>\n\n\n\n<li>Carlos P. Odriozola Lloret (2009) The two sides of the Guadiana: Inlayed pottery from 3rd millennium BC alongside the Guadiana River (Spain and Portugal). En: Biro, K., Szil\u00e1gyi, V. y Kreiter, A. (Eds.): &nbsp;<em>Vessels: inside and outside. Papers presented at EMAC\u201907, 9th European Meeting on Ancient Ceramics, Budapest 2007<\/em>. pp. 119 &#8211; 122. National Hungarian Museum. <strong>ISBN<\/strong> 978-963-7061-67-7<\/li>\n\n\n\n<li>Carlos P. Odriozola Lloret; \u00c1ngel Justo Erbez; V\u00edctor M. Hurtado P\u00e9rez (2007) Bell Beakers bone based decorations from Guadiana River Middle Basin (Badajoz, Spain). En: <em>Archaeometric and Archaeological Approaches to Ceramics. Papers presented at EMAC&#8217;05, 8th European Meeting on Ancient Ceramics<\/em>. pp. 63 &#8211; 68. <strong>BAR<\/strong>, Archaeopress. <strong>ISBN<\/strong> 978-1-4073-0129-7<\/li>\n\n\n\n<li>Sheila Kohring; Carlos P. Odriozola Lloret; V\u00edctor M. Hurtado P\u00e9rez (2007) Technology, production and consumption: the materialisation of complex social relationships. En, Khoring, S y Wynne-Jones, S. (Eds): <em>Socialising Complexity: Approaches to Power and Interaction in the Archaeological Record<\/em>. pp. 100 &#8211; 117. <strong>Oxbow<\/strong>.<strong> ISBN<\/strong> 978-1-84217-294-0<\/li>\n<\/ol>\n\n\n\n<h5 class=\"wp-block-heading\">Edici\u00f3n Nacional<\/h5>\n\n\n\n<ol class=\"wp-block-list\">\n<li>Carlos P. Odriozola Lloret (Aceptado) An\u00e1lisis Material del Conjunto Campaniforme del Pago de la Calzadilla (Almenara de Adaja, Valladolid): Tecnolog\u00eda de Producci\u00f3n y Consumo. En: Delibes, G. y Guerra Doce, E. (Eds.) <em>La ocupaci\u00f3n prehist\u00f3rica de Almenara de Adaja<\/em>. Universidad de Valladolid.<\/li>\n\n\n\n<li>Carlos P. Odriozola Lloret (2012) Cer\u00e1mica para la producci\u00f3n de sal: estudio tecnofuncional a la luz de los an\u00e1lisis de pasta. En: Guerra Doce, E. (Ed.): <em>Arqueolog\u00eda de la sal en las lagunas de Villaf\u00e1fila (Zamora): investigaciones sobre los cocederos prehist\u00f3ricos<\/em>. Arqueolog\u00eda en Castilla y Le\u00f3n 9, pp. 437 &#8211; 465. Junta de Castilla y Le\u00f3n. <strong>ISBN<\/strong> 974-84-9718-627-8<\/li>\n\n\n\n<li>Carlos P. Odriozola Lloret (2008) Los limites de la interacci\u00f3n: Identidad t\u00e9cnica en la Cuenca Media del Guadiana durante el III milenio ANE. En: Garc\u00eda Fern\u00e1ndez, F.J. y Rodriguez&nbsp; Guti\u00e9rrez, O. (Eds.): <em>Tendencias y aplicaciones en la investigaci\u00f3n arqueol\u00f3gica<\/em>. pp. 329 &#8211; 344. Universidad de Sevilla.<strong>ISBN<\/strong> 978-84-623-2984-8<\/li>\n\n\n\n<li>Carlos P. Odriozola Lloret; V\u00edctor Hurtado P\u00e9rez; Mar\u00eda I. Dias; Mar\u00eda I. Pruden\u00e7io (2008) Luminiscence Dating of Burial 3 and the Bell Beaker pottery from La Pijotilla (Badajoz, Spain). En: Rovira Llorens, S., Garc\u00eda-Heras, M., Gener Moret, M., Montero Ruiz, I. (Eds.): <em>Actas del VII Congreso Ib\u00e9rico de Arqueometr\u00eda<\/em>. pp. 211 &#8211; 225. Instituto de Historia (CSIC), Museo Arqueol\u00f3gico Nacional. <strong>ISBN<\/strong> 978-84-612-8598-3<\/li>\n\n\n\n<li>Carlos P. Odriozola Lloret (2007) Caracterizaci\u00f3n cer\u00e1mica del Carrascalejo. En: Enriquez Navascu\u00e9s, J.J. y Drake Garc\u00eda, B. (Eds.): <em>El Campo de Hoyos de la Edad del bronce del Carrascalejo (Badajoz)<\/em>. 7, pp. 133 &#8211; 144. MarQuex 7. Junta de Extremadura. <strong>ISBN<\/strong> 978-84-9852-045-3<\/li>\n\n\n\n<li>Carlos P. Odriozola Lloret; \u00c1ngel Justo Erbez; V\u00edctor M. Hurtado P\u00e9rez (2007) Tecnolog\u00eda y producci\u00f3n de decoraciones cer\u00e1micas campaniformes con relleno de hueso en la Cuenca Media del Guadiana. Avances en Arqueometr\u00eda 2005. En: <em>Actas del VI Congreso Ib\u00e9rico de Arqueometr\u00eda<\/em>. pp. 71 &#8211; 79. Lulu, 2007.<\/li>\n<\/ol>\n\n\n\n<h4 class=\"wp-block-heading\">&nbsp;<\/h4>\n\n\n\n<h5 class=\"wp-block-heading\">Indexadas<\/h5>\n\n\n\n<ol class=\"wp-block-list\">\n<li>Carlos P. Odriozola Lloret (2008) \u00cddolo Antropomorfo de Valada Do Mato, Estudio Cient\u00edfico de la Pasta que Rellena la Decoraci\u00f3n Incisa. <em>Saguntum<\/em>. 40, pp. 24 &#8211; 26.<\/li>\n\n\n\n<li>Carlos P. Odriozola Lloret; V\u00edctor M. Hurtado P\u00e9rez (2007) The Manufacturing Process of 3rd Millennium BC Bone Based Incrusted Pottery Decoration from the Middle Guadiana River Basin (Badajoz, Spain). Journal of Archaeological Science. 4, pp. 1749 &#8211; 1803.<\/li>\n\n\n\n<li>Carlos P. Odriozola Lloret; Jos\u00e9 M. Mart\u00ednez Blanes (2007) The estimate of firing temperatures through bone-based Chalcolithic decorated pottery from Guadiana river middle basin (Badajoz, Spain). <em>Journal of Thermal Analysis and Calorimetry<\/em>. 87, pp. 135 \u2013 141.<\/li>\n<\/ol>\n\n\n\n<h5 class=\"wp-block-heading\">No Indexadas<\/h5>\n\n\n\n<ol class=\"wp-block-list\">\n<li>Carlos P. Odriozola Lloret; V\u00edctor M. Hurtado P\u00e9rez; Elisa Guerra Doce; Rosario Cruz Au\u00f1on; Germ\u00e1n Delibes de Castro (2012) Los rellenos de pasta blanca en cer\u00e1micas campaniformes y su utilizaci\u00f3n en la definici\u00f3n de l\u00edmites sociales. <em>Estudos Arqueol\u00f3gicos de Oeiras<\/em>.<\/li>\n\n\n\n<li>Carlos P. Odriozola Lloret; V\u00edctor M. Hurtado P\u00e9rez; Mar\u00eda I. Dias; Antonio C. Valera (2008) Produ\u00e7\u00e3ao e consumo de campaniformes no vale do Guadiana: uma perspectiva Ib\u00e9rica. <em>Apontamentos de Arqueologia e Patrimonio<\/em>. 3, pp. 45 &#8211; 52.<\/li>\n\n\n\n<li>Carlos P. Odriozola Lloret (2008) Scientific analysis of the white inlayed material of the symbolic pottery from povoado dos Perdig\u00f5es. <em>Apontamentos de Arqueologia e Patrimonio<\/em>. 3, pp. 41 &#8211; 44.<\/li>\n<\/ol>\n\n\n\n<div style=\"height:100px\" aria-hidden=\"true\" class=\"wp-block-spacer\"><\/div>\n","protected":false},"excerpt":{"rendered":"<p>El Grupo ATLAS viene desarrollando una l\u00ednea de investigaci\u00f3n relativa al an\u00e1lisis de materiales cer\u00e1micos desde su fundaci\u00f3n (2001). Pretendemos [&hellip;]<\/p>\n","protected":false},"author":1,"featured_media":0,"parent":20,"menu_order":4,"comment_status":"closed","ping_status":"open","template":"","meta":{"_uag_custom_page_level_css":"","site-sidebar-layout":"default","site-content-layout":"","ast-site-content-layout":"default","site-content-style":"default","site-sidebar-style":"default","ast-global-header-display":"","ast-banner-title-visibility":"","ast-main-header-display":"","ast-hfb-above-header-display":"","ast-hfb-below-header-display":"","ast-hfb-mobile-header-display":"","site-post-title":"disabled","ast-breadcrumbs-content":"","ast-featured-img":"","footer-sml-layout":"","theme-transparent-header-meta":"","adv-header-id-meta":"","stick-header-meta":"","header-above-stick-meta":"","header-main-stick-meta":"","header-below-stick-meta":"","astra-migrate-meta-layouts":"default","ast-page-background-enabled":"default","ast-page-background-meta":{"desktop":{"background-color":"var(--ast-global-color-5)","background-image":"","background-repeat":"repeat","background-position":"center center","background-size":"auto","background-attachment":"scroll","background-type":"","background-media":"","overlay-type":"","overlay-color":"","overlay-opacity":"","overlay-gradient":""},"tablet":{"background-color":"","background-image":"","background-repeat":"repeat","background-position":"center center","background-size":"auto","background-attachment":"scroll","background-type":"","background-media":"","overlay-type":"","overlay-color":"","overlay-opacity":"","overlay-gradient":""},"mobile":{"background-color":"","background-image":"","background-repeat":"repeat","background-position":"center center","background-size":"auto","background-attachment":"scroll","background-type":"","background-media":"","overlay-type":"","overlay-color":"","overlay-opacity":"","overlay-gradient":""}},"ast-content-background-meta":{"desktop":{"background-color":"var(--ast-global-color-4)","background-image":"","background-repeat":"repeat","background-position":"center center","background-size":"auto","background-attachment":"scroll","background-type":"","background-media":"","overlay-type":"","overlay-color":"","overlay-opacity":"","overlay-gradient":""},"tablet":{"background-color":"var(--ast-global-color-4)","background-image":"","background-repeat":"repeat","background-position":"center center","background-size":"auto","background-attachment":"scroll","background-type":"","background-media":"","overlay-type":"","overlay-color":"","overlay-opacity":"","overlay-gradient":""},"mobile":{"background-color":"var(--ast-global-color-4)","background-image":"","background-repeat":"repeat","background-position":"center center","background-size":"auto","background-attachment":"scroll","background-type":"","background-media":"","overlay-type":"","overlay-color":"","overlay-opacity":"","overlay-gradient":""}},"footnotes":""},"class_list":["post-340","page","type-page","status-publish","hentry"],"uagb_featured_image_src":{"full":false,"thumbnail":false,"medium":false,"medium_large":false,"large":false,"1536x1536":false,"2048x2048":false},"uagb_author_info":{"display_name":"adminATLAS","author_link":"https:\/\/grupo.us.es\/atlas\/index.php\/author\/adminatlas\/"},"uagb_comment_info":0,"uagb_excerpt":"El Grupo ATLAS viene desarrollando una l\u00ednea de investigaci\u00f3n relativa al an\u00e1lisis de materiales cer\u00e1micos desde su fundaci\u00f3n (2001). Pretendemos [&hellip;]","_links":{"self":[{"href":"https:\/\/grupo.us.es\/atlas\/index.php\/wp-json\/wp\/v2\/pages\/340","targetHints":{"allow":["GET"]}}],"collection":[{"href":"https:\/\/grupo.us.es\/atlas\/index.php\/wp-json\/wp\/v2\/pages"}],"about":[{"href":"https:\/\/grupo.us.es\/atlas\/index.php\/wp-json\/wp\/v2\/types\/page"}],"author":[{"embeddable":true,"href":"https:\/\/grupo.us.es\/atlas\/index.php\/wp-json\/wp\/v2\/users\/1"}],"replies":[{"embeddable":true,"href":"https:\/\/grupo.us.es\/atlas\/index.php\/wp-json\/wp\/v2\/comments?post=340"}],"version-history":[{"count":6,"href":"https:\/\/grupo.us.es\/atlas\/index.php\/wp-json\/wp\/v2\/pages\/340\/revisions"}],"predecessor-version":[{"id":5142,"href":"https:\/\/grupo.us.es\/atlas\/index.php\/wp-json\/wp\/v2\/pages\/340\/revisions\/5142"}],"up":[{"embeddable":true,"href":"https:\/\/grupo.us.es\/atlas\/index.php\/wp-json\/wp\/v2\/pages\/20"}],"wp:attachment":[{"href":"https:\/\/grupo.us.es\/atlas\/index.php\/wp-json\/wp\/v2\/media?parent=340"}],"curies":[{"name":"wp","href":"https:\/\/api.w.org\/{rel}","templated":true}]}}