{"id":331,"date":"2013-04-24T11:27:24","date_gmt":"2013-04-24T11:27:24","guid":{"rendered":"http:\/\/grupo.us.es\/atlas\/?page_id=331"},"modified":"2025-07-31T21:28:05","modified_gmt":"2025-07-31T19:28:05","slug":"arqueologia-de-la-desigualdad-social","status":"publish","type":"page","link":"https:\/\/grupo.us.es\/atlas\/index.php\/temas\/arqueologia-de-la-desigualdad-social\/","title":{"rendered":"Arqueolog\u00eda de la desigualdad social"},"content":{"rendered":"\n<div class=\"wp-block-cover alignfull has-custom-content-position is-position-top-left\" style=\"margin-top:0;padding-top:5vw;padding-right:5vw;padding-bottom:5vw;padding-left:5vw;min-height:50vh;aspect-ratio:unset;\"><img loading=\"lazy\" decoding=\"async\" width=\"684\" height=\"912\" class=\"wp-block-cover__image-background wp-image-3016 size-full\" alt=\"\" src=\"https:\/\/grupo.us.es\/atlas\/wp-content\/uploads\/2022\/07\/IMG_20211218_140345_resized_20220703_122102789.jpg\" data-object-fit=\"cover\"\/><span aria-hidden=\"true\" class=\"wp-block-cover__background has-background-dim-60 has-background-dim\" style=\"background-color:#141414\"><\/span><div class=\"wp-block-cover__inner-container is-layout-constrained wp-container-core-cover-is-layout-832bbb0f wp-block-cover-is-layout-constrained\">\n<div class=\"wp-block-group wp-container-content-9cfa9a5a is-vertical is-nowrap is-layout-flex wp-container-core-group-is-layout-2890af74 wp-block-group-is-layout-flex\">\n<p class=\"has-text-align-left has-ast-global-color-4-color has-text-color has-source-serif-pro-font-family\" style=\"font-size:48px;font-style:italic;font-weight:900;letter-spacing:-1px;line-height:0.8;text-transform:none\">Arqueolog\u00eda de la desigualdad social<\/p>\n<\/div>\n<\/div><\/div>\n\n\n\n<div style=\"height:100px\" aria-hidden=\"true\" class=\"wp-block-spacer\"><\/div>\n\n\n\n<p>Una de las l\u00edneas de trabajo que venimos desarrollando se centra en el an\u00e1lisis de las formas de organizaci\u00f3n social que se desarrollan entre las sociedades de la Prehistoria Reciente (Neol\u00edtico, Edad del Cobre, Edad del Bronce) en el Sur de la Pen\u00ednsula Ib\u00e9rica. Esta l\u00ednea de investigaci\u00f3n conecta con la larga tradici\u00f3n intelectual de estudios antropol\u00f3gicos y arqueol\u00f3gicos que desde finales del siglo XIX ha perseguido entender la multiplicidad de formas de organizaci\u00f3n social humanas a lo largo de la Prehistoria y la Historia y, muy especialmente, las causas y procesos que, origin\u00e1ndose en la Prehistoria, conducen a las formas de organizaci\u00f3n m\u00e1s jerarquizadas y desigualitarias (esencialmente, los estados). Se trata de un campo de investigaci\u00f3n cient\u00edfica de gran complejidad, no solo por la naturaleza esencialmente multi-causal de los problemas tratados, sino por que en \u00e9l se encuentran y desaf\u00edan escuelas de pensamiento muy distintas. Los distintos enfoques resultantes han dado lugar a una amplia literatura, agrupable de forma gen\u00e9rica en temas estrechamente inter-conectados como la <a href=\"evolucion-social\/\" target=\"_blank\" rel=\"noreferrer noopener\">evoluci\u00f3n social<\/a>, el <a href=\"origen-del-estado\/\" target=\"_blank\" rel=\"noreferrer noopener\">origen del estado<\/a>, la <a href=\"los-modos-de-produccion-tributarios\/\" target=\"_blank\" rel=\"noreferrer noopener\">teor\u00eda de los modos de producci\u00f3n tributarios<\/a>, las <a href=\"sociedades-tribales\/\" target=\"_blank\" rel=\"noreferrer noopener\">sociedades tribales<\/a> y las <a href=\"jefaturas\/\" target=\"_blank\" rel=\"noreferrer noopener\">jefaturas<\/a>, o la <a href=\"sociedades-complejas-y-desigualdad-social\/\" target=\"_blank\" rel=\"noreferrer noopener\">complejidad y la desigualdad social<\/a>. Estos enfoques han encontrado su campo m\u00e1s f\u00e9rtil de aplicaci\u00f3n en la arqueolog\u00eda prehist\u00f3rica del <a href=\"continente-americano\/\" target=\"_blank\" rel=\"noreferrer noopener\">continente americano<\/a> y del <a href=\"viejo-mundo\/\" target=\"_blank\" rel=\"noreferrer noopener\">Viejo Mundo<\/a> (esencialmente Pr\u00f3ximo Oriente y Europa), aunque tambi\u00e9n se han publicado trabajos muy influyentes en relaci\u00f3n con las sociedades asi\u00e1ticas, oce\u00e1nicas o africanas.<\/p>\n\n\n\n<p>M\u00e1s espec\u00edficamente, esta l\u00ednea de trabajo se inserta en las investigaciones que desde finales de la d\u00e9cada de los 1970 se realizan en torno a las <a href=\"formas-de-organizacion-compleja-de-las-sociedades-del-neolitico-edad-del-cobre-y-edad-del-bronce-en-la-peninsula-iberica\/\" target=\"_blank\" rel=\"noreferrer noopener\">formas de organizaci\u00f3n compleja de las sociedades del Neol\u00edtico, Edad del Cobre y Edad del Bronce en la Pen\u00ednsula Ib\u00e9rica<\/a>. En relaci\u00f3n con este tema hemos abordado, en una serie de trabajos publicados en los \u00faltimos 12 a\u00f1os, distintos problemas en relaci\u00f3n con la desigualdad y la complejidad social entre las comunidades que ocuparon el Suroeste de la Pen\u00ednsula Ib\u00e9rica durante la Edad del Bronce y la Edad del Cobre. De entre ellos podemos citar el estudio de las din\u00e1micas de cambio y continuidad de ideolog\u00eda funeraria (Garc\u00eda Sanju\u00e1n, 2006) y los patrones de asentamiento (Garc\u00eda Sanju\u00e1n y Hurtado P\u00e9rez, 1998; 2004; Garc\u00eda Sanju\u00e1n y otros, 2006) en el amplio arco cronol\u00f3gico comprendido entre el III y II milenios cal ANE (Edad del Cobre y Edad del Bronce), la problem\u00e1tica de fen\u00f3meno campaniforme en la cuenca media del r\u00edo Guadiana (Hurtado P\u00e9rez, 2000; 2005; Kohring y otros, 2006), as\u00ed como la evaluaci\u00f3n multifactorial de los niveles de jerarquizaci\u00f3n y desigualdad en la Edad del Bronce Inicial (<em>c<\/em>. 2200-1550 cal ANE) (Garc\u00eda Sanju\u00e1n, 1999a; 1999b), con especial \u00e9nfasis en el an\u00e1lisis sociol\u00f3gico de las pr\u00e1cticas funerarias dentro del mismo periodo (Garc\u00eda Sanju\u00e1n, 1994; 1998; 2004).<\/p>\n\n\n\n<p><strong>2006:<\/strong> D\u00edaz del R\u00edo, P. y Garc\u00eda Sanju\u00e1n, L. (Editores) (2006): <em><a href=\"social-inequality-in-iberian-late-prehistory\/\" target=\"_blank\" rel=\"noreferrer noopener\">Social Inequality in Iberian Late Prehistory<\/a><\/em>. British Archaeological Reports International Series 1525. Oxford. Archaeopress<\/p>\n\n\n\n<p><strong>1999:<\/strong> Garc\u00eda Sanju\u00e1n, L. (1999): <em><a href=\"los-origenes-de-la-estratificacion-social-patrones-de-desigualdad-en-la-edad-del-bronce-del-suroeste-de-la-peninsula-iberica\/\" target=\"_blank\" rel=\"noreferrer noopener\">Los Or\u00edgenes de la Estratificaci\u00f3n Social. Patrones de Desigualdad en la Edad del Bronce del Suroeste de la Pen\u00ednsula Ib\u00e9rica(Sierra Morena Occidental c. 1700-1100 a.n.e.\/2100-1300 A.N.E.)<\/a><\/em>. British Archaeological Reports International Series 823 Oxford. Archaeopress<\/p>\n\n\n\n<p><strong>1998:<\/strong> Garc\u00eda Sanju\u00e1n, L. (Editor) (1998)<em>: <\/em><em><a href=\"https:\/\/alojamientos.us.es\/dpreyarq\/web\/spalmonografias1.htm\" target=\"_blank\" rel=\"noreferrer noopener\">La Traviesa. Ritual Funerario y Jerarquizaci\u00f3n Social en una Comunidad de la Edad del Bronce de Sierra Morena Occidental<\/a><\/em>. Spal Monograf\u00edas 1. Sevilla. Universidad de Sevilla.<\/p>\n\n\n\n<p><strong>2007:<\/strong> Khoring, S.; Odriozola Lloret, C. y Hurtado P\u00e9rez, V. (2007): \u00abMaterialising &#8216;complex&#8217; social relationships: technology, production and consumption in a Copper Age community\u00bb En Kohring, S &amp; Wynne-Jones, S. (editoras): <em>Socialising Complexity. Structure, Interaction and Power in Archaeological Discourse<\/em>, 100-117<em>. <\/em>Oxford. Oxbow<\/p>\n\n\n\n<p><strong>2006<\/strong>: Garc\u00eda Sanju\u00e1n, L. y D\u00edaz del R\u00edo, P. (2006): <a href=\"https:\/\/grupo.us.es\/atlas\/documentos\/articulos\/2006_BAR1525_1.pdf\" target=\"_blank\" rel=\"noreferrer noopener\">\u201cAdvances, problems and perspectives in the study of social inequality in Iberian Late Prehistory\u201d<\/a> En D\u00edaz del R\u00edo Espa\u00f1ol, P. y Garc\u00eda Sanju\u00e1n, L. (Editores): <em>Social Inequality in Iberian Late Prehistory<\/em>. British Archaeological Reports International Series 1525, 1-9. Oxford. Archaeopress<\/p>\n\n\n\n<p><strong>2006:<\/strong> Garc\u00eda Sanju\u00e1n, L. (2006): \u201c<a href=\"https:\/\/grupo.us.es\/atlas\/documentos\/articulos\/2006_BAR1525_2.pdf\" target=\"_blank\" rel=\"noreferrer noopener\">Funerary ideology and social inequality in the Late Prehistory of the Iberian South-west (c. 3300-850 cal BC)<\/a>\u201d En D\u00edaz del R\u00edo Espa\u00f1ol, P. y Garc\u00eda Sanju\u00e1n, L. (Editores): <em>Social Inequality in Iberian Late Prehistory<\/em>. British Archaeological Reports International Series 1525, 149-170. Oxford. Archaeopress<\/p>\n\n\n\n<p><strong>2005: <\/strong>Hurtado P\u00e9rez, V. (2005): \u00abThe Bell Beaker Culture in Extremadura. Assessment of socioeconomical change process in the Tagus and Guadiana middle basins.\u00bb En Rojo-Guerra, M. A.; Garrido Pena, R. y Garc\u00eda, I. (Eds.): <em>Bell Beakers in the Iberian Peninsula and Their European Context<\/em>, 337-350. Valladolid. Universidad de Valladolid<\/p>\n\n\n\n<p><strong>2004:<\/strong> Garc\u00eda Sanju\u00e1n, L. (2004): \u00abLa necr\u00f3polis de la Edad del Bronce de La Traviesa (Almad\u00e9n de la Plata, Sevilla). Nuevas evidencias funerarias para el an\u00e1lisis de los procesos de jerarquizaci\u00f3n social en la Prehistoria Reciente del Suroeste de la Pen\u00ednsula Ib\u00e9rica.\u00bb En Ferreira Bicho, N. y Filipe Oliveira, L. (Editores): <em>Actas do II Encontro de Arqueolog\u00eda do Sudoeste (Faro, 7-9 de Novembro de 1996).<\/em> P\u00e1ginas 51-72. Faro. Universidade do Algarve<\/p>\n\n\n\n<p><strong>2004:<\/strong> Garc\u00eda Sanju\u00e1n, L. y Hurtado P\u00e9rez, V.&nbsp; (2004): \u00abAn\u00e1lisis espacial de la din\u00e1mica de poblamiento en la Sierra de Huelva durante la Prehistoria Reciente (<em>c<\/em>. 2500-750 a.n.e.).\u00bb En Ferreira Bicho, N. y Filipe Oliveira, L. (Editores): <em>Actas do II Encontro de Arqueolog\u00eda do Sudoeste (Faro, 7-9 de Novembro de 1996).<\/em> P\u00e1ginas 25-32. Faro. Universidade do Algarve<\/p>\n\n\n\n<p><strong>2004:<\/strong> Hurtado P\u00e9rez, V. (2000): \u00abLos inicios de la complejizaci\u00f3n social y el Campaniforme en Extremadura.\u00bb <em>Spal<\/em><em>. Revista de Prehistoria y Arqueolog\u00eda<\/em> 8, 47-84.<\/p>\n\n\n\n<p><strong>1999:<\/strong> Garc\u00eda Sanju\u00e1n, L. (1999): \u201cExpressions of inequality. Settlement patterns, economy and social organisation in southwest Iberia Bronze Age (<em>c<\/em>. 1700-1100 BC).\u201d <em>Antiquity<\/em>72 (279), 337-351.<\/p>\n\n\n\n<p><strong>1998:<\/strong> Garc\u00eda Sanju\u00e1n, L. y Hurtado P\u00e9rez, V. (1998): \u201cLa din\u00e1mica de poblamiento en la estribaci\u00f3n occidental de Sierra Morena durante el II milenio a.n.e.\u201d En Garc\u00eda Sanjuan, L. (Ed.)<em>: <\/em><em>La Traviesa. Ritual<\/em><em> Funerario y&nbsp; Jerarquizaci\u00f3n Social en una Comunidad de <\/em><em>la Edad<\/em><em> del Bronce de Sierra Morena Occidental<\/em>. Spal Monograf\u00edas 1, 35-100. Sevilla. Universidad de Sevilla.<\/p>\n\n\n\n<p><strong>1997:<\/strong> Garc\u00eda Sanju\u00e1n, L. y Hurtado P\u00e9rez, V. (1997): <a href=\"los-inicios-de-la-jerarquizacion-social-en-el-suroeste-de-la-peninsula-iberica\/\" target=\"_blank\" rel=\"noreferrer noopener\">\u201cLos inicios de la jerarquizaci\u00f3n social en el Suroeste de la Pen\u00ednsula Ib\u00e9rica (c. 2500-1700 a.n.e.). Problemas conceptuales y emp\u00edrcos.\u201d <\/a><em>Saguntum<\/em> 30<em>. Homenatge a la Pra. Dra. Milagro Gil-Mascarell Bosc\u00e1<\/em>. Vol. II. <em>La Pen\u00ednsula Ib\u00e9rica entre el Calcol\u00edtico y la Edad del Bronce<\/em>, 135-152. Valencia. Universidad de Valencia<\/p>\n\n\n\n<p><strong>1994:<\/strong> Garc\u00eda Sanju\u00e1n, L. (1994): \u00abRegistro funerario y relaciones sociales en el SO (1500-1100 a.n.e.): indicadores estad\u00edsticos preliminares.\u00bb En Campos Carrasco, J.; P\u00e9rez Mac\u00edas, J. A. y G\u00f3mez Toscano, F. (Eds.): <em>Arqueolog\u00eda en el Entorno del Bajo Guadiana. Actas del Encuentro Internacional de Arqueolog\u00eda del Suroeste (Huelva, Marzo 1993)<\/em>, 209-238. Huelva. Universidad de Huelva<\/p>\n\n\n\n<div style=\"height:62px\" aria-hidden=\"true\" class=\"wp-block-spacer\"><\/div>\n","protected":false},"excerpt":{"rendered":"<p>Una de las l\u00edneas de trabajo que venimos desarrollando se centra en el an\u00e1lisis de las formas de organizaci\u00f3n social [&hellip;]<\/p>\n","protected":false},"author":1,"featured_media":0,"parent":20,"menu_order":1,"comment_status":"closed","ping_status":"open","template":"","meta":{"_uag_custom_page_level_css":"","site-sidebar-layout":"default","site-content-layout":"","ast-site-content-layout":"default","site-content-style":"default","site-sidebar-style":"default","ast-global-header-display":"","ast-banner-title-visibility":"","ast-main-header-display":"","ast-hfb-above-header-display":"","ast-hfb-below-header-display":"","ast-hfb-mobile-header-display":"","site-post-title":"disabled","ast-breadcrumbs-content":"","ast-featured-img":"","footer-sml-layout":"","theme-transparent-header-meta":"","adv-header-id-meta":"","stick-header-meta":"","header-above-stick-meta":"","header-main-stick-meta":"","header-below-stick-meta":"","astra-migrate-meta-layouts":"default","ast-page-background-enabled":"default","ast-page-background-meta":{"desktop":{"background-color":"var(--ast-global-color-5)","background-image":"","background-repeat":"repeat","background-position":"center center","background-size":"auto","background-attachment":"scroll","background-type":"","background-media":"","overlay-type":"","overlay-color":"","overlay-opacity":"","overlay-gradient":""},"tablet":{"background-color":"","background-image":"","background-repeat":"repeat","background-position":"center center","background-size":"auto","background-attachment":"scroll","background-type":"","background-media":"","overlay-type":"","overlay-color":"","overlay-opacity":"","overlay-gradient":""},"mobile":{"background-color":"","background-image":"","background-repeat":"repeat","background-position":"center center","background-size":"auto","background-attachment":"scroll","background-type":"","background-media":"","overlay-type":"","overlay-color":"","overlay-opacity":"","overlay-gradient":""}},"ast-content-background-meta":{"desktop":{"background-color":"var(--ast-global-color-4)","background-image":"","background-repeat":"repeat","background-position":"center center","background-size":"auto","background-attachment":"scroll","background-type":"","background-media":"","overlay-type":"","overlay-color":"","overlay-opacity":"","overlay-gradient":""},"tablet":{"background-color":"var(--ast-global-color-4)","background-image":"","background-repeat":"repeat","background-position":"center center","background-size":"auto","background-attachment":"scroll","background-type":"","background-media":"","overlay-type":"","overlay-color":"","overlay-opacity":"","overlay-gradient":""},"mobile":{"background-color":"var(--ast-global-color-4)","background-image":"","background-repeat":"repeat","background-position":"center center","background-size":"auto","background-attachment":"scroll","background-type":"","background-media":"","overlay-type":"","overlay-color":"","overlay-opacity":"","overlay-gradient":""}},"footnotes":""},"class_list":["post-331","page","type-page","status-publish","hentry"],"uagb_featured_image_src":{"full":false,"thumbnail":false,"medium":false,"medium_large":false,"large":false,"1536x1536":false,"2048x2048":false},"uagb_author_info":{"display_name":"adminATLAS","author_link":"https:\/\/grupo.us.es\/atlas\/index.php\/author\/adminatlas\/"},"uagb_comment_info":0,"uagb_excerpt":"Una de las l\u00edneas de trabajo que venimos desarrollando se centra en el an\u00e1lisis de las formas de organizaci\u00f3n social [&hellip;]","_links":{"self":[{"href":"https:\/\/grupo.us.es\/atlas\/index.php\/wp-json\/wp\/v2\/pages\/331","targetHints":{"allow":["GET"]}}],"collection":[{"href":"https:\/\/grupo.us.es\/atlas\/index.php\/wp-json\/wp\/v2\/pages"}],"about":[{"href":"https:\/\/grupo.us.es\/atlas\/index.php\/wp-json\/wp\/v2\/types\/page"}],"author":[{"embeddable":true,"href":"https:\/\/grupo.us.es\/atlas\/index.php\/wp-json\/wp\/v2\/users\/1"}],"replies":[{"embeddable":true,"href":"https:\/\/grupo.us.es\/atlas\/index.php\/wp-json\/wp\/v2\/comments?post=331"}],"version-history":[{"count":6,"href":"https:\/\/grupo.us.es\/atlas\/index.php\/wp-json\/wp\/v2\/pages\/331\/revisions"}],"predecessor-version":[{"id":5147,"href":"https:\/\/grupo.us.es\/atlas\/index.php\/wp-json\/wp\/v2\/pages\/331\/revisions\/5147"}],"up":[{"embeddable":true,"href":"https:\/\/grupo.us.es\/atlas\/index.php\/wp-json\/wp\/v2\/pages\/20"}],"wp:attachment":[{"href":"https:\/\/grupo.us.es\/atlas\/index.php\/wp-json\/wp\/v2\/media?parent=331"}],"curies":[{"name":"wp","href":"https:\/\/api.w.org\/{rel}","templated":true}]}}