{"id":3043,"date":"2022-07-22T12:43:28","date_gmt":"2022-07-22T12:43:28","guid":{"rendered":"http:\/\/grupo.us.es\/atlas\/?page_id=3043"},"modified":"2025-09-19T17:49:27","modified_gmt":"2025-09-19T15:49:27","slug":"aline-lara-galicia","status":"publish","type":"page","link":"https:\/\/grupo.us.es\/atlas\/index.php\/aline-lara-galicia\/","title":{"rendered":"Aline Lara Galicia"},"content":{"rendered":"\n<figure class=\"wp-block-image size-full\"><img loading=\"lazy\" decoding=\"async\" width=\"150\" height=\"150\" src=\"https:\/\/grupo.us.es\/atlas\/wp-content\/uploads\/2025\/08\/Diseno-sin-titulo-1-150x150-1.jpg\" alt=\"\" class=\"wp-image-5279\"\/><\/figure>\n\n\n\n<p>Titulaci\u00f3n<\/p>\n\n\n\n<p>Doctora en Arqueolog\u00eda por Escuela Nacional de Antropolog\u00eda e Historia.<\/p>\n\n\n\n<p>Doctora en Historia y civilizaciones por la \u00c9cole des Hautes \u00c9tudes en Sciences Sociales.<\/p>\n\n\n\n<p>Biograf\u00eda<\/p>\n\n\n\n<p>Aline Lara Galicia se licenci\u00f3 en Arqueolog\u00eda por la Escuela Nacional de Antropolog\u00eda en M\u00e9xico (ENAH). Posteriormente continuo sus estudios en esta misma instituci\u00f3n con el trabajo de maestr\u00eda \u201cLa filosof\u00eda del espacio y el tiempo\u201d dirigido por el Prof. de Investigaci\u00f3n Fernando L\u00f3pez Aguilar. Entre 2008 y 2012 recibi\u00f3 una beca predoctoral por el Consejo Nacional de Ciencia y Tecnolog\u00eda para el posgrado de Arqueolog\u00eda de la ENAH . Se doctor\u00f3 en Arqueolog\u00eda en marzo del 2014 con la Tesis \u201cLas firmas fractales en las manifestaciones rupestres del Valle del Mezquital, Hidalgo, M\u00e9xico\u201d dirigida por el Prof. Fernando L\u00f3pez Aguilar. Obtuvo una beca de posgrado del Ministere de l\u2019Europe et Affaires Etrangeres de Francia para cursar en el Centre de Recherche de l\u2019Am\u00e9rique Pr\u00e9hispanique (CeRAP) de la \u00c9cole des Hautes \u00c9tudes en Sciences Sociales (EHESS). Se doctor\u00f3 Historia y civilizaciones realizando la Tesis \u201cXiuhpoualli: le calendrier m\u00e9soam\u00e9ricain dans les manifestations Rupestres de la Vall\u00e9e du Mezquital, Hidalgo, Mexique, dirigido por el Prof. Christian Duverger de la EHESS.<\/p>\n\n\n\n<p>L\u00ednea de Investigaci\u00f3n<\/p>\n\n\n\n<p>Su l\u00ednea de investigaci\u00f3n se centra en el estudio de la escritura en el arte rupestre mesoamericano y su relaci\u00f3n con el paisaje sagrado, haciendo hincapi\u00e9 especialmente en la etapa del Poscl\u00e1sico del centro de Mexico. As\u00ed como la b\u00fasqueda de huellas y t\u00e9cnicas en pintura y grabados rupestres. Para ello, lleva a cabo an\u00e1lisis por software matem\u00e1ticos&nbsp; y algoritmos fractales.<\/p>\n\n\n\n<p>Dedicaci\u00f3n actual<\/p>\n\n\n\n<p>Investigadora colaboradora Proyecto&nbsp;Investigaci\u00f3n para la Conservaci\u00f3n del Qhapaq \u00d1an, Patrimonio Mundial II.&nbsp;Argentina (2024-2027).<\/p>\n\n\n\n<p>Investigadora del Sistema Nacional de Investigadores. SNI- CONACYT (M\u00e9xico). Nivel\u00a0 1 (2023-2027).<\/p>\n\n\n\n<p>Investigadora Posdoctoral del Proyecto Hormiguero, M\u00e9xico (2024-2025)<\/p>\n\n\n\n<p>Investigadora Cualificada Mar\u00eda Zambrano. Departamento de Prehistoria y Arqueolog\u00eda. Universidad de Sevilla (2022-2024).<\/p>\n\n\n\n<p>Publicaciones m\u00e1s relevantes<\/p>\n\n\n\n<p>1. Lara Galicia, A. y Lagunas Arias, D. (2021): \u201cLe syst\u00e8me culturel otom\u00ed-h\u00f1\u00e4h\u00f1u et m\u00e9soamericaine \u00e0 travers l\u2019art rupestre de la Vall\u00e9e du Mezquital, Mexique\u201d<\/p>\n\n\n\n<p>2. Lara Galicia, A. (2021): Manifestaciones rupestres en Am\u00e9rica Latina. IEAL-Universidad de Sevilla.<\/p>\n\n\n\n<p>3. Lara Galicia, A. (2021): \u201cLa iconograf\u00eda militar rupestre como representaci\u00f3n de identidad\u201d Manifestaciones rupestres en Am\u00e9rica Latina<\/p>\n\n\n\n<p>4. Lara Galicia, A. (2019): Las manifestaciones rupestres en M\u00e9xico. Universidad Pablo de Olavide<\/p>\n\n\n\n<p>5. Lara Galicia, A. y Lagunas Arias, D (2016): Signatures Fractales et Peintures Rupestres Ethnomath\u00e9matiques m\u00e9soam\u00e9ricaines<\/p>\n\n\n\n<p>Otros perfiles<\/p>\n\n\n\n<p><a href=\"https:\/\/us.academia.edu\/LeonardoGarc%C3%ADaSanju%C3%A1n\" target=\"_blank\" rel=\"noreferrer noopener\"><\/a>&nbsp;<a href=\"https:\/\/us.academia.edu\/AlineLaraGalicia\">Academia Edu<\/a><\/p>\n\n\n\n<p><a href=\"https:\/\/redrupestreiberoam.wixsite.com\/reiimar\/projects-3\">Red Iberoamericana Investigaci\u00f3n Rupestre&nbsp;<\/a><\/p>\n\n\n\n<p><\/p>\n","protected":false},"excerpt":{"rendered":"<p>Titulaci\u00f3n Doctora en Arqueolog\u00eda por Escuela Nacional de Antropolog\u00eda e Historia. Doctora en Historia y civilizaciones por la \u00c9cole des [&hellip;]<\/p>\n","protected":false},"author":0,"featured_media":0,"parent":0,"menu_order":0,"comment_status":"closed","ping_status":"closed","template":"","meta":{"_uag_custom_page_level_css":"","site-sidebar-layout":"default","site-content-layout":"","ast-site-content-layout":"default","site-content-style":"default","site-sidebar-style":"default","ast-global-header-display":"","ast-banner-title-visibility":"","ast-main-header-display":"","ast-hfb-above-header-display":"","ast-hfb-below-header-display":"","ast-hfb-mobile-header-display":"","site-post-title":"","ast-breadcrumbs-content":"","ast-featured-img":"","footer-sml-layout":"","theme-transparent-header-meta":"","adv-header-id-meta":"","stick-header-meta":"","header-above-stick-meta":"","header-main-stick-meta":"","header-below-stick-meta":"","astra-migrate-meta-layouts":"default","ast-page-background-enabled":"default","ast-page-background-meta":{"desktop":{"background-color":"var(--ast-global-color-5)","background-image":"","background-repeat":"repeat","background-position":"center center","background-size":"auto","background-attachment":"scroll","background-type":"","background-media":"","overlay-type":"","overlay-color":"","overlay-opacity":"","overlay-gradient":""},"tablet":{"background-color":"","background-image":"","background-repeat":"repeat","background-position":"center center","background-size":"auto","background-attachment":"scroll","background-type":"","background-media":"","overlay-type":"","overlay-color":"","overlay-opacity":"","overlay-gradient":""},"mobile":{"background-color":"","background-image":"","background-repeat":"repeat","background-position":"center center","background-size":"auto","background-attachment":"scroll","background-type":"","background-media":"","overlay-type":"","overlay-color":"","overlay-opacity":"","overlay-gradient":""}},"ast-content-background-meta":{"desktop":{"background-color":"var(--ast-global-color-4)","background-image":"","background-repeat":"repeat","background-position":"center center","background-size":"auto","background-attachment":"scroll","background-type":"","background-media":"","overlay-type":"","overlay-color":"","overlay-opacity":"","overlay-gradient":""},"tablet":{"background-color":"var(--ast-global-color-4)","background-image":"","background-repeat":"repeat","background-position":"center center","background-size":"auto","background-attachment":"scroll","background-type":"","background-media":"","overlay-type":"","overlay-color":"","overlay-opacity":"","overlay-gradient":""},"mobile":{"background-color":"var(--ast-global-color-4)","background-image":"","background-repeat":"repeat","background-position":"center center","background-size":"auto","background-attachment":"scroll","background-type":"","background-media":"","overlay-type":"","overlay-color":"","overlay-opacity":"","overlay-gradient":""}},"footnotes":""},"class_list":["post-3043","page","type-page","status-publish","hentry"],"uagb_featured_image_src":{"full":false,"thumbnail":false,"medium":false,"medium_large":false,"large":false,"1536x1536":false,"2048x2048":false},"uagb_author_info":{"display_name":"","author_link":"https:\/\/grupo.us.es\/atlas\/index.php\/author\/"},"uagb_comment_info":0,"uagb_excerpt":"Titulaci\u00f3n Doctora en Arqueolog\u00eda por Escuela Nacional de Antropolog\u00eda e Historia. Doctora en Historia y civilizaciones por la \u00c9cole des [&hellip;]","_links":{"self":[{"href":"https:\/\/grupo.us.es\/atlas\/index.php\/wp-json\/wp\/v2\/pages\/3043","targetHints":{"allow":["GET"]}}],"collection":[{"href":"https:\/\/grupo.us.es\/atlas\/index.php\/wp-json\/wp\/v2\/pages"}],"about":[{"href":"https:\/\/grupo.us.es\/atlas\/index.php\/wp-json\/wp\/v2\/types\/page"}],"replies":[{"embeddable":true,"href":"https:\/\/grupo.us.es\/atlas\/index.php\/wp-json\/wp\/v2\/comments?post=3043"}],"version-history":[{"count":3,"href":"https:\/\/grupo.us.es\/atlas\/index.php\/wp-json\/wp\/v2\/pages\/3043\/revisions"}],"predecessor-version":[{"id":5512,"href":"https:\/\/grupo.us.es\/atlas\/index.php\/wp-json\/wp\/v2\/pages\/3043\/revisions\/5512"}],"wp:attachment":[{"href":"https:\/\/grupo.us.es\/atlas\/index.php\/wp-json\/wp\/v2\/media?parent=3043"}],"curies":[{"name":"wp","href":"https:\/\/api.w.org\/{rel}","templated":true}]}}