{"id":3006,"date":"2022-07-15T10:10:11","date_gmt":"2022-07-15T10:10:11","guid":{"rendered":"http:\/\/grupo.us.es\/atlas\/?page_id=3006"},"modified":"2025-07-16T14:13:22","modified_gmt":"2025-07-16T12:13:22","slug":"divulgacion-cientifica","status":"publish","type":"page","link":"https:\/\/grupo.us.es\/atlas\/index.php\/divulgacion-cientifica\/","title":{"rendered":"Divulgaci\u00f3n Cient\u00edfica"},"content":{"rendered":"\n<div class=\"wp-block-cover alignfull has-custom-content-position is-position-top-center\" style=\"margin-top:0;padding-top:5vw;padding-right:5vw;padding-bottom:5vw;padding-left:5vw\"><span aria-hidden=\"true\" class=\"wp-block-cover__background has-ast-global-color-1-background-color has-background-dim-100 has-background-dim\"><\/span><div class=\"wp-block-cover__inner-container is-layout-flow wp-block-cover-is-layout-flow\">\n<div class=\"wp-block-group is-content-justification-space-between is-layout-flex wp-container-core-group-is-layout-495512eb wp-block-group-is-layout-flex\">\n<div class=\"wp-block-cover has-custom-content-position is-position-top-right wp-container-content-ceb7f5b3 wp-duotone-grayscale\" style=\"padding-top:4vw;padding-right:4vw;padding-bottom:4vw;padding-left:4vw;min-height:75vh;aspect-ratio:unset;\"><img loading=\"lazy\" decoding=\"async\" width=\"800\" height=\"800\" class=\"wp-block-cover__image-background wp-image-4748 size-full\" alt=\"\" src=\"https:\/\/grupo.us.es\/atlas\/wp-content\/uploads\/2025\/07\/7.png\" data-object-fit=\"cover\" srcset=\"https:\/\/grupo.us.es\/atlas\/wp-content\/uploads\/2025\/07\/7.png 800w, https:\/\/grupo.us.es\/atlas\/wp-content\/uploads\/2025\/07\/7-300x300.png 300w, https:\/\/grupo.us.es\/atlas\/wp-content\/uploads\/2025\/07\/7-150x150.png 150w, https:\/\/grupo.us.es\/atlas\/wp-content\/uploads\/2025\/07\/7-768x768.png 768w\" sizes=\"auto, (max-width: 800px) 100vw, 800px\" \/><span aria-hidden=\"true\" class=\"wp-block-cover__background has-ast-global-color-1-background-color has-background-dim\"><\/span><div class=\"wp-block-cover__inner-container is-layout-flow wp-block-cover-is-layout-flow\">\n<div class=\"wp-block-group is-vertical is-content-justification-right is-nowrap is-layout-flex wp-container-core-group-is-layout-67854338 wp-block-group-is-layout-flex\">\n<p class=\"has-ast-global-color-4-color has-text-color\" style=\"font-size:76px;font-style:normal;font-weight:800;letter-spacing:-2px;line-height:0.8;text-transform:uppercase\">DIVULGACI\u00d3N<\/p>\n\n\n\n<p class=\"has-ast-global-color-4-color has-text-color\" style=\"font-size:69px;font-style:normal;font-weight:800;letter-spacing:-2px;line-height:1.2;text-transform:uppercase\">CIENT\u00cdFICA<\/p>\n\n\n\n<p class=\"has-text-align-center has-text-color\" style=\"color:#e59937;font-size:90px;font-style:normal;font-weight:800;letter-spacing:0px;line-height:1;text-transform:uppercase\"><\/p>\n<\/div>\n<\/div><\/div>\n\n\n\n<div class=\"wp-block-group wp-container-content-d387280b is-vertical is-content-justification-center is-nowrap is-layout-flex wp-container-core-group-is-layout-6b4ff5a7 wp-block-group-is-layout-flex\">\n<p class=\"has-ast-global-color-4-color has-text-color\" style=\"font-size:18px;font-style:normal;font-weight:400;letter-spacing:0px;line-height:1.7\">En los \u00faltimos a\u00f1os el Grupo de Investigaci\u00f3n ATLAS ha realizado actividades l\u00fadicas-cient\u00edficas durante la <a href=\"https:\/\/lanochedelosinvestigadores.fundaciondescubre.es\/\">Noche de los Investigadores<\/a> (European Researchers&#8217; Night) que tienen el objetivo de acercar nuestra investigaci\u00f3n a la ciudadan\u00eda. As\u00ed tambi\u00e9n, hemos participado y creado documentales cient\u00edficos y conferencias online para el p\u00fablico en general.<\/p>\n\n\n\n<p class=\"has-text-color\" style=\"color:#e59937;font-size:18px;font-style:normal;font-weight:400;letter-spacing:0px;line-height:1.7\"><\/p>\n\n\n\n<div class=\"wp-block-buttons is-content-justification-center is-nowrap is-layout-flex wp-container-core-buttons-is-layout-23441af8 wp-block-buttons-is-layout-flex\">\n<div class=\"wp-block-button is-style-outline is-style-outline--1\"><a class=\"wp-block-button__link has-ast-global-color-4-color has-ast-global-color-0-background-color has-text-color has-background has-custom-font-size wp-element-button\" style=\"border-radius:30px;padding-top:16px;padding-right:32px;padding-bottom:16px;padding-left:32px;font-size:16px;font-style:normal;font-weight:700;letter-spacing:0px;text-transform:uppercase\">LEER MAS NOTICIAS<\/a><\/div>\n<\/div>\n\n\n\n<div style=\"height:0px\" aria-hidden=\"true\" class=\"wp-block-spacer wp-container-content-85b6a097\"><\/div>\n<\/div>\n<\/div>\n<\/div><\/div>\n\n\n\n<p><\/p>\n","protected":false},"excerpt":{"rendered":"","protected":false},"author":0,"featured_media":0,"parent":0,"menu_order":0,"comment_status":"closed","ping_status":"closed","template":"","meta":{"_uag_custom_page_level_css":"","site-sidebar-layout":"default","site-content-layout":"","ast-site-content-layout":"default","site-content-style":"default","site-sidebar-style":"default","ast-global-header-display":"","ast-banner-title-visibility":"","ast-main-header-display":"","ast-hfb-above-header-display":"","ast-hfb-below-header-display":"","ast-hfb-mobile-header-display":"","site-post-title":"disabled","ast-breadcrumbs-content":"","ast-featured-img":"","footer-sml-layout":"","theme-transparent-header-meta":"","adv-header-id-meta":"","stick-header-meta":"","header-above-stick-meta":"","header-main-stick-meta":"","header-below-stick-meta":"","astra-migrate-meta-layouts":"default","ast-page-background-enabled":"default","ast-page-background-meta":{"desktop":{"background-color":"var(--ast-global-color-5)","background-image":"","background-repeat":"repeat","background-position":"center center","background-size":"auto","background-attachment":"scroll","background-type":"","background-media":"","overlay-type":"","overlay-color":"","overlay-opacity":"","overlay-gradient":""},"tablet":{"background-color":"","background-image":"","background-repeat":"repeat","background-position":"center center","background-size":"auto","background-attachment":"scroll","background-type":"","background-media":"","overlay-type":"","overlay-color":"","overlay-opacity":"","overlay-gradient":""},"mobile":{"background-color":"","background-image":"","background-repeat":"repeat","background-position":"center center","background-size":"auto","background-attachment":"scroll","background-type":"","background-media":"","overlay-type":"","overlay-color":"","overlay-opacity":"","overlay-gradient":""}},"ast-content-background-meta":{"desktop":{"background-color":"var(--ast-global-color-4)","background-image":"","background-repeat":"repeat","background-position":"center center","background-size":"auto","background-attachment":"scroll","background-type":"","background-media":"","overlay-type":"","overlay-color":"","overlay-opacity":"","overlay-gradient":""},"tablet":{"background-color":"var(--ast-global-color-4)","background-image":"","background-repeat":"repeat","background-position":"center center","background-size":"auto","background-attachment":"scroll","background-type":"","background-media":"","overlay-type":"","overlay-color":"","overlay-opacity":"","overlay-gradient":""},"mobile":{"background-color":"var(--ast-global-color-4)","background-image":"","background-repeat":"repeat","background-position":"center center","background-size":"auto","background-attachment":"scroll","background-type":"","background-media":"","overlay-type":"","overlay-color":"","overlay-opacity":"","overlay-gradient":""}},"footnotes":""},"class_list":["post-3006","page","type-page","status-publish","hentry"],"uagb_featured_image_src":{"full":false,"thumbnail":false,"medium":false,"medium_large":false,"large":false,"1536x1536":false,"2048x2048":false},"uagb_author_info":{"display_name":"","author_link":"https:\/\/grupo.us.es\/atlas\/index.php\/author\/"},"uagb_comment_info":0,"uagb_excerpt":null,"_links":{"self":[{"href":"https:\/\/grupo.us.es\/atlas\/index.php\/wp-json\/wp\/v2\/pages\/3006","targetHints":{"allow":["GET"]}}],"collection":[{"href":"https:\/\/grupo.us.es\/atlas\/index.php\/wp-json\/wp\/v2\/pages"}],"about":[{"href":"https:\/\/grupo.us.es\/atlas\/index.php\/wp-json\/wp\/v2\/types\/page"}],"replies":[{"embeddable":true,"href":"https:\/\/grupo.us.es\/atlas\/index.php\/wp-json\/wp\/v2\/comments?post=3006"}],"version-history":[{"count":2,"href":"https:\/\/grupo.us.es\/atlas\/index.php\/wp-json\/wp\/v2\/pages\/3006\/revisions"}],"predecessor-version":[{"id":4937,"href":"https:\/\/grupo.us.es\/atlas\/index.php\/wp-json\/wp\/v2\/pages\/3006\/revisions\/4937"}],"wp:attachment":[{"href":"https:\/\/grupo.us.es\/atlas\/index.php\/wp-json\/wp\/v2\/media?parent=3006"}],"curies":[{"name":"wp","href":"https:\/\/api.w.org\/{rel}","templated":true}]}}