{"id":2911,"date":"2020-06-15T09:18:44","date_gmt":"2020-06-15T09:18:44","guid":{"rendered":"http:\/\/grupo.us.es\/atlas\/?page_id=2911"},"modified":"2025-08-26T13:18:08","modified_gmt":"2025-08-26T11:18:08","slug":"laszlo-halmos","status":"publish","type":"page","link":"https:\/\/grupo.us.es\/atlas\/index.php\/descripcion\/integrantes\/laszlo-halmos\/","title":{"rendered":"L\u00e1szl\u00f3 Halmos"},"content":{"rendered":"\n<p>Titulaci\u00f3n<\/p>\n\n\n\n<figure class=\"wp-block-image size-full is-resized\"><img loading=\"lazy\" decoding=\"async\" width=\"2142\" height=\"2161\" src=\"https:\/\/grupo.us.es\/atlas\/wp-content\/uploads\/2020\/06\/laszlo.jpg\" alt=\"\" class=\"wp-image-2912\" style=\"width:150px\"\/><\/figure>\n\n\n\n<p>Licenciado en Geolog\u00eda, Universidad de Szeged. M\u00e1ster en Arqueolog\u00eda, Universidad de Sevilla.<\/p>\n\n\n\n<p>Biograf\u00eda<\/p>\n\n\n\n<p>L\u00e1szl\u00f3 Halmos se licenci\u00f3 en Geolog\u00eda en 2011 por la Universidad Szeged (Hungr\u00eda), donde adquiri\u00f3 experiencia laboral como t\u00e9cnico de laboratorio en el departamento de Mineralog\u00eda, Geoqu\u00edmica y Petrolog\u00eda. Seguidamente, fue candidato a PhD en Geoqu\u00edmica entre 2011 y 2015 en la misma universidad. Posteriormente, ejerci\u00f3 como ge\u00f3logo gerente de proyectos de ingenier\u00eda en Budapest. Entre 2017 y 2018 particip\u00f3 en el proyecto europeo Biomulch en Huelva, a trav\u00e9s de ADESVA Centro Tecnol\u00f3gico de la Agroindustria. En 2019 finaliz\u00f3 el M\u00e1ster de Arqueolog\u00eda de la Universidad de Sevilla, aplicando su formaci\u00f3n como ge\u00f3logo a la prehistoria peninsular.<\/p>\n\n\n\n<p>L\u00edneas de investigaci\u00f3n<\/p>\n\n\n\n<p>Como investigador desarrolla su principal l\u00ednea de investigaci\u00f3n aplicando sus conocimientos en geolog\u00eda al estudio de los materiales l\u00edticos de contextos arqueol\u00f3gicos de la Prehistoria Reciente Peninsular.<\/p>\n\n\n\n<p>Dedicaci\u00f3n actual<\/p>\n\n\n\n<p>Actualmente ejerce como ge\u00f3logo de campo en Sevilla.<\/p>\n\n\n\n<p>Publicaciones m\u00e1s relevantes<\/p>\n\n\n\n<ol class=\"wp-block-list\">\n<li>Mart\u00ednez-Sevilla, F.; Garc\u00eda-Sanju\u00e1n, L.; Lozano Rodr\u00edguez, J.; Jim\u00e9nez, T.; Rebollar, M.; Wheatley, D.; Rodr\u00edguez-Rell\u00e1n, C.; Escamilla, C.; Halmos, L. (2019): The finest green: The Iron Age quartz prase monocrystal from the Palacio III megalithic complex (Seville, Spain).<\/li>\n\n\n\n<li>Halmos, L,; Bozs\u00f3, G.; P\u00e1l-Moln\u00e1r, E. (2015): Adsorption properties of Ni, Cu, and Zn in young alkaline lake sediments in Southern Hungary (Lake Feh\u00e9r, Szeged). SOIL AND WATER RESEARCH 10:(4) pp. 244-251.<\/li>\n\n\n\n<li>Halmos, L.; Bozs\u00f3, G.; P\u00e1l-Moln\u00e1r, E. (2014): Changes of pH and EC in alkaline sediments in the context of water content, southern Hungary ACTA MINERALOGICA PETROGRAPHICA \u2013 ABSTRACT SERIES 8: p. 39. 5th International Students Geological Conference. Budapest, Magyarorsz\u00e1g: 2014.04.24 -2014.04.27.<\/li>\n\n\n\n<li>Halmos, L.; Bozs\u00f3, G.; P\u00e1l-Moln\u00e1r, E. (2014): ALKALINE LAKE SYSTEM IN DANUBE AND TISZA INTERFLUVE (SZEGED, HU) \u2013 CLIMATE CHANGE AND LANDSCAPE DEGRADATION VISEGRAD JOURNAL ON BIOECONOMY AND SUSTAINABLE DEVELOPMENT 3:(2) pp. 77-81.<\/li>\n\n\n\n<li>Halmos, L.; Bozs\u00f3, G.; P\u00e1l-Moln\u00e1r, E. (2013): PERIODICAL ALTERING OF pH AND EC IN SALINE LAKE SEDIMENTS, SOUTHERN HUNGARY In: Zolt\u00e1n Galb\u00e1cs (szerk.) Proceedings of the 19th International Symposium on Analytical and Environmental Problems. 327 p. Konferencia helye, ideje: Szeged, Magyarorsz\u00e1g, 2013.09.23 Szeged: MTA SZAB, 2013. pp. 201-204. (ISBN:978-963-315-141-9)<\/li>\n\n\n\n<li>Halmos, L.; Bozs\u00f3, G.; P\u00e1l-Moln\u00e1r, E. (2015): A szegedi Feh\u00e9r-t\u00f3 szikes \u00fcled\u00e9keinek \u00e9vszakos geok\u00e9miai v\u00e1ltoz\u00e1sai (The seasonal geochemical altering of the sediments of the Lake Feh\u00e9r at Szeged). In: P\u00e1l-Moln\u00e1r E, Raucsik B, Varga A (szerk.) Meddig \u00e9r a takar\u00f3nk? A magmak\u00e9pz\u0151d\u00e9st\u0151l a region\u00e1lis litoszf\u00e9ra form\u00e1l\u00f3 folyamatokig: 6. K\u0151zettani \u00e9s geok\u00e9miai v\u00e1ndorgy\u0171l\u00e9s. 149 p. Konferencia helye, ideje: \u00d3p\u00e1los (Paulis), Rom\u00e1nia, 2015.09.10-2015.09.12. Szeged: SZTE TTIK \u00c1sv\u00e1nytani, Geok\u00e9miai \u00e9s K\u0151zettani Tansz\u00e9k, 2015. pp. 60-63. (ISBN:978-963-306-389-7)<\/li>\n<\/ol>\n\n\n\n<p>Otros perfiles<\/p>\n\n\n\n<p><a href=\"https:\/\/us.academia.edu\/L%C3%A1szl%C3%B3Halmos\" target=\"_blank\" rel=\"noreferrer noopener\">Perfil en Academia.edu<\/a><\/p>\n","protected":false},"excerpt":{"rendered":"<p>Titulaci\u00f3n Licenciado en Geolog\u00eda, Universidad de Szeged. M\u00e1ster en Arqueolog\u00eda, Universidad de Sevilla. Biograf\u00eda L\u00e1szl\u00f3 Halmos se licenci\u00f3 en Geolog\u00eda [&hellip;]<\/p>\n","protected":false},"author":0,"featured_media":0,"parent":790,"menu_order":0,"comment_status":"closed","ping_status":"closed","template":"","meta":{"_uag_custom_page_level_css":"","site-sidebar-layout":"default","site-content-layout":"","ast-site-content-layout":"default","site-content-style":"default","site-sidebar-style":"default","ast-global-header-display":"","ast-banner-title-visibility":"","ast-main-header-display":"","ast-hfb-above-header-display":"","ast-hfb-below-header-display":"","ast-hfb-mobile-header-display":"","site-post-title":"","ast-breadcrumbs-content":"","ast-featured-img":"","footer-sml-layout":"","theme-transparent-header-meta":"","adv-header-id-meta":"","stick-header-meta":"","header-above-stick-meta":"","header-main-stick-meta":"","header-below-stick-meta":"","astra-migrate-meta-layouts":"default","ast-page-background-enabled":"default","ast-page-background-meta":{"desktop":{"background-color":"var(--ast-global-color-5)","background-image":"","background-repeat":"repeat","background-position":"center center","background-size":"auto","background-attachment":"scroll","background-type":"","background-media":"","overlay-type":"","overlay-color":"","overlay-opacity":"","overlay-gradient":""},"tablet":{"background-color":"","background-image":"","background-repeat":"repeat","background-position":"center center","background-size":"auto","background-attachment":"scroll","background-type":"","background-media":"","overlay-type":"","overlay-color":"","overlay-opacity":"","overlay-gradient":""},"mobile":{"background-color":"","background-image":"","background-repeat":"repeat","background-position":"center center","background-size":"auto","background-attachment":"scroll","background-type":"","background-media":"","overlay-type":"","overlay-color":"","overlay-opacity":"","overlay-gradient":""}},"ast-content-background-meta":{"desktop":{"background-color":"var(--ast-global-color-4)","background-image":"","background-repeat":"repeat","background-position":"center center","background-size":"auto","background-attachment":"scroll","background-type":"","background-media":"","overlay-type":"","overlay-color":"","overlay-opacity":"","overlay-gradient":""},"tablet":{"background-color":"var(--ast-global-color-4)","background-image":"","background-repeat":"repeat","background-position":"center center","background-size":"auto","background-attachment":"scroll","background-type":"","background-media":"","overlay-type":"","overlay-color":"","overlay-opacity":"","overlay-gradient":""},"mobile":{"background-color":"var(--ast-global-color-4)","background-image":"","background-repeat":"repeat","background-position":"center center","background-size":"auto","background-attachment":"scroll","background-type":"","background-media":"","overlay-type":"","overlay-color":"","overlay-opacity":"","overlay-gradient":""}},"footnotes":""},"class_list":["post-2911","page","type-page","status-publish","hentry"],"uagb_featured_image_src":{"full":false,"thumbnail":false,"medium":false,"medium_large":false,"large":false,"1536x1536":false,"2048x2048":false},"uagb_author_info":{"display_name":"","author_link":"https:\/\/grupo.us.es\/atlas\/index.php\/author\/"},"uagb_comment_info":0,"uagb_excerpt":"Titulaci\u00f3n Licenciado en Geolog\u00eda, Universidad de Szeged. M\u00e1ster en Arqueolog\u00eda, Universidad de Sevilla. Biograf\u00eda L\u00e1szl\u00f3 Halmos se licenci\u00f3 en Geolog\u00eda [&hellip;]","_links":{"self":[{"href":"https:\/\/grupo.us.es\/atlas\/index.php\/wp-json\/wp\/v2\/pages\/2911","targetHints":{"allow":["GET"]}}],"collection":[{"href":"https:\/\/grupo.us.es\/atlas\/index.php\/wp-json\/wp\/v2\/pages"}],"about":[{"href":"https:\/\/grupo.us.es\/atlas\/index.php\/wp-json\/wp\/v2\/types\/page"}],"replies":[{"embeddable":true,"href":"https:\/\/grupo.us.es\/atlas\/index.php\/wp-json\/wp\/v2\/comments?post=2911"}],"version-history":[{"count":2,"href":"https:\/\/grupo.us.es\/atlas\/index.php\/wp-json\/wp\/v2\/pages\/2911\/revisions"}],"predecessor-version":[{"id":5426,"href":"https:\/\/grupo.us.es\/atlas\/index.php\/wp-json\/wp\/v2\/pages\/2911\/revisions\/5426"}],"up":[{"embeddable":true,"href":"https:\/\/grupo.us.es\/atlas\/index.php\/wp-json\/wp\/v2\/pages\/790"}],"wp:attachment":[{"href":"https:\/\/grupo.us.es\/atlas\/index.php\/wp-json\/wp\/v2\/media?parent=2911"}],"curies":[{"name":"wp","href":"https:\/\/api.w.org\/{rel}","templated":true}]}}