{"id":2905,"date":"2020-06-15T08:28:57","date_gmt":"2020-06-15T08:28:57","guid":{"rendered":"http:\/\/grupo.us.es\/atlas\/?page_id=2905"},"modified":"2025-08-26T13:37:01","modified_gmt":"2025-08-26T11:37:01","slug":"raquel-montero-artus","status":"publish","type":"page","link":"https:\/\/grupo.us.es\/atlas\/index.php\/descripcion\/integrantes\/raquel-montero-artus\/","title":{"rendered":"Raquel Montero Art\u00fas"},"content":{"rendered":"\n<figure class=\"wp-block-image size-full is-resized\"><img loading=\"lazy\" decoding=\"async\" width=\"2330\" height=\"2374\" src=\"https:\/\/grupo.us.es\/atlas\/wp-content\/uploads\/2020\/06\/Foto-raquel.jpg\" alt=\"\" class=\"wp-image-2906\" style=\"object-fit:cover;width:150px;height:150px\"\/><\/figure>\n\n\n\n<p>Titulaci\u00f3n<\/p>\n\n\n\n<p>Licenciada en Ciencias Qu\u00edmicas y M\u00e1ster en Arqueolog\u00eda por la Universidad de Sevilla.<\/p>\n\n\n\n<p>Biograf\u00eda<\/p>\n\n\n\n<p>Raquel Montero Art\u00fas (Sevilla, 1973) es licenciada en Ciencias Qu\u00edmicas por la Universidad de Sevilla (1991-1996). En el marco del programa de doctorado de Ingenier\u00eda Qu\u00edmica present\u00f3 la Tesina \u201cCaracterizaci\u00f3n reol\u00f3gica de grasas lubricantes\u201d (1997) obteniendo la suficiencia investigadora. Posteriormente en 2003 obtuvo el t\u00edtulo de Experto Universitario en \u201cAn\u00e1lisis y Tratamientos del Agua\u201d por la Universidad de Sevilla y en 2009 el T\u00edtulo de Experto Internacional en \u201cToxicolog\u00eda\u201d (MasterTox) del Ilustre Colegio Oficial de Qu\u00edmicos de Sevilla. En 2017 complet\u00f3 el M\u00e1ster Universitario en Arqueolog\u00eda de la Universidad de Sevilla, presentando su Trabajo Fin de M\u00e1ster, titulado \u201cEl pozo del Dolmen de Menga (Antequera, M\u00e1laga). An\u00e1lisis Hidrogeol\u00f3gico, Arqueol\u00f3gico e Hist\u00f3rico\u201d, bajo la direcci\u00f3n del Dr. Leonardo Garc\u00eda Sanju\u00e1n en junio de 2018. En el a\u00f1o 2019 obtuvo el t\u00edtulo de Experto Universitario de la Universidad de Sevilla en \u201cAplicaci\u00f3n t\u00e9cnica de los Sistemas de Informaci\u00f3n Geogr\u00e1fica a la gesti\u00f3n de proyectos e investigaci\u00f3n\u201d.<\/p>\n\n\n\n<p>En su experiencia profesional ha trabajado principalmente en el \u00e1rea medioambiental en la Consejer\u00eda de Medio Ambiente (1998 \u2013 2006), en particular en programas de vigilancia y seguimiento de la calidad de las aguas y en proyectos relacionados con los recursos h\u00eddricos y el territorio. Asimismo, ha trabajado en la Consejer\u00eda de Salud (2006 \u2013 2017) entre otros, en el \u00e1mbito de la salud p\u00fablica, en materias relacionadas con la evaluaci\u00f3n de riesgos de sustancias qu\u00edmicas y contaminantes y la influencia de estos sobre el medioambiente y la salud de las personas.<\/p>\n\n\n\n<p>L\u00edneas de investigaci\u00f3n<\/p>\n\n\n\n<p>Como investigadora desarrolla varias l\u00edneas de trabajo en torno a la arqueolog\u00eda y los recursos naturales, especialmente el agua, as\u00ed como el estudio y an\u00e1lisis de sustancias qu\u00edmicas aplicado a la Prehistoria Reciente, en particular, D\u00f3lmenes de Antequera y la Z.A. Valencina de la Concepci\u00f3n \u2013 Castilleja de Guzm\u00e1n, insert\u00e1ndose de esta forma en varias l\u00edneas de investigaci\u00f3n del Grupo ATLAS (HUM-694).<\/p>\n\n\n\n<p>Dedicaci\u00f3n actual<\/p>\n\n\n\n<p>Actualmente trabaja como asesora t\u00e9cnica de Patrimonio Hist\u00f3rico y Documental (Junta de Andaluc\u00eda).<\/p>\n\n\n\n<p>Otros perfiles<\/p>\n\n\n\n<p><a href=\"https:\/\/us.academia.edu\/RaquelMonteroArt%C3%BAs\" target=\"_blank\" rel=\"noreferrer noopener\">Perfil en Academia.edu<\/a><\/p>\n","protected":false},"excerpt":{"rendered":"<p>Titulaci\u00f3n Licenciada en Ciencias Qu\u00edmicas y M\u00e1ster en Arqueolog\u00eda por la Universidad de Sevilla. Biograf\u00eda Raquel Montero Art\u00fas (Sevilla, 1973) [&hellip;]<\/p>\n","protected":false},"author":0,"featured_media":0,"parent":790,"menu_order":0,"comment_status":"closed","ping_status":"closed","template":"","meta":{"_uag_custom_page_level_css":"","site-sidebar-layout":"default","site-content-layout":"","ast-site-content-layout":"default","site-content-style":"default","site-sidebar-style":"default","ast-global-header-display":"","ast-banner-title-visibility":"","ast-main-header-display":"","ast-hfb-above-header-display":"","ast-hfb-below-header-display":"","ast-hfb-mobile-header-display":"","site-post-title":"","ast-breadcrumbs-content":"","ast-featured-img":"","footer-sml-layout":"","theme-transparent-header-meta":"","adv-header-id-meta":"","stick-header-meta":"","header-above-stick-meta":"","header-main-stick-meta":"","header-below-stick-meta":"","astra-migrate-meta-layouts":"default","ast-page-background-enabled":"default","ast-page-background-meta":{"desktop":{"background-color":"var(--ast-global-color-5)","background-image":"","background-repeat":"repeat","background-position":"center center","background-size":"auto","background-attachment":"scroll","background-type":"","background-media":"","overlay-type":"","overlay-color":"","overlay-opacity":"","overlay-gradient":""},"tablet":{"background-color":"","background-image":"","background-repeat":"repeat","background-position":"center center","background-size":"auto","background-attachment":"scroll","background-type":"","background-media":"","overlay-type":"","overlay-color":"","overlay-opacity":"","overlay-gradient":""},"mobile":{"background-color":"","background-image":"","background-repeat":"repeat","background-position":"center center","background-size":"auto","background-attachment":"scroll","background-type":"","background-media":"","overlay-type":"","overlay-color":"","overlay-opacity":"","overlay-gradient":""}},"ast-content-background-meta":{"desktop":{"background-color":"var(--ast-global-color-4)","background-image":"","background-repeat":"repeat","background-position":"center center","background-size":"auto","background-attachment":"scroll","background-type":"","background-media":"","overlay-type":"","overlay-color":"","overlay-opacity":"","overlay-gradient":""},"tablet":{"background-color":"var(--ast-global-color-4)","background-image":"","background-repeat":"repeat","background-position":"center center","background-size":"auto","background-attachment":"scroll","background-type":"","background-media":"","overlay-type":"","overlay-color":"","overlay-opacity":"","overlay-gradient":""},"mobile":{"background-color":"var(--ast-global-color-4)","background-image":"","background-repeat":"repeat","background-position":"center center","background-size":"auto","background-attachment":"scroll","background-type":"","background-media":"","overlay-type":"","overlay-color":"","overlay-opacity":"","overlay-gradient":""}},"footnotes":""},"class_list":["post-2905","page","type-page","status-publish","hentry"],"uagb_featured_image_src":{"full":false,"thumbnail":false,"medium":false,"medium_large":false,"large":false,"1536x1536":false,"2048x2048":false},"uagb_author_info":{"display_name":"","author_link":"https:\/\/grupo.us.es\/atlas\/index.php\/author\/"},"uagb_comment_info":0,"uagb_excerpt":"Titulaci\u00f3n Licenciada en Ciencias Qu\u00edmicas y M\u00e1ster en Arqueolog\u00eda por la Universidad de Sevilla. Biograf\u00eda Raquel Montero Art\u00fas (Sevilla, 1973) [&hellip;]","_links":{"self":[{"href":"https:\/\/grupo.us.es\/atlas\/index.php\/wp-json\/wp\/v2\/pages\/2905","targetHints":{"allow":["GET"]}}],"collection":[{"href":"https:\/\/grupo.us.es\/atlas\/index.php\/wp-json\/wp\/v2\/pages"}],"about":[{"href":"https:\/\/grupo.us.es\/atlas\/index.php\/wp-json\/wp\/v2\/types\/page"}],"replies":[{"embeddable":true,"href":"https:\/\/grupo.us.es\/atlas\/index.php\/wp-json\/wp\/v2\/comments?post=2905"}],"version-history":[{"count":1,"href":"https:\/\/grupo.us.es\/atlas\/index.php\/wp-json\/wp\/v2\/pages\/2905\/revisions"}],"predecessor-version":[{"id":5444,"href":"https:\/\/grupo.us.es\/atlas\/index.php\/wp-json\/wp\/v2\/pages\/2905\/revisions\/5444"}],"up":[{"embeddable":true,"href":"https:\/\/grupo.us.es\/atlas\/index.php\/wp-json\/wp\/v2\/pages\/790"}],"wp:attachment":[{"href":"https:\/\/grupo.us.es\/atlas\/index.php\/wp-json\/wp\/v2\/media?parent=2905"}],"curies":[{"name":"wp","href":"https:\/\/api.w.org\/{rel}","templated":true}]}}