{"id":2897,"date":"2020-06-12T12:05:54","date_gmt":"2020-06-12T12:05:54","guid":{"rendered":"http:\/\/grupo.us.es\/atlas\/?page_id=2897"},"modified":"2025-08-26T13:39:00","modified_gmt":"2025-08-26T11:39:00","slug":"rocio-rojas-gutierrez","status":"publish","type":"page","link":"https:\/\/grupo.us.es\/atlas\/index.php\/descripcion\/integrantes\/rocio-rojas-gutierrez\/","title":{"rendered":"Rocio Rojas Guti\u00e9rrez"},"content":{"rendered":"\n<figure class=\"wp-block-image size-full is-resized\"><img loading=\"lazy\" decoding=\"async\" width=\"693\" height=\"740\" src=\"https:\/\/grupo.us.es\/atlas\/wp-content\/uploads\/2020\/06\/R.Rojas_.jpg\" alt=\"\" class=\"wp-image-2899\" style=\"object-fit:cover;width:150px;height:150px\"\/><\/figure>\n\n\n\n<p>Titulaci\u00f3n<\/p>\n\n\n\n<p>Doctora en Arqueolog\u00eda por la Universidad de Sevilla.<\/p>\n\n\n\n<p>Biograf\u00eda<\/p>\n\n\n\n<p>M\u00aa Roc\u00edo Rojas Guti\u00e9rrez es licenciada en Historia, especialidad en Prehistoria y Arqueolog\u00eda, &nbsp;por la Universidad de Sevilla (2011). Entre 2011 y 2012 curs\u00f3 el M\u00e1ster de Estudios Hist\u00f3ricos Comparados de dicha universidad, realizando el Trabajo Fin de M\u00e1ster sobre&nbsp;<em>Ataecina y Endov\u00e9lico: dos divinidades prerromanas del Suroeste hispano<\/em><em>, dirigido por la Prof. Pilar Pav\u00f3n Torrej\u00f3n. Seguidamente realiz\u00f3&nbsp;<\/em>su tesis doctoral, que tiene por t\u00edtulo&nbsp;<em>Las continuidades religiosas en el occidente ib\u00e9rico durante la Antig\u00fcedad: una revisi\u00f3n del concepto de romanizaci\u00f3n<\/em>, que fue defendida en julio de 2017 y dirigida por el Prof. Leonardo Garc\u00eda Sanju\u00e1n.<\/p>\n\n\n\n<p>Ha trabajado como coordinadora del estudio de las estructuras de \u00e9poca romana y tardoantigua del Sector PP4-Monteliro de la Zona Arqueol\u00f3gica de Valencina de la Concepci\u00f3n-Castilleja de Guzm\u00e1n (Sevilla), entre 2016-2020.<\/p>\n\n\n\n<p>L\u00edneas de investigaci\u00f3n<\/p>\n\n\n\n<p>Su principal l\u00ednea de investigaci\u00f3n se centra en las diversas continuidades religiosas locales que tuvieron lugar durante el dominio romano, para analizar y comprender el cambio social que trajo consigo la conquista y colonizaci\u00f3n romana a trav\u00e9s del estudio de las mismas. La casu\u00edstica estudiada abarca desde divinidades hasta la reutilizaci\u00f3n de sitios, monumentos y estatuaria, entre los que se encuentran el Conjunto Megal\u00edtico de Antequera (M\u00e1laga) y la Zona Arqueol\u00f3gica de Valencina de la Concepci\u00f3n-Castilleja de Guzm\u00e1n (Sevilla).<\/p>\n\n\n\n<p>Dedicaci\u00f3n actual<\/p>\n\n\n\n<p>I am text block. Click edit button to change this text.<\/p>\n\n\n\n<p>Publicaciones m\u00e1s relevantes<\/p>\n\n\n\n<p>ROJAS GUTI\u00c9RREZ, M\u00aa R. (2017):&nbsp;<em>Las continuidades religiosas en el occidente ib\u00e9rico durante la Antig\u00fcedad: una revisi\u00f3n del concepto de \u201cromanizaci\u00f3n\u201d<\/em>, Tesis Doctoral, Universidad de Sevilla.<\/p>\n\n\n\n<p>ROJAS GUTI\u00c9RREZ, M\u00aa R. (2016): \u00abAtaecina, un an\u00e1lisis de la continuidad de los cultos locales o ind\u00edgenas en la Hispania romana\u00bb,&nbsp;<em>Ligustinus<\/em>, 5, 8-25.<\/p>\n\n\n\n<p>Otros perfiles<\/p>\n\n\n\n<p><a href=\"https:\/\/us.academia.edu\/M%C2%AARoc%C3%ADoRojasGuti%C3%A9rrez\" target=\"_blank\" rel=\"noreferrer noopener\">Perfil en Academia.edu<\/a><\/p>\n","protected":false},"excerpt":{"rendered":"<p>Titulaci\u00f3n Doctora en Arqueolog\u00eda por la Universidad de Sevilla. Biograf\u00eda M\u00aa Roc\u00edo Rojas Guti\u00e9rrez es licenciada en Historia, especialidad en [&hellip;]<\/p>\n","protected":false},"author":0,"featured_media":0,"parent":790,"menu_order":0,"comment_status":"closed","ping_status":"closed","template":"","meta":{"_uag_custom_page_level_css":"","site-sidebar-layout":"default","site-content-layout":"","ast-site-content-layout":"default","site-content-style":"default","site-sidebar-style":"default","ast-global-header-display":"","ast-banner-title-visibility":"","ast-main-header-display":"","ast-hfb-above-header-display":"","ast-hfb-below-header-display":"","ast-hfb-mobile-header-display":"","site-post-title":"","ast-breadcrumbs-content":"","ast-featured-img":"","footer-sml-layout":"","theme-transparent-header-meta":"","adv-header-id-meta":"","stick-header-meta":"","header-above-stick-meta":"","header-main-stick-meta":"","header-below-stick-meta":"","astra-migrate-meta-layouts":"default","ast-page-background-enabled":"default","ast-page-background-meta":{"desktop":{"background-color":"var(--ast-global-color-5)","background-image":"","background-repeat":"repeat","background-position":"center center","background-size":"auto","background-attachment":"scroll","background-type":"","background-media":"","overlay-type":"","overlay-color":"","overlay-opacity":"","overlay-gradient":""},"tablet":{"background-color":"","background-image":"","background-repeat":"repeat","background-position":"center center","background-size":"auto","background-attachment":"scroll","background-type":"","background-media":"","overlay-type":"","overlay-color":"","overlay-opacity":"","overlay-gradient":""},"mobile":{"background-color":"","background-image":"","background-repeat":"repeat","background-position":"center center","background-size":"auto","background-attachment":"scroll","background-type":"","background-media":"","overlay-type":"","overlay-color":"","overlay-opacity":"","overlay-gradient":""}},"ast-content-background-meta":{"desktop":{"background-color":"var(--ast-global-color-4)","background-image":"","background-repeat":"repeat","background-position":"center center","background-size":"auto","background-attachment":"scroll","background-type":"","background-media":"","overlay-type":"","overlay-color":"","overlay-opacity":"","overlay-gradient":""},"tablet":{"background-color":"var(--ast-global-color-4)","background-image":"","background-repeat":"repeat","background-position":"center center","background-size":"auto","background-attachment":"scroll","background-type":"","background-media":"","overlay-type":"","overlay-color":"","overlay-opacity":"","overlay-gradient":""},"mobile":{"background-color":"var(--ast-global-color-4)","background-image":"","background-repeat":"repeat","background-position":"center center","background-size":"auto","background-attachment":"scroll","background-type":"","background-media":"","overlay-type":"","overlay-color":"","overlay-opacity":"","overlay-gradient":""}},"footnotes":""},"class_list":["post-2897","page","type-page","status-publish","hentry"],"uagb_featured_image_src":{"full":false,"thumbnail":false,"medium":false,"medium_large":false,"large":false,"1536x1536":false,"2048x2048":false},"uagb_author_info":{"display_name":"","author_link":"https:\/\/grupo.us.es\/atlas\/index.php\/author\/"},"uagb_comment_info":0,"uagb_excerpt":"Titulaci\u00f3n Doctora en Arqueolog\u00eda por la Universidad de Sevilla. Biograf\u00eda M\u00aa Roc\u00edo Rojas Guti\u00e9rrez es licenciada en Historia, especialidad en [&hellip;]","_links":{"self":[{"href":"https:\/\/grupo.us.es\/atlas\/index.php\/wp-json\/wp\/v2\/pages\/2897","targetHints":{"allow":["GET"]}}],"collection":[{"href":"https:\/\/grupo.us.es\/atlas\/index.php\/wp-json\/wp\/v2\/pages"}],"about":[{"href":"https:\/\/grupo.us.es\/atlas\/index.php\/wp-json\/wp\/v2\/types\/page"}],"replies":[{"embeddable":true,"href":"https:\/\/grupo.us.es\/atlas\/index.php\/wp-json\/wp\/v2\/comments?post=2897"}],"version-history":[{"count":1,"href":"https:\/\/grupo.us.es\/atlas\/index.php\/wp-json\/wp\/v2\/pages\/2897\/revisions"}],"predecessor-version":[{"id":5446,"href":"https:\/\/grupo.us.es\/atlas\/index.php\/wp-json\/wp\/v2\/pages\/2897\/revisions\/5446"}],"up":[{"embeddable":true,"href":"https:\/\/grupo.us.es\/atlas\/index.php\/wp-json\/wp\/v2\/pages\/790"}],"wp:attachment":[{"href":"https:\/\/grupo.us.es\/atlas\/index.php\/wp-json\/wp\/v2\/media?parent=2897"}],"curies":[{"name":"wp","href":"https:\/\/api.w.org\/{rel}","templated":true}]}}