{"id":2852,"date":"2020-06-07T19:42:41","date_gmt":"2020-06-07T19:42:41","guid":{"rendered":"http:\/\/grupo.us.es\/atlas\/?page_id=2852"},"modified":"2025-08-26T13:52:39","modified_gmt":"2025-08-26T11:52:39","slug":"jacobovazquez","status":"publish","type":"page","link":"https:\/\/grupo.us.es\/atlas\/index.php\/descripcion\/integrantes\/jacobovazquez\/","title":{"rendered":"Jacobo V\u00e1zquez Paz"},"content":{"rendered":"\n<figure class=\"wp-block-image size-full is-resized\"><img loading=\"lazy\" decoding=\"async\" width=\"673\" height=\"800\" src=\"https:\/\/grupo.us.es\/atlas\/wp-content\/uploads\/2022\/11\/jacobo-foto.jpg\" alt=\"\" class=\"wp-image-3550\" style=\"object-fit:cover;width:150px;height:150px\"\/><\/figure>\n\n\n\n<p>Titulaci\u00f3n<\/p>\n\n\n\n<p>Licenciado en Historia, especialidad de Arqueolog\u00eda, por la Universidad de Sevilla.<a href=\"https:\/\/grupo.us.es\/atlas\/wp-admin\/post.php?post=2852&amp;action=edit#\"><\/a><\/p>\n\n\n\n<p>Biograf\u00eda<\/p>\n\n\n\n<p>Jacobo V\u00e1zquez&nbsp;Paz se licenci\u00f3 en Historia (1995\/96-1999\/00), especialidad de Arqueolog\u00eda, por la Universidad de Sevilla en la que tras cursar estudios de doctorado desarroll\u00f3 su tesis de licenciatura (DEA) \u201cComercio y distribuci\u00f3n de cer\u00e1mica romana altoimperial en la ciudad de Carmo\u201d dirigida por el catedr\u00e1tico Jos\u00e9 Beltr\u00e1n Fortes y la Prof. Mar\u00eda Bel\u00e9n Deamos. Entre 1998 hasta 2022 ha sido miembro del grupo de investigaci\u00f3n Hum-650 Religio Antiqua. Historia y Arqueolog\u00eda de las Religiones Antiguas del sur de la Pen\u00ednsula Ib\u00e9rica dirigido por la Prof. Mar\u00eda Cruz Mar\u00edn Ceballos y Prof. Mar\u00eda Bel\u00e9n Deamos, desarrollando en las \u00faltimas dos d\u00e9cadas trabajos de campo en equipos nacionales e internacionales caso de las excavaciones en el poblado calcol\u00edtico de San Blas (Cheles, Badajoz) bajo la direcci\u00f3n del Prof. V\u00edctor Hurtado P\u00e9rez de la universidad de Sevilla, de la necr\u00f3polis fenicia de Monte Sirai (Cerde\u00f1a, Italia) con el Consiglio Nazionale delle Ricerche: Instituto per la civilita Fenicia e Punica \u201cSabatino Moscati, del alfar romano de Las Delicias (\u00c9cija, Sevilla) con la Universidad de Montpelier (Prof. St\u00e9phane Maun\u00e9), o de las excavaciones de la mina de la prehistoria reciente\/protohistoria de Las Minillas (Granja de Torrehermosa, Badajoz) con el prof. Joan Lynch de la universidad Goteborg (Suecia).<\/p>\n\n\n\n<p>L\u00edneas de investigaci\u00f3n<\/p>\n\n\n\n<p>Jacobo V\u00e1zquez ha desarrollado su l\u00ednea de investigaci\u00f3n en dos vertientes centradas en el estudio de la producci\u00f3n, comercio, distribuci\u00f3n y consumo de materiales cer\u00e1micos de \u00e9poca romana en el mediterr\u00e1neo occidental y especialmente en el valle del Guadalquivir; pero a su vez centrada en el estudio de las pr\u00e1cticas y rituales funerarios durante el Bronce Antiguo desde el registro arqueol\u00f3gico y los resultados anal\u00edticos de este (carbono 14, metalograf\u00edas, antropolog\u00eda f\u00edsica).<\/p>\n\n\n\n<p>Publicaciones m\u00e1s relevantes<\/p>\n\n\n\n<p>1. V\u00e1zquez Paz, J. y Hunt Ortiz, M.A. (2012): \u201cYacimiento SE-B (Segunda intervenci\u00f3n). Primera \u00e1rea de enterramientos\u201d. Intervenciones Arqueol\u00f3gicas en el \u00c1rea del Proyecto Minero Cobre las Cruces (1996-2011): de la Prehistoria a la \u00c9poca Contempor\u00e1nea. (Provincia de Sevilla, Espa\u00f1a). pp. 28 \u2013 37.<\/p>\n\n\n\n<p>2. V\u00e1zquez Paz, J. y Hunt Ortiz, M.A. (2012): \u201cYacimiento SE-K. Nueva \u00e1rea funeraria de la Edad del Bronce\u201d. Intervenciones Arqueol\u00f3gicas en el \u00c1rea del Proyecto Minero Cobre las Cruces (1996-2011): de la Prehistoria a la \u00c9poca Contempor\u00e1nea. (Provincia de Sevilla, Espa\u00f1a). pp. 41 \u2013 55.<\/p>\n\n\n\n<p>3. V\u00e1zquez Paz, J. Rom\u00e1n Rodr\u00edguez, J.M. y Bel\u00e9n Deamos, M\u00aa. (2016) \u201cPr\u00e1cticas funerarias de la Edad del Bronce en Carmona (Sevilla)\u201d. X Congreso de Historia de Carmona: Religi\u00f3n y espiritualidad en Carmona. De la Prehistoria a los tiempos contempor\u00e1neos, Carmona 24-26 de septiembre de 2015 (M. Gonz\u00e1lez y A. Caballos (dirs.). Universidad de Sevilla.<\/p>\n\n\n\n<p>4. V\u00e1zquez Paz, J. y Garrido Gonz\u00e1lez, P. (2017): El Tesoro del Zaud\u00edn: contextualizaci\u00f3n arqueol\u00f3gica del conjunto numism\u00e1tico tardoantiguo de Tomares (Sevilla). Consejer\u00eda de Cultura. Junta de Andaluc\u00eda. Col. Arqueolog\u00eda Monograf\u00edas<\/p>\n\n\n\n<p>Dedicaci\u00f3n actual<\/p>\n\n\n\n<p>Desde 2006 a la actualidad es miembro elegido de la mesa directiva del Ilustre Colegio de Doctores y Licenciados en Filosof\u00eda y Letras y Ciencias de las Provincias de Sevilla y Huelva, Secci\u00f3n de Arqueolog\u00eda, ostentando los cargo de vocal, secretario, vicepresidente y presidente; igualmente, ha formado parte de la Comisi\u00f3n Municipal de Patrimonio Hist\u00f3rico de la Ciudad de Sevilla, as\u00ed como miembro de la Comisi\u00f3n de Patrimonio Hist\u00f3rico de la provincia de Sevilla entre los a\u00f1os 2008 y 2020.<\/p>\n\n\n\n<p>Otros perfiles<\/p>\n\n\n\n<p><a href=\"https:\/\/us.academia.edu\/JacoboV%C3%A1zquezPaz\">Perfil en Academia.edu<\/a><\/p>\n","protected":false},"excerpt":{"rendered":"<p>Titulaci\u00f3n Licenciado en Historia, especialidad de Arqueolog\u00eda, por la Universidad de Sevilla. Biograf\u00eda Jacobo V\u00e1zquez&nbsp;Paz se licenci\u00f3 en Historia (1995\/96-1999\/00), [&hellip;]<\/p>\n","protected":false},"author":0,"featured_media":0,"parent":790,"menu_order":0,"comment_status":"closed","ping_status":"closed","template":"","meta":{"_uag_custom_page_level_css":"","site-sidebar-layout":"default","site-content-layout":"","ast-site-content-layout":"default","site-content-style":"default","site-sidebar-style":"default","ast-global-header-display":"","ast-banner-title-visibility":"","ast-main-header-display":"","ast-hfb-above-header-display":"","ast-hfb-below-header-display":"","ast-hfb-mobile-header-display":"","site-post-title":"","ast-breadcrumbs-content":"","ast-featured-img":"","footer-sml-layout":"","theme-transparent-header-meta":"","adv-header-id-meta":"","stick-header-meta":"","header-above-stick-meta":"","header-main-stick-meta":"","header-below-stick-meta":"","astra-migrate-meta-layouts":"default","ast-page-background-enabled":"default","ast-page-background-meta":{"desktop":{"background-color":"var(--ast-global-color-5)","background-image":"","background-repeat":"repeat","background-position":"center center","background-size":"auto","background-attachment":"scroll","background-type":"","background-media":"","overlay-type":"","overlay-color":"","overlay-opacity":"","overlay-gradient":""},"tablet":{"background-color":"","background-image":"","background-repeat":"repeat","background-position":"center center","background-size":"auto","background-attachment":"scroll","background-type":"","background-media":"","overlay-type":"","overlay-color":"","overlay-opacity":"","overlay-gradient":""},"mobile":{"background-color":"","background-image":"","background-repeat":"repeat","background-position":"center center","background-size":"auto","background-attachment":"scroll","background-type":"","background-media":"","overlay-type":"","overlay-color":"","overlay-opacity":"","overlay-gradient":""}},"ast-content-background-meta":{"desktop":{"background-color":"var(--ast-global-color-4)","background-image":"","background-repeat":"repeat","background-position":"center center","background-size":"auto","background-attachment":"scroll","background-type":"","background-media":"","overlay-type":"","overlay-color":"","overlay-opacity":"","overlay-gradient":""},"tablet":{"background-color":"var(--ast-global-color-4)","background-image":"","background-repeat":"repeat","background-position":"center center","background-size":"auto","background-attachment":"scroll","background-type":"","background-media":"","overlay-type":"","overlay-color":"","overlay-opacity":"","overlay-gradient":""},"mobile":{"background-color":"var(--ast-global-color-4)","background-image":"","background-repeat":"repeat","background-position":"center center","background-size":"auto","background-attachment":"scroll","background-type":"","background-media":"","overlay-type":"","overlay-color":"","overlay-opacity":"","overlay-gradient":""}},"footnotes":""},"class_list":["post-2852","page","type-page","status-publish","hentry"],"uagb_featured_image_src":{"full":false,"thumbnail":false,"medium":false,"medium_large":false,"large":false,"1536x1536":false,"2048x2048":false},"uagb_author_info":{"display_name":"","author_link":"https:\/\/grupo.us.es\/atlas\/index.php\/author\/"},"uagb_comment_info":0,"uagb_excerpt":"Titulaci\u00f3n Licenciado en Historia, especialidad de Arqueolog\u00eda, por la Universidad de Sevilla. Biograf\u00eda Jacobo V\u00e1zquez&nbsp;Paz se licenci\u00f3 en Historia (1995\/96-1999\/00), [&hellip;]","_links":{"self":[{"href":"https:\/\/grupo.us.es\/atlas\/index.php\/wp-json\/wp\/v2\/pages\/2852","targetHints":{"allow":["GET"]}}],"collection":[{"href":"https:\/\/grupo.us.es\/atlas\/index.php\/wp-json\/wp\/v2\/pages"}],"about":[{"href":"https:\/\/grupo.us.es\/atlas\/index.php\/wp-json\/wp\/v2\/types\/page"}],"replies":[{"embeddable":true,"href":"https:\/\/grupo.us.es\/atlas\/index.php\/wp-json\/wp\/v2\/comments?post=2852"}],"version-history":[{"count":1,"href":"https:\/\/grupo.us.es\/atlas\/index.php\/wp-json\/wp\/v2\/pages\/2852\/revisions"}],"predecessor-version":[{"id":5459,"href":"https:\/\/grupo.us.es\/atlas\/index.php\/wp-json\/wp\/v2\/pages\/2852\/revisions\/5459"}],"up":[{"embeddable":true,"href":"https:\/\/grupo.us.es\/atlas\/index.php\/wp-json\/wp\/v2\/pages\/790"}],"wp:attachment":[{"href":"https:\/\/grupo.us.es\/atlas\/index.php\/wp-json\/wp\/v2\/media?parent=2852"}],"curies":[{"name":"wp","href":"https:\/\/api.w.org\/{rel}","templated":true}]}}