{"id":2442,"date":"2015-03-17T08:39:04","date_gmt":"2015-03-17T08:39:04","guid":{"rendered":"http:\/\/grupo.us.es\/atlas\/?page_id=2442"},"modified":"2025-07-31T21:39:22","modified_gmt":"2025-07-31T19:39:22","slug":"formacion-doctoral","status":"publish","type":"page","link":"https:\/\/grupo.us.es\/atlas\/index.php\/formacion-doctoral\/","title":{"rendered":"Doctorado"},"content":{"rendered":"\r\n<div class=\"wp-block-cover alignfull has-custom-content-position is-position-top-left\" style=\"margin-top: 0; min-height: 50vh; padding: 5vw;aspect-ratio:unset;\"><img loading=\"lazy\" decoding=\"async\" class=\"wp-block-cover__image-background aligncenter wp-image-3346 size-full\" src=\"https:\/\/grupo.us.es\/atlas\/wp-content\/uploads\/2022\/07\/atlas27-e1753990758482.png\" alt=\"\" width=\"500\" height=\"283\" data-object-fit=\"cover\" srcset=\"https:\/\/grupo.us.es\/atlas\/wp-content\/uploads\/2022\/07\/atlas27-e1753990758482.png 500w, https:\/\/grupo.us.es\/atlas\/wp-content\/uploads\/2022\/07\/atlas27-e1753990758482-300x170.png 300w\" sizes=\"auto, (max-width: 500px) 100vw, 500px\" \/>\r\n<div class=\"wp-block-cover__inner-container is-layout-flow wp-block-cover-is-layout-flow\">\r\n<div class=\"wp-block-group wp-container-content-9cfa9a5a is-vertical is-nowrap is-layout-flex wp-container-core-group-is-layout-2890af74 wp-block-group-is-layout-flex\">\r\n<p class=\"has-text-align-left has-ast-global-color-4-color has-text-color has-source-serif-pro-font-family\" style=\"font-size: 56px; font-style: italic; font-weight: 900; letter-spacing: -2px; line-height: 5; text-transform: none;\">Doctorado<\/p>\r\n<\/div>\r\n<\/div>\r\n<\/div>\r\n\r\n\r\n\r\n<div class=\"wp-block-spacer\" style=\"height: 66px;\" aria-hidden=\"true\">\u00a0<\/div>\r\n\r\n\r\n\r\n<p>Entre 2001 y 2022 el Grupo de Investigaci\u00f3n ATLAS ha supervisado 16 tesis doctorales, encontr\u00e1ndose actualmente cuatro m\u00e1s en proceso de elaboraci\u00f3n. El Grupo ATLAS no solo cuenta por tanto con un elevado rendimiento de producci\u00f3n de Tesis Doctorales (con una media de m\u00e1s de 1 tesis al a\u00f1o en los \u00faltimos 10 a\u00f1os), sino que la tasa de finalizaci\u00f3n y lectura de los\/as becarios\/as supervisados\/as es del 100%. Igualmente debe destacarse que, aunque la mayor\u00eda de estas tesis han sido presentadas en la Universidad de Sevilla, varias han sido presentadas en otros centros nacionales (CSIC, UPO) y extranjeros (universidades de Southampton y Durham).<\/p>\r\n\r\n\r\n\r\n<p>(20)<\/p>\r\n\r\n\r\n\r\n<p>Autor:\u00a0Samuel Ram\u00edrez-Cruzado T\u00edtulo:\u00a0Los Grandes\u00a0Asentamientos del IV y III Milenios en el Sur de Iberia: Investigaciones Geoarqueol\u00f3gicas.<\/p>\r\n\r\n\r\n\r\n<p>(19)<\/p>\r\n\r\n\r\n\r\n<p>Autor: Timoteo Rivera Jim\u00e9nez;\u00a0T\u00edtulo:\u00a0Nuevas Tecnolog\u00edas Aplicadas al An\u00e1lisis de las Graf\u00edas Prehist\u00f3ricas. La Prehistoria de la Provincia de Huelva.<\/p>\r\n\r\n\r\n\r\n<p>\u00a0(18)<\/p>\r\n\r\n\r\n\r\n<p>Autor: Francisco S\u00e1nchez Diaz;\u00a0T\u00edtulo:\u00a0La Aplicaci\u00f3n de Tecnolog\u00edas de la Informaci\u00f3n Geogr\u00e1fica al An\u00e1lisis Arqueol\u00f3gico. La Prehistoria Reciente del Suroeste de Espa\u00f1a.<\/p>\r\n\r\n\r\n\r\n<p>(17)<\/p>\r\n\r\n\r\n\r\n<p>Autora: Raquel Montero Art\u00fas; T\u00edtulo:\u00a0Geoqu\u00edmica del Hueso Humano. Medio Ambiente, Movilidad y Pr\u00e1cticas Sociales en la Pen\u00ednsula Ib\u00e9rica en el IV y III Milenios ANE.<\/p>\r\n\r\n\r\n\r\n<p>(16)<\/p>\r\n\r\n\r\n\r\n<p>Autor\u00a0:\u00a0\u00a0Juan Manuel Vargas Jim\u00e9nez; T\u00edtulo:\u00a0\u00a0La Pastora: An\u00e1lisis Arquitect\u00f3nico, Geoarqueol\u00f3gico, Geof\u00edsico y Contextual de\u00a0Un Monumento Megal\u00edtico Singular.\u00a0Instituci\u00f3n: Universidad de Sevilla;\u00a0Fecha: 17 de Junio\u00a02020\u00a0;\u00a0Director\/es: Luis C\u00e1ceres Puro, Carlos Odriozola Lloret y Leonardo Garc\u00eda Sanju\u00e1n;\u00a0Tribunal: Dr. Joaqu\u00edn Rodr\u00edguez Vidal, Dra. Primitiva Bueno Ram\u00edrez, Dr. V\u00edctor Hurtado;\u00a0P\u00e9rez, Dr. Thomas Schumacher, Dr. Miguel Cort\u00e9s S\u00e1nchez<\/p>\r\n\r\n\r\n\r\n<p>(15)<\/p>\r\n\r\n\r\n\r\n<p>Autora:\u00a0\u00a0Coronada Mora Molina;\u00a0T\u00edtulo:\u00a0\u00a0Los Monumentos Megal\u00edticos de Antequera (M\u00e1laga): Una Aproximaci\u00f3n\u00a0\u00a0Biogr\u00e1fica; Instituci\u00f3n: Universidad de Sevilla;\u00a0Fecha: 2 de diciembre de 2019;\u00a0Director\/es: Leonardo Garc\u00eda Sanju\u00e1n y Francisco Carri\u00f3n M\u00e9ndez;\u00a0Tribunal: Dra. Primitiva Bueno Ram\u00edrez, Dr. Ram\u00f3n F\u00e1bregas Valcarce, Dr. Jos\u00e9 Enrique;\u00a0M\u00e1rquez Romero, Dr. Antonio Faustino Carvalho, Dr. Mark Hunt Ortiz<\/p>\r\n\r\n\r\n\r\n<p>(14)<\/p>\r\n\r\n\r\n\r\n<p>Autora:\u00a0 Moira Sotelo Rico; T\u00edtulo:\u00a0Paisajes Olvidados en las Serran\u00edas de Uruguay: Arquitecturas en Piedra en la Sierra de Aguirre;\u00a0Instituci\u00f3n: Universidad de Sevilla;\u00a0Fecha: 14 de diciembre de 2108; Director\/es: Leonardo Garc\u00eda Sanju\u00e1n, C\u00e9sar Parcero Oubi\u00f1a, Jos\u00e9 Luis L\u00f3pez Mazz;\u00a0\u00a0Tribunal: Dra. Primitiva Bueno Ram\u00edrez, Dr. Manuel Rojo Guerra, Dr. Felipe Criado-Boado,\u00a0\u00a0Dr. Pedro D\u00edaz-del-R\u00edo, Dr. Juan Antonio C\u00e1mara Serrano.<\/p>\r\n\r\n\r\n\r\n<p>(13)<\/p>\r\n\r\n\r\n\r\n<p>Autor\u00a0:\u00a0\u00a0Luis Antonio Sevillano Perea; T\u00edtulo:\u00a0Habitando el Valle. Metodolog\u00eda para el Estudio de las Pr\u00e1cticas Sociales de las\u00a0Comunidades Rurales Antiguas. Potencialidades y Desaf\u00edos de la Prospecci\u00f3n de\u00a0Superficie.\u00a0Instituci\u00f3n: Universidad de Sevilla;\u00a0Fecha: 13 de Diciembre de\u00a02018;\u00a0Director\/es: Leonardo Garc\u00eda Sanju\u00e1n y Victorino Mayoral Herrera. Tribunal:\u00a0 Dr. Gonzalo Ruiz Zapatero, Dr. Francisco Murillo Bozota, Dr. C\u00e9sar Parcero,\u00a0Oubi\u00f1a, Dr. Ignacio Grau Mira, Dr. Juan Pedro Bell\u00f3n Ruiz.<\/p>\r\n\r\n\r\n\r\n<p>(12)<\/p>\r\n\r\n\r\n\r\n<p>Autora: Miriam Lucia\u00f1ez Trivi\u00f1o;\u00a0T\u00edtulo:\u00a0El Marfil en la Edad del Cobre de la Pen\u00ednsula Ib\u00e9rica: Una Aproximaci\u00f3n\u00a0\u00a0<em>Tecnol\u00f3gica, Experimental y Contextual a las Colecciones Eb\u00farneas del Mega-\u00a0<\/em><em>Sitio de Valencina de la Concepci\u00f3n-Castilleja de Guzm\u00e1n (Sevilla)<\/em><em>.\u00a0<\/em>Instituci\u00f3n: Universidad de Sevilla;\u00a0Fecha: 17 de Septiembre de 2018; Director: Leonardo Garc\u00eda Sanju\u00e1n y Thomas X. Schumacher; Tribunal: Dr. Roberto Risch, Dr. Martin Bartelheim, Dra. Marianne Christensen, Dra.\u00a0Corina Liesau, Dr. Miguel Cort\u00e9s S\u00e1nchez<\/p>\r\n\r\n\r\n\r\n<p>(11)<\/p>\r\n\r\n\r\n\r\n<p>Autora:\u00a0Marta Cintas Pe\u00f1a;\u00a0T\u00edtulo:\u00a0La Desigualdad de G\u00e9nero en la Prehistoria de la Pen\u00ednsula Ib\u00e9rica. Una Aproximaci\u00f3n Multi-Variable<em>.<\/em>Instituci\u00f3n: Universidad de Sevilla;\u00a0Fecha: 11 de Julio de\u00a02018\u00a0;\u00a0Director: Leonardo Garc\u00eda Sanju\u00e1n ; Tribunal: Dra. Primitiva Bueno Ram\u00edrez, Dr. Pedro D\u00edaz del R\u00edo, Dr. Rafael Garrido Pena,\u00a0Dra. Almudena Hernando Gonzalo, Dra. Ana Mar\u00eda Silva.<\/p>\r\n\r\n\r\n\r\n<p>(10)<\/p>\r\n\r\n\r\n\r\n<p>Autora :\u00a0Roc\u00edo Rojas Guti\u00e9rrez;\u00a0T\u00edtulo :\u00a0Las Continuidades Religiosas en el Occidente Ib\u00e9rico Durante la Antig\u00fcedad: Una\u00a0Revisi\u00f3n del Concepto de Romanizaci\u00f3n\u00a0;\u00a0Instituci\u00f3n: Universidad de Sevilla;\u00a0Fecha: 18 de Julio de\u00a02017;\u00a0Director: Leonardo Garc\u00eda Sanju\u00e1n;\u00a0Tribunal: Dr. Francisco Marco Sim\u00f3n, Dr. Jos\u00e9 Beltr\u00e1n Fortes, Dra. Mar\u00eda Bel\u00e9n Deamos,\u00a0Dr. Marco Virgilio Garc\u00eda Quintela, Dr. Rafael \u00c1lvarez Sanch\u00eds.<\/p>\r\n\r\n\r\n\r\n<p>(9)<\/p>\r\n\r\n\r\n\r\n<p>Autora: Mar\u00eda del Carmen Moreno Escobar, Becaria predoctoral Plan Propio UPO; T\u00edtulo: Continuidad y Transformaci\u00f3n en la Configuraci\u00f3n de los Paisajes Rurales de la B\u00e9tica Romana; Instituci\u00f3n: Universidad Pablo de Olavide (Sevilla): Fecha: (Prevista) Junio 2015. Director\/es: Leonardo Garc\u00eda Sanju\u00e1n y Juan Ojeda Rivera.<\/p>\r\n\r\n\r\n\r\n<p>(8)<\/p>\r\n\r\n\r\n\r\n<p>Autora: Marta D\u00edaz-Zorita Bonilla, Becaria predoctoral Talentia (Junta de Andaluc\u00eda); T\u00edtulo: Reconstructing Social Structure Through Bioarchaeology: The Southern Iberian Copper Age; Instituci\u00f3n: Universidad de Durham (Reino Unido): Fecha: 31 de Agosto de 2013; Director\/es: Leonardo Garc\u00eda Sanju\u00e1n, Chris Scarre y Charlotte Roberts<\/p>\r\n\r\n\r\n\r\n<p>(7)<\/p>\r\n\r\n\r\n\r\n<p>Autora: Patricia Murrieta Flores, Becaria predoctoral INAH (Gobierno de M\u00e9xico); T\u00edtulo: Travelling and Human Movement during Late Prehistory. Analysing the Dynamics of Movement in Southern Iberia through GIS and Agent Based Modelling. Instituci\u00f3n: Universidad de Southampton (Reino Unido); Fecha: 31 de Enero de 2012; Director\/es: Leonardo Garc\u00eda Sanju\u00e1n y David W. Wheatley<\/p>\r\n\r\n\r\n\r\n<p>(6)<\/p>\r\n\r\n\r\n\r\n<p>Autor: Manuel Eleazar Costa Caram\u00e9, Becario predoctoral FPU (Gobierno de Espa\u00f1a); T\u00edtulo: La Metalurgia y sus Repercusiones Econ\u00f3micas, Sociales e Ideol\u00f3gicas en las Comunidades del III y II Milenio Cal ANE en el Suroeste de la Pen\u00ednsula Ib\u00e9rica; Instituci\u00f3n: Universidad de Sevilla. Directores: Dr. Leonardo Garc\u00eda Sanju\u00e1n y Dr. Mark A. Hunt Ortiz; Fecha de lectura: 23 de Marzo de 2011.<\/p>\r\n\r\n\r\n\r\n<p>(5)<\/p>\r\n\r\n\r\n\r\n<p>Autor: Miguel \u00c1ngel Rogerio Candelera; T\u00edtulo: T\u00e9cnicas de An\u00e1lisis de Im\u00e1genes para la Documentaci\u00f3n Integral de la Pintura Rupestre; Instituci\u00f3n: Universidad de Sevilla. Directores: Dr. Juan Vicent Garc\u00eda y Dr. Ces\u00e1reo S\u00e1iz Jim\u00e9nez; Tutor: Leonardo Garc\u00eda Sanju\u00e1n; Fecha de lectura: 23 de Febrero de 2011.<\/p>\r\n\r\n\r\n\r\n<p>(4)<\/p>\r\n\r\n\r\n\r\n<p>Autor: Tom\u00e1s Cordero Ruiz; T\u00edtulo: El Ager de Augusta Em\u00e9rita en la Antig\u00fcedad Tard\u00eda (siglos IV-VIII); Instituci\u00f3n: Universidad de Sevilla. Directores: Dr. Pedro Mateos Cruz y Dr. V. Hurtado P\u00e9rez; Fecha de lectura: 18 de Febrero de 2011.<\/p>\r\n\r\n\r\n\r\n<p>(3)<\/p>\r\n\r\n\r\n\r\n<p>Autor: Pablo Garrido Gonz\u00e1lez; T\u00edtulo: La Ocupaci\u00f3n Romana del Valle del Guadiamar y la Conexi\u00f3n Minera; Instituci\u00f3n: Universidad de Sevilla. Directores: Dr. V\u00edctor Hurtado P\u00e9rez y Simon J. Keay; Fecha de lectura: 21 de Enero de 2011.<\/p>\r\n\r\n\r\n\r\n<p>(2)<\/p>\r\n\r\n\r\n\r\n<p>Autor: Daniel Garc\u00eda Rivero; T\u00edtulo: Evoluci\u00f3n Cultural y Filogenias en Arqueolog\u00eda. El Caso de los Denominados \u00cddolos Placa Prehist\u00f3ricos del Suroeste de la Pen\u00ednsula Ib\u00e9rica; Instituci\u00f3n: Universidad de Sevilla. Directores: Dr. Jos\u00e9 Luis Escacena Carrasco; Fecha de lectura: 7 de Junio de 2010.<\/p>\r\n\r\n\r\n\r\n<p>(1)<\/p>\r\n\r\n\r\n\r\n<p>Autor: Carlos Odriozola Lloret; T\u00edtulo: Sistemas T\u00e9cnicos de Producci\u00f3n Cer\u00e1mica en el Guadiana Medio durante la Edad del Cobre; Instituci\u00f3n: Universidad de Sevilla. Directores: Dr. V\u00edctor Hurtado P\u00e9rez y Dr. \u00c1ngel Justo Erbez; Fecha de lectura: 28 de Mayo de 2010.<\/p>\r\n","protected":false},"excerpt":{"rendered":"<p>Entre 2001 y 2022 el Grupo de Investigaci\u00f3n ATLAS ha supervisado 16 tesis doctorales, encontr\u00e1ndose actualmente cuatro m\u00e1s en proceso [&hellip;]<\/p>\n","protected":false},"author":1,"featured_media":0,"parent":0,"menu_order":0,"comment_status":"closed","ping_status":"closed","template":"","meta":{"_uag_custom_page_level_css":"","site-sidebar-layout":"default","site-content-layout":"","ast-site-content-layout":"default","site-content-style":"default","site-sidebar-style":"default","ast-global-header-display":"","ast-banner-title-visibility":"","ast-main-header-display":"","ast-hfb-above-header-display":"","ast-hfb-below-header-display":"","ast-hfb-mobile-header-display":"","site-post-title":"disabled","ast-breadcrumbs-content":"","ast-featured-img":"","footer-sml-layout":"","theme-transparent-header-meta":"default","adv-header-id-meta":"","stick-header-meta":"","header-above-stick-meta":"","header-main-stick-meta":"","header-below-stick-meta":"","astra-migrate-meta-layouts":"set","ast-page-background-enabled":"default","ast-page-background-meta":{"desktop":{"background-color":"var(--ast-global-color-5)","background-image":"","background-repeat":"repeat","background-position":"center center","background-size":"auto","background-attachment":"scroll","background-type":"","background-media":"","overlay-type":"","overlay-color":"","overlay-opacity":"","overlay-gradient":""},"tablet":{"background-color":"","background-image":"","background-repeat":"repeat","background-position":"center center","background-size":"auto","background-attachment":"scroll","background-type":"","background-media":"","overlay-type":"","overlay-color":"","overlay-opacity":"","overlay-gradient":""},"mobile":{"background-color":"","background-image":"","background-repeat":"repeat","background-position":"center center","background-size":"auto","background-attachment":"scroll","background-type":"","background-media":"","overlay-type":"","overlay-color":"","overlay-opacity":"","overlay-gradient":""}},"ast-content-background-meta":{"desktop":{"background-color":"var(--ast-global-color-4)","background-image":"","background-repeat":"repeat","background-position":"center center","background-size":"auto","background-attachment":"scroll","background-type":"","background-media":"","overlay-type":"","overlay-color":"","overlay-opacity":"","overlay-gradient":""},"tablet":{"background-color":"var(--ast-global-color-4)","background-image":"","background-repeat":"repeat","background-position":"center center","background-size":"auto","background-attachment":"scroll","background-type":"","background-media":"","overlay-type":"","overlay-color":"","overlay-opacity":"","overlay-gradient":""},"mobile":{"background-color":"var(--ast-global-color-4)","background-image":"","background-repeat":"repeat","background-position":"center center","background-size":"auto","background-attachment":"scroll","background-type":"","background-media":"","overlay-type":"","overlay-color":"","overlay-opacity":"","overlay-gradient":""}},"footnotes":""},"class_list":["post-2442","page","type-page","status-publish","hentry"],"uagb_featured_image_src":{"full":false,"thumbnail":false,"medium":false,"medium_large":false,"large":false,"1536x1536":false,"2048x2048":false},"uagb_author_info":{"display_name":"adminATLAS","author_link":"https:\/\/grupo.us.es\/atlas\/index.php\/author\/adminatlas\/"},"uagb_comment_info":0,"uagb_excerpt":"Entre 2001 y 2022 el Grupo de Investigaci\u00f3n ATLAS ha supervisado 16 tesis doctorales, encontr\u00e1ndose actualmente cuatro m\u00e1s en proceso [&hellip;]","_links":{"self":[{"href":"https:\/\/grupo.us.es\/atlas\/index.php\/wp-json\/wp\/v2\/pages\/2442","targetHints":{"allow":["GET"]}}],"collection":[{"href":"https:\/\/grupo.us.es\/atlas\/index.php\/wp-json\/wp\/v2\/pages"}],"about":[{"href":"https:\/\/grupo.us.es\/atlas\/index.php\/wp-json\/wp\/v2\/types\/page"}],"author":[{"embeddable":true,"href":"https:\/\/grupo.us.es\/atlas\/index.php\/wp-json\/wp\/v2\/users\/1"}],"replies":[{"embeddable":true,"href":"https:\/\/grupo.us.es\/atlas\/index.php\/wp-json\/wp\/v2\/comments?post=2442"}],"version-history":[{"count":8,"href":"https:\/\/grupo.us.es\/atlas\/index.php\/wp-json\/wp\/v2\/pages\/2442\/revisions"}],"predecessor-version":[{"id":5159,"href":"https:\/\/grupo.us.es\/atlas\/index.php\/wp-json\/wp\/v2\/pages\/2442\/revisions\/5159"}],"wp:attachment":[{"href":"https:\/\/grupo.us.es\/atlas\/index.php\/wp-json\/wp\/v2\/media?parent=2442"}],"curies":[{"name":"wp","href":"https:\/\/api.w.org\/{rel}","templated":true}]}}