{"id":2374,"date":"2015-01-19T06:52:43","date_gmt":"2015-01-19T06:52:43","guid":{"rendered":"http:\/\/grupo.us.es\/atlas\/?page_id=2374"},"modified":"2025-09-19T17:56:57","modified_gmt":"2025-09-19T15:56:57","slug":"moira-sotelo-rico","status":"publish","type":"page","link":"https:\/\/grupo.us.es\/atlas\/index.php\/descripcion\/integrantes\/moira-sotelo-rico\/","title":{"rendered":"Moira Sotelo Rico"},"content":{"rendered":"\r\n<figure class=\"wp-block-image size-full\"><img loading=\"lazy\" decoding=\"async\" width=\"150\" height=\"150\" class=\"wp-image-5281\" src=\"https:\/\/grupo.us.es\/atlas\/wp-content\/uploads\/2025\/08\/sotelo.jpg\" alt=\"\" \/><\/figure>\r\n\r\n\r\n\r\n<p>Titulaci\u00f3n<\/p>\r\n\r\n\r\n\r\n<p>Licenciada en Ciencias Antropol\u00f3gicas, itinerario de investigaci\u00f3n en Arqueolog\u00eda, Universidad de la Rep\u00fablica (Uruguay).<\/p>\r\n\r\n\r\n\r\n<p>M\u00e1ster en Arqueolog\u00eda, Universidad de Sevilla.<\/p>\r\n\r\n\r\n\r\n<p>Doctora en Historia, Universidad de Sevilla.<\/p>\r\n\r\n\r\n\r\n<p>Biograf\u00eda<\/p>\r\n\r\n\r\n\r\n<p>Moira Sotelo Rico (Montevideo, 23 de febrero de 1980) es arque\u00f3loga y docente uruguaya. Es licenciada en Ciencias Antropol\u00f3gicas, con orientaci\u00f3n en investigaci\u00f3n arqueol\u00f3gica, por la Facultad de Humanidades y Ciencias de la Educaci\u00f3n de la Universidad de la Rep\u00fablica (2010).<\/p>\r\n\r\n\r\n\r\n<p>En 2012 obtuvo el M\u00e1ster en Arqueolog\u00eda en la Universidad de Sevilla, donde desarroll\u00f3 el Trabajo de Fin de M\u00e1ster titulado Paisaje y Monumentalidad en la Prehistoria de Uruguay. Contribuci\u00f3n al Inventario de Cairnes y Vichaderos en las Tierras Altas del Centro-Norte Uruguayo, bajo la direcci\u00f3n del Prof. Leonardo Garc\u00eda Sanju\u00e1n.<\/p>\r\n\r\n\r\n\r\n<p>Posteriormente realiz\u00f3 el Doctorado en Historia en la misma universidad, con la tesis Paisajes olvidados en las serran\u00edas de Uruguay: arquitecturas en piedra en la Sierra de Aguirre (2018). La investigaci\u00f3n fue dirigida por el Dr. Leonardo Garc\u00eda Sanju\u00e1n (Universidad de Sevilla), el Dr. C\u00e9sar Parcero-Oubi\u00f1a (Incipit\/CSIC) y el Dr. Jos\u00e9 L\u00f3pez Mazz (Universidad de la Rep\u00fablica).<\/p>\r\n\r\n\r\n\r\n<p>Actualmente se desempe\u00f1a como profesora adjunta del Departamento de Arqueolog\u00eda en el Instituto de Antropolog\u00eda de la Facultad de Humanidades y Ciencias de la Educaci\u00f3n (Universidad de la Rep\u00fablica, Uruguay). Integra el Laboratorio de Arqueolog\u00eda del Paisaje del Uruguay (LAPPU)..<\/p>\r\n\r\n\r\n\r\n<p>L\u00edneas de investigaci\u00f3n<\/p>\r\n\r\n\r\n\r\n<p>Su investigaci\u00f3n se centra en el estudio de las construcciones en piedra realizadas por pueblos ind\u00edgenas en las serran\u00edas de Uruguay. Estas arquitecturas \u2014cairnes, alineamientos y estructuras monumentales\u2014 son interpretadas como materializaciones de pr\u00e1cticas sociales, rituales y funerarias, estrechamente ligadas a cosmovisiones ind\u00edgenas y a la importancia simb\u00f3lica de los cerros y paisajes sagrados. La arqueolog\u00eda del paisaje constituye un marco te\u00f3rico de base, en di\u00e1logo con enfoques sobre memoria, sacralidad y territorialidad. En los \u00faltimos a\u00f1os he profundizado en la relaci\u00f3n entre arqueolog\u00eda y comunidades locales, desarrollando un trabajo colaborativo con colectivos ind\u00edgenas contempor\u00e1neos interesados en la recuperaci\u00f3n, visibilizaci\u00f3n y gesti\u00f3n de su patrimonio cultural. A su vez, he dedicado parte de mi labor a la divulgaci\u00f3n cient\u00edfica mediante la publicaci\u00f3n de libros y materiales de amplia difusi\u00f3n, que buscan acercar la investigaci\u00f3n arqueol\u00f3gica a la sociedad y contribuir a los debates sobre memoria, identidad y patrimonio.<\/p>\r\n\r\n\r\n\r\n<p>Dedicaci\u00f3n actual<\/p>\r\n\r\n\r\n\r\n<p>Profesora adjunta del Departamento de Arqueolog\u00eda, Instituto de Antropolog\u00eda, Facultad de Humanidades y Ciencias de la Educaci\u00f3n, Universidad de la Rep\u00fablica, Uruguay.<\/p>\r\n\r\n\r\n\r\n<p>Consultora independiente en la evaluaci\u00f3n ambiental de proyectos arqueol\u00f3gicos.<\/p>\r\n\r\n\r\n\r\n<p>Otros perfiles<\/p>\r\n\r\n\r\n\r\n<p><a href=\"https:\/\/independent.academia.edu\/MoiraSotelo\" target=\"_blank\" rel=\"noreferrer noopener\">Perfil en Academia.edu<\/a><\/p>\r\n","protected":false},"excerpt":{"rendered":"<p>Titulaci\u00f3n Licenciada en Ciencias Antropol\u00f3gicas, itinerario de investigaci\u00f3n en Arqueolog\u00eda, Universidad de la Rep\u00fablica (Uruguay). M\u00e1ster en Arqueolog\u00eda, Universidad de [&hellip;]<\/p>\n","protected":false},"author":1,"featured_media":0,"parent":790,"menu_order":0,"comment_status":"closed","ping_status":"closed","template":"","meta":{"_uag_custom_page_level_css":"","site-sidebar-layout":"default","site-content-layout":"","ast-site-content-layout":"default","site-content-style":"default","site-sidebar-style":"default","ast-global-header-display":"","ast-banner-title-visibility":"","ast-main-header-display":"","ast-hfb-above-header-display":"","ast-hfb-below-header-display":"","ast-hfb-mobile-header-display":"","site-post-title":"","ast-breadcrumbs-content":"","ast-featured-img":"","footer-sml-layout":"","theme-transparent-header-meta":"default","adv-header-id-meta":"","stick-header-meta":"","header-above-stick-meta":"","header-main-stick-meta":"","header-below-stick-meta":"","astra-migrate-meta-layouts":"set","ast-page-background-enabled":"default","ast-page-background-meta":{"desktop":{"background-color":"var(--ast-global-color-5)","background-image":"","background-repeat":"repeat","background-position":"center center","background-size":"auto","background-attachment":"scroll","background-type":"","background-media":"","overlay-type":"","overlay-color":"","overlay-opacity":"","overlay-gradient":""},"tablet":{"background-color":"","background-image":"","background-repeat":"repeat","background-position":"center center","background-size":"auto","background-attachment":"scroll","background-type":"","background-media":"","overlay-type":"","overlay-color":"","overlay-opacity":"","overlay-gradient":""},"mobile":{"background-color":"","background-image":"","background-repeat":"repeat","background-position":"center center","background-size":"auto","background-attachment":"scroll","background-type":"","background-media":"","overlay-type":"","overlay-color":"","overlay-opacity":"","overlay-gradient":""}},"ast-content-background-meta":{"desktop":{"background-color":"var(--ast-global-color-4)","background-image":"","background-repeat":"repeat","background-position":"center center","background-size":"auto","background-attachment":"scroll","background-type":"","background-media":"","overlay-type":"","overlay-color":"","overlay-opacity":"","overlay-gradient":""},"tablet":{"background-color":"var(--ast-global-color-4)","background-image":"","background-repeat":"repeat","background-position":"center center","background-size":"auto","background-attachment":"scroll","background-type":"","background-media":"","overlay-type":"","overlay-color":"","overlay-opacity":"","overlay-gradient":""},"mobile":{"background-color":"var(--ast-global-color-4)","background-image":"","background-repeat":"repeat","background-position":"center center","background-size":"auto","background-attachment":"scroll","background-type":"","background-media":"","overlay-type":"","overlay-color":"","overlay-opacity":"","overlay-gradient":""}},"footnotes":""},"class_list":["post-2374","page","type-page","status-publish","hentry"],"uagb_featured_image_src":{"full":false,"thumbnail":false,"medium":false,"medium_large":false,"large":false,"1536x1536":false,"2048x2048":false},"uagb_author_info":{"display_name":"adminATLAS","author_link":"https:\/\/grupo.us.es\/atlas\/index.php\/author\/adminatlas\/"},"uagb_comment_info":0,"uagb_excerpt":"Titulaci\u00f3n Licenciada en Ciencias Antropol\u00f3gicas, itinerario de investigaci\u00f3n en Arqueolog\u00eda, Universidad de la Rep\u00fablica (Uruguay). M\u00e1ster en Arqueolog\u00eda, Universidad de [&hellip;]","_links":{"self":[{"href":"https:\/\/grupo.us.es\/atlas\/index.php\/wp-json\/wp\/v2\/pages\/2374","targetHints":{"allow":["GET"]}}],"collection":[{"href":"https:\/\/grupo.us.es\/atlas\/index.php\/wp-json\/wp\/v2\/pages"}],"about":[{"href":"https:\/\/grupo.us.es\/atlas\/index.php\/wp-json\/wp\/v2\/types\/page"}],"author":[{"embeddable":true,"href":"https:\/\/grupo.us.es\/atlas\/index.php\/wp-json\/wp\/v2\/users\/1"}],"replies":[{"embeddable":true,"href":"https:\/\/grupo.us.es\/atlas\/index.php\/wp-json\/wp\/v2\/comments?post=2374"}],"version-history":[{"count":3,"href":"https:\/\/grupo.us.es\/atlas\/index.php\/wp-json\/wp\/v2\/pages\/2374\/revisions"}],"predecessor-version":[{"id":5518,"href":"https:\/\/grupo.us.es\/atlas\/index.php\/wp-json\/wp\/v2\/pages\/2374\/revisions\/5518"}],"up":[{"embeddable":true,"href":"https:\/\/grupo.us.es\/atlas\/index.php\/wp-json\/wp\/v2\/pages\/790"}],"wp:attachment":[{"href":"https:\/\/grupo.us.es\/atlas\/index.php\/wp-json\/wp\/v2\/media?parent=2374"}],"curies":[{"name":"wp","href":"https:\/\/api.w.org\/{rel}","templated":true}]}}