{"id":20,"date":"2013-04-18T06:53:39","date_gmt":"2013-04-18T06:53:39","guid":{"rendered":"http:\/\/grupo.us.es\/atlas\/?page_id=20"},"modified":"2025-08-21T13:33:07","modified_gmt":"2025-08-21T11:33:07","slug":"temas","status":"publish","type":"page","link":"https:\/\/grupo.us.es\/atlas\/index.php\/temas\/","title":{"rendered":"Temas"},"content":{"rendered":"\n<div class=\"wp-block-uagb-container uagb-block-d964f906 alignfull uagb-is-root-container\"><div class=\"uagb-container-inner-blocks-wrap\">\n<div class=\"wp-block-cover\" style=\"min-height:350px;aspect-ratio:unset;\"><img decoding=\"async\" class=\"wp-block-cover__image-background wp-image-4762\" alt=\"\" src=\"https:\/\/grupo.us.es\/atlas\/wp-content\/uploads\/2025\/07\/IMAGEN-INICIO-1.9-1024x512.png\" data-object-fit=\"cover\"\/><span aria-hidden=\"true\" class=\"wp-block-cover__background has-background-dim\"><\/span><div class=\"wp-block-cover__inner-container is-layout-flow wp-block-cover-is-layout-flow\">\n<p class=\"has-text-align-center has-ast-global-color-4-color has-text-color has-link-color has-large-font-size wp-elements-fb7228b29225cdb997fd1416373e0b3d\">TEMAS<\/p>\n<\/div><\/div>\n<\/div><\/div>\n\n\n\n<div style=\"height:58px\" aria-hidden=\"true\" class=\"wp-block-spacer\"><\/div>\n\n\n\n<p class=\"has-text-align-center\">Conoce los temas en los que Grupo ATLAS trabaja d\u00eda a d\u00eda<\/p>\n\n\n\n<div class=\"wp-block-buttons is-vertical is-content-justification-center is-layout-flex wp-container-core-buttons-is-layout-ce155fab wp-block-buttons-is-layout-flex\">\n<div class=\"wp-block-button\"><a class=\"wp-block-button__link wp-element-button\" href=\"https:\/\/grupo.us.es\/atlas\/index.php\/arte-rupestre-2\/\">ARTE RUPESTRE<\/a><\/div>\n\n\n\n<div class=\"wp-block-button\"><a class=\"wp-block-button__link wp-element-button\" href=\"https:\/\/grupo.us.es\/atlas\/index.php\/temas\/bioarqueologia\/\">BIOARQUEOLOG\u00cdA<\/a><\/div>\n\n\n\n<div class=\"wp-block-button\"><a class=\"wp-block-button__link wp-element-button\" href=\"https:\/\/grupo.us.es\/atlas\/index.php\/temas\/arqueometria-de-materiales-metalicos-arqueometalurgia\/\">ARQUEOMETALURGIA<\/a><\/div>\n\n\n\n<div class=\"wp-block-button\"><a class=\"wp-block-button__link wp-element-button\" href=\"https:\/\/grupo.us.es\/atlas\/index.php\/temas\/arqueometria-ceramica\/\">ARQUEOMETR\u00cdA CER\u00c1MICA<\/a><\/div>\n\n\n\n<div class=\"wp-block-button\"><a class=\"wp-block-button__link wp-element-button\" href=\"https:\/\/grupo.us.es\/atlas\/index.php\/temas\/materias-primas-exoticas\/\">MATERIAS PRIMAS EX\u00d3TICAS<\/a><\/div>\n\n\n\n<div class=\"wp-block-button\"><a class=\"wp-block-button__link wp-element-button\" href=\"https:\/\/grupo.us.es\/atlas\/index.php\/temas\/sitios-y-paisajes-megaliticos\/\">SITIOS Y PAISAJES MEGALITICOS<\/a><\/div>\n\n\n\n<div class=\"wp-block-button\"><a class=\"wp-block-button__link wp-element-button\">ESTELAS Y ESTATUARIA PREHIST\u00d3RICA<\/a><\/div>\n\n\n\n<div class=\"wp-block-button\"><a class=\"wp-block-button__link wp-element-button\" href=\"https:\/\/grupo.us.es\/atlas\/index.php\/temas\/arqueologia-territorial-y-del-paisaje\/\">ARQUEOLOG\u00cdA TERRITORIAL Y DEL PAISAJE<\/a><\/div>\n\n\n\n<div class=\"wp-block-button\"><a class=\"wp-block-button__link wp-element-button\" href=\"https:\/\/grupo.us.es\/atlas\/index.php\/temas\/arqueologia-de-la-desigualdad-social\/\">ARQUEOLOG\u00cdA DE LA DESIGUALDAD SOCIAL<\/a><\/div>\n<\/div>\n\n\n\n<figure class=\"wp-block-gallery alignwide has-nested-images columns-1 is-cropped has-ast-global-color-4-background-color has-background wp-block-gallery-1 is-layout-flex wp-block-gallery-is-layout-flex\">\n<figure class=\"wp-block-image size-full\"><img loading=\"lazy\" decoding=\"async\" width=\"800\" height=\"797\" data-id=\"1310\" src=\"https:\/\/grupo.us.es\/atlas\/wp-content\/uploads\/2013\/09\/hunt_ortiz_2003_foto_3_g.jpg\" alt=\"Metalograf\u00eda de fragmento de posible hoja de cuchillo de cobre de la tumba colectiva de El Algarrobillo (Valencina de la Concepci\u00f3n , Sevilla) (atacada, x125). Seg\u00fan Hunt Ortiz, 2003: Foto 3.\" class=\"wp-image-1310\"\/><figcaption class=\"wp-element-caption\">Metalograf\u00eda de fragmento de posible hoja de cuchillo de cobre de la tumba colectiva de El Algarrobillo (Valencina de la Concepci\u00f3n , Sevilla) (atacada, x125). Seg\u00fan Hunt Ortiz, 2003: Foto 3. <\/figcaption><\/figure>\n\n\n\n<figure class=\"wp-block-image size-full\"><img loading=\"lazy\" decoding=\"async\" width=\"800\" height=\"537\" data-id=\"1311\" src=\"https:\/\/grupo.us.es\/atlas\/wp-content\/uploads\/2013\/09\/hunt_ortiz_2003_foto_38_g.jpg\" alt=\"Metalograf\u00eda de un fragmento de lingote de plata de la I Edad del Hierro procedente de Aznalc\u00f3llar (Sevilla) (atacada, x100). Seg\u00fan Hunt Ortiz, 2003: Foto 38.\" class=\"wp-image-1311\"\/><figcaption class=\"wp-element-caption\">Metalograf\u00eda de un fragmento de lingote de plata de la I Edad del Hierro procedente de Aznalc\u00f3llar (Sevilla) (atacada, x100). Seg\u00fan Hunt Ortiz, 2003: Foto 38. <\/figcaption><\/figure>\n<\/figure>\n","protected":false},"excerpt":{"rendered":"<p>Conoce los temas en los que Grupo ATLAS trabaja d\u00eda a d\u00eda<\/p>\n","protected":false},"author":1,"featured_media":0,"parent":0,"menu_order":0,"comment_status":"closed","ping_status":"open","template":"","meta":{"_uag_custom_page_level_css":"","site-sidebar-layout":"default","site-content-layout":"","ast-site-content-layout":"default","site-content-style":"default","site-sidebar-style":"default","ast-global-header-display":"","ast-banner-title-visibility":"","ast-main-header-display":"","ast-hfb-above-header-display":"","ast-hfb-below-header-display":"","ast-hfb-mobile-header-display":"","site-post-title":"disabled","ast-breadcrumbs-content":"","ast-featured-img":"","footer-sml-layout":"","theme-transparent-header-meta":"default","adv-header-id-meta":"","stick-header-meta":"","header-above-stick-meta":"","header-main-stick-meta":"","header-below-stick-meta":"","astra-migrate-meta-layouts":"set","ast-page-background-enabled":"default","ast-page-background-meta":{"desktop":{"background-color":"var(--ast-global-color-5)","background-image":"","background-repeat":"repeat","background-position":"center center","background-size":"auto","background-attachment":"scroll","background-type":"","background-media":"","overlay-type":"","overlay-color":"","overlay-opacity":"","overlay-gradient":""},"tablet":{"background-color":"","background-image":"","background-repeat":"repeat","background-position":"center center","background-size":"auto","background-attachment":"scroll","background-type":"","background-media":"","overlay-type":"","overlay-color":"","overlay-opacity":"","overlay-gradient":""},"mobile":{"background-color":"","background-image":"","background-repeat":"repeat","background-position":"center center","background-size":"auto","background-attachment":"scroll","background-type":"","background-media":"","overlay-type":"","overlay-color":"","overlay-opacity":"","overlay-gradient":""}},"ast-content-background-meta":{"desktop":{"background-color":"var(--ast-global-color-4)","background-image":"","background-repeat":"repeat","background-position":"center center","background-size":"auto","background-attachment":"scroll","background-type":"","background-media":"","overlay-type":"","overlay-color":"","overlay-opacity":"","overlay-gradient":""},"tablet":{"background-color":"var(--ast-global-color-4)","background-image":"","background-repeat":"repeat","background-position":"center center","background-size":"auto","background-attachment":"scroll","background-type":"","background-media":"","overlay-type":"","overlay-color":"","overlay-opacity":"","overlay-gradient":""},"mobile":{"background-color":"var(--ast-global-color-4)","background-image":"","background-repeat":"repeat","background-position":"center center","background-size":"auto","background-attachment":"scroll","background-type":"","background-media":"","overlay-type":"","overlay-color":"","overlay-opacity":"","overlay-gradient":""}},"footnotes":""},"class_list":["post-20","page","type-page","status-publish","hentry"],"uagb_featured_image_src":{"full":false,"thumbnail":false,"medium":false,"medium_large":false,"large":false,"1536x1536":false,"2048x2048":false},"uagb_author_info":{"display_name":"adminATLAS","author_link":"https:\/\/grupo.us.es\/atlas\/index.php\/author\/adminatlas\/"},"uagb_comment_info":0,"uagb_excerpt":"Conoce los temas en los que Grupo ATLAS trabaja d\u00eda a d\u00eda","_links":{"self":[{"href":"https:\/\/grupo.us.es\/atlas\/index.php\/wp-json\/wp\/v2\/pages\/20","targetHints":{"allow":["GET"]}}],"collection":[{"href":"https:\/\/grupo.us.es\/atlas\/index.php\/wp-json\/wp\/v2\/pages"}],"about":[{"href":"https:\/\/grupo.us.es\/atlas\/index.php\/wp-json\/wp\/v2\/types\/page"}],"author":[{"embeddable":true,"href":"https:\/\/grupo.us.es\/atlas\/index.php\/wp-json\/wp\/v2\/users\/1"}],"replies":[{"embeddable":true,"href":"https:\/\/grupo.us.es\/atlas\/index.php\/wp-json\/wp\/v2\/comments?post=20"}],"version-history":[{"count":19,"href":"https:\/\/grupo.us.es\/atlas\/index.php\/wp-json\/wp\/v2\/pages\/20\/revisions"}],"predecessor-version":[{"id":5252,"href":"https:\/\/grupo.us.es\/atlas\/index.php\/wp-json\/wp\/v2\/pages\/20\/revisions\/5252"}],"wp:attachment":[{"href":"https:\/\/grupo.us.es\/atlas\/index.php\/wp-json\/wp\/v2\/media?parent=20"}],"curies":[{"name":"wp","href":"https:\/\/api.w.org\/{rel}","templated":true}]}}