{"id":1951,"date":"2013-10-29T12:37:20","date_gmt":"2013-10-29T12:37:20","guid":{"rendered":"http:\/\/grupo.us.es\/atlas\/?page_id=1951"},"modified":"2025-07-15T23:15:01","modified_gmt":"2025-07-15T21:15:01","slug":"sitios-y-paisajes-megaliticos","status":"publish","type":"page","link":"https:\/\/grupo.us.es\/atlas\/index.php\/temas\/sitios-y-paisajes-megaliticos\/","title":{"rendered":"Sitios y paisajes megal\u00edticos"},"content":{"rendered":"\n<div class=\"wp-block-cover alignfull has-custom-content-position is-position-top-left\" style=\"margin-top:0;padding-top:5vw;padding-right:5vw;padding-bottom:5vw;padding-left:5vw;min-height:50vh;aspect-ratio:unset;\"><img loading=\"lazy\" decoding=\"async\" width=\"657\" height=\"370\" class=\"wp-block-cover__image-background wp-image-4343 size-full\" alt=\"\" src=\"https:\/\/grupo.us.es\/atlas\/wp-content\/uploads\/2025\/07\/Sitios-y-Paisajes-Megaliticos-04-edited.png\" data-object-fit=\"cover\" srcset=\"https:\/\/grupo.us.es\/atlas\/wp-content\/uploads\/2025\/07\/Sitios-y-Paisajes-Megaliticos-04-edited.png 657w, https:\/\/grupo.us.es\/atlas\/wp-content\/uploads\/2025\/07\/Sitios-y-Paisajes-Megaliticos-04-edited-300x169.png 300w\" sizes=\"auto, (max-width: 657px) 100vw, 657px\" \/><span aria-hidden=\"true\" class=\"wp-block-cover__background has-background-dim-60 has-background-dim\" style=\"background-color:#141414\"><\/span><div class=\"wp-block-cover__inner-container is-layout-constrained wp-container-core-cover-is-layout-832bbb0f wp-block-cover-is-layout-constrained\">\n<div class=\"wp-block-group wp-container-content-9cfa9a5a is-vertical is-nowrap is-layout-flex wp-container-core-group-is-layout-2890af74 wp-block-group-is-layout-flex\">\n<p class=\"has-text-align-left has-ast-global-color-4-color has-text-color has-source-serif-pro-font-family\" style=\"font-size:50px;font-style:italic;font-weight:900;letter-spacing:-2px;line-height:0.8;text-transform:none\">Sitios y paisajes megal\u00edticos<\/p>\n<\/div>\n<\/div><\/div>\n\n\n\n<div style=\"height:100px\" aria-hidden=\"true\" class=\"wp-block-spacer\"><\/div>\n\n\n\n<p>Desde comienzos de la d\u00e9cada de 2000 el Grupo de Investigaci\u00f3n ATLAS ha venido realizando diversos proyectos y trabajos cient\u00edficos en relaci\u00f3n con el fen\u00f3meno megal\u00edtico en el Sur de la pen\u00ednsula Ib\u00e9rica. Esta l\u00ednea de investigaci\u00f3n se ha materializado en trabajos de prospecci\u00f3n de superficie y excavaci\u00f3n en sitios de las provincias de Badajoz, Huelva, Sevilla y M\u00e1laga entre los cuales se cuentan Palacio III (Almad\u00e9n de la Plata, Sevilla), Llano de la Belleza (Aroche, Huelva), Valencina de la Concepci\u00f3n (Sevilla) y Antequera (M\u00e1laga). La aproximaci\u00f3n seguida en estos estudios ha buscado ampliar la agenda epistemol\u00f3gica que se ven\u00eda aplicando tradicionalmente al estudio del fen\u00f3meno megal\u00edtico hasta los a\u00f1os 1980. Concretamente, se ha prestado especial atenci\u00f3n a la investigaci\u00f3n de alta resoluci\u00f3n de las dimensiones contextual, diacr\u00f3nica y paisaj\u00edstica del fen\u00f3meno. En una aproximaci\u00f3n contextual, el registro de los dep\u00f3sitos megal\u00edticos es tratado como un todo significativo, y no meramente como una colecci\u00f3n de objetos (artefactos) individuales. En este sentido, los estudios y proyectos desarrollados por nosotros han puesto gran \u00e9nfasis en el estudio micro-espacial de los dep\u00f3sitos megal\u00edticos, en la caracterizaci\u00f3n geo-litol\u00f3gica de las arquitecturas, y en el estudio de las expresiones gr\u00e1ficas a que las mismas dieron soporte (\u00e1mbito com\u00fanmente referido como \u201carte megal\u00edtico\u201d). Por otra parte, el megalitismo es un fen\u00f3meno en esencia diacr\u00f3nico, de larga duraci\u00f3n, que hunde sus ra\u00edces en el periodo Neol\u00edtico, pero que tienen una importante presencia entre las sociedades de ulteriores periodos de la Prehistoria Reciente (Edad del Cobre, Edad del Bronce), de la Protohistoria (Edad del Hierro) e incluso de la Antig\u00fcedad y el Medievo. La complejidad de las biograf\u00edas de determinados monumentos megal\u00edticos no queda en ning\u00fan sitio mejor reflejada que en el dolmen de Menga (Antequera, M\u00e1laga), una magna construcci\u00f3n que presenta un complejo palimpsesto de dep\u00f3sitos votivos y funerarios de muy distintas \u00e9pocas. La superaci\u00f3n del esquema interpretativo seg\u00fan el cual el megalitismo es un fen\u00f3meno cultural de significaci\u00f3n estricta o exclusivamente neol\u00edtica o calcol\u00edtico ha sido el objetivo te\u00f3rico e interpretativo de varias publicaciones realizadas por integrantes del Grupo de Investigaci\u00f3n, posibilitando debates m\u00e1s informados en relaci\u00f3n con temas antropol\u00f3gicos de gran alcance (continuidad y cambio cultural, resistencia, memoria.etc.). Igualmente significativos han sido los avances en el estudio de la dimensi\u00f3n paisaj\u00edstica del fen\u00f3meno megal\u00edtico, que permite superar el tratamiento del mismo centrado en sitios individuales y ampliar el an\u00e1lisis a las relaciones de los sitios entre s\u00ed, de los sitios con otros elementos culturales o antr\u00f3picos del entorno (v\u00edas de paso, asentamientos) y de los sitios con los componente naturales del medio f\u00edsico (formaciones naturales, topograf\u00eda, hidrolog\u00eda, etc.). La aproximaci\u00f3n paisaj\u00edstica al megalitismo ha posibilitado la obtenci\u00f3n de resultados radicalmente nuevos en la interpretaci\u00f3n de variables que antes hab\u00edan sido escasamente o nada tratadas, como es el caso de la accesibilidad, la movilidad, la orientaci\u00f3n, etc. La utilizaci\u00f3n de herramienta de an\u00e1lisis espacial como los Sistema de Informaci\u00f3n Geogr\u00e1fica y el uso de aproximaciones cuantitativas son elementos esenciales de esta aproximaci\u00f3n paisaj\u00edsticas al fen\u00f3meno megal\u00edtico.<\/p>\n\n\n\n<p>Entre las actividades actividades acad\u00e9micas llevadas a cabo por el grupo ATLAS en relaci\u00f3n con el megalitismo se encuentran la organizaci\u00f3n del segundo encuentro del Grupo Europeo de Estudios Megal\u00edticos, celebrado en Sevilla en Noviembre de 2008, o la reuni\u00f3n de Patrimonio Megal\u00edtico en la Lista de Patrimonio del a Humanidad, llevada a cabo en M\u00e1laga y Antequera en septiembre de 2011.<\/p>\n\n\n\n<p>Garc\u00eda Sanju\u00e1n, L. y Wheatley, D, W. (Editores) (2014 \u2013 En preparaci\u00f3n): <em>The Palacio III Funerary Complex (Almad\u00e9n de la Plata, Sevilla, Spain): A New Approach to the Megalithic Phenomenon in Southern Iberia. <\/em>University of Southampton Series in Archaeology, Southampton\/Oxford<\/p>\n\n\n\n<p>Garc\u00eda Sanju\u00e1n, L.; Scarre, C. y Wheatley, D. W. (Editores) (2011): <em>Exploring Time and Matter in Prehistoric M<\/em><em>onuments: Absolute Chronology and Rare Rocks in European Megaliths. <\/em><em>Proceedings of the 2nd European Megalithic Studies Group Meeting (Seville, Spain, November 2008). <\/em><em>Menga: Revista de Prehistoria de Andaluc\u00eda, <\/em>Monograf\u00eda n\u00ba 1. Sevilla. Junta de Andaluc\u00eda.<\/p>\n\n\n\n<p>Garc\u00eda Sanju\u00e1n, L. y Ruiz Gonz\u00e1lez, B. (Editores) (2009): <em>Las Grandes Piedras de la Prehistoria. Sitios y Paisajes Megal\u00edticos de Andaluc\u00eda\/The Large Stones of Prehistory. Megalithic Sites and Landscapes of Andalusia<\/em>. Sevilla. Junta de Andaluc\u00eda<\/p>\n\n\n\n<p>Garc\u00eda Sanju\u00e1n, L. (Coordinador) (2008): <em>Patrimonio Megal\u00edtico. M\u00e1s All\u00e1 de los L\u00edmites de la Prehistoria<\/em>. PH67 N\u00famero Monogr\u00e1fico del Bolet\u00edn del Instituto Andaluz del Patrimonio Hist\u00f3rico n\u00ba 67 (Agosto 2008). Sevilla. Junta de Andaluc\u00eda.<\/p>\n\n\n\n<p>Garc\u00eda Sanju\u00e1n, L. y Lozano Rodr\u00edguez, J. A. (2014 \u2013 En Prensa): \u201cMenga (Antequera, M\u00e1laga, Spain): Biography of an outstanding megalithic monument.<em>\u201d<\/em> En Scarre, C. and Laporte, L. (eds.): <em>The Megalithic Architectures of Europe<\/em>. Oxford. Oxbow<\/p>\n\n\n\n<p>Rogerio-Candelera, M. A.; Herrera, L. K.; Miller, A. Z.; Garc\u00eda Sanju\u00e1n, L.; Mora Molina, C.; Wheatley, D. W.; Justo, A. y Saiz-Jim\u00e9nez, C. (2013): \u201cAllochthonous red pigments used in burial practices at the Copper Age site of Valencina de la Concepci\u00f3n (Sevilla, Spain): characterisation and social dimension\u201d. <em>Journal of Archaeological Science<\/em> 40, 279-290.<\/p>\n\n\n\n<p>Murrieta Flores, P. A.; Wheatley, D. W. y Garc\u00eda Sanju\u00e1n, L. (2011): \u201cMovilidad y v\u00edas de paso en los paisajes prehist\u00f3ricos: megalitos y v\u00edas pecuarias en Almad\u00e9n de la&nbsp; Plata (Sevilla, Espa\u00f1a).\u201d En Mayoral Herrera, V. y Celestino P\u00e9rez, S. (Editores): <em>Tecnolog\u00edas de<\/em><em> Informaci\u00f3n Geogr\u00e1fica y An\u00e1lisis Arqueol\u00f3gico del Territorio. Actas del V Symposio Internacional Arqueolog\u00eda de M\u00e9rida (M\u00e9rida, 7-10 de Noviembre de 2007), <\/em>412-423. Anejos de AEsPa 59. M\u00e9rida. CSIC.<\/p>\n\n\n\n<p>D\u00edaz-Zorita Bonilla, M. y Garc\u00eda Sanju\u00e1n, L. (2012): \u201cLas inhumaciones medievales del atrio del dolmen de Menga (Antequera, M\u00e1laga): estudio antropol\u00f3gico y cronolog\u00eda absoluta.\u201d <em>Menga. <\/em><em>Revista de Prehistoria de Andaluc\u00eda<\/em> 3, 237-250.<\/p>\n\n\n\n<p>Garc\u00eda Sanju\u00e1n, L.; Wheatley, D. W. y Costa Caram\u00e9, M. E. (2011): \u201cThe numerical chronology of the megalithic phenomenon in southern Spain: progress and problems.\u201d En Garc\u00eda Sanju\u00e1n, L.; Scarre, C. y Wheatley, D. W. (Editores): <em>Exploring Time and Matter in Prehistoric Monuments: Absolute Chronology and Rare Rocks in European Megaliths. <\/em><em>Proceedings of the 2nd European Megalithic Studies Group Meeting (Seville, Spain, November 2008). <\/em><em>Menga: Revista de Prehistoria de Andaluc\u00eda, <\/em>Monograf\u00eda n\u00ba 1, 121-157. Sevilla. Junta de Andaluc\u00eda<\/p>\n\n\n\n<p>Garc\u00eda Sanju\u00e1n, L. (2011): \u201cTransformations, invocations, echoes, resistance: the assimilation of the past in southern Iberian monumental landscapes (5th to 1st millennia BC)\u201d En Lillios, K. (Editora) (2008): <em>Comparative Archaeologies: the US Southwest and the Iberian Peninsula<\/em>, 81-102. Oxford: Oxbow Books.<\/p>\n\n\n\n<p>Linares Catela, J. A. y Garc\u00eda Sanju\u00e1n, L. (2010): \u201cContribuciones a la cronolog\u00eda absoluta del megalitismo andaluz. Nuevas fechas radiocarb\u00f3nicas de sitios megal\u00edticos del And\u00e9valo oriental (Huelva).\u201d <em>Menga. Revista de Prehistoria de Andaluc\u00eda<\/em> 1, 135-151.<\/p>\n\n\n\n<p>Garc\u00eda Sanju\u00e1n, L. y Wheatley, D. (2010): \u201cNatural substances, landscape forms, symbols and funerary monuments: elements of cultural memory among the Neolithic and Copper Age societies of Southern Spain.\u201d En Lillios, K. &amp; Tsamis, V. (Eds.): <em>Material Mnemonics. Everyday Memory in Prehistoric<\/em> <em>Europe<\/em>, 10-39. Oxford: Oxbow Books<\/p>\n\n\n\n<p>Wheatley, D.; Garc\u00eda Sanju\u00e1n, L.; Murrieta Flores, P. y M\u00e1rquez P\u00e9rez, J. (2010): \u201cThe megalithic phenomenon in Southern Spain: approaching the landscape dimension.\u201d <em>Oxford Journal of Archaeology<\/em> 29 (4), 387-405.<\/p>\n\n\n\n<p>Garc\u00eda Sanju\u00e1n, L. (2009): \u201cIntroducci\u00f3n a los sitios y paisajes megal\u00edticos de Andaluc\u00eda.\u201d En Garc\u00eda Sanju\u00e1n, L. y Ruiz Gonz\u00e1lez, B. (Editores) (2009): <em>Las Grandes Piedras de la Prehistoria. Sitios y Paisajes Megal\u00edticos de Andaluc\u00eda<\/em>, 12-31. Sevilla. Junta de Andaluc\u00eda.<\/p>\n\n\n\n<p>Garc\u00eda Sanju\u00e1n, L. y Wheatley, D. (2009): \u201cEl marco territorial de los d\u00f3lmenes de Antequera: valoraci\u00f3n preliminar de las primeras investigaciones.\u201d En Ruiz Gonz\u00e1lez, B. (Ed.): <em>D\u00f3lmenes de Antequera. Tutela y Valorizaci\u00f3n Hoy<\/em>, 128-143. Sevilla. Junta de Andaluc\u00eda.<\/p>\n\n\n\n<p>Garc\u00eda Sanju\u00e1n, L. (2008): \u201cMuerte, tiempo, memoria. Los megalitos como memoriales culturales.\u201d En Garc\u00eda Sanju\u00e1n, L. (Coordinador): <em>Patrimonio Megal\u00edtico<\/em>. <em>PH67 N\u00famero Monogr\u00e1fico del Bolet\u00edn del Instituto Andaluz del Patrimonio Hist\u00f3rico<\/em> n\u00ba 67 (Agosto 2008). P\u00e1ginas 34-45. Sevilla. Junta de Andaluc\u00eda.<\/p>\n\n\n\n<p>Garc\u00eda Sanju\u00e1n, L.; Garrido Gonz\u00e1lez, P. y Lozano G\u00f3mez, F. (2007): \u201cLas piedras de la memoria (II). El uso en \u00e9poca romana de espacios y monumentos sagrados prehist\u00f3ricos del Sur de la Pen\u00ednsula Ib\u00e9rica.\u201d <em>Complutum<\/em> 18. P\u00e1ginas 109-130.<\/p>\n\n\n\n<p>Garc\u00eda Sanju\u00e1n, L. y Wheatley, D. (2006): \u201cRecent investigations of the megalithic landscapes of Sevilla province, Andalusia: Dolmen de Palacio III\u201d En Joussaume, R.; Laporte, L. y Scarre, C. (eds.): <em>Origin and Development of the Megalithic Phenomenon of Western Europe. Proceedings of the International Symposium (Bougon, France, October 26th-30th 2002)<\/em>, 473-484. Niort: Conseil G\u00e9n\u00e9ral de Deux S\u00e8vres.<\/p>\n\n\n\n<p>Garc\u00eda Sanju\u00e1n, L. (2005): \u201cLas piedras de la memoria. La <em>permanencia<\/em> del megalitismo en el Suroeste de la Pen\u00ednsula Ib\u00e9rica durante el II y I milenios ANE.\u201d <em>Trabajos de Prehistoria<\/em> 62 (1), 85-109.<\/p>\n\n\n\n<p>Garc\u00eda Sanju\u00e1n, L. (2005): \u201cGrandes piedras viejas, memoria y pasado. Reutilizaciones del Dolmen de Palacio III (Almad\u00e9n de la Plata, Sevilla) durante la Edad del Hierro.\u201d En Celestino P\u00e9rez, S. y Jim\u00e9nez \u00c1vila, J. (Editores): <em>El Periodo Orientalizante<\/em>. <em>Actas del III Simposio Internacional de Arqueolog\u00eda de M\u00e9rida. Protohistoria del Mediterr\u00e1neo Occidental (M\u00e9rida, 5-8 de Mayo de 2003)<\/em>. <em>Anejos de Archivo Espa\u00f1ol de Arqueolog\u00eda<\/em>&nbsp; 35, 595-604<em>.<\/em> M\u00e9rida. CSIC.<\/p>\n\n\n\n<figure class=\"wp-block-gallery has-nested-images columns-default is-cropped wp-block-gallery-1 is-layout-flex wp-block-gallery-is-layout-flex\">\n<figure class=\"wp-block-image size-large\"><img loading=\"lazy\" decoding=\"async\" width=\"800\" height=\"800\" data-id=\"4766\" src=\"https:\/\/grupo.us.es\/atlas\/wp-content\/uploads\/2025\/07\/14.png\" alt=\"\" class=\"wp-image-4766\" srcset=\"https:\/\/grupo.us.es\/atlas\/wp-content\/uploads\/2025\/07\/14.png 800w, https:\/\/grupo.us.es\/atlas\/wp-content\/uploads\/2025\/07\/14-300x300.png 300w, https:\/\/grupo.us.es\/atlas\/wp-content\/uploads\/2025\/07\/14-150x150.png 150w, https:\/\/grupo.us.es\/atlas\/wp-content\/uploads\/2025\/07\/14-768x768.png 768w\" sizes=\"auto, (max-width: 800px) 100vw, 800px\" \/><\/figure>\n\n\n\n<figure class=\"wp-block-image size-large\"><img loading=\"lazy\" decoding=\"async\" width=\"800\" height=\"800\" data-id=\"4767\" src=\"https:\/\/grupo.us.es\/atlas\/wp-content\/uploads\/2025\/07\/15.png\" alt=\"\" class=\"wp-image-4767\" srcset=\"https:\/\/grupo.us.es\/atlas\/wp-content\/uploads\/2025\/07\/15.png 800w, https:\/\/grupo.us.es\/atlas\/wp-content\/uploads\/2025\/07\/15-300x300.png 300w, https:\/\/grupo.us.es\/atlas\/wp-content\/uploads\/2025\/07\/15-150x150.png 150w, https:\/\/grupo.us.es\/atlas\/wp-content\/uploads\/2025\/07\/15-768x768.png 768w\" sizes=\"auto, (max-width: 800px) 100vw, 800px\" \/><\/figure>\n\n\n\n<figure class=\"wp-block-image size-large\"><img loading=\"lazy\" decoding=\"async\" width=\"800\" height=\"800\" data-id=\"4768\" src=\"https:\/\/grupo.us.es\/atlas\/wp-content\/uploads\/2025\/07\/16.png\" alt=\"\" class=\"wp-image-4768\" srcset=\"https:\/\/grupo.us.es\/atlas\/wp-content\/uploads\/2025\/07\/16.png 800w, https:\/\/grupo.us.es\/atlas\/wp-content\/uploads\/2025\/07\/16-300x300.png 300w, https:\/\/grupo.us.es\/atlas\/wp-content\/uploads\/2025\/07\/16-150x150.png 150w, https:\/\/grupo.us.es\/atlas\/wp-content\/uploads\/2025\/07\/16-768x768.png 768w\" sizes=\"auto, (max-width: 800px) 100vw, 800px\" \/><\/figure>\n\n\n\n<figure class=\"wp-block-image size-large\"><img loading=\"lazy\" decoding=\"async\" width=\"800\" height=\"800\" data-id=\"4769\" src=\"https:\/\/grupo.us.es\/atlas\/wp-content\/uploads\/2025\/07\/17.png\" alt=\"\" class=\"wp-image-4769\" srcset=\"https:\/\/grupo.us.es\/atlas\/wp-content\/uploads\/2025\/07\/17.png 800w, https:\/\/grupo.us.es\/atlas\/wp-content\/uploads\/2025\/07\/17-300x300.png 300w, https:\/\/grupo.us.es\/atlas\/wp-content\/uploads\/2025\/07\/17-150x150.png 150w, https:\/\/grupo.us.es\/atlas\/wp-content\/uploads\/2025\/07\/17-768x768.png 768w\" sizes=\"auto, (max-width: 800px) 100vw, 800px\" \/><\/figure>\n\n\n\n<figure class=\"wp-block-image size-large\"><img loading=\"lazy\" decoding=\"async\" width=\"800\" height=\"800\" data-id=\"4771\" src=\"https:\/\/grupo.us.es\/atlas\/wp-content\/uploads\/2025\/07\/18.png\" alt=\"\" class=\"wp-image-4771\" srcset=\"https:\/\/grupo.us.es\/atlas\/wp-content\/uploads\/2025\/07\/18.png 800w, https:\/\/grupo.us.es\/atlas\/wp-content\/uploads\/2025\/07\/18-300x300.png 300w, https:\/\/grupo.us.es\/atlas\/wp-content\/uploads\/2025\/07\/18-150x150.png 150w, https:\/\/grupo.us.es\/atlas\/wp-content\/uploads\/2025\/07\/18-768x768.png 768w\" sizes=\"auto, (max-width: 800px) 100vw, 800px\" \/><\/figure>\n\n\n\n<figure class=\"wp-block-image size-large\"><img loading=\"lazy\" decoding=\"async\" width=\"800\" height=\"800\" data-id=\"4770\" src=\"https:\/\/grupo.us.es\/atlas\/wp-content\/uploads\/2025\/07\/19.png\" alt=\"\" class=\"wp-image-4770\" srcset=\"https:\/\/grupo.us.es\/atlas\/wp-content\/uploads\/2025\/07\/19.png 800w, https:\/\/grupo.us.es\/atlas\/wp-content\/uploads\/2025\/07\/19-300x300.png 300w, https:\/\/grupo.us.es\/atlas\/wp-content\/uploads\/2025\/07\/19-150x150.png 150w, https:\/\/grupo.us.es\/atlas\/wp-content\/uploads\/2025\/07\/19-768x768.png 768w\" sizes=\"auto, (max-width: 800px) 100vw, 800px\" \/><\/figure>\n<\/figure>\n","protected":false},"excerpt":{"rendered":"<p>Desde comienzos de la d\u00e9cada de 2000 el Grupo de Investigaci\u00f3n ATLAS ha venido realizando diversos proyectos y trabajos cient\u00edficos [&hellip;]<\/p>\n","protected":false},"author":0,"featured_media":0,"parent":20,"menu_order":0,"comment_status":"closed","ping_status":"closed","template":"","meta":{"_uag_custom_page_level_css":"","site-sidebar-layout":"default","site-content-layout":"","ast-site-content-layout":"default","site-content-style":"default","site-sidebar-style":"default","ast-global-header-display":"","ast-banner-title-visibility":"","ast-main-header-display":"","ast-hfb-above-header-display":"","ast-hfb-below-header-display":"","ast-hfb-mobile-header-display":"","site-post-title":"disabled","ast-breadcrumbs-content":"","ast-featured-img":"","footer-sml-layout":"","theme-transparent-header-meta":"","adv-header-id-meta":"","stick-header-meta":"","header-above-stick-meta":"","header-main-stick-meta":"","header-below-stick-meta":"","astra-migrate-meta-layouts":"default","ast-page-background-enabled":"default","ast-page-background-meta":{"desktop":{"background-color":"var(--ast-global-color-5)","background-image":"","background-repeat":"repeat","background-position":"center center","background-size":"auto","background-attachment":"scroll","background-type":"","background-media":"","overlay-type":"","overlay-color":"","overlay-opacity":"","overlay-gradient":""},"tablet":{"background-color":"","background-image":"","background-repeat":"repeat","background-position":"center center","background-size":"auto","background-attachment":"scroll","background-type":"","background-media":"","overlay-type":"","overlay-color":"","overlay-opacity":"","overlay-gradient":""},"mobile":{"background-color":"","background-image":"","background-repeat":"repeat","background-position":"center center","background-size":"auto","background-attachment":"scroll","background-type":"","background-media":"","overlay-type":"","overlay-color":"","overlay-opacity":"","overlay-gradient":""}},"ast-content-background-meta":{"desktop":{"background-color":"var(--ast-global-color-4)","background-image":"","background-repeat":"repeat","background-position":"center center","background-size":"auto","background-attachment":"scroll","background-type":"","background-media":"","overlay-type":"","overlay-color":"","overlay-opacity":"","overlay-gradient":""},"tablet":{"background-color":"var(--ast-global-color-4)","background-image":"","background-repeat":"repeat","background-position":"center center","background-size":"auto","background-attachment":"scroll","background-type":"","background-media":"","overlay-type":"","overlay-color":"","overlay-opacity":"","overlay-gradient":""},"mobile":{"background-color":"var(--ast-global-color-4)","background-image":"","background-repeat":"repeat","background-position":"center center","background-size":"auto","background-attachment":"scroll","background-type":"","background-media":"","overlay-type":"","overlay-color":"","overlay-opacity":"","overlay-gradient":""}},"footnotes":""},"class_list":["post-1951","page","type-page","status-publish","hentry"],"uagb_featured_image_src":{"full":false,"thumbnail":false,"medium":false,"medium_large":false,"large":false,"1536x1536":false,"2048x2048":false},"uagb_author_info":{"display_name":"","author_link":"https:\/\/grupo.us.es\/atlas\/index.php\/author\/"},"uagb_comment_info":0,"uagb_excerpt":"Desde comienzos de la d\u00e9cada de 2000 el Grupo de Investigaci\u00f3n ATLAS ha venido realizando diversos proyectos y trabajos cient\u00edficos [&hellip;]","_links":{"self":[{"href":"https:\/\/grupo.us.es\/atlas\/index.php\/wp-json\/wp\/v2\/pages\/1951","targetHints":{"allow":["GET"]}}],"collection":[{"href":"https:\/\/grupo.us.es\/atlas\/index.php\/wp-json\/wp\/v2\/pages"}],"about":[{"href":"https:\/\/grupo.us.es\/atlas\/index.php\/wp-json\/wp\/v2\/types\/page"}],"replies":[{"embeddable":true,"href":"https:\/\/grupo.us.es\/atlas\/index.php\/wp-json\/wp\/v2\/comments?post=1951"}],"version-history":[{"count":3,"href":"https:\/\/grupo.us.es\/atlas\/index.php\/wp-json\/wp\/v2\/pages\/1951\/revisions"}],"predecessor-version":[{"id":4882,"href":"https:\/\/grupo.us.es\/atlas\/index.php\/wp-json\/wp\/v2\/pages\/1951\/revisions\/4882"}],"up":[{"embeddable":true,"href":"https:\/\/grupo.us.es\/atlas\/index.php\/wp-json\/wp\/v2\/pages\/20"}],"wp:attachment":[{"href":"https:\/\/grupo.us.es\/atlas\/index.php\/wp-json\/wp\/v2\/media?parent=1951"}],"curies":[{"name":"wp","href":"https:\/\/api.w.org\/{rel}","templated":true}]}}