{"id":1475,"date":"2013-09-11T13:15:26","date_gmt":"2013-09-11T13:15:26","guid":{"rendered":"http:\/\/grupo.us.es\/atlas\/?page_id=1475"},"modified":"2025-08-26T13:45:55","modified_gmt":"2025-08-26T11:45:55","slug":"olga-sanchez-liranzo","status":"publish","type":"page","link":"https:\/\/grupo.us.es\/atlas\/index.php\/descripcion\/integrantes\/olga-sanchez-liranzo\/","title":{"rendered":"Olga S\u00e1nchez Liranzo"},"content":{"rendered":"\n<figure class=\"wp-block-image size-full\"><img loading=\"lazy\" decoding=\"async\" width=\"150\" height=\"150\" src=\"https:\/\/grupo.us.es\/atlas\/wp-content\/uploads\/2015\/01\/Olga.jpg\" alt=\"\" class=\"wp-image-2367\"\/><\/figure>\n\n\n\n<p>Titulaci\u00f3n<\/p>\n\n\n\n<p>Doctora en Historia, Universidad de Sevilla.<\/p>\n\n\n\n<p>Biograf\u00eda<\/p>\n\n\n\n<p>Olga S\u00e1nchez Liranzo se licenci\u00f3 en Geograf\u00eda e Historia, especialidad de Prehistoria y Arqueolog\u00eda,&nbsp;en la Universidad de Sevilla (2001), donde curs\u00f3 estudios de doctorado y present\u00f3 su Tesis de&nbsp;Licenciatura (1995-1997) titulada&nbsp;<em>La Ausencia de las Mujeres en la Prehistoria Andaluza. Una&nbsp;Ciencia Social que Reproduce el Discurso Hist\u00f3rico Androc\u00e9ntrico<\/em>&nbsp;(1998). Entre 1997 y 2000 fue&nbsp;nombrada Colaboradora Honoraria del Departamento de Prehistoria y Arqueolog\u00eda de Sevilla. En el&nbsp;a\u00f1o 2000 fue contratada como profesora asociada de dicho departamento, impartiendo la&nbsp;asignatura de \u201cPrehistoria Universal\u201d. Compagin\u00f3 la investigaci\u00f3n para su tesis doctoral con su&nbsp;trabajo como arque\u00f3loga profesional en intervenciones de urgencia para diversas instituciones&nbsp;p\u00fablicas y como t\u00e9cnica contratada en varios proyectos de investigaci\u00f3n, tanto en Espa\u00f1a como en&nbsp;Portugal, dirigidos por el Instituto Arqueol\u00f3gico Alem\u00e1n (Castro de Zambujal, Fuente \u00c1lamo y&nbsp;Cerro del Mar), as\u00ed como en el Proyecto Porcuna (Ja\u00e9n), dirigido por Oswaldo Arteaga Matute. En&nbsp;2001 completa su doctorado con la tesis titulada&nbsp;<em>Planteamientos feministas para la praxis de una&nbsp;Arqueolog\u00eda Social<\/em>. Posteriormente, fue nombrada becaria de investigaci\u00f3n de la Universidad de&nbsp;Sevilla entre los a\u00f1os 2001 y 2004, desarrollando su labor cient\u00edfica dentro del Proyecto del Cerro&nbsp;de San Blas (Cheles, Badajoz), dirigido por V\u00edctor Hurtado P\u00e9rez. Este recorrido acad\u00e9mico y&nbsp;cient\u00edfico se alterna con su pr\u00e1ctica profesional en diferentes intervenciones arqueol\u00f3gicas y como&nbsp;asesora cient\u00edfica en estudios de materiales prehist\u00f3ricos de diferentes proyectos. A ello hay que&nbsp;sumar la apuesta por la difusi\u00f3n de las investigaciones sobre el feminismo, las mujeres y el g\u00e9nero&nbsp;en la historia (y la prehistoria) en foros m\u00e1s abiertos, impartiendo diversos talleres en el Conjunto&nbsp;Arqueol\u00f3gico de la Necr\u00f3polis de Carmona (Sevilla).<\/p>\n\n\n\n<p>L\u00edneas de investigaci\u00f3n<\/p>\n\n\n\n<p>Sus principales l\u00edneas de investigaci\u00f3n son: 1) las industrias l\u00edticas talladas en la Prehistoria, y 2) la teor\u00eda e historiograf\u00eda arqueol\u00f3gica.<\/p>\n\n\n\n<p>La primera de ellas, le lleva a realizar trabajos pr\u00e1cticos, investigaciones y publicaciones bajo la direcci\u00f3n de los profesores Enrique Vallesp\u00ed P\u00e9rez (Universidad de Sevilla), y Jos\u00e9 Ramos Mu\u00f1oz (Universidad de C\u00e1diz), as\u00ed como con el profesor Carlos Mazo (Universidad de Zaragoza). La segunda de ellas, le condujo a la realizaci\u00f3n de su Tesis de Licenciatura, titulada&nbsp;<em>La Ausencia de las Mujeres en la Prehistoria Andaluza. Una Ciencia Social que Reproduce el Discurso Hist\u00f3rico Androc\u00e9ntrico<\/em>\u201c.<\/p>\n\n\n\n<p>Dedicaci\u00f3n actual<\/p>\n\n\n\n<p>Ejerce como profesional libre.<\/p>\n\n\n\n<p>Publicaciones m\u00e1s relevantes<\/p>\n\n\n\n<ol class=\"wp-block-list\">\n<li>S\u00e1nchez Liranzo, O. (2005): \u201cHacia una arqueolog\u00eda m\u00e1s social\u201d, en S\u00e1nchez Romero, M. (ed.):\u00a0<em>Arqueolog\u00eda y G\u00e9nero<\/em>, 53-71.<\/li>\n\n\n\n<li>S\u00e1nchez Liranzo, O. (2005): \u201cLa investigaci\u00f3n prehist\u00f3rica en Andaluc\u00eda. Un estudio historiogr\u00e1fico\u201d, en S\u00e1nchez Romero, M. (ed.)\u00a0<em>Arqueolog\u00eda y G\u00e9nero<\/em>, 457-478.<\/li>\n\n\n\n<li>S\u00e1nchez Liranzo, O. (1997-1998): \u201cRecensi\u00f3n: Casta\u00f1eda, V.: La actual San Fernando (C\u00e1diz) durante el II milenio a.C. Una aportaci\u00f3n al estudio de las formaciones econ\u00f3micas y sociales de la banda atl\u00e1ntica de C\u00e1diz\u201d,\u00a0<em>Mainake<\/em>\u00a0XIX-XX. Diputaci\u00f3n Provincial,\u00a0252-253.<\/li>\n\n\n\n<li>S\u00e1nchez Liranzo, O. (1998): \u201cRecensi\u00f3n: \u201cRamos et\u00a0<em>alii<\/em>: El Paleol\u00edtico Superior Final del r\u00edo Palmones (Algeciras, C\u00e1diz). Un ejemplo de la tecnolog\u00eda de las comunidades especializadas de cazadores-recolectores\u201d,\u00a0<em>Revista Atl\u00e1ntico-Mediterr\u00e1neo de Prehistoria y Arqueolog\u00eda Social,<\/em>\u00a0I, \u00a0253-256.<\/li>\n\n\n\n<li>S\u00e1nchez Liranzo, O. (1999): \u201cLa prehistoria andaluza: una ciencia social que reproduce el discurso hist\u00f3rico androc\u00e9ntrico\u201d, en\u00a0<em>Revista Atl\u00e1ntico-Mediterr\u00e1neo de Prehistoria y Arqueolog\u00eda Social,\u00a0<\/em>II, 246-276.<\/li>\n\n\n\n<li>S\u00e1nchez Liranzo, O. (1999): \u201cProductos l\u00edticos tallados de la excavaci\u00f3n de urgencia de la calle Dolores Quintanilla\u201d,\u00a0<em>Spal<\/em>, \u00a06, \u00a035-51.<\/li>\n\n\n\n<li>S\u00e1nchez Liranzo, O.; Vera Fern\u00e1ndez, A. y P\u00e9rez Rodr\u00edguez, M. (2001): \u201cEvolucionismo y prehistoria en la Espa\u00f1a del siglo XIX: El ejemplo de Andaluc\u00eda Occidental\u201d,\u00a0<em>Revista Atl\u00e1ntico-Mediterr\u00e1neo de Prehistoria y Arqueolog\u00eda Social,<\/em>\u00a0III, 297-315.<\/li>\n\n\n\n<li>S\u00e1nchez Liranzo, O. (2002): \u201cAlgunas reflexiones para la Prehistoria y la Arqueolog\u00eda: las mujeres en la construcci\u00f3n de la Historia\u201d,\u00a0<em>Spal<\/em>\u00a09, Homenaje a Prof. Dr. Enrique Vallesp\u00ed. Universidad de Sevilla,\u00a0495-505.<\/li>\n\n\n\n<li>S\u00e1nchez Liranzo, O. (2008): \u201cRecensi\u00f3n: Arqueolog\u00eda y G\u00e9nero: vida cotidiana, relaciones e identidad\u201d,\u00a0<em>Cuadernos de Prehistoria de la Universidad de Granada<\/em>,\u00a0399-403.<\/li>\n\n\n\n<li>S\u00e1nchez Liranzo, O. (2003): \u201cEstudio de las herramientas de trabajo l\u00edticas de una caba\u00f1a prehist\u00f3rica de Valencina de la Concepci\u00f3n (Sevilla)\u201d,\u00a0<em>Spal<\/em>\u00a08, 295-310.<\/li>\n<\/ol>\n","protected":false},"excerpt":{"rendered":"<p>Titulaci\u00f3n Doctora en Historia, Universidad de Sevilla. Biograf\u00eda Olga S\u00e1nchez Liranzo se licenci\u00f3 en Geograf\u00eda e Historia, especialidad de Prehistoria [&hellip;]<\/p>\n","protected":false},"author":0,"featured_media":0,"parent":790,"menu_order":0,"comment_status":"closed","ping_status":"open","template":"","meta":{"_uag_custom_page_level_css":"","site-sidebar-layout":"default","site-content-layout":"","ast-site-content-layout":"default","site-content-style":"default","site-sidebar-style":"default","ast-global-header-display":"","ast-banner-title-visibility":"","ast-main-header-display":"","ast-hfb-above-header-display":"","ast-hfb-below-header-display":"","ast-hfb-mobile-header-display":"","site-post-title":"","ast-breadcrumbs-content":"","ast-featured-img":"","footer-sml-layout":"","theme-transparent-header-meta":"","adv-header-id-meta":"","stick-header-meta":"","header-above-stick-meta":"","header-main-stick-meta":"","header-below-stick-meta":"","astra-migrate-meta-layouts":"default","ast-page-background-enabled":"default","ast-page-background-meta":{"desktop":{"background-color":"var(--ast-global-color-5)","background-image":"","background-repeat":"repeat","background-position":"center center","background-size":"auto","background-attachment":"scroll","background-type":"","background-media":"","overlay-type":"","overlay-color":"","overlay-opacity":"","overlay-gradient":""},"tablet":{"background-color":"","background-image":"","background-repeat":"repeat","background-position":"center center","background-size":"auto","background-attachment":"scroll","background-type":"","background-media":"","overlay-type":"","overlay-color":"","overlay-opacity":"","overlay-gradient":""},"mobile":{"background-color":"","background-image":"","background-repeat":"repeat","background-position":"center center","background-size":"auto","background-attachment":"scroll","background-type":"","background-media":"","overlay-type":"","overlay-color":"","overlay-opacity":"","overlay-gradient":""}},"ast-content-background-meta":{"desktop":{"background-color":"var(--ast-global-color-4)","background-image":"","background-repeat":"repeat","background-position":"center center","background-size":"auto","background-attachment":"scroll","background-type":"","background-media":"","overlay-type":"","overlay-color":"","overlay-opacity":"","overlay-gradient":""},"tablet":{"background-color":"var(--ast-global-color-4)","background-image":"","background-repeat":"repeat","background-position":"center center","background-size":"auto","background-attachment":"scroll","background-type":"","background-media":"","overlay-type":"","overlay-color":"","overlay-opacity":"","overlay-gradient":""},"mobile":{"background-color":"var(--ast-global-color-4)","background-image":"","background-repeat":"repeat","background-position":"center center","background-size":"auto","background-attachment":"scroll","background-type":"","background-media":"","overlay-type":"","overlay-color":"","overlay-opacity":"","overlay-gradient":""}},"footnotes":""},"class_list":["post-1475","page","type-page","status-publish","hentry"],"uagb_featured_image_src":{"full":false,"thumbnail":false,"medium":false,"medium_large":false,"large":false,"1536x1536":false,"2048x2048":false},"uagb_author_info":{"display_name":"","author_link":"https:\/\/grupo.us.es\/atlas\/index.php\/author\/"},"uagb_comment_info":0,"uagb_excerpt":"Titulaci\u00f3n Doctora en Historia, Universidad de Sevilla. Biograf\u00eda Olga S\u00e1nchez Liranzo se licenci\u00f3 en Geograf\u00eda e Historia, especialidad de Prehistoria [&hellip;]","_links":{"self":[{"href":"https:\/\/grupo.us.es\/atlas\/index.php\/wp-json\/wp\/v2\/pages\/1475","targetHints":{"allow":["GET"]}}],"collection":[{"href":"https:\/\/grupo.us.es\/atlas\/index.php\/wp-json\/wp\/v2\/pages"}],"about":[{"href":"https:\/\/grupo.us.es\/atlas\/index.php\/wp-json\/wp\/v2\/types\/page"}],"replies":[{"embeddable":true,"href":"https:\/\/grupo.us.es\/atlas\/index.php\/wp-json\/wp\/v2\/comments?post=1475"}],"version-history":[{"count":1,"href":"https:\/\/grupo.us.es\/atlas\/index.php\/wp-json\/wp\/v2\/pages\/1475\/revisions"}],"predecessor-version":[{"id":5452,"href":"https:\/\/grupo.us.es\/atlas\/index.php\/wp-json\/wp\/v2\/pages\/1475\/revisions\/5452"}],"up":[{"embeddable":true,"href":"https:\/\/grupo.us.es\/atlas\/index.php\/wp-json\/wp\/v2\/pages\/790"}],"wp:attachment":[{"href":"https:\/\/grupo.us.es\/atlas\/index.php\/wp-json\/wp\/v2\/media?parent=1475"}],"curies":[{"name":"wp","href":"https:\/\/api.w.org\/{rel}","templated":true}]}}