{"id":1343,"date":"2013-09-06T12:05:11","date_gmt":"2013-09-06T12:05:11","guid":{"rendered":"http:\/\/grupo.us.es\/atlas\/?page_id=1343"},"modified":"2025-07-31T21:24:28","modified_gmt":"2025-07-31T19:24:28","slug":"materias-primas-exoticas","status":"publish","type":"page","link":"https:\/\/grupo.us.es\/atlas\/index.php\/temas\/materias-primas-exoticas\/","title":{"rendered":"Materias primas ex\u00f3ticas"},"content":{"rendered":"\n<div class=\"wp-block-cover alignfull has-custom-content-position is-position-top-left\" style=\"margin-top:0;padding-top:5vw;padding-right:5vw;padding-bottom:5vw;padding-left:5vw;min-height:498px;aspect-ratio:unset;\"><img loading=\"lazy\" decoding=\"async\" width=\"940\" height=\"469\" class=\"wp-block-cover__image-background wp-image-1648 size-full\" alt=\"\" src=\"https:\/\/grupo.us.es\/atlas\/wp-content\/uploads\/2013\/09\/Materias-Primas-Exoticas-03.png\" data-object-fit=\"cover\"\/><span aria-hidden=\"true\" class=\"wp-block-cover__background has-background-dim-60 has-background-dim\" style=\"background-color:#141414\"><\/span><div class=\"wp-block-cover__inner-container is-layout-constrained wp-container-core-cover-is-layout-832bbb0f wp-block-cover-is-layout-constrained\">\n<div class=\"wp-block-group wp-container-content-9cfa9a5a is-vertical is-nowrap is-layout-flex wp-container-core-group-is-layout-2890af74 wp-block-group-is-layout-flex\">\n<p class=\"has-text-align-left has-ast-global-color-4-color has-text-color has-source-serif-pro-font-family\" style=\"font-size:61px;font-style:italic;font-weight:900;letter-spacing:-4px;line-height:0.8;text-transform:none\">Materias primas <\/p>\n\n\n\n<p class=\"has-text-align-left has-ast-global-color-4-color has-text-color has-source-serif-pro-font-family\" style=\"font-size:54px;font-style:italic;font-weight:900;letter-spacing:-4px;line-height:0.8;text-transform:none\">ex\u00f3ticas<\/p>\n<\/div>\n\n\n\n<p><\/p>\n<\/div><\/div>\n\n\n\n<div style=\"height:100px\" aria-hidden=\"true\" class=\"wp-block-spacer\"><\/div>\n\n\n\n<p>El Grupo ATLAS viene desarrollando una l\u00ednea de investigaci\u00f3n relativa al an\u00e1lisis de las consideradas \u2018rocas raras\u2019 desde 2002, cuando se comenz\u00f3 a estudiar el ajuar de la tumba 3 de La Pijotilla. Desde entonces el inter\u00e9s por estas materias primas ex\u00f3ticas ha ido creciendo. Fruto de este creciente inter\u00e9s se han explorado aspectos, no s\u00f3lo referidos a la tecnolog\u00eda de explotaci\u00f3n, distribuci\u00f3n y consumo, sino tambi\u00e9n referidos al significado y la funci\u00f3n social y pol\u00edtica de estos materiales, haciendo hincapi\u00e9 en la relaci\u00f3n existente entre el artefacto y su contexto para inferir el papel que jug\u00f3 en la vida diaria de las personas que los utilizaron.<\/p>\n\n\n\n<p>Dentro de las materias primas consideradas rocas raras nos hemos centrado en el cuarzo, el \u00e1mbar y la variscita. Actualmente, desarrollamos un proyecto (<a href=\"https:\/\/grupo.us.es\/atlas\/proyectos\/nuevas-tecnologias-aplicadas-al-estudio-de-la-movilidad-e-intercambio-cuentas-verdes-y-ceramica-decorada-con-rellenos-blancos-del-vi-al-ii-milenio-ane-en-la-peninsula-iberica-desde-una-perspectiva-mu\/\" target=\"_blank\" rel=\"noreferrer noopener\">HAR2012-34620<\/a>) financiado por el MINECO, referido a la producci\u00f3n, distribuci\u00f3n y consumo de \u2018rocas raras\u2019 verdes para su uso como elementos de adorno personal en le Prehistoria Reciente peninsular.<\/p>\n\n\n\n<h5 class=\"wp-block-heading\"><strong>Edici\u00f3n nacional<\/strong><\/h5>\n\n\n\n<ol class=\"wp-block-list\">\n<li>Carlos P. Odriozola Lloret; Leonardo Garc\u00eda Sanju\u00e1n; Manuel Vargas (2012) Las Cuentas de collar verdes del dolmen de Matarrubilla. En: Garc\u00eda Sanju\u00e1n, L, Vargas J\u00edmenez, M., Hurtado P\u00e9rez, V. y Cruz-Au\u00f1\u00f3n Briones, R. (Eds.): <em>Centenario del descubrimiento del dolmen de Matarrubilla<\/em>. pp. 435 &#8211; 444. Universidad de Sevilla. <strong>ISBN<\/strong> 978-84-472-1465-5<\/li>\n\n\n\n<li>Carlos P. Odriozola Lloret; Jos\u00e9\u0301 A. Linares Catela (2010) Caracterizaci\u00f3n de la fuente de variscita de Pico Centeno (Encinasola, Huelva) y estudio de procedencia de cuentas del Suroeste peninsular. En: Saiz Carrasco, M.E., L\u00f3pez Romero, R., Cano Di\u00edaz-Tendero, M.A. y Calvo Garc\u00eda, J.C. (Eds.): <em>Actas del VIII Congreso Ib\u00e9rico de Arqueometr\u00eda, Teruel<\/em>. pp. 136 &#8211; 146. Seminario de Arqueolog\u00eda y Etnolog\u00eda Turolense. <strong>ISBN<\/strong> 978-84-8854938-9<\/li>\n\n\n\n<li>Mercedes Murillo Barroso, Leonardo Garc\u00eda Sanju\u00e1n (2012) El pomo de \u00e1mbar de la estructura 10.042-10.049 del sector PP4-Montelirio del asentamiento de Valencina de la Concepci\u00f3n (Sevilla). Pag. 461-469. En: Garc\u00eda Sanju\u00e1n, L, Vargas J\u00edmenez, M., Hurtado P\u00e9rez, V. y Cruz-Au\u00f1\u00f3n Briones, R. (Eds.): <em>Centenario del descubrimiento del dolmen de Matarrubilla<\/em>. pp. 435 &#8211; 444. Universidad de Sevilla. <strong>ISBN<\/strong> 978-84-472-1465-5<\/li>\n<\/ol>\n\n\n\n<h5 class=\"wp-block-heading\"><strong>Indexadas<\/strong><\/h5>\n\n\n\n<ol class=\"wp-block-list\">\n<li>Carlos P. Odriozola Lloret; Jos\u00e9 A. Linares Catela; V\u00edctor M. Hurtado P\u00e9rez (2010) Variscite and variscite source: testing assumptions at Pico Centeno. <em>Journal of Archaeological Science<\/em>. 37, pp. 3146 &#8211; 3157. Elsevier.<\/li>\n\n\n\n<li>Matilde Forteza Gonz\u00e1lez, David Wheatley, Leonardo Garc\u00eda Sanju\u00e1n, Mar\u00eda Jes\u00fas Hern\u00e1ndez Arnedo, Jara Salguero (2008) El Cuarzo Como Material Votivo y Arquitect\u00f3nico en el Complejo Funerario Megal\u00edtico de Palacio III (Almad\u00e9n de la Plata, Sevilla): An\u00e1lisis Contextual y Mineral\u00f3gico.<em> Trabajos de prehistoria<\/em>. 65(2), pp. 137-150.<\/li>\n<\/ol>\n\n\n\n<h5 class=\"wp-block-heading\"><strong>No indexadas<\/strong><\/h5>\n\n\n\n<ol class=\"wp-block-list\">\n<li>Carlos P. Odriozola Lloret; Jos\u00e9 Antonio Linares Catela; V\u00edctor Manuel Hurtado P\u00e9rez (2013) Provenancing Variscite Beads: Pico Centeno (Encinasola, Spain) Outcrop Case study. <em>Open Journal of Archaeometry<\/em>. 1(1) DOI. <a href=\"https:\/\/dx.doi.org\/10.4081\/4945\"><em>10.4081\/4945<\/em><\/a>.<\/li>\n\n\n\n<li>Carlos P. Odriozola Lloret; Jos\u00e9 A. Linares Catela (2012) Cuentas de variscita: producci\u00f3n, circulaci\u00f3n y presencia en contextos funerarios del Suroeste peninsular. <em>Rubricatum<\/em>. 5, pp. 323 &#8211; 332.<\/li>\n\n\n\n<li>Carlos P. Odriozola Lloret; Rui Mataloto; Jes\u00fas Moreno Garc\u00eda; Rodrigo Villalobos Garc\u00eda; Jos\u00e9 M. Mart\u00ednez Blanes (2012) Producci\u00f3n y circulaci\u00f3n de rocas verdes y sus productos en el SW peninsular: el caso de Anta Grande de Zambujeiro. <em>Estudos Arqueol\u00f3gicos de Oeiras<\/em>.<\/li>\n\n\n\n<li>Jos\u00e9\u0301 A. Linares Catela; Carlos P. Odriozola Lloret; V\u00edctor M. Hurtado P\u00e9rez (2011) Cuentas de collar de variscita y otras piedras verdes en tumbas megal\u00edticas del Suroeste de la Pen\u00ednsula Ib\u00e9rica. Cuestiones acerca de su producci\u00f3n, circulaci\u00f3n y presencia en contextos funerarios. <em>MENGA. Revista de Prehistoria de Andaluc\u00eda<\/em>. M01, pp. 334 &#8211; 369.<\/li>\n\n\n\n<li>Carlos P. Odriozola Lloret; Jos\u00e9 A. Linares Catela; V\u00edctor M. Hurtado P\u00e9rez (2010) Perdig\u00f5es\u2019 green beads provenance analysis. <em>Apontamentos de Arqueologia e Patrimonio<\/em>. 6, pp. 47 &#8211; 51.<\/li>\n\n\n\n<li>Polvorinos, \u00e1., hurtado, v., hern\u00e1ndez, m. J. &amp; almarza, f. J. Caracterizaci\u00f3n mineral\u00f3gica del ajuar del enterramiento calcol\u00edtico (Tumba 3) de La Pijotilla (Badajoz).&nbsp; IV Congreso Nacional de Arqueometr\u00eda, 2002 Valencia. Universidad de Valenciia, 315-321.<\/li>\n<\/ol>\n\n\n\n<figure class=\"wp-block-gallery has-nested-images columns-default is-cropped wp-block-gallery-1 is-layout-flex wp-block-gallery-is-layout-flex\">\n<figure class=\"wp-block-image size-large\"><img loading=\"lazy\" decoding=\"async\" width=\"800\" height=\"800\" data-id=\"4742\" src=\"https:\/\/grupo.us.es\/atlas\/wp-content\/uploads\/2025\/07\/1.png\" alt=\"\" class=\"wp-image-4742\" srcset=\"https:\/\/grupo.us.es\/atlas\/wp-content\/uploads\/2025\/07\/1.png 800w, https:\/\/grupo.us.es\/atlas\/wp-content\/uploads\/2025\/07\/1-300x300.png 300w, https:\/\/grupo.us.es\/atlas\/wp-content\/uploads\/2025\/07\/1-150x150.png 150w, https:\/\/grupo.us.es\/atlas\/wp-content\/uploads\/2025\/07\/1-768x768.png 768w\" sizes=\"auto, (max-width: 800px) 100vw, 800px\" \/><\/figure>\n\n\n\n<figure class=\"wp-block-image size-large\"><img loading=\"lazy\" decoding=\"async\" width=\"800\" height=\"800\" data-id=\"4743\" src=\"https:\/\/grupo.us.es\/atlas\/wp-content\/uploads\/2025\/07\/2.png\" alt=\"\" class=\"wp-image-4743\" srcset=\"https:\/\/grupo.us.es\/atlas\/wp-content\/uploads\/2025\/07\/2.png 800w, https:\/\/grupo.us.es\/atlas\/wp-content\/uploads\/2025\/07\/2-300x300.png 300w, https:\/\/grupo.us.es\/atlas\/wp-content\/uploads\/2025\/07\/2-150x150.png 150w, https:\/\/grupo.us.es\/atlas\/wp-content\/uploads\/2025\/07\/2-768x768.png 768w\" sizes=\"auto, (max-width: 800px) 100vw, 800px\" \/><\/figure>\n\n\n\n<figure class=\"wp-block-image size-large\"><img loading=\"lazy\" decoding=\"async\" width=\"800\" height=\"800\" data-id=\"4744\" src=\"https:\/\/grupo.us.es\/atlas\/wp-content\/uploads\/2025\/07\/3.png\" alt=\"\" class=\"wp-image-4744\" srcset=\"https:\/\/grupo.us.es\/atlas\/wp-content\/uploads\/2025\/07\/3.png 800w, https:\/\/grupo.us.es\/atlas\/wp-content\/uploads\/2025\/07\/3-300x300.png 300w, https:\/\/grupo.us.es\/atlas\/wp-content\/uploads\/2025\/07\/3-150x150.png 150w, https:\/\/grupo.us.es\/atlas\/wp-content\/uploads\/2025\/07\/3-768x768.png 768w\" sizes=\"auto, (max-width: 800px) 100vw, 800px\" \/><\/figure>\n\n\n\n<figure class=\"wp-block-image size-large\"><img loading=\"lazy\" decoding=\"async\" width=\"800\" height=\"800\" data-id=\"4745\" src=\"https:\/\/grupo.us.es\/atlas\/wp-content\/uploads\/2025\/07\/4.png\" alt=\"\" class=\"wp-image-4745\" srcset=\"https:\/\/grupo.us.es\/atlas\/wp-content\/uploads\/2025\/07\/4.png 800w, https:\/\/grupo.us.es\/atlas\/wp-content\/uploads\/2025\/07\/4-300x300.png 300w, https:\/\/grupo.us.es\/atlas\/wp-content\/uploads\/2025\/07\/4-150x150.png 150w, https:\/\/grupo.us.es\/atlas\/wp-content\/uploads\/2025\/07\/4-768x768.png 768w\" sizes=\"auto, (max-width: 800px) 100vw, 800px\" \/><\/figure>\n\n\n\n<figure class=\"wp-block-image size-large\"><img loading=\"lazy\" decoding=\"async\" width=\"800\" height=\"800\" data-id=\"4746\" src=\"https:\/\/grupo.us.es\/atlas\/wp-content\/uploads\/2025\/07\/5.png\" alt=\"\" class=\"wp-image-4746\" srcset=\"https:\/\/grupo.us.es\/atlas\/wp-content\/uploads\/2025\/07\/5.png 800w, https:\/\/grupo.us.es\/atlas\/wp-content\/uploads\/2025\/07\/5-300x300.png 300w, https:\/\/grupo.us.es\/atlas\/wp-content\/uploads\/2025\/07\/5-150x150.png 150w, https:\/\/grupo.us.es\/atlas\/wp-content\/uploads\/2025\/07\/5-768x768.png 768w\" sizes=\"auto, (max-width: 800px) 100vw, 800px\" \/><\/figure>\n\n\n\n<figure class=\"wp-block-image size-large\"><img loading=\"lazy\" decoding=\"async\" width=\"800\" height=\"800\" data-id=\"4747\" src=\"https:\/\/grupo.us.es\/atlas\/wp-content\/uploads\/2025\/07\/6.png\" alt=\"\" class=\"wp-image-4747\" srcset=\"https:\/\/grupo.us.es\/atlas\/wp-content\/uploads\/2025\/07\/6.png 800w, https:\/\/grupo.us.es\/atlas\/wp-content\/uploads\/2025\/07\/6-300x300.png 300w, https:\/\/grupo.us.es\/atlas\/wp-content\/uploads\/2025\/07\/6-150x150.png 150w, https:\/\/grupo.us.es\/atlas\/wp-content\/uploads\/2025\/07\/6-768x768.png 768w\" sizes=\"auto, (max-width: 800px) 100vw, 800px\" \/><\/figure>\n<\/figure>\n","protected":false},"excerpt":{"rendered":"<p>El Grupo ATLAS viene desarrollando una l\u00ednea de investigaci\u00f3n relativa al an\u00e1lisis de las consideradas \u2018rocas raras\u2019 desde 2002, cuando [&hellip;]<\/p>\n","protected":false},"author":1,"featured_media":0,"parent":20,"menu_order":0,"comment_status":"closed","ping_status":"open","template":"","meta":{"_uag_custom_page_level_css":"","site-sidebar-layout":"default","site-content-layout":"","ast-site-content-layout":"default","site-content-style":"default","site-sidebar-style":"default","ast-global-header-display":"","ast-banner-title-visibility":"","ast-main-header-display":"","ast-hfb-above-header-display":"","ast-hfb-below-header-display":"","ast-hfb-mobile-header-display":"","site-post-title":"disabled","ast-breadcrumbs-content":"","ast-featured-img":"","footer-sml-layout":"","theme-transparent-header-meta":"","adv-header-id-meta":"","stick-header-meta":"","header-above-stick-meta":"","header-main-stick-meta":"","header-below-stick-meta":"","astra-migrate-meta-layouts":"default","ast-page-background-enabled":"default","ast-page-background-meta":{"desktop":{"background-color":"var(--ast-global-color-5)","background-image":"","background-repeat":"repeat","background-position":"center center","background-size":"auto","background-attachment":"scroll","background-type":"","background-media":"","overlay-type":"","overlay-color":"","overlay-opacity":"","overlay-gradient":""},"tablet":{"background-color":"","background-image":"","background-repeat":"repeat","background-position":"center center","background-size":"auto","background-attachment":"scroll","background-type":"","background-media":"","overlay-type":"","overlay-color":"","overlay-opacity":"","overlay-gradient":""},"mobile":{"background-color":"","background-image":"","background-repeat":"repeat","background-position":"center center","background-size":"auto","background-attachment":"scroll","background-type":"","background-media":"","overlay-type":"","overlay-color":"","overlay-opacity":"","overlay-gradient":""}},"ast-content-background-meta":{"desktop":{"background-color":"var(--ast-global-color-4)","background-image":"","background-repeat":"repeat","background-position":"center center","background-size":"auto","background-attachment":"scroll","background-type":"","background-media":"","overlay-type":"","overlay-color":"","overlay-opacity":"","overlay-gradient":""},"tablet":{"background-color":"var(--ast-global-color-4)","background-image":"","background-repeat":"repeat","background-position":"center center","background-size":"auto","background-attachment":"scroll","background-type":"","background-media":"","overlay-type":"","overlay-color":"","overlay-opacity":"","overlay-gradient":""},"mobile":{"background-color":"var(--ast-global-color-4)","background-image":"","background-repeat":"repeat","background-position":"center center","background-size":"auto","background-attachment":"scroll","background-type":"","background-media":"","overlay-type":"","overlay-color":"","overlay-opacity":"","overlay-gradient":""}},"footnotes":""},"class_list":["post-1343","page","type-page","status-publish","hentry"],"uagb_featured_image_src":{"full":false,"thumbnail":false,"medium":false,"medium_large":false,"large":false,"1536x1536":false,"2048x2048":false},"uagb_author_info":{"display_name":"adminATLAS","author_link":"https:\/\/grupo.us.es\/atlas\/index.php\/author\/adminatlas\/"},"uagb_comment_info":0,"uagb_excerpt":"El Grupo ATLAS viene desarrollando una l\u00ednea de investigaci\u00f3n relativa al an\u00e1lisis de las consideradas \u2018rocas raras\u2019 desde 2002, cuando [&hellip;]","_links":{"self":[{"href":"https:\/\/grupo.us.es\/atlas\/index.php\/wp-json\/wp\/v2\/pages\/1343","targetHints":{"allow":["GET"]}}],"collection":[{"href":"https:\/\/grupo.us.es\/atlas\/index.php\/wp-json\/wp\/v2\/pages"}],"about":[{"href":"https:\/\/grupo.us.es\/atlas\/index.php\/wp-json\/wp\/v2\/types\/page"}],"author":[{"embeddable":true,"href":"https:\/\/grupo.us.es\/atlas\/index.php\/wp-json\/wp\/v2\/users\/1"}],"replies":[{"embeddable":true,"href":"https:\/\/grupo.us.es\/atlas\/index.php\/wp-json\/wp\/v2\/comments?post=1343"}],"version-history":[{"count":4,"href":"https:\/\/grupo.us.es\/atlas\/index.php\/wp-json\/wp\/v2\/pages\/1343\/revisions"}],"predecessor-version":[{"id":5144,"href":"https:\/\/grupo.us.es\/atlas\/index.php\/wp-json\/wp\/v2\/pages\/1343\/revisions\/5144"}],"up":[{"embeddable":true,"href":"https:\/\/grupo.us.es\/atlas\/index.php\/wp-json\/wp\/v2\/pages\/20"}],"wp:attachment":[{"href":"https:\/\/grupo.us.es\/atlas\/index.php\/wp-json\/wp\/v2\/media?parent=1343"}],"curies":[{"name":"wp","href":"https:\/\/api.w.org\/{rel}","templated":true}]}}