{"id":1064,"date":"2013-06-06T16:22:36","date_gmt":"2013-06-06T16:22:36","guid":{"rendered":"http:\/\/grupo.us.es\/atlas\/?page_id=1064"},"modified":"2025-07-31T21:20:19","modified_gmt":"2025-07-31T19:20:19","slug":"bioarqueologia","status":"publish","type":"page","link":"https:\/\/grupo.us.es\/atlas\/index.php\/temas\/bioarqueologia\/","title":{"rendered":"Bioarqueolog\u00eda"},"content":{"rendered":"\n<div class=\"wp-block-cover alignfull has-custom-content-position is-position-top-left wp-duotone-unset-1\" style=\"margin-top:0;padding-top:5vw;padding-right:5vw;padding-bottom:5vw;padding-left:5vw;min-height:50vh;aspect-ratio:unset;\"><img loading=\"lazy\" decoding=\"async\" width=\"500\" height=\"500\" class=\"wp-block-cover__image-background wp-image-3459 size-full\" alt=\"\" src=\"https:\/\/grupo.us.es\/atlas\/wp-content\/uploads\/2022\/09\/53.png\" style=\"object-position:52% 42%\" data-object-fit=\"cover\" data-object-position=\"52% 42%\"\/><span aria-hidden=\"true\" class=\"wp-block-cover__background has-background-dim-20 has-background-dim\" style=\"background-color:#141414\"><\/span><div class=\"wp-block-cover__inner-container is-layout-constrained wp-container-core-cover-is-layout-832bbb0f wp-block-cover-is-layout-constrained\">\n<div class=\"wp-block-group wp-container-content-9cfa9a5a is-vertical is-nowrap is-layout-flex wp-container-core-group-is-layout-2890af74 wp-block-group-is-layout-flex\">\n<p class=\"has-text-align-left has-ast-global-color-4-color has-text-color has-source-serif-pro-font-family\" style=\"font-size:57px;font-style:italic;font-weight:900;letter-spacing:-4px;line-height:5;text-transform:none\">Bioarqueolog\u00eda<\/p>\n<\/div>\n<\/div><\/div>\n\n\n\n<div style=\"height:57px\" aria-hidden=\"true\" class=\"wp-block-spacer\"><\/div>\n\n\n\n<p>Una de las l\u00edneas de investigaci\u00f3n de nuestro grupo es el estudio, an\u00e1lisis e interpretaci\u00f3n de las pr\u00e1cticas funerarias de las sociedades del Neol\u00edtico Final, Edad del Cobre y Bronce en el Sur Peninsular. Para analizar las pr\u00e1cticas funerarias y entender el comportamiento de las sociedades del pasado nos basamos en la aplicaci\u00f3n de metodolog\u00eda bioarqueol\u00f3gica. La Bioarqueolog\u00eda hace referencia al estudio y an\u00e1lisis de los restos biol\u00f3gicos: antropol\u00f3gicos, zooarqueol\u00f3gicos y bot\u00e1nicos, procedentes de contextos arqueol\u00f3gicos. Su objetivo es el estudio, clasificaci\u00f3n y an\u00e1lisis de los mismos as\u00ed como de su contexto funerario. Para ello se aplican de manera combinada una serie de t\u00e9cnicas de tipo est\u00e1ndar: osteolog\u00eda, estad\u00edstica y bioqu\u00edmica.<\/p>\n\n\n\n<p>La Bioarqueolog\u00eda es una disciplina que nace en Estados Unidos a finales de los a\u00f1os setenta derivado de los primeros estudios antropol\u00f3gicos y que depende del pa\u00eds donde uno se encuentre hace referencia exclusivamente al estudio de restos \u00f3seos humanos (Estados Unidos) o a restos osteoarqueol\u00f3gicos (Reino Unido) entendido como la combinaci\u00f3n del estudio de restos \u00f3seos humanos y animales. Aunque es una disciplina muy nueva y en desarrollo su objetivo es el estudio combinado de los restos biol\u00f3gicos en contextos arqueol\u00f3gicos.<\/p>\n\n\n\n<p>Hoy en d\u00eda es un \u00e1rea de investigaci\u00f3n bastante prol\u00edfica donde se han publicado en los \u00faltimos a\u00f1os diversos manuales sobre metodolog\u00eda, \u00e9tica y legal, as\u00ed como trabajos espec\u00edficos sobre el estudio de la enfermedad en el pasado o la paleopatolog\u00eda. Tambi\u00e9n su estudio incluye diferentes perspectivas como el estudio del cuerpo, el g\u00e9nero y el concepto de identidad. Las nuevas aplicaciones bioqu\u00edmicas para el estudio de los restos \u00f3seos en contextos arqueol\u00f3gicos supone una revoluci\u00f3n en arqueolog\u00eda y existen numerosas publicaciones con respecto a estudios de gen\u00e9tica y la aplicaci\u00f3n de ADN as\u00ed como de is\u00f3topos estables para investigar la subsistencia y la movilidad.<\/p>\n\n\n\n<p>[\/vc_column_text] [vc_toggle title=\u00bbProducci\u00f3n bibliogr\u00e1fica del Grupo\u00bb open=\u00bbfalse\u00bb el_position=\u00bblast\u00bb]<\/p>\n\n\n\n<p>D\u00edaz-Zorita Bonilla, M. (2013): \u201cBioarqueolog\u00eda de las pr\u00e1cticas funerarias del yacimiento de la Edad del Cobre de Valencina de la Concepci\u00f3n-Castilleja de Guzm\u00e1n (Sevilla): revisi\u00f3n de las investigaciones.\u201d En Garc\u00eda Sanju\u00e1n, L.; Vargas Jim\u00e9nez, J. M.; Hurtado P\u00e9rez, V.; Ruiz Moreno, T. y Cruz-Au\u00f1\u00f3n Briones, R. (Eds.): <em>El Asentamiento Prehist\u00f3rico de Valencina de la Concepci\u00f3n. Investigaci\u00f3n y Tutela en el 150 Aniversario del Descubrimiento de La Pastora<\/em>, 359-368. Sevilla. Universidad de Sevilla.<\/p>\n\n\n\n<p>Robles Carrasco, S. y D\u00edaz-Zorita Bonilla, M. (2013): \u201cAn\u00e1lisis bioarqueol\u00f3gico de tres contextos-estructuras funerarias del sector PP4-Montelirio del yacimiento de Valencina de la Concepci\u00f3n-Castilleja de Guzm\u00e1n (Sevilla)\u201d En Garc\u00eda Sanju\u00e1n, L.; Vargas Jim\u00e9nez, J. M.; Hurtado P\u00e9rez, V.; Ruiz Moreno, T. y Cruz-Au\u00f1\u00f3n Briones, R. (Eds.): <em>El Asentamiento Prehist\u00f3rico de Valencina de la Concepci\u00f3n. Investigaci\u00f3n y Tutela en el 150 Aniversario del Descubrimiento de La Pastora<\/em>, 369-386. Sevilla. Universidad de Sevilla.<\/p>\n\n\n\n<p>Garc\u00eda Sanju\u00e1n, L. y D\u00edaz-Zorita Bonilla, M. (2013): \u201cPr\u00e1cticas funerarias en estructuras negativas en el asentamiento prehist\u00f3rico de Valencina de la Concepci\u00f3n (Sevilla): an\u00e1lisis contextual y osteoarqueol\u00f3gico.\u201d En Garc\u00eda Sanju\u00e1n, L.; Vargas Jim\u00e9nez, J. M.; Hurtado P\u00e9rez, V.; Ruiz Moreno, T. y Cruz-Au\u00f1\u00f3n Briones, R. (Eds.): <em>El Asentamiento Prehist\u00f3rico de Valencina de la Concepci\u00f3n. Investigaci\u00f3n y Tutela en el 150 Aniversario del Descubrimiento de La Pastora<\/em>, 387-404. Sevilla. Universidad de Sevilla.<\/p>\n\n\n\n<p>D\u00edaz-Zorita Bonilla, M. y Garc\u00eda Sanju\u00e1n, L. (2012): \u201cLas inhumaciones medievales del atrio del dolmen de Menga (Antequera, M\u00e1laga): estudio antropol\u00f3gico y cronolog\u00eda absoluta.\u201d <em>Menga. Revista de Prehistoria de Andaluc\u00eda<\/em> 3, 237-249.<\/p>\n\n\n\n<p>D\u00edaz-Zorita Bonilla, M.; Costa Caram\u00e9, M. y Garc\u00eda Sanju\u00e1n, L. (2012): \u201cFunerary practices and demography from the Mesolithic to the Copper Age in Southern Spain.\u201d En Gibaja Bao, J. F.; Carvalho, A. F. y Chambon, P. (Eds.): <em>Funerary Practices in the Iberian Peninsula from the Mesolithic to the Chalcolithic. British Archaeological Reports International Series<\/em> 2417, 51-68. Oxford. Archaeopress.<\/p>\n\n\n\n<p>D\u00edaz-Zorita Bonilla, M.; Prevedorou, E. A.; Buikstra, J.; Knudson, K.; Gordon, G. y Anbar, A. (2012): \u201cMovilidad y paleodieta en la comunidad arg\u00e1rica de Gatas: an\u00e1lisis de 87Sr\/86Sr, 18O y 13C.\u201d <em>Memorial Luis Siret. I Congreso de Prehistoria de Andaluc\u00eda. La Tutela del Patrimonio Prehist\u00f3rico<\/em>, 603-606. Sevilla. Junta de Andaluc\u00eda.<\/p>\n\n\n\n<p>Costa Caram\u00e9, M. E.; D\u00edaz-Zorita Bonilla, M.; Garc\u00eda Sanju\u00e1n, L. y Wheatley, D. W. (2010). \u201cThe Copper Age settlement of Valencina de la Concepci\u00f3n (Seville, Spain): demography, metallurgy and spatial organization.\u201d <em>Trabajos de Prehistoria<\/em> 67 (1), 87-118.<\/p>\n\n\n\n<p>D\u00edaz-Zorita Bonilla, M.; Waterman, A. J. y Knudson, K. J. (2009): \u201cExplorando la movilidad y los patrones dietarios en una comunidad de la Edad del Cobre: estudio preliminar bioarqueol\u00f3gico del tholos de Palacio III (Almad\u00e9n de la Plata, Sevilla).\u201d En Polo Cerd\u00e1, M. y Garc\u00eda-Prosper, E. (Eds): <em>Investigaciones Hist\u00f3rico-M\u00e9dicas sobre Salud y Enfermedad en el Pasado. Actas del IX Congreso Nacional de Paleopatolog\u00eda (Morella, Castell\u00f3, 26-29 de Septiembre de 2007)<\/em>, 669-676. Valencia. Sociedad Espa\u00f1ola de Paleopatolog\u00eda.<\/p>\n","protected":false},"excerpt":{"rendered":"<p>Una de las l\u00edneas de investigaci\u00f3n de nuestro grupo es el estudio, an\u00e1lisis e interpretaci\u00f3n de las pr\u00e1cticas funerarias de [&hellip;]<\/p>\n","protected":false},"author":1,"featured_media":0,"parent":20,"menu_order":0,"comment_status":"closed","ping_status":"open","template":"","meta":{"_uag_custom_page_level_css":"","site-sidebar-layout":"default","site-content-layout":"","ast-site-content-layout":"default","site-content-style":"default","site-sidebar-style":"default","ast-global-header-display":"","ast-banner-title-visibility":"","ast-main-header-display":"","ast-hfb-above-header-display":"","ast-hfb-below-header-display":"","ast-hfb-mobile-header-display":"","site-post-title":"disabled","ast-breadcrumbs-content":"","ast-featured-img":"","footer-sml-layout":"","theme-transparent-header-meta":"default","adv-header-id-meta":"","stick-header-meta":"","header-above-stick-meta":"","header-main-stick-meta":"","header-below-stick-meta":"","astra-migrate-meta-layouts":"set","ast-page-background-enabled":"default","ast-page-background-meta":{"desktop":{"background-color":"var(--ast-global-color-5)","background-image":"","background-repeat":"repeat","background-position":"center center","background-size":"auto","background-attachment":"scroll","background-type":"","background-media":"","overlay-type":"","overlay-color":"","overlay-opacity":"","overlay-gradient":""},"tablet":{"background-color":"","background-image":"","background-repeat":"repeat","background-position":"center center","background-size":"auto","background-attachment":"scroll","background-type":"","background-media":"","overlay-type":"","overlay-color":"","overlay-opacity":"","overlay-gradient":""},"mobile":{"background-color":"","background-image":"","background-repeat":"repeat","background-position":"center center","background-size":"auto","background-attachment":"scroll","background-type":"","background-media":"","overlay-type":"","overlay-color":"","overlay-opacity":"","overlay-gradient":""}},"ast-content-background-meta":{"desktop":{"background-color":"var(--ast-global-color-4)","background-image":"","background-repeat":"repeat","background-position":"center center","background-size":"auto","background-attachment":"scroll","background-type":"","background-media":"","overlay-type":"","overlay-color":"","overlay-opacity":"","overlay-gradient":""},"tablet":{"background-color":"var(--ast-global-color-4)","background-image":"","background-repeat":"repeat","background-position":"center center","background-size":"auto","background-attachment":"scroll","background-type":"","background-media":"","overlay-type":"","overlay-color":"","overlay-opacity":"","overlay-gradient":""},"mobile":{"background-color":"var(--ast-global-color-4)","background-image":"","background-repeat":"repeat","background-position":"center center","background-size":"auto","background-attachment":"scroll","background-type":"","background-media":"","overlay-type":"","overlay-color":"","overlay-opacity":"","overlay-gradient":""}},"footnotes":""},"class_list":["post-1064","page","type-page","status-publish","hentry"],"uagb_featured_image_src":{"full":false,"thumbnail":false,"medium":false,"medium_large":false,"large":false,"1536x1536":false,"2048x2048":false},"uagb_author_info":{"display_name":"adminATLAS","author_link":"https:\/\/grupo.us.es\/atlas\/index.php\/author\/adminatlas\/"},"uagb_comment_info":0,"uagb_excerpt":"Una de las l\u00edneas de investigaci\u00f3n de nuestro grupo es el estudio, an\u00e1lisis e interpretaci\u00f3n de las pr\u00e1cticas funerarias de [&hellip;]","_links":{"self":[{"href":"https:\/\/grupo.us.es\/atlas\/index.php\/wp-json\/wp\/v2\/pages\/1064","targetHints":{"allow":["GET"]}}],"collection":[{"href":"https:\/\/grupo.us.es\/atlas\/index.php\/wp-json\/wp\/v2\/pages"}],"about":[{"href":"https:\/\/grupo.us.es\/atlas\/index.php\/wp-json\/wp\/v2\/types\/page"}],"author":[{"embeddable":true,"href":"https:\/\/grupo.us.es\/atlas\/index.php\/wp-json\/wp\/v2\/users\/1"}],"replies":[{"embeddable":true,"href":"https:\/\/grupo.us.es\/atlas\/index.php\/wp-json\/wp\/v2\/comments?post=1064"}],"version-history":[{"count":10,"href":"https:\/\/grupo.us.es\/atlas\/index.php\/wp-json\/wp\/v2\/pages\/1064\/revisions"}],"predecessor-version":[{"id":5139,"href":"https:\/\/grupo.us.es\/atlas\/index.php\/wp-json\/wp\/v2\/pages\/1064\/revisions\/5139"}],"up":[{"embeddable":true,"href":"https:\/\/grupo.us.es\/atlas\/index.php\/wp-json\/wp\/v2\/pages\/20"}],"wp:attachment":[{"href":"https:\/\/grupo.us.es\/atlas\/index.php\/wp-json\/wp\/v2\/media?parent=1064"}],"curies":[{"name":"wp","href":"https:\/\/api.w.org\/{rel}","templated":true}]}}