{"id":1054,"date":"2013-05-27T13:01:40","date_gmt":"2013-05-27T13:01:40","guid":{"rendered":"http:\/\/grupo.us.es\/atlas\/?page_id=1054"},"modified":"2025-07-31T21:25:42","modified_gmt":"2025-07-31T19:25:42","slug":"estelas-y-estatuaria-prehistorica","status":"publish","type":"page","link":"https:\/\/grupo.us.es\/atlas\/index.php\/temas\/estelas-y-estatuaria-prehistorica\/","title":{"rendered":"Estelas y estatuaria prehist\u00f3rica"},"content":{"rendered":"\n<div class=\"wp-block-cover alignfull has-custom-content-position is-position-top-left\" style=\"margin-top:0;padding-top:5vw;padding-right:5vw;padding-bottom:5vw;padding-left:5vw;min-height:50vh;aspect-ratio:unset;\"><img loading=\"lazy\" decoding=\"async\" width=\"940\" height=\"469\" class=\"wp-block-cover__image-background wp-image-1640 size-full\" alt=\"\" src=\"https:\/\/grupo.us.es\/atlas\/wp-content\/uploads\/2013\/09\/Estelas-y-Estatuaria-01-4.png\" data-object-fit=\"cover\"\/><span aria-hidden=\"true\" class=\"wp-block-cover__background has-background-dim-60 has-background-dim\" style=\"background-color:#141414\"><\/span><div class=\"wp-block-cover__inner-container is-layout-constrained wp-container-core-cover-is-layout-832bbb0f wp-block-cover-is-layout-constrained\">\n<div class=\"wp-block-group wp-container-content-9cfa9a5a is-vertical is-nowrap is-layout-flex wp-container-core-group-is-layout-2890af74 wp-block-group-is-layout-flex\">\n<p class=\"has-text-align-left has-ast-global-color-4-color has-text-color has-source-serif-pro-font-family\" style=\"font-size:48px;font-style:italic;font-weight:900;letter-spacing:-4px;line-height:0.8;text-transform:none\">Estelas y estatuaria prehist\u00f3rica<\/p>\n<\/div>\n<\/div><\/div>\n\n\n\n<div style=\"height:100px\" aria-hidden=\"true\" class=\"wp-block-spacer\"><\/div>\n\n\n\n<p>Una de nuestras l\u00edneas de investigaci\u00f3n se centra en las estelas decoradas atribuidas a la Edad del Bronce del Valle del Guadalquivir. El estudio de las estelas y estatuas-menhir prehist\u00f3ricas en la Pen\u00ednsula Ib\u00e9rica en la actualidad abarca facetas muy diversas. Adem\u00e1s del an\u00e1lisis formal y comparado de su iconograf\u00eda, el cual goza de una larga tradici\u00f3n, se est\u00e1 prestando especial atenci\u00f3n a su dimensi\u00f3n paisaj\u00edstica y territorial. Tambi\u00e9n en los \u00faltimos a\u00f1os se han comenzado a tratar aspectos que est\u00e1n mostrando gran potencial, como son el estudio tecnol\u00f3gico de sus grabados y el an\u00e1lisis intensivo del entorno en el que se encuentran las estelas, es decir, su contexto m\u00e1s inmediato. Estas aproximaciones son complementarias, aunque no suelen ser tratadas de forma conjunta, y est\u00e1n enfocadas, por lo general, a responder cuestiones relativas a las dimensiones social, ideol\u00f3gica e hist\u00f3rica de las estelas.<\/p>\n\n\n\n<p>Nuestro trabajo en este campo de investigaci\u00f3n trata de integrar varias l\u00edneas de evidencia que nos permitan examinar dos facetas interrelacionadas que son, a su vez, relevantes para aproximarnos al papel de las estelas en la vida social de comunidades pret\u00e9ritas. Por un lado, analizamos las estelas desde un punto de vista \u201cbiogr\u00e1fico\u201d, una aproximaci\u00f3n que incluye aspectos como la obtenci\u00f3n de la \u201cmateria prima\u201d o las pr\u00e1cticas y t\u00e9cnicas asociadas a su manufactura y eventual reutilizaci\u00f3n desde la Prehistoria hasta la actualidad. Por otro, abordamos su contexto espacial-arqueol\u00f3gico a diferentes escalas complementarias, haciendo especial hincapi\u00e9 en los \u00e1mbitos que han sido menos explorados hasta ahora, esto es, los contextos micro y semi-micro.<\/p>\n\n\n\n<p>Actualmente estamos realizando el estudio de dos estelas decoradas localizadas en Lora del R\u00edo (Sevilla) y Montoro (C\u00f3rdoba) y de su contexto envolvente, en colaboraci\u00f3n con David Wheatley (University of Southampton), Jos\u00e9 Antonio Lozano Rodr\u00edguez (Instituto Andaluz de Ciencias de la Tierra, CSIC-Universidad de Granada) y Miguel \u00c1ngel Rogerio Candelera (Instituto de Recursos Naturales y Agrobiolog\u00eda de Sevilla del CSIC). Hemos realizado trabajo de campo y \u00e9ste ha incluido la toma de muestras para el an\u00e1lisis petrogr\u00e1fico de las rocas con el objeto, entre otros, de determinar su origen, la aplicaci\u00f3n de t\u00e9cnicas avanzadas para el registro y an\u00e1lisis de las estelas y de las t\u00e9cnicas y procesos implicados en su configuraci\u00f3n actual (escaneado l\u00e1ser 3D, Mapeado de Texturas Polinomial, An\u00e1lisis Digital de Imagen), as\u00ed como la prospecci\u00f3n de superficie intensiva y semi-intensiva en los lugares de hallazgo y de su entorno para as\u00ed abordar la dimensi\u00f3n paisaj\u00edsica de estos monumentos mediante la aplicaci\u00f3n de Sistemas de Informaci\u00f3n Geogr\u00e1fica y de las herramientas de an\u00e1lisis espacial que \u00e9stos nos proporcionan.<\/p>\n\n\n\n<p>D\u00edaz-Guardamino, Marta (2010): <em>Las estelas decoradas en la Prehistoria de la Pen\u00ednsula Ib\u00e9rica, <\/em>Madrid: Universidad Complutense de Madrid.<\/p>\n\n\n\n<p>D\u00edaz-Guardamino, Marta (en prensa-a): Stones-in-Movement: Tracing Menhirs, Stelae and Statue-Menhirs\u2019 Itineraries in Iberian landscapes, en <em>Things in Motion: Object Histories, Biographies, and Itineraries<\/em>, eds. Susan D. Gillespie and Rosemary A. Joyce, Santa Fe: SAR Press.<\/p>\n\n\n\n<p>D\u00edaz-Guardamino, Marta (en prensa-b): Escultura prehist\u00f3rica de la Pen\u00ednsula Ib\u00e9rica: un ensayo de s\u00edntesis, en <em>Simulacra et Imagines Deorum. <\/em><em>O rosto das divindades: o papel das imagens de divindades na g\u00e9nese da escultura no Ocidente do Imp\u00e9rio Romano<\/em>, ed. Thomas Schattner, Mainz am Rhein: Philipp von Zabern. [\u00abIberia Archaeologica\u00bb]<\/p>\n\n\n\n<p>D\u00edaz-Guardamino, Marta (2012): Estelas decoradas del Bronce Final en la Pen\u00ednsula Ib\u00e9rica: datos para su articulaci\u00f3n cronol\u00f3gica, en <em>Sidereum Ana II, El r\u00edo Guadiana en el Bronce Final<\/em>, ed. Javier Jim\u00e9nez \u00c1vila, M\u00e9rida: Instituto de Arqueolog\u00eda de M\u00e9rida, 389-415.<\/p>\n\n\n\n<p>D\u00edaz-Guardamino, Marta (2011): Iconograf\u00eda, lugares y relaciones sociales: reflexiones en torno a las estelas y estatuas-menhir atribuidas a la Edad del Bronce en la Pen\u00ednsula Ib\u00e9rica, en <em>Estelas e Est\u00e1tuas-menir: da Pr\u00e9 \u00e0 Proto-hist\u00f3ria. <\/em><em>Actas das IV Jornadas Raianas (Sabugal, 2009)<\/em>, ed. Raquel Vila\u00e7a, Sabugal: C\u00e2mara Municipal do Sabugal, Universidades de Coimbra e Porto, 63-88.<\/p>\n\n\n\n<p>D\u00edaz-Guardamino, Marta (2008): Iconical Signs, Indexical Relations: Bronze Age stelae and statue-menhirs in the Iberian Peninsula. <em>Journal of Iberian Archaeology,<\/em> 11, 31-45.<\/p>\n\n\n\n<p>D\u00edaz-Guardamino, Marta (2006): Materialidad y acci\u00f3n Social: el caso de las estelas decoradas y estatuas-menhir durante la Prehistoria peninsular, en <em>Actas do VIII Congresso Internacional de Estelas Funerarias. <\/em>Lisboa: Museu Nacional de Arqueolog\u00eda, 15-33.<\/p>\n\n\n\n<p>D\u00edaz-Guardamino, Marta (2003): Estelas antropomorfas y estatuas-menhir: su papel en la articulaci\u00f3n del espacio funerario megal\u00edtico, en <em>Actas del VII Congreso Internacional de Estelas Funerarias. <\/em>Santander: Fundaci\u00f3n Marcelino Bot\u00edn, 111-21.<\/p>\n\n\n\n<p>Garc\u00eda Sanju\u00e1n, Leonardo (2011): The warrior stelae of the Iberian South-west. Symbols of power in ancestral landscapes, en <em>Atlantic Europe in the First millenium BC: Crossing the Divide<\/em>, eds. Tom Moore &amp; Xos\u00e9-Lois Armada, Oxford: Oxford University Press, 534-57.<\/p>\n\n\n\n<p>Garc\u00eda Sanju\u00e1n, Leonardo (2011): Transformations, Invocations, Echoes, Resistance: The Assimilation of the Past in Southern Iberia (5th to 1st Millennia BC), en <em>Comparative Archaeologies. The American Southwest (AD 900\u20131600) and the Iberian Peninsula (3000\u20131500 BC)<\/em>, ed. Katina Lillios, Oxford: Oxbow Books, 81-102.<\/p>\n\n\n\n<p>Garc\u00eda Sanju\u00e1n, Leonardo, Pablo Garrido Gonz\u00e1lez y Fernando Lozano G\u00f3mez (2007): Las piedras de la memoria (II): El uso en \u00e9poca romana de espacios y monumentos sagrados prehist\u00f3ricos del Sur de la Pen\u00ednsula Ib\u00e9rica. <em>Complutum,<\/em> 18, 109-30.<\/p>\n\n\n\n<p>Garc\u00eda Sanju\u00e1n, Leonardo, David W. Wheatley, Pastor F\u00e1brega \u00c1lvarez, Mar\u00eda Jes\u00fas Hern\u00e1ndez Arnero y \u00c1ngel Polvorinos del R\u00edo (2006): Las estelas de guerrero de Almad\u00e9n de la Plata (Sevilla). Morfolog\u00eda, Tecnolog\u00eda y Contexto. <em>Trabajos de Prehistoria,<\/em> 63(2), 135-52.<\/p>\n\n\n\n<p>Jim\u00e9nez Guijarro, Jes\u00fas y Marta D\u00edaz-Guardamino (1999): Los menhires decorados de \u00abEl Ca\u00f1al\u00bb (Alpadrete, Madrid). <em>Arqueolog\u00eda Porto (GEAP),<\/em> 24, 61-72.<\/p>\n\n\n\n<figure class=\"wp-block-gallery has-nested-images columns-default is-cropped wp-block-gallery-1 is-layout-flex wp-block-gallery-is-layout-flex\">\n<figure class=\"wp-block-image size-large\"><img loading=\"lazy\" decoding=\"async\" width=\"800\" height=\"800\" data-id=\"4752\" src=\"https:\/\/grupo.us.es\/atlas\/wp-content\/uploads\/2025\/07\/8.png\" alt=\"\" class=\"wp-image-4752\" srcset=\"https:\/\/grupo.us.es\/atlas\/wp-content\/uploads\/2025\/07\/8.png 800w, https:\/\/grupo.us.es\/atlas\/wp-content\/uploads\/2025\/07\/8-300x300.png 300w, https:\/\/grupo.us.es\/atlas\/wp-content\/uploads\/2025\/07\/8-150x150.png 150w, https:\/\/grupo.us.es\/atlas\/wp-content\/uploads\/2025\/07\/8-768x768.png 768w\" sizes=\"auto, (max-width: 800px) 100vw, 800px\" \/><\/figure>\n\n\n\n<figure class=\"wp-block-image size-large\"><img loading=\"lazy\" decoding=\"async\" width=\"800\" height=\"800\" data-id=\"4754\" src=\"https:\/\/grupo.us.es\/atlas\/wp-content\/uploads\/2025\/07\/9.png\" alt=\"\" class=\"wp-image-4754\" srcset=\"https:\/\/grupo.us.es\/atlas\/wp-content\/uploads\/2025\/07\/9.png 800w, https:\/\/grupo.us.es\/atlas\/wp-content\/uploads\/2025\/07\/9-300x300.png 300w, https:\/\/grupo.us.es\/atlas\/wp-content\/uploads\/2025\/07\/9-150x150.png 150w, https:\/\/grupo.us.es\/atlas\/wp-content\/uploads\/2025\/07\/9-768x768.png 768w\" sizes=\"auto, (max-width: 800px) 100vw, 800px\" \/><\/figure>\n\n\n\n<figure class=\"wp-block-image size-large\"><img loading=\"lazy\" decoding=\"async\" width=\"800\" height=\"800\" data-id=\"4756\" src=\"https:\/\/grupo.us.es\/atlas\/wp-content\/uploads\/2025\/07\/10.png\" alt=\"\" class=\"wp-image-4756\" srcset=\"https:\/\/grupo.us.es\/atlas\/wp-content\/uploads\/2025\/07\/10.png 800w, https:\/\/grupo.us.es\/atlas\/wp-content\/uploads\/2025\/07\/10-300x300.png 300w, https:\/\/grupo.us.es\/atlas\/wp-content\/uploads\/2025\/07\/10-150x150.png 150w, https:\/\/grupo.us.es\/atlas\/wp-content\/uploads\/2025\/07\/10-768x768.png 768w\" sizes=\"auto, (max-width: 800px) 100vw, 800px\" \/><\/figure>\n\n\n\n<figure class=\"wp-block-image size-large\"><img loading=\"lazy\" decoding=\"async\" width=\"800\" height=\"800\" data-id=\"4757\" src=\"https:\/\/grupo.us.es\/atlas\/wp-content\/uploads\/2025\/07\/11.png\" alt=\"\" class=\"wp-image-4757\" srcset=\"https:\/\/grupo.us.es\/atlas\/wp-content\/uploads\/2025\/07\/11.png 800w, https:\/\/grupo.us.es\/atlas\/wp-content\/uploads\/2025\/07\/11-300x300.png 300w, https:\/\/grupo.us.es\/atlas\/wp-content\/uploads\/2025\/07\/11-150x150.png 150w, https:\/\/grupo.us.es\/atlas\/wp-content\/uploads\/2025\/07\/11-768x768.png 768w\" sizes=\"auto, (max-width: 800px) 100vw, 800px\" \/><\/figure>\n\n\n\n<figure class=\"wp-block-image size-large\"><img loading=\"lazy\" decoding=\"async\" width=\"800\" height=\"800\" data-id=\"4753\" src=\"https:\/\/grupo.us.es\/atlas\/wp-content\/uploads\/2025\/07\/12.png\" alt=\"\" class=\"wp-image-4753\" srcset=\"https:\/\/grupo.us.es\/atlas\/wp-content\/uploads\/2025\/07\/12.png 800w, https:\/\/grupo.us.es\/atlas\/wp-content\/uploads\/2025\/07\/12-300x300.png 300w, https:\/\/grupo.us.es\/atlas\/wp-content\/uploads\/2025\/07\/12-150x150.png 150w, https:\/\/grupo.us.es\/atlas\/wp-content\/uploads\/2025\/07\/12-768x768.png 768w\" sizes=\"auto, (max-width: 800px) 100vw, 800px\" \/><\/figure>\n\n\n\n<figure class=\"wp-block-image size-large\"><img loading=\"lazy\" decoding=\"async\" width=\"800\" height=\"800\" data-id=\"4755\" src=\"https:\/\/grupo.us.es\/atlas\/wp-content\/uploads\/2025\/07\/13.png\" alt=\"\" class=\"wp-image-4755\" srcset=\"https:\/\/grupo.us.es\/atlas\/wp-content\/uploads\/2025\/07\/13.png 800w, https:\/\/grupo.us.es\/atlas\/wp-content\/uploads\/2025\/07\/13-300x300.png 300w, https:\/\/grupo.us.es\/atlas\/wp-content\/uploads\/2025\/07\/13-150x150.png 150w, https:\/\/grupo.us.es\/atlas\/wp-content\/uploads\/2025\/07\/13-768x768.png 768w\" sizes=\"auto, (max-width: 800px) 100vw, 800px\" \/><\/figure>\n<\/figure>\n","protected":false},"excerpt":{"rendered":"<p>Una de nuestras l\u00edneas de investigaci\u00f3n se centra en las estelas decoradas atribuidas a la Edad del Bronce del Valle [&hellip;]<\/p>\n","protected":false},"author":0,"featured_media":0,"parent":20,"menu_order":0,"comment_status":"closed","ping_status":"open","template":"","meta":{"_uag_custom_page_level_css":"","site-sidebar-layout":"default","site-content-layout":"","ast-site-content-layout":"default","site-content-style":"default","site-sidebar-style":"default","ast-global-header-display":"","ast-banner-title-visibility":"","ast-main-header-display":"","ast-hfb-above-header-display":"","ast-hfb-below-header-display":"","ast-hfb-mobile-header-display":"","site-post-title":"disabled","ast-breadcrumbs-content":"","ast-featured-img":"","footer-sml-layout":"","theme-transparent-header-meta":"","adv-header-id-meta":"","stick-header-meta":"","header-above-stick-meta":"","header-main-stick-meta":"","header-below-stick-meta":"","astra-migrate-meta-layouts":"default","ast-page-background-enabled":"default","ast-page-background-meta":{"desktop":{"background-color":"var(--ast-global-color-5)","background-image":"","background-repeat":"repeat","background-position":"center center","background-size":"auto","background-attachment":"scroll","background-type":"","background-media":"","overlay-type":"","overlay-color":"","overlay-opacity":"","overlay-gradient":""},"tablet":{"background-color":"","background-image":"","background-repeat":"repeat","background-position":"center center","background-size":"auto","background-attachment":"scroll","background-type":"","background-media":"","overlay-type":"","overlay-color":"","overlay-opacity":"","overlay-gradient":""},"mobile":{"background-color":"","background-image":"","background-repeat":"repeat","background-position":"center center","background-size":"auto","background-attachment":"scroll","background-type":"","background-media":"","overlay-type":"","overlay-color":"","overlay-opacity":"","overlay-gradient":""}},"ast-content-background-meta":{"desktop":{"background-color":"var(--ast-global-color-4)","background-image":"","background-repeat":"repeat","background-position":"center center","background-size":"auto","background-attachment":"scroll","background-type":"","background-media":"","overlay-type":"","overlay-color":"","overlay-opacity":"","overlay-gradient":""},"tablet":{"background-color":"var(--ast-global-color-4)","background-image":"","background-repeat":"repeat","background-position":"center center","background-size":"auto","background-attachment":"scroll","background-type":"","background-media":"","overlay-type":"","overlay-color":"","overlay-opacity":"","overlay-gradient":""},"mobile":{"background-color":"var(--ast-global-color-4)","background-image":"","background-repeat":"repeat","background-position":"center center","background-size":"auto","background-attachment":"scroll","background-type":"","background-media":"","overlay-type":"","overlay-color":"","overlay-opacity":"","overlay-gradient":""}},"footnotes":""},"class_list":["post-1054","page","type-page","status-publish","hentry"],"uagb_featured_image_src":{"full":false,"thumbnail":false,"medium":false,"medium_large":false,"large":false,"1536x1536":false,"2048x2048":false},"uagb_author_info":{"display_name":"","author_link":"https:\/\/grupo.us.es\/atlas\/index.php\/author\/"},"uagb_comment_info":0,"uagb_excerpt":"Una de nuestras l\u00edneas de investigaci\u00f3n se centra en las estelas decoradas atribuidas a la Edad del Bronce del Valle [&hellip;]","_links":{"self":[{"href":"https:\/\/grupo.us.es\/atlas\/index.php\/wp-json\/wp\/v2\/pages\/1054","targetHints":{"allow":["GET"]}}],"collection":[{"href":"https:\/\/grupo.us.es\/atlas\/index.php\/wp-json\/wp\/v2\/pages"}],"about":[{"href":"https:\/\/grupo.us.es\/atlas\/index.php\/wp-json\/wp\/v2\/types\/page"}],"replies":[{"embeddable":true,"href":"https:\/\/grupo.us.es\/atlas\/index.php\/wp-json\/wp\/v2\/comments?post=1054"}],"version-history":[{"count":3,"href":"https:\/\/grupo.us.es\/atlas\/index.php\/wp-json\/wp\/v2\/pages\/1054\/revisions"}],"predecessor-version":[{"id":5145,"href":"https:\/\/grupo.us.es\/atlas\/index.php\/wp-json\/wp\/v2\/pages\/1054\/revisions\/5145"}],"up":[{"embeddable":true,"href":"https:\/\/grupo.us.es\/atlas\/index.php\/wp-json\/wp\/v2\/pages\/20"}],"wp:attachment":[{"href":"https:\/\/grupo.us.es\/atlas\/index.php\/wp-json\/wp\/v2\/media?parent=1054"}],"curies":[{"name":"wp","href":"https:\/\/api.w.org\/{rel}","templated":true}]}}