{"id":42,"date":"2025-09-26T13:51:13","date_gmt":"2025-09-26T11:51:13","guid":{"rendered":"https:\/\/grupo.us.es\/arteygenero\/?page_id=42"},"modified":"2025-09-26T14:29:36","modified_gmt":"2025-09-26T12:29:36","slug":"jornadas","status":"publish","type":"page","link":"https:\/\/grupo.us.es\/arteygenero\/?page_id=42","title":{"rendered":"Jornadas"},"content":{"rendered":"\n<p><strong>Jornadas y Encuentros Cient\u00edficos organizados por las\/os colaboradoras\/es del Observatorio Permanente de Arte y G\u00e9nero:&nbsp;<\/strong><\/p>\n\n\n\n<h3 class=\"wp-block-heading\"><strong>X Jornadas Internacionales Mujeres Contra el Canon. Arte-Literatura-M\u00fasica.<\/strong> <\/h3>\n\n\n\n<p>4-5-6 de Marzo de 2025. 17:00-20:30 h. Aula de Grados Carriazo, Facultad de Geograf\u00eda e Historia, Universidad de Sevilla. <\/p>\n\n\n\n<p>Organizan:&nbsp;Proyecto I+D+i Las artistas en la escena cultural espa\u00f1ola y su relaci\u00f3n con Europa, 1803-1945 (PID2020-117133GB-I00). Grupo Sujeto e Instituci\u00f3n Literaria en la Edad Moderna.PROYECTO I+D+I IMACAPA Las cosas por su nombre: (re)construir la casa con palabras e im\u00e1genes, siglos XV y XVI.&nbsp;(PID2022-136565NB-100) MCIN\/AEI\/ 10.13039\/501100011033 y \u00abFeder. Una manera de hacer Europa\u00bb. PROYECTO I+D+I SILEM III- La instituci\u00f3n del \u00abSiglo de Oro\u00bb. Procesos de construcci\u00f3n en la prensa peri\u00f3dica (1801-1868) (PID2022-136995NB-I00). PROYECTO I+D+I GIMA- G\u00e9nero, imagen y materialidad en la cultura literaria de la modernidad (1880s-1930s) (PID2022-137613NB-I00). <\/p>\n\n\n\n<p>Colaboran: Facultad de Geograf\u00eda e Historia, Universidad de Sevilla.&nbsp;Departamento de Historia del Arte, Universidad de&nbsp;Sevilla.&nbsp;Facultad de Filolog\u00eda, Universidad de Sevilla.Universidad Pablo de Olavide de Sevilla.&nbsp;<\/p>\n\n\n\n<hr class=\"wp-block-separator has-alpha-channel-opacity\"\/>\n\n\n\n<h3 class=\"wp-block-heading\"><strong>IX&nbsp;Jornadas&nbsp;Internacionales Mujeres y Enfermedad en la Literatura y las Artes.&nbsp;<\/strong><\/h3>\n\n\n\n<p><strong>6-7 de Marzo de 2024.&nbsp;<\/strong>17:00-20:30 h. Aula Prof. Carriazo. Facultad de Geograf\u00eda e Historia, Universidad de Sevilla.&nbsp;<\/p>\n\n\n\n<p>Organizan:&nbsp;Proyecto I+D+i Agencia Femenina en la Escena Art\u00edstica Andaluza (1440-1940) (Ref. PY20_0128). Grupo Sujeto e Instituci\u00f3n Literaria en la Edad Moderna.PROYECTO I+D+I IMACAPA Las cosas por su nombre: (re)construir la casa con palabras e im\u00e1genes, siglos XV  y XVI.&nbsp;(PID2022-136565NB-100) MCIN\/AEI\/ 10.13039\/501100011033 y \u00abFeder. Una manera de hacer Europa\u00bb. PROYECTO I+D+I SILEM III- La instituci\u00f3n del \u00abSiglo de Oro\u00bb. Procesos de construcci\u00f3n en la prensa peri\u00f3dica (1801-1868) (PID2022-136995NB-I00). PROYECTO I+D+I GIMA- G\u00e9nero, imagen y materialidad en la cultura literaria de la modernidad (1880s-1930s) (PID2022-137613NB-I00). <\/p>\n\n\n\n<p>Colaboran: Facultad de Geograf\u00eda e Historia, Universidad de Sevilla.&nbsp;Departamento de Historia del Arte, Universidad de&nbsp;Sevilla.&nbsp;Facultad de Filolog\u00eda, Universidad de Sevilla.Universidad Pablo de Olavide de Sevilla. <\/p>\n\n\n\n<p><strong><a href=\"http:\/\/grupo.us.es\/arteygenero\/wp-content\/uploads\/2025\/09\/JORNADAS-MUJERES-Y-ENFERMEDAD-EN-LA-LITERATURA-Y-LAS-ARTES.pdf\">Descarga PDF con toda la informaci\u00f3n<\/a><\/strong><\/p>\n\n\n\n<hr class=\"wp-block-separator has-alpha-channel-opacity\"\/>\n\n\n\n<p><strong>VIII Jornadas&nbsp;Mujeres,&nbsp;Arte&nbsp;y&nbsp;Poder. Del s\u00edndrome de la impostora al techo de cristal. Mujeres Trabajadoras desde la Literatura y las Artes. <\/strong><\/p>\n\n\n\n<p>6-7 de Marzo de 2023. 17:00-21:00 h. Aula Prof. Carriazo. Facultad de Geograf\u00eda e Historia, Universidad de Sevilla.&nbsp;<\/p>\n\n\n\n<p>Organizan:&nbsp;Proyecto I+D+i Agencia Femenina en la Escena Art\u00edstica Andaluza (1440-1940) (Ref. PY20_0128). Grupo Sujeto e Instituci\u00f3n Literaria en la Edad Moderna.Facultad de Filolog\u00eda, Universidad de Sevilla.&nbsp;Departamento de Historia del Arte, Universidad de Sevilla.&nbsp;Universidad Pablo de Olavide de Sevilla. <\/p>\n\n\n\n<p>Colabora: Universidad Internacional Men\u00e9ndez Pelayo. Informaci\u00f3n e inscripci\u00f3n: arteygenero@us.es&nbsp;<\/p>\n\n\n\n<figure class=\"wp-block-image size-full is-resized\"><img loading=\"lazy\" decoding=\"async\" width=\"624\" height=\"852\" src=\"https:\/\/grupo.us.es\/arteygenero\/wp-content\/uploads\/2025\/09\/JORNADAS.-CARTEL-2.png\" alt=\"\" class=\"wp-image-44\" style=\"width:251px;height:auto\" srcset=\"https:\/\/grupo.us.es\/arteygenero\/wp-content\/uploads\/2025\/09\/JORNADAS.-CARTEL-2.png 624w, https:\/\/grupo.us.es\/arteygenero\/wp-content\/uploads\/2025\/09\/JORNADAS.-CARTEL-2-220x300.png 220w\" sizes=\"auto, (max-width: 624px) 100vw, 624px\" \/><\/figure>\n\n\n\n<p><a href=\"http:\/\/grupo.us.es\/arteygenero\/wp-content\/uploads\/2025\/09\/JORNADAS-DIPTICO.pdf\">Descarga PDF con toda la informaci\u00f3n<\/a><\/p>\n\n\n\n<hr class=\"wp-block-separator has-alpha-channel-opacity\"\/>\n\n\n\n<h3 class=\"wp-block-heading\"><strong>VII Jornadas Nacionales Capitanas. Agencia Femenina en la Escena Cultural Andaluza. Artes-Literatura-M\u00fasica.<a href=\"http:\/\/localhost\/arteygenero\/uploads\/PROGRAMA%20JORNADAS%20CARTOGRAF\u00cdA%20FEMENINA%20DE%20LAS%20EMOCIONES.pdf\">&nbsp;<\/a><\/strong><\/h3>\n\n\n\n<p>9-10-11, marzo, 2022<strong>.&nbsp;<\/strong><\/p>\n\n\n\n<p>Colaboran:&nbsp;Facultad de Filolog\u00eda, Universidad de Sevilla.&nbsp;Departamento de Historia del Arte, Universidad de Sevilla.&nbsp;Universidad Pablo de Olavide de Sevilla. Diputaci\u00f3n Provincial de Sevilla. Universidad Internacional Men\u00e9ndez Pelayo. Proyecto I+D+i Agencia Femenina en la Escena Art\u00edstica Andaluza (1440-1940) (Ref. PY20_0128). Grupo Sujeto e Instituci\u00f3n Literaria en la Edad Moderna. Proyecto I+D+i Vestir la casa: espacios, objetos y emociones en los siglos XV-XVI. C\u00e1tedra UNESCO CREhAR (CreativeResearch and Education in heritage Assessment and Regeneration).<\/p>\n\n\n\n<figure class=\"wp-block-image size-large is-resized\"><img loading=\"lazy\" decoding=\"async\" width=\"703\" height=\"1024\" src=\"http:\/\/grupo.us.es\/arteygenero\/wp-content\/uploads\/2025\/09\/JORNADAS-CARTEL-2-703x1024.png\" alt=\"\" class=\"wp-image-88\" style=\"width:249px;height:auto\" srcset=\"https:\/\/grupo.us.es\/arteygenero\/wp-content\/uploads\/2025\/09\/JORNADAS-CARTEL-2-703x1024.png 703w, https:\/\/grupo.us.es\/arteygenero\/wp-content\/uploads\/2025\/09\/JORNADAS-CARTEL-2-206x300.png 206w, https:\/\/grupo.us.es\/arteygenero\/wp-content\/uploads\/2025\/09\/JORNADAS-CARTEL-2.png 709w\" sizes=\"auto, (max-width: 703px) 100vw, 703px\" \/><\/figure>\n\n\n\n<p><a href=\"http:\/\/grupo.us.es\/arteygenero\/wp-content\/uploads\/2025\/09\/JORNADAS-AGENCIA-FEMENINA.-DIPTICO-baja.pdf\">Descarga PDF con toda la informaci\u00f3n<\/a><\/p>\n\n\n\n<hr class=\"wp-block-separator has-alpha-channel-opacity\"\/>\n\n\n\n<h3 class=\"wp-block-heading\"><strong>VI Jornadas Internacionales <em>Cartograf\u00eda Femenina de las Emociones en la Literatura y las Artes. <\/em>2-3-4 de marzo de 2021.&nbsp;<\/strong><\/h3>\n\n\n\n<p>Colaboran:&nbsp;Facultad de Filolog\u00eda, Universidad de Sevilla.&nbsp;M\u00e1ster Universitario en Patrimonio art\u00edstico andaluz y su proyecci\u00f3n iberoamericana, Facultad de Geograf\u00eda e Historia, Universidad de Sevilla.&nbsp;Universidad Pablo de Olavide de Sevilla, C\u00e1tedra UNESCO CREhAR (CreativeResearch and Education in heritage Assessment and Regeneration).&nbsp;<\/p>\n\n\n\n<figure class=\"wp-block-image size-full is-resized\"><img loading=\"lazy\" decoding=\"async\" width=\"591\" height=\"752\" src=\"https:\/\/grupo.us.es\/arteygenero\/wp-content\/uploads\/2025\/09\/CARTEL-JORNADAS-CARTOGRAFIA-FEMENINA-DE-LAS-EMOCIONES-2-2.png\" alt=\"\" class=\"wp-image-125\" style=\"width:257px;height:auto\" srcset=\"https:\/\/grupo.us.es\/arteygenero\/wp-content\/uploads\/2025\/09\/CARTEL-JORNADAS-CARTOGRAFIA-FEMENINA-DE-LAS-EMOCIONES-2-2.png 591w, https:\/\/grupo.us.es\/arteygenero\/wp-content\/uploads\/2025\/09\/CARTEL-JORNADAS-CARTOGRAFIA-FEMENINA-DE-LAS-EMOCIONES-2-2-236x300.png 236w\" sizes=\"auto, (max-width: 591px) 100vw, 591px\" \/><\/figure>\n\n\n\n<p><a href=\"http:\/\/grupo.us.es\/arteygenero\/wp-content\/uploads\/2025\/09\/PROGRAMA-JORNADAS-CARTOGRAFIA-FEMENINA-DE-LAS-EMOCIONES.pdf\">Descarga PDF con toda la informaci\u00f3n<\/a><\/p>\n\n\n\n<hr class=\"wp-block-separator has-alpha-channel-opacity\"\/>\n\n\n\n<h3 class=\"wp-block-heading\"><strong>V Jornadas Nacionales <em>Mucho M\u00e1s que Musas. Mujeres Pintoras, Escritoras, Fot\u00f3grafas, Lectoras, Escultoras, Arquitectas, M\u00fasicas, Coleccionistas<\/em>&#8230;<\/strong><\/h3>\n\n\n\n<p>4-5-6 de marzo de 2020.<strong> <\/strong>Aula de Grados, Facultad de Filolog\u00eda, Universidad de Sevilla; Aula Olavide en Sevilla-Centro, Universidad Pablo de Olavide de Sevilla; Sala Diego Angulo, Facultad de Geograf\u00eda e Historia, Universidad de Sevilla.\u00a0<\/p>\n\n\n\n<p>Colaboran: Facultad de Filolog\u00eda, Universidad de Sevilla.\u00a0M\u00e1ster Universitario en Patrimonio art\u00edstico andaluz y su proyecci\u00f3n iberoamericana, Facultad de Geograf\u00eda e Historia, Universidad de Sevilla.\u00a0Universidad Pablo de Olavide de Sevilla. Conservatorio Superior de M\u00fasica Manuel Castillo de Sevilla.\u00a0Observatorio Permanente de Arte y G\u00e9nero, Universidad de Sevilla. <\/p>\n\n\n\n<figure class=\"wp-block-image size-full is-resized\"><img loading=\"lazy\" decoding=\"async\" width=\"551\" height=\"760\" src=\"https:\/\/grupo.us.es\/arteygenero\/wp-content\/uploads\/2025\/09\/JORNADAS-MUCHO-MAS-QUE-MUSAS-2-1.png\" alt=\"\" class=\"wp-image-129\" style=\"width:278px;height:auto\" srcset=\"https:\/\/grupo.us.es\/arteygenero\/wp-content\/uploads\/2025\/09\/JORNADAS-MUCHO-MAS-QUE-MUSAS-2-1.png 551w, https:\/\/grupo.us.es\/arteygenero\/wp-content\/uploads\/2025\/09\/JORNADAS-MUCHO-MAS-QUE-MUSAS-2-1-218x300.png 218w\" sizes=\"auto, (max-width: 551px) 100vw, 551px\" \/><\/figure>\n\n\n\n<p><a href=\"http:\/\/grupo.us.es\/arteygenero\/wp-content\/uploads\/2025\/09\/JORNADAS-MUCHO-MAS-QUE-MUSAS.-DIPTICO.pdf\">Descarga PDF con toda la informaci\u00f3n<\/a><\/p>\n\n\n\n<hr class=\"wp-block-separator has-alpha-channel-opacity\"\/>\n\n\n\n<h3 class=\"wp-block-heading\"><strong>Jornadas Internacionales Mujeres Pioneras. Mujeres en la Transformaci\u00f3n de la Literatura y las Artes.<\/strong> <\/h3>\n\n\n\n<p>25-26-27 de febrero de 2019.\u00a0Sala Prof. Carriazo. Facultad de Geograf\u00eda e Historia, Universidad de Sevilla, Aula Olavide en Sevilla-Centro, Universidad Pablo de Olavide de Sevilla, Sala del Antiquarium de Sevilla<strong>. <\/strong><\/p>\n\n\n\n<p><strong>Concierto Ars Feminae. Ret\u00f3rica y Feminidad en los Afectos. Concierto Conmemorativo del 400 Aniversario del nacimiento de Barbara Strozzi (1619-1677).<\/strong> (<a href=\"http:\/\/grupo.us.es\/arteygenero\/wp-content\/uploads\/2025\/09\/CONCIERTO-ARS-FEMINAE.-PROGRAMA-1.pdf\">DESCARGA PROGRAMA<\/a>)<\/p>\n\n\n\n<p>Colaboran: Vicerrectorado de Relaciones Institucionales de la Universidad de Sevilla. Delegaci\u00f3n de Igualdad, Juventud y Relaciones con la Comunidad Universitaria del Ayuntamiento de Sevilla.\u00a0Oficina para la Igualdad de la Universidad Pablo de Olavide de Sevilla. Conservatorio Superior de M\u00fasica Manuel Castillo de Sevilla.\u00a0Observatorio Permanente de Arte y G\u00e9nero, Universidad de Sevilla.\u00a0M\u00e1ster Universitario en Patrimonio art\u00edstico andaluz y su proyecci\u00f3n iberoamericana de la Universidad de Sevilla. Secretar\u00eda T\u00e9cnica: Beatriz Romero Chaves. <\/p>\n\n\n\n<figure class=\"wp-block-image size-full is-resized\"><img loading=\"lazy\" decoding=\"async\" width=\"618\" height=\"796\" src=\"https:\/\/grupo.us.es\/arteygenero\/wp-content\/uploads\/2025\/09\/CARTEL.-JORNADAS-MUJERES-PIONERAS.-2-1.jpg\" alt=\"\" class=\"wp-image-131\" style=\"width:264px;height:auto\" srcset=\"https:\/\/grupo.us.es\/arteygenero\/wp-content\/uploads\/2025\/09\/CARTEL.-JORNADAS-MUJERES-PIONERAS.-2-1.jpg 618w, https:\/\/grupo.us.es\/arteygenero\/wp-content\/uploads\/2025\/09\/CARTEL.-JORNADAS-MUJERES-PIONERAS.-2-1-233x300.jpg 233w\" sizes=\"auto, (max-width: 618px) 100vw, 618px\" \/><\/figure>\n\n\n\n<p><a href=\"http:\/\/grupo.us.es\/arteygenero\/wp-content\/uploads\/2025\/09\/CONCIERTO-ARS-FEMINAE.-PROGRAMA-1.pdf\">Descarga PDF con toda la informaci\u00f3n<\/a><\/p>\n\n\n\n<hr class=\"wp-block-separator has-alpha-channel-opacity\"\/>\n\n\n\n<h3 class=\"wp-block-heading\"><strong>Jornadas Mujeres, Arte y Poder. Invenciones y Realidades sobre Mujeres Empoderadas en la Literatura y las Artes<a href=\"http:\/\/localhost\/arteygenero\/uploads\/D\u00cdPTICO.%20JORNADAS%20MUJERES,%20ARTE%20Y%20PODER..pdf\">.<\/a>\u00a0<\/strong><\/h3>\n\n\n\n<p>5, 6, 7 y 8 de marzo de 2018, Sala Prof. Carriazo. Facultad de Geograf\u00eda e Historia, Universidad de Sevilla.\u00a0<\/p>\n\n\n\n<p>Colaboran: Vicerrectorado de Relaciones Institucionales de la Universidad de Sevilla. Delegaci\u00f3n de Igualdad, Juventud y Relaciones con la Comunidad Universitaria del Ayuntamiento de Sevilla.\u00a0Oficina para la Igualdad de la Universidad Pablo de Olavide de Sevilla. Observatorio Permanente de Arte y G\u00e9nero, Universidad de Sevilla. M\u00e1ster Universitario en Patrimonio art\u00edstico andaluz y su proyecci\u00f3n iberoamericana de la Universidad de Sevilla. Secretar\u00eda T\u00e9cnica: Beatriz Romero Chaves.\u00a0<\/p>\n\n\n\n<figure class=\"wp-block-image size-full is-resized\"><img loading=\"lazy\" decoding=\"async\" width=\"491\" height=\"638\" src=\"https:\/\/grupo.us.es\/arteygenero\/wp-content\/uploads\/2025\/09\/ARTE-Y-PODER.jpg\" alt=\"\" class=\"wp-image-134\" style=\"width:264px;height:auto\" srcset=\"https:\/\/grupo.us.es\/arteygenero\/wp-content\/uploads\/2025\/09\/ARTE-Y-PODER.jpg 491w, https:\/\/grupo.us.es\/arteygenero\/wp-content\/uploads\/2025\/09\/ARTE-Y-PODER-231x300.jpg 231w\" sizes=\"auto, (max-width: 491px) 100vw, 491px\" \/><\/figure>\n\n\n\n<p><a href=\"http:\/\/grupo.us.es\/arteygenero\/wp-content\/uploads\/2025\/09\/DIPTICO.-JORNADAS-MUJERES-ARTE-Y-PODER.pdf\">Descarga PDF con toda la informaci\u00f3n<\/a><\/p>\n\n\n\n<hr class=\"wp-block-separator has-alpha-channel-opacity\"\/>\n\n\n\n<h3 class=\"wp-block-heading\"><strong>Iconograf\u00edas de la Perversi\u00f3n. La construcci\u00f3n de la \u00abfemme fatale\u00bb en las Artes. II Jornadas de Historiograf\u00eda Art\u00edstica bajo una Perspectiva de G\u00e9nero.\u00a0<\/strong><\/h3>\n\n\n\n<p>Unidad para la Igualdad, Universidad de Sevilla.\u00a0Observatorio Permanente de Arte y G\u00e9nero, Universidad de Sevilla.\u00a0<\/p>\n\n\n\n<figure class=\"wp-block-image size-full is-resized\"><img loading=\"lazy\" decoding=\"async\" width=\"409\" height=\"640\" src=\"http:\/\/grupo.us.es\/arteygenero\/wp-content\/uploads\/2025\/09\/CARTEL-ICONOGRAFIAS-DE-LA-PERVERSION.jpg\" alt=\"\" class=\"wp-image-74\" style=\"width:260px;height:auto\" srcset=\"https:\/\/grupo.us.es\/arteygenero\/wp-content\/uploads\/2025\/09\/CARTEL-ICONOGRAFIAS-DE-LA-PERVERSION.jpg 409w, https:\/\/grupo.us.es\/arteygenero\/wp-content\/uploads\/2025\/09\/CARTEL-ICONOGRAFIAS-DE-LA-PERVERSION-192x300.jpg 192w\" sizes=\"auto, (max-width: 409px) 100vw, 409px\" \/><\/figure>\n\n\n\n<p><a href=\"http:\/\/grupo.us.es\/arteygenero\/wp-content\/uploads\/2025\/09\/DIPTICO-JORNADAS-ICONOGRAFIAS-DE-LA-PERVERSION-1.pdf\">Descarga PDF con toda la informaci\u00f3n<\/a><\/p>\n\n\n\n<hr class=\"wp-block-separator has-alpha-channel-opacity\"\/>\n\n\n\n<h3 class=\"wp-block-heading\"><strong>I Jornadas de Visibilizaci\u00f3n de las Mujeres Artistas en la Historia. Historiograf\u00eda Art\u00edstica bajo una Perspectiva de G\u00e9nero.\u00a0<\/strong>\u00a0<\/h3>\n\n\n\n<p>Unidad para la Igualdad, Universidad de Sevilla.\u00a0Observatorio Permanente de Arte y G\u00e9nero, Universidad de Sevilla.\u00a0<\/p>\n\n\n\n<figure class=\"wp-block-image size-full is-resized\"><img loading=\"lazy\" decoding=\"async\" width=\"452\" height=\"602\" src=\"http:\/\/grupo.us.es\/arteygenero\/wp-content\/uploads\/2025\/09\/CARTEL-VISIBILIZACION-MUJERES-ARTISTAS.jpg\" alt=\"\" class=\"wp-image-77\" style=\"width:271px;height:auto\" srcset=\"https:\/\/grupo.us.es\/arteygenero\/wp-content\/uploads\/2025\/09\/CARTEL-VISIBILIZACION-MUJERES-ARTISTAS.jpg 452w, https:\/\/grupo.us.es\/arteygenero\/wp-content\/uploads\/2025\/09\/CARTEL-VISIBILIZACION-MUJERES-ARTISTAS-225x300.jpg 225w\" sizes=\"auto, (max-width: 452px) 100vw, 452px\" \/><\/figure>\n\n\n\n<p><a href=\"http:\/\/grupo.us.es\/arteygenero\/wp-content\/uploads\/2025\/09\/JORNADAS-VISIBILIZACION-MUJERES-ARTISTAS-DIPTICO-1.pdf\">Descarga PDF con toda la informaci\u00f3n<\/a><\/p>\n\n\n\n<hr class=\"wp-block-separator has-alpha-channel-opacity\"\/>\n\n\n\n<h3 class=\"wp-block-heading\"><strong>I Jornadas sobre nuevas perspectivas en la investigaci\u00f3n de la Historia del Arte.<\/strong> <\/h3>\n\n\n\n<p>Universidad de Sevilla. Facultad de Geograf\u00eda e Historia. 2016. Ponencia invitada: <em>\u00abDesvelando la mitad invisible. La Historia del Arte bajo una perspectiva de g\u00e9nero\u00bb.\u00a0<\/em><\/p>\n\n\n\n<figure class=\"wp-block-image size-full\"><img loading=\"lazy\" decoding=\"async\" width=\"576\" height=\"408\" src=\"http:\/\/grupo.us.es\/arteygenero\/wp-content\/uploads\/2025\/09\/i-jornadas-sobre-nuevas-perspectivas-en-la-investigacin-de-la-historia-del-arte-1-638.jpg\" alt=\"\" class=\"wp-image-85\" srcset=\"https:\/\/grupo.us.es\/arteygenero\/wp-content\/uploads\/2025\/09\/i-jornadas-sobre-nuevas-perspectivas-en-la-investigacin-de-la-historia-del-arte-1-638.jpg 576w, https:\/\/grupo.us.es\/arteygenero\/wp-content\/uploads\/2025\/09\/i-jornadas-sobre-nuevas-perspectivas-en-la-investigacin-de-la-historia-del-arte-1-638-300x213.jpg 300w\" sizes=\"auto, (max-width: 576px) 100vw, 576px\" \/><\/figure>\n\n\n\n<hr class=\"wp-block-separator has-alpha-channel-opacity\"\/>\n\n\n\n<h3 class=\"wp-block-heading\"><strong>Francisco de Alfaro y su tiempo en el IV Centenario de su muerte.<\/strong>\u00a0<\/h3>\n\n\n\n<p>Universidad de Sevilla, 2015.Ponencia invitada:<em> \u00abMujeres artistas en tiempos de Francisco de Alfaro (1548-1615)\u00bb.<\/em><\/p>\n\n\n\n<figure class=\"wp-block-image size-full is-resized\"><img loading=\"lazy\" decoding=\"async\" width=\"532\" height=\"411\" src=\"http:\/\/grupo.us.es\/arteygenero\/wp-content\/uploads\/2025\/09\/ciclo-de-conferencias-francisco-de-alfaro-1-638.jpg\" alt=\"\" class=\"wp-image-79\" style=\"width:623px;height:auto\" srcset=\"https:\/\/grupo.us.es\/arteygenero\/wp-content\/uploads\/2025\/09\/ciclo-de-conferencias-francisco-de-alfaro-1-638.jpg 532w, https:\/\/grupo.us.es\/arteygenero\/wp-content\/uploads\/2025\/09\/ciclo-de-conferencias-francisco-de-alfaro-1-638-300x232.jpg 300w\" sizes=\"auto, (max-width: 532px) 100vw, 532px\" \/><\/figure>\n","protected":false},"excerpt":{"rendered":"<p>Jornadas y Encuentros Cient\u00edficos organizados por las\/os colaboradoras\/es del Observatorio Permanente de Arte y G\u00e9nero:&nbsp; X Jornadas Internacionales Mujeres Contra el Canon. Arte-Literatura-M\u00fasica. 4-5-6 de Marzo de 2025. 17:00-20:30 h. Aula de Grados Carriazo, Facultad de Geograf\u00eda e Historia, Universidad de Sevilla. Organizan:&nbsp;Proyecto I+D+i Las artistas en la escena cultural espa\u00f1ola y su relaci\u00f3n con [&hellip;]<\/p>\n","protected":false},"author":1,"featured_media":0,"parent":0,"menu_order":0,"comment_status":"closed","ping_status":"closed","template":"","meta":{"footnotes":""},"class_list":["post-42","page","type-page","status-publish","hentry"],"_links":{"self":[{"href":"https:\/\/grupo.us.es\/arteygenero\/index.php?rest_route=\/wp\/v2\/pages\/42","targetHints":{"allow":["GET"]}}],"collection":[{"href":"https:\/\/grupo.us.es\/arteygenero\/index.php?rest_route=\/wp\/v2\/pages"}],"about":[{"href":"https:\/\/grupo.us.es\/arteygenero\/index.php?rest_route=\/wp\/v2\/types\/page"}],"author":[{"embeddable":true,"href":"https:\/\/grupo.us.es\/arteygenero\/index.php?rest_route=\/wp\/v2\/users\/1"}],"replies":[{"embeddable":true,"href":"https:\/\/grupo.us.es\/arteygenero\/index.php?rest_route=%2Fwp%2Fv2%2Fcomments&post=42"}],"version-history":[{"count":13,"href":"https:\/\/grupo.us.es\/arteygenero\/index.php?rest_route=\/wp\/v2\/pages\/42\/revisions"}],"predecessor-version":[{"id":139,"href":"https:\/\/grupo.us.es\/arteygenero\/index.php?rest_route=\/wp\/v2\/pages\/42\/revisions\/139"}],"wp:attachment":[{"href":"https:\/\/grupo.us.es\/arteygenero\/index.php?rest_route=%2Fwp%2Fv2%2Fmedia&parent=42"}],"curies":[{"name":"wp","href":"https:\/\/api.w.org\/{rel}","templated":true}]}}