{"id":181,"date":"2025-09-26T16:47:26","date_gmt":"2025-09-26T14:47:26","guid":{"rendered":"https:\/\/grupo.us.es\/arteygenero\/?page_id=181"},"modified":"2025-09-26T16:47:26","modified_gmt":"2025-09-26T14:47:26","slug":"trabajos-fin-de-grado","status":"publish","type":"page","link":"https:\/\/grupo.us.es\/arteygenero\/?page_id=181","title":{"rendered":"Trabajos Fin de Grado"},"content":{"rendered":"\n<p>(en construcci\u00f3n)<\/p>\n\n\n\n<ul class=\"wp-block-list\">\n<li>Mirando hacia donde no apetece mirar. La obra art\u00edstica de Pilar Albarrac\u00edn, 2019.\u00a0<\/li>\n\n\n\n<li>Vida y obra de Marga Gil y Marisa Ro\u00ebsset: vocaci\u00f3n y pasi\u00f3n art\u00edstica, 2019.<\/li>\n\n\n\n<li>Maruja Mallo (1902-1995): grandes olvidadas del Siglo XX, 2019.<\/li>\n\n\n\n<li>Vida y obra de Maruja Mallo, 2017.<\/li>\n\n\n\n<li>Una vida para el arte. Peggy Guggenheim y su labor como galerista, coleccionista y mecenas del arte de Vanguardia, 2017.<\/li>\n\n\n\n<li>La cr\u00edtica de arte de Rosalind Krauss en las manifestaciones art\u00edsticas de los siglos XX y XXI, 2017.\u00a0<\/li>\n\n\n\n<li>Mar\u00eda Magdalena en el Arte. Aproximaci\u00f3n a su iconograf\u00eda y metamorfosis de su significado en el siglo XIX, 2017.\u00a0<\/li>\n\n\n\n<li>Mujeres arquitectas en las primeras vanguardias (1900-1945), 2016.<\/li>\n\n\n\n<li>El imaginario fant\u00e1stico de Remedios Varo, 2015.<\/li>\n<\/ul>\n","protected":false},"excerpt":{"rendered":"<p>(en construcci\u00f3n)<\/p>\n","protected":false},"author":1,"featured_media":0,"parent":0,"menu_order":0,"comment_status":"closed","ping_status":"closed","template":"","meta":{"footnotes":""},"class_list":["post-181","page","type-page","status-publish","hentry"],"_links":{"self":[{"href":"https:\/\/grupo.us.es\/arteygenero\/index.php?rest_route=\/wp\/v2\/pages\/181","targetHints":{"allow":["GET"]}}],"collection":[{"href":"https:\/\/grupo.us.es\/arteygenero\/index.php?rest_route=\/wp\/v2\/pages"}],"about":[{"href":"https:\/\/grupo.us.es\/arteygenero\/index.php?rest_route=\/wp\/v2\/types\/page"}],"author":[{"embeddable":true,"href":"https:\/\/grupo.us.es\/arteygenero\/index.php?rest_route=\/wp\/v2\/users\/1"}],"replies":[{"embeddable":true,"href":"https:\/\/grupo.us.es\/arteygenero\/index.php?rest_route=%2Fwp%2Fv2%2Fcomments&post=181"}],"version-history":[{"count":1,"href":"https:\/\/grupo.us.es\/arteygenero\/index.php?rest_route=\/wp\/v2\/pages\/181\/revisions"}],"predecessor-version":[{"id":182,"href":"https:\/\/grupo.us.es\/arteygenero\/index.php?rest_route=\/wp\/v2\/pages\/181\/revisions\/182"}],"wp:attachment":[{"href":"https:\/\/grupo.us.es\/arteygenero\/index.php?rest_route=%2Fwp%2Fv2%2Fmedia&parent=181"}],"curies":[{"name":"wp","href":"https:\/\/api.w.org\/{rel}","templated":true}]}}