{"id":179,"date":"2025-09-26T16:46:05","date_gmt":"2025-09-26T14:46:05","guid":{"rendered":"https:\/\/grupo.us.es\/arteygenero\/?page_id=179"},"modified":"2025-09-26T16:46:05","modified_gmt":"2025-09-26T14:46:05","slug":"cursos-universitarios","status":"publish","type":"page","link":"https:\/\/grupo.us.es\/arteygenero\/?page_id=179","title":{"rendered":"Cursos Universitarios"},"content":{"rendered":"\n<h3 class=\"wp-block-heading\"><strong>La Mujer en el Arte. Visiones desde la Diferencia y la Igualdad.&nbsp;<\/strong><\/h3>\n\n\n\n<p>Cursos Concertados con Universidades Extranjeras. Facultad de Geograf\u00eda e Historia y Facultad de Filolog\u00eda de la Universidad de Sevilla.<\/p>\n\n\n\n<h3 class=\"wp-block-heading\"><strong>Olvidadas y silenciadas. Mujeres artistas en la Espa\u00f1a contempor\u00e1nea.&nbsp;<\/strong><\/h3>\n\n\n\n<p>Universitat d&#8217;estiu de Gandia. Universidad de Valencia. Ayuntamiento de Gand\u00eda.&nbsp;<\/p>\n","protected":false},"excerpt":{"rendered":"<p>La Mujer en el Arte. Visiones desde la Diferencia y la Igualdad.&nbsp; Cursos Concertados con Universidades Extranjeras. Facultad de Geograf\u00eda e Historia y Facultad de Filolog\u00eda de la Universidad de Sevilla. Olvidadas y silenciadas. Mujeres artistas en la Espa\u00f1a contempor\u00e1nea.&nbsp; Universitat d&#8217;estiu de Gandia. Universidad de Valencia. Ayuntamiento de Gand\u00eda.&nbsp;<\/p>\n","protected":false},"author":1,"featured_media":0,"parent":0,"menu_order":0,"comment_status":"closed","ping_status":"closed","template":"","meta":{"footnotes":""},"class_list":["post-179","page","type-page","status-publish","hentry"],"_links":{"self":[{"href":"https:\/\/grupo.us.es\/arteygenero\/index.php?rest_route=\/wp\/v2\/pages\/179","targetHints":{"allow":["GET"]}}],"collection":[{"href":"https:\/\/grupo.us.es\/arteygenero\/index.php?rest_route=\/wp\/v2\/pages"}],"about":[{"href":"https:\/\/grupo.us.es\/arteygenero\/index.php?rest_route=\/wp\/v2\/types\/page"}],"author":[{"embeddable":true,"href":"https:\/\/grupo.us.es\/arteygenero\/index.php?rest_route=\/wp\/v2\/users\/1"}],"replies":[{"embeddable":true,"href":"https:\/\/grupo.us.es\/arteygenero\/index.php?rest_route=%2Fwp%2Fv2%2Fcomments&post=179"}],"version-history":[{"count":1,"href":"https:\/\/grupo.us.es\/arteygenero\/index.php?rest_route=\/wp\/v2\/pages\/179\/revisions"}],"predecessor-version":[{"id":180,"href":"https:\/\/grupo.us.es\/arteygenero\/index.php?rest_route=\/wp\/v2\/pages\/179\/revisions\/180"}],"wp:attachment":[{"href":"https:\/\/grupo.us.es\/arteygenero\/index.php?rest_route=%2Fwp%2Fv2%2Fmedia&parent=179"}],"curies":[{"name":"wp","href":"https:\/\/api.w.org\/{rel}","templated":true}]}}