{"id":692,"date":"2022-11-23T21:35:28","date_gmt":"2022-11-23T21:35:28","guid":{"rendered":"http:\/\/grupo.us.es\/artesdigitales\/?page_id=692"},"modified":"2022-11-23T21:50:39","modified_gmt":"2022-11-23T21:50:39","slug":"exposicion-lo-desenfocado","status":"publish","type":"page","link":"https:\/\/grupo.us.es\/artesdigitales\/exposicion-lo-desenfocado\/","title":{"rendered":"exposici\u00f3n \u00ablo desenfocado\u00bb"},"content":{"rendered":"\n<p><em><strong>Del 29 de noviembre al 3 de diciembre de 2022.<\/strong><\/em><\/p>\n\n\n\n<p><strong>CICUS (Centro de Iniciativas Culturales de la Universidad de Sevilla), Calle Madre de Dios, 1 &#8211; 41004, Sevilla<\/strong><\/p>\n\n\n\n<p><strong>Comisariado<\/strong><br>Ramon Blanco-Barrera<br>Ivan de la Torre Amerighi<br><\/p>\n\n\n\n<p><strong>Coordinaci\u00f3n<\/strong><br>Juan A. Rodr\u00edguez<br><\/p>\n\n\n\n<p><strong>Artistas Invitados<\/strong><br>Grupo de Investigaci\u00f3n \u201cArte Pl\u00e1stico, Secuencial, Experimental de Estampaci\u00f3n y Nuevas Tecnolog\u00edas. Teor\u00eda y Praxis\u201d, HUM337. Responsable: Manuel Fernando Mancera Mart\u00ednez<br><\/p>\n\n\n\n<p><strong>Artistas seleccionados<\/strong><br>Nicolas Franco, Celeste Fern\u00e1ndez, William Figueredo, Ignacio Garc\u00eda, Rafael Garrido, Carmen Gil, Mar\u00eda Teresa Guzm\u00e1n, Helena Hern\u00e1ndez, Guadalupe Neves, Manuel Prados, Guillermo Rodr\u00edguez, Triana S\u00e1nchez y Alberto Valverde<br><\/p>\n\n\n\n<p><strong>Montaje expositivo<\/strong><br>Manuel Mart\u00ednez del R\u00edo<br>Manuel Hern\u00e1ndez Velasco<br>Jos\u00e9 Manuel Gonz\u00e1lez Luna<br><\/p>\n\n\n\n<p>Organizaci\u00f3n<br>Grupo de Investigaci\u00f3n \u201cVanguardias, \u00daltimas Tendencias y Patrimonio\u201d, HUM 1030. Responsable: Andr\u00e9s Luque Teruel<br><\/p>\n\n\n\n<p><strong>Colaboran<\/strong><br>Vicerrectorado de Investigaci\u00f3n, Vicerrectorado de Proyecci\u00f3n Institucional e Internacionalizaci\u00f3n, Vicerrectorado de Servicios Sociales, Campus Saludable, Igualdad y Cooperaci\u00f3n, Oficina de Cooperaci\u00f3n al Desarrollo, Facultad de Bellas Artes, Facultad de Geograf\u00eda e Historia, Facultad de Filosof\u00eda, Departamento de Historia del Arte, Departamento de Dibujo, Revista \u201cEl p\u00e1jaro de Ben\u00edn\u201d<br><\/p>\n\n\n\n<p><strong>Agradecimientos<\/strong><br>Centro de Iniiciativas Culturales de la Universidad de Sevilla.<br>Domingo Gonz\u00e1lez<br>Bernardo Cabello Rueda<br>Fundaci\u00f3n Triodos Bank<br><\/p>\n\n\n\n<p><strong>Mecenazgo<\/strong><br>Leah Torres, Loli Cecilia, Francico J. Barros, Macarena Lancharro, Ana Madero, Miguel A. Onetti, Raquel Casta\u00f1era, Jos\u00e9 Berral, Manuel Mart\u00ednez, Pilar Acosta, Manuel Hern\u00e1ndez, Lola Madero, Francisco J. Bermejo, Lola Carmona, Rafael Jim\u00e9nez, Inma Sanz y especiamente nuestra gratitud a:<\/p>\n\n\n\n<figure class=\"wp-block-image size-large\"><img loading=\"lazy\" decoding=\"async\" width=\"1024\" height=\"233\" src=\"http:\/\/grupo.us.es\/artesdigitales\/wp-content\/uploads\/2022\/11\/Tk-logo-horizontal-1024x233.jpg\" alt=\"\" class=\"wp-image-693\" srcset=\"https:\/\/grupo.us.es\/artesdigitales\/wp-content\/uploads\/2022\/11\/Tk-logo-horizontal-1024x233.jpg 1024w, https:\/\/grupo.us.es\/artesdigitales\/wp-content\/uploads\/2022\/11\/Tk-logo-horizontal-300x68.jpg 300w, https:\/\/grupo.us.es\/artesdigitales\/wp-content\/uploads\/2022\/11\/Tk-logo-horizontal-768x174.jpg 768w, https:\/\/grupo.us.es\/artesdigitales\/wp-content\/uploads\/2022\/11\/Tk-logo-horizontal.jpg 1537w\" sizes=\"auto, (max-width: 1024px) 100vw, 1024px\" \/><\/figure>\n","protected":false},"excerpt":{"rendered":"<p>Del 29 de noviembre al 3 de diciembre de 2022. CICUS (Centro de Iniciativas Culturales de la Universidad de Sevilla), Calle Madre de Dios, 1 &#8211; 41004, Sevilla ComisariadoRamon Blanco-BarreraIvan de la Torre Amerighi Coordinaci\u00f3nJuan A. Rodr\u00edguez Artistas InvitadosGrupo de Investigaci\u00f3n \u201cArte Pl\u00e1stico, Secuencial, Experimental de Estampaci\u00f3n y Nuevas Tecnolog\u00edas. Teor\u00eda y Praxis\u201d, HUM337. Responsable: [&hellip;]<\/p>\n","protected":false},"author":1,"featured_media":0,"parent":0,"menu_order":0,"comment_status":"closed","ping_status":"closed","template":"","meta":{"footnotes":""},"class_list":["post-692","page","type-page","status-publish","hentry"],"yoast_head":"<!-- This site is optimized with the Yoast SEO plugin v27.4 - https:\/\/yoast.com\/product\/yoast-seo-wordpress\/ -->\n<title>exposici\u00f3n &quot;lo desenfocado&quot; - Artes digitales<\/title>\n<meta name=\"robots\" content=\"index, follow, max-snippet:-1, max-image-preview:large, max-video-preview:-1\" \/>\n<link rel=\"canonical\" href=\"https:\/\/grupo.us.es\/artesdigitales\/exposicion-lo-desenfocado\/\" \/>\n<meta property=\"og:locale\" content=\"es_ES\" \/>\n<meta property=\"og:type\" content=\"article\" \/>\n<meta property=\"og:title\" content=\"exposici\u00f3n &quot;lo desenfocado&quot; - Artes digitales\" \/>\n<meta property=\"og:description\" content=\"Del 29 de noviembre al 3 de diciembre de 2022. CICUS (Centro de Iniciativas Culturales de la Universidad de Sevilla), Calle Madre de Dios, 1 &#8211; 41004, Sevilla ComisariadoRamon Blanco-BarreraIvan de la Torre Amerighi Coordinaci\u00f3nJuan A. Rodr\u00edguez Artistas InvitadosGrupo de Investigaci\u00f3n \u201cArte Pl\u00e1stico, Secuencial, Experimental de Estampaci\u00f3n y Nuevas Tecnolog\u00edas. Teor\u00eda y Praxis\u201d, HUM337. Responsable: [&hellip;]\" \/>\n<meta property=\"og:url\" content=\"https:\/\/grupo.us.es\/artesdigitales\/exposicion-lo-desenfocado\/\" \/>\n<meta property=\"og:site_name\" content=\"Artes digitales\" \/>\n<meta property=\"article:modified_time\" content=\"2022-11-23T21:50:39+00:00\" \/>\n<meta property=\"og:image\" content=\"http:\/\/grupo.us.es\/artesdigitales\/wp-content\/uploads\/2022\/11\/Tk-logo-horizontal-1024x233.jpg\" \/>\n<meta name=\"twitter:card\" content=\"summary_large_image\" \/>\n<meta name=\"twitter:label1\" content=\"Tiempo de lectura\" \/>\n\t<meta name=\"twitter:data1\" content=\"1 minuto\" \/>\n<script type=\"application\/ld+json\" class=\"yoast-schema-graph\">{\"@context\":\"https:\\\/\\\/schema.org\",\"@graph\":[{\"@type\":\"WebPage\",\"@id\":\"https:\\\/\\\/grupo.us.es\\\/artesdigitales\\\/exposicion-lo-desenfocado\\\/\",\"url\":\"https:\\\/\\\/grupo.us.es\\\/artesdigitales\\\/exposicion-lo-desenfocado\\\/\",\"name\":\"exposici\u00f3n \\\"lo desenfocado\\\" - Artes digitales\",\"isPartOf\":{\"@id\":\"https:\\\/\\\/grupo.us.es\\\/artesdigitales\\\/#website\"},\"primaryImageOfPage\":{\"@id\":\"https:\\\/\\\/grupo.us.es\\\/artesdigitales\\\/exposicion-lo-desenfocado\\\/#primaryimage\"},\"image\":{\"@id\":\"https:\\\/\\\/grupo.us.es\\\/artesdigitales\\\/exposicion-lo-desenfocado\\\/#primaryimage\"},\"thumbnailUrl\":\"http:\\\/\\\/grupo.us.es\\\/artesdigitales\\\/wp-content\\\/uploads\\\/2022\\\/11\\\/Tk-logo-horizontal-1024x233.jpg\",\"datePublished\":\"2022-11-23T21:35:28+00:00\",\"dateModified\":\"2022-11-23T21:50:39+00:00\",\"inLanguage\":\"es\",\"potentialAction\":[{\"@type\":\"ReadAction\",\"target\":[\"https:\\\/\\\/grupo.us.es\\\/artesdigitales\\\/exposicion-lo-desenfocado\\\/\"]}]},{\"@type\":\"ImageObject\",\"inLanguage\":\"es\",\"@id\":\"https:\\\/\\\/grupo.us.es\\\/artesdigitales\\\/exposicion-lo-desenfocado\\\/#primaryimage\",\"url\":\"https:\\\/\\\/grupo.us.es\\\/artesdigitales\\\/wp-content\\\/uploads\\\/2022\\\/11\\\/Tk-logo-horizontal.jpg\",\"contentUrl\":\"https:\\\/\\\/grupo.us.es\\\/artesdigitales\\\/wp-content\\\/uploads\\\/2022\\\/11\\\/Tk-logo-horizontal.jpg\",\"width\":1537,\"height\":349},{\"@type\":\"WebSite\",\"@id\":\"https:\\\/\\\/grupo.us.es\\\/artesdigitales\\\/#website\",\"url\":\"https:\\\/\\\/grupo.us.es\\\/artesdigitales\\\/\",\"name\":\"Artes digitales\",\"description\":\"I  congreso internacional de artes digitales\",\"publisher\":{\"@id\":\"https:\\\/\\\/grupo.us.es\\\/artesdigitales\\\/#organization\"},\"potentialAction\":[{\"@type\":\"SearchAction\",\"target\":{\"@type\":\"EntryPoint\",\"urlTemplate\":\"https:\\\/\\\/grupo.us.es\\\/artesdigitales\\\/?s={search_term_string}\"},\"query-input\":{\"@type\":\"PropertyValueSpecification\",\"valueRequired\":true,\"valueName\":\"search_term_string\"}}],\"inLanguage\":\"es\"},{\"@type\":\"Organization\",\"@id\":\"https:\\\/\\\/grupo.us.es\\\/artesdigitales\\\/#organization\",\"name\":\"Unversidad de Sevilla\",\"url\":\"https:\\\/\\\/grupo.us.es\\\/artesdigitales\\\/\",\"logo\":{\"@type\":\"ImageObject\",\"inLanguage\":\"es\",\"@id\":\"https:\\\/\\\/grupo.us.es\\\/artesdigitales\\\/#\\\/schema\\\/logo\\\/image\\\/\",\"url\":\"https:\\\/\\\/grupo.us.es\\\/artesdigitales\\\/wp-content\\\/uploads\\\/2022\\\/05\\\/US-marca-digital-cuadrada.jpg\",\"contentUrl\":\"https:\\\/\\\/grupo.us.es\\\/artesdigitales\\\/wp-content\\\/uploads\\\/2022\\\/05\\\/US-marca-digital-cuadrada.jpg\",\"width\":150,\"height\":150,\"caption\":\"Unversidad de Sevilla\"},\"image\":{\"@id\":\"https:\\\/\\\/grupo.us.es\\\/artesdigitales\\\/#\\\/schema\\\/logo\\\/image\\\/\"}}]}<\/script>\n<!-- \/ Yoast SEO plugin. -->","yoast_head_json":{"title":"exposici\u00f3n \"lo desenfocado\" - Artes digitales","robots":{"index":"index","follow":"follow","max-snippet":"max-snippet:-1","max-image-preview":"max-image-preview:large","max-video-preview":"max-video-preview:-1"},"canonical":"https:\/\/grupo.us.es\/artesdigitales\/exposicion-lo-desenfocado\/","og_locale":"es_ES","og_type":"article","og_title":"exposici\u00f3n \"lo desenfocado\" - Artes digitales","og_description":"Del 29 de noviembre al 3 de diciembre de 2022. CICUS (Centro de Iniciativas Culturales de la Universidad de Sevilla), Calle Madre de Dios, 1 &#8211; 41004, Sevilla ComisariadoRamon Blanco-BarreraIvan de la Torre Amerighi Coordinaci\u00f3nJuan A. Rodr\u00edguez Artistas InvitadosGrupo de Investigaci\u00f3n \u201cArte Pl\u00e1stico, Secuencial, Experimental de Estampaci\u00f3n y Nuevas Tecnolog\u00edas. Teor\u00eda y Praxis\u201d, HUM337. Responsable: [&hellip;]","og_url":"https:\/\/grupo.us.es\/artesdigitales\/exposicion-lo-desenfocado\/","og_site_name":"Artes digitales","article_modified_time":"2022-11-23T21:50:39+00:00","og_image":[{"url":"http:\/\/grupo.us.es\/artesdigitales\/wp-content\/uploads\/2022\/11\/Tk-logo-horizontal-1024x233.jpg","type":"","width":"","height":""}],"twitter_card":"summary_large_image","twitter_misc":{"Tiempo de lectura":"1 minuto"},"schema":{"@context":"https:\/\/schema.org","@graph":[{"@type":"WebPage","@id":"https:\/\/grupo.us.es\/artesdigitales\/exposicion-lo-desenfocado\/","url":"https:\/\/grupo.us.es\/artesdigitales\/exposicion-lo-desenfocado\/","name":"exposici\u00f3n \"lo desenfocado\" - Artes digitales","isPartOf":{"@id":"https:\/\/grupo.us.es\/artesdigitales\/#website"},"primaryImageOfPage":{"@id":"https:\/\/grupo.us.es\/artesdigitales\/exposicion-lo-desenfocado\/#primaryimage"},"image":{"@id":"https:\/\/grupo.us.es\/artesdigitales\/exposicion-lo-desenfocado\/#primaryimage"},"thumbnailUrl":"http:\/\/grupo.us.es\/artesdigitales\/wp-content\/uploads\/2022\/11\/Tk-logo-horizontal-1024x233.jpg","datePublished":"2022-11-23T21:35:28+00:00","dateModified":"2022-11-23T21:50:39+00:00","inLanguage":"es","potentialAction":[{"@type":"ReadAction","target":["https:\/\/grupo.us.es\/artesdigitales\/exposicion-lo-desenfocado\/"]}]},{"@type":"ImageObject","inLanguage":"es","@id":"https:\/\/grupo.us.es\/artesdigitales\/exposicion-lo-desenfocado\/#primaryimage","url":"https:\/\/grupo.us.es\/artesdigitales\/wp-content\/uploads\/2022\/11\/Tk-logo-horizontal.jpg","contentUrl":"https:\/\/grupo.us.es\/artesdigitales\/wp-content\/uploads\/2022\/11\/Tk-logo-horizontal.jpg","width":1537,"height":349},{"@type":"WebSite","@id":"https:\/\/grupo.us.es\/artesdigitales\/#website","url":"https:\/\/grupo.us.es\/artesdigitales\/","name":"Artes digitales","description":"I  congreso internacional de artes digitales","publisher":{"@id":"https:\/\/grupo.us.es\/artesdigitales\/#organization"},"potentialAction":[{"@type":"SearchAction","target":{"@type":"EntryPoint","urlTemplate":"https:\/\/grupo.us.es\/artesdigitales\/?s={search_term_string}"},"query-input":{"@type":"PropertyValueSpecification","valueRequired":true,"valueName":"search_term_string"}}],"inLanguage":"es"},{"@type":"Organization","@id":"https:\/\/grupo.us.es\/artesdigitales\/#organization","name":"Unversidad de Sevilla","url":"https:\/\/grupo.us.es\/artesdigitales\/","logo":{"@type":"ImageObject","inLanguage":"es","@id":"https:\/\/grupo.us.es\/artesdigitales\/#\/schema\/logo\/image\/","url":"https:\/\/grupo.us.es\/artesdigitales\/wp-content\/uploads\/2022\/05\/US-marca-digital-cuadrada.jpg","contentUrl":"https:\/\/grupo.us.es\/artesdigitales\/wp-content\/uploads\/2022\/05\/US-marca-digital-cuadrada.jpg","width":150,"height":150,"caption":"Unversidad de Sevilla"},"image":{"@id":"https:\/\/grupo.us.es\/artesdigitales\/#\/schema\/logo\/image\/"}}]}},"_links":{"self":[{"href":"https:\/\/grupo.us.es\/artesdigitales\/wp-json\/wp\/v2\/pages\/692","targetHints":{"allow":["GET"]}}],"collection":[{"href":"https:\/\/grupo.us.es\/artesdigitales\/wp-json\/wp\/v2\/pages"}],"about":[{"href":"https:\/\/grupo.us.es\/artesdigitales\/wp-json\/wp\/v2\/types\/page"}],"author":[{"embeddable":true,"href":"https:\/\/grupo.us.es\/artesdigitales\/wp-json\/wp\/v2\/users\/1"}],"replies":[{"embeddable":true,"href":"https:\/\/grupo.us.es\/artesdigitales\/wp-json\/wp\/v2\/comments?post=692"}],"version-history":[{"count":3,"href":"https:\/\/grupo.us.es\/artesdigitales\/wp-json\/wp\/v2\/pages\/692\/revisions"}],"predecessor-version":[{"id":701,"href":"https:\/\/grupo.us.es\/artesdigitales\/wp-json\/wp\/v2\/pages\/692\/revisions\/701"}],"wp:attachment":[{"href":"https:\/\/grupo.us.es\/artesdigitales\/wp-json\/wp\/v2\/media?parent=692"}],"curies":[{"name":"wp","href":"https:\/\/api.w.org\/{rel}","templated":true}]}}