{"id":55,"date":"2022-04-06T11:17:28","date_gmt":"2022-04-06T11:17:28","guid":{"rendered":"http:\/\/grupo.us.es\/artesdigitales\/?page_id=55"},"modified":"2022-05-27T16:59:00","modified_gmt":"2022-05-27T16:59:00","slug":"fechas-clave","status":"publish","type":"page","link":"https:\/\/grupo.us.es\/artesdigitales\/fechas-clave\/","title":{"rendered":"fechas clave"},"content":{"rendered":"\n<p><strong>Congreso<\/strong>: del 29 de noviembre al 2 de diciembre de 2022<\/p>\n\n\n\n<p>La <strong>fecha l\u00edmite<\/strong> del env\u00edo de comunicaciones u obras de arte: <strong>20 de septiembre de 2022<\/strong>.<\/p>\n\n\n\n<p>Inscripci\u00f3n a precio reducido: hasta el&nbsp;30 de septiembre.<\/p>\n\n\n\n<p>Inscripci\u00f3n a precio ordinario:\u00a0hasta el\u00a031 de octubre.<\/p>\n\n\n\n<p>Incripciones de autor@s\/ artistas con comunicaci\u00f3n\/obra de arte: hasta el 31 de octubre.<\/p>\n\n\n\n<p>Inscripciones (general sin comunicaciones): hasta el 15 de noviembre de 2022<\/p>\n","protected":false},"excerpt":{"rendered":"<p>Congreso: del 29 de noviembre al 2 de diciembre de 2022 La fecha l\u00edmite del env\u00edo de comunicaciones u obras de arte: 20 de septiembre de 2022. Inscripci\u00f3n a precio reducido: hasta el&nbsp;30 de septiembre. Inscripci\u00f3n a precio ordinario:\u00a0hasta el\u00a031 de octubre. Incripciones de autor@s\/ artistas con comunicaci\u00f3n\/obra de arte: hasta el 31 de octubre. [&hellip;]<\/p>\n","protected":false},"author":1,"featured_media":0,"parent":0,"menu_order":0,"comment_status":"closed","ping_status":"closed","template":"","meta":{"footnotes":""},"class_list":["post-55","page","type-page","status-publish","hentry"],"yoast_head":"<!-- This site is optimized with the Yoast SEO plugin v27.4 - https:\/\/yoast.com\/product\/yoast-seo-wordpress\/ -->\n<title>I Congreso Internacional sobre Artes Digitales. Fechas clave<\/title>\n<meta name=\"description\" content=\"Fechas clave del Congreso Internacional sobre artes Digitales, Sevilla 2022\" \/>\n<meta name=\"robots\" content=\"index, follow, max-snippet:-1, max-image-preview:large, max-video-preview:-1\" \/>\n<link rel=\"canonical\" href=\"https:\/\/grupo.us.es\/artesdigitales\/fechas-clave\/\" \/>\n<meta property=\"og:locale\" content=\"es_ES\" \/>\n<meta property=\"og:type\" content=\"article\" \/>\n<meta property=\"og:title\" content=\"I Congreso Internacional sobre Artes Digitales. Fechas clave\" \/>\n<meta property=\"og:description\" content=\"Fechas clave del Congreso Internacional sobre artes Digitales, Sevilla 2022\" \/>\n<meta property=\"og:url\" content=\"https:\/\/grupo.us.es\/artesdigitales\/fechas-clave\/\" \/>\n<meta property=\"og:site_name\" content=\"Artes digitales\" \/>\n<meta property=\"article:modified_time\" content=\"2022-05-27T16:59:00+00:00\" \/>\n<meta name=\"twitter:card\" content=\"summary_large_image\" \/>\n<meta name=\"twitter:label1\" content=\"Tiempo de lectura\" \/>\n\t<meta name=\"twitter:data1\" content=\"1 minuto\" \/>\n<script type=\"application\/ld+json\" class=\"yoast-schema-graph\">{\"@context\":\"https:\\\/\\\/schema.org\",\"@graph\":[{\"@type\":\"WebPage\",\"@id\":\"https:\\\/\\\/grupo.us.es\\\/artesdigitales\\\/fechas-clave\\\/\",\"url\":\"https:\\\/\\\/grupo.us.es\\\/artesdigitales\\\/fechas-clave\\\/\",\"name\":\"I Congreso Internacional sobre Artes Digitales. Fechas clave\",\"isPartOf\":{\"@id\":\"https:\\\/\\\/grupo.us.es\\\/artesdigitales\\\/#website\"},\"datePublished\":\"2022-04-06T11:17:28+00:00\",\"dateModified\":\"2022-05-27T16:59:00+00:00\",\"description\":\"Fechas clave del Congreso Internacional sobre artes Digitales, Sevilla 2022\",\"inLanguage\":\"es\",\"potentialAction\":[{\"@type\":\"ReadAction\",\"target\":[\"https:\\\/\\\/grupo.us.es\\\/artesdigitales\\\/fechas-clave\\\/\"]}]},{\"@type\":\"WebSite\",\"@id\":\"https:\\\/\\\/grupo.us.es\\\/artesdigitales\\\/#website\",\"url\":\"https:\\\/\\\/grupo.us.es\\\/artesdigitales\\\/\",\"name\":\"Artes digitales\",\"description\":\"I  congreso internacional de artes digitales\",\"publisher\":{\"@id\":\"https:\\\/\\\/grupo.us.es\\\/artesdigitales\\\/#organization\"},\"potentialAction\":[{\"@type\":\"SearchAction\",\"target\":{\"@type\":\"EntryPoint\",\"urlTemplate\":\"https:\\\/\\\/grupo.us.es\\\/artesdigitales\\\/?s={search_term_string}\"},\"query-input\":{\"@type\":\"PropertyValueSpecification\",\"valueRequired\":true,\"valueName\":\"search_term_string\"}}],\"inLanguage\":\"es\"},{\"@type\":\"Organization\",\"@id\":\"https:\\\/\\\/grupo.us.es\\\/artesdigitales\\\/#organization\",\"name\":\"Unversidad de Sevilla\",\"url\":\"https:\\\/\\\/grupo.us.es\\\/artesdigitales\\\/\",\"logo\":{\"@type\":\"ImageObject\",\"inLanguage\":\"es\",\"@id\":\"https:\\\/\\\/grupo.us.es\\\/artesdigitales\\\/#\\\/schema\\\/logo\\\/image\\\/\",\"url\":\"https:\\\/\\\/grupo.us.es\\\/artesdigitales\\\/wp-content\\\/uploads\\\/2022\\\/05\\\/US-marca-digital-cuadrada.jpg\",\"contentUrl\":\"https:\\\/\\\/grupo.us.es\\\/artesdigitales\\\/wp-content\\\/uploads\\\/2022\\\/05\\\/US-marca-digital-cuadrada.jpg\",\"width\":150,\"height\":150,\"caption\":\"Unversidad de Sevilla\"},\"image\":{\"@id\":\"https:\\\/\\\/grupo.us.es\\\/artesdigitales\\\/#\\\/schema\\\/logo\\\/image\\\/\"}}]}<\/script>\n<!-- \/ Yoast SEO plugin. -->","yoast_head_json":{"title":"I Congreso Internacional sobre Artes Digitales. Fechas clave","description":"Fechas clave del Congreso Internacional sobre artes Digitales, Sevilla 2022","robots":{"index":"index","follow":"follow","max-snippet":"max-snippet:-1","max-image-preview":"max-image-preview:large","max-video-preview":"max-video-preview:-1"},"canonical":"https:\/\/grupo.us.es\/artesdigitales\/fechas-clave\/","og_locale":"es_ES","og_type":"article","og_title":"I Congreso Internacional sobre Artes Digitales. Fechas clave","og_description":"Fechas clave del Congreso Internacional sobre artes Digitales, Sevilla 2022","og_url":"https:\/\/grupo.us.es\/artesdigitales\/fechas-clave\/","og_site_name":"Artes digitales","article_modified_time":"2022-05-27T16:59:00+00:00","twitter_card":"summary_large_image","twitter_misc":{"Tiempo de lectura":"1 minuto"},"schema":{"@context":"https:\/\/schema.org","@graph":[{"@type":"WebPage","@id":"https:\/\/grupo.us.es\/artesdigitales\/fechas-clave\/","url":"https:\/\/grupo.us.es\/artesdigitales\/fechas-clave\/","name":"I Congreso Internacional sobre Artes Digitales. Fechas clave","isPartOf":{"@id":"https:\/\/grupo.us.es\/artesdigitales\/#website"},"datePublished":"2022-04-06T11:17:28+00:00","dateModified":"2022-05-27T16:59:00+00:00","description":"Fechas clave del Congreso Internacional sobre artes Digitales, Sevilla 2022","inLanguage":"es","potentialAction":[{"@type":"ReadAction","target":["https:\/\/grupo.us.es\/artesdigitales\/fechas-clave\/"]}]},{"@type":"WebSite","@id":"https:\/\/grupo.us.es\/artesdigitales\/#website","url":"https:\/\/grupo.us.es\/artesdigitales\/","name":"Artes digitales","description":"I  congreso internacional de artes digitales","publisher":{"@id":"https:\/\/grupo.us.es\/artesdigitales\/#organization"},"potentialAction":[{"@type":"SearchAction","target":{"@type":"EntryPoint","urlTemplate":"https:\/\/grupo.us.es\/artesdigitales\/?s={search_term_string}"},"query-input":{"@type":"PropertyValueSpecification","valueRequired":true,"valueName":"search_term_string"}}],"inLanguage":"es"},{"@type":"Organization","@id":"https:\/\/grupo.us.es\/artesdigitales\/#organization","name":"Unversidad de Sevilla","url":"https:\/\/grupo.us.es\/artesdigitales\/","logo":{"@type":"ImageObject","inLanguage":"es","@id":"https:\/\/grupo.us.es\/artesdigitales\/#\/schema\/logo\/image\/","url":"https:\/\/grupo.us.es\/artesdigitales\/wp-content\/uploads\/2022\/05\/US-marca-digital-cuadrada.jpg","contentUrl":"https:\/\/grupo.us.es\/artesdigitales\/wp-content\/uploads\/2022\/05\/US-marca-digital-cuadrada.jpg","width":150,"height":150,"caption":"Unversidad de Sevilla"},"image":{"@id":"https:\/\/grupo.us.es\/artesdigitales\/#\/schema\/logo\/image\/"}}]}},"_links":{"self":[{"href":"https:\/\/grupo.us.es\/artesdigitales\/wp-json\/wp\/v2\/pages\/55","targetHints":{"allow":["GET"]}}],"collection":[{"href":"https:\/\/grupo.us.es\/artesdigitales\/wp-json\/wp\/v2\/pages"}],"about":[{"href":"https:\/\/grupo.us.es\/artesdigitales\/wp-json\/wp\/v2\/types\/page"}],"author":[{"embeddable":true,"href":"https:\/\/grupo.us.es\/artesdigitales\/wp-json\/wp\/v2\/users\/1"}],"replies":[{"embeddable":true,"href":"https:\/\/grupo.us.es\/artesdigitales\/wp-json\/wp\/v2\/comments?post=55"}],"version-history":[{"count":12,"href":"https:\/\/grupo.us.es\/artesdigitales\/wp-json\/wp\/v2\/pages\/55\/revisions"}],"predecessor-version":[{"id":512,"href":"https:\/\/grupo.us.es\/artesdigitales\/wp-json\/wp\/v2\/pages\/55\/revisions\/512"}],"wp:attachment":[{"href":"https:\/\/grupo.us.es\/artesdigitales\/wp-json\/wp\/v2\/media?parent=55"}],"curies":[{"name":"wp","href":"https:\/\/api.w.org\/{rel}","templated":true}]}}