{"id":52,"date":"2022-04-06T10:35:32","date_gmt":"2022-04-06T10:35:32","guid":{"rendered":"http:\/\/grupo.us.es\/artesdigitales\/?page_id=52"},"modified":"2022-05-16T09:06:54","modified_gmt":"2022-05-16T09:06:54","slug":"precios","status":"publish","type":"page","link":"https:\/\/grupo.us.es\/artesdigitales\/precios\/","title":{"rendered":"precios"},"content":{"rendered":"\n<p>PRECIO REDUCIDO (hasta el 30 de septiembre)<\/p>\n\n\n\n<ul class=\"wp-block-list\"><li>Investigadores que presenten trabajos: 20 euros por cada trabajo presentado (sea ponencia u obra de arte), con un m\u00e1ximo de 6 trabajos presentados en total (3 en la categor\u00eda de comunicaciones y otros 3 en la categor\u00eda de Obras de arte).<\/li><li>Estudiantes sin presentaci\u00f3n de comunicaciones y oyentes 5 euros (posibilidad de obtenci\u00f3n de 2 cr\u00e9ditos de libre configuraci\u00f3n) y diploma de asistencia siempre que se acuda al 80% de las horas del congreso.<\/li><\/ul>\n\n\n\n<p>PRECIO NORMAL (desde el 30 de septiembre)<\/p>\n\n\n\n<ul class=\"wp-block-list\"><li>Investigadores que presenten trabajos: 40 euros por cada trabajo presentado (sea ponencia u obra de arte), con un m\u00e1ximo de 6 trabajos presentados en total (3 en la categor\u00eda de comunicaciones y otros 3 en la categor\u00eda de Obras de arte).<\/li><li>Estudiantes que no presenten comunicaciones y oyentes 10 euros (posibilidad de obtenci\u00f3n de 2 cr\u00e9ditos de libre configuraci\u00f3n) y diploma de asistencia siempre que se acuda al 80% de las horas del congreso.<\/li><\/ul>\n","protected":false},"excerpt":{"rendered":"<p>PRECIO REDUCIDO (hasta el 30 de septiembre) Investigadores que presenten trabajos: 20 euros por cada trabajo presentado (sea ponencia u obra de arte), con un m\u00e1ximo de 6 trabajos presentados en total (3 en la categor\u00eda de comunicaciones y otros 3 en la categor\u00eda de Obras de arte). Estudiantes sin presentaci\u00f3n de comunicaciones y oyentes [&hellip;]<\/p>\n","protected":false},"author":1,"featured_media":0,"parent":0,"menu_order":0,"comment_status":"closed","ping_status":"closed","template":"","meta":{"footnotes":""},"class_list":["post-52","page","type-page","status-publish","hentry"],"yoast_head":"<!-- This site is optimized with the Yoast SEO plugin v27.4 - https:\/\/yoast.com\/product\/yoast-seo-wordpress\/ -->\n<title>I Congreso Internacional sobre Artes Digitales. Precios<\/title>\n<meta name=\"description\" content=\"Precios del I Congreso Internacional sobre artes Digitales. Sevilla 2022\" \/>\n<meta name=\"robots\" content=\"index, follow, max-snippet:-1, max-image-preview:large, max-video-preview:-1\" \/>\n<link rel=\"canonical\" href=\"https:\/\/grupo.us.es\/artesdigitales\/precios\/\" \/>\n<meta property=\"og:locale\" content=\"es_ES\" \/>\n<meta property=\"og:type\" content=\"article\" \/>\n<meta property=\"og:title\" content=\"I Congreso Internacional sobre Artes Digitales. Precios\" \/>\n<meta property=\"og:description\" content=\"Precios del I Congreso Internacional sobre artes Digitales. Sevilla 2022\" \/>\n<meta property=\"og:url\" content=\"https:\/\/grupo.us.es\/artesdigitales\/precios\/\" \/>\n<meta property=\"og:site_name\" content=\"Artes digitales\" \/>\n<meta property=\"article:modified_time\" content=\"2022-05-16T09:06:54+00:00\" \/>\n<meta name=\"twitter:card\" content=\"summary_large_image\" \/>\n<meta name=\"twitter:label1\" content=\"Tiempo de lectura\" \/>\n\t<meta name=\"twitter:data1\" content=\"1 minuto\" \/>\n<script type=\"application\/ld+json\" class=\"yoast-schema-graph\">{\"@context\":\"https:\\\/\\\/schema.org\",\"@graph\":[{\"@type\":\"WebPage\",\"@id\":\"https:\\\/\\\/grupo.us.es\\\/artesdigitales\\\/precios\\\/\",\"url\":\"https:\\\/\\\/grupo.us.es\\\/artesdigitales\\\/precios\\\/\",\"name\":\"I Congreso Internacional sobre Artes Digitales. Precios\",\"isPartOf\":{\"@id\":\"https:\\\/\\\/grupo.us.es\\\/artesdigitales\\\/#website\"},\"datePublished\":\"2022-04-06T10:35:32+00:00\",\"dateModified\":\"2022-05-16T09:06:54+00:00\",\"description\":\"Precios del I Congreso Internacional sobre artes Digitales. Sevilla 2022\",\"inLanguage\":\"es\",\"potentialAction\":[{\"@type\":\"ReadAction\",\"target\":[\"https:\\\/\\\/grupo.us.es\\\/artesdigitales\\\/precios\\\/\"]}]},{\"@type\":\"WebSite\",\"@id\":\"https:\\\/\\\/grupo.us.es\\\/artesdigitales\\\/#website\",\"url\":\"https:\\\/\\\/grupo.us.es\\\/artesdigitales\\\/\",\"name\":\"Artes digitales\",\"description\":\"I  congreso internacional de artes digitales\",\"publisher\":{\"@id\":\"https:\\\/\\\/grupo.us.es\\\/artesdigitales\\\/#organization\"},\"potentialAction\":[{\"@type\":\"SearchAction\",\"target\":{\"@type\":\"EntryPoint\",\"urlTemplate\":\"https:\\\/\\\/grupo.us.es\\\/artesdigitales\\\/?s={search_term_string}\"},\"query-input\":{\"@type\":\"PropertyValueSpecification\",\"valueRequired\":true,\"valueName\":\"search_term_string\"}}],\"inLanguage\":\"es\"},{\"@type\":\"Organization\",\"@id\":\"https:\\\/\\\/grupo.us.es\\\/artesdigitales\\\/#organization\",\"name\":\"Unversidad de Sevilla\",\"url\":\"https:\\\/\\\/grupo.us.es\\\/artesdigitales\\\/\",\"logo\":{\"@type\":\"ImageObject\",\"inLanguage\":\"es\",\"@id\":\"https:\\\/\\\/grupo.us.es\\\/artesdigitales\\\/#\\\/schema\\\/logo\\\/image\\\/\",\"url\":\"https:\\\/\\\/grupo.us.es\\\/artesdigitales\\\/wp-content\\\/uploads\\\/2022\\\/05\\\/US-marca-digital-cuadrada.jpg\",\"contentUrl\":\"https:\\\/\\\/grupo.us.es\\\/artesdigitales\\\/wp-content\\\/uploads\\\/2022\\\/05\\\/US-marca-digital-cuadrada.jpg\",\"width\":150,\"height\":150,\"caption\":\"Unversidad de Sevilla\"},\"image\":{\"@id\":\"https:\\\/\\\/grupo.us.es\\\/artesdigitales\\\/#\\\/schema\\\/logo\\\/image\\\/\"}}]}<\/script>\n<!-- \/ Yoast SEO plugin. -->","yoast_head_json":{"title":"I Congreso Internacional sobre Artes Digitales. Precios","description":"Precios del I Congreso Internacional sobre artes Digitales. Sevilla 2022","robots":{"index":"index","follow":"follow","max-snippet":"max-snippet:-1","max-image-preview":"max-image-preview:large","max-video-preview":"max-video-preview:-1"},"canonical":"https:\/\/grupo.us.es\/artesdigitales\/precios\/","og_locale":"es_ES","og_type":"article","og_title":"I Congreso Internacional sobre Artes Digitales. Precios","og_description":"Precios del I Congreso Internacional sobre artes Digitales. Sevilla 2022","og_url":"https:\/\/grupo.us.es\/artesdigitales\/precios\/","og_site_name":"Artes digitales","article_modified_time":"2022-05-16T09:06:54+00:00","twitter_card":"summary_large_image","twitter_misc":{"Tiempo de lectura":"1 minuto"},"schema":{"@context":"https:\/\/schema.org","@graph":[{"@type":"WebPage","@id":"https:\/\/grupo.us.es\/artesdigitales\/precios\/","url":"https:\/\/grupo.us.es\/artesdigitales\/precios\/","name":"I Congreso Internacional sobre Artes Digitales. Precios","isPartOf":{"@id":"https:\/\/grupo.us.es\/artesdigitales\/#website"},"datePublished":"2022-04-06T10:35:32+00:00","dateModified":"2022-05-16T09:06:54+00:00","description":"Precios del I Congreso Internacional sobre artes Digitales. Sevilla 2022","inLanguage":"es","potentialAction":[{"@type":"ReadAction","target":["https:\/\/grupo.us.es\/artesdigitales\/precios\/"]}]},{"@type":"WebSite","@id":"https:\/\/grupo.us.es\/artesdigitales\/#website","url":"https:\/\/grupo.us.es\/artesdigitales\/","name":"Artes digitales","description":"I  congreso internacional de artes digitales","publisher":{"@id":"https:\/\/grupo.us.es\/artesdigitales\/#organization"},"potentialAction":[{"@type":"SearchAction","target":{"@type":"EntryPoint","urlTemplate":"https:\/\/grupo.us.es\/artesdigitales\/?s={search_term_string}"},"query-input":{"@type":"PropertyValueSpecification","valueRequired":true,"valueName":"search_term_string"}}],"inLanguage":"es"},{"@type":"Organization","@id":"https:\/\/grupo.us.es\/artesdigitales\/#organization","name":"Unversidad de Sevilla","url":"https:\/\/grupo.us.es\/artesdigitales\/","logo":{"@type":"ImageObject","inLanguage":"es","@id":"https:\/\/grupo.us.es\/artesdigitales\/#\/schema\/logo\/image\/","url":"https:\/\/grupo.us.es\/artesdigitales\/wp-content\/uploads\/2022\/05\/US-marca-digital-cuadrada.jpg","contentUrl":"https:\/\/grupo.us.es\/artesdigitales\/wp-content\/uploads\/2022\/05\/US-marca-digital-cuadrada.jpg","width":150,"height":150,"caption":"Unversidad de Sevilla"},"image":{"@id":"https:\/\/grupo.us.es\/artesdigitales\/#\/schema\/logo\/image\/"}}]}},"_links":{"self":[{"href":"https:\/\/grupo.us.es\/artesdigitales\/wp-json\/wp\/v2\/pages\/52","targetHints":{"allow":["GET"]}}],"collection":[{"href":"https:\/\/grupo.us.es\/artesdigitales\/wp-json\/wp\/v2\/pages"}],"about":[{"href":"https:\/\/grupo.us.es\/artesdigitales\/wp-json\/wp\/v2\/types\/page"}],"author":[{"embeddable":true,"href":"https:\/\/grupo.us.es\/artesdigitales\/wp-json\/wp\/v2\/users\/1"}],"replies":[{"embeddable":true,"href":"https:\/\/grupo.us.es\/artesdigitales\/wp-json\/wp\/v2\/comments?post=52"}],"version-history":[{"count":3,"href":"https:\/\/grupo.us.es\/artesdigitales\/wp-json\/wp\/v2\/pages\/52\/revisions"}],"predecessor-version":[{"id":420,"href":"https:\/\/grupo.us.es\/artesdigitales\/wp-json\/wp\/v2\/pages\/52\/revisions\/420"}],"wp:attachment":[{"href":"https:\/\/grupo.us.es\/artesdigitales\/wp-json\/wp\/v2\/media?parent=52"}],"curies":[{"name":"wp","href":"https:\/\/api.w.org\/{rel}","templated":true}]}}