{"id":32,"date":"2022-04-06T09:15:33","date_gmt":"2022-04-06T09:15:33","guid":{"rendered":"http:\/\/grupo.us.es\/artesdigitales\/?page_id=32"},"modified":"2022-06-07T12:27:36","modified_gmt":"2022-06-07T12:27:36","slug":"presentacion","status":"publish","type":"page","link":"https:\/\/grupo.us.es\/artesdigitales\/presentacion\/","title":{"rendered":"presentaci\u00f3n"},"content":{"rendered":"\n<p><strong>BIENVENIDOS AL I CONGRESO INTERNACIONAL SOBRE ARTES DIGITALES<\/strong><\/p>\n\n\n\n<p><strong>Tem\u00e1tica:<em> Lo desenfocado<\/em><\/strong><\/p>\n\n\n\n<p><strong>Fechas: del 29 de noviembre al 2 de diciembre de 2022<\/strong><\/p>\n\n\n\n<p><strong>Formato mixto, online y presencial<\/strong><\/p>\n\n\n\n<h2 class=\"wp-block-heading\"><strong>Introducci\u00f3n<\/strong><\/h2>\n\n\n\n<p><em>Desenfocar: Hacer perder el enfoque adecuado de una imagen o un asunto<\/em>.<\/p>\n\n\n\n<p>El <strong>I Congreso Internacional sobre Artes Digitales<\/strong> impulsado desde la Universidad de Sevilla, el Departamento de Historia del Arte, la Facultad de Geograf\u00eda e Historia y el grupo de investigaci\u00f3n <em>Vanguardias<\/em>, \u00daltimas Tendencias y Patrimonio Art\u00edstico (HUM-1030), es un encuentro <strong>cient\u00edfico multidisciplinar que <\/strong>propone como eje vertebrador la tem\u00e1tica transversal \u201clo desenfocado\u201d. Entendemos este <em>desenfoque<\/em> como un debate en el que deben ser protagonistas las diferentes emancipaciones de nuestra sociedad actual bajo el paraguas expansivo de los Objetivos de Desarrollo Sostenible, aprobados por la <a rel=\"noreferrer noopener\" href=\"https:\/\/www.un.org\/sustainabledevelopment\/es\/objetivos-de-desarrollo-sostenible\/\" data-type=\"URL\" data-id=\"https:\/\/www.un.org\/sustainabledevelopment\/es\/objetivos-de-desarrollo-sostenible\/\" target=\"_blank\">Organizaci\u00f3n de las Naciones Unidas mediante su Agenda 2030.<\/a><\/p>\n\n\n\n<figure class=\"wp-block-image size-large\"><a href=\"https:\/\/www.un.org\/sustainabledevelopment\/es\/objetivos-de-desarrollo-sostenible\/\"><img loading=\"lazy\" decoding=\"async\" width=\"1024\" height=\"488\" src=\"http:\/\/grupo.us.es\/artesdigitales\/wp-content\/uploads\/2022\/04\/ods_17-1024x488.png\" alt=\"\" class=\"wp-image-34\" srcset=\"https:\/\/grupo.us.es\/artesdigitales\/wp-content\/uploads\/2022\/04\/ods_17-1024x488.png 1024w, https:\/\/grupo.us.es\/artesdigitales\/wp-content\/uploads\/2022\/04\/ods_17-300x143.png 300w, https:\/\/grupo.us.es\/artesdigitales\/wp-content\/uploads\/2022\/04\/ods_17-768x366.png 768w, https:\/\/grupo.us.es\/artesdigitales\/wp-content\/uploads\/2022\/04\/ods_17.png 1318w\" sizes=\"auto, (max-width: 1024px) 100vw, 1024px\" \/><\/a><\/figure>\n\n\n\n<p>La pretensi\u00f3n es establecer un \u00e1mbito de discusi\u00f3n cr\u00edtico, desde el cual evaluar y definir, el arte digital y los desarrollos culturales desde los \u00e1mbitos creativos, educativos, patrimoniales, muse\u00edsticos o mercantiles; su recorrido hist\u00f3rico, su incidencia, posibilidades y futuros. La actualidad del arte y la cultura pasa por una mejor comprensi\u00f3n del \u00e1mbito digital como medio, herramienta o resultado. <\/p>\n\n\n\n<p>M\u00e1s all\u00e1 de sus propios l\u00edmites conceptuales, el congreso debe adquirir un perfil concienciado con la sociedad que le rodea y por ello se ha propuesto confluir con algunos de los 17 Objetivos de Desarrollo Sostenible (ODS) de la Agenda 2030, aprobada el 25 de septiembre del 2015 por la Asamblea General de las Naciones Unidas (ONU), para abordar los grandes retos globales y las metas que permitir\u00e1n garantizar un mejor futuro para todos. Entre ellos, tanto en la estructura de las l\u00edneas que dar\u00e1n carta de naturaleza al congreso cuanto en la estructuraci\u00f3n de contenidos y, por encima de todo, en las directrices que dictaminar\u00e1n los procesos de selecci\u00f3n de comunicaciones, se tendr\u00e1n en cuenta, principalmente, los ODS en favor de promover la igualdad de g\u00e9nero, la educaci\u00f3n inclusiva, el desarrollo sostenible, combatir la desigualdad, perseguir la sostenibilidad, denunciar el cambio clim\u00e1tico y promover las alianzas mundiales \u00e9ticas.<\/p>\n\n\n\n<p><strong><a rel=\"noreferrer noopener\" href=\"https:\/\/www.us.es\/\" data-type=\"URL\" data-id=\"https:\/\/www.us.es\/\" target=\"_blank\">La Universidad de Sevilla<\/a><\/strong> tambi\u00e9n ha puesto en marcha diferentes actuaciones para dar a conocer la Agenda 2030. Se ha dise\u00f1ado un proceso de an\u00e1lisis con el doble objetivo de:<\/p>\n\n\n\n<ul class=\"wp-block-list\"><li>Identificar actores y l\u00edneas de trabajo vinculadas al Desarrollo Humano Sostenible (DHS) existentes en la US en la actualidad.<\/li><li>Realizar una detecci\u00f3n de necesidades formativas para mejorar el conocimiento y contribuci\u00f3n a la Agenda 2030 de su comunidad universitaria.<\/li><\/ul>\n\n\n\n<p>A trav\u00e9s de la <a href=\"https:\/\/cooperacion.us.es\/\" data-type=\"URL\" data-id=\"https:\/\/cooperacion.us.es\/\" target=\"_blank\" rel=\"noreferrer noopener\">Oficina de Cooperaci\u00f3n al Desarrollo<\/a>, la Universidad de Sevilla pone en pr\u00e1cticas actividades de divulgaci\u00f3n y compromiso con los Objetivos de Desarrollo Sostenible.<\/p>\n\n\n\n<p>Pensamos que en la esfera global contempor\u00e1nea, las redes de cr\u00edticos y artistas son elementos potentes que dinamizan pr\u00e1cticas en torno al <em>ciberfeminismo<\/em>, la <em>ciberecolog\u00eda<\/em>, o los derechos humanos, siendo sujetos que crean reacciones y respuestas inmediatas en la sociedad, tanto global como local.  <\/p>\n\n\n\n<p>Este I<strong> Congreso Internacional <\/strong>quiere abordar las todas estas redes y c\u00f3mo se manifiestan.<\/p>\n","protected":false},"excerpt":{"rendered":"<p>BIENVENIDOS AL I CONGRESO INTERNACIONAL SOBRE ARTES DIGITALES Tem\u00e1tica: Lo desenfocado Fechas: del 29 de noviembre al 2 de diciembre de 2022 Formato mixto, online y presencial Introducci\u00f3n Desenfocar: Hacer perder el enfoque adecuado de una imagen o un asunto. El I Congreso Internacional sobre Artes Digitales impulsado desde la Universidad de Sevilla, el Departamento [&hellip;]<\/p>\n","protected":false},"author":1,"featured_media":0,"parent":0,"menu_order":0,"comment_status":"closed","ping_status":"closed","template":"","meta":{"footnotes":""},"class_list":["post-32","page","type-page","status-publish","hentry"],"yoast_head":"<!-- This site is optimized with the Yoast SEO plugin v27.4 - https:\/\/yoast.com\/product\/yoast-seo-wordpress\/ -->\n<title>I Congreso Internacional sobre Artes Digitales. Universidad de Sevilla<\/title>\n<meta name=\"description\" content=\"I Congreso Internacional sobre artes Digitales, Sevilla 2022\" \/>\n<meta name=\"robots\" content=\"index, follow, max-snippet:-1, max-image-preview:large, max-video-preview:-1\" \/>\n<link rel=\"canonical\" href=\"https:\/\/grupo.us.es\/artesdigitales\/presentacion\/\" \/>\n<meta property=\"og:locale\" content=\"es_ES\" \/>\n<meta property=\"og:type\" content=\"article\" \/>\n<meta property=\"og:title\" content=\"I Congreso Internacional sobre Artes Digitales. Universidad de Sevilla\" \/>\n<meta property=\"og:description\" content=\"I Congreso Internacional sobre artes Digitales, Sevilla 2022\" \/>\n<meta property=\"og:url\" content=\"https:\/\/grupo.us.es\/artesdigitales\/presentacion\/\" \/>\n<meta property=\"og:site_name\" content=\"Artes digitales\" \/>\n<meta property=\"article:modified_time\" content=\"2022-06-07T12:27:36+00:00\" \/>\n<meta property=\"og:image\" content=\"http:\/\/grupo.us.es\/artesdigitales\/wp-content\/uploads\/2022\/04\/ods_17-1024x488.png\" \/>\n<meta name=\"twitter:card\" content=\"summary_large_image\" \/>\n<meta name=\"twitter:label1\" content=\"Tiempo de lectura\" \/>\n\t<meta name=\"twitter:data1\" content=\"3 minutos\" \/>\n<script type=\"application\/ld+json\" class=\"yoast-schema-graph\">{\"@context\":\"https:\\\/\\\/schema.org\",\"@graph\":[{\"@type\":\"WebPage\",\"@id\":\"https:\\\/\\\/grupo.us.es\\\/artesdigitales\\\/presentacion\\\/\",\"url\":\"https:\\\/\\\/grupo.us.es\\\/artesdigitales\\\/presentacion\\\/\",\"name\":\"I Congreso Internacional sobre Artes Digitales. Universidad de Sevilla\",\"isPartOf\":{\"@id\":\"https:\\\/\\\/grupo.us.es\\\/artesdigitales\\\/#website\"},\"primaryImageOfPage\":{\"@id\":\"https:\\\/\\\/grupo.us.es\\\/artesdigitales\\\/presentacion\\\/#primaryimage\"},\"image\":{\"@id\":\"https:\\\/\\\/grupo.us.es\\\/artesdigitales\\\/presentacion\\\/#primaryimage\"},\"thumbnailUrl\":\"http:\\\/\\\/grupo.us.es\\\/artesdigitales\\\/wp-content\\\/uploads\\\/2022\\\/04\\\/ods_17-1024x488.png\",\"datePublished\":\"2022-04-06T09:15:33+00:00\",\"dateModified\":\"2022-06-07T12:27:36+00:00\",\"description\":\"I Congreso Internacional sobre artes Digitales, Sevilla 2022\",\"inLanguage\":\"es\",\"potentialAction\":[{\"@type\":\"ReadAction\",\"target\":[\"https:\\\/\\\/grupo.us.es\\\/artesdigitales\\\/presentacion\\\/\"]}]},{\"@type\":\"ImageObject\",\"inLanguage\":\"es\",\"@id\":\"https:\\\/\\\/grupo.us.es\\\/artesdigitales\\\/presentacion\\\/#primaryimage\",\"url\":\"https:\\\/\\\/grupo.us.es\\\/artesdigitales\\\/wp-content\\\/uploads\\\/2022\\\/04\\\/ods_17.png\",\"contentUrl\":\"https:\\\/\\\/grupo.us.es\\\/artesdigitales\\\/wp-content\\\/uploads\\\/2022\\\/04\\\/ods_17.png\",\"width\":1318,\"height\":628},{\"@type\":\"WebSite\",\"@id\":\"https:\\\/\\\/grupo.us.es\\\/artesdigitales\\\/#website\",\"url\":\"https:\\\/\\\/grupo.us.es\\\/artesdigitales\\\/\",\"name\":\"Artes digitales\",\"description\":\"I  congreso internacional de artes digitales\",\"publisher\":{\"@id\":\"https:\\\/\\\/grupo.us.es\\\/artesdigitales\\\/#organization\"},\"potentialAction\":[{\"@type\":\"SearchAction\",\"target\":{\"@type\":\"EntryPoint\",\"urlTemplate\":\"https:\\\/\\\/grupo.us.es\\\/artesdigitales\\\/?s={search_term_string}\"},\"query-input\":{\"@type\":\"PropertyValueSpecification\",\"valueRequired\":true,\"valueName\":\"search_term_string\"}}],\"inLanguage\":\"es\"},{\"@type\":\"Organization\",\"@id\":\"https:\\\/\\\/grupo.us.es\\\/artesdigitales\\\/#organization\",\"name\":\"Unversidad de Sevilla\",\"url\":\"https:\\\/\\\/grupo.us.es\\\/artesdigitales\\\/\",\"logo\":{\"@type\":\"ImageObject\",\"inLanguage\":\"es\",\"@id\":\"https:\\\/\\\/grupo.us.es\\\/artesdigitales\\\/#\\\/schema\\\/logo\\\/image\\\/\",\"url\":\"https:\\\/\\\/grupo.us.es\\\/artesdigitales\\\/wp-content\\\/uploads\\\/2022\\\/05\\\/US-marca-digital-cuadrada.jpg\",\"contentUrl\":\"https:\\\/\\\/grupo.us.es\\\/artesdigitales\\\/wp-content\\\/uploads\\\/2022\\\/05\\\/US-marca-digital-cuadrada.jpg\",\"width\":150,\"height\":150,\"caption\":\"Unversidad de Sevilla\"},\"image\":{\"@id\":\"https:\\\/\\\/grupo.us.es\\\/artesdigitales\\\/#\\\/schema\\\/logo\\\/image\\\/\"}}]}<\/script>\n<!-- \/ Yoast SEO plugin. -->","yoast_head_json":{"title":"I Congreso Internacional sobre Artes Digitales. Universidad de Sevilla","description":"I Congreso Internacional sobre artes Digitales, Sevilla 2022","robots":{"index":"index","follow":"follow","max-snippet":"max-snippet:-1","max-image-preview":"max-image-preview:large","max-video-preview":"max-video-preview:-1"},"canonical":"https:\/\/grupo.us.es\/artesdigitales\/presentacion\/","og_locale":"es_ES","og_type":"article","og_title":"I Congreso Internacional sobre Artes Digitales. Universidad de Sevilla","og_description":"I Congreso Internacional sobre artes Digitales, Sevilla 2022","og_url":"https:\/\/grupo.us.es\/artesdigitales\/presentacion\/","og_site_name":"Artes digitales","article_modified_time":"2022-06-07T12:27:36+00:00","og_image":[{"url":"http:\/\/grupo.us.es\/artesdigitales\/wp-content\/uploads\/2022\/04\/ods_17-1024x488.png","type":"","width":"","height":""}],"twitter_card":"summary_large_image","twitter_misc":{"Tiempo de lectura":"3 minutos"},"schema":{"@context":"https:\/\/schema.org","@graph":[{"@type":"WebPage","@id":"https:\/\/grupo.us.es\/artesdigitales\/presentacion\/","url":"https:\/\/grupo.us.es\/artesdigitales\/presentacion\/","name":"I Congreso Internacional sobre Artes Digitales. Universidad de Sevilla","isPartOf":{"@id":"https:\/\/grupo.us.es\/artesdigitales\/#website"},"primaryImageOfPage":{"@id":"https:\/\/grupo.us.es\/artesdigitales\/presentacion\/#primaryimage"},"image":{"@id":"https:\/\/grupo.us.es\/artesdigitales\/presentacion\/#primaryimage"},"thumbnailUrl":"http:\/\/grupo.us.es\/artesdigitales\/wp-content\/uploads\/2022\/04\/ods_17-1024x488.png","datePublished":"2022-04-06T09:15:33+00:00","dateModified":"2022-06-07T12:27:36+00:00","description":"I Congreso Internacional sobre artes Digitales, Sevilla 2022","inLanguage":"es","potentialAction":[{"@type":"ReadAction","target":["https:\/\/grupo.us.es\/artesdigitales\/presentacion\/"]}]},{"@type":"ImageObject","inLanguage":"es","@id":"https:\/\/grupo.us.es\/artesdigitales\/presentacion\/#primaryimage","url":"https:\/\/grupo.us.es\/artesdigitales\/wp-content\/uploads\/2022\/04\/ods_17.png","contentUrl":"https:\/\/grupo.us.es\/artesdigitales\/wp-content\/uploads\/2022\/04\/ods_17.png","width":1318,"height":628},{"@type":"WebSite","@id":"https:\/\/grupo.us.es\/artesdigitales\/#website","url":"https:\/\/grupo.us.es\/artesdigitales\/","name":"Artes digitales","description":"I  congreso internacional de artes digitales","publisher":{"@id":"https:\/\/grupo.us.es\/artesdigitales\/#organization"},"potentialAction":[{"@type":"SearchAction","target":{"@type":"EntryPoint","urlTemplate":"https:\/\/grupo.us.es\/artesdigitales\/?s={search_term_string}"},"query-input":{"@type":"PropertyValueSpecification","valueRequired":true,"valueName":"search_term_string"}}],"inLanguage":"es"},{"@type":"Organization","@id":"https:\/\/grupo.us.es\/artesdigitales\/#organization","name":"Unversidad de Sevilla","url":"https:\/\/grupo.us.es\/artesdigitales\/","logo":{"@type":"ImageObject","inLanguage":"es","@id":"https:\/\/grupo.us.es\/artesdigitales\/#\/schema\/logo\/image\/","url":"https:\/\/grupo.us.es\/artesdigitales\/wp-content\/uploads\/2022\/05\/US-marca-digital-cuadrada.jpg","contentUrl":"https:\/\/grupo.us.es\/artesdigitales\/wp-content\/uploads\/2022\/05\/US-marca-digital-cuadrada.jpg","width":150,"height":150,"caption":"Unversidad de Sevilla"},"image":{"@id":"https:\/\/grupo.us.es\/artesdigitales\/#\/schema\/logo\/image\/"}}]}},"_links":{"self":[{"href":"https:\/\/grupo.us.es\/artesdigitales\/wp-json\/wp\/v2\/pages\/32","targetHints":{"allow":["GET"]}}],"collection":[{"href":"https:\/\/grupo.us.es\/artesdigitales\/wp-json\/wp\/v2\/pages"}],"about":[{"href":"https:\/\/grupo.us.es\/artesdigitales\/wp-json\/wp\/v2\/types\/page"}],"author":[{"embeddable":true,"href":"https:\/\/grupo.us.es\/artesdigitales\/wp-json\/wp\/v2\/users\/1"}],"replies":[{"embeddable":true,"href":"https:\/\/grupo.us.es\/artesdigitales\/wp-json\/wp\/v2\/comments?post=32"}],"version-history":[{"count":12,"href":"https:\/\/grupo.us.es\/artesdigitales\/wp-json\/wp\/v2\/pages\/32\/revisions"}],"predecessor-version":[{"id":551,"href":"https:\/\/grupo.us.es\/artesdigitales\/wp-json\/wp\/v2\/pages\/32\/revisions\/551"}],"wp:attachment":[{"href":"https:\/\/grupo.us.es\/artesdigitales\/wp-json\/wp\/v2\/media?parent=32"}],"curies":[{"name":"wp","href":"https:\/\/api.w.org\/{rel}","templated":true}]}}