{"id":303,"date":"2022-04-25T16:43:24","date_gmt":"2022-04-25T16:43:24","guid":{"rendered":"https:\/\/grupo.us.es\/artesdigitales\/?page_id=303"},"modified":"2022-12-20T19:34:17","modified_gmt":"2022-12-20T19:34:17","slug":"programa","status":"publish","type":"page","link":"https:\/\/grupo.us.es\/artesdigitales\/programa\/","title":{"rendered":"programa"},"content":{"rendered":"\n<p><strong><a href=\"http:\/\/grupo.us.es\/artesdigitales\/wp-content\/uploads\/2022\/12\/PROGRAMA-PROGRAM.pdf\" target=\"_blank\" rel=\"noreferrer noopener\">DISPONIBLE EN PDF<\/a><\/strong><\/p>\n\n\n\n<p><strong>MARTES, 29 DE NOVIEMBRE DE 2022<br>PARANINFO DE LA UNIVERSIDAD DE SEVILLA<br>CALLE SAN FERNANDO, 4<\/strong><\/p>\n\n\n\n<p><strong>16:30 h.<\/strong><br>Acreditaciones<\/p>\n\n\n\n<p><strong>17:00 h.<\/strong><br><strong>SESI\u00d3N PLENARIA INAUGURAL (en espa\u00f1ol e ingl\u00e9s)<br>OPENING PLENARY SESSION (in Spanish and English)<\/strong><\/p>\n\n\n\n<p><strong><em>Bienvenida<\/em><\/strong><br>D. Miguel \u00c1ngel Castro Arroyo<br><em>Se\u00f1or Rector Magn\u00edfico Universidad de Sevilla<\/em><\/p>\n\n\n\n<p>D\u00f1a. Marie Grangeon-Mazat<br><em>Agregada de cooperaci\u00f3n y acci\u00f3n cultural de la Embajada de Francia para el sur de Espa\u00f1a<\/em><\/p>\n\n\n\n<p>D. Jos\u00e9 Manuel Sevilla Fern\u00e1ndez<br><em>Decano de la Facultad de Filosof\u00eda<\/em><\/p>\n\n\n\n<p>D\u00f1a. Mar\u00eda Antonia Carmona Ruiz<br><em>Decana de la Facultad de Geograf\u00eda e Historia<\/em><\/p>\n\n\n\n<p>D. Daniel Bilbao Pe\u00f1a  <br><em>Decano de la Facultad de Bellas Artes<\/em><\/p>\n\n\n\n<p><strong>Ponencia Plenaria de Apertura (en espa\u00f1ol e ingl\u00e9s)<br>Opening Plenary Speech (in Spanish and English)<br><em>Bienvenida al arte digital de denuncia social: de la US a la UC Berkeley<\/em><br>D. Ramon Blanco-Barrera. Presidente del Congreso<\/strong><\/p>\n\n\n\n<p><strong>18:00 h.<br>Ponencia Invitada de Apertura (en espa\u00f1ol)<br>Opening Keynote Speech (in Spanish)<br><em>Saber estar en la cultura de lo digital.<\/em><br>Jos\u00e9 Luis Molinuevo. Catedr\u00e1tico de Est\u00e9tica y Teor\u00eda de las Artes. Universidad de Salamanca<br>Presentan: Andr\u00e9s Luque Teruel e Inmaculada Murcia Serrano. Presidentes de honor.<\/strong><\/p>\n\n\n\n<p><strong>19:30 h.<br>Inauguraci\u00f3n de la Exposici\u00f3n \u201cLo desenfocado\u201d (en espa\u00f1ol e ingl\u00e9s)<\/strong><br><strong>Opening of the Exhibition \u201cThe unfocused\u201d (in Spanish and English)<br>Centro de Actividades Culturales de la Universidad de Sevilla (CICUS)<\/strong><\/p>\n\n\n\n<p><strong>Ponencia Plenaria de Inauguraci\u00f3n (en espa\u00f1ol e ingl\u00e9s)<br>Opening Plenary Speech (in Spanish and English)<br><em>Descubriendo lo desenfocado en el arte de las nuevas tecnolog\u00edas<\/em><br>Ramon Blanco-Barrera e Iv\u00e1n de la Torre Amerighi. Comisarios<\/strong><\/p>\n\n\n\n<p><strong>MI\u00c9RCOLES, 30 DE NOVIEMBRE DE 2022<\/strong><strong><br>FACULTAD DE FILOSOF\u00cdA. AULA DE GRADOS<br>CALLE CAMILO JOS\u00c9 CELA S\/N.<\/strong><\/p>\n\n\n\n<p>SESI\u00d3N 1 (en espa\u00f1ol)<br>SESSION 1 (in Spanish)<br>Presenta: Dr. Iv\u00e1n de la Torre Amerighi<\/p>\n\n\n\n<p>09.00- 09.15 h.<\/p>\n\n\n\n<p><em>VOLTAJE (sal\u00f3n de arte y tecnolog\u00eda). El arte como experiencia y no como objeto<\/em><br>Carmen Gil Vrolijk<\/p>\n\n\n\n<p>09.15-09.30 h.<br><em>Reflexiones fenomenol\u00f3gicas para el arte interactivo<\/em><br>Claudia Mosqueda G\u00f3mez<\/p>\n\n\n\n<p>09.30-09.45 h.<br><em>Wearables o la imposibilidad de ser cyborg<\/em><br>Mar\u00eda Castellanos Vicente<\/p>\n\n\n\n<p>09.45-10.00 h.<br><em>No signal: Desconexi\u00f3n e hiperconexi\u00f3n. La discriminaci\u00f3n algor\u00edtmica en la era digital<\/em><br>Youssef Taki<\/p>\n\n\n\n<p>10.00-10:15 h.<br>DEBATE DE LA SESI\u00d3N 1<br>SESSION 1 DISCUSSION<\/p>\n\n\n\n<p>10:15-10.45 h.<br>PAUSA CAF\u00c9<br>COFFEE BREAK<\/p>\n\n\n\n<p><strong>10.45-11:45 h.<\/strong><br><strong>Ponencia Invitada (en espa\u00f1ol)<br>Keynote Speech (in Spanish)<br><em>Para una ecolog\u00eda de la imagen en la era de la posrepresentaci\u00f3n<\/em><br>Claudia Giannetti. Te\u00f3rica e investigadora independiente.<br>Presenta: Iv\u00e1n de la Torre Amerighi<\/strong><\/p>\n\n\n\n<p>SESI\u00d3N 2 (en espa\u00f1ol)<br>SESSION 2 (in Spanish)<br>Presenta: Inmaculada Murcia Serrano<\/p>\n\n\n\n<p>11.45-12.00 h.<br><em>Desenfoques urbanos: \u201cDigital\u201d de Le\u00f3n Siminiani, de la serie Conceptos clave del mundo moderno (1998-2009)<\/em><br>Jos\u00e9 Luis Panea<\/p>\n\n\n\n<p>12.00-12.15 h.<br><em>\u201cLo real en bruto no dar\u00e1 por s\u00ed mismo lo verdadero\u201d. Reflexiones sobre el estatuto de lo real en la imagen animada<\/em><br>Alfonso Hoyos Morales<\/p>\n\n\n\n<p>12.15-12.30 h.<br><em>M\u00e1s all\u00e1 de la vigilancia. Herramientas de control y medios de producci\u00f3n art\u00edstica<\/em><br>Jos\u00e9 Luis, Lozano Jim\u00e9nez<\/p>\n\n\n\n<p>12.30-12.45 h. (en espa\u00f1ol)<br>DEBATE DE LA SESI\u00d3N 2<br>SESSION 2 DISCUSSION<\/p>\n\n\n\n<p>SESI\u00d3N 3 (en espa\u00f1ol)<br>SESSION 3 (in Spanish)<br>Presenta: Pilar Acosta Ib\u00e1\u00f1ez<\/p>\n\n\n\n<p>12.45-13.00 h.<br><em>Cuerpos, algoritmos y curadur\u00eda en la encrucijada actual<\/em><br>Guadalupe Bali\u00f1o y Danila Desiree Nieto<\/p>\n\n\n\n<p>13.00-13.15 h.<br><em>Arcadeolog\u00eda: Archivo y preservaci\u00f3n del arte l\u00fadico-digital espa\u00f1ol<\/em><br>Mario-Paul Mart\u00ednez<\/p>\n\n\n\n<p>13: 15-13.30 h.<br><em>Warburg en el metaverso: influencias del pensamiento warburgiano en la concepci\u00f3n del museo virtual<\/em><br>Xos\u00e9 Ram\u00f3n Cisneros<\/p>\n\n\n\n<p>13.30-13.45<br>DEBATE DE LA SESI\u00d3N 3<br>SESSION 3 DISCUSSION<\/p>\n\n\n\n<p>PAUSA COMIDA<br>LUNCH BREAK<\/p>\n\n\n\n<p><strong>16.30 \/ 17:30<\/strong><br><strong>Ponencia Invitada (en espa\u00f1ol)<\/strong><strong><br>Keynote Speech (in Spanish)<br><em>Movimientos de lo viral.<\/em><br>Elena Castro C\u00f3rdoba. Universidad Complutense de Madrid<br>Presenta: Jos\u00e9 Luis Reyes-Criado<\/strong><\/p>\n\n\n\n<p><strong>JUEVES, 1 DE DICIEMBRE DE 2022<\/strong><strong><br>FACULTAD DE GEOGRAF\u00cdA E HISTORIA. SALA CARRIAZO<br>CALLE DO\u00d1A MAR\u00cdA DE PADILLA S\/N. EDIFICIO RECTORADO<\/strong><\/p>\n\n\n\n<p>SESI\u00d3N 4 (en espa\u00f1ol)<br>SESSION 4 (in Spanish)<br>Presenta: Alicia Iglesias Cumplido<\/p>\n\n\n\n<p>09:00-09:15 h.<br><em>La inteligencia artificial en el arte<\/em><br>Rodrigo Carre\u00f1o Rio<\/p>\n\n\n\n<p>09:15-09:30 h.<br><em>Entre pistas de baile y artes digitales: Los Festivales de Artes Digitales (DAF) europeos<\/em><br>Jos\u00e9 Luis Reyes-Criado<\/p>\n\n\n\n<p>09:30-09:45 h.<br><em>Intertextualidad y posmodernidad en el paradigma digital: del \u00f3leo American Gothic al NFT<\/em><br>Fran Mateu<\/p>\n\n\n\n<p>09.45- 10.00 h.<br>DEBATE DE LA SESI\u00d3N 4<br>SESSION 4 DISCUSSION<\/p>\n\n\n\n<p>10:00-10:30 h.<br>PAUSA CAF\u00c9<br>COFFEE BREAK<\/p>\n\n\n\n<p><strong>10.30 -11:30 h.<\/strong><strong><br>Ponencia Invitada (en ingl\u00e9s)<br>Keynote Speech (in English)<br><em>Transformer Models, Imagination, and Aesthetics. New Paradigms in Visual Culture.<\/em><br>Harald Klinke. Profesor de Historia del Arte Digital. Ludwig-Maximilians-Universit\u00e4t M\u00fcnchen (LMU Munich)<br>Presenta: Eunice Miranda Tapia<\/strong><\/p>\n\n\n\n<p>SESI\u00d3N 5 (en ingl\u00e9s)<br>SESSION 5 (in English)<br>Presenta: Eunice Miranda Tapia<\/p>\n\n\n\n<p>11.30- 11.45 h.<br><em>Epistemology of Digital Painting: Examining Plein-Aire Landscape Painting Between the Physical and the Digital<\/em><br>David LeRue<\/p>\n\n\n\n<p>11:45-12.00 h.<br><em>Imagining the Physicality of the Camera; Reimagining the Virtual Possibilities of Screens<\/em><br>JP Antonio-Ayson<\/p>\n\n\n\n<p>12.00-12.15 h.<br><em>Vulnerable histories: preserving lived: experiences for inclusive futures<\/em><br>Diane Derr y Sadia Mir<\/p>\n\n\n\n<p>12.15-12.30 h.<br>DEBATE DE LA SESI\u00d3N 5<br>SESSION 5 DISCUSSION<\/p>\n\n\n\n<p><strong>12.30-13.30 h.<\/strong><br><strong>Ponencia Invitada (en ingl\u00e9s)<br>Keynote Speech (in English)<br><em>Organic data: artistic matter and environment.<\/em><br>Everardo Reyes. Universit\u00e9 Paris 8 Vincennes-Saint-Denis<br>Presenta: Eunice Miranda Tapia<\/strong><\/p>\n\n\n\n<p>PAUSA COMIDA<br>LUNCH BREAK<\/p>\n\n\n\n<p>SESI\u00d3N 6 (en espa\u00f1ol)<br>SESSION 6 (in Spanish)<br>Presenta: Manuel Bas Lozano<\/p>\n\n\n\n<p>16.00-16.15<br><em>El Arte Criptogr\u00e1fico circunda sobre nuestra sociedad tecnol\u00f3gica<\/em><br>Celia L\u00f3pez Castillo<\/p>\n\n\n\n<p>16.15-16.30<br><em>Democratizaci\u00f3n de la tecnolog\u00eda: emisores contempor\u00e1neos<\/em><br>Isabel Herrera<\/p>\n\n\n\n<p>16.30-16.45<br><em>Sobre Zium Collective<\/em><br>Guillermo Rodr\u00edguez Tenorio<\/p>\n\n\n\n<p>16.45-17.00<br>DEBATE DE LA SESI\u00d3N 6<br>SESSION 6 DISCUSSION<\/p>\n\n\n\n<p><strong>17.15-18:15 h.<\/strong><strong><br>Ponencia Invitada (en espa\u00f1ol)<br>Keynote Speech (in Spanish)<br><em>Redes, fisuras y feminismo glitch.<\/em><br>Doreen R\u00edos, curadora e investigadora independiente<br>Presenta: Juan A. Rodr\u00edguez<\/strong><\/p>\n\n\n\n<p><strong>VIERNES, 2 DE DICIEMBRE DE 2022<\/strong><strong><br>FACULTAD DE BELLAS ARTES. SALA DE JUNTAS<br>CALLE LARA\u00d1A, 3<\/strong><\/p>\n\n\n\n<p>SESI\u00d3N 7 (en espa\u00f1ol)<br>SESSION 7 (in Spanish)<br>Presenta: Andr\u00e9s Luque Teruel<\/p>\n\n\n\n<p>09.00-09.15 h.<br><em>Fotograf\u00eda expandida. Por una genealog\u00eda de la Realidad Aumentada<\/em><br>Mar\u00eda \u00c1ngeles Infante Barbosa<\/p>\n\n\n\n<p>09.15-09.30 h.<br><em>Aleatoriedad, inteligencia artificial y NFT: del mercado virtual al museo.<\/em><br>Eunice Miranda Tapia<\/p>\n\n\n\n<p>09.30-09.45 h.<br><em>Est\u00e9ticas de la interacci\u00f3n: clich\u00e9 y espect\u00e1culo<\/em><br>Alejandra Bueno De Santiago<\/p>\n\n\n\n<p>09:45-10:00 h.<br>DEBATE DE LA SESI\u00d3N 7<br>SESSION 7 DISCUSSION<\/p>\n\n\n\n<p>10.00-10.30 h.<br>PAUSA CAF\u00c9<br>COFFEE BREAK<\/p>\n\n\n\n<p><strong>10-30-11.30<\/strong><strong><br>Ponencia Invitada (en espa\u00f1ol)<br>Keynote Speech (in Spanish)<br><em>Ramon Blanco-Barrera, 233. Dos proyectos innovadores de arte digital.<\/em><br>Alicia Iglesias Cumplido. Profesora de Historia del Arte. Universidad de Sevilla<br>Presenta: Andr\u00e9s Luque Teruel<\/strong><\/p>\n\n\n\n<p>SESI\u00d3N 8 (en espa\u00f1ol)<br>SESSION 8 (in Spanish)<br>Presenta: Alicia Iglesias Cumplido<\/p>\n\n\n\n<p>11.30-11.45 h.<br><em>La escucha difusa en la m\u00fasica electroac\u00fastica contempor\u00e1nea<\/em><br>Norberto Bayo<\/p>\n\n\n\n<p>11.45-12.00 h.<br><em>El papel del arte digital ante el estudio de la controversia de la basura espacial<\/em><br>Alicia Mac\u00edas Recio<\/p>\n\n\n\n<p>12.00-12.15 h.<br><em>Repensando el autorretrato a partir del selfie<\/em><br>Ana Isabel Galv\u00e1n Garc\u00eda de las Bayonas<\/p>\n\n\n\n<p>12.15-12.30 h.<br>DEBATE DE LA SESI\u00d3N 8<br>SESSION 8 DISCUSSION<\/p>\n\n\n\n<p><strong>12.30 \/ 13.30<\/strong><\/p>\n\n\n\n<p><strong>Ponencia Invitada (en ingl\u00e9s)<br>Keynote Speech (in English)<br><em>Art by teamLab<\/em><br>Takashi Kudo. Communication Director, teamLab<br>Presenta: Ramon Blanco-Barrrera<\/strong><\/p>\n\n\n\n<p><strong>Ponencia Invitada (en ingl\u00e9s)<br>Keynote Speech (in English)<br><em>Reflections on nature in art by teamLab<\/em><br>Takashi Kudo. Artista y miembro fundador de teamLab<br>Presenta: Ramon Blanco-Barrera<\/strong><\/p>\n\n\n\n<p><\/p>\n\n\n\n<p>PAUSA COMIDA<br>LUNCH BREAK<\/p>\n\n\n\n<p>SESI\u00d3N 9 (en espa\u00f1ol)<br>SESSION 9 (in Spanish)<br>Presenta: Roc\u00edo Calvo L\u00e1zaro<\/p>\n\n\n\n<p>16.00-16.15 h.<br><em>El museo del fututo de Emiratos \u00c1rabes Unidos<\/em><br>Sara Ghazi Al Mahri. Encargada de negocios de la embajada de EAU en Espa\u00f1a<\/p>\n\n\n\n<p>16.15-16.30 h.<br><em>Hybris: (una) historia del fin del mundo<\/em><br><em>VOLTAJE (sal\u00f3n de arte y tecnolog\u00eda). El arte como experiencia y no como objeto<\/em><br>Carmen Gil Vrolijk<\/p>\n\n\n\n<p>16.30-16.45 h.<br><em>Una aproximaci\u00f3n a las realidades imitadas y otras alteraciones con las redes generativas antag\u00f3nicas.<\/em><br>Triana S\u00e1nchez<\/p>\n\n\n\n<p>16.45-17.00 h.<br><em>Estudio emp\u00edrico de las herramientas digitales y su aplicaci\u00f3n en el arte visual multidisciplinar: escultura, instalaci\u00f3n, v\u00eddeo, gr\u00e1fica digital y land art (1999-2012)<\/em><br>Jes\u00fas Algovi Gonz\u00e1lez Villegas<\/p>\n\n\n\n<p>17.00-17.15 h.<\/p>\n\n\n\n<p>DEBATE DE LA SESI\u00d3N 9<br>SESSION 9 DISCUSSION<\/p>\n\n\n\n<p><strong>17.15-18.15 h.<\/strong><strong><br>Ponencia Invitada (en ingl\u00e9s)<br>Keynote Speech (in English)<br><em>Coding Dance and Dancing Code: Analivia Cordeiro\u2019s M3X3<\/em><em><br><\/em>Edward Shanken. University of California, Santa Cruz<br>Presenta: Ramon Blanco-Barrera<\/strong><\/p>\n\n\n\n<p><strong>18:15 h.<br>Ponencia invitada de clausura (en espa\u00f1ol)<br>closing keynote speech (in spanish)<br><em>Nacemos anal\u00f3gicos, nos vamos digitales<\/em><br>Yamil Burguener.<br>Presenta: Ramon Blanco-Barrera<\/strong><\/p>\n\n\n\n<p><strong>19:15 h.<br>SESI\u00d3N PLENARIA DE CLAUSURA (en espa\u00f1ol e ingl\u00e9s)<br>CLOSING PLENARY SESSION<\/strong><\/p>\n\n\n\n<p><em>Memoria del I Congreso Internacional sobre Artes Digitales<\/em><br>Juan A. Rodr\u00edguez V\u00e1zquez. Presidente del Congreso<\/p>\n\n\n\n<p><em><em>Clausura y nuevo reto del arte actual<\/em><\/em><br>Alicia Iglesias Cumplido. Presidente del Congreso<\/p>\n\n\n\n<p><em><em>Clausurando lo virtual, abriendo nuevas perspectivas en el arte actual<\/em><\/em><br>Ramon Blanco-Barrera. Presidente del Congreso<\/p>\n\n\n\n<p><em>Concepto de arte y nuevas tecnolog\u00edas<\/em><br>Andr\u00e9s Luque Teruel. Presidente de Honor del Congreso<\/p>\n\n\n\n<p><em>Despedida y Clausura<\/em><br>Daniel Bilbao Pe\u00f1a. Decano de la Facultad de Bellas Artes<\/p>\n\n\n\n<p><\/p>\n","protected":false},"excerpt":{"rendered":"<p>DISPONIBLE EN PDF MARTES, 29 DE NOVIEMBRE DE 2022PARANINFO DE LA UNIVERSIDAD DE SEVILLACALLE SAN FERNANDO, 4 16:30 h.Acreditaciones 17:00 h.SESI\u00d3N PLENARIA INAUGURAL (en espa\u00f1ol e ingl\u00e9s)OPENING PLENARY SESSION (in Spanish and English) BienvenidaD. Miguel \u00c1ngel Castro ArroyoSe\u00f1or Rector Magn\u00edfico Universidad de Sevilla D\u00f1a. Marie Grangeon-MazatAgregada de cooperaci\u00f3n y acci\u00f3n cultural de la Embajada de [&hellip;]<\/p>\n","protected":false},"author":1,"featured_media":0,"parent":0,"menu_order":0,"comment_status":"closed","ping_status":"closed","template":"","meta":{"footnotes":""},"class_list":["post-303","page","type-page","status-publish","hentry"],"yoast_head":"<!-- This site is optimized with the Yoast SEO plugin v27.4 - https:\/\/yoast.com\/product\/yoast-seo-wordpress\/ -->\n<title>I Congreso Internacional sobre Artes Digitales. Programa<\/title>\n<meta name=\"description\" content=\"Programa del Congreso Internacional sobre artes Digitales, Sevilla 2022,\" \/>\n<meta name=\"robots\" content=\"index, follow, max-snippet:-1, max-image-preview:large, max-video-preview:-1\" \/>\n<link rel=\"canonical\" href=\"https:\/\/grupo.us.es\/artesdigitales\/programa\/\" \/>\n<meta property=\"og:locale\" content=\"es_ES\" \/>\n<meta property=\"og:type\" content=\"article\" \/>\n<meta property=\"og:title\" content=\"I Congreso Internacional sobre Artes Digitales. Programa\" \/>\n<meta property=\"og:description\" content=\"Programa del Congreso Internacional sobre artes Digitales, Sevilla 2022,\" \/>\n<meta property=\"og:url\" content=\"https:\/\/grupo.us.es\/artesdigitales\/programa\/\" \/>\n<meta property=\"og:site_name\" content=\"Artes digitales\" \/>\n<meta property=\"article:modified_time\" content=\"2022-12-20T19:34:17+00:00\" \/>\n<meta name=\"twitter:card\" content=\"summary_large_image\" \/>\n<meta name=\"twitter:label1\" content=\"Tiempo de lectura\" \/>\n\t<meta name=\"twitter:data1\" content=\"1 minuto\" \/>\n<script type=\"application\/ld+json\" class=\"yoast-schema-graph\">{\"@context\":\"https:\\\/\\\/schema.org\",\"@graph\":[{\"@type\":\"WebPage\",\"@id\":\"https:\\\/\\\/grupo.us.es\\\/artesdigitales\\\/programa\\\/\",\"url\":\"https:\\\/\\\/grupo.us.es\\\/artesdigitales\\\/programa\\\/\",\"name\":\"I Congreso Internacional sobre Artes Digitales. Programa\",\"isPartOf\":{\"@id\":\"https:\\\/\\\/grupo.us.es\\\/artesdigitales\\\/#website\"},\"datePublished\":\"2022-04-25T16:43:24+00:00\",\"dateModified\":\"2022-12-20T19:34:17+00:00\",\"description\":\"Programa del Congreso Internacional sobre artes Digitales, Sevilla 2022,\",\"inLanguage\":\"es\",\"potentialAction\":[{\"@type\":\"ReadAction\",\"target\":[\"https:\\\/\\\/grupo.us.es\\\/artesdigitales\\\/programa\\\/\"]}]},{\"@type\":\"WebSite\",\"@id\":\"https:\\\/\\\/grupo.us.es\\\/artesdigitales\\\/#website\",\"url\":\"https:\\\/\\\/grupo.us.es\\\/artesdigitales\\\/\",\"name\":\"Artes digitales\",\"description\":\"I  congreso internacional de artes digitales\",\"publisher\":{\"@id\":\"https:\\\/\\\/grupo.us.es\\\/artesdigitales\\\/#organization\"},\"potentialAction\":[{\"@type\":\"SearchAction\",\"target\":{\"@type\":\"EntryPoint\",\"urlTemplate\":\"https:\\\/\\\/grupo.us.es\\\/artesdigitales\\\/?s={search_term_string}\"},\"query-input\":{\"@type\":\"PropertyValueSpecification\",\"valueRequired\":true,\"valueName\":\"search_term_string\"}}],\"inLanguage\":\"es\"},{\"@type\":\"Organization\",\"@id\":\"https:\\\/\\\/grupo.us.es\\\/artesdigitales\\\/#organization\",\"name\":\"Unversidad de Sevilla\",\"url\":\"https:\\\/\\\/grupo.us.es\\\/artesdigitales\\\/\",\"logo\":{\"@type\":\"ImageObject\",\"inLanguage\":\"es\",\"@id\":\"https:\\\/\\\/grupo.us.es\\\/artesdigitales\\\/#\\\/schema\\\/logo\\\/image\\\/\",\"url\":\"https:\\\/\\\/grupo.us.es\\\/artesdigitales\\\/wp-content\\\/uploads\\\/2022\\\/05\\\/US-marca-digital-cuadrada.jpg\",\"contentUrl\":\"https:\\\/\\\/grupo.us.es\\\/artesdigitales\\\/wp-content\\\/uploads\\\/2022\\\/05\\\/US-marca-digital-cuadrada.jpg\",\"width\":150,\"height\":150,\"caption\":\"Unversidad de Sevilla\"},\"image\":{\"@id\":\"https:\\\/\\\/grupo.us.es\\\/artesdigitales\\\/#\\\/schema\\\/logo\\\/image\\\/\"}}]}<\/script>\n<!-- \/ Yoast SEO plugin. -->","yoast_head_json":{"title":"I Congreso Internacional sobre Artes Digitales. Programa","description":"Programa del Congreso Internacional sobre artes Digitales, Sevilla 2022,","robots":{"index":"index","follow":"follow","max-snippet":"max-snippet:-1","max-image-preview":"max-image-preview:large","max-video-preview":"max-video-preview:-1"},"canonical":"https:\/\/grupo.us.es\/artesdigitales\/programa\/","og_locale":"es_ES","og_type":"article","og_title":"I Congreso Internacional sobre Artes Digitales. Programa","og_description":"Programa del Congreso Internacional sobre artes Digitales, Sevilla 2022,","og_url":"https:\/\/grupo.us.es\/artesdigitales\/programa\/","og_site_name":"Artes digitales","article_modified_time":"2022-12-20T19:34:17+00:00","twitter_card":"summary_large_image","twitter_misc":{"Tiempo de lectura":"1 minuto"},"schema":{"@context":"https:\/\/schema.org","@graph":[{"@type":"WebPage","@id":"https:\/\/grupo.us.es\/artesdigitales\/programa\/","url":"https:\/\/grupo.us.es\/artesdigitales\/programa\/","name":"I Congreso Internacional sobre Artes Digitales. Programa","isPartOf":{"@id":"https:\/\/grupo.us.es\/artesdigitales\/#website"},"datePublished":"2022-04-25T16:43:24+00:00","dateModified":"2022-12-20T19:34:17+00:00","description":"Programa del Congreso Internacional sobre artes Digitales, Sevilla 2022,","inLanguage":"es","potentialAction":[{"@type":"ReadAction","target":["https:\/\/grupo.us.es\/artesdigitales\/programa\/"]}]},{"@type":"WebSite","@id":"https:\/\/grupo.us.es\/artesdigitales\/#website","url":"https:\/\/grupo.us.es\/artesdigitales\/","name":"Artes digitales","description":"I  congreso internacional de artes digitales","publisher":{"@id":"https:\/\/grupo.us.es\/artesdigitales\/#organization"},"potentialAction":[{"@type":"SearchAction","target":{"@type":"EntryPoint","urlTemplate":"https:\/\/grupo.us.es\/artesdigitales\/?s={search_term_string}"},"query-input":{"@type":"PropertyValueSpecification","valueRequired":true,"valueName":"search_term_string"}}],"inLanguage":"es"},{"@type":"Organization","@id":"https:\/\/grupo.us.es\/artesdigitales\/#organization","name":"Unversidad de Sevilla","url":"https:\/\/grupo.us.es\/artesdigitales\/","logo":{"@type":"ImageObject","inLanguage":"es","@id":"https:\/\/grupo.us.es\/artesdigitales\/#\/schema\/logo\/image\/","url":"https:\/\/grupo.us.es\/artesdigitales\/wp-content\/uploads\/2022\/05\/US-marca-digital-cuadrada.jpg","contentUrl":"https:\/\/grupo.us.es\/artesdigitales\/wp-content\/uploads\/2022\/05\/US-marca-digital-cuadrada.jpg","width":150,"height":150,"caption":"Unversidad de Sevilla"},"image":{"@id":"https:\/\/grupo.us.es\/artesdigitales\/#\/schema\/logo\/image\/"}}]}},"_links":{"self":[{"href":"https:\/\/grupo.us.es\/artesdigitales\/wp-json\/wp\/v2\/pages\/303","targetHints":{"allow":["GET"]}}],"collection":[{"href":"https:\/\/grupo.us.es\/artesdigitales\/wp-json\/wp\/v2\/pages"}],"about":[{"href":"https:\/\/grupo.us.es\/artesdigitales\/wp-json\/wp\/v2\/types\/page"}],"author":[{"embeddable":true,"href":"https:\/\/grupo.us.es\/artesdigitales\/wp-json\/wp\/v2\/users\/1"}],"replies":[{"embeddable":true,"href":"https:\/\/grupo.us.es\/artesdigitales\/wp-json\/wp\/v2\/comments?post=303"}],"version-history":[{"count":30,"href":"https:\/\/grupo.us.es\/artesdigitales\/wp-json\/wp\/v2\/pages\/303\/revisions"}],"predecessor-version":[{"id":725,"href":"https:\/\/grupo.us.es\/artesdigitales\/wp-json\/wp\/v2\/pages\/303\/revisions\/725"}],"wp:attachment":[{"href":"https:\/\/grupo.us.es\/artesdigitales\/wp-json\/wp\/v2\/media?parent=303"}],"curies":[{"name":"wp","href":"https:\/\/api.w.org\/{rel}","templated":true}]}}