{"id":210,"date":"2022-04-10T10:11:47","date_gmt":"2022-04-10T10:11:47","guid":{"rendered":"https:\/\/grupo.us.es\/artesdigitales\/?page_id=210"},"modified":"2022-04-10T20:47:23","modified_gmt":"2022-04-10T20:47:23","slug":"credits","status":"publish","type":"page","link":"https:\/\/grupo.us.es\/artesdigitales\/en\/credits\/","title":{"rendered":"credits"},"content":{"rendered":"\n<p>We use WordPress to manage the content of this website. The template used is HoneyBee. <\/p>\n\n\n\n<p><strong>About the cover image <\/strong><\/p>\n\n\n\n<p><strong>ls:<\/strong> list what is in a directory: the program shows us the CONGRESS, INTERNATIONAL, DIGITAL ARTS and ODS files <\/p>\n\n\n\n<p><strong>.\/ <\/strong>run a program: Attempt to install the Sustainable Development Goals program and run a runtime error when running. <\/p>\n\n\n\n<p><strong>cd \/home<\/strong>: we change directory to LO_DESENFOCADO <\/p>\n\n\n\n<p><strong>.\/ <\/strong>run a program: the binary THE_UNFOCUSED is executed and returns HELLO WORLD !. <\/p>\n\n\n\n<p>By designing a computer program Hello Word! it is the typical test exercise that tells us that everything is correct according to the instructions given. It is also a way of greeting the world. It is our way of accelerating, by looking at what is out of focus, a new necessary time. <\/p>\n\n\n\n<p>Thanks to Manuel Mart\u00ednez and Ram\u00f3n G\u00f3mez for the hours of help and programming courses they offer to the university community. Thank you for joining me in the thesis with your \u00abcomputer\u00bb readings. <\/p>\n\n\n\n<p><em>Juan A. Rodriguez<\/em><\/p>\n","protected":false},"excerpt":{"rendered":"<p>We use WordPress to manage the content of this website. The template used is HoneyBee. About the cover image ls: list what is in a directory: the program shows us the CONGRESS, INTERNATIONAL, DIGITAL ARTS and ODS files .\/ run a program: Attempt to install the Sustainable Development Goals program and run a runtime error [&hellip;]<\/p>\n","protected":false},"author":1,"featured_media":0,"parent":0,"menu_order":0,"comment_status":"closed","ping_status":"closed","template":"","meta":{"footnotes":""},"class_list":["post-210","page","type-page","status-publish","hentry"],"yoast_head":"<!-- This site is optimized with the Yoast SEO plugin v27.4 - https:\/\/yoast.com\/product\/yoast-seo-wordpress\/ -->\n<title>1st. International Conference on Digital Arts. Credits<\/title>\n<meta name=\"description\" content=\"Credits. 1st. International Conference on Digital Arts. University of Seville\" \/>\n<meta name=\"robots\" content=\"index, follow, max-snippet:-1, max-image-preview:large, max-video-preview:-1\" \/>\n<link rel=\"canonical\" href=\"https:\/\/grupo.us.es\/artesdigitales\/en\/credits\/\" \/>\n<meta property=\"og:locale\" content=\"es_ES\" \/>\n<meta property=\"og:type\" content=\"article\" \/>\n<meta property=\"og:title\" content=\"1st. International Conference on Digital Arts. Credits\" \/>\n<meta property=\"og:description\" content=\"Credits. 1st. International Conference on Digital Arts. University of Seville\" \/>\n<meta property=\"og:url\" content=\"https:\/\/grupo.us.es\/artesdigitales\/en\/credits\/\" \/>\n<meta property=\"og:site_name\" content=\"Artes digitales\" \/>\n<meta property=\"article:modified_time\" content=\"2022-04-10T20:47:23+00:00\" \/>\n<meta name=\"twitter:card\" content=\"summary_large_image\" \/>\n<meta name=\"twitter:label1\" content=\"Tiempo de lectura\" \/>\n\t<meta name=\"twitter:data1\" content=\"1 minuto\" \/>\n<script type=\"application\/ld+json\" class=\"yoast-schema-graph\">{\"@context\":\"https:\\\/\\\/schema.org\",\"@graph\":[{\"@type\":\"WebPage\",\"@id\":\"https:\\\/\\\/grupo.us.es\\\/artesdigitales\\\/en\\\/credits\\\/\",\"url\":\"https:\\\/\\\/grupo.us.es\\\/artesdigitales\\\/en\\\/credits\\\/\",\"name\":\"1st. International Conference on Digital Arts. Credits\",\"isPartOf\":{\"@id\":\"https:\\\/\\\/grupo.us.es\\\/artesdigitales\\\/#website\"},\"datePublished\":\"2022-04-10T10:11:47+00:00\",\"dateModified\":\"2022-04-10T20:47:23+00:00\",\"description\":\"Credits. 1st. International Conference on Digital Arts. University of Seville\",\"inLanguage\":\"es\",\"potentialAction\":[{\"@type\":\"ReadAction\",\"target\":[\"https:\\\/\\\/grupo.us.es\\\/artesdigitales\\\/en\\\/credits\\\/\"]}]},{\"@type\":\"WebSite\",\"@id\":\"https:\\\/\\\/grupo.us.es\\\/artesdigitales\\\/#website\",\"url\":\"https:\\\/\\\/grupo.us.es\\\/artesdigitales\\\/\",\"name\":\"Artes digitales\",\"description\":\"I  congreso internacional de artes digitales\",\"publisher\":{\"@id\":\"https:\\\/\\\/grupo.us.es\\\/artesdigitales\\\/#organization\"},\"potentialAction\":[{\"@type\":\"SearchAction\",\"target\":{\"@type\":\"EntryPoint\",\"urlTemplate\":\"https:\\\/\\\/grupo.us.es\\\/artesdigitales\\\/?s={search_term_string}\"},\"query-input\":{\"@type\":\"PropertyValueSpecification\",\"valueRequired\":true,\"valueName\":\"search_term_string\"}}],\"inLanguage\":\"es\"},{\"@type\":\"Organization\",\"@id\":\"https:\\\/\\\/grupo.us.es\\\/artesdigitales\\\/#organization\",\"name\":\"Unversidad de Sevilla\",\"url\":\"https:\\\/\\\/grupo.us.es\\\/artesdigitales\\\/\",\"logo\":{\"@type\":\"ImageObject\",\"inLanguage\":\"es\",\"@id\":\"https:\\\/\\\/grupo.us.es\\\/artesdigitales\\\/#\\\/schema\\\/logo\\\/image\\\/\",\"url\":\"https:\\\/\\\/grupo.us.es\\\/artesdigitales\\\/wp-content\\\/uploads\\\/2022\\\/05\\\/US-marca-digital-cuadrada.jpg\",\"contentUrl\":\"https:\\\/\\\/grupo.us.es\\\/artesdigitales\\\/wp-content\\\/uploads\\\/2022\\\/05\\\/US-marca-digital-cuadrada.jpg\",\"width\":150,\"height\":150,\"caption\":\"Unversidad de Sevilla\"},\"image\":{\"@id\":\"https:\\\/\\\/grupo.us.es\\\/artesdigitales\\\/#\\\/schema\\\/logo\\\/image\\\/\"}}]}<\/script>\n<!-- \/ Yoast SEO plugin. -->","yoast_head_json":{"title":"1st. International Conference on Digital Arts. Credits","description":"Credits. 1st. International Conference on Digital Arts. University of Seville","robots":{"index":"index","follow":"follow","max-snippet":"max-snippet:-1","max-image-preview":"max-image-preview:large","max-video-preview":"max-video-preview:-1"},"canonical":"https:\/\/grupo.us.es\/artesdigitales\/en\/credits\/","og_locale":"es_ES","og_type":"article","og_title":"1st. International Conference on Digital Arts. Credits","og_description":"Credits. 1st. International Conference on Digital Arts. University of Seville","og_url":"https:\/\/grupo.us.es\/artesdigitales\/en\/credits\/","og_site_name":"Artes digitales","article_modified_time":"2022-04-10T20:47:23+00:00","twitter_card":"summary_large_image","twitter_misc":{"Tiempo de lectura":"1 minuto"},"schema":{"@context":"https:\/\/schema.org","@graph":[{"@type":"WebPage","@id":"https:\/\/grupo.us.es\/artesdigitales\/en\/credits\/","url":"https:\/\/grupo.us.es\/artesdigitales\/en\/credits\/","name":"1st. International Conference on Digital Arts. Credits","isPartOf":{"@id":"https:\/\/grupo.us.es\/artesdigitales\/#website"},"datePublished":"2022-04-10T10:11:47+00:00","dateModified":"2022-04-10T20:47:23+00:00","description":"Credits. 1st. International Conference on Digital Arts. University of Seville","inLanguage":"es","potentialAction":[{"@type":"ReadAction","target":["https:\/\/grupo.us.es\/artesdigitales\/en\/credits\/"]}]},{"@type":"WebSite","@id":"https:\/\/grupo.us.es\/artesdigitales\/#website","url":"https:\/\/grupo.us.es\/artesdigitales\/","name":"Artes digitales","description":"I  congreso internacional de artes digitales","publisher":{"@id":"https:\/\/grupo.us.es\/artesdigitales\/#organization"},"potentialAction":[{"@type":"SearchAction","target":{"@type":"EntryPoint","urlTemplate":"https:\/\/grupo.us.es\/artesdigitales\/?s={search_term_string}"},"query-input":{"@type":"PropertyValueSpecification","valueRequired":true,"valueName":"search_term_string"}}],"inLanguage":"es"},{"@type":"Organization","@id":"https:\/\/grupo.us.es\/artesdigitales\/#organization","name":"Unversidad de Sevilla","url":"https:\/\/grupo.us.es\/artesdigitales\/","logo":{"@type":"ImageObject","inLanguage":"es","@id":"https:\/\/grupo.us.es\/artesdigitales\/#\/schema\/logo\/image\/","url":"https:\/\/grupo.us.es\/artesdigitales\/wp-content\/uploads\/2022\/05\/US-marca-digital-cuadrada.jpg","contentUrl":"https:\/\/grupo.us.es\/artesdigitales\/wp-content\/uploads\/2022\/05\/US-marca-digital-cuadrada.jpg","width":150,"height":150,"caption":"Unversidad de Sevilla"},"image":{"@id":"https:\/\/grupo.us.es\/artesdigitales\/#\/schema\/logo\/image\/"}}]}},"_links":{"self":[{"href":"https:\/\/grupo.us.es\/artesdigitales\/wp-json\/wp\/v2\/pages\/210","targetHints":{"allow":["GET"]}}],"collection":[{"href":"https:\/\/grupo.us.es\/artesdigitales\/wp-json\/wp\/v2\/pages"}],"about":[{"href":"https:\/\/grupo.us.es\/artesdigitales\/wp-json\/wp\/v2\/types\/page"}],"author":[{"embeddable":true,"href":"https:\/\/grupo.us.es\/artesdigitales\/wp-json\/wp\/v2\/users\/1"}],"replies":[{"embeddable":true,"href":"https:\/\/grupo.us.es\/artesdigitales\/wp-json\/wp\/v2\/comments?post=210"}],"version-history":[{"count":2,"href":"https:\/\/grupo.us.es\/artesdigitales\/wp-json\/wp\/v2\/pages\/210\/revisions"}],"predecessor-version":[{"id":213,"href":"https:\/\/grupo.us.es\/artesdigitales\/wp-json\/wp\/v2\/pages\/210\/revisions\/213"}],"wp:attachment":[{"href":"https:\/\/grupo.us.es\/artesdigitales\/wp-json\/wp\/v2\/media?parent=210"}],"curies":[{"name":"wp","href":"https:\/\/api.w.org\/{rel}","templated":true}]}}