{"id":179,"date":"2022-04-09T15:13:31","date_gmt":"2022-04-09T15:13:31","guid":{"rendered":"http:\/\/grupo.us.es\/artesdigitales\/?page_id=179"},"modified":"2022-11-08T12:23:57","modified_gmt":"2022-11-08T12:23:57","slug":"about-us","status":"publish","type":"page","link":"https:\/\/grupo.us.es\/artesdigitales\/en\/about-us\/","title":{"rendered":"about us"},"content":{"rendered":"\n<p><strong>Committee Chairs (Conference Directors and Lead Organizers):<\/strong><br>Dr. Ram\u00f3n Blanco-Barrera.  University of Sevilla<br>Dr. Alicia Iglesias Complido. University of Sevilla<br>D. Juan A. Rodr\u00edguez V\u00e1zquez. University of Sevilla<\/p>\n\n\n\n<p><strong>Honorary Presidents:<\/strong><br>Dr. Andr\u00e9s Luque Teruel. Sevilla University<br>Dr. Immaculate Murcia Serrano. Sevilla University<\/p>\n\n\n\n<p><strong>Organizing Committee:<\/strong><br>Avant-garde, Latest Trends and Artistic Heritage Research Group. HUM-1030<\/p>\n\n\n\n<p><strong>Secretary and coordination<\/strong><\/p>\n\n\n\n<p>D. Manuel Mart\u00ednez del R\u00edo. University of Seville<\/p>\n\n\n\n<p><strong>International Scientific Committee<\/strong><br>Dra. Pilar Acosta Ib\u00e1\u00f1ez, IAPH. Spain<br>Dr. Fernando Alonso, University Complutense of Madrid. Spain<br>Dra. Bibi Anguio, National University of La Plata. Argentina<br>Prof. Emeritus Andrew Benjamin, Monash University. Australia<br>Dra. Lorrie Blair, Concordia University. Canada<br>D\u00f1a. Roc\u00edo Calvo L\u00e1zaro. University of Seville. Spain<br>Dra. Tania Castellano. Univeversity of La Laguna. Spain<br>Dra. Boel Christensen-Scheel, Oslo National Academy of the Arts. Norway<br>D. Jos\u00e9 Manuel Correa Moreno, University of Seville. Spain<br>D\u00f1a. Beatriz Cruz Espada. University of Seville. Spain<br>D\u00f1a. Noelia Dom\u00ednguez Romero. University of Huelva. Spain<br>D\u00f1a. Fernanda Duarte, Universidade Estadual Paulista. Brasil<br>Dr. Teodoro Falc\u00f3n M\u00e1rquez. University of Seville. Spain<br>Dr. Mauricius Farina, Universidade Estadual de Campinas. Brasil<br>Dr. Ricardo Dal Farra, Concordia University. Canada<br>Dra. Francesca Ferrando, New York University. USA<br>Dr. Aldo Victorio Filho, Universidade do Estado do Rio de Janeiro. Brasil<br>Dra. Isabela Frade, Universidade Federal do Esp\u00edrito Santo. Brasil<br>Dra. Mar\u00eda del Mar Garc\u00eda-Jim\u00e9nez, University of Seville. Spain<br>Dra. Mar Garrido Rom\u00e1n, University of Granada. Spain<br>D\u00f1a. Lorena Grigoletto, Accademia di belle arti di Napoli. Italy<br>Dr. Fernando Infante del Rosal. University of Seville. Spain<br>Dra. Gwen Le Cor. Universit\u00e9 Paris 8 Vincennes-Saint-Denis. France<br>Dra. Rosangella Leote, Universidade Estadual Paulista. Brasil<br>Dr. Alejandro Lozano Mu\u00f1oz. University of Salamanca. Spain<br>Dr. Richard Lubben, College of the Sequoias. USA<br>Dr. Manuel Fernando Mancera Mart\u00ednez, University of Seville. Spain<br>Dr. Massimo Mazzone. Accademia di Belle Arti di Brera, Milano. Italy<br>Dr. Omid Milani, University of Ottawa. Canada<br>Dra. Eunice Miranda Tapia, University of Seville. Spain<br>Dra. Jorgelina Orfila, Texas Tech University. USA<br>Dr. Francisco Ortega, Texas Tech University. USA<br>D. Dani Pino. University of Seville. Spain<br>Dra. Elizabeth Presa, University of Melbourne. Australia<br>Dr. Rodrigo Rezende, Universidade Estadual Paulista. Brasil<br>Dr. Luis M\u00e9ndez Rodr\u00edguez. University of Seville. Spain<br>Dr. Jose Manuel Sevilla Fern\u00e1ndez. University of Seville. Spain<br>Dra. Marta Strambi, Universidade Estadual de Campinas. Brasil<br>Dr. Iv\u00e1n de la Torre Amerighi . University of Seville. Spain<br>Dra. Ceyda Yolg\u00f6rmez, Concordia University. Canada<\/p>\n\n\n\n<p><strong>Collaborations<\/strong><\/p>\n\n\n\n<p>Department of Art History, University of Seville<br>Department of Aesthetics and History of Philosophy, University of Seville<br>Faculty of Geography and History, University of Seville<br>Faculty of Philosophy, University of Seville<\/p>\n\n\n\n<p><strong>Sponsorships<\/strong><\/p>\n\n\n\n<p>Vice President for Research, University of Seville<br>Vice President for Social Services, Healthy Campus, Equality and Cooperation. University of Seville<br>Development Cooperation Office. University of Seville<br>Institut fran\u00e7ais de Sevilla<br>Embassy of Germany in Madrid<br>Embassy of Mexico in Spain<\/p>\n\n\n\n<p><strong>Patronage<\/strong><\/p>\n\n\n\n<figure class=\"wp-block-image size-large is-resized\"><a href=\"https:\/\/www.teknoservice.es\/\" target=\"_blank\" rel=\"noreferrer noopener\"><img loading=\"lazy\" decoding=\"async\" src=\"http:\/\/grupo.us.es\/artesdigitales\/wp-content\/uploads\/2022\/11\/logo-tekno-horizontal-1024x113.png\" alt=\"\" class=\"wp-image-611\" width=\"354\" height=\"38\" srcset=\"https:\/\/grupo.us.es\/artesdigitales\/wp-content\/uploads\/2022\/11\/logo-tekno-horizontal-1024x113.png 1024w, https:\/\/grupo.us.es\/artesdigitales\/wp-content\/uploads\/2022\/11\/logo-tekno-horizontal-300x33.png 300w, https:\/\/grupo.us.es\/artesdigitales\/wp-content\/uploads\/2022\/11\/logo-tekno-horizontal-768x85.png 768w, https:\/\/grupo.us.es\/artesdigitales\/wp-content\/uploads\/2022\/11\/logo-tekno-horizontal.png 1210w\" sizes=\"auto, (max-width: 354px) 100vw, 354px\" \/><\/a><\/figure>\n","protected":false},"excerpt":{"rendered":"<p>Committee Chairs (Conference Directors and Lead Organizers):Dr. Ram\u00f3n Blanco-Barrera. University of SevillaDr. Alicia Iglesias Complido. University of SevillaD. Juan A. Rodr\u00edguez V\u00e1zquez. University of Sevilla Honorary Presidents:Dr. Andr\u00e9s Luque Teruel. Sevilla UniversityDr. Immaculate Murcia Serrano. Sevilla University Organizing Committee:Avant-garde, Latest Trends and Artistic Heritage Research Group. HUM-1030 Secretary and coordination D. Manuel Mart\u00ednez del R\u00edo. [&hellip;]<\/p>\n","protected":false},"author":1,"featured_media":0,"parent":0,"menu_order":0,"comment_status":"closed","ping_status":"closed","template":"","meta":{"footnotes":""},"class_list":["post-179","page","type-page","status-publish","hentry"],"yoast_head":"<!-- This site is optimized with the Yoast SEO plugin v27.4 - https:\/\/yoast.com\/product\/yoast-seo-wordpress\/ -->\n<title>1st. International Conference on Digital Arts. About us<\/title>\n<meta name=\"description\" content=\"About us. 1st. International Conference on Digital Arts. University of Seville\" \/>\n<meta name=\"robots\" content=\"index, follow, max-snippet:-1, max-image-preview:large, max-video-preview:-1\" \/>\n<link rel=\"canonical\" href=\"https:\/\/grupo.us.es\/artesdigitales\/en\/about-us\/\" \/>\n<meta property=\"og:locale\" content=\"es_ES\" \/>\n<meta property=\"og:type\" content=\"article\" \/>\n<meta property=\"og:title\" content=\"1st. International Conference on Digital Arts. About us\" \/>\n<meta property=\"og:description\" content=\"About us. 1st. International Conference on Digital Arts. University of Seville\" \/>\n<meta property=\"og:url\" content=\"https:\/\/grupo.us.es\/artesdigitales\/en\/about-us\/\" \/>\n<meta property=\"og:site_name\" content=\"Artes digitales\" \/>\n<meta property=\"article:modified_time\" content=\"2022-11-08T12:23:57+00:00\" \/>\n<meta property=\"og:image\" content=\"http:\/\/grupo.us.es\/artesdigitales\/wp-content\/uploads\/2022\/11\/logo-tekno-horizontal-1024x113.png\" \/>\n<meta name=\"twitter:card\" content=\"summary_large_image\" \/>\n<meta name=\"twitter:label1\" content=\"Tiempo de lectura\" \/>\n\t<meta name=\"twitter:data1\" content=\"2 minutos\" \/>\n<script type=\"application\/ld+json\" class=\"yoast-schema-graph\">{\"@context\":\"https:\\\/\\\/schema.org\",\"@graph\":[{\"@type\":\"WebPage\",\"@id\":\"https:\\\/\\\/grupo.us.es\\\/artesdigitales\\\/en\\\/about-us\\\/\",\"url\":\"https:\\\/\\\/grupo.us.es\\\/artesdigitales\\\/en\\\/about-us\\\/\",\"name\":\"1st. International Conference on Digital Arts. About us\",\"isPartOf\":{\"@id\":\"https:\\\/\\\/grupo.us.es\\\/artesdigitales\\\/#website\"},\"primaryImageOfPage\":{\"@id\":\"https:\\\/\\\/grupo.us.es\\\/artesdigitales\\\/en\\\/about-us\\\/#primaryimage\"},\"image\":{\"@id\":\"https:\\\/\\\/grupo.us.es\\\/artesdigitales\\\/en\\\/about-us\\\/#primaryimage\"},\"thumbnailUrl\":\"http:\\\/\\\/grupo.us.es\\\/artesdigitales\\\/wp-content\\\/uploads\\\/2022\\\/11\\\/logo-tekno-horizontal-1024x113.png\",\"datePublished\":\"2022-04-09T15:13:31+00:00\",\"dateModified\":\"2022-11-08T12:23:57+00:00\",\"description\":\"About us. 1st. International Conference on Digital Arts. University of Seville\",\"inLanguage\":\"es\",\"potentialAction\":[{\"@type\":\"ReadAction\",\"target\":[\"https:\\\/\\\/grupo.us.es\\\/artesdigitales\\\/en\\\/about-us\\\/\"]}]},{\"@type\":\"ImageObject\",\"inLanguage\":\"es\",\"@id\":\"https:\\\/\\\/grupo.us.es\\\/artesdigitales\\\/en\\\/about-us\\\/#primaryimage\",\"url\":\"https:\\\/\\\/grupo.us.es\\\/artesdigitales\\\/wp-content\\\/uploads\\\/2022\\\/11\\\/logo-tekno-horizontal.png\",\"contentUrl\":\"https:\\\/\\\/grupo.us.es\\\/artesdigitales\\\/wp-content\\\/uploads\\\/2022\\\/11\\\/logo-tekno-horizontal.png\",\"width\":1210,\"height\":134},{\"@type\":\"WebSite\",\"@id\":\"https:\\\/\\\/grupo.us.es\\\/artesdigitales\\\/#website\",\"url\":\"https:\\\/\\\/grupo.us.es\\\/artesdigitales\\\/\",\"name\":\"Artes digitales\",\"description\":\"I  congreso internacional de artes digitales\",\"publisher\":{\"@id\":\"https:\\\/\\\/grupo.us.es\\\/artesdigitales\\\/#organization\"},\"potentialAction\":[{\"@type\":\"SearchAction\",\"target\":{\"@type\":\"EntryPoint\",\"urlTemplate\":\"https:\\\/\\\/grupo.us.es\\\/artesdigitales\\\/?s={search_term_string}\"},\"query-input\":{\"@type\":\"PropertyValueSpecification\",\"valueRequired\":true,\"valueName\":\"search_term_string\"}}],\"inLanguage\":\"es\"},{\"@type\":\"Organization\",\"@id\":\"https:\\\/\\\/grupo.us.es\\\/artesdigitales\\\/#organization\",\"name\":\"Unversidad de Sevilla\",\"url\":\"https:\\\/\\\/grupo.us.es\\\/artesdigitales\\\/\",\"logo\":{\"@type\":\"ImageObject\",\"inLanguage\":\"es\",\"@id\":\"https:\\\/\\\/grupo.us.es\\\/artesdigitales\\\/#\\\/schema\\\/logo\\\/image\\\/\",\"url\":\"https:\\\/\\\/grupo.us.es\\\/artesdigitales\\\/wp-content\\\/uploads\\\/2022\\\/05\\\/US-marca-digital-cuadrada.jpg\",\"contentUrl\":\"https:\\\/\\\/grupo.us.es\\\/artesdigitales\\\/wp-content\\\/uploads\\\/2022\\\/05\\\/US-marca-digital-cuadrada.jpg\",\"width\":150,\"height\":150,\"caption\":\"Unversidad de Sevilla\"},\"image\":{\"@id\":\"https:\\\/\\\/grupo.us.es\\\/artesdigitales\\\/#\\\/schema\\\/logo\\\/image\\\/\"}}]}<\/script>\n<!-- \/ Yoast SEO plugin. -->","yoast_head_json":{"title":"1st. International Conference on Digital Arts. About us","description":"About us. 1st. International Conference on Digital Arts. University of Seville","robots":{"index":"index","follow":"follow","max-snippet":"max-snippet:-1","max-image-preview":"max-image-preview:large","max-video-preview":"max-video-preview:-1"},"canonical":"https:\/\/grupo.us.es\/artesdigitales\/en\/about-us\/","og_locale":"es_ES","og_type":"article","og_title":"1st. International Conference on Digital Arts. About us","og_description":"About us. 1st. International Conference on Digital Arts. University of Seville","og_url":"https:\/\/grupo.us.es\/artesdigitales\/en\/about-us\/","og_site_name":"Artes digitales","article_modified_time":"2022-11-08T12:23:57+00:00","og_image":[{"url":"http:\/\/grupo.us.es\/artesdigitales\/wp-content\/uploads\/2022\/11\/logo-tekno-horizontal-1024x113.png","type":"","width":"","height":""}],"twitter_card":"summary_large_image","twitter_misc":{"Tiempo de lectura":"2 minutos"},"schema":{"@context":"https:\/\/schema.org","@graph":[{"@type":"WebPage","@id":"https:\/\/grupo.us.es\/artesdigitales\/en\/about-us\/","url":"https:\/\/grupo.us.es\/artesdigitales\/en\/about-us\/","name":"1st. International Conference on Digital Arts. About us","isPartOf":{"@id":"https:\/\/grupo.us.es\/artesdigitales\/#website"},"primaryImageOfPage":{"@id":"https:\/\/grupo.us.es\/artesdigitales\/en\/about-us\/#primaryimage"},"image":{"@id":"https:\/\/grupo.us.es\/artesdigitales\/en\/about-us\/#primaryimage"},"thumbnailUrl":"http:\/\/grupo.us.es\/artesdigitales\/wp-content\/uploads\/2022\/11\/logo-tekno-horizontal-1024x113.png","datePublished":"2022-04-09T15:13:31+00:00","dateModified":"2022-11-08T12:23:57+00:00","description":"About us. 1st. International Conference on Digital Arts. University of Seville","inLanguage":"es","potentialAction":[{"@type":"ReadAction","target":["https:\/\/grupo.us.es\/artesdigitales\/en\/about-us\/"]}]},{"@type":"ImageObject","inLanguage":"es","@id":"https:\/\/grupo.us.es\/artesdigitales\/en\/about-us\/#primaryimage","url":"https:\/\/grupo.us.es\/artesdigitales\/wp-content\/uploads\/2022\/11\/logo-tekno-horizontal.png","contentUrl":"https:\/\/grupo.us.es\/artesdigitales\/wp-content\/uploads\/2022\/11\/logo-tekno-horizontal.png","width":1210,"height":134},{"@type":"WebSite","@id":"https:\/\/grupo.us.es\/artesdigitales\/#website","url":"https:\/\/grupo.us.es\/artesdigitales\/","name":"Artes digitales","description":"I  congreso internacional de artes digitales","publisher":{"@id":"https:\/\/grupo.us.es\/artesdigitales\/#organization"},"potentialAction":[{"@type":"SearchAction","target":{"@type":"EntryPoint","urlTemplate":"https:\/\/grupo.us.es\/artesdigitales\/?s={search_term_string}"},"query-input":{"@type":"PropertyValueSpecification","valueRequired":true,"valueName":"search_term_string"}}],"inLanguage":"es"},{"@type":"Organization","@id":"https:\/\/grupo.us.es\/artesdigitales\/#organization","name":"Unversidad de Sevilla","url":"https:\/\/grupo.us.es\/artesdigitales\/","logo":{"@type":"ImageObject","inLanguage":"es","@id":"https:\/\/grupo.us.es\/artesdigitales\/#\/schema\/logo\/image\/","url":"https:\/\/grupo.us.es\/artesdigitales\/wp-content\/uploads\/2022\/05\/US-marca-digital-cuadrada.jpg","contentUrl":"https:\/\/grupo.us.es\/artesdigitales\/wp-content\/uploads\/2022\/05\/US-marca-digital-cuadrada.jpg","width":150,"height":150,"caption":"Unversidad de Sevilla"},"image":{"@id":"https:\/\/grupo.us.es\/artesdigitales\/#\/schema\/logo\/image\/"}}]}},"_links":{"self":[{"href":"https:\/\/grupo.us.es\/artesdigitales\/wp-json\/wp\/v2\/pages\/179","targetHints":{"allow":["GET"]}}],"collection":[{"href":"https:\/\/grupo.us.es\/artesdigitales\/wp-json\/wp\/v2\/pages"}],"about":[{"href":"https:\/\/grupo.us.es\/artesdigitales\/wp-json\/wp\/v2\/types\/page"}],"author":[{"embeddable":true,"href":"https:\/\/grupo.us.es\/artesdigitales\/wp-json\/wp\/v2\/users\/1"}],"replies":[{"embeddable":true,"href":"https:\/\/grupo.us.es\/artesdigitales\/wp-json\/wp\/v2\/comments?post=179"}],"version-history":[{"count":29,"href":"https:\/\/grupo.us.es\/artesdigitales\/wp-json\/wp\/v2\/pages\/179\/revisions"}],"predecessor-version":[{"id":625,"href":"https:\/\/grupo.us.es\/artesdigitales\/wp-json\/wp\/v2\/pages\/179\/revisions\/625"}],"wp:attachment":[{"href":"https:\/\/grupo.us.es\/artesdigitales\/wp-json\/wp\/v2\/media?parent=179"}],"curies":[{"name":"wp","href":"https:\/\/api.w.org\/{rel}","templated":true}]}}