{"id":89,"date":"2022-02-18T09:44:48","date_gmt":"2022-02-18T09:44:48","guid":{"rendered":"http:\/\/grupo.us.es\/alzarq\/?page_id=89"},"modified":"2024-03-13T09:53:40","modified_gmt":"2024-03-13T09:53:40","slug":"politica-de-cookies","status":"publish","type":"page","link":"https:\/\/grupo.us.es\/alzarq\/politica-de-cookies\/","title":{"rendered":"Pol\u00edtica de cookies"},"content":{"rendered":"<p>Esta Pol\u00edtica de Gesti\u00f3n de cookies explica c\u00f3mo se usan las cookies en\u00a0<a href=\"https:\/\/grupo.us.es\/alzarq\">https:\/\/grupo.us.es\/alzarq<\/a>\u00a0 y c\u00f3mo se pueden habilitar y deshabilitar.<\/p>\n<p><strong>No recopilaremos informaci\u00f3n personal sobre ti sin tu consentimiento.<\/strong><\/p>\n<p><strong>\u00bfQu\u00e9 es una cookie?<\/strong><\/p>\n<p>Una cookie es informaci\u00f3n\u00a0<strong>an\u00f3nima\u00a0<\/strong>que<strong>\u00a0<\/strong>se almacena en un ordenador, tablet o m\u00f3vil cuando navegas por internet permitiendo reconocer el equipo que est\u00e1s utilizando.<\/p>\n<p>Cuando navegas por <a href=\"https:\/\/grupo.us.es\/alzarq\">https:\/\/grupo.us.es\/alzarq<\/a>,\u00a0el sitio puede tener \u00abcookies\u00bb.<\/p>\n<p>Las cookies graban informaci\u00f3n de forma an\u00f3nima y\u00a0<strong>no da\u00f1an tu equipo.<\/strong><\/p>\n<p><strong>\u00bfQu\u00e9 son las cookies que utiliza <a href=\"https:\/\/grupo.us.es\/alzarq\">https:\/\/grupo.us.es\/alzarq<\/a><\/strong>?<\/p>\n<table>\n<tbody>\n<tr>\n<td><strong>Tipo de cookies<\/strong><\/td>\n<td><strong>Finalidad de la cookie<\/strong><\/td>\n<td><strong>Consecuencia de deshabilitar la cookie<\/strong><\/td>\n<\/tr>\n<tr>\n<td><strong>Fundamental<\/strong><\/td>\n<td>Estas cookies b\u00e1sicas son imprescindibles para garantizar que tengas una visita sin incidencias: permiten que la p\u00e1gina web te reconozca y deje tu sesi\u00f3n abierta. Adem\u00e1s, facilitan que uses otras herramientas b\u00e1sicas.<\/td>\n<td>La p\u00e1gina web no funciona correctamente sin estas cookies, por lo que deben estar siempre activas. De lo contrario, puede que algunos accesos queden bloqueados.<\/td>\n<\/tr>\n<tr>\n<td><strong>Funcional<\/strong><\/td>\n<td>Estas cookies ayudan a mejorar tu experiencia y te permiten usar el contenido comparti\u00e9ndolo en twitter, facebook, instagram\u2026<\/td>\n<td>Sin estas cookies, puede que tengas acceso restringido a algunos contenidos y herramientas.<\/td>\n<\/tr>\n<tr>\n<td><strong>An\u00e1lisis<\/strong><\/td>\n<td>Estas cookies de an\u00e1lisis recopilan informaci\u00f3n en relaci\u00f3n con el uso de nuestra web que nos permite elaborar estad\u00edsticas de nuestras visitas a la web y as\u00ed realizar los cambios pertinentes para mejorar la experiencia online.<\/td>\n<td>Sin esta informaci\u00f3n, no podremos mejorar nuestra web en base a tu experiencia online, conocer las estad\u00edsticas globales y an\u00f3nimas del tr\u00e1fico web, etc. .<\/td>\n<\/tr>\n<\/tbody>\n<\/table>\n<p>En tu primera visita a nuestra web aparecer\u00e1 un banner informativo en el que podr\u00e1s dar tu consentimiento para el uso de cookies con fines publicitarios.<\/p>\n<p>Al pinchar aqu\u00ed podr\u00e1s controlar el registro de cookies y personalizar los ajustes.<\/p>\n<p><strong>\u00bfQui\u00e9n tiene acceso a tus cookies?<\/strong><\/p>\n<p>Las p\u00e1ginas de internet solo pueden acceder a las cookies que han almacenado en tu equipo. Por ejemplo, si la empresa X guarda una cookie en tu navegador, X podr\u00e1 acceder a su propia cookie pero no a aquellas de otra empresa.<\/p>\n","protected":false},"excerpt":{"rendered":"<p>Esta Pol\u00edtica de Gesti\u00f3n de cookies explica c\u00f3mo se usan las cookies en\u00a0https:\/\/grupo.us.es\/alzarq\u00a0 y c\u00f3mo se pueden habilitar y deshabilitar.<\/p>\n","protected":false},"author":1,"featured_media":2468,"parent":0,"menu_order":0,"comment_status":"closed","ping_status":"closed","template":"","meta":{"_acf_changed":false,"colormag_page_layout":"default_layout","_monsterinsights_skip_tracking":false,"_monsterinsights_sitenote_active":false,"_monsterinsights_sitenote_note":"","_monsterinsights_sitenote_category":0,"_uf_show_specific_survey":0,"_uf_disable_surveys":false,"footnotes":""},"class_list":["post-89","page","type-page","status-publish","has-post-thumbnail","hentry"],"acf":[],"yoast_head":"<!-- This site is optimized with the Yoast SEO plugin v25.2 - https:\/\/yoast.com\/wordpress\/plugins\/seo\/ -->\n<title>Pol\u00edtica de cookies - ALZARQ<\/title>\n<meta name=\"description\" content=\"Esta Pol\u00edtica de Gesti\u00f3n de cookies explica c\u00f3mo se usan las cookies en https:\/\/grupo.us.es\/alzarq y c\u00f3mo se pueden habilitar y deshabilitar.No recopilaremos informaci\u00f3n personal sobre ti sin tu consentimiento. \u00bfQu\u00e9 es una cookie? Una cookie es informaci\u00f3n an\u00f3nima que se almacena en un ordenador, tablet o m\u00f3vil cuando navegas por internet permitiendo reconocer el equipo que est\u00e1s utilizando. Cuando navegas por https:\/\/grupo.us.es\/alzarq, el sitio puede tener \u00abcookies\u00bb. Las cookies graban informaci\u00f3n de forma an\u00f3nima y no da\u00f1an tu equipo.\" \/>\n<meta name=\"robots\" content=\"index, follow, max-snippet:-1, max-image-preview:large, max-video-preview:-1\" \/>\n<link rel=\"canonical\" href=\"https:\/\/grupo.us.es\/alzarq\/politica-de-cookies\/\" \/>\n<meta property=\"og:locale\" content=\"es_ES\" \/>\n<meta property=\"og:type\" content=\"article\" \/>\n<meta property=\"og:title\" content=\"Pol\u00edtica de cookies - ALZARQ\" \/>\n<meta property=\"og:description\" content=\"Esta Pol\u00edtica de Gesti\u00f3n de cookies explica c\u00f3mo se usan las cookies en https:\/\/grupo.us.es\/alzarq y c\u00f3mo se pueden habilitar y deshabilitar.No recopilaremos informaci\u00f3n personal sobre ti sin tu consentimiento. \u00bfQu\u00e9 es una cookie? Una cookie es informaci\u00f3n an\u00f3nima que se almacena en un ordenador, tablet o m\u00f3vil cuando navegas por internet permitiendo reconocer el equipo que est\u00e1s utilizando. Cuando navegas por https:\/\/grupo.us.es\/alzarq, el sitio puede tener \u00abcookies\u00bb. Las cookies graban informaci\u00f3n de forma an\u00f3nima y no da\u00f1an tu equipo.\" \/>\n<meta property=\"og:url\" content=\"https:\/\/grupo.us.es\/alzarq\/politica-de-cookies\/\" \/>\n<meta property=\"og:site_name\" content=\"ALZARQ\" \/>\n<meta property=\"article:modified_time\" content=\"2024-03-13T09:53:40+00:00\" \/>\n<meta property=\"og:image\" content=\"https:\/\/grupo.us.es\/alzarq\/wp-content\/uploads\/2023\/11\/cropped-favicon.png\" \/>\n\t<meta property=\"og:image:width\" content=\"512\" \/>\n\t<meta property=\"og:image:height\" content=\"512\" \/>\n\t<meta property=\"og:image:type\" content=\"image\/png\" \/>\n<meta name=\"twitter:card\" content=\"summary_large_image\" \/>\n<meta name=\"twitter:label1\" content=\"Tiempo de lectura\" \/>\n\t<meta name=\"twitter:data1\" content=\"2 minutos\" \/>\n<script type=\"application\/ld+json\" class=\"yoast-schema-graph\">{\"@context\":\"https:\/\/schema.org\",\"@graph\":[{\"@type\":\"WebPage\",\"@id\":\"https:\/\/grupo.us.es\/alzarq\/politica-de-cookies\/\",\"url\":\"https:\/\/grupo.us.es\/alzarq\/politica-de-cookies\/\",\"name\":\"Pol\u00edtica de cookies - ALZARQ\",\"isPartOf\":{\"@id\":\"https:\/\/grupo.us.es\/alzarq\/#website\"},\"primaryImageOfPage\":{\"@id\":\"https:\/\/grupo.us.es\/alzarq\/politica-de-cookies\/#primaryimage\"},\"image\":{\"@id\":\"https:\/\/grupo.us.es\/alzarq\/politica-de-cookies\/#primaryimage\"},\"thumbnailUrl\":\"https:\/\/grupo.us.es\/alzarq\/wp-content\/uploads\/2023\/11\/cropped-favicon.png\",\"datePublished\":\"2022-02-18T09:44:48+00:00\",\"dateModified\":\"2024-03-13T09:53:40+00:00\",\"description\":\"Esta Pol\u00edtica de Gesti\u00f3n de cookies explica c\u00f3mo se usan las cookies en https:\/\/grupo.us.es\/alzarq y c\u00f3mo se pueden habilitar y deshabilitar.No recopilaremos informaci\u00f3n personal sobre ti sin tu consentimiento. \u00bfQu\u00e9 es una cookie? Una cookie es informaci\u00f3n an\u00f3nima que se almacena en un ordenador, tablet o m\u00f3vil cuando navegas por internet permitiendo reconocer el equipo que est\u00e1s utilizando. Cuando navegas por https:\/\/grupo.us.es\/alzarq, el sitio puede tener \u00abcookies\u00bb. Las cookies graban informaci\u00f3n de forma an\u00f3nima y no da\u00f1an tu equipo.\",\"inLanguage\":\"es\",\"potentialAction\":[{\"@type\":\"ReadAction\",\"target\":[\"https:\/\/grupo.us.es\/alzarq\/politica-de-cookies\/\"]}]},{\"@type\":\"ImageObject\",\"inLanguage\":\"es\",\"@id\":\"https:\/\/grupo.us.es\/alzarq\/politica-de-cookies\/#primaryimage\",\"url\":\"https:\/\/grupo.us.es\/alzarq\/wp-content\/uploads\/2023\/11\/cropped-favicon.png\",\"contentUrl\":\"https:\/\/grupo.us.es\/alzarq\/wp-content\/uploads\/2023\/11\/cropped-favicon.png\",\"width\":512,\"height\":512},{\"@type\":\"WebSite\",\"@id\":\"https:\/\/grupo.us.es\/alzarq\/#website\",\"url\":\"https:\/\/grupo.us.es\/alzarq\/\",\"name\":\"ALZARQ\",\"description\":\"Arquitectura y Alzheimer\",\"publisher\":{\"@id\":\"https:\/\/grupo.us.es\/alzarq\/#organization\"},\"potentialAction\":[{\"@type\":\"SearchAction\",\"target\":{\"@type\":\"EntryPoint\",\"urlTemplate\":\"https:\/\/grupo.us.es\/alzarq\/?s={search_term_string}\"},\"query-input\":{\"@type\":\"PropertyValueSpecification\",\"valueRequired\":true,\"valueName\":\"search_term_string\"}}],\"inLanguage\":\"es\"},{\"@type\":\"Organization\",\"@id\":\"https:\/\/grupo.us.es\/alzarq\/#organization\",\"name\":\"ALZARQ\",\"url\":\"https:\/\/grupo.us.es\/alzarq\/\",\"logo\":{\"@type\":\"ImageObject\",\"inLanguage\":\"es\",\"@id\":\"https:\/\/grupo.us.es\/alzarq\/#\/schema\/logo\/image\/\",\"url\":\"https:\/\/grupo.us.es\/alzarq\/wp-content\/uploads\/2022\/02\/logotipo_alzarq_degradado_150peq-1-3.jpg\",\"contentUrl\":\"https:\/\/grupo.us.es\/alzarq\/wp-content\/uploads\/2022\/02\/logotipo_alzarq_degradado_150peq-1-3.jpg\",\"width\":224,\"height\":70,\"caption\":\"ALZARQ\"},\"image\":{\"@id\":\"https:\/\/grupo.us.es\/alzarq\/#\/schema\/logo\/image\/\"}}]}<\/script>\n<!-- \/ Yoast SEO plugin. -->","yoast_head_json":{"title":"Pol\u00edtica de cookies - ALZARQ","description":"Esta Pol\u00edtica de Gesti\u00f3n de cookies explica c\u00f3mo se usan las cookies en https:\/\/grupo.us.es\/alzarq y c\u00f3mo se pueden habilitar y deshabilitar.No recopilaremos informaci\u00f3n personal sobre ti sin tu consentimiento. \u00bfQu\u00e9 es una cookie? Una cookie es informaci\u00f3n an\u00f3nima que se almacena en un ordenador, tablet o m\u00f3vil cuando navegas por internet permitiendo reconocer el equipo que est\u00e1s utilizando. Cuando navegas por https:\/\/grupo.us.es\/alzarq, el sitio puede tener \u00abcookies\u00bb. Las cookies graban informaci\u00f3n de forma an\u00f3nima y no da\u00f1an tu equipo.","robots":{"index":"index","follow":"follow","max-snippet":"max-snippet:-1","max-image-preview":"max-image-preview:large","max-video-preview":"max-video-preview:-1"},"canonical":"https:\/\/grupo.us.es\/alzarq\/politica-de-cookies\/","og_locale":"es_ES","og_type":"article","og_title":"Pol\u00edtica de cookies - ALZARQ","og_description":"Esta Pol\u00edtica de Gesti\u00f3n de cookies explica c\u00f3mo se usan las cookies en https:\/\/grupo.us.es\/alzarq y c\u00f3mo se pueden habilitar y deshabilitar.No recopilaremos informaci\u00f3n personal sobre ti sin tu consentimiento. \u00bfQu\u00e9 es una cookie? Una cookie es informaci\u00f3n an\u00f3nima que se almacena en un ordenador, tablet o m\u00f3vil cuando navegas por internet permitiendo reconocer el equipo que est\u00e1s utilizando. Cuando navegas por https:\/\/grupo.us.es\/alzarq, el sitio puede tener \u00abcookies\u00bb. Las cookies graban informaci\u00f3n de forma an\u00f3nima y no da\u00f1an tu equipo.","og_url":"https:\/\/grupo.us.es\/alzarq\/politica-de-cookies\/","og_site_name":"ALZARQ","article_modified_time":"2024-03-13T09:53:40+00:00","og_image":[{"width":512,"height":512,"url":"https:\/\/grupo.us.es\/alzarq\/wp-content\/uploads\/2023\/11\/cropped-favicon.png","type":"image\/png"}],"twitter_card":"summary_large_image","twitter_misc":{"Tiempo de lectura":"2 minutos"},"schema":{"@context":"https:\/\/schema.org","@graph":[{"@type":"WebPage","@id":"https:\/\/grupo.us.es\/alzarq\/politica-de-cookies\/","url":"https:\/\/grupo.us.es\/alzarq\/politica-de-cookies\/","name":"Pol\u00edtica de cookies - ALZARQ","isPartOf":{"@id":"https:\/\/grupo.us.es\/alzarq\/#website"},"primaryImageOfPage":{"@id":"https:\/\/grupo.us.es\/alzarq\/politica-de-cookies\/#primaryimage"},"image":{"@id":"https:\/\/grupo.us.es\/alzarq\/politica-de-cookies\/#primaryimage"},"thumbnailUrl":"https:\/\/grupo.us.es\/alzarq\/wp-content\/uploads\/2023\/11\/cropped-favicon.png","datePublished":"2022-02-18T09:44:48+00:00","dateModified":"2024-03-13T09:53:40+00:00","description":"Esta Pol\u00edtica de Gesti\u00f3n de cookies explica c\u00f3mo se usan las cookies en https:\/\/grupo.us.es\/alzarq y c\u00f3mo se pueden habilitar y deshabilitar.No recopilaremos informaci\u00f3n personal sobre ti sin tu consentimiento. \u00bfQu\u00e9 es una cookie? Una cookie es informaci\u00f3n an\u00f3nima que se almacena en un ordenador, tablet o m\u00f3vil cuando navegas por internet permitiendo reconocer el equipo que est\u00e1s utilizando. Cuando navegas por https:\/\/grupo.us.es\/alzarq, el sitio puede tener \u00abcookies\u00bb. Las cookies graban informaci\u00f3n de forma an\u00f3nima y no da\u00f1an tu equipo.","inLanguage":"es","potentialAction":[{"@type":"ReadAction","target":["https:\/\/grupo.us.es\/alzarq\/politica-de-cookies\/"]}]},{"@type":"ImageObject","inLanguage":"es","@id":"https:\/\/grupo.us.es\/alzarq\/politica-de-cookies\/#primaryimage","url":"https:\/\/grupo.us.es\/alzarq\/wp-content\/uploads\/2023\/11\/cropped-favicon.png","contentUrl":"https:\/\/grupo.us.es\/alzarq\/wp-content\/uploads\/2023\/11\/cropped-favicon.png","width":512,"height":512},{"@type":"WebSite","@id":"https:\/\/grupo.us.es\/alzarq\/#website","url":"https:\/\/grupo.us.es\/alzarq\/","name":"ALZARQ","description":"Arquitectura y Alzheimer","publisher":{"@id":"https:\/\/grupo.us.es\/alzarq\/#organization"},"potentialAction":[{"@type":"SearchAction","target":{"@type":"EntryPoint","urlTemplate":"https:\/\/grupo.us.es\/alzarq\/?s={search_term_string}"},"query-input":{"@type":"PropertyValueSpecification","valueRequired":true,"valueName":"search_term_string"}}],"inLanguage":"es"},{"@type":"Organization","@id":"https:\/\/grupo.us.es\/alzarq\/#organization","name":"ALZARQ","url":"https:\/\/grupo.us.es\/alzarq\/","logo":{"@type":"ImageObject","inLanguage":"es","@id":"https:\/\/grupo.us.es\/alzarq\/#\/schema\/logo\/image\/","url":"https:\/\/grupo.us.es\/alzarq\/wp-content\/uploads\/2022\/02\/logotipo_alzarq_degradado_150peq-1-3.jpg","contentUrl":"https:\/\/grupo.us.es\/alzarq\/wp-content\/uploads\/2022\/02\/logotipo_alzarq_degradado_150peq-1-3.jpg","width":224,"height":70,"caption":"ALZARQ"},"image":{"@id":"https:\/\/grupo.us.es\/alzarq\/#\/schema\/logo\/image\/"}}]}},"_links":{"self":[{"href":"https:\/\/grupo.us.es\/alzarq\/wp-json\/wp\/v2\/pages\/89","targetHints":{"allow":["GET"]}}],"collection":[{"href":"https:\/\/grupo.us.es\/alzarq\/wp-json\/wp\/v2\/pages"}],"about":[{"href":"https:\/\/grupo.us.es\/alzarq\/wp-json\/wp\/v2\/types\/page"}],"author":[{"embeddable":true,"href":"https:\/\/grupo.us.es\/alzarq\/wp-json\/wp\/v2\/users\/1"}],"replies":[{"embeddable":true,"href":"https:\/\/grupo.us.es\/alzarq\/wp-json\/wp\/v2\/comments?post=89"}],"version-history":[{"count":0,"href":"https:\/\/grupo.us.es\/alzarq\/wp-json\/wp\/v2\/pages\/89\/revisions"}],"wp:featuredmedia":[{"embeddable":true,"href":"https:\/\/grupo.us.es\/alzarq\/wp-json\/wp\/v2\/media\/2468"}],"wp:attachment":[{"href":"https:\/\/grupo.us.es\/alzarq\/wp-json\/wp\/v2\/media?parent=89"}],"curies":[{"name":"wp","href":"https:\/\/api.w.org\/{rel}","templated":true}]}}