{"id":2507,"date":"2024-03-10T17:43:07","date_gmt":"2024-03-10T17:43:07","guid":{"rendered":"https:\/\/grupo.us.es\/alzarq\/noticias\/prensa-copy\/"},"modified":"2025-05-09T11:58:36","modified_gmt":"2025-05-09T11:58:36","slug":"congresos-jornadas-y-cursos","status":"publish","type":"page","link":"https:\/\/grupo.us.es\/alzarq\/noticias\/congresos-jornadas-y-cursos\/","title":{"rendered":"Congresos, jornadas y cursos"},"content":{"rendered":"\t\t<div data-elementor-type=\"wp-page\" data-elementor-id=\"2507\" class=\"elementor elementor-2507\" data-elementor-post-type=\"page\">\n\t\t\t\t\t\t<section class=\"elementor-section elementor-top-section elementor-element elementor-element-32f462d elementor-section-boxed elementor-section-height-default elementor-section-height-default\" data-id=\"32f462d\" data-element_type=\"section\">\n\t\t\t\t\t\t<div class=\"elementor-container elementor-column-gap-default\">\n\t\t\t\t\t<div class=\"elementor-column elementor-col-100 elementor-top-column elementor-element elementor-element-a614204\" data-id=\"a614204\" data-element_type=\"column\">\n\t\t\t<div class=\"elementor-widget-wrap elementor-element-populated\">\n\t\t\t\t\t\t<div class=\"elementor-element elementor-element-b4045b0 elementor-grid-3 elementor-grid-tablet-2 elementor-grid-mobile-1 elementor-posts--thumbnail-top elementor-card-shadow-yes elementor-posts__hover-gradient elementor-widget elementor-widget-posts\" data-id=\"b4045b0\" data-element_type=\"widget\" data-settings=\"{&quot;pagination_type&quot;:&quot;load_more_infinite_scroll&quot;,&quot;cards_columns&quot;:&quot;3&quot;,&quot;cards_columns_tablet&quot;:&quot;2&quot;,&quot;cards_columns_mobile&quot;:&quot;1&quot;,&quot;cards_row_gap&quot;:{&quot;unit&quot;:&quot;px&quot;,&quot;size&quot;:35,&quot;sizes&quot;:[]},&quot;cards_row_gap_tablet&quot;:{&quot;unit&quot;:&quot;px&quot;,&quot;size&quot;:&quot;&quot;,&quot;sizes&quot;:[]},&quot;cards_row_gap_mobile&quot;:{&quot;unit&quot;:&quot;px&quot;,&quot;size&quot;:&quot;&quot;,&quot;sizes&quot;:[]},&quot;load_more_spinner&quot;:{&quot;value&quot;:&quot;fas fa-spinner&quot;,&quot;library&quot;:&quot;fa-solid&quot;}}\" data-widget_type=\"posts.cards\">\n\t\t\t\t<div class=\"elementor-widget-container\">\n\t\t\t\t\t\t\t<div class=\"elementor-posts-container elementor-posts elementor-posts--skin-cards elementor-grid\">\n\t\t\t\t<article class=\"elementor-post elementor-grid-item post-2746 post type-post status-publish format-standard has-post-thumbnail hentry category-conferencias category-eventos category-noticias\">\n\t\t\t<div class=\"elementor-post__card\">\n\t\t\t\t<a class=\"elementor-post__thumbnail__link\" href=\"https:\/\/grupo.us.es\/alzarq\/viii-congreso-arquitectura-y-salud-en-colegio-de-arquitectos-de-cataluna\/\" tabindex=\"-1\" ><div class=\"elementor-post__thumbnail\"><img fetchpriority=\"high\" decoding=\"async\" width=\"640\" height=\"640\" src=\"https:\/\/grupo.us.es\/alzarq\/wp-content\/uploads\/2025\/06\/VIII_congreso_arquitectura_y_salud_2025_web_3.jpg\" class=\"attachment-large size-large wp-image-2748\" alt=\"\" srcset=\"https:\/\/grupo.us.es\/alzarq\/wp-content\/uploads\/2025\/06\/VIII_congreso_arquitectura_y_salud_2025_web_3.jpg 640w, https:\/\/grupo.us.es\/alzarq\/wp-content\/uploads\/2025\/06\/VIII_congreso_arquitectura_y_salud_2025_web_3-300x300.jpg 300w, https:\/\/grupo.us.es\/alzarq\/wp-content\/uploads\/2025\/06\/VIII_congreso_arquitectura_y_salud_2025_web_3-150x150.jpg 150w\" sizes=\"(max-width: 640px) 100vw, 640px\" \/><\/div><\/a>\n\t\t\t\t<div class=\"elementor-post__text\">\n\t\t\t\t<h3 class=\"elementor-post__title\">\n\t\t\t<a href=\"https:\/\/grupo.us.es\/alzarq\/viii-congreso-arquitectura-y-salud-en-colegio-de-arquitectos-de-cataluna\/\" >\n\t\t\t\tVIII CONGRESO ARQUITECTURA Y SALUD EN COLEGIO DE ARQUITECTOS DE CATALU\u00d1A\t\t\t<\/a>\n\t\t<\/h3>\n\t\t\t\t<div class=\"elementor-post__excerpt\">\n\t\t\t<p>BARCELONA \/ 12 de mayo de 2025<\/p>\t\t<\/div>\n\t\t\n\t\t<a class=\"elementor-post__read-more\" href=\"https:\/\/grupo.us.es\/alzarq\/viii-congreso-arquitectura-y-salud-en-colegio-de-arquitectos-de-cataluna\/\" aria-label=\"M\u00e1s informaci\u00f3n sobre VIII CONGRESO ARQUITECTURA Y SALUD EN COLEGIO DE ARQUITECTOS DE CATALU\u00d1A\" tabindex=\"-1\" >\n\t\t\tLeer m\u00e1s \u00bb\t\t<\/a>\n\n\t\t\t\t<\/div>\n\t\t\t\t\t<\/div>\n\t\t<\/article>\n\t\t\t\t<article class=\"elementor-post elementor-grid-item post-2701 post type-post status-publish format-standard has-post-thumbnail hentry category-eventos category-noticias\">\n\t\t\t<div class=\"elementor-post__card\">\n\t\t\t\t<a class=\"elementor-post__thumbnail__link\" href=\"https:\/\/grupo.us.es\/alzarq\/curso-de-formacion-del-colegio-de-arquitectos-de-madrid\/\" tabindex=\"-1\" ><div class=\"elementor-post__thumbnail\"><img decoding=\"async\" width=\"640\" height=\"640\" src=\"https:\/\/grupo.us.es\/alzarq\/wp-content\/uploads\/2025\/04\/COAM_PORTADA-_CURSO-ACCESIBILIDAD.jpg\" class=\"attachment-large size-large wp-image-2703\" alt=\"\" srcset=\"https:\/\/grupo.us.es\/alzarq\/wp-content\/uploads\/2025\/04\/COAM_PORTADA-_CURSO-ACCESIBILIDAD.jpg 640w, https:\/\/grupo.us.es\/alzarq\/wp-content\/uploads\/2025\/04\/COAM_PORTADA-_CURSO-ACCESIBILIDAD-300x300.jpg 300w, https:\/\/grupo.us.es\/alzarq\/wp-content\/uploads\/2025\/04\/COAM_PORTADA-_CURSO-ACCESIBILIDAD-150x150.jpg 150w\" sizes=\"(max-width: 640px) 100vw, 640px\" \/><\/div><\/a>\n\t\t\t\t<div class=\"elementor-post__text\">\n\t\t\t\t<h3 class=\"elementor-post__title\">\n\t\t\t<a href=\"https:\/\/grupo.us.es\/alzarq\/curso-de-formacion-del-colegio-de-arquitectos-de-madrid\/\" >\n\t\t\t\tCURSO DE FORMACI\u00d3N DEL COLEGIO DE ARQUITECTOS DE MADRID\t\t\t<\/a>\n\t\t<\/h3>\n\t\t\t\t<div class=\"elementor-post__excerpt\">\n\t\t\t<p>MADRID \/ 10 de abril de 2025<\/p>\t\t<\/div>\n\t\t\n\t\t<a class=\"elementor-post__read-more\" href=\"https:\/\/grupo.us.es\/alzarq\/curso-de-formacion-del-colegio-de-arquitectos-de-madrid\/\" aria-label=\"M\u00e1s informaci\u00f3n sobre CURSO DE FORMACI\u00d3N DEL COLEGIO DE ARQUITECTOS DE MADRID\" tabindex=\"-1\" >\n\t\t\tLeer m\u00e1s \u00bb\t\t<\/a>\n\n\t\t\t\t<\/div>\n\t\t\t\t\t<\/div>\n\t\t<\/article>\n\t\t\t\t<article class=\"elementor-post elementor-grid-item post-2689 post type-post status-publish format-standard has-post-thumbnail hentry category-eventos category-noticias\">\n\t\t\t<div class=\"elementor-post__card\">\n\t\t\t\t<a class=\"elementor-post__thumbnail__link\" href=\"https:\/\/grupo.us.es\/alzarq\/pablo-j-valero-participa-en-el-debate-tecnico-accesibilidad-sinonimo-de-bienestar\/\" tabindex=\"-1\" ><div class=\"elementor-post__thumbnail\"><img decoding=\"async\" width=\"769\" height=\"443\" src=\"https:\/\/grupo.us.es\/alzarq\/wp-content\/uploads\/2025\/04\/Conversaciones-ASEPAU-portada.jpg\" class=\"attachment-large size-large wp-image-2691\" alt=\"\" srcset=\"https:\/\/grupo.us.es\/alzarq\/wp-content\/uploads\/2025\/04\/Conversaciones-ASEPAU-portada.jpg 769w, https:\/\/grupo.us.es\/alzarq\/wp-content\/uploads\/2025\/04\/Conversaciones-ASEPAU-portada-300x173.jpg 300w\" sizes=\"(max-width: 769px) 100vw, 769px\" \/><\/div><\/a>\n\t\t\t\t<div class=\"elementor-post__text\">\n\t\t\t\t<h3 class=\"elementor-post__title\">\n\t\t\t<a href=\"https:\/\/grupo.us.es\/alzarq\/pablo-j-valero-participa-en-el-debate-tecnico-accesibilidad-sinonimo-de-bienestar\/\" >\n\t\t\t\tPABLO J. VALERO PARTICIPA EN EL DEBATE T\u00c9CNICO: \u2018ACCESIBILIDAD, SIN\u00d3NIMO DE BIENESTAR\u2019\t\t\t<\/a>\n\t\t<\/h3>\n\t\t\t\t<div class=\"elementor-post__excerpt\">\n\t\t\t<p>MADRID \/ 27 de febrero de 2025<\/p>\t\t<\/div>\n\t\t\n\t\t<a class=\"elementor-post__read-more\" href=\"https:\/\/grupo.us.es\/alzarq\/pablo-j-valero-participa-en-el-debate-tecnico-accesibilidad-sinonimo-de-bienestar\/\" aria-label=\"M\u00e1s informaci\u00f3n sobre PABLO J. VALERO PARTICIPA EN EL DEBATE T\u00c9CNICO: \u2018ACCESIBILIDAD, SIN\u00d3NIMO DE BIENESTAR\u2019\" tabindex=\"-1\" >\n\t\t\tLeer m\u00e1s \u00bb\t\t<\/a>\n\n\t\t\t\t<\/div>\n\t\t\t\t\t<\/div>\n\t\t<\/article>\n\t\t\t\t<article class=\"elementor-post elementor-grid-item post-2685 post type-post status-publish format-standard has-post-thumbnail hentry category-eventos category-noticias\">\n\t\t\t<div class=\"elementor-post__card\">\n\t\t\t\t<a class=\"elementor-post__thumbnail__link\" href=\"https:\/\/grupo.us.es\/alzarq\/coloquio-de-panel-expertos-alzheimer-con-estudiantes-de-arquitectura\/\" tabindex=\"-1\" ><div class=\"elementor-post__thumbnail\"><img loading=\"lazy\" decoding=\"async\" width=\"800\" height=\"800\" src=\"https:\/\/grupo.us.es\/alzarq\/wp-content\/uploads\/2025\/04\/ALZ_DIF_NOT_Coloquio-PEPA-019-1024x1024.jpg\" class=\"attachment-large size-large wp-image-2687\" alt=\"\" srcset=\"https:\/\/grupo.us.es\/alzarq\/wp-content\/uploads\/2025\/04\/ALZ_DIF_NOT_Coloquio-PEPA-019-1024x1024.jpg 1024w, https:\/\/grupo.us.es\/alzarq\/wp-content\/uploads\/2025\/04\/ALZ_DIF_NOT_Coloquio-PEPA-019-300x300.jpg 300w, https:\/\/grupo.us.es\/alzarq\/wp-content\/uploads\/2025\/04\/ALZ_DIF_NOT_Coloquio-PEPA-019-150x150.jpg 150w, https:\/\/grupo.us.es\/alzarq\/wp-content\/uploads\/2025\/04\/ALZ_DIF_NOT_Coloquio-PEPA-019-768x768.jpg 768w, https:\/\/grupo.us.es\/alzarq\/wp-content\/uploads\/2025\/04\/ALZ_DIF_NOT_Coloquio-PEPA-019-1536x1536.jpg 1536w, https:\/\/grupo.us.es\/alzarq\/wp-content\/uploads\/2025\/04\/ALZ_DIF_NOT_Coloquio-PEPA-019-2048x2048.jpg 2048w\" sizes=\"(max-width: 800px) 100vw, 800px\" \/><\/div><\/a>\n\t\t\t\t<div class=\"elementor-post__text\">\n\t\t\t\t<h3 class=\"elementor-post__title\">\n\t\t\t<a href=\"https:\/\/grupo.us.es\/alzarq\/coloquio-de-panel-expertos-alzheimer-con-estudiantes-de-arquitectura\/\" >\n\t\t\t\tCOLOQUIO de PANEL EXPERTOS ALZHEIMER con ESTUDIANTES DE ARQUITECTURA\t\t\t<\/a>\n\t\t<\/h3>\n\t\t\t\t<div class=\"elementor-post__excerpt\">\n\t\t\t<p>SEVILLA \/ 24 de febrero de 2025<\/p>\t\t<\/div>\n\t\t\n\t\t<a class=\"elementor-post__read-more\" href=\"https:\/\/grupo.us.es\/alzarq\/coloquio-de-panel-expertos-alzheimer-con-estudiantes-de-arquitectura\/\" aria-label=\"M\u00e1s informaci\u00f3n sobre COLOQUIO de PANEL EXPERTOS ALZHEIMER con ESTUDIANTES DE ARQUITECTURA\" tabindex=\"-1\" >\n\t\t\tLeer m\u00e1s \u00bb\t\t<\/a>\n\n\t\t\t\t<\/div>\n\t\t\t\t\t<\/div>\n\t\t<\/article>\n\t\t\t\t<article class=\"elementor-post elementor-grid-item post-2684 post type-post status-publish format-standard has-post-thumbnail hentry category-eventos category-noticias\">\n\t\t\t<div class=\"elementor-post__card\">\n\t\t\t\t<a class=\"elementor-post__thumbnail__link\" href=\"https:\/\/grupo.us.es\/alzarq\/coloquio-de-confeafa-con-estudiantes-de-arquitectura\/\" tabindex=\"-1\" ><div class=\"elementor-post__thumbnail\"><img loading=\"lazy\" decoding=\"async\" width=\"800\" height=\"800\" src=\"https:\/\/grupo.us.es\/alzarq\/wp-content\/uploads\/2025\/04\/ALZ_DIF_NOT_Coloquio-estudiantes-arq-013-150ppp-1024x1024.jpg\" class=\"attachment-large size-large wp-image-2679\" alt=\"\" srcset=\"https:\/\/grupo.us.es\/alzarq\/wp-content\/uploads\/2025\/04\/ALZ_DIF_NOT_Coloquio-estudiantes-arq-013-150ppp-1024x1024.jpg 1024w, https:\/\/grupo.us.es\/alzarq\/wp-content\/uploads\/2025\/04\/ALZ_DIF_NOT_Coloquio-estudiantes-arq-013-150ppp-300x300.jpg 300w, https:\/\/grupo.us.es\/alzarq\/wp-content\/uploads\/2025\/04\/ALZ_DIF_NOT_Coloquio-estudiantes-arq-013-150ppp-150x150.jpg 150w, https:\/\/grupo.us.es\/alzarq\/wp-content\/uploads\/2025\/04\/ALZ_DIF_NOT_Coloquio-estudiantes-arq-013-150ppp-768x768.jpg 768w, https:\/\/grupo.us.es\/alzarq\/wp-content\/uploads\/2025\/04\/ALZ_DIF_NOT_Coloquio-estudiantes-arq-013-150ppp-1536x1536.jpg 1536w, https:\/\/grupo.us.es\/alzarq\/wp-content\/uploads\/2025\/04\/ALZ_DIF_NOT_Coloquio-estudiantes-arq-013-150ppp-2048x2048.jpg 2048w\" sizes=\"(max-width: 800px) 100vw, 800px\" \/><\/div><\/a>\n\t\t\t\t<div class=\"elementor-post__text\">\n\t\t\t\t<h3 class=\"elementor-post__title\">\n\t\t\t<a href=\"https:\/\/grupo.us.es\/alzarq\/coloquio-de-confeafa-con-estudiantes-de-arquitectura\/\" >\n\t\t\t\tCOLOQUIO de CONFEAFA con ESTUDIANTES DE ARQUITECTURA\t\t\t<\/a>\n\t\t<\/h3>\n\t\t\t\t<div class=\"elementor-post__excerpt\">\n\t\t\t<p>SEVILLA \/ 17 de febrero de 2025<\/p>\t\t<\/div>\n\t\t\n\t\t<a class=\"elementor-post__read-more\" href=\"https:\/\/grupo.us.es\/alzarq\/coloquio-de-confeafa-con-estudiantes-de-arquitectura\/\" aria-label=\"M\u00e1s informaci\u00f3n sobre COLOQUIO de CONFEAFA con ESTUDIANTES DE ARQUITECTURA\" tabindex=\"-1\" >\n\t\t\tLeer m\u00e1s \u00bb\t\t<\/a>\n\n\t\t\t\t<\/div>\n\t\t\t\t\t<\/div>\n\t\t<\/article>\n\t\t\t\t<article class=\"elementor-post elementor-grid-item post-2660 post type-post status-publish format-standard has-post-thumbnail hentry category-eventos category-noticias\">\n\t\t\t<div class=\"elementor-post__card\">\n\t\t\t\t<a class=\"elementor-post__thumbnail__link\" href=\"https:\/\/grupo.us.es\/alzarq\/healthy-architecture-city-participa-en-el-iii-congreso-andaluz-de-alzheimer\/\" tabindex=\"-1\" ><div class=\"elementor-post__thumbnail\"><img loading=\"lazy\" decoding=\"async\" width=\"800\" height=\"450\" src=\"https:\/\/grupo.us.es\/alzarq\/wp-content\/uploads\/2024\/11\/III-Congreso-Andaluz-de-Alzheimer-853x480-1.png\" class=\"attachment-large size-large wp-image-2662\" alt=\"\" srcset=\"https:\/\/grupo.us.es\/alzarq\/wp-content\/uploads\/2024\/11\/III-Congreso-Andaluz-de-Alzheimer-853x480-1.png 853w, https:\/\/grupo.us.es\/alzarq\/wp-content\/uploads\/2024\/11\/III-Congreso-Andaluz-de-Alzheimer-853x480-1-300x169.png 300w, https:\/\/grupo.us.es\/alzarq\/wp-content\/uploads\/2024\/11\/III-Congreso-Andaluz-de-Alzheimer-853x480-1-768x432.png 768w\" sizes=\"(max-width: 800px) 100vw, 800px\" \/><\/div><\/a>\n\t\t\t\t<div class=\"elementor-post__text\">\n\t\t\t\t<h3 class=\"elementor-post__title\">\n\t\t\t<a href=\"https:\/\/grupo.us.es\/alzarq\/healthy-architecture-city-participa-en-el-iii-congreso-andaluz-de-alzheimer\/\" >\n\t\t\t\tHEALTHY ARCHITECTURE &#038; CITY PARTICIPA EN EL III CONGRESO ANDALUZ DE ALZHEIMER\t\t\t<\/a>\n\t\t<\/h3>\n\t\t\t\t<div class=\"elementor-post__excerpt\">\n\t\t\t<p>MOGUER &#8211; HUELVA \/ 8, 9 Y 10 de noviembre de 2024<\/p>\t\t<\/div>\n\t\t\n\t\t<a class=\"elementor-post__read-more\" href=\"https:\/\/grupo.us.es\/alzarq\/healthy-architecture-city-participa-en-el-iii-congreso-andaluz-de-alzheimer\/\" aria-label=\"M\u00e1s informaci\u00f3n sobre HEALTHY ARCHITECTURE &#038; CITY PARTICIPA EN EL III CONGRESO ANDALUZ DE ALZHEIMER\" tabindex=\"-1\" >\n\t\t\tLeer m\u00e1s \u00bb\t\t<\/a>\n\n\t\t\t\t<\/div>\n\t\t\t\t\t<\/div>\n\t\t<\/article>\n\t\t\t\t<\/div>\n\t\t\t\t\t<span class=\"e-load-more-spinner\">\n\t\t\t\t<i aria-hidden=\"true\" class=\"fas fa-spinner\"><\/i>\t\t\t<\/span>\n\t\t\n\t\t\t\t<div class=\"e-load-more-anchor\" data-page=\"1\" data-max-page=\"3\" data-next-page=\"https:\/\/grupo.us.es\/alzarq\/wp-json\/wp\/v2\/pages\/2507\/page\/2\/\"><\/div>\n\t\t\t\t<div class=\"e-load-more-message\"><\/div>\n\t\t\t\t\t\t<\/div>\n\t\t\t\t<\/div>\n\t\t\t\t\t<\/div>\n\t\t<\/div>\n\t\t\t\t\t<\/div>\n\t\t<\/section>\n\t\t\t\t<\/div>\n\t\t","protected":false},"excerpt":{"rendered":"","protected":false},"author":4,"featured_media":2468,"parent":530,"menu_order":0,"comment_status":"closed","ping_status":"closed","template":"","meta":{"_acf_changed":false,"colormag_page_layout":"default_layout","_monsterinsights_skip_tracking":false,"_monsterinsights_sitenote_active":false,"_monsterinsights_sitenote_note":"","_monsterinsights_sitenote_category":0,"_uf_show_specific_survey":0,"_uf_disable_surveys":false,"footnotes":""},"class_list":["post-2507","page","type-page","status-publish","has-post-thumbnail","hentry"],"acf":[],"yoast_head":"<!-- This site is optimized with the Yoast SEO plugin v25.2 - https:\/\/yoast.com\/wordpress\/plugins\/seo\/ -->\n<title>Congresos, jornadas y cursos - ALZARQ<\/title>\n<meta name=\"description\" content=\"Tabl\u00f3n de publicaciones sobre congresos, jornadas y foros donde ha participado el grupo HAC y se ha tratado el proyecto Alzarq.\" \/>\n<meta name=\"robots\" content=\"index, follow, max-snippet:-1, max-image-preview:large, max-video-preview:-1\" \/>\n<link rel=\"canonical\" href=\"https:\/\/grupo.us.es\/alzarq\/noticias\/congresos-jornadas-y-cursos\/\" \/>\n<meta property=\"og:locale\" content=\"es_ES\" \/>\n<meta property=\"og:type\" content=\"article\" \/>\n<meta property=\"og:title\" content=\"Congresos, jornadas y cursos - ALZARQ\" \/>\n<meta property=\"og:description\" content=\"Tabl\u00f3n de publicaciones sobre congresos, jornadas y foros donde ha participado el grupo HAC y se ha tratado el proyecto Alzarq.\" \/>\n<meta property=\"og:url\" content=\"https:\/\/grupo.us.es\/alzarq\/noticias\/congresos-jornadas-y-cursos\/\" \/>\n<meta property=\"og:site_name\" content=\"ALZARQ\" \/>\n<meta property=\"article:modified_time\" content=\"2025-05-09T11:58:36+00:00\" \/>\n<meta property=\"og:image\" content=\"https:\/\/grupo.us.es\/alzarq\/wp-content\/uploads\/2023\/11\/cropped-favicon.png\" \/>\n\t<meta property=\"og:image:width\" content=\"512\" \/>\n\t<meta property=\"og:image:height\" content=\"512\" \/>\n\t<meta property=\"og:image:type\" content=\"image\/png\" \/>\n<meta name=\"twitter:card\" content=\"summary_large_image\" \/>\n<meta name=\"twitter:label1\" content=\"Tiempo de lectura\" \/>\n\t<meta name=\"twitter:data1\" content=\"1 minuto\" \/>\n<script type=\"application\/ld+json\" class=\"yoast-schema-graph\">{\"@context\":\"https:\/\/schema.org\",\"@graph\":[{\"@type\":\"WebPage\",\"@id\":\"https:\/\/grupo.us.es\/alzarq\/noticias\/congresos-jornadas-y-cursos\/\",\"url\":\"https:\/\/grupo.us.es\/alzarq\/noticias\/congresos-jornadas-y-cursos\/\",\"name\":\"Congresos, jornadas y cursos - ALZARQ\",\"isPartOf\":{\"@id\":\"https:\/\/grupo.us.es\/alzarq\/#website\"},\"primaryImageOfPage\":{\"@id\":\"https:\/\/grupo.us.es\/alzarq\/noticias\/congresos-jornadas-y-cursos\/#primaryimage\"},\"image\":{\"@id\":\"https:\/\/grupo.us.es\/alzarq\/noticias\/congresos-jornadas-y-cursos\/#primaryimage\"},\"thumbnailUrl\":\"https:\/\/grupo.us.es\/alzarq\/wp-content\/uploads\/2023\/11\/cropped-favicon.png\",\"datePublished\":\"2024-03-10T17:43:07+00:00\",\"dateModified\":\"2025-05-09T11:58:36+00:00\",\"description\":\"Tabl\u00f3n de publicaciones sobre congresos, jornadas y foros donde ha participado el grupo HAC y se ha tratado el proyecto Alzarq.\",\"breadcrumb\":{\"@id\":\"https:\/\/grupo.us.es\/alzarq\/noticias\/congresos-jornadas-y-cursos\/#breadcrumb\"},\"inLanguage\":\"es\",\"potentialAction\":[{\"@type\":\"ReadAction\",\"target\":[\"https:\/\/grupo.us.es\/alzarq\/noticias\/congresos-jornadas-y-cursos\/\"]}]},{\"@type\":\"ImageObject\",\"inLanguage\":\"es\",\"@id\":\"https:\/\/grupo.us.es\/alzarq\/noticias\/congresos-jornadas-y-cursos\/#primaryimage\",\"url\":\"https:\/\/grupo.us.es\/alzarq\/wp-content\/uploads\/2023\/11\/cropped-favicon.png\",\"contentUrl\":\"https:\/\/grupo.us.es\/alzarq\/wp-content\/uploads\/2023\/11\/cropped-favicon.png\",\"width\":512,\"height\":512},{\"@type\":\"BreadcrumbList\",\"@id\":\"https:\/\/grupo.us.es\/alzarq\/noticias\/congresos-jornadas-y-cursos\/#breadcrumb\",\"itemListElement\":[{\"@type\":\"ListItem\",\"position\":1,\"name\":\"Difusi\u00f3n\",\"item\":\"https:\/\/grupo.us.es\/alzarq\/noticias\/\"},{\"@type\":\"ListItem\",\"position\":2,\"name\":\"Congresos, jornadas y cursos\"}]},{\"@type\":\"WebSite\",\"@id\":\"https:\/\/grupo.us.es\/alzarq\/#website\",\"url\":\"https:\/\/grupo.us.es\/alzarq\/\",\"name\":\"ALZARQ\",\"description\":\"Arquitectura y Alzheimer\",\"publisher\":{\"@id\":\"https:\/\/grupo.us.es\/alzarq\/#organization\"},\"potentialAction\":[{\"@type\":\"SearchAction\",\"target\":{\"@type\":\"EntryPoint\",\"urlTemplate\":\"https:\/\/grupo.us.es\/alzarq\/?s={search_term_string}\"},\"query-input\":{\"@type\":\"PropertyValueSpecification\",\"valueRequired\":true,\"valueName\":\"search_term_string\"}}],\"inLanguage\":\"es\"},{\"@type\":\"Organization\",\"@id\":\"https:\/\/grupo.us.es\/alzarq\/#organization\",\"name\":\"ALZARQ\",\"url\":\"https:\/\/grupo.us.es\/alzarq\/\",\"logo\":{\"@type\":\"ImageObject\",\"inLanguage\":\"es\",\"@id\":\"https:\/\/grupo.us.es\/alzarq\/#\/schema\/logo\/image\/\",\"url\":\"https:\/\/grupo.us.es\/alzarq\/wp-content\/uploads\/2022\/02\/logotipo_alzarq_degradado_150peq-1-3.jpg\",\"contentUrl\":\"https:\/\/grupo.us.es\/alzarq\/wp-content\/uploads\/2022\/02\/logotipo_alzarq_degradado_150peq-1-3.jpg\",\"width\":224,\"height\":70,\"caption\":\"ALZARQ\"},\"image\":{\"@id\":\"https:\/\/grupo.us.es\/alzarq\/#\/schema\/logo\/image\/\"}}]}<\/script>\n<!-- \/ Yoast SEO plugin. -->","yoast_head_json":{"title":"Congresos, jornadas y cursos - ALZARQ","description":"Tabl\u00f3n de publicaciones sobre congresos, jornadas y foros donde ha participado el grupo HAC y se ha tratado el proyecto Alzarq.","robots":{"index":"index","follow":"follow","max-snippet":"max-snippet:-1","max-image-preview":"max-image-preview:large","max-video-preview":"max-video-preview:-1"},"canonical":"https:\/\/grupo.us.es\/alzarq\/noticias\/congresos-jornadas-y-cursos\/","og_locale":"es_ES","og_type":"article","og_title":"Congresos, jornadas y cursos - ALZARQ","og_description":"Tabl\u00f3n de publicaciones sobre congresos, jornadas y foros donde ha participado el grupo HAC y se ha tratado el proyecto Alzarq.","og_url":"https:\/\/grupo.us.es\/alzarq\/noticias\/congresos-jornadas-y-cursos\/","og_site_name":"ALZARQ","article_modified_time":"2025-05-09T11:58:36+00:00","og_image":[{"width":512,"height":512,"url":"https:\/\/grupo.us.es\/alzarq\/wp-content\/uploads\/2023\/11\/cropped-favicon.png","type":"image\/png"}],"twitter_card":"summary_large_image","twitter_misc":{"Tiempo de lectura":"1 minuto"},"schema":{"@context":"https:\/\/schema.org","@graph":[{"@type":"WebPage","@id":"https:\/\/grupo.us.es\/alzarq\/noticias\/congresos-jornadas-y-cursos\/","url":"https:\/\/grupo.us.es\/alzarq\/noticias\/congresos-jornadas-y-cursos\/","name":"Congresos, jornadas y cursos - ALZARQ","isPartOf":{"@id":"https:\/\/grupo.us.es\/alzarq\/#website"},"primaryImageOfPage":{"@id":"https:\/\/grupo.us.es\/alzarq\/noticias\/congresos-jornadas-y-cursos\/#primaryimage"},"image":{"@id":"https:\/\/grupo.us.es\/alzarq\/noticias\/congresos-jornadas-y-cursos\/#primaryimage"},"thumbnailUrl":"https:\/\/grupo.us.es\/alzarq\/wp-content\/uploads\/2023\/11\/cropped-favicon.png","datePublished":"2024-03-10T17:43:07+00:00","dateModified":"2025-05-09T11:58:36+00:00","description":"Tabl\u00f3n de publicaciones sobre congresos, jornadas y foros donde ha participado el grupo HAC y se ha tratado el proyecto Alzarq.","breadcrumb":{"@id":"https:\/\/grupo.us.es\/alzarq\/noticias\/congresos-jornadas-y-cursos\/#breadcrumb"},"inLanguage":"es","potentialAction":[{"@type":"ReadAction","target":["https:\/\/grupo.us.es\/alzarq\/noticias\/congresos-jornadas-y-cursos\/"]}]},{"@type":"ImageObject","inLanguage":"es","@id":"https:\/\/grupo.us.es\/alzarq\/noticias\/congresos-jornadas-y-cursos\/#primaryimage","url":"https:\/\/grupo.us.es\/alzarq\/wp-content\/uploads\/2023\/11\/cropped-favicon.png","contentUrl":"https:\/\/grupo.us.es\/alzarq\/wp-content\/uploads\/2023\/11\/cropped-favicon.png","width":512,"height":512},{"@type":"BreadcrumbList","@id":"https:\/\/grupo.us.es\/alzarq\/noticias\/congresos-jornadas-y-cursos\/#breadcrumb","itemListElement":[{"@type":"ListItem","position":1,"name":"Difusi\u00f3n","item":"https:\/\/grupo.us.es\/alzarq\/noticias\/"},{"@type":"ListItem","position":2,"name":"Congresos, jornadas y cursos"}]},{"@type":"WebSite","@id":"https:\/\/grupo.us.es\/alzarq\/#website","url":"https:\/\/grupo.us.es\/alzarq\/","name":"ALZARQ","description":"Arquitectura y Alzheimer","publisher":{"@id":"https:\/\/grupo.us.es\/alzarq\/#organization"},"potentialAction":[{"@type":"SearchAction","target":{"@type":"EntryPoint","urlTemplate":"https:\/\/grupo.us.es\/alzarq\/?s={search_term_string}"},"query-input":{"@type":"PropertyValueSpecification","valueRequired":true,"valueName":"search_term_string"}}],"inLanguage":"es"},{"@type":"Organization","@id":"https:\/\/grupo.us.es\/alzarq\/#organization","name":"ALZARQ","url":"https:\/\/grupo.us.es\/alzarq\/","logo":{"@type":"ImageObject","inLanguage":"es","@id":"https:\/\/grupo.us.es\/alzarq\/#\/schema\/logo\/image\/","url":"https:\/\/grupo.us.es\/alzarq\/wp-content\/uploads\/2022\/02\/logotipo_alzarq_degradado_150peq-1-3.jpg","contentUrl":"https:\/\/grupo.us.es\/alzarq\/wp-content\/uploads\/2022\/02\/logotipo_alzarq_degradado_150peq-1-3.jpg","width":224,"height":70,"caption":"ALZARQ"},"image":{"@id":"https:\/\/grupo.us.es\/alzarq\/#\/schema\/logo\/image\/"}}]}},"_links":{"self":[{"href":"https:\/\/grupo.us.es\/alzarq\/wp-json\/wp\/v2\/pages\/2507","targetHints":{"allow":["GET"]}}],"collection":[{"href":"https:\/\/grupo.us.es\/alzarq\/wp-json\/wp\/v2\/pages"}],"about":[{"href":"https:\/\/grupo.us.es\/alzarq\/wp-json\/wp\/v2\/types\/page"}],"author":[{"embeddable":true,"href":"https:\/\/grupo.us.es\/alzarq\/wp-json\/wp\/v2\/users\/4"}],"replies":[{"embeddable":true,"href":"https:\/\/grupo.us.es\/alzarq\/wp-json\/wp\/v2\/comments?post=2507"}],"version-history":[{"count":0,"href":"https:\/\/grupo.us.es\/alzarq\/wp-json\/wp\/v2\/pages\/2507\/revisions"}],"up":[{"embeddable":true,"href":"https:\/\/grupo.us.es\/alzarq\/wp-json\/wp\/v2\/pages\/530"}],"wp:featuredmedia":[{"embeddable":true,"href":"https:\/\/grupo.us.es\/alzarq\/wp-json\/wp\/v2\/media\/2468"}],"wp:attachment":[{"href":"https:\/\/grupo.us.es\/alzarq\/wp-json\/wp\/v2\/media?parent=2507"}],"curies":[{"name":"wp","href":"https:\/\/api.w.org\/{rel}","templated":true}]}}