{"id":2069,"date":"2023-07-26T11:48:24","date_gmt":"2023-07-26T11:48:24","guid":{"rendered":"https:\/\/grupo.us.es\/alzarq\/?page_id=2069"},"modified":"2025-06-06T22:20:44","modified_gmt":"2025-06-06T22:20:44","slug":"cuestionarios","status":"publish","type":"page","link":"https:\/\/grupo.us.es\/alzarq\/el-proyecto\/cuestionarios\/","title":{"rendered":"Material e instrumentos"},"content":{"rendered":"\t\t<div data-elementor-type=\"wp-page\" data-elementor-id=\"2069\" class=\"elementor elementor-2069\" data-elementor-post-type=\"page\">\n\t\t\t\t\t\t<section class=\"elementor-section elementor-top-section elementor-element elementor-element-abd3f8f elementor-section-boxed elementor-section-height-default elementor-section-height-default\" data-id=\"abd3f8f\" data-element_type=\"section\">\n\t\t\t\t\t\t<div class=\"elementor-container elementor-column-gap-default\">\n\t\t\t\t\t<div class=\"elementor-column elementor-col-100 elementor-top-column elementor-element elementor-element-15b3087\" data-id=\"15b3087\" data-element_type=\"column\">\n\t\t\t<div class=\"elementor-widget-wrap elementor-element-populated\">\n\t\t\t\t\t\t<div class=\"elementor-element elementor-element-00c41a2 elementor-widget elementor-widget-text-editor\" data-id=\"00c41a2\" data-element_type=\"widget\" data-widget_type=\"text-editor.default\">\n\t\t\t\t<div class=\"elementor-widget-container\">\n\t\t\t\t\t\t\t\t\t<p>Los principales materiales que se utilizan en este proyecto se organizan por medio de una composici\u00f3n dividida en varios bloques tem\u00e1ticos, con instrumentos ampliamente validados y conocidos en la investigaci\u00f3n y pr\u00e1ctica psicol\u00f3gica y psiqui\u00e1trica. Cada bloque va destinado a la adquisici\u00f3n de datos determinados. Los cuestionarios que se utilizan en este trabajo est\u00e1n recogidos en un&nbsp;<strong>Anexo 1: <\/strong><strong>Cuaderno de recogida de datos (CRD)<\/strong>&nbsp;perteneciente al protocolo de actuaci\u00f3n del Proyecto ALZARQ. En los test validados se usan las versiones en espa\u00f1ol de los instrumentos del siguiente listado:<\/p>\n<p><strong>MINI MENTAL STATE EXAMINATION (MMSE)<\/strong><\/p>\n<p>Referencia: Cockrell, J. R., &amp; Folstein, M. F. (2002). Mini-mental state examination. <em>Principles and practice of geriatric psychiatry<\/em>, 140-141.<\/p>\n<p><strong>GLOBAL DETERIORATION SCALE (GDS)<\/strong><\/p>\n<p>Referencia: Reisberg, B., Ferris, S. H., de Leon, M. J., &amp; Crook, T. (1982). The Global Deterioration Scale for assessment of primary degenerative dementia. <em>The American journal of psychiatry, 139<\/em>(9), 1136-1139.<\/p>\n<p><strong>TEST DEL RELOJ<\/strong><\/p>\n<p>Referencia: Cacho, J., Garc\u00eda-Garc\u00eda, R., Arcaya, J., Vicente, J. L., &amp; Lantada, N. (1999). A proposal for application and scoring of the Clock Drawing Test in Alzheimer&#8217;s disease. <em>Revista de Neurologia<\/em>, 28(7), 648-655.<\/p>\n<p><strong>ENCUESTAS Y CUESTIONARIOS:<\/strong><\/p>\n<ul>\n<li>ENCUESTA INICIAL Tipo A: Cuidador profesional<\/li>\n<li>ENCUESTA INICIAL Tipo B: Paciente.<\/li>\n<li>ENCUESTA INICIAL Tipo C: Cuidador familiar.<\/li>\n<li>CUESTIONARIO 1. An\u00e1lisis percepci\u00f3n imagen espacial configurada del plano cognitivo.<\/li>\n<li>CUESTIONARIO 2. An\u00e1lisis del entorno dom\u00e9stico como condicionante de conducta.<\/li>\n<li>CUESTIONARIO 3. An\u00e1lisis de la iluminaci\u00f3n natural como estimulaci\u00f3n sensorial.<\/li>\n<li>CUESTIONARIO 4. An\u00e1lisis sobre la percepci\u00f3n espacial en edificios y espacios urbanos.<\/li>\n<\/ul>\t\t\t\t\t\t\t\t<\/div>\n\t\t\t\t<\/div>\n\t\t\t\t\t<\/div>\n\t\t<\/div>\n\t\t\t\t\t<\/div>\n\t\t<\/section>\n\t\t\t\t<\/div>\n\t\t","protected":false},"excerpt":{"rendered":"<p>Los principales materiales que se utilizan en este proyecto se organizan por medio de una composici\u00f3n dividida en varios bloques<\/p>\n","protected":false},"author":2,"featured_media":0,"parent":2082,"menu_order":0,"comment_status":"closed","ping_status":"closed","template":"","meta":{"_acf_changed":false,"colormag_page_layout":"default_layout","_monsterinsights_skip_tracking":false,"_monsterinsights_sitenote_active":false,"_monsterinsights_sitenote_note":"","_monsterinsights_sitenote_category":0,"_uf_show_specific_survey":0,"_uf_disable_surveys":false,"footnotes":""},"class_list":["post-2069","page","type-page","status-publish","hentry"],"acf":[],"yoast_head":"<!-- This site is optimized with the Yoast SEO plugin v25.2 - https:\/\/yoast.com\/wordpress\/plugins\/seo\/ -->\n<title>Material e instrumentos - ALZARQ<\/title>\n<meta name=\"description\" content=\"Los cuestionarios son el principal material que se va a utilizar para obtener datos en esta investigaci\u00f3n. Se trata de una composici\u00f3n, dividida en bloques tem\u00e1ticos, de instrumentos ampliamente validados y muy populares en la investigaci\u00f3n y la pr\u00e1ctica psicol\u00f3gica y psiqui\u00e1trica. Cada bloque va destinado a la adquisici\u00f3n de medidas determinadas. Todos los cuestionarios que se utilizan est\u00e1n recogidos en el Anexo 1: Cuaderno de recogida de datos (CRD) del protocolo de actuaci\u00f3n del Proyecto ALZARQ.\" \/>\n<meta name=\"robots\" content=\"index, follow, max-snippet:-1, max-image-preview:large, max-video-preview:-1\" \/>\n<link rel=\"canonical\" href=\"https:\/\/grupo.us.es\/alzarq\/el-proyecto\/cuestionarios\/\" \/>\n<meta property=\"og:locale\" content=\"es_ES\" \/>\n<meta property=\"og:type\" content=\"article\" \/>\n<meta property=\"og:title\" content=\"Material e instrumentos - ALZARQ\" \/>\n<meta property=\"og:description\" content=\"Los cuestionarios son el principal material que se va a utilizar para obtener datos en esta investigaci\u00f3n. Se trata de una composici\u00f3n, dividida en bloques tem\u00e1ticos, de instrumentos ampliamente validados y muy populares en la investigaci\u00f3n y la pr\u00e1ctica psicol\u00f3gica y psiqui\u00e1trica. Cada bloque va destinado a la adquisici\u00f3n de medidas determinadas. Todos los cuestionarios que se utilizan est\u00e1n recogidos en el Anexo 1: Cuaderno de recogida de datos (CRD) del protocolo de actuaci\u00f3n del Proyecto ALZARQ.\" \/>\n<meta property=\"og:url\" content=\"https:\/\/grupo.us.es\/alzarq\/el-proyecto\/cuestionarios\/\" \/>\n<meta property=\"og:site_name\" content=\"ALZARQ\" \/>\n<meta property=\"article:modified_time\" content=\"2025-06-06T22:20:44+00:00\" \/>\n<meta name=\"twitter:card\" content=\"summary_large_image\" \/>\n<meta name=\"twitter:label1\" content=\"Tiempo de lectura\" \/>\n\t<meta name=\"twitter:data1\" content=\"2 minutos\" \/>\n<script type=\"application\/ld+json\" class=\"yoast-schema-graph\">{\"@context\":\"https:\/\/schema.org\",\"@graph\":[{\"@type\":\"WebPage\",\"@id\":\"https:\/\/grupo.us.es\/alzarq\/el-proyecto\/cuestionarios\/\",\"url\":\"https:\/\/grupo.us.es\/alzarq\/el-proyecto\/cuestionarios\/\",\"name\":\"Material e instrumentos - ALZARQ\",\"isPartOf\":{\"@id\":\"https:\/\/grupo.us.es\/alzarq\/#website\"},\"datePublished\":\"2023-07-26T11:48:24+00:00\",\"dateModified\":\"2025-06-06T22:20:44+00:00\",\"description\":\"Los cuestionarios son el principal material que se va a utilizar para obtener datos en esta investigaci\u00f3n. Se trata de una composici\u00f3n, dividida en bloques tem\u00e1ticos, de instrumentos ampliamente validados y muy populares en la investigaci\u00f3n y la pr\u00e1ctica psicol\u00f3gica y psiqui\u00e1trica. Cada bloque va destinado a la adquisici\u00f3n de medidas determinadas. Todos los cuestionarios que se utilizan est\u00e1n recogidos en el Anexo 1: Cuaderno de recogida de datos (CRD) del protocolo de actuaci\u00f3n del Proyecto ALZARQ.\",\"breadcrumb\":{\"@id\":\"https:\/\/grupo.us.es\/alzarq\/el-proyecto\/cuestionarios\/#breadcrumb\"},\"inLanguage\":\"es\",\"potentialAction\":[{\"@type\":\"ReadAction\",\"target\":[\"https:\/\/grupo.us.es\/alzarq\/el-proyecto\/cuestionarios\/\"]}]},{\"@type\":\"BreadcrumbList\",\"@id\":\"https:\/\/grupo.us.es\/alzarq\/el-proyecto\/cuestionarios\/#breadcrumb\",\"itemListElement\":[{\"@type\":\"ListItem\",\"position\":1,\"name\":\"El Proyecto\",\"item\":\"https:\/\/grupo.us.es\/alzarq\/el-proyecto\/\"},{\"@type\":\"ListItem\",\"position\":2,\"name\":\"Material e instrumentos\"}]},{\"@type\":\"WebSite\",\"@id\":\"https:\/\/grupo.us.es\/alzarq\/#website\",\"url\":\"https:\/\/grupo.us.es\/alzarq\/\",\"name\":\"ALZARQ\",\"description\":\"Arquitectura y Alzheimer\",\"publisher\":{\"@id\":\"https:\/\/grupo.us.es\/alzarq\/#organization\"},\"potentialAction\":[{\"@type\":\"SearchAction\",\"target\":{\"@type\":\"EntryPoint\",\"urlTemplate\":\"https:\/\/grupo.us.es\/alzarq\/?s={search_term_string}\"},\"query-input\":{\"@type\":\"PropertyValueSpecification\",\"valueRequired\":true,\"valueName\":\"search_term_string\"}}],\"inLanguage\":\"es\"},{\"@type\":\"Organization\",\"@id\":\"https:\/\/grupo.us.es\/alzarq\/#organization\",\"name\":\"ALZARQ\",\"url\":\"https:\/\/grupo.us.es\/alzarq\/\",\"logo\":{\"@type\":\"ImageObject\",\"inLanguage\":\"es\",\"@id\":\"https:\/\/grupo.us.es\/alzarq\/#\/schema\/logo\/image\/\",\"url\":\"https:\/\/grupo.us.es\/alzarq\/wp-content\/uploads\/2022\/02\/logotipo_alzarq_degradado_150peq-1-3.jpg\",\"contentUrl\":\"https:\/\/grupo.us.es\/alzarq\/wp-content\/uploads\/2022\/02\/logotipo_alzarq_degradado_150peq-1-3.jpg\",\"width\":224,\"height\":70,\"caption\":\"ALZARQ\"},\"image\":{\"@id\":\"https:\/\/grupo.us.es\/alzarq\/#\/schema\/logo\/image\/\"}}]}<\/script>\n<!-- \/ Yoast SEO plugin. -->","yoast_head_json":{"title":"Material e instrumentos - ALZARQ","description":"Los cuestionarios son el principal material que se va a utilizar para obtener datos en esta investigaci\u00f3n. Se trata de una composici\u00f3n, dividida en bloques tem\u00e1ticos, de instrumentos ampliamente validados y muy populares en la investigaci\u00f3n y la pr\u00e1ctica psicol\u00f3gica y psiqui\u00e1trica. Cada bloque va destinado a la adquisici\u00f3n de medidas determinadas. Todos los cuestionarios que se utilizan est\u00e1n recogidos en el Anexo 1: Cuaderno de recogida de datos (CRD) del protocolo de actuaci\u00f3n del Proyecto ALZARQ.","robots":{"index":"index","follow":"follow","max-snippet":"max-snippet:-1","max-image-preview":"max-image-preview:large","max-video-preview":"max-video-preview:-1"},"canonical":"https:\/\/grupo.us.es\/alzarq\/el-proyecto\/cuestionarios\/","og_locale":"es_ES","og_type":"article","og_title":"Material e instrumentos - ALZARQ","og_description":"Los cuestionarios son el principal material que se va a utilizar para obtener datos en esta investigaci\u00f3n. Se trata de una composici\u00f3n, dividida en bloques tem\u00e1ticos, de instrumentos ampliamente validados y muy populares en la investigaci\u00f3n y la pr\u00e1ctica psicol\u00f3gica y psiqui\u00e1trica. Cada bloque va destinado a la adquisici\u00f3n de medidas determinadas. Todos los cuestionarios que se utilizan est\u00e1n recogidos en el Anexo 1: Cuaderno de recogida de datos (CRD) del protocolo de actuaci\u00f3n del Proyecto ALZARQ.","og_url":"https:\/\/grupo.us.es\/alzarq\/el-proyecto\/cuestionarios\/","og_site_name":"ALZARQ","article_modified_time":"2025-06-06T22:20:44+00:00","twitter_card":"summary_large_image","twitter_misc":{"Tiempo de lectura":"2 minutos"},"schema":{"@context":"https:\/\/schema.org","@graph":[{"@type":"WebPage","@id":"https:\/\/grupo.us.es\/alzarq\/el-proyecto\/cuestionarios\/","url":"https:\/\/grupo.us.es\/alzarq\/el-proyecto\/cuestionarios\/","name":"Material e instrumentos - ALZARQ","isPartOf":{"@id":"https:\/\/grupo.us.es\/alzarq\/#website"},"datePublished":"2023-07-26T11:48:24+00:00","dateModified":"2025-06-06T22:20:44+00:00","description":"Los cuestionarios son el principal material que se va a utilizar para obtener datos en esta investigaci\u00f3n. Se trata de una composici\u00f3n, dividida en bloques tem\u00e1ticos, de instrumentos ampliamente validados y muy populares en la investigaci\u00f3n y la pr\u00e1ctica psicol\u00f3gica y psiqui\u00e1trica. Cada bloque va destinado a la adquisici\u00f3n de medidas determinadas. Todos los cuestionarios que se utilizan est\u00e1n recogidos en el Anexo 1: Cuaderno de recogida de datos (CRD) del protocolo de actuaci\u00f3n del Proyecto ALZARQ.","breadcrumb":{"@id":"https:\/\/grupo.us.es\/alzarq\/el-proyecto\/cuestionarios\/#breadcrumb"},"inLanguage":"es","potentialAction":[{"@type":"ReadAction","target":["https:\/\/grupo.us.es\/alzarq\/el-proyecto\/cuestionarios\/"]}]},{"@type":"BreadcrumbList","@id":"https:\/\/grupo.us.es\/alzarq\/el-proyecto\/cuestionarios\/#breadcrumb","itemListElement":[{"@type":"ListItem","position":1,"name":"El Proyecto","item":"https:\/\/grupo.us.es\/alzarq\/el-proyecto\/"},{"@type":"ListItem","position":2,"name":"Material e instrumentos"}]},{"@type":"WebSite","@id":"https:\/\/grupo.us.es\/alzarq\/#website","url":"https:\/\/grupo.us.es\/alzarq\/","name":"ALZARQ","description":"Arquitectura y Alzheimer","publisher":{"@id":"https:\/\/grupo.us.es\/alzarq\/#organization"},"potentialAction":[{"@type":"SearchAction","target":{"@type":"EntryPoint","urlTemplate":"https:\/\/grupo.us.es\/alzarq\/?s={search_term_string}"},"query-input":{"@type":"PropertyValueSpecification","valueRequired":true,"valueName":"search_term_string"}}],"inLanguage":"es"},{"@type":"Organization","@id":"https:\/\/grupo.us.es\/alzarq\/#organization","name":"ALZARQ","url":"https:\/\/grupo.us.es\/alzarq\/","logo":{"@type":"ImageObject","inLanguage":"es","@id":"https:\/\/grupo.us.es\/alzarq\/#\/schema\/logo\/image\/","url":"https:\/\/grupo.us.es\/alzarq\/wp-content\/uploads\/2022\/02\/logotipo_alzarq_degradado_150peq-1-3.jpg","contentUrl":"https:\/\/grupo.us.es\/alzarq\/wp-content\/uploads\/2022\/02\/logotipo_alzarq_degradado_150peq-1-3.jpg","width":224,"height":70,"caption":"ALZARQ"},"image":{"@id":"https:\/\/grupo.us.es\/alzarq\/#\/schema\/logo\/image\/"}}]}},"_links":{"self":[{"href":"https:\/\/grupo.us.es\/alzarq\/wp-json\/wp\/v2\/pages\/2069","targetHints":{"allow":["GET"]}}],"collection":[{"href":"https:\/\/grupo.us.es\/alzarq\/wp-json\/wp\/v2\/pages"}],"about":[{"href":"https:\/\/grupo.us.es\/alzarq\/wp-json\/wp\/v2\/types\/page"}],"author":[{"embeddable":true,"href":"https:\/\/grupo.us.es\/alzarq\/wp-json\/wp\/v2\/users\/2"}],"replies":[{"embeddable":true,"href":"https:\/\/grupo.us.es\/alzarq\/wp-json\/wp\/v2\/comments?post=2069"}],"version-history":[{"count":0,"href":"https:\/\/grupo.us.es\/alzarq\/wp-json\/wp\/v2\/pages\/2069\/revisions"}],"up":[{"embeddable":true,"href":"https:\/\/grupo.us.es\/alzarq\/wp-json\/wp\/v2\/pages\/2082"}],"wp:attachment":[{"href":"https:\/\/grupo.us.es\/alzarq\/wp-json\/wp\/v2\/media?parent=2069"}],"curies":[{"name":"wp","href":"https:\/\/api.w.org\/{rel}","templated":true}]}}