{"id":1418,"date":"2023-06-12T08:12:25","date_gmt":"2023-06-12T08:12:25","guid":{"rendered":"https:\/\/grupo.us.es\/alzarq\/?page_id=1418"},"modified":"2025-04-21T11:24:07","modified_gmt":"2025-04-21T11:24:07","slug":"libro-y-guias","status":"publish","type":"page","link":"https:\/\/grupo.us.es\/alzarq\/transferencia\/libro-y-guias\/","title":{"rendered":"Libro y Gu\u00edas"},"content":{"rendered":"\t\t<div data-elementor-type=\"wp-page\" data-elementor-id=\"1418\" class=\"elementor elementor-1418\" data-elementor-post-type=\"page\">\n\t\t\t\t\t\t<section class=\"elementor-section elementor-top-section elementor-element elementor-element-cc2e5ad elementor-section-boxed elementor-section-height-default elementor-section-height-default\" data-id=\"cc2e5ad\" data-element_type=\"section\">\n\t\t\t\t\t\t<div class=\"elementor-container elementor-column-gap-default\">\n\t\t\t\t\t<div class=\"elementor-column elementor-col-100 elementor-top-column elementor-element elementor-element-26749f6\" data-id=\"26749f6\" data-element_type=\"column\">\n\t\t\t<div class=\"elementor-widget-wrap elementor-element-populated\">\n\t\t\t\t\t\t<div class=\"elementor-element elementor-element-4663a5a elementor-widget elementor-widget-heading\" data-id=\"4663a5a\" data-element_type=\"widget\" data-widget_type=\"heading.default\">\n\t\t\t\t<div class=\"elementor-widget-container\">\n\t\t\t\t\t<h2 class=\"elementor-heading-title elementor-size-default\">LIBRO    Arquitectura para el alzh\u00e9imer. Directrices de dise\u00f1o<\/h2>\t\t\t\t<\/div>\n\t\t\t\t<\/div>\n\t\t\t\t<div class=\"elementor-element elementor-element-dcfefee elementor-widget__width-initial elementor-widget elementor-widget-image\" data-id=\"dcfefee\" data-element_type=\"widget\" data-widget_type=\"image.default\">\n\t\t\t\t<div class=\"elementor-widget-container\">\n\t\t\t\t\t\t\t\t\t\t\t\t\t\t\t<img fetchpriority=\"high\" decoding=\"async\" width=\"800\" height=\"731\" src=\"https:\/\/grupo.us.es\/alzarq\/wp-content\/uploads\/2025\/04\/Arquitectura-para-el-alzheimer_Portada_V02-1024x936.jpg\" class=\"attachment-large size-large wp-image-2712\" alt=\"\" srcset=\"https:\/\/grupo.us.es\/alzarq\/wp-content\/uploads\/2025\/04\/Arquitectura-para-el-alzheimer_Portada_V02-1024x936.jpg 1024w, https:\/\/grupo.us.es\/alzarq\/wp-content\/uploads\/2025\/04\/Arquitectura-para-el-alzheimer_Portada_V02-300x274.jpg 300w, https:\/\/grupo.us.es\/alzarq\/wp-content\/uploads\/2025\/04\/Arquitectura-para-el-alzheimer_Portada_V02-768x702.jpg 768w, https:\/\/grupo.us.es\/alzarq\/wp-content\/uploads\/2025\/04\/Arquitectura-para-el-alzheimer_Portada_V02.jpg 1458w\" sizes=\"(max-width: 800px) 100vw, 800px\" \/>\t\t\t\t\t\t\t\t\t\t\t\t\t\t\t<\/div>\n\t\t\t\t<\/div>\n\t\t\t\t<div class=\"elementor-element elementor-element-623a041 elementor-widget elementor-widget-text-editor\" data-id=\"623a041\" data-element_type=\"widget\" data-widget_type=\"text-editor.default\">\n\t\t\t\t<div class=\"elementor-widget-container\">\n\t\t\t\t\t\t\t\t\t<p><\/p>\n<p><span style=\"color: #474747; font-family: 'Open Sans', sans-serif; font-size: 16px; font-style: normal; font-variant-ligatures: normal; font-variant-caps: normal; font-weight: 400; text-align: justify;\">Quesada-Garc\u00eda, Santiago, Pablo Valero-Flores y Mar\u00eda Lozano G\u00f3mez<\/span><\/p>\n<p><span style=\"color: #474747; font-family: 'Open Sans', sans-serif; font-size: 16px; font-style: normal; font-variant-ligatures: normal; font-variant-caps: normal; font-weight: 400; text-align: justify;\">Sevilla: Editorial Universidad de Sevilla. Colecci\u00f3n Ciencias de la Salud, n\u00ba 98.<\/span><\/p>\n<p style=\"text-align: justify; \"><font color=\"#474747\">Resumen:&nbsp;<\/font><span style=\"color: rgb(71, 71, 71); font-family: &quot;Open Sans&quot;, sans-serif; font-size: 13px; font-style: normal; font-variant-ligatures: normal; font-variant-caps: normal; font-weight: 400;\">La enfermedad de Alzheimer (EA) se caracteriza con una alteraci\u00f3n de la funci\u00f3n cerebral de forma progresiva, con elevada incidencia en personas a partir de los 65 a\u00f1os. Esta demencia produce importantes cambios en la forma de habitar en las personas que la padecen. Estas alteraciones est\u00e1n provocadas por la desorientaci\u00f3n, inseguridad, falta de control o limitaci\u00f3n de autonom\u00eda dentro de su entorno, entre otras causas. La EA sigue consider\u00e1ndose una enfermedad incurable, sin embargo, por medio del dise\u00f1o adecuado del entorno es posible garantizar una calidad de vida aceptable para los afectados por esta dolencia y de quienes interact\u00faan con ellos. El espacio f\u00edsico, su dimensi\u00f3n morfol\u00f3gica, sus funciones y connotaciones ambientales pueden reactivar la memoria, facilitar la orientaci\u00f3n, contener el miedo y reducir la sensaci\u00f3n de frustraci\u00f3n. Lo hace a trav\u00e9s de est\u00edmulos concretos que perciben las personas afectadas por EA. Desde la arquitectura, en los \u00faltimos a\u00f1os, ha habido progresos en las mejoras habitacionales destinadas a la poblaci\u00f3n con demencia y, en particular, a enfermos con EA. Esta obra presenta los resultados de varios proyectos de investigaci\u00f3n competitivos que han tenido como objetivo determinar las variables y par\u00e1metros que influyen en las Actividades Instrumentales de la Vida Diaria de estos usuarios y sus cuidadores con el fin de dise\u00f1ar y construir un entorno confortable para estas personas, un h\u00e1bitat que favorezca una experiencia amigable de la persona con enfermedad de Alzheimer en su vida cotidiana. Este libro aporta las pautas, directrices y criterios de proyecto \u00fatiles para dise\u00f1ar un ambiente concebido y estructurado que tenga en cuenta el reducido n\u00famero de capacidades y el malestar diario que estas personas experimentan, construyendo un entorno que mejore su calidad de vida y que, en la medida de lo posible, evite que se produzcan estados reactivos y depresivos que comprometen tratamientos terap\u00e9uticos eficaces.<\/span><\/p>\t\t\t\t\t\t\t\t<\/div>\n\t\t\t\t<\/div>\n\t\t\t\t\t<\/div>\n\t\t<\/div>\n\t\t\t\t\t<\/div>\n\t\t<\/section>\n\t\t\t\t<section class=\"elementor-section elementor-top-section elementor-element elementor-element-41559f4 elementor-section-boxed elementor-section-height-default elementor-section-height-default\" data-id=\"41559f4\" data-element_type=\"section\">\n\t\t\t\t\t\t<div class=\"elementor-container elementor-column-gap-default\">\n\t\t\t\t\t<div class=\"elementor-column elementor-col-100 elementor-top-column elementor-element elementor-element-09dd335\" data-id=\"09dd335\" data-element_type=\"column\">\n\t\t\t<div class=\"elementor-widget-wrap elementor-element-populated\">\n\t\t\t\t\t\t<div class=\"elementor-element elementor-element-3e4f42e elementor-widget elementor-widget-heading\" data-id=\"3e4f42e\" data-element_type=\"widget\" data-widget_type=\"heading.default\">\n\t\t\t\t<div class=\"elementor-widget-container\">\n\t\t\t\t\t<h2 class=\"elementor-heading-title elementor-size-default\"><br>GU\u00cdAS con CONSEJOS ARQUITECT\u00d3NICOS para ENFERMOS de ALZHEIMER<\/h2>\t\t\t\t<\/div>\n\t\t\t\t<\/div>\n\t\t\t\t<div class=\"elementor-element elementor-element-d16d42a elementor-widget__width-initial elementor-widget elementor-widget-image\" data-id=\"d16d42a\" data-element_type=\"widget\" data-widget_type=\"image.default\">\n\t\t\t\t<div class=\"elementor-widget-container\">\n\t\t\t\t\t\t\t\t\t\t\t\t\t\t\t<img decoding=\"async\" width=\"800\" height=\"567\" src=\"https:\/\/grupo.us.es\/alzarq\/wp-content\/uploads\/2024\/04\/Portada-y-Contraportada-Folleto-n_1-980x695-1.jpg\" class=\"attachment-large size-large wp-image-2609\" alt=\"\" srcset=\"https:\/\/grupo.us.es\/alzarq\/wp-content\/uploads\/2024\/04\/Portada-y-Contraportada-Folleto-n_1-980x695-1.jpg 980w, https:\/\/grupo.us.es\/alzarq\/wp-content\/uploads\/2024\/04\/Portada-y-Contraportada-Folleto-n_1-980x695-1-300x213.jpg 300w, https:\/\/grupo.us.es\/alzarq\/wp-content\/uploads\/2024\/04\/Portada-y-Contraportada-Folleto-n_1-980x695-1-768x545.jpg 768w\" sizes=\"(max-width: 800px) 100vw, 800px\" \/>\t\t\t\t\t\t\t\t\t\t\t\t\t\t\t<\/div>\n\t\t\t\t<\/div>\n\t\t\t\t\t<\/div>\n\t\t<\/div>\n\t\t\t\t\t<\/div>\n\t\t<\/section>\n\t\t\t\t<section class=\"elementor-section elementor-top-section elementor-element elementor-element-3c6acfa elementor-section-boxed elementor-section-height-default elementor-section-height-default\" data-id=\"3c6acfa\" data-element_type=\"section\">\n\t\t\t\t\t\t<div class=\"elementor-container elementor-column-gap-default\">\n\t\t\t\t\t<div class=\"elementor-column elementor-col-100 elementor-top-column elementor-element elementor-element-abfa821\" data-id=\"abfa821\" data-element_type=\"column\">\n\t\t\t<div class=\"elementor-widget-wrap elementor-element-populated\">\n\t\t\t\t\t\t<div class=\"elementor-element elementor-element-30f12d4 elementor-widget elementor-widget-text-editor\" data-id=\"30f12d4\" data-element_type=\"widget\" data-widget_type=\"text-editor.default\">\n\t\t\t\t<div class=\"elementor-widget-container\">\n\t\t\t\t\t\t\t\t\t<p style=\"text-align: justify;\">El grupo de investigaci\u00f3n\u00a0<a href=\"https:\/\/www.grupo.us.es\/hac\/\" target=\"_blank\" rel=\"noopener\"><strong>Healthy Architecture &amp; City<\/strong><\/a> aborda la iniciativa de editar y publicar una serie de <strong>gu\u00edas divulgativas e informativas<\/strong>\u00a0en las que se presentan <strong>consejos pr\u00e1cticos y recomendaciones arquitect\u00f3nicas<\/strong> para el <strong>dise\u00f1o y adaptaci\u00f3n de ambientes y espacios habitacionales, destinados a personas con enfermedad de Alzheimer y a sus cuidadores<\/strong>, tanto a escala residencial como dom\u00e9stica.<\/p><p style=\"text-align: justify;\">El objetivo de las gu\u00edas es indicar los aspectos a implementar en los espacios para <strong>estimular espacial y ambientalmente<\/strong> a usuarios con esta dolencia para que\u00a0<strong>realicen mejor las actividades instrumentales <\/strong>de la vida diaria, logren una mayor\u00a0<strong>autonom\u00eda <\/strong>en su toma de decisiones y, por consiguiente, tengan una\u00a0<strong>mayor calidad de vida.\u00a0<\/strong><\/p><p style=\"text-align: justify;\">Las cuatro primeras gu\u00edas tienen el siguiente contenido:<\/p><ol style=\"text-align: justify;\"><li><strong><a href=\"https:\/\/grupo.us.es\/hac\/wp-content\/uploads\/2024\/11\/Guia-divulgativa-1.pdf\" target=\"_blank\" rel=\"noopener\">Consejos pr\u00e1cticos para adaptar la casa: estimulaci\u00f3n espacial y ambiental <\/a><\/strong><a href=\"https:\/\/grupo.us.es\/hac\/wp-content\/uploads\/2024\/03\/ARQ-ALZ_Folleto-divultativo-1-BR.pdf\" target=\"_blank\" rel=\"noopener\">(descargar &gt;&gt;&gt;)<\/a><\/li><li><a href=\"https:\/\/grupo.us.es\/hac\/wp-content\/uploads\/2024\/11\/Guia-divulgativa-2.pdf\" target=\"_blank\" rel=\"noopener\"><strong><strong><strong>Residencias para personas con alzh\u00e9imer: requisitos, caracter\u00edsticas, organizaci\u00f3n, distribuci\u00f3n\u2026 \u00a0\u00a0<\/strong><\/strong><\/strong>(descargar &gt;&gt;&gt;)<\/a><\/li><li><strong>Centros de d\u00eda para personas con alzh\u00e9imer: criterios y recomendaciones arquitect\u00f3nicas<\/strong><\/li><li><strong>El espacio habitado por personas con alzh\u00e9imer, sus familiares y cuidadores: gu\u00eda de dise\u00f1o<\/strong><\/li><\/ol>\t\t\t\t\t\t\t\t<\/div>\n\t\t\t\t<\/div>\n\t\t\t\t\t<\/div>\n\t\t<\/div>\n\t\t\t\t\t<\/div>\n\t\t<\/section>\n\t\t\t\t<section class=\"elementor-section elementor-top-section elementor-element elementor-element-2cd009b elementor-section-boxed elementor-section-height-default elementor-section-height-default\" data-id=\"2cd009b\" data-element_type=\"section\">\n\t\t\t\t\t\t<div class=\"elementor-container elementor-column-gap-default\">\n\t\t\t\t\t<div class=\"elementor-column elementor-col-100 elementor-top-column elementor-element elementor-element-e725693\" data-id=\"e725693\" data-element_type=\"column\">\n\t\t\t<div class=\"elementor-widget-wrap elementor-element-populated\">\n\t\t\t\t\t\t<div class=\"elementor-element elementor-element-990db69 elementor-invisible elementor-widget elementor-widget-image\" data-id=\"990db69\" data-element_type=\"widget\" data-settings=\"{&quot;_animation&quot;:&quot;zoomIn&quot;}\" data-widget_type=\"image.default\">\n\t\t\t\t<div class=\"elementor-widget-container\">\n\t\t\t\t\t\t\t\t\t\t\t\t\t\t\t\t<a href=\"https:\/\/grupo.us.es\/hac\/wp-content\/uploads\/2024\/11\/Guia-divulgativa-2.pdf\" target=\"_blank\">\n\t\t\t\t\t\t\t<img decoding=\"async\" width=\"800\" height=\"577\" src=\"https:\/\/grupo.us.es\/alzarq\/wp-content\/uploads\/2024\/11\/Guia-2-residencias-alzheimer-web.jpg\" class=\"attachment-large size-large wp-image-2663\" alt=\"\" srcset=\"https:\/\/grupo.us.es\/alzarq\/wp-content\/uploads\/2024\/11\/Guia-2-residencias-alzheimer-web.jpg 825w, https:\/\/grupo.us.es\/alzarq\/wp-content\/uploads\/2024\/11\/Guia-2-residencias-alzheimer-web-300x216.jpg 300w, https:\/\/grupo.us.es\/alzarq\/wp-content\/uploads\/2024\/11\/Guia-2-residencias-alzheimer-web-768x554.jpg 768w\" sizes=\"(max-width: 800px) 100vw, 800px\" \/>\t\t\t\t\t\t\t\t<\/a>\n\t\t\t\t\t\t\t\t\t\t\t\t\t\t\t<\/div>\n\t\t\t\t<\/div>\n\t\t\t\t\t<\/div>\n\t\t<\/div>\n\t\t\t\t\t<\/div>\n\t\t<\/section>\n\t\t\t\t<\/div>\n\t\t","protected":false},"excerpt":{"rendered":"<p>LIBRO Arquitectura para el alzh\u00e9imer. Directrices de dise\u00f1o Quesada-Garc\u00eda, Santiago, Pablo Valero-Flores y Mar\u00eda Lozano G\u00f3mez Sevilla: Editorial Universidad de<\/p>\n","protected":false},"author":1,"featured_media":0,"parent":218,"menu_order":0,"comment_status":"closed","ping_status":"closed","template":"","meta":{"_acf_changed":false,"colormag_page_layout":"default_layout","_monsterinsights_skip_tracking":false,"_monsterinsights_sitenote_active":false,"_monsterinsights_sitenote_note":"","_monsterinsights_sitenote_category":0,"_uf_show_specific_survey":0,"_uf_disable_surveys":false,"footnotes":""},"class_list":["post-1418","page","type-page","status-publish","hentry"],"acf":[],"yoast_head":"<!-- This site is optimized with the Yoast SEO plugin v25.2 - https:\/\/yoast.com\/wordpress\/plugins\/seo\/ -->\n<title>Libro y Gu\u00edas - ALZARQ<\/title>\n<meta name=\"robots\" content=\"index, follow, max-snippet:-1, max-image-preview:large, max-video-preview:-1\" \/>\n<link rel=\"canonical\" href=\"https:\/\/grupo.us.es\/alzarq\/transferencia\/libro-y-guias\/\" \/>\n<meta property=\"og:locale\" content=\"es_ES\" \/>\n<meta property=\"og:type\" content=\"article\" \/>\n<meta property=\"og:title\" content=\"Libro y Gu\u00edas - ALZARQ\" \/>\n<meta property=\"og:description\" content=\"LIBRO Arquitectura para el alzh\u00e9imer. Directrices de dise\u00f1o Quesada-Garc\u00eda, Santiago, Pablo Valero-Flores y Mar\u00eda Lozano G\u00f3mez Sevilla: Editorial Universidad de\" \/>\n<meta property=\"og:url\" content=\"https:\/\/grupo.us.es\/alzarq\/transferencia\/libro-y-guias\/\" \/>\n<meta property=\"og:site_name\" content=\"ALZARQ\" \/>\n<meta property=\"article:modified_time\" content=\"2025-04-21T11:24:07+00:00\" \/>\n<meta property=\"og:image\" content=\"https:\/\/grupo.us.es\/alzarq\/wp-content\/uploads\/2025\/04\/Arquitectura-para-el-alzheimer_Portada_V02.jpg\" \/>\n\t<meta property=\"og:image:width\" content=\"1458\" \/>\n\t<meta property=\"og:image:height\" content=\"1332\" \/>\n\t<meta property=\"og:image:type\" content=\"image\/jpeg\" \/>\n<meta name=\"twitter:card\" content=\"summary_large_image\" \/>\n<meta name=\"twitter:label1\" content=\"Tiempo de lectura\" \/>\n\t<meta name=\"twitter:data1\" content=\"3 minutos\" \/>\n<script type=\"application\/ld+json\" class=\"yoast-schema-graph\">{\"@context\":\"https:\/\/schema.org\",\"@graph\":[{\"@type\":\"WebPage\",\"@id\":\"https:\/\/grupo.us.es\/alzarq\/transferencia\/libro-y-guias\/\",\"url\":\"https:\/\/grupo.us.es\/alzarq\/transferencia\/libro-y-guias\/\",\"name\":\"Libro y Gu\u00edas - ALZARQ\",\"isPartOf\":{\"@id\":\"https:\/\/grupo.us.es\/alzarq\/#website\"},\"primaryImageOfPage\":{\"@id\":\"https:\/\/grupo.us.es\/alzarq\/transferencia\/libro-y-guias\/#primaryimage\"},\"image\":{\"@id\":\"https:\/\/grupo.us.es\/alzarq\/transferencia\/libro-y-guias\/#primaryimage\"},\"thumbnailUrl\":\"https:\/\/grupo.us.es\/alzarq\/wp-content\/uploads\/2025\/04\/Arquitectura-para-el-alzheimer_Portada_V02-1024x936.jpg\",\"datePublished\":\"2023-06-12T08:12:25+00:00\",\"dateModified\":\"2025-04-21T11:24:07+00:00\",\"breadcrumb\":{\"@id\":\"https:\/\/grupo.us.es\/alzarq\/transferencia\/libro-y-guias\/#breadcrumb\"},\"inLanguage\":\"es\",\"potentialAction\":[{\"@type\":\"ReadAction\",\"target\":[\"https:\/\/grupo.us.es\/alzarq\/transferencia\/libro-y-guias\/\"]}]},{\"@type\":\"ImageObject\",\"inLanguage\":\"es\",\"@id\":\"https:\/\/grupo.us.es\/alzarq\/transferencia\/libro-y-guias\/#primaryimage\",\"url\":\"https:\/\/grupo.us.es\/alzarq\/wp-content\/uploads\/2025\/04\/Arquitectura-para-el-alzheimer_Portada_V02.jpg\",\"contentUrl\":\"https:\/\/grupo.us.es\/alzarq\/wp-content\/uploads\/2025\/04\/Arquitectura-para-el-alzheimer_Portada_V02.jpg\",\"width\":1458,\"height\":1332},{\"@type\":\"BreadcrumbList\",\"@id\":\"https:\/\/grupo.us.es\/alzarq\/transferencia\/libro-y-guias\/#breadcrumb\",\"itemListElement\":[{\"@type\":\"ListItem\",\"position\":1,\"name\":\"Transferencia\",\"item\":\"https:\/\/grupo.us.es\/alzarq\/transferencia\/\"},{\"@type\":\"ListItem\",\"position\":2,\"name\":\"Libro y Gu\u00edas\"}]},{\"@type\":\"WebSite\",\"@id\":\"https:\/\/grupo.us.es\/alzarq\/#website\",\"url\":\"https:\/\/grupo.us.es\/alzarq\/\",\"name\":\"ALZARQ\",\"description\":\"Arquitectura y Alzheimer\",\"publisher\":{\"@id\":\"https:\/\/grupo.us.es\/alzarq\/#organization\"},\"potentialAction\":[{\"@type\":\"SearchAction\",\"target\":{\"@type\":\"EntryPoint\",\"urlTemplate\":\"https:\/\/grupo.us.es\/alzarq\/?s={search_term_string}\"},\"query-input\":{\"@type\":\"PropertyValueSpecification\",\"valueRequired\":true,\"valueName\":\"search_term_string\"}}],\"inLanguage\":\"es\"},{\"@type\":\"Organization\",\"@id\":\"https:\/\/grupo.us.es\/alzarq\/#organization\",\"name\":\"ALZARQ\",\"url\":\"https:\/\/grupo.us.es\/alzarq\/\",\"logo\":{\"@type\":\"ImageObject\",\"inLanguage\":\"es\",\"@id\":\"https:\/\/grupo.us.es\/alzarq\/#\/schema\/logo\/image\/\",\"url\":\"https:\/\/grupo.us.es\/alzarq\/wp-content\/uploads\/2022\/02\/logotipo_alzarq_degradado_150peq-1-3.jpg\",\"contentUrl\":\"https:\/\/grupo.us.es\/alzarq\/wp-content\/uploads\/2022\/02\/logotipo_alzarq_degradado_150peq-1-3.jpg\",\"width\":224,\"height\":70,\"caption\":\"ALZARQ\"},\"image\":{\"@id\":\"https:\/\/grupo.us.es\/alzarq\/#\/schema\/logo\/image\/\"}}]}<\/script>\n<!-- \/ Yoast SEO plugin. -->","yoast_head_json":{"title":"Libro y Gu\u00edas - ALZARQ","robots":{"index":"index","follow":"follow","max-snippet":"max-snippet:-1","max-image-preview":"max-image-preview:large","max-video-preview":"max-video-preview:-1"},"canonical":"https:\/\/grupo.us.es\/alzarq\/transferencia\/libro-y-guias\/","og_locale":"es_ES","og_type":"article","og_title":"Libro y Gu\u00edas - ALZARQ","og_description":"LIBRO Arquitectura para el alzh\u00e9imer. Directrices de dise\u00f1o Quesada-Garc\u00eda, Santiago, Pablo Valero-Flores y Mar\u00eda Lozano G\u00f3mez Sevilla: Editorial Universidad de","og_url":"https:\/\/grupo.us.es\/alzarq\/transferencia\/libro-y-guias\/","og_site_name":"ALZARQ","article_modified_time":"2025-04-21T11:24:07+00:00","og_image":[{"width":1458,"height":1332,"url":"https:\/\/grupo.us.es\/alzarq\/wp-content\/uploads\/2025\/04\/Arquitectura-para-el-alzheimer_Portada_V02.jpg","type":"image\/jpeg"}],"twitter_card":"summary_large_image","twitter_misc":{"Tiempo de lectura":"3 minutos"},"schema":{"@context":"https:\/\/schema.org","@graph":[{"@type":"WebPage","@id":"https:\/\/grupo.us.es\/alzarq\/transferencia\/libro-y-guias\/","url":"https:\/\/grupo.us.es\/alzarq\/transferencia\/libro-y-guias\/","name":"Libro y Gu\u00edas - ALZARQ","isPartOf":{"@id":"https:\/\/grupo.us.es\/alzarq\/#website"},"primaryImageOfPage":{"@id":"https:\/\/grupo.us.es\/alzarq\/transferencia\/libro-y-guias\/#primaryimage"},"image":{"@id":"https:\/\/grupo.us.es\/alzarq\/transferencia\/libro-y-guias\/#primaryimage"},"thumbnailUrl":"https:\/\/grupo.us.es\/alzarq\/wp-content\/uploads\/2025\/04\/Arquitectura-para-el-alzheimer_Portada_V02-1024x936.jpg","datePublished":"2023-06-12T08:12:25+00:00","dateModified":"2025-04-21T11:24:07+00:00","breadcrumb":{"@id":"https:\/\/grupo.us.es\/alzarq\/transferencia\/libro-y-guias\/#breadcrumb"},"inLanguage":"es","potentialAction":[{"@type":"ReadAction","target":["https:\/\/grupo.us.es\/alzarq\/transferencia\/libro-y-guias\/"]}]},{"@type":"ImageObject","inLanguage":"es","@id":"https:\/\/grupo.us.es\/alzarq\/transferencia\/libro-y-guias\/#primaryimage","url":"https:\/\/grupo.us.es\/alzarq\/wp-content\/uploads\/2025\/04\/Arquitectura-para-el-alzheimer_Portada_V02.jpg","contentUrl":"https:\/\/grupo.us.es\/alzarq\/wp-content\/uploads\/2025\/04\/Arquitectura-para-el-alzheimer_Portada_V02.jpg","width":1458,"height":1332},{"@type":"BreadcrumbList","@id":"https:\/\/grupo.us.es\/alzarq\/transferencia\/libro-y-guias\/#breadcrumb","itemListElement":[{"@type":"ListItem","position":1,"name":"Transferencia","item":"https:\/\/grupo.us.es\/alzarq\/transferencia\/"},{"@type":"ListItem","position":2,"name":"Libro y Gu\u00edas"}]},{"@type":"WebSite","@id":"https:\/\/grupo.us.es\/alzarq\/#website","url":"https:\/\/grupo.us.es\/alzarq\/","name":"ALZARQ","description":"Arquitectura y Alzheimer","publisher":{"@id":"https:\/\/grupo.us.es\/alzarq\/#organization"},"potentialAction":[{"@type":"SearchAction","target":{"@type":"EntryPoint","urlTemplate":"https:\/\/grupo.us.es\/alzarq\/?s={search_term_string}"},"query-input":{"@type":"PropertyValueSpecification","valueRequired":true,"valueName":"search_term_string"}}],"inLanguage":"es"},{"@type":"Organization","@id":"https:\/\/grupo.us.es\/alzarq\/#organization","name":"ALZARQ","url":"https:\/\/grupo.us.es\/alzarq\/","logo":{"@type":"ImageObject","inLanguage":"es","@id":"https:\/\/grupo.us.es\/alzarq\/#\/schema\/logo\/image\/","url":"https:\/\/grupo.us.es\/alzarq\/wp-content\/uploads\/2022\/02\/logotipo_alzarq_degradado_150peq-1-3.jpg","contentUrl":"https:\/\/grupo.us.es\/alzarq\/wp-content\/uploads\/2022\/02\/logotipo_alzarq_degradado_150peq-1-3.jpg","width":224,"height":70,"caption":"ALZARQ"},"image":{"@id":"https:\/\/grupo.us.es\/alzarq\/#\/schema\/logo\/image\/"}}]}},"_links":{"self":[{"href":"https:\/\/grupo.us.es\/alzarq\/wp-json\/wp\/v2\/pages\/1418","targetHints":{"allow":["GET"]}}],"collection":[{"href":"https:\/\/grupo.us.es\/alzarq\/wp-json\/wp\/v2\/pages"}],"about":[{"href":"https:\/\/grupo.us.es\/alzarq\/wp-json\/wp\/v2\/types\/page"}],"author":[{"embeddable":true,"href":"https:\/\/grupo.us.es\/alzarq\/wp-json\/wp\/v2\/users\/1"}],"replies":[{"embeddable":true,"href":"https:\/\/grupo.us.es\/alzarq\/wp-json\/wp\/v2\/comments?post=1418"}],"version-history":[{"count":0,"href":"https:\/\/grupo.us.es\/alzarq\/wp-json\/wp\/v2\/pages\/1418\/revisions"}],"up":[{"embeddable":true,"href":"https:\/\/grupo.us.es\/alzarq\/wp-json\/wp\/v2\/pages\/218"}],"wp:attachment":[{"href":"https:\/\/grupo.us.es\/alzarq\/wp-json\/wp\/v2\/media?parent=1418"}],"curies":[{"name":"wp","href":"https:\/\/api.w.org\/{rel}","templated":true}]}}