{"id":1401,"date":"2023-06-07T13:27:26","date_gmt":"2023-06-07T13:27:26","guid":{"rendered":"https:\/\/grupo.us.es\/alzarq\/?page_id=1401"},"modified":"2025-04-21T09:10:33","modified_gmt":"2025-04-21T09:10:33","slug":"patente","status":"publish","type":"page","link":"https:\/\/grupo.us.es\/alzarq\/transferencia\/patente\/","title":{"rendered":"Patente"},"content":{"rendered":"\t\t<div data-elementor-type=\"wp-page\" data-elementor-id=\"1401\" class=\"elementor elementor-1401\" data-elementor-post-type=\"page\">\n\t\t\t\t\t\t<section class=\"elementor-section elementor-top-section elementor-element elementor-element-39d0dc7 elementor-section-boxed elementor-section-height-default elementor-section-height-default\" data-id=\"39d0dc7\" data-element_type=\"section\">\n\t\t\t\t\t\t<div class=\"elementor-container elementor-column-gap-default\">\n\t\t\t\t\t<div class=\"elementor-column elementor-col-100 elementor-top-column elementor-element elementor-element-1cb2552\" data-id=\"1cb2552\" data-element_type=\"column\">\n\t\t\t<div class=\"elementor-widget-wrap elementor-element-populated\">\n\t\t\t\t\t\t<div class=\"elementor-element elementor-element-b5f4350 elementor-widget elementor-widget-heading\" data-id=\"b5f4350\" data-element_type=\"widget\" data-widget_type=\"heading.default\">\n\t\t\t\t<div class=\"elementor-widget-container\">\n\t\t\t\t\t<h3 class=\"elementor-heading-title elementor-size-default\">DISPOSITIVO DE REFLEXI\u00d3N SELECTIVA DE USUARIOS CON ENFERMEDAD DE ALZHEIMER<\/h3>\t\t\t\t<\/div>\n\t\t\t\t<\/div>\n\t\t\t\t\t<\/div>\n\t\t<\/div>\n\t\t\t\t\t<\/div>\n\t\t<\/section>\n\t\t\t\t<section class=\"elementor-section elementor-top-section elementor-element elementor-element-6367d6c elementor-section-boxed elementor-section-height-default elementor-section-height-default\" data-id=\"6367d6c\" data-element_type=\"section\">\n\t\t\t\t\t\t<div class=\"elementor-container elementor-column-gap-default\">\n\t\t\t\t\t<div class=\"elementor-column elementor-col-100 elementor-top-column elementor-element elementor-element-8794ef4\" data-id=\"8794ef4\" data-element_type=\"column\">\n\t\t\t<div class=\"elementor-widget-wrap elementor-element-populated\">\n\t\t\t\t\t\t<div class=\"elementor-element elementor-element-4bb6b96 elementor-widget elementor-widget-image\" data-id=\"4bb6b96\" data-element_type=\"widget\" data-widget_type=\"image.default\">\n\t\t\t\t<div class=\"elementor-widget-container\">\n\t\t\t\t\t\t\t\t\t\t\t\t\t\t\t<img fetchpriority=\"high\" decoding=\"async\" width=\"1920\" height=\"720\" src=\"https:\/\/grupo.us.es\/alzarq\/wp-content\/uploads\/2023\/07\/Espejo-inteligente.jpg\" class=\"attachment-full size-full wp-image-2170\" alt=\"\" srcset=\"https:\/\/grupo.us.es\/alzarq\/wp-content\/uploads\/2023\/07\/Espejo-inteligente.jpg 1920w, https:\/\/grupo.us.es\/alzarq\/wp-content\/uploads\/2023\/07\/Espejo-inteligente-300x113.jpg 300w, https:\/\/grupo.us.es\/alzarq\/wp-content\/uploads\/2023\/07\/Espejo-inteligente-1024x384.jpg 1024w, https:\/\/grupo.us.es\/alzarq\/wp-content\/uploads\/2023\/07\/Espejo-inteligente-768x288.jpg 768w, https:\/\/grupo.us.es\/alzarq\/wp-content\/uploads\/2023\/07\/Espejo-inteligente-1536x576.jpg 1536w\" sizes=\"(max-width: 1920px) 100vw, 1920px\" \/>\t\t\t\t\t\t\t\t\t\t\t\t\t\t\t<\/div>\n\t\t\t\t<\/div>\n\t\t\t\t\t<\/div>\n\t\t<\/div>\n\t\t\t\t\t<\/div>\n\t\t<\/section>\n\t\t\t\t<section class=\"elementor-section elementor-top-section elementor-element elementor-element-848e145 elementor-section-boxed elementor-section-height-default elementor-section-height-default\" data-id=\"848e145\" data-element_type=\"section\">\n\t\t\t\t\t\t<div class=\"elementor-container elementor-column-gap-default\">\n\t\t\t\t\t<div class=\"elementor-column elementor-col-100 elementor-top-column elementor-element elementor-element-4144681\" data-id=\"4144681\" data-element_type=\"column\">\n\t\t\t<div class=\"elementor-widget-wrap elementor-element-populated\">\n\t\t\t\t\t\t<div class=\"elementor-element elementor-element-9abafee elementor-widget elementor-widget-text-editor\" data-id=\"9abafee\" data-element_type=\"widget\" data-widget_type=\"text-editor.default\">\n\t\t\t\t<div class=\"elementor-widget-container\">\n\t\t\t\t\t\t\t\t\t<p>Los resultados alcanzados en este proyecto de investigaci\u00f3n ALZARQ han llevado a proponer soluciones concretas que mejoran y facilitan las actividades Instrumentales de la Vida Diaria de las personas con enfermedad de Alzheimer, as\u00ed como de sus familiares y cuidadores. Una de los hallazgos obtenidos, por su car\u00e1cter novedoso e innovador, y su aplicaci\u00f3n en los hogares y\/o equipamientos ha llevado a solicitar el registro de una patente ante la OPEM con n\u00famero P202330424.<\/p><p>En un punto determinado del desarrollo de esta enfermedad, la persona no se reconoce a s\u00ed misma. Esto implica que cuando el usuario se ve reflejado en determinadas superficies reflectantes puede entrar en p\u00e1nico y estr\u00e9s, provocando cambios de humor fuertes, irritabilidad, agitaci\u00f3n o elevado nivel de estr\u00e9s, ya que los enfermos creen que cerca de \u00e9l o ella se encuentra una persona desconocida o ajena a su cotidianidad, sobre todo si est\u00e1n en habitaciones cerradas como puede ser un ba\u00f1o o un dormitorio. Al creer que est\u00e1n en compa\u00f1\u00eda de personas desconocidas para ellos, su sensaci\u00f3n de intimidad se ve muy disminuida o incluso desaparece, gener\u00e1ndose situaciones de p\u00e1nico y abandono de la estancia Esta circunstancia lleva a muchas familias y cuidadores a tapar o quitar estas superficies reflectantes de las casas y de los espacios dom\u00e9sticos con la consiguiente incomodidad que conlleva para todos los habitantes de la casa que ven limitado su uso.<\/p><p>La patente solicitada intenta resolver esa situaci\u00f3n, generando m\u00e1s confort y seguridad para los habitantes de la unidad familiar o residentes y cuidadores de un centro residencial. La invenci\u00f3n se refiere a un dispositivo de reflexi\u00f3n selectiva, que comprende una superficie reflectante inteligente que refleja o deja de reflejar el entorno en funci\u00f3n de a qui\u00e9n detecte, con el objetivo de a controlar reacciones adversas que pueden tener algunas personas que sufren la enfermedad de Alzheimer, en funci\u00f3n del estado y evoluci\u00f3n de la misma.<\/p>\t\t\t\t\t\t\t\t<\/div>\n\t\t\t\t<\/div>\n\t\t\t\t\t<\/div>\n\t\t<\/div>\n\t\t\t\t\t<\/div>\n\t\t<\/section>\n\t\t\t\t<\/div>\n\t\t","protected":false},"excerpt":{"rendered":"<p>DISPOSITIVO DE REFLEXI\u00d3N SELECTIVA DE USUARIOS CON ENFERMEDAD DE ALZHEIMER Los resultados alcanzados en este proyecto de investigaci\u00f3n ALZARQ han<\/p>\n","protected":false},"author":2,"featured_media":2468,"parent":218,"menu_order":0,"comment_status":"closed","ping_status":"closed","template":"","meta":{"_acf_changed":false,"colormag_page_layout":"default_layout","_monsterinsights_skip_tracking":false,"_monsterinsights_sitenote_active":false,"_monsterinsights_sitenote_note":"","_monsterinsights_sitenote_category":0,"_uf_show_specific_survey":0,"_uf_disable_surveys":false,"footnotes":""},"class_list":["post-1401","page","type-page","status-publish","has-post-thumbnail","hentry"],"acf":[],"yoast_head":"<!-- This site is optimized with the Yoast SEO plugin v25.2 - https:\/\/yoast.com\/wordpress\/plugins\/seo\/ -->\n<title>Patente - ALZARQ<\/title>\n<meta name=\"description\" content=\"Los resultados alcanzados en este proyecto de investigaci\u00f3n ALZARQ han llevado a proponer soluciones concretas que mejoran y facilitan las actividades Instrumentales de la Vida Diaria de las personas con enfermedad de Alzheimer, as\u00ed como de sus familiares y cuidadores. Una de los hallazgos obtenidos, por su car\u00e1cter novedoso e innovador, y su aplicaci\u00f3n en los hogares y\/o equipamientos ha llevado a solicitar el registro de una patente ante la OPEM con n\u00famero P202330424.En un punto determinado del desarrollo de esta enfermedad, la persona no se reconoce a s\u00ed misma. Esto implica que cuando el usuario se ve reflejado en determinadas superficies reflectantes puede entrar en p\u00e1nico y estr\u00e9s, provocando cambios de humor fuertes, irritabilidad, agitaci\u00f3n o elevado nivel de estr\u00e9s, ya que los enfermos creen que cerca de \u00e9l o ella se encuentra una persona desconocida o ajena a su cotidianidad, sobre todo si est\u00e1n en habitaciones cerradas como puede ser un ba\u00f1o o un dormitorio. Al creer que est\u00e1n en compa\u00f1\u00eda de personas desconocidas para ellos, su sensaci\u00f3n de intimidad se ve muy disminuida o incluso desaparece, gener\u00e1ndose situaciones de p\u00e1nico y abandono de la estancia Esta circunstancia lleva a muchas familias y cuidadores a tapar o quitar estas superficies reflectantes de las casas y de los espacios dom\u00e9sticos con la consiguiente incomodidad que conlleva para todos los habitantes de la casa que ven limitado su uso.\" \/>\n<meta name=\"robots\" content=\"index, follow, max-snippet:-1, max-image-preview:large, max-video-preview:-1\" \/>\n<link rel=\"canonical\" href=\"https:\/\/grupo.us.es\/alzarq\/transferencia\/patente\/\" \/>\n<meta property=\"og:locale\" content=\"es_ES\" \/>\n<meta property=\"og:type\" content=\"article\" \/>\n<meta property=\"og:title\" content=\"Patente - ALZARQ\" \/>\n<meta property=\"og:description\" content=\"Los resultados alcanzados en este proyecto de investigaci\u00f3n ALZARQ han llevado a proponer soluciones concretas que mejoran y facilitan las actividades Instrumentales de la Vida Diaria de las personas con enfermedad de Alzheimer, as\u00ed como de sus familiares y cuidadores. Una de los hallazgos obtenidos, por su car\u00e1cter novedoso e innovador, y su aplicaci\u00f3n en los hogares y\/o equipamientos ha llevado a solicitar el registro de una patente ante la OPEM con n\u00famero P202330424.En un punto determinado del desarrollo de esta enfermedad, la persona no se reconoce a s\u00ed misma. Esto implica que cuando el usuario se ve reflejado en determinadas superficies reflectantes puede entrar en p\u00e1nico y estr\u00e9s, provocando cambios de humor fuertes, irritabilidad, agitaci\u00f3n o elevado nivel de estr\u00e9s, ya que los enfermos creen que cerca de \u00e9l o ella se encuentra una persona desconocida o ajena a su cotidianidad, sobre todo si est\u00e1n en habitaciones cerradas como puede ser un ba\u00f1o o un dormitorio. Al creer que est\u00e1n en compa\u00f1\u00eda de personas desconocidas para ellos, su sensaci\u00f3n de intimidad se ve muy disminuida o incluso desaparece, gener\u00e1ndose situaciones de p\u00e1nico y abandono de la estancia Esta circunstancia lleva a muchas familias y cuidadores a tapar o quitar estas superficies reflectantes de las casas y de los espacios dom\u00e9sticos con la consiguiente incomodidad que conlleva para todos los habitantes de la casa que ven limitado su uso.\" \/>\n<meta property=\"og:url\" content=\"https:\/\/grupo.us.es\/alzarq\/transferencia\/patente\/\" \/>\n<meta property=\"og:site_name\" content=\"ALZARQ\" \/>\n<meta property=\"article:modified_time\" content=\"2025-04-21T09:10:33+00:00\" \/>\n<meta property=\"og:image\" content=\"https:\/\/grupo.us.es\/alzarq\/wp-content\/uploads\/2023\/11\/cropped-favicon.png\" \/>\n\t<meta property=\"og:image:width\" content=\"512\" \/>\n\t<meta property=\"og:image:height\" content=\"512\" \/>\n\t<meta property=\"og:image:type\" content=\"image\/png\" \/>\n<meta name=\"twitter:card\" content=\"summary_large_image\" \/>\n<meta name=\"twitter:label1\" content=\"Tiempo de lectura\" \/>\n\t<meta name=\"twitter:data1\" content=\"2 minutos\" \/>\n<script type=\"application\/ld+json\" class=\"yoast-schema-graph\">{\"@context\":\"https:\/\/schema.org\",\"@graph\":[{\"@type\":\"WebPage\",\"@id\":\"https:\/\/grupo.us.es\/alzarq\/transferencia\/patente\/\",\"url\":\"https:\/\/grupo.us.es\/alzarq\/transferencia\/patente\/\",\"name\":\"Patente - ALZARQ\",\"isPartOf\":{\"@id\":\"https:\/\/grupo.us.es\/alzarq\/#website\"},\"primaryImageOfPage\":{\"@id\":\"https:\/\/grupo.us.es\/alzarq\/transferencia\/patente\/#primaryimage\"},\"image\":{\"@id\":\"https:\/\/grupo.us.es\/alzarq\/transferencia\/patente\/#primaryimage\"},\"thumbnailUrl\":\"https:\/\/grupo.us.es\/alzarq\/wp-content\/uploads\/2023\/11\/cropped-favicon.png\",\"datePublished\":\"2023-06-07T13:27:26+00:00\",\"dateModified\":\"2025-04-21T09:10:33+00:00\",\"description\":\"Los resultados alcanzados en este proyecto de investigaci\u00f3n ALZARQ han llevado a proponer soluciones concretas que mejoran y facilitan las actividades Instrumentales de la Vida Diaria de las personas con enfermedad de Alzheimer, as\u00ed como de sus familiares y cuidadores. Una de los hallazgos obtenidos, por su car\u00e1cter novedoso e innovador, y su aplicaci\u00f3n en los hogares y\/o equipamientos ha llevado a solicitar el registro de una patente ante la OPEM con n\u00famero P202330424.En un punto determinado del desarrollo de esta enfermedad, la persona no se reconoce a s\u00ed misma. Esto implica que cuando el usuario se ve reflejado en determinadas superficies reflectantes puede entrar en p\u00e1nico y estr\u00e9s, provocando cambios de humor fuertes, irritabilidad, agitaci\u00f3n o elevado nivel de estr\u00e9s, ya que los enfermos creen que cerca de \u00e9l o ella se encuentra una persona desconocida o ajena a su cotidianidad, sobre todo si est\u00e1n en habitaciones cerradas como puede ser un ba\u00f1o o un dormitorio. Al creer que est\u00e1n en compa\u00f1\u00eda de personas desconocidas para ellos, su sensaci\u00f3n de intimidad se ve muy disminuida o incluso desaparece, gener\u00e1ndose situaciones de p\u00e1nico y abandono de la estancia Esta circunstancia lleva a muchas familias y cuidadores a tapar o quitar estas superficies reflectantes de las casas y de los espacios dom\u00e9sticos con la consiguiente incomodidad que conlleva para todos los habitantes de la casa que ven limitado su uso.\",\"breadcrumb\":{\"@id\":\"https:\/\/grupo.us.es\/alzarq\/transferencia\/patente\/#breadcrumb\"},\"inLanguage\":\"es\",\"potentialAction\":[{\"@type\":\"ReadAction\",\"target\":[\"https:\/\/grupo.us.es\/alzarq\/transferencia\/patente\/\"]}]},{\"@type\":\"ImageObject\",\"inLanguage\":\"es\",\"@id\":\"https:\/\/grupo.us.es\/alzarq\/transferencia\/patente\/#primaryimage\",\"url\":\"https:\/\/grupo.us.es\/alzarq\/wp-content\/uploads\/2023\/11\/cropped-favicon.png\",\"contentUrl\":\"https:\/\/grupo.us.es\/alzarq\/wp-content\/uploads\/2023\/11\/cropped-favicon.png\",\"width\":512,\"height\":512},{\"@type\":\"BreadcrumbList\",\"@id\":\"https:\/\/grupo.us.es\/alzarq\/transferencia\/patente\/#breadcrumb\",\"itemListElement\":[{\"@type\":\"ListItem\",\"position\":1,\"name\":\"Transferencia\",\"item\":\"https:\/\/grupo.us.es\/alzarq\/transferencia\/\"},{\"@type\":\"ListItem\",\"position\":2,\"name\":\"Patente\"}]},{\"@type\":\"WebSite\",\"@id\":\"https:\/\/grupo.us.es\/alzarq\/#website\",\"url\":\"https:\/\/grupo.us.es\/alzarq\/\",\"name\":\"ALZARQ\",\"description\":\"Arquitectura y Alzheimer\",\"publisher\":{\"@id\":\"https:\/\/grupo.us.es\/alzarq\/#organization\"},\"potentialAction\":[{\"@type\":\"SearchAction\",\"target\":{\"@type\":\"EntryPoint\",\"urlTemplate\":\"https:\/\/grupo.us.es\/alzarq\/?s={search_term_string}\"},\"query-input\":{\"@type\":\"PropertyValueSpecification\",\"valueRequired\":true,\"valueName\":\"search_term_string\"}}],\"inLanguage\":\"es\"},{\"@type\":\"Organization\",\"@id\":\"https:\/\/grupo.us.es\/alzarq\/#organization\",\"name\":\"ALZARQ\",\"url\":\"https:\/\/grupo.us.es\/alzarq\/\",\"logo\":{\"@type\":\"ImageObject\",\"inLanguage\":\"es\",\"@id\":\"https:\/\/grupo.us.es\/alzarq\/#\/schema\/logo\/image\/\",\"url\":\"https:\/\/grupo.us.es\/alzarq\/wp-content\/uploads\/2022\/02\/logotipo_alzarq_degradado_150peq-1-3.jpg\",\"contentUrl\":\"https:\/\/grupo.us.es\/alzarq\/wp-content\/uploads\/2022\/02\/logotipo_alzarq_degradado_150peq-1-3.jpg\",\"width\":224,\"height\":70,\"caption\":\"ALZARQ\"},\"image\":{\"@id\":\"https:\/\/grupo.us.es\/alzarq\/#\/schema\/logo\/image\/\"}}]}<\/script>\n<!-- \/ Yoast SEO plugin. -->","yoast_head_json":{"title":"Patente - ALZARQ","description":"Los resultados alcanzados en este proyecto de investigaci\u00f3n ALZARQ han llevado a proponer soluciones concretas que mejoran y facilitan las actividades Instrumentales de la Vida Diaria de las personas con enfermedad de Alzheimer, as\u00ed como de sus familiares y cuidadores. Una de los hallazgos obtenidos, por su car\u00e1cter novedoso e innovador, y su aplicaci\u00f3n en los hogares y\/o equipamientos ha llevado a solicitar el registro de una patente ante la OPEM con n\u00famero P202330424.En un punto determinado del desarrollo de esta enfermedad, la persona no se reconoce a s\u00ed misma. Esto implica que cuando el usuario se ve reflejado en determinadas superficies reflectantes puede entrar en p\u00e1nico y estr\u00e9s, provocando cambios de humor fuertes, irritabilidad, agitaci\u00f3n o elevado nivel de estr\u00e9s, ya que los enfermos creen que cerca de \u00e9l o ella se encuentra una persona desconocida o ajena a su cotidianidad, sobre todo si est\u00e1n en habitaciones cerradas como puede ser un ba\u00f1o o un dormitorio. Al creer que est\u00e1n en compa\u00f1\u00eda de personas desconocidas para ellos, su sensaci\u00f3n de intimidad se ve muy disminuida o incluso desaparece, gener\u00e1ndose situaciones de p\u00e1nico y abandono de la estancia Esta circunstancia lleva a muchas familias y cuidadores a tapar o quitar estas superficies reflectantes de las casas y de los espacios dom\u00e9sticos con la consiguiente incomodidad que conlleva para todos los habitantes de la casa que ven limitado su uso.","robots":{"index":"index","follow":"follow","max-snippet":"max-snippet:-1","max-image-preview":"max-image-preview:large","max-video-preview":"max-video-preview:-1"},"canonical":"https:\/\/grupo.us.es\/alzarq\/transferencia\/patente\/","og_locale":"es_ES","og_type":"article","og_title":"Patente - ALZARQ","og_description":"Los resultados alcanzados en este proyecto de investigaci\u00f3n ALZARQ han llevado a proponer soluciones concretas que mejoran y facilitan las actividades Instrumentales de la Vida Diaria de las personas con enfermedad de Alzheimer, as\u00ed como de sus familiares y cuidadores. Una de los hallazgos obtenidos, por su car\u00e1cter novedoso e innovador, y su aplicaci\u00f3n en los hogares y\/o equipamientos ha llevado a solicitar el registro de una patente ante la OPEM con n\u00famero P202330424.En un punto determinado del desarrollo de esta enfermedad, la persona no se reconoce a s\u00ed misma. Esto implica que cuando el usuario se ve reflejado en determinadas superficies reflectantes puede entrar en p\u00e1nico y estr\u00e9s, provocando cambios de humor fuertes, irritabilidad, agitaci\u00f3n o elevado nivel de estr\u00e9s, ya que los enfermos creen que cerca de \u00e9l o ella se encuentra una persona desconocida o ajena a su cotidianidad, sobre todo si est\u00e1n en habitaciones cerradas como puede ser un ba\u00f1o o un dormitorio. Al creer que est\u00e1n en compa\u00f1\u00eda de personas desconocidas para ellos, su sensaci\u00f3n de intimidad se ve muy disminuida o incluso desaparece, gener\u00e1ndose situaciones de p\u00e1nico y abandono de la estancia Esta circunstancia lleva a muchas familias y cuidadores a tapar o quitar estas superficies reflectantes de las casas y de los espacios dom\u00e9sticos con la consiguiente incomodidad que conlleva para todos los habitantes de la casa que ven limitado su uso.","og_url":"https:\/\/grupo.us.es\/alzarq\/transferencia\/patente\/","og_site_name":"ALZARQ","article_modified_time":"2025-04-21T09:10:33+00:00","og_image":[{"width":512,"height":512,"url":"https:\/\/grupo.us.es\/alzarq\/wp-content\/uploads\/2023\/11\/cropped-favicon.png","type":"image\/png"}],"twitter_card":"summary_large_image","twitter_misc":{"Tiempo de lectura":"2 minutos"},"schema":{"@context":"https:\/\/schema.org","@graph":[{"@type":"WebPage","@id":"https:\/\/grupo.us.es\/alzarq\/transferencia\/patente\/","url":"https:\/\/grupo.us.es\/alzarq\/transferencia\/patente\/","name":"Patente - ALZARQ","isPartOf":{"@id":"https:\/\/grupo.us.es\/alzarq\/#website"},"primaryImageOfPage":{"@id":"https:\/\/grupo.us.es\/alzarq\/transferencia\/patente\/#primaryimage"},"image":{"@id":"https:\/\/grupo.us.es\/alzarq\/transferencia\/patente\/#primaryimage"},"thumbnailUrl":"https:\/\/grupo.us.es\/alzarq\/wp-content\/uploads\/2023\/11\/cropped-favicon.png","datePublished":"2023-06-07T13:27:26+00:00","dateModified":"2025-04-21T09:10:33+00:00","description":"Los resultados alcanzados en este proyecto de investigaci\u00f3n ALZARQ han llevado a proponer soluciones concretas que mejoran y facilitan las actividades Instrumentales de la Vida Diaria de las personas con enfermedad de Alzheimer, as\u00ed como de sus familiares y cuidadores. Una de los hallazgos obtenidos, por su car\u00e1cter novedoso e innovador, y su aplicaci\u00f3n en los hogares y\/o equipamientos ha llevado a solicitar el registro de una patente ante la OPEM con n\u00famero P202330424.En un punto determinado del desarrollo de esta enfermedad, la persona no se reconoce a s\u00ed misma. Esto implica que cuando el usuario se ve reflejado en determinadas superficies reflectantes puede entrar en p\u00e1nico y estr\u00e9s, provocando cambios de humor fuertes, irritabilidad, agitaci\u00f3n o elevado nivel de estr\u00e9s, ya que los enfermos creen que cerca de \u00e9l o ella se encuentra una persona desconocida o ajena a su cotidianidad, sobre todo si est\u00e1n en habitaciones cerradas como puede ser un ba\u00f1o o un dormitorio. Al creer que est\u00e1n en compa\u00f1\u00eda de personas desconocidas para ellos, su sensaci\u00f3n de intimidad se ve muy disminuida o incluso desaparece, gener\u00e1ndose situaciones de p\u00e1nico y abandono de la estancia Esta circunstancia lleva a muchas familias y cuidadores a tapar o quitar estas superficies reflectantes de las casas y de los espacios dom\u00e9sticos con la consiguiente incomodidad que conlleva para todos los habitantes de la casa que ven limitado su uso.","breadcrumb":{"@id":"https:\/\/grupo.us.es\/alzarq\/transferencia\/patente\/#breadcrumb"},"inLanguage":"es","potentialAction":[{"@type":"ReadAction","target":["https:\/\/grupo.us.es\/alzarq\/transferencia\/patente\/"]}]},{"@type":"ImageObject","inLanguage":"es","@id":"https:\/\/grupo.us.es\/alzarq\/transferencia\/patente\/#primaryimage","url":"https:\/\/grupo.us.es\/alzarq\/wp-content\/uploads\/2023\/11\/cropped-favicon.png","contentUrl":"https:\/\/grupo.us.es\/alzarq\/wp-content\/uploads\/2023\/11\/cropped-favicon.png","width":512,"height":512},{"@type":"BreadcrumbList","@id":"https:\/\/grupo.us.es\/alzarq\/transferencia\/patente\/#breadcrumb","itemListElement":[{"@type":"ListItem","position":1,"name":"Transferencia","item":"https:\/\/grupo.us.es\/alzarq\/transferencia\/"},{"@type":"ListItem","position":2,"name":"Patente"}]},{"@type":"WebSite","@id":"https:\/\/grupo.us.es\/alzarq\/#website","url":"https:\/\/grupo.us.es\/alzarq\/","name":"ALZARQ","description":"Arquitectura y Alzheimer","publisher":{"@id":"https:\/\/grupo.us.es\/alzarq\/#organization"},"potentialAction":[{"@type":"SearchAction","target":{"@type":"EntryPoint","urlTemplate":"https:\/\/grupo.us.es\/alzarq\/?s={search_term_string}"},"query-input":{"@type":"PropertyValueSpecification","valueRequired":true,"valueName":"search_term_string"}}],"inLanguage":"es"},{"@type":"Organization","@id":"https:\/\/grupo.us.es\/alzarq\/#organization","name":"ALZARQ","url":"https:\/\/grupo.us.es\/alzarq\/","logo":{"@type":"ImageObject","inLanguage":"es","@id":"https:\/\/grupo.us.es\/alzarq\/#\/schema\/logo\/image\/","url":"https:\/\/grupo.us.es\/alzarq\/wp-content\/uploads\/2022\/02\/logotipo_alzarq_degradado_150peq-1-3.jpg","contentUrl":"https:\/\/grupo.us.es\/alzarq\/wp-content\/uploads\/2022\/02\/logotipo_alzarq_degradado_150peq-1-3.jpg","width":224,"height":70,"caption":"ALZARQ"},"image":{"@id":"https:\/\/grupo.us.es\/alzarq\/#\/schema\/logo\/image\/"}}]}},"_links":{"self":[{"href":"https:\/\/grupo.us.es\/alzarq\/wp-json\/wp\/v2\/pages\/1401","targetHints":{"allow":["GET"]}}],"collection":[{"href":"https:\/\/grupo.us.es\/alzarq\/wp-json\/wp\/v2\/pages"}],"about":[{"href":"https:\/\/grupo.us.es\/alzarq\/wp-json\/wp\/v2\/types\/page"}],"author":[{"embeddable":true,"href":"https:\/\/grupo.us.es\/alzarq\/wp-json\/wp\/v2\/users\/2"}],"replies":[{"embeddable":true,"href":"https:\/\/grupo.us.es\/alzarq\/wp-json\/wp\/v2\/comments?post=1401"}],"version-history":[{"count":0,"href":"https:\/\/grupo.us.es\/alzarq\/wp-json\/wp\/v2\/pages\/1401\/revisions"}],"up":[{"embeddable":true,"href":"https:\/\/grupo.us.es\/alzarq\/wp-json\/wp\/v2\/pages\/218"}],"wp:featuredmedia":[{"embeddable":true,"href":"https:\/\/grupo.us.es\/alzarq\/wp-json\/wp\/v2\/media\/2468"}],"wp:attachment":[{"href":"https:\/\/grupo.us.es\/alzarq\/wp-json\/wp\/v2\/media?parent=1401"}],"curies":[{"name":"wp","href":"https:\/\/api.w.org\/{rel}","templated":true}]}}