{"id":1377,"date":"2023-06-07T13:23:09","date_gmt":"2023-06-07T13:23:09","guid":{"rendered":"https:\/\/grupo.us.es\/alzarq\/?page_id=1377"},"modified":"2024-03-13T09:40:38","modified_gmt":"2024-03-13T09:40:38","slug":"cronologia-y-fases-de-trabajo","status":"publish","type":"page","link":"https:\/\/grupo.us.es\/alzarq\/el-proyecto\/cronologia-y-fases-de-trabajo\/","title":{"rendered":"Cronolog\u00eda y fases de trabajo"},"content":{"rendered":"\t\t<div data-elementor-type=\"wp-page\" data-elementor-id=\"1377\" class=\"elementor elementor-1377\" data-elementor-post-type=\"page\">\n\t\t\t\t\t\t<section class=\"elementor-section elementor-top-section elementor-element elementor-element-6d1bc4e elementor-section-boxed elementor-section-height-default elementor-section-height-default\" data-id=\"6d1bc4e\" data-element_type=\"section\">\n\t\t\t\t\t\t<div class=\"elementor-container elementor-column-gap-default\">\n\t\t\t\t\t<div class=\"elementor-column elementor-col-100 elementor-top-column elementor-element elementor-element-11a4dc2\" data-id=\"11a4dc2\" data-element_type=\"column\">\n\t\t\t<div class=\"elementor-widget-wrap elementor-element-populated\">\n\t\t\t\t\t\t<div class=\"elementor-element elementor-element-011af1a elementor-widget elementor-widget-image\" data-id=\"011af1a\" data-element_type=\"widget\" data-widget_type=\"image.default\">\n\t\t\t\t<div class=\"elementor-widget-container\">\n\t\t\t\t\t\t\t\t\t\t\t\t\t\t\t\t<a href=\"https:\/\/grupo.us.es\/proyectodeter\/wp-content\/uploads\/2023\/07\/Cronograma.jpg\" data-elementor-open-lightbox=\"yes\" data-elementor-lightbox-title=\"Cronograma\" data-e-action-hash=\"#elementor-action%3Aaction%3Dlightbox%26settings%3DeyJpZCI6MjA3OCwidXJsIjoiaHR0cHM6XC9cL2dydXBvLnVzLmVzXC9hbHphcnFcL3dwLWNvbnRlbnRcL3VwbG9hZHNcLzIwMjNcLzA3XC9Dcm9ub2dyYW1hLmpwZyJ9\">\n\t\t\t\t\t\t\t<img fetchpriority=\"high\" decoding=\"async\" width=\"2408\" height=\"1358\" src=\"https:\/\/grupo.us.es\/alzarq\/wp-content\/uploads\/2023\/07\/Cronograma.jpg\" class=\"attachment-full size-full wp-image-2078\" alt=\"\" srcset=\"https:\/\/grupo.us.es\/alzarq\/wp-content\/uploads\/2023\/07\/Cronograma.jpg 2408w, https:\/\/grupo.us.es\/alzarq\/wp-content\/uploads\/2023\/07\/Cronograma-300x169.jpg 300w, https:\/\/grupo.us.es\/alzarq\/wp-content\/uploads\/2023\/07\/Cronograma-1024x577.jpg 1024w, https:\/\/grupo.us.es\/alzarq\/wp-content\/uploads\/2023\/07\/Cronograma-768x433.jpg 768w, https:\/\/grupo.us.es\/alzarq\/wp-content\/uploads\/2023\/07\/Cronograma-1536x866.jpg 1536w, https:\/\/grupo.us.es\/alzarq\/wp-content\/uploads\/2023\/07\/Cronograma-2048x1155.jpg 2048w\" sizes=\"(max-width: 2408px) 100vw, 2408px\" \/>\t\t\t\t\t\t\t\t<\/a>\n\t\t\t\t\t\t\t\t\t\t\t\t\t\t\t<\/div>\n\t\t\t\t<\/div>\n\t\t\t\t\t<\/div>\n\t\t<\/div>\n\t\t\t\t\t<\/div>\n\t\t<\/section>\n\t\t\t\t<\/div>\n\t\t","protected":false},"excerpt":{"rendered":"","protected":false},"author":2,"featured_media":0,"parent":2082,"menu_order":0,"comment_status":"closed","ping_status":"closed","template":"","meta":{"_acf_changed":false,"colormag_page_layout":"default_layout","_monsterinsights_skip_tracking":false,"_monsterinsights_sitenote_active":false,"_monsterinsights_sitenote_note":"","_monsterinsights_sitenote_category":0,"_uf_show_specific_survey":0,"_uf_disable_surveys":false,"footnotes":""},"class_list":["post-1377","page","type-page","status-publish","hentry"],"acf":[],"yoast_head":"<!-- This site is optimized with the Yoast SEO plugin v25.2 - https:\/\/yoast.com\/wordpress\/plugins\/seo\/ -->\n<title>Cronolog\u00eda y fases de trabajo - ALZARQ<\/title>\n<meta name=\"description\" content=\"Inf\u00f3rmate de la cronolog\u00eda y las fase de trabajo del proyecto ALZARQ.\" \/>\n<meta name=\"robots\" content=\"index, follow, max-snippet:-1, max-image-preview:large, max-video-preview:-1\" \/>\n<link rel=\"canonical\" href=\"https:\/\/grupo.us.es\/alzarq\/el-proyecto\/cronologia-y-fases-de-trabajo\/\" \/>\n<meta property=\"og:locale\" content=\"es_ES\" \/>\n<meta property=\"og:type\" content=\"article\" \/>\n<meta property=\"og:title\" content=\"Cronolog\u00eda y fases de trabajo - ALZARQ\" \/>\n<meta property=\"og:description\" content=\"Inf\u00f3rmate de la cronolog\u00eda y las fase de trabajo del proyecto ALZARQ.\" \/>\n<meta property=\"og:url\" content=\"https:\/\/grupo.us.es\/alzarq\/el-proyecto\/cronologia-y-fases-de-trabajo\/\" \/>\n<meta property=\"og:site_name\" content=\"ALZARQ\" \/>\n<meta property=\"article:modified_time\" content=\"2024-03-13T09:40:38+00:00\" \/>\n<meta property=\"og:image\" content=\"https:\/\/grupo.us.es\/alzarq\/wp-content\/uploads\/2023\/07\/Cronograma.jpg\" \/>\n<meta name=\"twitter:card\" content=\"summary_large_image\" \/>\n<meta name=\"twitter:label1\" content=\"Tiempo de lectura\" \/>\n\t<meta name=\"twitter:data1\" content=\"1 minuto\" \/>\n<script type=\"application\/ld+json\" class=\"yoast-schema-graph\">{\"@context\":\"https:\/\/schema.org\",\"@graph\":[{\"@type\":\"WebPage\",\"@id\":\"https:\/\/grupo.us.es\/alzarq\/el-proyecto\/cronologia-y-fases-de-trabajo\/\",\"url\":\"https:\/\/grupo.us.es\/alzarq\/el-proyecto\/cronologia-y-fases-de-trabajo\/\",\"name\":\"Cronolog\u00eda y fases de trabajo - ALZARQ\",\"isPartOf\":{\"@id\":\"https:\/\/grupo.us.es\/alzarq\/#website\"},\"primaryImageOfPage\":{\"@id\":\"https:\/\/grupo.us.es\/alzarq\/el-proyecto\/cronologia-y-fases-de-trabajo\/#primaryimage\"},\"image\":{\"@id\":\"https:\/\/grupo.us.es\/alzarq\/el-proyecto\/cronologia-y-fases-de-trabajo\/#primaryimage\"},\"thumbnailUrl\":\"https:\/\/grupo.us.es\/alzarq\/wp-content\/uploads\/2023\/07\/Cronograma.jpg\",\"datePublished\":\"2023-06-07T13:23:09+00:00\",\"dateModified\":\"2024-03-13T09:40:38+00:00\",\"description\":\"Inf\u00f3rmate de la cronolog\u00eda y las fase de trabajo del proyecto ALZARQ.\",\"breadcrumb\":{\"@id\":\"https:\/\/grupo.us.es\/alzarq\/el-proyecto\/cronologia-y-fases-de-trabajo\/#breadcrumb\"},\"inLanguage\":\"es\",\"potentialAction\":[{\"@type\":\"ReadAction\",\"target\":[\"https:\/\/grupo.us.es\/alzarq\/el-proyecto\/cronologia-y-fases-de-trabajo\/\"]}]},{\"@type\":\"ImageObject\",\"inLanguage\":\"es\",\"@id\":\"https:\/\/grupo.us.es\/alzarq\/el-proyecto\/cronologia-y-fases-de-trabajo\/#primaryimage\",\"url\":\"https:\/\/grupo.us.es\/alzarq\/wp-content\/uploads\/2023\/07\/Cronograma.jpg\",\"contentUrl\":\"https:\/\/grupo.us.es\/alzarq\/wp-content\/uploads\/2023\/07\/Cronograma.jpg\"},{\"@type\":\"BreadcrumbList\",\"@id\":\"https:\/\/grupo.us.es\/alzarq\/el-proyecto\/cronologia-y-fases-de-trabajo\/#breadcrumb\",\"itemListElement\":[{\"@type\":\"ListItem\",\"position\":1,\"name\":\"El Proyecto\",\"item\":\"https:\/\/grupo.us.es\/alzarq\/el-proyecto\/\"},{\"@type\":\"ListItem\",\"position\":2,\"name\":\"Cronolog\u00eda y fases de trabajo\"}]},{\"@type\":\"WebSite\",\"@id\":\"https:\/\/grupo.us.es\/alzarq\/#website\",\"url\":\"https:\/\/grupo.us.es\/alzarq\/\",\"name\":\"ALZARQ\",\"description\":\"Arquitectura y Alzheimer\",\"publisher\":{\"@id\":\"https:\/\/grupo.us.es\/alzarq\/#organization\"},\"potentialAction\":[{\"@type\":\"SearchAction\",\"target\":{\"@type\":\"EntryPoint\",\"urlTemplate\":\"https:\/\/grupo.us.es\/alzarq\/?s={search_term_string}\"},\"query-input\":{\"@type\":\"PropertyValueSpecification\",\"valueRequired\":true,\"valueName\":\"search_term_string\"}}],\"inLanguage\":\"es\"},{\"@type\":\"Organization\",\"@id\":\"https:\/\/grupo.us.es\/alzarq\/#organization\",\"name\":\"ALZARQ\",\"url\":\"https:\/\/grupo.us.es\/alzarq\/\",\"logo\":{\"@type\":\"ImageObject\",\"inLanguage\":\"es\",\"@id\":\"https:\/\/grupo.us.es\/alzarq\/#\/schema\/logo\/image\/\",\"url\":\"https:\/\/grupo.us.es\/alzarq\/wp-content\/uploads\/2022\/02\/logotipo_alzarq_degradado_150peq-1-3.jpg\",\"contentUrl\":\"https:\/\/grupo.us.es\/alzarq\/wp-content\/uploads\/2022\/02\/logotipo_alzarq_degradado_150peq-1-3.jpg\",\"width\":224,\"height\":70,\"caption\":\"ALZARQ\"},\"image\":{\"@id\":\"https:\/\/grupo.us.es\/alzarq\/#\/schema\/logo\/image\/\"}}]}<\/script>\n<!-- \/ Yoast SEO plugin. -->","yoast_head_json":{"title":"Cronolog\u00eda y fases de trabajo - ALZARQ","description":"Inf\u00f3rmate de la cronolog\u00eda y las fase de trabajo del proyecto ALZARQ.","robots":{"index":"index","follow":"follow","max-snippet":"max-snippet:-1","max-image-preview":"max-image-preview:large","max-video-preview":"max-video-preview:-1"},"canonical":"https:\/\/grupo.us.es\/alzarq\/el-proyecto\/cronologia-y-fases-de-trabajo\/","og_locale":"es_ES","og_type":"article","og_title":"Cronolog\u00eda y fases de trabajo - ALZARQ","og_description":"Inf\u00f3rmate de la cronolog\u00eda y las fase de trabajo del proyecto ALZARQ.","og_url":"https:\/\/grupo.us.es\/alzarq\/el-proyecto\/cronologia-y-fases-de-trabajo\/","og_site_name":"ALZARQ","article_modified_time":"2024-03-13T09:40:38+00:00","og_image":[{"url":"https:\/\/grupo.us.es\/alzarq\/wp-content\/uploads\/2023\/07\/Cronograma.jpg","type":"","width":"","height":""}],"twitter_card":"summary_large_image","twitter_misc":{"Tiempo de lectura":"1 minuto"},"schema":{"@context":"https:\/\/schema.org","@graph":[{"@type":"WebPage","@id":"https:\/\/grupo.us.es\/alzarq\/el-proyecto\/cronologia-y-fases-de-trabajo\/","url":"https:\/\/grupo.us.es\/alzarq\/el-proyecto\/cronologia-y-fases-de-trabajo\/","name":"Cronolog\u00eda y fases de trabajo - ALZARQ","isPartOf":{"@id":"https:\/\/grupo.us.es\/alzarq\/#website"},"primaryImageOfPage":{"@id":"https:\/\/grupo.us.es\/alzarq\/el-proyecto\/cronologia-y-fases-de-trabajo\/#primaryimage"},"image":{"@id":"https:\/\/grupo.us.es\/alzarq\/el-proyecto\/cronologia-y-fases-de-trabajo\/#primaryimage"},"thumbnailUrl":"https:\/\/grupo.us.es\/alzarq\/wp-content\/uploads\/2023\/07\/Cronograma.jpg","datePublished":"2023-06-07T13:23:09+00:00","dateModified":"2024-03-13T09:40:38+00:00","description":"Inf\u00f3rmate de la cronolog\u00eda y las fase de trabajo del proyecto ALZARQ.","breadcrumb":{"@id":"https:\/\/grupo.us.es\/alzarq\/el-proyecto\/cronologia-y-fases-de-trabajo\/#breadcrumb"},"inLanguage":"es","potentialAction":[{"@type":"ReadAction","target":["https:\/\/grupo.us.es\/alzarq\/el-proyecto\/cronologia-y-fases-de-trabajo\/"]}]},{"@type":"ImageObject","inLanguage":"es","@id":"https:\/\/grupo.us.es\/alzarq\/el-proyecto\/cronologia-y-fases-de-trabajo\/#primaryimage","url":"https:\/\/grupo.us.es\/alzarq\/wp-content\/uploads\/2023\/07\/Cronograma.jpg","contentUrl":"https:\/\/grupo.us.es\/alzarq\/wp-content\/uploads\/2023\/07\/Cronograma.jpg"},{"@type":"BreadcrumbList","@id":"https:\/\/grupo.us.es\/alzarq\/el-proyecto\/cronologia-y-fases-de-trabajo\/#breadcrumb","itemListElement":[{"@type":"ListItem","position":1,"name":"El Proyecto","item":"https:\/\/grupo.us.es\/alzarq\/el-proyecto\/"},{"@type":"ListItem","position":2,"name":"Cronolog\u00eda y fases de trabajo"}]},{"@type":"WebSite","@id":"https:\/\/grupo.us.es\/alzarq\/#website","url":"https:\/\/grupo.us.es\/alzarq\/","name":"ALZARQ","description":"Arquitectura y Alzheimer","publisher":{"@id":"https:\/\/grupo.us.es\/alzarq\/#organization"},"potentialAction":[{"@type":"SearchAction","target":{"@type":"EntryPoint","urlTemplate":"https:\/\/grupo.us.es\/alzarq\/?s={search_term_string}"},"query-input":{"@type":"PropertyValueSpecification","valueRequired":true,"valueName":"search_term_string"}}],"inLanguage":"es"},{"@type":"Organization","@id":"https:\/\/grupo.us.es\/alzarq\/#organization","name":"ALZARQ","url":"https:\/\/grupo.us.es\/alzarq\/","logo":{"@type":"ImageObject","inLanguage":"es","@id":"https:\/\/grupo.us.es\/alzarq\/#\/schema\/logo\/image\/","url":"https:\/\/grupo.us.es\/alzarq\/wp-content\/uploads\/2022\/02\/logotipo_alzarq_degradado_150peq-1-3.jpg","contentUrl":"https:\/\/grupo.us.es\/alzarq\/wp-content\/uploads\/2022\/02\/logotipo_alzarq_degradado_150peq-1-3.jpg","width":224,"height":70,"caption":"ALZARQ"},"image":{"@id":"https:\/\/grupo.us.es\/alzarq\/#\/schema\/logo\/image\/"}}]}},"_links":{"self":[{"href":"https:\/\/grupo.us.es\/alzarq\/wp-json\/wp\/v2\/pages\/1377","targetHints":{"allow":["GET"]}}],"collection":[{"href":"https:\/\/grupo.us.es\/alzarq\/wp-json\/wp\/v2\/pages"}],"about":[{"href":"https:\/\/grupo.us.es\/alzarq\/wp-json\/wp\/v2\/types\/page"}],"author":[{"embeddable":true,"href":"https:\/\/grupo.us.es\/alzarq\/wp-json\/wp\/v2\/users\/2"}],"replies":[{"embeddable":true,"href":"https:\/\/grupo.us.es\/alzarq\/wp-json\/wp\/v2\/comments?post=1377"}],"version-history":[{"count":0,"href":"https:\/\/grupo.us.es\/alzarq\/wp-json\/wp\/v2\/pages\/1377\/revisions"}],"up":[{"embeddable":true,"href":"https:\/\/grupo.us.es\/alzarq\/wp-json\/wp\/v2\/pages\/2082"}],"wp:attachment":[{"href":"https:\/\/grupo.us.es\/alzarq\/wp-json\/wp\/v2\/media?parent=1377"}],"curies":[{"name":"wp","href":"https:\/\/api.w.org\/{rel}","templated":true}]}}