{"id":1367,"date":"2023-06-07T13:17:02","date_gmt":"2023-06-07T13:17:02","guid":{"rendered":"https:\/\/grupo.us.es\/alzarq\/?page_id=1367"},"modified":"2025-05-09T12:41:48","modified_gmt":"2025-05-09T12:41:48","slug":"resultados","status":"publish","type":"page","link":"https:\/\/grupo.us.es\/alzarq\/resultados\/","title":{"rendered":"Resultados"},"content":{"rendered":"\t\t<div data-elementor-type=\"wp-page\" data-elementor-id=\"1367\" class=\"elementor elementor-1367\" data-elementor-post-type=\"page\">\n\t\t\t\t\t\t<section class=\"elementor-section elementor-top-section elementor-element elementor-element-8c9fa2e elementor-section-boxed elementor-section-height-default elementor-section-height-default\" data-id=\"8c9fa2e\" data-element_type=\"section\">\n\t\t\t\t\t\t<div class=\"elementor-container elementor-column-gap-default\">\n\t\t\t\t\t<div class=\"elementor-column elementor-col-100 elementor-top-column elementor-element elementor-element-ea6ade8\" data-id=\"ea6ade8\" data-element_type=\"column\">\n\t\t\t<div class=\"elementor-widget-wrap elementor-element-populated\">\n\t\t\t\t\t\t<div class=\"elementor-element elementor-element-3c8b46b elementor-widget elementor-widget-image\" data-id=\"3c8b46b\" data-element_type=\"widget\" data-widget_type=\"image.default\">\n\t\t\t\t<div class=\"elementor-widget-container\">\n\t\t\t\t\t\t\t\t\t\t\t\t\t\t\t<img fetchpriority=\"high\" decoding=\"async\" width=\"825\" height=\"595\" src=\"https:\/\/grupo.us.es\/alzarq\/wp-content\/uploads\/2024\/11\/Guia-2-residencias-alzheimer-web.jpg\" class=\"attachment-full size-full wp-image-2663\" alt=\"\" srcset=\"https:\/\/grupo.us.es\/alzarq\/wp-content\/uploads\/2024\/11\/Guia-2-residencias-alzheimer-web.jpg 825w, https:\/\/grupo.us.es\/alzarq\/wp-content\/uploads\/2024\/11\/Guia-2-residencias-alzheimer-web-300x216.jpg 300w, https:\/\/grupo.us.es\/alzarq\/wp-content\/uploads\/2024\/11\/Guia-2-residencias-alzheimer-web-768x554.jpg 768w\" sizes=\"(max-width: 825px) 100vw, 825px\" \/>\t\t\t\t\t\t\t\t\t\t\t\t\t\t\t<\/div>\n\t\t\t\t<\/div>\n\t\t\t\t\t<\/div>\n\t\t<\/div>\n\t\t\t\t\t<\/div>\n\t\t<\/section>\n\t\t\t\t<section class=\"elementor-section elementor-top-section elementor-element elementor-element-faac1ff elementor-section-boxed elementor-section-height-default elementor-section-height-default\" data-id=\"faac1ff\" data-element_type=\"section\">\n\t\t\t\t\t\t<div class=\"elementor-container elementor-column-gap-default\">\n\t\t\t\t\t<div class=\"elementor-column elementor-col-33 elementor-top-column elementor-element elementor-element-5f2a93d\" data-id=\"5f2a93d\" data-element_type=\"column\">\n\t\t\t<div class=\"elementor-widget-wrap elementor-element-populated\">\n\t\t\t\t\t\t<div class=\"elementor-element elementor-element-550c5fe elementor-cta--skin-classic elementor-animated-content elementor-widget elementor-widget-call-to-action\" data-id=\"550c5fe\" data-element_type=\"widget\" data-widget_type=\"call-to-action.default\">\n\t\t\t\t<div class=\"elementor-widget-container\">\n\t\t\t\t\t\t\t<a class=\"elementor-cta\" href=\"https:\/\/grupo.us.es\/alzarq\/noticias\/\">\n\t\t\t\t\t\t\t<div class=\"elementor-cta__content\">\n\t\t\t\t\n\t\t\t\t\t\t\t\t\t<h2 class=\"elementor-cta__title elementor-cta__content-item elementor-content-item\">\n\t\t\t\t\t\tDIFUSI\u00d3N\t\t\t\t\t<\/h2>\n\t\t\t\t\n\t\t\t\t\n\t\t\t\t\t\t\t<\/div>\n\t\t\t\t\t\t<\/a>\n\t\t\t\t\t\t<\/div>\n\t\t\t\t<\/div>\n\t\t\t\t\t<\/div>\n\t\t<\/div>\n\t\t\t\t<div class=\"elementor-column elementor-col-33 elementor-top-column elementor-element elementor-element-cb5f9d8\" data-id=\"cb5f9d8\" data-element_type=\"column\">\n\t\t\t<div class=\"elementor-widget-wrap elementor-element-populated\">\n\t\t\t\t\t\t<div class=\"elementor-element elementor-element-3236755 elementor-cta--skin-classic elementor-animated-content elementor-widget elementor-widget-call-to-action\" data-id=\"3236755\" data-element_type=\"widget\" data-widget_type=\"call-to-action.default\">\n\t\t\t\t<div class=\"elementor-widget-container\">\n\t\t\t\t\t\t\t<a class=\"elementor-cta\" href=\"https:\/\/grupo.us.es\/alzarq\/articulos\/\">\n\t\t\t\t\t\t\t<div class=\"elementor-cta__content\">\n\t\t\t\t\n\t\t\t\t\t\t\t\t\t<h2 class=\"elementor-cta__title elementor-cta__content-item elementor-content-item\">\n\t\t\t\t\t\tART\u00cdCULOS\t\t\t\t\t<\/h2>\n\t\t\t\t\n\t\t\t\t\n\t\t\t\t\t\t\t<\/div>\n\t\t\t\t\t\t<\/a>\n\t\t\t\t\t\t<\/div>\n\t\t\t\t<\/div>\n\t\t\t\t\t<\/div>\n\t\t<\/div>\n\t\t\t\t<div class=\"elementor-column elementor-col-33 elementor-top-column elementor-element elementor-element-9aa52ec\" data-id=\"9aa52ec\" data-element_type=\"column\">\n\t\t\t<div class=\"elementor-widget-wrap elementor-element-populated\">\n\t\t\t\t\t\t<div class=\"elementor-element elementor-element-f1bf14b elementor-cta--skin-classic elementor-animated-content elementor-widget elementor-widget-call-to-action\" data-id=\"f1bf14b\" data-element_type=\"widget\" data-widget_type=\"call-to-action.default\">\n\t\t\t\t<div class=\"elementor-widget-container\">\n\t\t\t\t\t\t\t<a class=\"elementor-cta\" href=\"https:\/\/grupo.us.es\/alzarq\/ponencias-comunicaciones-y-posters\/\">\n\t\t\t\t\t\t\t<div class=\"elementor-cta__content\">\n\t\t\t\t\n\t\t\t\t\t\t\t\t\t<h2 class=\"elementor-cta__title elementor-cta__content-item elementor-content-item\">\n\t\t\t\t\t\tPONENCIAS\t\t\t\t\t<\/h2>\n\t\t\t\t\n\t\t\t\t\n\t\t\t\t\t\t\t<\/div>\n\t\t\t\t\t\t<\/a>\n\t\t\t\t\t\t<\/div>\n\t\t\t\t<\/div>\n\t\t\t\t\t<\/div>\n\t\t<\/div>\n\t\t\t\t\t<\/div>\n\t\t<\/section>\n\t\t\t\t<section class=\"elementor-section elementor-top-section elementor-element elementor-element-4134f15 elementor-section-boxed elementor-section-height-default elementor-section-height-default\" data-id=\"4134f15\" data-element_type=\"section\">\n\t\t\t\t\t\t<div class=\"elementor-container elementor-column-gap-default\">\n\t\t\t\t\t<div class=\"elementor-column elementor-col-33 elementor-top-column elementor-element elementor-element-369091b\" data-id=\"369091b\" data-element_type=\"column\">\n\t\t\t<div class=\"elementor-widget-wrap elementor-element-populated\">\n\t\t\t\t\t\t<div class=\"elementor-element elementor-element-192cdcd elementor-cta--skin-classic elementor-animated-content elementor-widget elementor-widget-call-to-action\" data-id=\"192cdcd\" data-element_type=\"widget\" data-widget_type=\"call-to-action.default\">\n\t\t\t\t<div class=\"elementor-widget-container\">\n\t\t\t\t\t\t\t<a class=\"elementor-cta\" href=\"https:\/\/grupo.us.es\/alzarq\/libros-y-capitulos\/\">\n\t\t\t\t\t\t\t<div class=\"elementor-cta__content\">\n\t\t\t\t\n\t\t\t\t\t\t\t\t\t<h2 class=\"elementor-cta__title elementor-cta__content-item elementor-content-item\">\n\t\t\t\t\t\tLIBROS Y CAP\u00cdTULOS\t\t\t\t\t<\/h2>\n\t\t\t\t\n\t\t\t\t\n\t\t\t\t\t\t\t<\/div>\n\t\t\t\t\t\t<\/a>\n\t\t\t\t\t\t<\/div>\n\t\t\t\t<\/div>\n\t\t\t\t\t<\/div>\n\t\t<\/div>\n\t\t\t\t<div class=\"elementor-column elementor-col-33 elementor-top-column elementor-element elementor-element-0687785\" data-id=\"0687785\" data-element_type=\"column\">\n\t\t\t<div class=\"elementor-widget-wrap elementor-element-populated\">\n\t\t\t\t\t\t<div class=\"elementor-element elementor-element-d6eef79 elementor-cta--skin-classic elementor-animated-content elementor-widget elementor-widget-call-to-action\" data-id=\"d6eef79\" data-element_type=\"widget\" data-widget_type=\"call-to-action.default\">\n\t\t\t\t<div class=\"elementor-widget-container\">\n\t\t\t\t\t\t\t<a class=\"elementor-cta\" href=\"https:\/\/grupo.us.es\/alzarq\/repositorios-de-datos\/\">\n\t\t\t\t\t\t\t<div class=\"elementor-cta__content\">\n\t\t\t\t\n\t\t\t\t\t\t\t\t\t<h2 class=\"elementor-cta__title elementor-cta__content-item elementor-content-item\">\n\t\t\t\t\t\tREPOSITORIO DE DATOS\t\t\t\t\t<\/h2>\n\t\t\t\t\n\t\t\t\t\n\t\t\t\t\t\t\t<\/div>\n\t\t\t\t\t\t<\/a>\n\t\t\t\t\t\t<\/div>\n\t\t\t\t<\/div>\n\t\t\t\t\t<\/div>\n\t\t<\/div>\n\t\t\t\t<div class=\"elementor-column elementor-col-33 elementor-top-column elementor-element elementor-element-6c95777\" data-id=\"6c95777\" data-element_type=\"column\">\n\t\t\t<div class=\"elementor-widget-wrap elementor-element-populated\">\n\t\t\t\t\t\t<div class=\"elementor-element elementor-element-a4d60c3 elementor-cta--skin-classic elementor-animated-content elementor-widget elementor-widget-call-to-action\" data-id=\"a4d60c3\" data-element_type=\"widget\" data-widget_type=\"call-to-action.default\">\n\t\t\t\t<div class=\"elementor-widget-container\">\n\t\t\t\t\t\t\t<a class=\"elementor-cta\" href=\"https:\/\/grupo.us.es\/alzarq\/tesis-doctorales\/\">\n\t\t\t\t\t\t\t<div class=\"elementor-cta__content\">\n\t\t\t\t\n\t\t\t\t\t\t\t\t\t<h2 class=\"elementor-cta__title elementor-cta__content-item elementor-content-item\">\n\t\t\t\t\t\tTRABAJOS ACAD\u00c9MICOS\t\t\t\t\t<\/h2>\n\t\t\t\t\n\t\t\t\t\n\t\t\t\t\t\t\t<\/div>\n\t\t\t\t\t\t<\/a>\n\t\t\t\t\t\t<\/div>\n\t\t\t\t<\/div>\n\t\t\t\t\t<\/div>\n\t\t<\/div>\n\t\t\t\t\t<\/div>\n\t\t<\/section>\n\t\t\t\t<\/div>\n\t\t","protected":false},"excerpt":{"rendered":"<p>DIFUSI\u00d3N ART\u00cdCULOS PONENCIAS LIBROS Y CAP\u00cdTULOS REPOSITORIO DE DATOS TRABAJOS ACAD\u00c9MICOS<\/p>\n","protected":false},"author":2,"featured_media":0,"parent":0,"menu_order":0,"comment_status":"closed","ping_status":"closed","template":"","meta":{"_acf_changed":false,"colormag_page_layout":"default_layout","_monsterinsights_skip_tracking":false,"_monsterinsights_sitenote_active":false,"_monsterinsights_sitenote_note":"","_monsterinsights_sitenote_category":0,"_uf_show_specific_survey":0,"_uf_disable_surveys":false,"footnotes":""},"class_list":["post-1367","page","type-page","status-publish","hentry"],"acf":[],"yoast_head":"<!-- This site is optimized with the Yoast SEO plugin v25.2 - https:\/\/yoast.com\/wordpress\/plugins\/seo\/ -->\n<title>Resultados - ALZARQ<\/title>\n<meta name=\"description\" content=\"En esta secci\u00f3n se recogen los art\u00edculos, ponencias, libros, repositorio de datos y tesis doctorales del grupo HAC.\" \/>\n<meta name=\"robots\" content=\"index, follow, max-snippet:-1, max-image-preview:large, max-video-preview:-1\" \/>\n<link rel=\"canonical\" href=\"https:\/\/grupo.us.es\/alzarq\/resultados\/\" \/>\n<meta property=\"og:locale\" content=\"es_ES\" \/>\n<meta property=\"og:type\" content=\"article\" \/>\n<meta property=\"og:title\" content=\"Resultados - ALZARQ\" \/>\n<meta property=\"og:description\" content=\"En esta secci\u00f3n se recogen los art\u00edculos, ponencias, libros, repositorio de datos y tesis doctorales del grupo HAC.\" \/>\n<meta property=\"og:url\" content=\"https:\/\/grupo.us.es\/alzarq\/resultados\/\" \/>\n<meta property=\"og:site_name\" content=\"ALZARQ\" \/>\n<meta property=\"article:modified_time\" content=\"2025-05-09T12:41:48+00:00\" \/>\n<meta property=\"og:image\" content=\"https:\/\/grupo.us.es\/alzarq\/wp-content\/uploads\/2024\/11\/Guia-2-residencias-alzheimer-web.jpg\" \/>\n\t<meta property=\"og:image:width\" content=\"825\" \/>\n\t<meta property=\"og:image:height\" content=\"595\" \/>\n\t<meta property=\"og:image:type\" content=\"image\/jpeg\" \/>\n<meta name=\"twitter:card\" content=\"summary_large_image\" \/>\n<meta name=\"twitter:label1\" content=\"Tiempo de lectura\" \/>\n\t<meta name=\"twitter:data1\" content=\"1 minuto\" \/>\n<script type=\"application\/ld+json\" class=\"yoast-schema-graph\">{\"@context\":\"https:\/\/schema.org\",\"@graph\":[{\"@type\":\"WebPage\",\"@id\":\"https:\/\/grupo.us.es\/alzarq\/resultados\/\",\"url\":\"https:\/\/grupo.us.es\/alzarq\/resultados\/\",\"name\":\"Resultados - ALZARQ\",\"isPartOf\":{\"@id\":\"https:\/\/grupo.us.es\/alzarq\/#website\"},\"primaryImageOfPage\":{\"@id\":\"https:\/\/grupo.us.es\/alzarq\/resultados\/#primaryimage\"},\"image\":{\"@id\":\"https:\/\/grupo.us.es\/alzarq\/resultados\/#primaryimage\"},\"thumbnailUrl\":\"https:\/\/grupo.us.es\/alzarq\/wp-content\/uploads\/2024\/11\/Guia-2-residencias-alzheimer-web.jpg\",\"datePublished\":\"2023-06-07T13:17:02+00:00\",\"dateModified\":\"2025-05-09T12:41:48+00:00\",\"description\":\"En esta secci\u00f3n se recogen los art\u00edculos, ponencias, libros, repositorio de datos y tesis doctorales del grupo HAC.\",\"inLanguage\":\"es\",\"potentialAction\":[{\"@type\":\"ReadAction\",\"target\":[\"https:\/\/grupo.us.es\/alzarq\/resultados\/\"]}]},{\"@type\":\"ImageObject\",\"inLanguage\":\"es\",\"@id\":\"https:\/\/grupo.us.es\/alzarq\/resultados\/#primaryimage\",\"url\":\"https:\/\/grupo.us.es\/alzarq\/wp-content\/uploads\/2024\/11\/Guia-2-residencias-alzheimer-web.jpg\",\"contentUrl\":\"https:\/\/grupo.us.es\/alzarq\/wp-content\/uploads\/2024\/11\/Guia-2-residencias-alzheimer-web.jpg\",\"width\":825,\"height\":595},{\"@type\":\"WebSite\",\"@id\":\"https:\/\/grupo.us.es\/alzarq\/#website\",\"url\":\"https:\/\/grupo.us.es\/alzarq\/\",\"name\":\"ALZARQ\",\"description\":\"Arquitectura y Alzheimer\",\"publisher\":{\"@id\":\"https:\/\/grupo.us.es\/alzarq\/#organization\"},\"potentialAction\":[{\"@type\":\"SearchAction\",\"target\":{\"@type\":\"EntryPoint\",\"urlTemplate\":\"https:\/\/grupo.us.es\/alzarq\/?s={search_term_string}\"},\"query-input\":{\"@type\":\"PropertyValueSpecification\",\"valueRequired\":true,\"valueName\":\"search_term_string\"}}],\"inLanguage\":\"es\"},{\"@type\":\"Organization\",\"@id\":\"https:\/\/grupo.us.es\/alzarq\/#organization\",\"name\":\"ALZARQ\",\"url\":\"https:\/\/grupo.us.es\/alzarq\/\",\"logo\":{\"@type\":\"ImageObject\",\"inLanguage\":\"es\",\"@id\":\"https:\/\/grupo.us.es\/alzarq\/#\/schema\/logo\/image\/\",\"url\":\"https:\/\/grupo.us.es\/alzarq\/wp-content\/uploads\/2022\/02\/logotipo_alzarq_degradado_150peq-1-3.jpg\",\"contentUrl\":\"https:\/\/grupo.us.es\/alzarq\/wp-content\/uploads\/2022\/02\/logotipo_alzarq_degradado_150peq-1-3.jpg\",\"width\":224,\"height\":70,\"caption\":\"ALZARQ\"},\"image\":{\"@id\":\"https:\/\/grupo.us.es\/alzarq\/#\/schema\/logo\/image\/\"}}]}<\/script>\n<!-- \/ Yoast SEO plugin. -->","yoast_head_json":{"title":"Resultados - ALZARQ","description":"En esta secci\u00f3n se recogen los art\u00edculos, ponencias, libros, repositorio de datos y tesis doctorales del grupo HAC.","robots":{"index":"index","follow":"follow","max-snippet":"max-snippet:-1","max-image-preview":"max-image-preview:large","max-video-preview":"max-video-preview:-1"},"canonical":"https:\/\/grupo.us.es\/alzarq\/resultados\/","og_locale":"es_ES","og_type":"article","og_title":"Resultados - ALZARQ","og_description":"En esta secci\u00f3n se recogen los art\u00edculos, ponencias, libros, repositorio de datos y tesis doctorales del grupo HAC.","og_url":"https:\/\/grupo.us.es\/alzarq\/resultados\/","og_site_name":"ALZARQ","article_modified_time":"2025-05-09T12:41:48+00:00","og_image":[{"width":825,"height":595,"url":"https:\/\/grupo.us.es\/alzarq\/wp-content\/uploads\/2024\/11\/Guia-2-residencias-alzheimer-web.jpg","type":"image\/jpeg"}],"twitter_card":"summary_large_image","twitter_misc":{"Tiempo de lectura":"1 minuto"},"schema":{"@context":"https:\/\/schema.org","@graph":[{"@type":"WebPage","@id":"https:\/\/grupo.us.es\/alzarq\/resultados\/","url":"https:\/\/grupo.us.es\/alzarq\/resultados\/","name":"Resultados - ALZARQ","isPartOf":{"@id":"https:\/\/grupo.us.es\/alzarq\/#website"},"primaryImageOfPage":{"@id":"https:\/\/grupo.us.es\/alzarq\/resultados\/#primaryimage"},"image":{"@id":"https:\/\/grupo.us.es\/alzarq\/resultados\/#primaryimage"},"thumbnailUrl":"https:\/\/grupo.us.es\/alzarq\/wp-content\/uploads\/2024\/11\/Guia-2-residencias-alzheimer-web.jpg","datePublished":"2023-06-07T13:17:02+00:00","dateModified":"2025-05-09T12:41:48+00:00","description":"En esta secci\u00f3n se recogen los art\u00edculos, ponencias, libros, repositorio de datos y tesis doctorales del grupo HAC.","inLanguage":"es","potentialAction":[{"@type":"ReadAction","target":["https:\/\/grupo.us.es\/alzarq\/resultados\/"]}]},{"@type":"ImageObject","inLanguage":"es","@id":"https:\/\/grupo.us.es\/alzarq\/resultados\/#primaryimage","url":"https:\/\/grupo.us.es\/alzarq\/wp-content\/uploads\/2024\/11\/Guia-2-residencias-alzheimer-web.jpg","contentUrl":"https:\/\/grupo.us.es\/alzarq\/wp-content\/uploads\/2024\/11\/Guia-2-residencias-alzheimer-web.jpg","width":825,"height":595},{"@type":"WebSite","@id":"https:\/\/grupo.us.es\/alzarq\/#website","url":"https:\/\/grupo.us.es\/alzarq\/","name":"ALZARQ","description":"Arquitectura y Alzheimer","publisher":{"@id":"https:\/\/grupo.us.es\/alzarq\/#organization"},"potentialAction":[{"@type":"SearchAction","target":{"@type":"EntryPoint","urlTemplate":"https:\/\/grupo.us.es\/alzarq\/?s={search_term_string}"},"query-input":{"@type":"PropertyValueSpecification","valueRequired":true,"valueName":"search_term_string"}}],"inLanguage":"es"},{"@type":"Organization","@id":"https:\/\/grupo.us.es\/alzarq\/#organization","name":"ALZARQ","url":"https:\/\/grupo.us.es\/alzarq\/","logo":{"@type":"ImageObject","inLanguage":"es","@id":"https:\/\/grupo.us.es\/alzarq\/#\/schema\/logo\/image\/","url":"https:\/\/grupo.us.es\/alzarq\/wp-content\/uploads\/2022\/02\/logotipo_alzarq_degradado_150peq-1-3.jpg","contentUrl":"https:\/\/grupo.us.es\/alzarq\/wp-content\/uploads\/2022\/02\/logotipo_alzarq_degradado_150peq-1-3.jpg","width":224,"height":70,"caption":"ALZARQ"},"image":{"@id":"https:\/\/grupo.us.es\/alzarq\/#\/schema\/logo\/image\/"}}]}},"_links":{"self":[{"href":"https:\/\/grupo.us.es\/alzarq\/wp-json\/wp\/v2\/pages\/1367","targetHints":{"allow":["GET"]}}],"collection":[{"href":"https:\/\/grupo.us.es\/alzarq\/wp-json\/wp\/v2\/pages"}],"about":[{"href":"https:\/\/grupo.us.es\/alzarq\/wp-json\/wp\/v2\/types\/page"}],"author":[{"embeddable":true,"href":"https:\/\/grupo.us.es\/alzarq\/wp-json\/wp\/v2\/users\/2"}],"replies":[{"embeddable":true,"href":"https:\/\/grupo.us.es\/alzarq\/wp-json\/wp\/v2\/comments?post=1367"}],"version-history":[{"count":0,"href":"https:\/\/grupo.us.es\/alzarq\/wp-json\/wp\/v2\/pages\/1367\/revisions"}],"wp:attachment":[{"href":"https:\/\/grupo.us.es\/alzarq\/wp-json\/wp\/v2\/media?parent=1367"}],"curies":[{"name":"wp","href":"https:\/\/api.w.org\/{rel}","templated":true}]}}