{"id":1149,"date":"2023-05-15T06:55:13","date_gmt":"2023-05-15T06:55:13","guid":{"rendered":"https:\/\/grupo.us.es\/alzarq\/?page_id=1149"},"modified":"2024-03-13T09:38:55","modified_gmt":"2024-03-13T09:38:55","slug":"consideraciones-eticas","status":"publish","type":"page","link":"https:\/\/grupo.us.es\/alzarq\/el-proyecto\/consideraciones-eticas\/","title":{"rendered":"Consideraciones \u00e9ticas"},"content":{"rendered":"\t\t<div data-elementor-type=\"wp-page\" data-elementor-id=\"1149\" class=\"elementor elementor-1149\" data-elementor-post-type=\"page\">\n\t\t\t\t\t\t<section class=\"elementor-section elementor-top-section elementor-element elementor-element-71f8bc0 elementor-section-boxed elementor-section-height-default elementor-section-height-default\" data-id=\"71f8bc0\" data-element_type=\"section\">\n\t\t\t\t\t\t<div class=\"elementor-container elementor-column-gap-default\">\n\t\t\t\t\t<div class=\"elementor-column elementor-col-100 elementor-top-column elementor-element elementor-element-f3cb958\" data-id=\"f3cb958\" data-element_type=\"column\">\n\t\t\t<div class=\"elementor-widget-wrap elementor-element-populated\">\n\t\t\t\t\t\t<div class=\"elementor-element elementor-element-6619a9d elementor-widget elementor-widget-image\" data-id=\"6619a9d\" data-element_type=\"widget\" data-widget_type=\"image.default\">\n\t\t\t\t<div class=\"elementor-widget-container\">\n\t\t\t\t\t\t\t\t\t\t\t\t\t\t\t<img fetchpriority=\"high\" decoding=\"async\" width=\"800\" height=\"473\" src=\"https:\/\/grupo.us.es\/alzarq\/wp-content\/uploads\/2023\/07\/man-gf99df0771_1920-1024x605.jpg\" class=\"attachment-large size-large wp-image-2002\" alt=\"\" srcset=\"https:\/\/grupo.us.es\/alzarq\/wp-content\/uploads\/2023\/07\/man-gf99df0771_1920-1024x605.jpg 1024w, https:\/\/grupo.us.es\/alzarq\/wp-content\/uploads\/2023\/07\/man-gf99df0771_1920-300x177.jpg 300w, https:\/\/grupo.us.es\/alzarq\/wp-content\/uploads\/2023\/07\/man-gf99df0771_1920-768x454.jpg 768w, https:\/\/grupo.us.es\/alzarq\/wp-content\/uploads\/2023\/07\/man-gf99df0771_1920-1536x908.jpg 1536w, https:\/\/grupo.us.es\/alzarq\/wp-content\/uploads\/2023\/07\/man-gf99df0771_1920.jpg 1920w\" sizes=\"(max-width: 800px) 100vw, 800px\" \/>\t\t\t\t\t\t\t\t\t\t\t\t\t\t\t<\/div>\n\t\t\t\t<\/div>\n\t\t\t\t<div class=\"elementor-element elementor-element-318be10 elementor-widget elementor-widget-text-editor\" data-id=\"318be10\" data-element_type=\"widget\" data-widget_type=\"text-editor.default\">\n\t\t\t\t<div class=\"elementor-widget-container\">\n\t\t\t\t\t\t\t\t\t<p><strong>Aspectos \u00e9ticos<\/strong><\/p><p>El proyecto de investigaci\u00f3n ALZARQ considera y aplica los principios establecidos por las regulaciones nacionales e internacionales, incluida la Declaraci\u00f3n de Helsinki (64\u00aa Asamblea General de la AMM, Fortaleza, Brasil, octubre de 2013), el Informe Belmont (1978) y el C\u00f3digo de \u00c9tica. As\u00ed mismo se siguen los aspectos legales que se establecen en la normativa aplicable que son: el Reglamento (UE) 2016\/679 del Parlamento Europeo y del Consejo de 27 de abril de 2016 relativo a la protecci\u00f3n de las personas f\u00edsicas en lo que respecta al tratamiento de datos personales y a la libre circulaci\u00f3n de estos datos; y la Ley Org\u00e1nica nacional 3\/2018, de 5 de diciembre, de Protecci\u00f3n de Datos Personales y garant\u00eda de los derechos digitales. El proyecto comienza con la aprobaci\u00f3n del Comit\u00e9 de \u00c9tica de la Investigaci\u00f3n Biom\u00e9dica de Andaluc\u00eda.<\/p><p><strong><br \/>Informaci\u00f3n a los participantes y consentimiento informado<\/strong><\/p><p>Todos los datos personales ser\u00e1n tratados siguiendo el Reglamento (UE) 2016\/679 del Parlamento Europeo y del Consejo de 27 de abril de 2016, y la Ley Org\u00e1nica nacional 3\/2018, de 5 de diciembre. Todos los participantes dar\u00e1n su consentimiento informado expl\u00edcito. Previo a la realizaci\u00f3n de los test y cuestionarios, a los participantes se les entregar\u00e1 el formulario de informaci\u00f3n del participante espec\u00edfico para la subpoblaci\u00f3n a la que pertenecen, que estar\u00e1 escrito en un lenguaje comprensible, y describir\u00e1 en un lenguaje claro los objetivos, m\u00e9todos e implicaciones de la investigaci\u00f3n. Se presentar\u00e1n los diferentes puntos del consentimiento informado en forma de opciones de verificaci\u00f3n que habr\u00e1 que marcar. En caso de que la persona con la que se van a realizar los ensayos posea alg\u00fan tipo de incapacitaci\u00f3n, se solicitar\u00e1 el consentimiento informado al cuidador o tutor correspondiente. Las respuestas a las diferentes preguntas de consentimiento se almacenar\u00e1n en la base de datos, junto con las otras respuestas, y se pueden usar como evidencia de que el participante s\u00ed dio su consentimiento.<\/p><p><strong><br \/>Confidencialidad de los datos<\/strong><\/p><p>Para la recopilaci\u00f3n de datos se utilizar\u00e1n cuestionarios de soporte f\u00edsico a modo de impresos. Adem\u00e1s de los datos propios de los ensayos se recopilar\u00e1n datos en subpoblaciones de casos, de contactos cercanos y trabajadores de centros de d\u00eda. Los datos recopilados a trav\u00e9s de los cuestionarios se trasladar\u00e1n a un suporte digital \u00fanico para su almacenaje en servidores ubicados en la Universidad de Sevilla. Todos los datos almacenados est\u00e1n cifrados mediante el est\u00e1ndar de cifrado propio de esta instituci\u00f3n.<\/p><p>Los \u00fanicos datos personales que se solicitar\u00e1n a los participantes en el estudio son los datos de contacto con el \u00fanico objetivo de poder contactar con los participantes en el seguimiento de las encuestas y enviar recordatorios en el marco del proyecto. Estos datos personales ser\u00e1n recogidos dentro del cuestionario, una vez que el participante haya dado su consentimiento para participar en el estudio. Los datos ser\u00e1n anonimizados y ni los investigadores del estudio ni los responsables del an\u00e1lisis tendr\u00e1n acceso a los datos personales. Solo el administrador de datos designado para el estudio podr\u00e1 relacionar los datos personales de los participantes con las respuestas al cuestionario. Todos los datos ser\u00e1n recogidos en un archivo de investigaci\u00f3n bajo la responsabilidad de la instituci\u00f3n, se considerar\u00e1n confidenciales y solo ser\u00e1n utilizados por investigadores para los fines del proyecto. Se ha designado un Delegado de Protecci\u00f3n de Datos involucrado en todas las etapas del tratamiento de datos, DPO: protecciondatosdeter@us.es<\/p><p>Las medidas de seguridad f\u00edsica incluyen un control estricto del acceso a los centros de datos, firewalls, procedimientos antivirus, pol\u00edticas de retenci\u00f3n \/ destrucci\u00f3n de datos o planes de recuperaci\u00f3n ante desastres.<\/p><p><strong><br \/>Consideraciones de seguridad<\/strong><\/p><p>Los ensayos de esta investigaci\u00f3n buscan establecer las variables espaciales, ambientales y arquitect\u00f3nicas que influyen en la capacidad funcional de la vida diaria en personas con Alzheimer, dado el enfoque observacional del estudio, sin intervenci\u00f3n terap\u00e9utica, ni ensayos cl\u00ednicos, se considera que supondr\u00e1 un riesgo m\u00ednimo para los participantes. En cualquier caso, se facilitar\u00e1 una lista de recursos de atenci\u00f3n eficaz, incluidas las coordenadas para la atenci\u00f3n de emergencia cercana en caso de necesidad.<\/p><p>Por otro lado, en base a los ensayos descritos se podr\u00e1n establecer las condiciones \u00f3ptimas que deben presentar estos espacios, para producir beneficios en las personas con enfermedad de Alzheimer y el n\u00facleo que los rodea, como son familiares y cuidadores.<\/p><p>\u00a0<\/p>\t\t\t\t\t\t\t\t<\/div>\n\t\t\t\t<\/div>\n\t\t\t\t\t<\/div>\n\t\t<\/div>\n\t\t\t\t\t<\/div>\n\t\t<\/section>\n\t\t\t\t<\/div>\n\t\t","protected":false},"excerpt":{"rendered":"<p>Aspectos \u00e9ticos El proyecto de investigaci\u00f3n ALZARQ considera y aplica los principios establecidos por las regulaciones nacionales e internacionales, incluida<\/p>\n","protected":false},"author":2,"featured_media":0,"parent":2082,"menu_order":0,"comment_status":"closed","ping_status":"closed","template":"","meta":{"_acf_changed":false,"colormag_page_layout":"default_layout","_monsterinsights_skip_tracking":false,"_monsterinsights_sitenote_active":false,"_monsterinsights_sitenote_note":"","_monsterinsights_sitenote_category":0,"_uf_show_specific_survey":0,"_uf_disable_surveys":false,"footnotes":""},"class_list":["post-1149","page","type-page","status-publish","hentry"],"acf":[],"yoast_head":"<!-- This site is optimized with the Yoast SEO plugin v25.2 - https:\/\/yoast.com\/wordpress\/plugins\/seo\/ -->\n<title>Consideraciones \u00e9ticas - ALZARQ<\/title>\n<meta name=\"description\" content=\"El proyecto de investigaci\u00f3n ALZARQ considera y aplica los principios establecidos por las regulaciones nacionales e internacionales, incluida la Declaraci\u00f3n de Helsinki (64\u00aa Asamblea General de la AMM, Fortaleza, Brasil, octubre de 2013), el Informe Belmont (1978) y el C\u00f3digo de \u00c9tica. As\u00ed mismo se siguen los aspectos legales que se establecen en la normativa aplicable que son: el Reglamento (UE) 2016\/679 del Parlamento Europeo y del Consejo de 27 de abril de 2016 relativo a la protecci\u00f3n de las personas f\u00edsicas en lo que respecta al tratamiento de datos personales y a la libre circulaci\u00f3n de estos datos; y la Ley Org\u00e1nica nacional 3\/2018, de 5 de diciembre, de Protecci\u00f3n de Datos Personales y garant\u00eda de los derechos digitales. El proyecto comienza con la aprobaci\u00f3n del Comit\u00e9 de \u00c9tica de la Investigaci\u00f3n Biom\u00e9dica de Andaluc\u00eda.\" \/>\n<meta name=\"robots\" content=\"index, follow, max-snippet:-1, max-image-preview:large, max-video-preview:-1\" \/>\n<link rel=\"canonical\" href=\"https:\/\/grupo.us.es\/alzarq\/el-proyecto\/consideraciones-eticas\/\" \/>\n<meta property=\"og:locale\" content=\"es_ES\" \/>\n<meta property=\"og:type\" content=\"article\" \/>\n<meta property=\"og:title\" content=\"Consideraciones \u00e9ticas - ALZARQ\" \/>\n<meta property=\"og:description\" content=\"El proyecto de investigaci\u00f3n ALZARQ considera y aplica los principios establecidos por las regulaciones nacionales e internacionales, incluida la Declaraci\u00f3n de Helsinki (64\u00aa Asamblea General de la AMM, Fortaleza, Brasil, octubre de 2013), el Informe Belmont (1978) y el C\u00f3digo de \u00c9tica. As\u00ed mismo se siguen los aspectos legales que se establecen en la normativa aplicable que son: el Reglamento (UE) 2016\/679 del Parlamento Europeo y del Consejo de 27 de abril de 2016 relativo a la protecci\u00f3n de las personas f\u00edsicas en lo que respecta al tratamiento de datos personales y a la libre circulaci\u00f3n de estos datos; y la Ley Org\u00e1nica nacional 3\/2018, de 5 de diciembre, de Protecci\u00f3n de Datos Personales y garant\u00eda de los derechos digitales. El proyecto comienza con la aprobaci\u00f3n del Comit\u00e9 de \u00c9tica de la Investigaci\u00f3n Biom\u00e9dica de Andaluc\u00eda.\" \/>\n<meta property=\"og:url\" content=\"https:\/\/grupo.us.es\/alzarq\/el-proyecto\/consideraciones-eticas\/\" \/>\n<meta property=\"og:site_name\" content=\"ALZARQ\" \/>\n<meta property=\"article:modified_time\" content=\"2024-03-13T09:38:55+00:00\" \/>\n<meta property=\"og:image\" content=\"https:\/\/grupo.us.es\/alzarq\/wp-content\/uploads\/2023\/07\/man-gf99df0771_1920-1024x605.jpg\" \/>\n<meta name=\"twitter:card\" content=\"summary_large_image\" \/>\n<meta name=\"twitter:label1\" content=\"Tiempo de lectura\" \/>\n\t<meta name=\"twitter:data1\" content=\"4 minutos\" \/>\n<script type=\"application\/ld+json\" class=\"yoast-schema-graph\">{\"@context\":\"https:\/\/schema.org\",\"@graph\":[{\"@type\":\"WebPage\",\"@id\":\"https:\/\/grupo.us.es\/alzarq\/el-proyecto\/consideraciones-eticas\/\",\"url\":\"https:\/\/grupo.us.es\/alzarq\/el-proyecto\/consideraciones-eticas\/\",\"name\":\"Consideraciones \u00e9ticas - ALZARQ\",\"isPartOf\":{\"@id\":\"https:\/\/grupo.us.es\/alzarq\/#website\"},\"primaryImageOfPage\":{\"@id\":\"https:\/\/grupo.us.es\/alzarq\/el-proyecto\/consideraciones-eticas\/#primaryimage\"},\"image\":{\"@id\":\"https:\/\/grupo.us.es\/alzarq\/el-proyecto\/consideraciones-eticas\/#primaryimage\"},\"thumbnailUrl\":\"https:\/\/grupo.us.es\/alzarq\/wp-content\/uploads\/2023\/07\/man-gf99df0771_1920-1024x605.jpg\",\"datePublished\":\"2023-05-15T06:55:13+00:00\",\"dateModified\":\"2024-03-13T09:38:55+00:00\",\"description\":\"El proyecto de investigaci\u00f3n ALZARQ considera y aplica los principios establecidos por las regulaciones nacionales e internacionales, incluida la Declaraci\u00f3n de Helsinki (64\u00aa Asamblea General de la AMM, Fortaleza, Brasil, octubre de 2013), el Informe Belmont (1978) y el C\u00f3digo de \u00c9tica. As\u00ed mismo se siguen los aspectos legales que se establecen en la normativa aplicable que son: el Reglamento (UE) 2016\/679 del Parlamento Europeo y del Consejo de 27 de abril de 2016 relativo a la protecci\u00f3n de las personas f\u00edsicas en lo que respecta al tratamiento de datos personales y a la libre circulaci\u00f3n de estos datos; y la Ley Org\u00e1nica nacional 3\/2018, de 5 de diciembre, de Protecci\u00f3n de Datos Personales y garant\u00eda de los derechos digitales. El proyecto comienza con la aprobaci\u00f3n del Comit\u00e9 de \u00c9tica de la Investigaci\u00f3n Biom\u00e9dica de Andaluc\u00eda.\",\"breadcrumb\":{\"@id\":\"https:\/\/grupo.us.es\/alzarq\/el-proyecto\/consideraciones-eticas\/#breadcrumb\"},\"inLanguage\":\"es\",\"potentialAction\":[{\"@type\":\"ReadAction\",\"target\":[\"https:\/\/grupo.us.es\/alzarq\/el-proyecto\/consideraciones-eticas\/\"]}]},{\"@type\":\"ImageObject\",\"inLanguage\":\"es\",\"@id\":\"https:\/\/grupo.us.es\/alzarq\/el-proyecto\/consideraciones-eticas\/#primaryimage\",\"url\":\"https:\/\/grupo.us.es\/alzarq\/wp-content\/uploads\/2023\/07\/man-gf99df0771_1920.jpg\",\"contentUrl\":\"https:\/\/grupo.us.es\/alzarq\/wp-content\/uploads\/2023\/07\/man-gf99df0771_1920.jpg\",\"width\":1920,\"height\":1135},{\"@type\":\"BreadcrumbList\",\"@id\":\"https:\/\/grupo.us.es\/alzarq\/el-proyecto\/consideraciones-eticas\/#breadcrumb\",\"itemListElement\":[{\"@type\":\"ListItem\",\"position\":1,\"name\":\"El Proyecto\",\"item\":\"https:\/\/grupo.us.es\/alzarq\/el-proyecto\/\"},{\"@type\":\"ListItem\",\"position\":2,\"name\":\"Consideraciones \u00e9ticas\"}]},{\"@type\":\"WebSite\",\"@id\":\"https:\/\/grupo.us.es\/alzarq\/#website\",\"url\":\"https:\/\/grupo.us.es\/alzarq\/\",\"name\":\"ALZARQ\",\"description\":\"Arquitectura y Alzheimer\",\"publisher\":{\"@id\":\"https:\/\/grupo.us.es\/alzarq\/#organization\"},\"potentialAction\":[{\"@type\":\"SearchAction\",\"target\":{\"@type\":\"EntryPoint\",\"urlTemplate\":\"https:\/\/grupo.us.es\/alzarq\/?s={search_term_string}\"},\"query-input\":{\"@type\":\"PropertyValueSpecification\",\"valueRequired\":true,\"valueName\":\"search_term_string\"}}],\"inLanguage\":\"es\"},{\"@type\":\"Organization\",\"@id\":\"https:\/\/grupo.us.es\/alzarq\/#organization\",\"name\":\"ALZARQ\",\"url\":\"https:\/\/grupo.us.es\/alzarq\/\",\"logo\":{\"@type\":\"ImageObject\",\"inLanguage\":\"es\",\"@id\":\"https:\/\/grupo.us.es\/alzarq\/#\/schema\/logo\/image\/\",\"url\":\"https:\/\/grupo.us.es\/alzarq\/wp-content\/uploads\/2022\/02\/logotipo_alzarq_degradado_150peq-1-3.jpg\",\"contentUrl\":\"https:\/\/grupo.us.es\/alzarq\/wp-content\/uploads\/2022\/02\/logotipo_alzarq_degradado_150peq-1-3.jpg\",\"width\":224,\"height\":70,\"caption\":\"ALZARQ\"},\"image\":{\"@id\":\"https:\/\/grupo.us.es\/alzarq\/#\/schema\/logo\/image\/\"}}]}<\/script>\n<!-- \/ Yoast SEO plugin. -->","yoast_head_json":{"title":"Consideraciones \u00e9ticas - ALZARQ","description":"El proyecto de investigaci\u00f3n ALZARQ considera y aplica los principios establecidos por las regulaciones nacionales e internacionales, incluida la Declaraci\u00f3n de Helsinki (64\u00aa Asamblea General de la AMM, Fortaleza, Brasil, octubre de 2013), el Informe Belmont (1978) y el C\u00f3digo de \u00c9tica. As\u00ed mismo se siguen los aspectos legales que se establecen en la normativa aplicable que son: el Reglamento (UE) 2016\/679 del Parlamento Europeo y del Consejo de 27 de abril de 2016 relativo a la protecci\u00f3n de las personas f\u00edsicas en lo que respecta al tratamiento de datos personales y a la libre circulaci\u00f3n de estos datos; y la Ley Org\u00e1nica nacional 3\/2018, de 5 de diciembre, de Protecci\u00f3n de Datos Personales y garant\u00eda de los derechos digitales. El proyecto comienza con la aprobaci\u00f3n del Comit\u00e9 de \u00c9tica de la Investigaci\u00f3n Biom\u00e9dica de Andaluc\u00eda.","robots":{"index":"index","follow":"follow","max-snippet":"max-snippet:-1","max-image-preview":"max-image-preview:large","max-video-preview":"max-video-preview:-1"},"canonical":"https:\/\/grupo.us.es\/alzarq\/el-proyecto\/consideraciones-eticas\/","og_locale":"es_ES","og_type":"article","og_title":"Consideraciones \u00e9ticas - ALZARQ","og_description":"El proyecto de investigaci\u00f3n ALZARQ considera y aplica los principios establecidos por las regulaciones nacionales e internacionales, incluida la Declaraci\u00f3n de Helsinki (64\u00aa Asamblea General de la AMM, Fortaleza, Brasil, octubre de 2013), el Informe Belmont (1978) y el C\u00f3digo de \u00c9tica. As\u00ed mismo se siguen los aspectos legales que se establecen en la normativa aplicable que son: el Reglamento (UE) 2016\/679 del Parlamento Europeo y del Consejo de 27 de abril de 2016 relativo a la protecci\u00f3n de las personas f\u00edsicas en lo que respecta al tratamiento de datos personales y a la libre circulaci\u00f3n de estos datos; y la Ley Org\u00e1nica nacional 3\/2018, de 5 de diciembre, de Protecci\u00f3n de Datos Personales y garant\u00eda de los derechos digitales. El proyecto comienza con la aprobaci\u00f3n del Comit\u00e9 de \u00c9tica de la Investigaci\u00f3n Biom\u00e9dica de Andaluc\u00eda.","og_url":"https:\/\/grupo.us.es\/alzarq\/el-proyecto\/consideraciones-eticas\/","og_site_name":"ALZARQ","article_modified_time":"2024-03-13T09:38:55+00:00","og_image":[{"url":"https:\/\/grupo.us.es\/alzarq\/wp-content\/uploads\/2023\/07\/man-gf99df0771_1920-1024x605.jpg","type":"","width":"","height":""}],"twitter_card":"summary_large_image","twitter_misc":{"Tiempo de lectura":"4 minutos"},"schema":{"@context":"https:\/\/schema.org","@graph":[{"@type":"WebPage","@id":"https:\/\/grupo.us.es\/alzarq\/el-proyecto\/consideraciones-eticas\/","url":"https:\/\/grupo.us.es\/alzarq\/el-proyecto\/consideraciones-eticas\/","name":"Consideraciones \u00e9ticas - ALZARQ","isPartOf":{"@id":"https:\/\/grupo.us.es\/alzarq\/#website"},"primaryImageOfPage":{"@id":"https:\/\/grupo.us.es\/alzarq\/el-proyecto\/consideraciones-eticas\/#primaryimage"},"image":{"@id":"https:\/\/grupo.us.es\/alzarq\/el-proyecto\/consideraciones-eticas\/#primaryimage"},"thumbnailUrl":"https:\/\/grupo.us.es\/alzarq\/wp-content\/uploads\/2023\/07\/man-gf99df0771_1920-1024x605.jpg","datePublished":"2023-05-15T06:55:13+00:00","dateModified":"2024-03-13T09:38:55+00:00","description":"El proyecto de investigaci\u00f3n ALZARQ considera y aplica los principios establecidos por las regulaciones nacionales e internacionales, incluida la Declaraci\u00f3n de Helsinki (64\u00aa Asamblea General de la AMM, Fortaleza, Brasil, octubre de 2013), el Informe Belmont (1978) y el C\u00f3digo de \u00c9tica. As\u00ed mismo se siguen los aspectos legales que se establecen en la normativa aplicable que son: el Reglamento (UE) 2016\/679 del Parlamento Europeo y del Consejo de 27 de abril de 2016 relativo a la protecci\u00f3n de las personas f\u00edsicas en lo que respecta al tratamiento de datos personales y a la libre circulaci\u00f3n de estos datos; y la Ley Org\u00e1nica nacional 3\/2018, de 5 de diciembre, de Protecci\u00f3n de Datos Personales y garant\u00eda de los derechos digitales. El proyecto comienza con la aprobaci\u00f3n del Comit\u00e9 de \u00c9tica de la Investigaci\u00f3n Biom\u00e9dica de Andaluc\u00eda.","breadcrumb":{"@id":"https:\/\/grupo.us.es\/alzarq\/el-proyecto\/consideraciones-eticas\/#breadcrumb"},"inLanguage":"es","potentialAction":[{"@type":"ReadAction","target":["https:\/\/grupo.us.es\/alzarq\/el-proyecto\/consideraciones-eticas\/"]}]},{"@type":"ImageObject","inLanguage":"es","@id":"https:\/\/grupo.us.es\/alzarq\/el-proyecto\/consideraciones-eticas\/#primaryimage","url":"https:\/\/grupo.us.es\/alzarq\/wp-content\/uploads\/2023\/07\/man-gf99df0771_1920.jpg","contentUrl":"https:\/\/grupo.us.es\/alzarq\/wp-content\/uploads\/2023\/07\/man-gf99df0771_1920.jpg","width":1920,"height":1135},{"@type":"BreadcrumbList","@id":"https:\/\/grupo.us.es\/alzarq\/el-proyecto\/consideraciones-eticas\/#breadcrumb","itemListElement":[{"@type":"ListItem","position":1,"name":"El Proyecto","item":"https:\/\/grupo.us.es\/alzarq\/el-proyecto\/"},{"@type":"ListItem","position":2,"name":"Consideraciones \u00e9ticas"}]},{"@type":"WebSite","@id":"https:\/\/grupo.us.es\/alzarq\/#website","url":"https:\/\/grupo.us.es\/alzarq\/","name":"ALZARQ","description":"Arquitectura y Alzheimer","publisher":{"@id":"https:\/\/grupo.us.es\/alzarq\/#organization"},"potentialAction":[{"@type":"SearchAction","target":{"@type":"EntryPoint","urlTemplate":"https:\/\/grupo.us.es\/alzarq\/?s={search_term_string}"},"query-input":{"@type":"PropertyValueSpecification","valueRequired":true,"valueName":"search_term_string"}}],"inLanguage":"es"},{"@type":"Organization","@id":"https:\/\/grupo.us.es\/alzarq\/#organization","name":"ALZARQ","url":"https:\/\/grupo.us.es\/alzarq\/","logo":{"@type":"ImageObject","inLanguage":"es","@id":"https:\/\/grupo.us.es\/alzarq\/#\/schema\/logo\/image\/","url":"https:\/\/grupo.us.es\/alzarq\/wp-content\/uploads\/2022\/02\/logotipo_alzarq_degradado_150peq-1-3.jpg","contentUrl":"https:\/\/grupo.us.es\/alzarq\/wp-content\/uploads\/2022\/02\/logotipo_alzarq_degradado_150peq-1-3.jpg","width":224,"height":70,"caption":"ALZARQ"},"image":{"@id":"https:\/\/grupo.us.es\/alzarq\/#\/schema\/logo\/image\/"}}]}},"_links":{"self":[{"href":"https:\/\/grupo.us.es\/alzarq\/wp-json\/wp\/v2\/pages\/1149","targetHints":{"allow":["GET"]}}],"collection":[{"href":"https:\/\/grupo.us.es\/alzarq\/wp-json\/wp\/v2\/pages"}],"about":[{"href":"https:\/\/grupo.us.es\/alzarq\/wp-json\/wp\/v2\/types\/page"}],"author":[{"embeddable":true,"href":"https:\/\/grupo.us.es\/alzarq\/wp-json\/wp\/v2\/users\/2"}],"replies":[{"embeddable":true,"href":"https:\/\/grupo.us.es\/alzarq\/wp-json\/wp\/v2\/comments?post=1149"}],"version-history":[{"count":0,"href":"https:\/\/grupo.us.es\/alzarq\/wp-json\/wp\/v2\/pages\/1149\/revisions"}],"up":[{"embeddable":true,"href":"https:\/\/grupo.us.es\/alzarq\/wp-json\/wp\/v2\/pages\/2082"}],"wp:attachment":[{"href":"https:\/\/grupo.us.es\/alzarq\/wp-json\/wp\/v2\/media?parent=1149"}],"curies":[{"name":"wp","href":"https:\/\/api.w.org\/{rel}","templated":true}]}}