{"id":86,"date":"2023-11-28T23:48:11","date_gmt":"2023-11-28T22:48:11","guid":{"rendered":"https:\/\/grupo.us.es\/alcoholsm\/?page_id=86"},"modified":"2025-11-04T14:22:48","modified_gmt":"2025-11-04T13:22:48","slug":"colaboraciones","status":"publish","type":"page","link":"https:\/\/grupo.us.es\/alcoholsm\/colaboraciones","title":{"rendered":"Colaboraciones"},"content":{"rendered":"\n<div class=\"wp-block-group has-global-padding is-layout-constrained wp-block-group-is-layout-constrained\" style=\"padding-top:var(--wp--preset--spacing--x-large);padding-bottom:var(--wp--preset--spacing--x-large)\">\n<h3 class=\"wp-block-heading\"><strong>Grupos colaboradores habituales<\/strong><\/h3>\n\n\n\n<p><strong>Departamento de Qu\u00edmica Org\u00e1nica y Farmac\u00e9utica.<br><\/strong>Facultad Farmacia. Universidad Sevilla. Ana Alcudia Cruz. Profesora Titular de Universidad. Grupo de Investigaci\u00f3n: Carbohidratos y Pol\u00edmeros.<\/p>\n\n\n\n<p><strong>Departamento de Microbiolog\u00eda y Parasitolog\u00eda.<br><\/strong>Facultad Farmacia. Universidad Sevilla. Eloisa Pajuelo Dominguez. Catedr\u00e1tica de Universidad. Grupo de Investigaci\u00f3n: Fitomicrobiomas Como Herramientas Biotecnol\u00f3gicas.<\/p>\n\n\n\n<p><strong>Instituto de Nutrici\u00f3n y Tecnolog\u00eda de los Alimentos \u00abJos\u00e9 Mataix Verd\u00fa\u00bb.<br><\/strong>Universidad de Granada. Responsable de Grupo Dr. Julio Jos\u00e9 Ochoa Herrera.<\/p>\n\n\n\n<p><strong>Departamento de Ciencias Farmac\u00e9uticas y de la Alimentaci\u00f3n.<br><\/strong>Universidad San Pablo-CEU Madrid. Responsable de Grupo Dr. Gregorio Varela Moreiras.<\/p>\n<\/div>\n\n\n\n<div class=\"wp-block-group has-global-padding is-layout-constrained wp-block-group-is-layout-constrained\" style=\"padding-top:var(--wp--preset--spacing--x-large);padding-bottom:var(--wp--preset--spacing--x-large)\">\n<h3 class=\"wp-block-heading\"><strong>Instituciones externas<\/strong><\/h3>\n\n\n\n<div style=\"height:42px\" aria-hidden=\"true\" class=\"wp-block-spacer\"><\/div>\n\n\n\n<div class=\"wp-block-group is-nowrap is-layout-flex wp-container-core-group-is-layout-9ef67fa7 wp-block-group-is-layout-flex\" style=\"padding-right:0;padding-left:0\">\n<figure class=\"wp-block-image alignleft size-full is-resized\"><img loading=\"lazy\" decoding=\"async\" width=\"400\" height=\"300\" src=\"https:\/\/grupo.us.es\/alcoholsm\/wp-content\/uploads\/2023\/11\/huvm.jpg\" alt=\"\" class=\"wp-image-94\" style=\"width:94px;height:auto\" srcset=\"https:\/\/grupo.us.es\/alcoholsm\/wp-content\/uploads\/2023\/11\/huvm.jpg 400w, https:\/\/grupo.us.es\/alcoholsm\/wp-content\/uploads\/2023\/11\/huvm-300x225.jpg 300w\" sizes=\"auto, (max-width: 400px) 100vw, 400px\" \/><\/figure>\n\n\n\n<p><strong>Hospital Universitario Virgen Macarena Sevilla<\/strong>.<strong><br><\/strong>Unidad de Referencia Andaluza para el trastorno del espectro alcoh\u00f3lico fetal.                                                                                                                 <\/p>\n<\/div>\n\n\n\n<div style=\"height:20px\" aria-hidden=\"true\" class=\"wp-block-spacer\"><\/div>\n\n\n\n<div class=\"wp-block-group is-nowrap is-layout-flex wp-container-core-group-is-layout-1b11d160 wp-block-group-is-layout-flex\">\n<figure class=\"wp-block-image alignleft size-full is-resized\"><img loading=\"lazy\" decoding=\"async\" width=\"320\" height=\"240\" src=\"https:\/\/grupo.us.es\/alcoholsm\/wp-content\/uploads\/2023\/11\/huvv.jpg\" alt=\"\" class=\"wp-image-95\" style=\"width:90px\" srcset=\"https:\/\/grupo.us.es\/alcoholsm\/wp-content\/uploads\/2023\/11\/huvv.jpg 320w, https:\/\/grupo.us.es\/alcoholsm\/wp-content\/uploads\/2023\/11\/huvv-300x225.jpg 300w\" sizes=\"auto, (max-width: 320px) 100vw, 320px\" \/><\/figure>\n\n\n\n<p><strong>Hospital Universitario Virgen de Valme Sevilla.<br><\/strong>Servicio de Aparato Digestivo.<\/p>\n<\/div>\n\n\n\n<div style=\"height:20px\" aria-hidden=\"true\" class=\"wp-block-spacer\"><\/div>\n\n\n\n<div class=\"wp-block-group is-nowrap is-layout-flex wp-container-core-group-is-layout-1b11d160 wp-block-group-is-layout-flex\">\n<figure class=\"wp-block-image alignleft size-full is-resized\"><img loading=\"lazy\" decoding=\"async\" width=\"605\" height=\"637\" src=\"https:\/\/grupo.us.es\/alcoholsm\/wp-content\/uploads\/2023\/11\/intajm.png\" alt=\"\" class=\"wp-image-96\" style=\"width:90px\" srcset=\"https:\/\/grupo.us.es\/alcoholsm\/wp-content\/uploads\/2023\/11\/intajm.png 605w, https:\/\/grupo.us.es\/alcoholsm\/wp-content\/uploads\/2023\/11\/intajm-285x300.png 285w\" sizes=\"auto, (max-width: 605px) 100vw, 605px\" \/><\/figure>\n\n\n\n<p><strong>Instituto de Nutrici\u00f3n y Tecnolog\u00eda de los Alimentos \u00abJos\u00e9 Mataix Verd\u00fa\u00bb.<br><\/strong>Universidad de Granada.<\/p>\n<\/div>\n\n\n\n<div style=\"height:20px\" aria-hidden=\"true\" class=\"wp-block-spacer\"><\/div>\n\n\n\n<div class=\"wp-block-group is-nowrap is-layout-flex wp-container-core-group-is-layout-1b11d160 wp-block-group-is-layout-flex\">\n<figure class=\"wp-block-image alignleft size-full is-resized\"><img loading=\"lazy\" decoding=\"async\" width=\"256\" height=\"256\" src=\"https:\/\/grupo.us.es\/alcoholsm\/wp-content\/uploads\/2023\/11\/idg-csic.png\" alt=\"\" class=\"wp-image-97\" style=\"width:90px\" srcset=\"https:\/\/grupo.us.es\/alcoholsm\/wp-content\/uploads\/2023\/11\/idg-csic.png 256w, https:\/\/grupo.us.es\/alcoholsm\/wp-content\/uploads\/2023\/11\/idg-csic-150x150.png 150w\" sizes=\"auto, (max-width: 256px) 100vw, 256px\" \/><\/figure>\n\n\n\n<p><strong>Instituto de la Grasa de Sevilla (CSIC).<br><\/strong>Andaluc\u00eda.<\/p>\n<\/div>\n\n\n\n<div style=\"height:20px\" aria-hidden=\"true\" class=\"wp-block-spacer\"><\/div>\n\n\n\n<div class=\"wp-block-group is-nowrap is-layout-flex wp-container-core-group-is-layout-1b11d160 wp-block-group-is-layout-flex\">\n<figure class=\"wp-block-image alignleft size-full is-resized\"><img loading=\"lazy\" decoding=\"async\" width=\"200\" height=\"125\" src=\"https:\/\/grupo.us.es\/alcoholsm\/wp-content\/uploads\/2023\/11\/ffuspceu.jpg\" alt=\"\" class=\"wp-image-98\" style=\"width:90px\"\/><\/figure>\n\n\n\n<p><strong>Facultad Farmacia.<br><\/strong>Universidad San Pablo-CEU Madrid.<\/p>\n<\/div>\n\n\n\n<div style=\"height:20px\" aria-hidden=\"true\" class=\"wp-block-spacer\"><\/div>\n\n\n\n<div class=\"wp-block-group is-nowrap is-layout-flex wp-container-core-group-is-layout-1b11d160 wp-block-group-is-layout-flex\">\n<figure class=\"wp-block-image alignleft size-full is-resized\"><img loading=\"lazy\" decoding=\"async\" width=\"300\" height=\"224\" src=\"https:\/\/grupo.us.es\/alcoholsm\/wp-content\/uploads\/2023\/11\/ffugr.jpg\" alt=\"\" class=\"wp-image-99\" style=\"width:90px\"\/><\/figure>\n\n\n\n<p><strong>Facultad Farmacia.<br><\/strong>Universidad de Granada.<\/p>\n\n\n\n<p><\/p>\n<\/div>\n<\/div>\n","protected":false},"excerpt":{"rendered":"<p>Grupos colaboradores habituales Departamento de Qu\u00edmica Org\u00e1nica y Farmac\u00e9utica.Facultad Farmacia. Universidad Sevilla. Ana Alcudia Cruz. Profesora Titular de Universidad. Grupo de Investigaci\u00f3n: Carbohidratos y Pol\u00edmeros. Departamento de Microbiolog\u00eda y Parasitolog\u00eda.Facultad Farmacia. Universidad Sevilla. Eloisa Pajuelo Dominguez. Catedr\u00e1tica de Universidad. Grupo de Investigaci\u00f3n: Fitomicrobiomas Como Herramientas Biotecnol\u00f3gicas. Instituto de Nutrici\u00f3n y Tecnolog\u00eda de los Alimentos \u00abJos\u00e9 [&hellip;]<\/p>\n","protected":false},"author":1,"featured_media":0,"parent":0,"menu_order":0,"comment_status":"closed","ping_status":"closed","template":"","meta":{"footnotes":""},"class_list":["post-86","page","type-page","status-publish","hentry"],"_links":{"self":[{"href":"https:\/\/grupo.us.es\/alcoholsm\/wp-json\/wp\/v2\/pages\/86","targetHints":{"allow":["GET"]}}],"collection":[{"href":"https:\/\/grupo.us.es\/alcoholsm\/wp-json\/wp\/v2\/pages"}],"about":[{"href":"https:\/\/grupo.us.es\/alcoholsm\/wp-json\/wp\/v2\/types\/page"}],"author":[{"embeddable":true,"href":"https:\/\/grupo.us.es\/alcoholsm\/wp-json\/wp\/v2\/users\/1"}],"replies":[{"embeddable":true,"href":"https:\/\/grupo.us.es\/alcoholsm\/wp-json\/wp\/v2\/comments?post=86"}],"version-history":[{"count":16,"href":"https:\/\/grupo.us.es\/alcoholsm\/wp-json\/wp\/v2\/pages\/86\/revisions"}],"predecessor-version":[{"id":523,"href":"https:\/\/grupo.us.es\/alcoholsm\/wp-json\/wp\/v2\/pages\/86\/revisions\/523"}],"wp:attachment":[{"href":"https:\/\/grupo.us.es\/alcoholsm\/wp-json\/wp\/v2\/media?parent=86"}],"curies":[{"name":"wp","href":"https:\/\/api.w.org\/{rel}","templated":true}]}}