{"id":71,"date":"2023-11-28T23:46:29","date_gmt":"2023-11-28T22:46:29","guid":{"rendered":"https:\/\/grupo.us.es\/alcoholsm\/?page_id=71"},"modified":"2026-01-20T13:33:36","modified_gmt":"2026-01-20T12:33:36","slug":"componentes-del-grupo","status":"publish","type":"page","link":"https:\/\/grupo.us.es\/alcoholsm\/componentes-del-grupo","title":{"rendered":"Componentes del Grupo"},"content":{"rendered":"\n<div class=\"wp-block-group has-global-padding is-layout-constrained wp-block-group-is-layout-constrained\" style=\"margin-top:0px;margin-bottom:0px;padding-top:var(--wp--preset--spacing--x-large);padding-bottom:var(--wp--preset--spacing--x-large)\">\n<div class=\"wp-block-group alignwide is-layout-flow wp-block-group-is-layout-flow\">\n<div class=\"wp-block-columns is-layout-flex wp-container-core-columns-is-layout-f619a8c7 wp-block-columns-is-layout-flex\">\n<div class=\"wp-block-column is-vertically-aligned-top is-layout-flow wp-block-column-is-layout-flow\">\n<div class=\"wp-block-group has-global-padding is-layout-constrained wp-block-group-is-layout-constrained\">\n<div class=\"wp-block-group has-global-padding is-layout-constrained wp-block-group-is-layout-constrained\">\n<div class=\"wp-block-group is-nowrap is-layout-flex wp-container-core-group-is-layout-6c531013 wp-block-group-is-layout-flex\">\n<figure class=\"wp-block-image alignleft size-full is-resized has-custom-border\"><img loading=\"lazy\" decoding=\"async\" width=\"218\" height=\"217\" src=\"https:\/\/grupo.us.es\/alcoholsm\/wp-content\/uploads\/2023\/11\/olimpia.jpg\" alt=\"\" class=\"wp-image-76\" style=\"border-radius:10px;width:150px\" srcset=\"https:\/\/grupo.us.es\/alcoholsm\/wp-content\/uploads\/2023\/11\/olimpia.jpg 218w, https:\/\/grupo.us.es\/alcoholsm\/wp-content\/uploads\/2023\/11\/olimpia-150x150.jpg 150w\" sizes=\"auto, (max-width: 218px) 100vw, 218px\" \/><\/figure>\n\n\n\n<div class=\"wp-block-group has-global-padding is-layout-constrained wp-container-core-group-is-layout-7bc66994 wp-block-group-is-layout-constrained\">\n<h2 class=\"wp-block-heading has-text-align-left has-medium-font-size\">Dra. Olimpia Carreras S\u00e1nchez<\/h2>\n\n\n\n<p class=\"has-text-align-left has-base-font-size\">Catedr\u00e1tica de Universidad de Sevilla y responsable del grupo<\/p>\n\n\n\n<p>Departamento Fisiolog\u00eda, Facultad de Farmacia<\/p>\n\n\n\n<p class=\"has-text-align-left has-base-font-size\">olimpia@us.es<\/p>\n<\/div>\n<\/div>\n<\/div>\n<\/div>\n<\/div>\n<\/div>\n<\/div>\n\n\n\n<div class=\"wp-block-group alignwide is-layout-flow wp-block-group-is-layout-flow\">\n<div class=\"wp-block-columns is-layout-flex wp-container-core-columns-is-layout-f619a8c7 wp-block-columns-is-layout-flex\">\n<div class=\"wp-block-column is-vertically-aligned-top is-layout-flow wp-block-column-is-layout-flow\">\n<div class=\"wp-block-group has-global-padding is-layout-constrained wp-block-group-is-layout-constrained\">\n<div class=\"wp-block-group has-global-padding is-layout-constrained wp-block-group-is-layout-constrained\">\n<div class=\"wp-block-group is-nowrap is-layout-flex wp-container-core-group-is-layout-6c531013 wp-block-group-is-layout-flex\">\n<figure class=\"wp-block-image alignleft size-full is-resized has-custom-border\"><img loading=\"lazy\" decoding=\"async\" width=\"216\" height=\"217\" src=\"https:\/\/grupo.us.es\/alcoholsm\/wp-content\/uploads\/2023\/11\/taravillo.jpg\" alt=\"\" class=\"wp-image-77\" style=\"border-radius:10px;width:150px\" srcset=\"https:\/\/grupo.us.es\/alcoholsm\/wp-content\/uploads\/2023\/11\/taravillo.jpg 216w, https:\/\/grupo.us.es\/alcoholsm\/wp-content\/uploads\/2023\/11\/taravillo-150x150.jpg 150w\" sizes=\"auto, (max-width: 216px) 100vw, 216px\" \/><\/figure>\n\n\n\n<div class=\"wp-block-group has-global-padding is-layout-constrained wp-container-core-group-is-layout-7bc66994 wp-block-group-is-layout-constrained\">\n<h2 class=\"wp-block-heading has-text-align-left has-medium-font-size\">Dra. Mar\u00eda Luisa Murillo Taravillo<\/h2>\n\n\n\n<p>Profesora Titular em\u00e9rita Universidad de Sevilla<\/p>\n\n\n\n<p>Departamento Fisiolog\u00eda, Facultad de Farmacia<\/p>\n\n\n\n<p>taravillo@us.es<\/p>\n<\/div>\n<\/div>\n<\/div>\n<\/div>\n<\/div>\n<\/div>\n<\/div>\n\n\n\n<div class=\"wp-block-group alignwide is-layout-flow wp-block-group-is-layout-flow\">\n<div class=\"wp-block-columns is-layout-flex wp-container-core-columns-is-layout-f619a8c7 wp-block-columns-is-layout-flex\">\n<div class=\"wp-block-column is-vertically-aligned-top is-layout-flow wp-block-column-is-layout-flow\">\n<div class=\"wp-block-group has-global-padding is-layout-constrained wp-block-group-is-layout-constrained\">\n<div class=\"wp-block-group is-nowrap is-layout-flex wp-container-core-group-is-layout-6c531013 wp-block-group-is-layout-flex\">\n<figure class=\"wp-block-image alignleft size-full is-resized has-custom-border\"><img loading=\"lazy\" decoding=\"async\" width=\"218\" height=\"217\" src=\"https:\/\/grupo.us.es\/alcoholsm\/wp-content\/uploads\/2023\/11\/ojedamuri.jpg\" alt=\"\" class=\"wp-image-78\" style=\"border-radius:10px;width:150px\" srcset=\"https:\/\/grupo.us.es\/alcoholsm\/wp-content\/uploads\/2023\/11\/ojedamuri.jpg 218w, https:\/\/grupo.us.es\/alcoholsm\/wp-content\/uploads\/2023\/11\/ojedamuri-150x150.jpg 150w\" sizes=\"auto, (max-width: 218px) 100vw, 218px\" \/><\/figure>\n\n\n\n<div class=\"wp-block-group has-global-padding is-layout-constrained wp-container-core-group-is-layout-7bc66994 wp-block-group-is-layout-constrained\">\n<h2 class=\"wp-block-heading has-text-align-left has-medium-font-size\">Dra. M\u00aa Luisa Ojeda Murillo<\/h2>\n\n\n\n<p>Profesora Titular Universidad de Sevilla<\/p>\n\n\n\n<p>Departamento Fisiolog\u00eda, Facultad de Farmacia<\/p>\n\n\n\n<p>ojedamuri11@us.es<\/p>\n<\/div>\n<\/div>\n<\/div>\n<\/div>\n<\/div>\n<\/div>\n\n\n\n<div class=\"wp-block-group alignwide is-layout-flow wp-block-group-is-layout-flow\">\n<div class=\"wp-block-columns is-layout-flex wp-container-core-columns-is-layout-f619a8c7 wp-block-columns-is-layout-flex\">\n<div class=\"wp-block-column is-vertically-aligned-top is-layout-flow wp-block-column-is-layout-flow\">\n<div class=\"wp-block-group has-global-padding is-layout-constrained wp-block-group-is-layout-constrained\">\n<div class=\"wp-block-group is-nowrap is-layout-flex wp-container-core-group-is-layout-6c531013 wp-block-group-is-layout-flex\">\n<figure class=\"wp-block-image alignleft size-full is-resized has-custom-border\"><img loading=\"lazy\" decoding=\"async\" width=\"218\" height=\"217\" src=\"https:\/\/grupo.us.es\/alcoholsm\/wp-content\/uploads\/2023\/11\/fnogales.jpg\" alt=\"\" class=\"wp-image-79\" style=\"border-radius:10px;width:150px\" srcset=\"https:\/\/grupo.us.es\/alcoholsm\/wp-content\/uploads\/2023\/11\/fnogales.jpg 218w, https:\/\/grupo.us.es\/alcoholsm\/wp-content\/uploads\/2023\/11\/fnogales-150x150.jpg 150w\" sizes=\"auto, (max-width: 218px) 100vw, 218px\" \/><\/figure>\n\n\n\n<div class=\"wp-block-group has-global-padding is-layout-constrained wp-container-core-group-is-layout-7bc66994 wp-block-group-is-layout-constrained\">\n<h2 class=\"wp-block-heading has-text-align-left has-medium-font-size\">Dra. F\u00e1tima Nogales Bueno<\/h2>\n\n\n\n<p>Profesora Titular Universidad de Sevilla<\/p>\n\n\n\n<p>Departamento Fisiolog\u00eda, Facultad de Farmacia<\/p>\n\n\n\n<p>fnogales@us.es<\/p>\n<\/div>\n<\/div>\n<\/div>\n<\/div>\n<\/div>\n<\/div>\n\n\n\n<div class=\"wp-block-group alignwide is-layout-flow wp-block-group-is-layout-flow\">\n<div class=\"wp-block-columns is-layout-flex wp-container-core-columns-is-layout-f619a8c7 wp-block-columns-is-layout-flex\">\n<div class=\"wp-block-column is-vertically-aligned-top is-layout-flow wp-block-column-is-layout-flow\">\n<div class=\"wp-block-group has-global-padding is-layout-constrained wp-block-group-is-layout-constrained\">\n<div class=\"wp-block-group is-nowrap is-layout-flex wp-container-core-group-is-layout-6c531013 wp-block-group-is-layout-flex\">\n<div class=\"wp-block-group is-nowrap is-layout-flex wp-container-core-group-is-layout-6c531013 wp-block-group-is-layout-flex\">\n<figure class=\"wp-block-image alignleft size-full is-resized has-custom-border\"><img loading=\"lazy\" decoding=\"async\" width=\"250\" height=\"290\" src=\"https:\/\/grupo.us.es\/alcoholsm\/wp-content\/uploads\/2023\/11\/irh.jpg\" alt=\"\" class=\"wp-image-81\" style=\"border-radius:10px;width:150px\"\/><\/figure>\n\n\n\n<div class=\"wp-block-group has-global-padding is-layout-constrained wp-container-core-group-is-layout-7bc66994 wp-block-group-is-layout-constrained\">\n<h2 class=\"wp-block-heading has-text-align-left has-medium-font-size\">Dra. In\u00e9s Romero Herrera<\/h2>\n\n\n\n<p>Investigadora postdoctoral Universidad de Sevilla<\/p>\n\n\n\n<p>Departamento Fisiolog\u00eda, Facultad de Farmacia<\/p>\n\n\n\n<p>iromero3@us.es<\/p>\n<\/div>\n<\/div>\n<\/div>\n<\/div>\n<\/div>\n<\/div>\n<\/div>\n\n\n\n<div class=\"wp-block-group alignwide is-layout-flow wp-block-group-is-layout-flow\">\n<div class=\"wp-block-columns is-layout-flex wp-container-core-columns-is-layout-f619a8c7 wp-block-columns-is-layout-flex\">\n<div class=\"wp-block-column is-vertically-aligned-top is-layout-flow wp-block-column-is-layout-flow\">\n<div class=\"wp-block-group has-global-padding is-layout-constrained wp-container-core-group-is-layout-7bc66994 wp-block-group-is-layout-constrained\">\n<div class=\"wp-block-group has-global-padding is-layout-constrained wp-block-group-is-layout-constrained\">\n<div class=\"wp-block-group is-nowrap is-layout-flex wp-container-core-group-is-layout-6c531013 wp-block-group-is-layout-flex\">\n<figure class=\"wp-block-image alignleft size-full is-resized has-custom-border\"><img loading=\"lazy\" decoding=\"async\" width=\"250\" height=\"250\" src=\"https:\/\/grupo.us.es\/alcoholsm\/wp-content\/uploads\/2023\/11\/kja.jpg\" alt=\"\" class=\"wp-image-80\" style=\"border-radius:10px;width:150px\" srcset=\"https:\/\/grupo.us.es\/alcoholsm\/wp-content\/uploads\/2023\/11\/kja.jpg 250w, https:\/\/grupo.us.es\/alcoholsm\/wp-content\/uploads\/2023\/11\/kja-150x150.jpg 150w\" sizes=\"auto, (max-width: 250px) 100vw, 250px\" \/><\/figure>\n\n\n\n<p><strong>Dr. Karick Jotty Arroyo<\/strong><br>Profesor Universidad de Cartagena<\/p>\n<\/div>\n<\/div>\n<\/div>\n<\/div>\n<\/div>\n<\/div>\n\n\n\n<div class=\"wp-block-group alignwide is-layout-flow wp-block-group-is-layout-flow\">\n<div class=\"wp-block-columns is-layout-flex wp-container-core-columns-is-layout-f619a8c7 wp-block-columns-is-layout-flex\">\n<div class=\"wp-block-column is-vertically-aligned-top is-layout-flow wp-block-column-is-layout-flow\">\n<div class=\"wp-block-group has-global-padding is-layout-constrained wp-block-group-is-layout-constrained\">\n<div class=\"wp-block-group has-global-padding is-layout-constrained wp-block-group-is-layout-constrained\">\n<div class=\"wp-block-group has-global-padding is-layout-constrained wp-block-group-is-layout-constrained\">\n<div class=\"wp-block-group has-global-padding is-layout-constrained wp-block-group-is-layout-constrained\">\n<div class=\"wp-block-group has-global-padding is-layout-constrained wp-block-group-is-layout-constrained\">\n<div class=\"wp-block-group is-nowrap is-layout-flex wp-container-core-group-is-layout-6c531013 wp-block-group-is-layout-flex\">\n<div class=\"wp-block-group is-nowrap is-layout-flex wp-container-core-group-is-layout-6c531013 wp-block-group-is-layout-flex\">\n<div class=\"wp-block-group is-nowrap is-layout-flex wp-container-core-group-is-layout-6c531013 wp-block-group-is-layout-flex\">\n<figure class=\"wp-block-image alignleft size-full is-resized has-custom-border\"><img loading=\"lazy\" decoding=\"async\" width=\"250\" height=\"349\" src=\"https:\/\/grupo.us.es\/alcoholsm\/wp-content\/uploads\/2023\/11\/mcgl.jpg\" alt=\"\" class=\"wp-image-82\" style=\"border-radius:10px;width:150px\" srcset=\"https:\/\/grupo.us.es\/alcoholsm\/wp-content\/uploads\/2023\/11\/mcgl.jpg 250w, https:\/\/grupo.us.es\/alcoholsm\/wp-content\/uploads\/2023\/11\/mcgl-215x300.jpg 215w\" sizes=\"auto, (max-width: 250px) 100vw, 250px\" \/><\/figure>\n\n\n\n<div class=\"wp-block-group has-global-padding is-layout-constrained wp-container-core-group-is-layout-7bc66994 wp-block-group-is-layout-constrained\">\n<h2 class=\"wp-block-heading has-text-align-left has-medium-font-size\">Mar\u00eda del Carmen Gallego L\u00f3pez<\/h2>\n\n\n\n<p>Estudiante de doctorado Universidad de Sevilla<\/p>\n\n\n\n<p>Departamento Fisiolog\u00eda, Facultad de Farmacia<\/p>\n\n\n\n<p>mgallego3@us.es<\/p>\n<\/div>\n<\/div>\n<\/div>\n<\/div>\n<\/div>\n<\/div>\n<\/div>\n<\/div>\n<\/div>\n\n\n\n<div class=\"wp-block-group has-global-padding is-layout-constrained wp-block-group-is-layout-constrained\">\n<div class=\"wp-block-group has-global-padding is-layout-constrained wp-block-group-is-layout-constrained\">\n<div class=\"wp-block-group is-nowrap is-layout-flex wp-container-core-group-is-layout-6c531013 wp-block-group-is-layout-flex\">\n<div class=\"wp-block-group is-nowrap is-layout-flex wp-container-core-group-is-layout-6c531013 wp-block-group-is-layout-flex\">\n<div class=\"wp-block-group is-nowrap is-layout-flex wp-container-core-group-is-layout-6c531013 wp-block-group-is-layout-flex\">\n<div class=\"wp-block-group is-nowrap is-layout-flex wp-container-core-group-is-layout-6c531013 wp-block-group-is-layout-flex\">\n<figure class=\"wp-block-image alignleft size-full is-resized has-custom-border\"><img loading=\"lazy\" decoding=\"async\" width=\"307\" height=\"307\" src=\"https:\/\/grupo.us.es\/alcoholsm\/wp-content\/uploads\/2023\/11\/us.webp\" alt=\"\" class=\"wp-image-31\" style=\"border-radius:10px;width:150px\" srcset=\"https:\/\/grupo.us.es\/alcoholsm\/wp-content\/uploads\/2023\/11\/us.webp 307w, https:\/\/grupo.us.es\/alcoholsm\/wp-content\/uploads\/2023\/11\/us-300x300.webp 300w, https:\/\/grupo.us.es\/alcoholsm\/wp-content\/uploads\/2023\/11\/us-150x150.webp 150w\" sizes=\"auto, (max-width: 307px) 100vw, 307px\" \/><\/figure>\n\n\n\n<div class=\"wp-block-group has-global-padding is-layout-constrained wp-container-core-group-is-layout-7bc66994 wp-block-group-is-layout-constrained\">\n<div class=\"wp-block-group has-global-padding is-layout-constrained wp-block-group-is-layout-constrained\">\n<h2 class=\"wp-block-heading has-text-align-left has-medium-font-size\">Dra. Ana Mar\u00eda G\u00f3mez Tub\u00edo<\/h2>\n\n\n\n<p>Profesora Asociada<\/p>\n\n\n\n<p>Departamento Fisiolog\u00eda, Facultad de Farmacia<\/p>\n\n\n\n<p>agtubio@us.es<\/p>\n<\/div>\n<\/div>\n<\/div>\n<\/div>\n<\/div>\n<\/div>\n\n\n\n<div class=\"wp-block-group has-global-padding is-layout-constrained wp-block-group-is-layout-constrained\">\n<div class=\"wp-block-group is-nowrap is-layout-flex wp-container-core-group-is-layout-6c531013 wp-block-group-is-layout-flex\">\n<div class=\"wp-block-group is-nowrap is-layout-flex wp-container-core-group-is-layout-6c531013 wp-block-group-is-layout-flex\">\n<div class=\"wp-block-group is-nowrap is-layout-flex wp-container-core-group-is-layout-6c531013 wp-block-group-is-layout-flex\">\n<div class=\"wp-block-group is-nowrap is-layout-flex wp-container-core-group-is-layout-6c531013 wp-block-group-is-layout-flex\">\n<figure class=\"wp-block-image alignleft size-full is-resized has-custom-border\"><img loading=\"lazy\" decoding=\"async\" width=\"324\" height=\"412\" src=\"https:\/\/grupo.us.es\/alcoholsm\/wp-content\/uploads\/2025\/12\/foto-paula.png\" alt=\"\" class=\"wp-image-546\" style=\"border-radius:10px;width:150px;height:auto\" srcset=\"https:\/\/grupo.us.es\/alcoholsm\/wp-content\/uploads\/2025\/12\/foto-paula.png 324w, https:\/\/grupo.us.es\/alcoholsm\/wp-content\/uploads\/2025\/12\/foto-paula-236x300.png 236w\" sizes=\"auto, (max-width: 324px) 100vw, 324px\" \/><\/figure>\n\n\n\n<div class=\"wp-block-group has-global-padding is-layout-constrained wp-container-core-group-is-layout-7bc66994 wp-block-group-is-layout-constrained\">\n<div class=\"wp-block-group has-global-padding is-layout-constrained wp-block-group-is-layout-constrained\">\n<div class=\"wp-block-group has-global-padding is-layout-constrained wp-block-group-is-layout-constrained\">\n<h2 class=\"wp-block-heading has-text-align-left has-medium-font-size\">Dra. Paula Sobrino Calero<\/h2>\n<\/div>\n\n\n\n<p>Doctora en Farmacia por la Universidad de Sevilla<\/p>\n\n\n\n<p>Departamento Fisiolog\u00eda, Facultad de Farmacia<\/p>\n\n\n\n<p>paulasobrinocalero@hotmail.com<\/p>\n<\/div>\n<\/div>\n<\/div>\n<\/div>\n<\/div>\n<\/div>\n<\/div>\n<\/div>\n<\/div>\n<\/div>\n<\/div>\n<\/div>\n<\/div>\n\n\n\n<h3 class=\"wp-block-heading\"><strong>Otros miembros del Grupo<\/strong><\/h3>\n\n\n\n<div style=\"height:40px\" aria-hidden=\"true\" class=\"wp-block-spacer\"><\/div>\n\n\n\n<div class=\"wp-block-group alignwide is-layout-flow wp-block-group-is-layout-flow\">\n<div class=\"wp-block-columns is-layout-flex wp-container-core-columns-is-layout-f619a8c7 wp-block-columns-is-layout-flex\">\n<div class=\"wp-block-column is-vertically-aligned-top is-layout-flow wp-block-column-is-layout-flow\">\n<div class=\"wp-block-group has-global-padding is-layout-constrained wp-block-group-is-layout-constrained\">\n<div class=\"wp-block-group is-nowrap is-layout-flex wp-container-core-group-is-layout-6c531013 wp-block-group-is-layout-flex\">\n<figure class=\"wp-block-image alignleft size-full is-resized has-custom-border\"><img loading=\"lazy\" decoding=\"async\" width=\"218\" height=\"217\" src=\"https:\/\/grupo.us.es\/alcoholsm\/wp-content\/uploads\/2023\/11\/isamar13.jpg\" alt=\"\" class=\"wp-image-83\" style=\"border-radius:10px;width:150px\" srcset=\"https:\/\/grupo.us.es\/alcoholsm\/wp-content\/uploads\/2023\/11\/isamar13.jpg 218w, https:\/\/grupo.us.es\/alcoholsm\/wp-content\/uploads\/2023\/11\/isamar13-150x150.jpg 150w\" sizes=\"auto, (max-width: 218px) 100vw, 218px\" \/><\/figure>\n\n\n\n<div class=\"wp-block-group has-global-padding is-layout-constrained wp-container-core-group-is-layout-7bc66994 wp-block-group-is-layout-constrained\">\n<h2 class=\"wp-block-heading has-text-align-left has-medium-font-size\">Lda. Isabel Mart\u00ednez L\u00f3pez<\/h2>\n\n\n\n<p>Asistente honorario<\/p>\n\n\n\n<p>Departamento Fisiolog\u00eda, Facultad de Farmacia<\/p>\n\n\n\n<p>isamar13@hotmail.com<\/p>\n<\/div>\n<\/div>\n\n\n\n<div class=\"wp-block-group is-nowrap is-layout-flex wp-container-core-group-is-layout-6c531013 wp-block-group-is-layout-flex\">\n<figure class=\"wp-block-image alignleft size-full is-resized has-custom-border\"><img loading=\"lazy\" decoding=\"async\" width=\"250\" height=\"333\" src=\"https:\/\/grupo.us.es\/alcoholsm\/wp-content\/uploads\/2023\/11\/rmgf.jpg\" alt=\"\" class=\"wp-image-84\" style=\"border-radius:10px;width:150px\" srcset=\"https:\/\/grupo.us.es\/alcoholsm\/wp-content\/uploads\/2023\/11\/rmgf.jpg 250w, https:\/\/grupo.us.es\/alcoholsm\/wp-content\/uploads\/2023\/11\/rmgf-225x300.jpg 225w\" sizes=\"auto, (max-width: 250px) 100vw, 250px\" \/><\/figure>\n\n\n\n<div class=\"wp-block-group has-global-padding is-layout-constrained wp-container-core-group-is-layout-7bc66994 wp-block-group-is-layout-constrained\">\n<h2 class=\"wp-block-heading has-text-align-left has-medium-font-size\">Dr. Rui Manuel Gomes de Figueiredo Rua<\/h2>\n\n\n\n<p>Profesor Universidad Fernando Pessoa<\/p>\n\n\n\n<p>Oporto, Portugal<\/p>\n<\/div>\n<\/div>\n\n\n\n<div class=\"wp-block-group is-nowrap is-layout-flex wp-container-core-group-is-layout-6c531013 wp-block-group-is-layout-flex\">\n<figure class=\"wp-block-image alignleft size-full is-resized has-custom-border\"><img loading=\"lazy\" decoding=\"async\" width=\"307\" height=\"307\" src=\"https:\/\/grupo.us.es\/alcoholsm\/wp-content\/uploads\/2023\/11\/us.webp\" alt=\"\" class=\"wp-image-31\" style=\"border-radius:10px;width:150px;height:auto\" srcset=\"https:\/\/grupo.us.es\/alcoholsm\/wp-content\/uploads\/2023\/11\/us.webp 307w, https:\/\/grupo.us.es\/alcoholsm\/wp-content\/uploads\/2023\/11\/us-300x300.webp 300w, https:\/\/grupo.us.es\/alcoholsm\/wp-content\/uploads\/2023\/11\/us-150x150.webp 150w\" sizes=\"auto, (max-width: 307px) 100vw, 307px\" \/><\/figure>\n\n\n\n<div class=\"wp-block-group has-global-padding is-layout-constrained wp-container-core-group-is-layout-7bc66994 wp-block-group-is-layout-constrained\">\n<h2 class=\"wp-block-heading has-text-align-left has-medium-font-size\">\u00d3scar Delgado Castro<\/h2>\n\n\n\n<p>Alumno Interno y Estudiante de Farmacia<\/p>\n\n\n\n<p class=\"has-text-align-left\">Departamento de Fisiolog\u00eda, Facultad de Farmacia<\/p>\n<\/div>\n<\/div>\n\n\n\n<div class=\"wp-block-group is-nowrap is-layout-flex wp-container-core-group-is-layout-6c531013 wp-block-group-is-layout-flex\">\n<figure class=\"wp-block-image alignleft size-full is-resized has-custom-border\"><img loading=\"lazy\" decoding=\"async\" width=\"307\" height=\"307\" src=\"https:\/\/grupo.us.es\/alcoholsm\/wp-content\/uploads\/2023\/11\/us.webp\" alt=\"\" class=\"wp-image-31\" style=\"border-radius:10px;width:150px\" srcset=\"https:\/\/grupo.us.es\/alcoholsm\/wp-content\/uploads\/2023\/11\/us.webp 307w, https:\/\/grupo.us.es\/alcoholsm\/wp-content\/uploads\/2023\/11\/us-300x300.webp 300w, https:\/\/grupo.us.es\/alcoholsm\/wp-content\/uploads\/2023\/11\/us-150x150.webp 150w\" sizes=\"auto, (max-width: 307px) 100vw, 307px\" \/><\/figure>\n\n\n\n<div class=\"wp-block-group has-global-padding is-layout-constrained wp-container-core-group-is-layout-7bc66994 wp-block-group-is-layout-constrained\">\n<h2 class=\"wp-block-heading has-text-align-left has-medium-font-size\">Antonio Toro<\/h2>\n\n\n\n<p>Alumno Interno y Estudiante de Farmacia<\/p>\n\n\n\n<p>Departamento de Fisiolog\u00eda, Facultad de Farmacia<\/p>\n<\/div>\n<\/div>\n<\/div>\n<\/div>\n<\/div>\n<\/div>\n","protected":false},"excerpt":{"rendered":"<p>Dra. Olimpia Carreras S\u00e1nchez Catedr\u00e1tica de Universidad de Sevilla y responsable del grupo Departamento Fisiolog\u00eda, Facultad de Farmacia olimpia@us.es Dra. Mar\u00eda Luisa Murillo Taravillo Profesora Titular em\u00e9rita Universidad de Sevilla Departamento Fisiolog\u00eda, Facultad de Farmacia taravillo@us.es Dra. M\u00aa Luisa Ojeda Murillo Profesora Titular Universidad de Sevilla Departamento Fisiolog\u00eda, Facultad de Farmacia ojedamuri11@us.es Dra. F\u00e1tima Nogales [&hellip;]<\/p>\n","protected":false},"author":1,"featured_media":0,"parent":0,"menu_order":0,"comment_status":"closed","ping_status":"closed","template":"","meta":{"footnotes":""},"class_list":["post-71","page","type-page","status-publish","hentry"],"_links":{"self":[{"href":"https:\/\/grupo.us.es\/alcoholsm\/wp-json\/wp\/v2\/pages\/71","targetHints":{"allow":["GET"]}}],"collection":[{"href":"https:\/\/grupo.us.es\/alcoholsm\/wp-json\/wp\/v2\/pages"}],"about":[{"href":"https:\/\/grupo.us.es\/alcoholsm\/wp-json\/wp\/v2\/types\/page"}],"author":[{"embeddable":true,"href":"https:\/\/grupo.us.es\/alcoholsm\/wp-json\/wp\/v2\/users\/1"}],"replies":[{"embeddable":true,"href":"https:\/\/grupo.us.es\/alcoholsm\/wp-json\/wp\/v2\/comments?post=71"}],"version-history":[{"count":30,"href":"https:\/\/grupo.us.es\/alcoholsm\/wp-json\/wp\/v2\/pages\/71\/revisions"}],"predecessor-version":[{"id":585,"href":"https:\/\/grupo.us.es\/alcoholsm\/wp-json\/wp\/v2\/pages\/71\/revisions\/585"}],"wp:attachment":[{"href":"https:\/\/grupo.us.es\/alcoholsm\/wp-json\/wp\/v2\/media?parent=71"}],"curies":[{"name":"wp","href":"https:\/\/api.w.org\/{rel}","templated":true}]}}