{"id":65,"date":"2023-11-28T23:24:14","date_gmt":"2023-11-28T22:24:14","guid":{"rendered":"https:\/\/grupo.us.es\/alcoholsm\/?page_id=65"},"modified":"2025-12-03T13:40:04","modified_gmt":"2025-12-03T12:40:04","slug":"informacion-del-grupo","status":"publish","type":"page","link":"https:\/\/grupo.us.es\/alcoholsm\/informacion-del-grupo","title":{"rendered":"Informaci\u00f3n del Grupo"},"content":{"rendered":"\n<div class=\"wp-block-group has-global-padding is-layout-constrained wp-block-group-is-layout-constrained\" style=\"padding-top:0;padding-bottom:0\">\n<div class=\"wp-block-group has-global-padding is-layout-constrained wp-container-core-group-is-layout-4fff49d8 wp-block-group-is-layout-constrained\" style=\"margin-top:var(--wp--preset--spacing--large);margin-bottom:var(--wp--preset--spacing--large);padding-top:0;padding-bottom:0\">\n<figure class=\"wp-block-image alignwide size-full\"><img loading=\"lazy\" decoding=\"async\" width=\"700\" height=\"452\" src=\"https:\/\/grupo.us.es\/alcoholsm\/wp-content\/uploads\/2023\/11\/todos.jpg\" alt=\"\" class=\"wp-image-66\" srcset=\"https:\/\/grupo.us.es\/alcoholsm\/wp-content\/uploads\/2023\/11\/todos.jpg 700w, https:\/\/grupo.us.es\/alcoholsm\/wp-content\/uploads\/2023\/11\/todos-300x194.jpg 300w\" sizes=\"auto, (max-width: 700px) 100vw, 700px\" \/><\/figure>\n<\/div>\n\n\n\n<div class=\"wp-block-group has-global-padding is-layout-constrained wp-block-group-is-layout-constrained\">\n<p class=\"has-text-align-left\">El grupo de Investigaci\u00f3n \u00abImplicaci\u00f3n del Balance Oxidativo en la Salud: Alcoholismo y S\u00edndrome Metab\u00f3lico\u201d (CTS-193) de la Junta de Andaluc\u00eda, pertenece a la Facultad de Farmacia de la Universidad de Sevilla y a la Red Andaluza de Investigaci\u00f3n en Drogodependencia y Adicciones (RAIDA) de la Consejer\u00eda de Igualdad, Pol\u00edticas Sociales y Conciliaci\u00f3n de la Junta de Andaluc\u00eda.<\/p>\n\n\n\n<p class=\"has-text-align-left\">Desde hace m\u00e1s de veinte a\u00f1os, se dedica a estudiar los efectos nocivos del alcohol, realizando estudios cl\u00ednicos en pacientes alcoh\u00f3licos con da\u00f1o hep\u00e1tico, y en ni\u00f1os con trastorno del espectro alcoh\u00f3lico fetal (TEAF), cuyas madres consumieron alcohol durante el embarazo; y estudios experimentales, con animales de investigaci\u00f3n, utilizando diferentes modelos de alcoholismo cr\u00f3nico, de TEAF (madres y cr\u00edas), y el efecto que produce el consumo de alcohol agudo tipo binge drinking (o botell\u00f3n) durante la adolescencia.<\/p>\n\n\n\n<p class=\"has-text-align-left\">Paralelamente a los estudios de alcohol, el grupo tambi\u00e9n ha estudiado el S\u00edndrome metab\u00f3lico (SM), desarrollando un modelo de ratas con SM. En este contexto, se ha descrito la programaci\u00f3n metab\u00f3lica fetal o los des\u00f3rdenes de la vida adulta que pueden ser originados por una malnutrici\u00f3n materna. Esta programaci\u00f3n fetal se ha demostrado en los casos de alcoholismo y s\u00edndrome metab\u00f3lico.<\/p>\n\n\n\n<p class=\"has-text-align-left\">Este grupo de investigaci\u00f3n tambi\u00e9n ha analizado varios suplementos nutricionales naturales de bajo coste, como el \u00e1cido f\u00f3lico y selenio, frente al estr\u00e9s oxidativo generado en diferentes modelos experimentales, observando mejoras sustanciales en la salud.<\/p>\n\n\n\n<p class=\"has-text-align-left\">En t\u00e9rminos generales, los estudios se basan en el an\u00e1lisis de Selenio, de las Selenoprote\u00ednas, y de los balances oxidativo, apopt\u00f3tico, inflamatorio, energ\u00e9tico, metab\u00f3lico y la cascada de se\u00f1alizaci\u00f3n de la insulina.<\/p>\n\n\n\n<p class=\"has-text-align-left\">El grupo realiza colaboraciones con diferentes Universidades, ha obtenido una patente y ha generado diversos proyectos de investigaci\u00f3n, dando lugar a una buena producci\u00f3n cient\u00edfica en revistas internacionales de prestigio, as\u00ed como la participaci\u00f3n en numerosos congresos nacionales e internacionales.<\/p>\n<\/div>\n<\/div>\n","protected":false},"excerpt":{"rendered":"<p>El grupo de Investigaci\u00f3n \u00abImplicaci\u00f3n del Balance Oxidativo en la Salud: Alcoholismo y S\u00edndrome Metab\u00f3lico\u201d (CTS-193) de la Junta de Andaluc\u00eda, pertenece a la Facultad de Farmacia de la Universidad de Sevilla y a la Red Andaluza de Investigaci\u00f3n en Drogodependencia y Adicciones (RAIDA) de la Consejer\u00eda de Igualdad, Pol\u00edticas Sociales y Conciliaci\u00f3n de la [&hellip;]<\/p>\n","protected":false},"author":1,"featured_media":0,"parent":0,"menu_order":0,"comment_status":"closed","ping_status":"closed","template":"","meta":{"footnotes":""},"class_list":["post-65","page","type-page","status-publish","hentry"],"_links":{"self":[{"href":"https:\/\/grupo.us.es\/alcoholsm\/wp-json\/wp\/v2\/pages\/65","targetHints":{"allow":["GET"]}}],"collection":[{"href":"https:\/\/grupo.us.es\/alcoholsm\/wp-json\/wp\/v2\/pages"}],"about":[{"href":"https:\/\/grupo.us.es\/alcoholsm\/wp-json\/wp\/v2\/types\/page"}],"author":[{"embeddable":true,"href":"https:\/\/grupo.us.es\/alcoholsm\/wp-json\/wp\/v2\/users\/1"}],"replies":[{"embeddable":true,"href":"https:\/\/grupo.us.es\/alcoholsm\/wp-json\/wp\/v2\/comments?post=65"}],"version-history":[{"count":8,"href":"https:\/\/grupo.us.es\/alcoholsm\/wp-json\/wp\/v2\/pages\/65\/revisions"}],"predecessor-version":[{"id":529,"href":"https:\/\/grupo.us.es\/alcoholsm\/wp-json\/wp\/v2\/pages\/65\/revisions\/529"}],"wp:attachment":[{"href":"https:\/\/grupo.us.es\/alcoholsm\/wp-json\/wp\/v2\/media?parent=65"}],"curies":[{"name":"wp","href":"https:\/\/api.w.org\/{rel}","templated":true}]}}