{"id":250,"date":"2023-12-18T10:41:53","date_gmt":"2023-12-18T09:41:53","guid":{"rendered":"https:\/\/grupo.us.es\/alcoholsm\/?page_id=250"},"modified":"2024-01-16T09:59:04","modified_gmt":"2024-01-16T08:59:04","slug":"contacto","status":"publish","type":"page","link":"https:\/\/grupo.us.es\/alcoholsm\/contacto","title":{"rendered":"Contacto"},"content":{"rendered":"\n<div class=\"wp-block-group has-global-padding is-content-justification-left is-layout-constrained wp-container-core-group-is-layout-4f7750fa wp-block-group-is-layout-constrained\" style=\"padding-top:var(--wp--preset--spacing--x-large);padding-bottom:var(--wp--preset--spacing--x-large)\">\n<iframe src=\"https:\/\/www.google.com\/maps\/embed?pb=!1m14!1m8!1m3!1d3171.2210555467677!2d-5.988299!3d37.360946!3m2!1i1024!2i768!4f13.1!3m3!1m2!1s0xd126c2b608b99a5%3A0x3c7f6f8f1a4473a0!2sFacultad%20de%20Farmacia%20.%20Universidad%20de%20Sevilla!5e0!3m2!1ses!2sus!4v1702892112846!5m2!1ses!2sus\" width=\"700\" height=\"450\" style=\"border:0;\" allowfullscreen=\"\" loading=\"lazy\" referrerpolicy=\"no-referrer-when-downgrade\"><\/iframe>\n\n\n\n<p><strong>Grupo de Investigaci\u00f3n \u00abImplicaci\u00f3n del balance oxidativo en la salud: Alcoholismo y S\u00edndrome metab\u00f3lico\u00bb<\/strong><\/p>\n\n\n\n<p>Dpto. de Fisiolog\u00eda.<br>Facultad de Farmacia. Universidad de Sevilla<\/p>\n\n\n\n<p>C\/ Profesor Garc\u00eda Gonz\u00e1lez 2. 41012 SEVILLA<br>954556518<br>olimpia@us.es<\/p>\n<\/div>\n","protected":false},"excerpt":{"rendered":"<p>Grupo de Investigaci\u00f3n \u00abImplicaci\u00f3n del balance oxidativo en la salud: Alcoholismo y S\u00edndrome metab\u00f3lico\u00bb Dpto. de Fisiolog\u00eda.Facultad de Farmacia. Universidad de Sevilla C\/ Profesor Garc\u00eda Gonz\u00e1lez 2. 41012 SEVILLA954556518olimpia@us.es<\/p>\n","protected":false},"author":1,"featured_media":0,"parent":0,"menu_order":0,"comment_status":"closed","ping_status":"closed","template":"","meta":{"footnotes":""},"class_list":["post-250","page","type-page","status-publish","hentry"],"_links":{"self":[{"href":"https:\/\/grupo.us.es\/alcoholsm\/wp-json\/wp\/v2\/pages\/250","targetHints":{"allow":["GET"]}}],"collection":[{"href":"https:\/\/grupo.us.es\/alcoholsm\/wp-json\/wp\/v2\/pages"}],"about":[{"href":"https:\/\/grupo.us.es\/alcoholsm\/wp-json\/wp\/v2\/types\/page"}],"author":[{"embeddable":true,"href":"https:\/\/grupo.us.es\/alcoholsm\/wp-json\/wp\/v2\/users\/1"}],"replies":[{"embeddable":true,"href":"https:\/\/grupo.us.es\/alcoholsm\/wp-json\/wp\/v2\/comments?post=250"}],"version-history":[{"count":4,"href":"https:\/\/grupo.us.es\/alcoholsm\/wp-json\/wp\/v2\/pages\/250\/revisions"}],"predecessor-version":[{"id":443,"href":"https:\/\/grupo.us.es\/alcoholsm\/wp-json\/wp\/v2\/pages\/250\/revisions\/443"}],"wp:attachment":[{"href":"https:\/\/grupo.us.es\/alcoholsm\/wp-json\/wp\/v2\/media?parent=250"}],"curies":[{"name":"wp","href":"https:\/\/api.w.org\/{rel}","templated":true}]}}