{"id":244,"date":"2023-12-18T10:21:12","date_gmt":"2023-12-18T09:21:12","guid":{"rendered":"https:\/\/grupo.us.es\/alcoholsm\/?page_id=244"},"modified":"2025-10-28T13:58:07","modified_gmt":"2025-10-28T12:58:07","slug":"publicaciones","status":"publish","type":"page","link":"https:\/\/grupo.us.es\/alcoholsm\/publicaciones","title":{"rendered":"Publicaciones"},"content":{"rendered":"\n<div class=\"wp-block-group has-global-padding is-layout-constrained wp-block-group-is-layout-constrained\" style=\"padding-top:var(--wp--preset--spacing--x-large);padding-bottom:var(--wp--preset--spacing--x-large)\">\n<h3 class=\"wp-block-heading\"><strong>2025<\/strong><\/h3>\n\n\n\n<p><strong>Gallego-Lopez MDC, Nogales F, Romero-Herrera I, Carreras O, Ojeda ML. <\/strong><\/p>\n\n\n\n<p>Binge drinking as a potential cardiometabolic risk factor during adolescence in rats: novel protective antinitrosative mechanism of folic acid via caveolin-1. Hypertension Research. Pendiente publicaci\u00f3n.<\/p>\n\n\n\n<p><\/p>\n\n\n\n<p><strong>Nogales F, Jotty K, Pascual\u2010Vaca D, Gallego\u2010L\u00f3pez MDC, Carreras O, Ojeda ML. <\/strong><\/p>\n\n\n\n<p>Rat models of fetal alcohol spectrum disorders for studying the critical role of cerebellar damage: A scoping review. Alcohol, Clinical and Experimental Research. WILEY. ISSN:2993-7175. 2025. 00: 1-22. <a href=\"https:\/\/doi.org\/10.1111\/acer.70127\">https:\/\/doi.org\/10.1111\/acer.70127<\/a><\/p>\n\n\n\n<p><\/p>\n\n\n\n<p><strong>Gallego-Lopez MDC, Nogales F, Romero-Herrera I, Santana-Garrido A, Carreras O, Ojeda ML.<\/strong> <\/p>\n\n\n\n<p>Adolescent binge drinking disrupts hepatic lipid homeostasis leading to steatosis in rats: protective role of folic acid in cholesterol and fatty acid balance. American Journal of Physiology- Gastrointestinal and Liver Physiology. AMERICAN PHYSIOLOGICAL SOCIETY. ISSN:\u00a01522-1547. 2025. 329: G276-G290. <a href=\"https:\/\/doi.org\/10.1152\/ajpgi.00129.2025\">https:\/\/doi.org\/10.1152\/ajpgi.00129.2025<\/a><\/p>\n\n\n\n<p><\/p>\n\n\n\n<p><strong>Nogales F, Pajuelo E, Gallego-L\u00f3pez MDC, Romero-Herrera I, Merch\u00e1n F, Carreras O, Ojeda ML. <\/strong><\/p>\n\n\n\n<p>Dissimilar Effects of Selenite and Selenium Nanoparticles on Skeletal Muscle Development Unrelated to GPx1 Activity During Adolescence in Rats. Nutrients. MDPI. ISSN: 2072-6643. 2025. 17(11):1841. <a href=\"https:\/\/doi.org\/10.3390\/nu17111841\">https:\/\/doi.org\/10.3390\/nu17111841<\/a><\/p>\n<\/div>\n\n\n\n<p><\/p>\n\n\n\n<div class=\"wp-block-group has-global-padding is-layout-constrained wp-block-group-is-layout-constrained\" style=\"padding-top:var(--wp--preset--spacing--x-large);padding-bottom:var(--wp--preset--spacing--x-large)\">\n<h3 class=\"wp-block-heading\"><strong>2024<\/strong><\/h3>\n\n\n\n<p><strong>Nogales F; Pajuelo E; Romero-Herrera I; Carreras O; Merchan F; Carrasco L\u00f3pez JA; Ojeda ML. <\/strong><\/p>\n\n\n\n<p>Uncovering the role of selenite and selenium nanoparticles (SeNPs) in adolescent rat adipose tissue beyond oxidative balance: Transcriptomic analysis. Antioxidants. MDPI. ISSN 2076-3921. 2024. 13(6): 750. <a href=\"https:\/\/doi.org\/10.3390\/antiox13060750\">https:\/\/doi.org\/10.3390\/antiox13060750<\/a><\/p>\n\n\n\n<p><\/p>\n\n\n\n<p><strong>Romero-Herrera I; Nogales F; Gallego-L\u00f3pez MC; D\u00edaz-Castro J; Carreras O; Ojeda ML.<\/strong><\/p>\n\n\n\n<p>Selenium supplementation via selenoproteins\u2019 modulation ameliorates binge drinking-induced oxidative, energetic, metabolic, and endocrine imbalance in adolescent rats\u2019 skeletal muscle.Food and Function. ROYAL SOC CHEMISTRY. ISSN 2042-6496. 2024. 15(15):7988-8007. <a href=\"https:\/\/doi.org\/10.1039\/d4fo01354a\">https:\/\/doi.org\/10.1039\/d4fo01354a<\/a><\/p>\n\n\n\n<p><\/p>\n\n\n\n<p><strong>Gallego-L\u00f3pez MDC, Ojeda ML, Romero-Herrera I, Rua RM, Carreras O, Nogales F.<\/strong> <\/p>\n\n\n\n<p>Folic acid antioxidant supplementation to binge drinking adolescent rats improves hydric-saline balance and blood pressure, but fails to increase renal NO availability and glomerular filtration rate. FASEB Journal. FEDERATION AMERICAN SOCIETY EXPEROMENTAL BIOLOGY; WILEY. ISSN 0892-6638. 2024. 38(1): e23341. <a href=\"https:\/\/doi.org\/10.1096\/fj.202301609R\">https:\/\/doi.org\/10.1096\/fj.202301609R<\/a><\/p>\n<\/div>\n\n\n\n<p><\/p>\n\n\n\n<div class=\"wp-block-group has-global-padding is-layout-constrained wp-block-group-is-layout-constrained\" style=\"padding-top:var(--wp--preset--spacing--x-large);padding-bottom:var(--wp--preset--spacing--x-large)\">\n<h3 class=\"wp-block-heading\"><strong>2023<\/strong><\/h3>\n\n\n\n<p><strong>Romero-Herrera I, Nogales F, Gallego-Lopez MDC, Diaz-Castro J, Moreno-Fernandez J, Ochoa JJ, Carreras O, Ojeda ML.<\/strong> <\/p>\n\n\n\n<p>Adipose tissue homeostasis orchestrates the oxidative, energetic, metabolic and endocrine disruption induced by binge drinking in adolescent rats. 2023. Journal of Physiology-London. WILEY. ISSN 0022-3751. 2023. 601(24): 5671-5633. <a href=\"https:\/\/physoc.onlinelibrary.wiley.com\/doi\/10.1113\/JP285362\">https:\/\/physoc.onlinelibrary.wiley.com\/doi\/10.1113\/JP285362<\/a><\/p>\n\n\n\n<p><\/p>\n\n\n\n<p><strong>Romero-Herrera I, Nogales F, Diaz-Castro J, Moreno-Fernandez J, Gallego-Lopez MDC, Ochoa JJ, Carreras O, Ojeda ML. <\/strong><\/p>\n\n\n\n<p>Binge drinking leads to an oxidative and metabolic imbalance in skeletal muscle during adolescence in rats: endocrine repercussion. Journal of Physiology and Biochemistry.\u00a0 SPRINGER.\u00a0 ISSN 1138-7548, ISSN 1877-8755. 2023. 79(4): 799-810. <a href=\"https:\/\/doi.org\/10.1007\/s13105-023-00983-z\">https:\/\/doi.org\/10.1007\/s13105-023-00983-z<\/a>.<\/p>\n\n\n\n<p><\/p>\n\n\n\n<p><strong>Ojeda ML, Nogales F, Carrasco L\u00f3pez JA, Gallego-L\u00f3pez MDC, Carreras O, Alcudia A, Pajuelo E.<\/strong> <\/p>\n\n\n\n<p>Microbiota-liver-bile salts axis, a novel mechanism involved in the contrasting effects of sodium selenite and selenium-nanoparticle supplementation on adipose tissue development in adolescent rats. Antioxidants (Basel). MDPI. ISSN: 2076-3921. 2023. 12(5): 1123. <a href=\"https:\/\/doi.org\/10.3390\/antiox12051123\">https:\/\/doi.org\/10.3390\/antiox12051123<\/a><\/p>\n\n\n\n<p><\/p>\n\n\n\n<p><strong>Rua RM, Nogales F, Carreras O, Ojeda ML.<\/strong><\/p>\n\n\n\n<p>Selenium, selenoproteins and cancer of the thyroid. Journal of Trace Elements in Medicine and Biology. ELSEVIER GMBH.ISSN: 1878-3252. 2023. 76: 127115. <a href=\"https:\/\/doi.org\/10.1016\/j.jtemb.2022.127115\">https:\/\/doi.org\/10.1016\/j.jtemb.2022.127115<\/a><\/p>\n<\/div>\n\n\n\n<p><\/p>\n\n\n\n<div class=\"wp-block-group has-global-padding is-layout-constrained wp-block-group-is-layout-constrained\" style=\"padding-top:var(--wp--preset--spacing--x-large);padding-bottom:var(--wp--preset--spacing--x-large)\">\n<h3 class=\"wp-block-heading\"><strong>2022<\/strong><\/h3>\n\n\n\n<p><strong>Moreno-Fernandez J, Ochoa JJ, Ojeda ML, D\u00edaz-Castro J<\/strong>. <\/p>\n\n\n\n<p>Infant and child nutrition, physical activity, oxidative stress and inflammatory signaling. Frontiers in Nutrition. FRONTIERS MEDIA SA. ISSN: 2296-861X. 2022 Aug. 9: 993643. <a href=\"https:\/\/doi.org\/10.3389\/fnut.2022.993643\">https:\/\/doi.org\/10.3389\/fnut.2022.993643<\/a><\/p>\n\n\n\n<p><\/p>\n\n\n\n<p><strong>Ojeda ML, Nogales F, Carreras O, Pajuelo E, Gallego-L\u00f3pez MDC, Romero-Herrera I, Begines B, Moreno-Fern\u00e1ndez J, D\u00edaz-Castro J, Alcudia A.<br><\/strong>Different Effects of Low Selenite and Selenium-Nanoparticle Supplementation on Adipose Tissue Function and Insulin Secretion in Adolescent Male Rats. Nutrients. 2022 Aug 30;14(17):3571. doi: 10.3390\/nu14173571.<\/p>\n\n\n\n<p><\/p>\n\n\n\n<p><strong>Moreno-Fernandez J, Ochoa J, Ojeda ML, Nogales F, Carreras O, D\u00edaz-Castro J.<br><\/strong>Inflammation and oxidative stress, the links between obesity and COVID-19: a narrative review. J Physiol Biochem. 2022 Aug;78(3):581-591. doi: 10.1007\/s13105-022-00887-4.<\/p>\n\n\n\n<p><\/p>\n\n\n\n<p><strong>Ojeda ML, Nogales F.<\/strong> <\/p>\n\n\n\n<p>Dietary Selenium and Its Antioxidant Properties Related to Growth, Lipid and Energy Metabolism. Antioxidants (Basel). MDPI. ISSN: 2076-3921. 2022 Jul. 11(7): 1402. <a href=\"https:\/\/doi.org\/10.3390\/antiox11071402\">https:\/\/doi.org\/10.3390\/antiox11071402<\/a>.<\/p>\n\n\n\n<p><\/p>\n\n\n\n<p><strong>Ojeda ML, Nogales F, Del Carmen Gallego-L\u00f3pez M, Carreras O.<br><\/strong>Binge drinking during the adolescence period causes oxidative damage-induced cardiometabolic disorders: A possible ameliorative approach with selenium supplementation. Life Sci. 2022 Jul 15;301:120618. doi: 10.1016\/j.lfs.2022.120618.<\/p>\n\n\n\n<p><\/p>\n\n\n\n<p><strong>Ojeda ML, Carreras O, Nogales F.<br><\/strong>The Role of Selenoprotein Tissue Homeostasis in MetS Programming: Energy Balance and Cardiometabolic Implications. Antioxidants (Basel). 2022 Feb 15;11(2):394. doi: 10.3390\/antiox11020394.<\/p>\n\n\n\n<p><\/p>\n\n\n\n<p><strong>Gallego-Lopez MDC, Ojeda ML, Romero-Herrera I, Nogales F, Carreras O.<br><\/strong>Folic Acid Homeostasis and Its Pathways Related to Hepatic Oxidation in Adolescent Rats Exposed to Binge Drinking. Antioxidants (Basel). 2022 Feb 11;11(2):362. doi: 10.3390\/antiox11020362.<\/p>\n<\/div>\n\n\n\n<div class=\"wp-block-group has-global-padding is-layout-constrained wp-block-group-is-layout-constrained\" style=\"padding-top:var(--wp--preset--spacing--x-large);padding-bottom:var(--wp--preset--spacing--x-large)\">\n<h3 class=\"wp-block-heading\"><strong>2021<\/strong><\/h3>\n\n\n\n<p><strong>Ojeda ML, Sobrino P, Rua RM, Gallego-Lopez MDC, Nogales F, Carreras O.<br><\/strong>Selenium, a dietary-antioxidant with cardioprotective effects, prevents the impairments in heart rate and systolic blood pressure in adolescent rats exposed to binge drinking treatment. Am J Drug Alcohol Abuse. 2021 Nov 2;47(6):680-693. doi: 10.1080\/00952990.2021.1973485.<\/p>\n\n\n\n<p><\/p>\n\n\n\n<p><strong>Ojeda ML, Nogales F, Romero-Herrera I, Carreras O.<br><\/strong>Fetal Programming Is Deeply Related to Maternal Selenium Status and Oxidative Balance; Experimental Offspring Health Repercussions. Nutrients. 2021 Jun 18;13(6):2085. doi: 10.3390\/nu13062085.<\/p>\n\n\n\n<p><\/p>\n\n\n\n<p><strong>Nogales F, Cebadero O, Romero-Herrera I , Rua RM , Carreras O , Ojeda ML.<br><\/strong>Selenite supplementation modulates the hepatic metabolic sensors AMPK and SIRT1 in binge drinking exposed adolescent rats by avoiding oxidative stress. Food Funct. 2021 Apr 7;12(7):3022-3032. doi: 10.1039\/d0fo02831b.<\/p>\n<\/div>\n\n\n\n<div class=\"wp-block-group has-global-padding is-layout-constrained wp-block-group-is-layout-constrained\" style=\"padding-top:var(--wp--preset--spacing--x-large);padding-bottom:var(--wp--preset--spacing--x-large)\">\n<h3 class=\"wp-block-heading\"><strong>2020<\/strong><\/h3>\n\n\n\n<p><strong>Nogales F, Ojeda ML, Serrano A, Rua RM, Carreras O.<br><\/strong>Metabolic syndrome during gestation and lactation: An important renal problem in dams. selenium renal clearance. J Trace Elem Med Biol. 2021 Mar;64:126709. doi: 10.1016\/j.jtemb.2020.126709. Epub 2020 Dec 26.<\/p>\n\n\n\n<p><\/p>\n\n\n\n<p><strong>Ojeda ML , Nogales F , Serrano A , Murillo ML , Carreras O .<br><\/strong>Selenoproteins and renal programming in metabolic syndrome-exposed rat offspring. Food Funct. 2020 May 1;11(5):3904-3915. doi: 10.1039\/d0fo00264j. Epub 2020 Apr 28.<\/p>\n<\/div>\n\n\n\n<div class=\"wp-block-group has-global-padding is-layout-constrained wp-block-group-is-layout-constrained\" style=\"padding-top:var(--wp--preset--spacing--x-large);padding-bottom:var(--wp--preset--spacing--x-large)\">\n<h3 class=\"wp-block-heading\"><strong>2019<\/strong><\/h3>\n\n\n\n<p><strong>Ojeda ML,\u00a0Carreras O, D\u00edaz-Castro J, Murillo ML, Nogales F. <br><\/strong>High- and low- selenium diets affect endocrine energy balance during early programming. Toxicol Appl Pharmacol., 1;382:114744. doi: 10.1016\/j.taap.2019.114744. Epub 2019 Sep 5.<\/p>\n\n\n\n<p><\/p>\n\n\n\n<p><strong>Ojeda ML, Nogales F, Serrano A, Murillo ML,\u00a0Carreras O. <br><\/strong>Maternal metabolic syndrome and selenium: Endocrine energy balance during early programming. Life Sci., 15;233:116689. doi:10.1016\/j.lfs.2019.116689. Epub 2019 Jul 23.<\/p>\n\n\n\n<p><\/p>\n\n\n\n<p><strong>Sobrino P, Ojeda ML, Nogales F, Murillo ML,\u00a0Carreras O. <br><\/strong>Binge drinking affects kidney function, osmotic balance, aldosterone levels, and arterial pressure in adolescent rats: the potential hypotensive effect of selenium mediated by improvements in oxidative balance. Hypertens Res., 42(10):1495-1506. doi: 10.1038\/s41440-019-0265-z. Epub 2019 May 9.<\/p>\n\n\n\n<p><\/p>\n\n\n\n<p><strong>Ojeda ML, Nogales F, Membrilla A,\u00a0Carreras O. <br><\/strong>Maternal selenium status is profoundly involved in metabolic fetal programming by modulating insulin resistance, oxidative balance and energy homeostasis. Eur J Nutr., 58(8):3171-3181. doi: 10.1007\/s00394-018-1861-4. Epub 2018 Dec 1.<\/p>\n<\/div>\n\n\n\n<div class=\"wp-block-group has-global-padding is-layout-constrained wp-block-group-is-layout-constrained\" style=\"padding-top:var(--wp--preset--spacing--x-large);padding-bottom:var(--wp--preset--spacing--x-large)\">\n<h3 class=\"wp-block-heading\"><strong>2018<\/strong><\/h3>\n\n\n\n<p><strong>Ojeda ML, Nogales F, Murillo ML, Carreras O. <br><\/strong>The role of folic acid and selenium against oxidative damage from ethanol in early life programming: a review. Biochemistry and Cell Biology. 96: 178-188. doi: 10.1139\/bcb-2017-0069. Review.<\/p>\n\n\n\n<p><\/p>\n\n\n\n<p><strong>Ojeda ML, Nogales F, Membrilla A, Carreras O. <br><\/strong>Maternal selenium status is profoundly involved in metabolic fetal programming by modulating insulin resistance, oxidative balance and energy homeostasis. Eur. J. Nutr., doi: 10.1007\/s00394-018-1861-4.<\/p>\n\n\n\n<p><\/p>\n\n\n\n<p><strong>Ojeda, M.L; Carreras, Olimpia; Mu\u00f1oz del Valle, Paulina; Murillo ML, Nogales F.<br><\/strong>Fructose exposure during gestation and lactation altered hepatic selenoprotein expression, oxidative balance and metabolic profile in female rat pups. Journal of functional foods 43: 77-83. doi: 10.1007\/s00394-018-1861-4.<\/p>\n<\/div>\n\n\n\n<div class=\"wp-block-group has-global-padding is-layout-constrained wp-block-group-is-layout-constrained\" style=\"padding-top:var(--wp--preset--spacing--x-large);padding-bottom:var(--wp--preset--spacing--x-large)\">\n<h3 class=\"wp-block-heading\"><strong>2017<\/strong><\/h3>\n\n\n\n<p><strong>Nogales F, Ojeda ML, Mu\u00f1oz del Valle P, Serrano A, Murillo ML, Carreras O.<br><\/strong>Metabolic Syndrome and Selenium during Gestation and Lactation. European Journal of Nutrition 56: 819-830.<\/p>\n\n\n\n<p><\/p>\n\n\n\n<p><strong>Ojeda ML, Carreras O, Sobrino P, Murillo ML, Nogales F.<br><\/strong>Biological implications of selenium in adolescent rats exposed to binge drinking: Oxidative, immunologic and apoptotic balance. Toxicol Appl Pharmacol., 329: 165-172.<\/p>\n\n\n\n<p><\/p>\n\n\n\n<p><strong>Nogales F, Ojeda ML, Jotty K, Murillo ML, Carreras O.<br><\/strong>Maternal ethanol consumption reduces Se antioxidant function in placenta and liver of embryos and breastfeeding pups. Life Sci. 190: 1-6.<\/p>\n<\/div>\n\n\n\n<div class=\"wp-block-group has-global-padding is-layout-constrained wp-block-group-is-layout-constrained\" style=\"padding-top:var(--wp--preset--spacing--x-large);padding-bottom:var(--wp--preset--spacing--x-large)\">\n<h3 class=\"wp-block-heading\"><strong>2016<\/strong><\/h3>\n\n\n\n<p><strong>Ojeda ML, Rua RM, Nogales F, D\u00edaz-Castro J, Murillo ML, Carreras O.<br><\/strong>The benefits of administering folic acid in order to combat the oxidative damage caused by binge drinking in adolescent rats. Alcohol and Alcoholism 3: 1-7.<\/p>\n\n\n\n<p><\/p>\n\n\n\n<p><strong>Serrano A, Nogales F, Sobrino P, Murillo ML, Carreras O, Ojeda ML.<br><\/strong>Heart selenoproteins status of metabolic syndrome-exposed pups: A potential target for attenuating cardiac damage. Mol Nutr Food Res 60: 2633-2641.<\/p>\n\n\n\n<p><\/p>\n\n\n\n<p><strong>Ojeda ML, Nogales F, Mu\u00f1oz Del Valle P, D\u00edaz-Castro J, Murillo ML, Carreras O.<br><\/strong>Metabolic syndrome and selenium in fetal programming: gender differences. Food and Function 7: 3031-3038.<\/p>\n\n\n\n<p><\/p>\n\n\n\n<p><strong>Ojeda ML, Rua RM, Nogales F, D\u00edaz-Castro J, Murillo ML, Carreras O.<br><\/strong>The benefits of administering folic acid in order to combat the oxidative damage caused by binge drinking in adolescent rats. Alcohol and Alcoholism 3: 1-7.<\/p>\n\n\n\n<p><\/p>\n\n\n\n<p><strong>Serrano A, Nogales F, Sobrino P, Murillo ML, Carreras O, Ojeda ML.<br><\/strong>Heart selenoproteins status of metabolic syndrome-exposed pups: A potential target for attenuating cardiac damage. Mol Nutr Food Res 60: 2633-2641.<\/p>\n\n\n\n<p><\/p>\n\n\n\n<p><strong>Ojeda ML, Nogales F, Mu\u00f1oz Del Valle P, D\u00edaz-Castro J, Murillo ML, Carreras O.<br><\/strong>Metabolic syndrome and selenium in fetal programming: gender differences. Food and Function 7: 3031-3038.<\/p>\n<\/div>\n\n\n\n<div class=\"wp-block-group has-global-padding is-layout-constrained wp-block-group-is-layout-constrained\" style=\"padding-top:var(--wp--preset--spacing--x-large);padding-bottom:var(--wp--preset--spacing--x-large)\">\n<h3 class=\"wp-block-heading\"><strong>2015<\/strong><\/h3>\n\n\n\n<p><strong>Ojeda ML, Rua RM, Murillo ML, Carreras O, Nogales F.<br><\/strong>Binge drinking during adolescence disrupts Se homeostasis and its main hepatic selenoprotein expression. Alcohol Clin Exp Res. 39(5): 818-826.<\/p>\n<\/div>\n\n\n\n<div class=\"wp-block-group has-global-padding is-layout-constrained wp-block-group-is-layout-constrained\" style=\"padding-top:var(--wp--preset--spacing--x-large);padding-bottom:var(--wp--preset--spacing--x-large)\">\n<h3 class=\"wp-block-heading\"><strong>2014<\/strong><\/h3>\n\n\n\n<p><strong>Rua RM, Ojeda ML, Nogales F, Rubio JM, Romero-G\u00f3mez M, Funuyet J, Murillo ML, Carreras O.<br><\/strong>Serum selenium levels and oxidative balance as differential markers in hepatic damage by alcohol. Life Science 94:158-163.<\/p>\n\n\n\n<p><\/p>\n\n\n\n<p><strong>Nogales, F, Rua, R.M., Ojeda, M.L., Murillo, M.L., Carreras, O.<br><\/strong>Oral or intraperitoneal binge drinking and oxidative balance in adolescent rats. Chemical Research in Toxicology 27(11): 1926-1933.<\/p>\n<\/div>\n\n\n\n<p><\/p>\n","protected":false},"excerpt":{"rendered":"<p>2025 Gallego-Lopez MDC, Nogales F, Romero-Herrera I, Carreras O, Ojeda ML. Binge drinking as a potential cardiometabolic risk factor during adolescence in rats: novel protective antinitrosative mechanism of folic acid via caveolin-1. Hypertension Research. Pendiente publicaci\u00f3n. Nogales F, Jotty K, Pascual\u2010Vaca D, Gallego\u2010L\u00f3pez MDC, Carreras O, Ojeda ML. Rat models of fetal alcohol spectrum disorders [&hellip;]<\/p>\n","protected":false},"author":1,"featured_media":0,"parent":0,"menu_order":0,"comment_status":"closed","ping_status":"closed","template":"","meta":{"footnotes":""},"class_list":["post-244","page","type-page","status-publish","hentry"],"_links":{"self":[{"href":"https:\/\/grupo.us.es\/alcoholsm\/wp-json\/wp\/v2\/pages\/244","targetHints":{"allow":["GET"]}}],"collection":[{"href":"https:\/\/grupo.us.es\/alcoholsm\/wp-json\/wp\/v2\/pages"}],"about":[{"href":"https:\/\/grupo.us.es\/alcoholsm\/wp-json\/wp\/v2\/types\/page"}],"author":[{"embeddable":true,"href":"https:\/\/grupo.us.es\/alcoholsm\/wp-json\/wp\/v2\/users\/1"}],"replies":[{"embeddable":true,"href":"https:\/\/grupo.us.es\/alcoholsm\/wp-json\/wp\/v2\/comments?post=244"}],"version-history":[{"count":4,"href":"https:\/\/grupo.us.es\/alcoholsm\/wp-json\/wp\/v2\/pages\/244\/revisions"}],"predecessor-version":[{"id":454,"href":"https:\/\/grupo.us.es\/alcoholsm\/wp-json\/wp\/v2\/pages\/244\/revisions\/454"}],"wp:attachment":[{"href":"https:\/\/grupo.us.es\/alcoholsm\/wp-json\/wp\/v2\/media?parent=244"}],"curies":[{"name":"wp","href":"https:\/\/api.w.org\/{rel}","templated":true}]}}