{"id":240,"date":"2023-12-18T09:36:00","date_gmt":"2023-12-18T08:36:00","guid":{"rendered":"https:\/\/grupo.us.es\/alcoholsm\/?page_id=240"},"modified":"2025-10-30T11:40:46","modified_gmt":"2025-10-30T10:40:46","slug":"tesis-doctorales","status":"publish","type":"page","link":"https:\/\/grupo.us.es\/alcoholsm\/tesis-doctorales","title":{"rendered":"Tesis doctorales"},"content":{"rendered":"\n<div class=\"wp-block-group has-global-padding is-layout-constrained wp-block-group-is-layout-constrained\" style=\"padding-top:var(--wp--preset--spacing--x-large);padding-bottom:var(--wp--preset--spacing--x-large)\">\n<p><strong>2026<\/strong><\/p>\n\n\n\n<p><strong>\u00c1cido f\u00f3lico como modulador cardiometab\u00f3lico en ratas adolescentes expuestas a binge drinking: papel antioxidante y antinitrosativo. <\/strong><\/p>\n\n\n\n<p>Doctoranda: Mar\u00eda del Carmen Gallego L\u00f3pez.<\/p>\n\n\n\n<p>Codirectoras: Mar\u00eda Luisa Ojeda Murillo y F\u00e1tima Nogales.<\/p>\n\n\n\n<p>Universidad de Sevilla.<\/p>\n\n\n\n<p>Tesis depositada y pendiente de defensa.<\/p>\n\n\n\n<p><\/p>\n\n\n\n<p><strong>04\/04\/2025<\/strong><\/p>\n\n\n\n<p><strong>Binge drinking y adolescencia: enfoque fisiol\u00f3gico integral entre el balance oxidativo, energ\u00e9tico, metab\u00f3lico y endocrino en ratas; efecto antioxidante del Selenio.<\/strong><\/p>\n\n\n\n<p>Doctoranda: In\u00e9s Romero Herrera.<\/p>\n\n\n\n<p>Codirectores: Mar\u00eda Luisa Ojeda Murillo y Olimpia Carreras.<\/p>\n\n\n\n<p>Universidad de Sevilla.<\/p>\n\n\n\n<p>Sobresaliente cum laude.<\/p>\n\n\n\n<p><\/p>\n\n\n\n<p><strong>29\/11\/2018<\/strong><br><strong>Selenio y Selenoproteinas frente al da\u00f1o cardiovascular provocado por el binge drinking.<br><\/strong>Doctorando: Paula Sobrino Calero.<br>Codirectores: Mar\u00eda Luisa Ojeda Murillo y Olimpia Carreras.<br>Universidad de Sevilla.<br>Sobresaliente cum laude.<\/p>\n\n\n\n<p><\/p>\n\n\n\n<p><strong>14\/07\/2016<\/strong><br><strong>Implicaci\u00f3n del Selenio en la Programaci\u00f3n del S\u00edndrome Metab\u00f3lico.<br><\/strong>Doctorando: Paulina Mu\u00f1oz del Valle.<br>Codirectores: F\u00e1tima Nogales y Mar\u00eda Luisa Ojeda Murillo.<br>Universidad de Sevilla.<br>Sobresaliente cum laude.<\/p>\n\n\n\n<p><\/p>\n\n\n\n<p><strong>12\/12\/2013<\/strong><br><strong>Estudios de dos modelos de alcoholizaci\u00f3n en ratas adolescentes sobre el selenio y los sistemas de defensa antioxidante. Proyecci\u00f3n a paciente alcoh\u00f3licos cr\u00f3nicos.<br><\/strong>Doctorando: Rui Manuel Gomes de Figueiredo Rua.<br>Codirectores: Mar\u00eda Luisa Ojeda Murillo, F\u00e1tima Nogales y Olimpia Carreras.<br>Universidad de Sevilla.<br>Sobresaliente cum laude.<\/p>\n\n\n\n<p><\/p>\n\n\n\n<p><strong>17\/11\/2011<\/strong><br><strong>Suplementaci\u00f3n diet\u00e9tica y recuperaci\u00f3n de los niveles de selenio en cr\u00edas expuestas al etanol.<br><\/strong>Doctorando: Karick Jotty Arroyo.<br>Codirectores: Mar\u00eda Luisa Ojeda Murillo y Olimpia Carreras.<br>Universidad de Sevilla.<br>Sobresaliente cum laude. Menci\u00f3n de Calidad del Programa 22\/06\/2004<\/p>\n\n\n\n<p><\/p>\n\n\n\n<p><strong>06\/03\/2009<\/strong><br><strong>Modificaciones de marcadores relacionados con el riesgo cardiovascular en ratas que consumen alcohol. Efecto de la suplementaci\u00f3n con \u00e1cido f\u00f3lico.<br><\/strong>Doctorando: Mar\u00eda Jos\u00e9 Barrero Jim\u00e9nez.<br>Codirectores: Mar\u00eda Luisa Murillo Taravillo y Olimpia Carreras.<br>Universidad de Sevilla.<br>Sobresaliente cum laude. Menci\u00f3n de Calidad del Programa 22\/06\/2004.<\/p>\n\n\n\n<p><\/p>\n\n\n\n<p><strong>01\/09\/2003<\/strong><br><strong>Absorci\u00f3n y metabolismo del zinc en ratas lactantes: Efectos del etanol.<br><\/strong>Doctorando: Mar\u00eda Reyes Artillo Rembado.<br>Codirectores: Mar\u00eda Luisa Murillo Taravillo y Olimpia Carreras.<br>Universidad de Sevilla.<br>Sobresaliente cum laude.<\/p>\n\n\n\n<p><\/p>\n\n\n\n<p><strong>01\/05\/2002<\/strong><br><strong>Secreci\u00f3n hep\u00e1tica y par\u00e1metros lip\u00eddicos: Efectos protector del \u00e1cido f\u00f3lico en ratas que consumen etanol.<br><\/strong>Doctorando: Mar\u00eda Jes\u00fas Delgado Villa.<br>Codirectores: Mar\u00eda Luisa Murillo Taravillo y Olimpia Carreras.<br>Universidad de Sevilla.<br>Sobresaliente cum laude.<\/p>\n\n\n\n<p><\/p>\n\n\n\n<p><strong>01\/01\/2001<\/strong><br><strong>Enzimas pancre\u00e1ticas: diferencias entre g\u00e9neros en respuesta al consumo de alcohol y \u00e1cido f\u00f3lico durante la gestaci\u00f3n, lactancia y desarrollo en ratas.<br><\/strong>Doctorando: Olga Mar\u00eda Garc\u00eda Ben\u00edtez.<br>Codirectores: Mar\u00eda Luisa Murillo Taravillo y Olimpia Carreras.<br>Universidad de Sevilla.<br>Sobresaliente cum laude.<\/p>\n\n\n\n<p><\/p>\n\n\n\n<p><strong>05\/09\/1999<\/strong><br><strong>Enzimas gastrointestinales en ratas lactantes. Efectos del etanol y del suplemento con \u00e1cido f\u00f3lico durante el embarazo y lactancia.<br><\/strong>Doctorando: Mar\u00eda Jos\u00e9 Cano Pacho.<br>Codirectores: Mar\u00eda Luisa Murillo Taravillo y Olimpia Carreras.<br>Universidad de Sevilla.<br>Sobresaliente cum laude.<\/p>\n\n\n\n<p><\/p>\n\n\n\n<p><strong>12\/03\/1999<\/strong><br><strong>Biodisponibilidad del zinc y del \u00e1cido f\u00f3lico en ratas lactantes: Efectos comparativos del consumo de etanol durante la gestaci\u00f3n o lactancia.<br><\/strong>Doctorando: Mar\u00eda Luisa Murillo Fuentes.<br>Codirectores: Mar\u00eda Luisa Murillo Taravillo y Olimpia Carreras.<br>Universidad de Sevilla.<br>Sobresaliente cum laude.<\/p>\n\n\n\n<p><\/p>\n\n\n\n<p><strong>03\/06\/1996<\/strong><br><strong>Efecto del etanol sobre la composici\u00f3n lip\u00eddica de la membrana eritrocitaria, tejido adiposo, cardiaco y vascular en ratas.<br><\/strong>Doctorando: Ana Mar\u00eda G\u00f3mez Tub\u00edo.<br>Codirectores: Mar\u00eda Josefa Delgado Guerrero y Olimpia Carreras.<br>Universidad de Sevilla.<br>Sobresaliente cum laude.<\/p>\n\n\n\n<p><\/p>\n\n\n\n<p><strong>05\/03\/1996<\/strong><br><strong>Estudio de la absorci\u00f3n intestinal de zinc y \u00e1cido f\u00f3lico en ratas lactantes. Efectos del etanol.<br><\/strong>Doctorando: Eva Tavares V\u00e1zquez.<br>Codirectores: Mar\u00eda Luisa Murilllo Taravillo y Olimpia Carreras.<br>Universidad de Sevilla.<br>Sobresaliente cum laude.<\/p>\n\n\n\n<p><\/p>\n\n\n\n<p><strong>02\/02\/1996<\/strong><br><strong>Absorci\u00f3n de folatos, circulaci\u00f3n enterohep\u00e1tica y alcohol.<br><\/strong>Doctorando: Octavio Fern\u00e1ndez Borrachero.<br>Codirectores: Mar\u00eda Luisa Murillo Taravillo y Olimpia Carreras.<br>Universidad de Sevilla.<br>Sobresaliente cum laude.<\/p>\n<\/div>\n","protected":false},"excerpt":{"rendered":"<p>2026 \u00c1cido f\u00f3lico como modulador cardiometab\u00f3lico en ratas adolescentes expuestas a binge drinking: papel antioxidante y antinitrosativo. Doctoranda: Mar\u00eda del Carmen Gallego L\u00f3pez. Codirectoras: Mar\u00eda Luisa Ojeda Murillo y F\u00e1tima Nogales. Universidad de Sevilla. Tesis depositada y pendiente de defensa. 04\/04\/2025 Binge drinking y adolescencia: enfoque fisiol\u00f3gico integral entre el balance oxidativo, energ\u00e9tico, metab\u00f3lico y [&hellip;]<\/p>\n","protected":false},"author":1,"featured_media":0,"parent":0,"menu_order":0,"comment_status":"closed","ping_status":"closed","template":"","meta":{"footnotes":""},"class_list":["post-240","page","type-page","status-publish","hentry"],"_links":{"self":[{"href":"https:\/\/grupo.us.es\/alcoholsm\/wp-json\/wp\/v2\/pages\/240","targetHints":{"allow":["GET"]}}],"collection":[{"href":"https:\/\/grupo.us.es\/alcoholsm\/wp-json\/wp\/v2\/pages"}],"about":[{"href":"https:\/\/grupo.us.es\/alcoholsm\/wp-json\/wp\/v2\/types\/page"}],"author":[{"embeddable":true,"href":"https:\/\/grupo.us.es\/alcoholsm\/wp-json\/wp\/v2\/users\/1"}],"replies":[{"embeddable":true,"href":"https:\/\/grupo.us.es\/alcoholsm\/wp-json\/wp\/v2\/comments?post=240"}],"version-history":[{"count":3,"href":"https:\/\/grupo.us.es\/alcoholsm\/wp-json\/wp\/v2\/pages\/240\/revisions"}],"predecessor-version":[{"id":462,"href":"https:\/\/grupo.us.es\/alcoholsm\/wp-json\/wp\/v2\/pages\/240\/revisions\/462"}],"wp:attachment":[{"href":"https:\/\/grupo.us.es\/alcoholsm\/wp-json\/wp\/v2\/media?parent=240"}],"curies":[{"name":"wp","href":"https:\/\/api.w.org\/{rel}","templated":true}]}}