{"id":238,"date":"2023-12-18T09:26:33","date_gmt":"2023-12-18T08:26:33","guid":{"rendered":"https:\/\/grupo.us.es\/alcoholsm\/?page_id=238"},"modified":"2025-12-03T13:45:15","modified_gmt":"2025-12-03T12:45:15","slug":"tfm-dirigidos","status":"publish","type":"page","link":"https:\/\/grupo.us.es\/alcoholsm\/tfm-dirigidos","title":{"rendered":"TFM dirigidos"},"content":{"rendered":"\n<p><\/p>\n\n\n\n<h3 class=\"wp-block-heading\"><strong>2025<\/strong><\/h3>\n\n\n\n<p>Direcci\u00f3n&nbsp;del Trabajo Fin de M\u00e1ster&nbsp;de D\u00f1a. Andrea Cordero Tirado, titulado \u201cESTADO OXIDATIVO E INFLAMATORIO EN EL CEREBELO TRAS EL CONSUMO DE ALCOHOL EN FORMA DE BINGE DRINKING DURANTE LA ADOLESCENCIA. EFECTO MODULADOR DEL \u00c1CIDO F\u00d3LICO\u201d.&nbsp;M\u00e1ster de Fisiolog\u00eda y Neurociencia, Programa Oficial de Doctorado en Biolog\u00eda Molecular y Biomedicina. Universidad de Sevilla. Julio 2025.&nbsp;Car\u00e1cter Experimental. Calificaci\u00f3n: X.<\/p>\n\n\n\n<h3 class=\"wp-block-heading\"><\/h3>\n\n\n\n<p><\/p>\n\n\n\n<h3 class=\"wp-block-heading\"><strong>2024<\/strong><\/h3>\n\n\n\n<p>Direcci\u00f3n&nbsp;del Trabajo Fin de M\u00e1ster&nbsp;de D\u00f1a. Adriana Victoria L\u00f3pez Pino, titulado \u201cEFECTOS DEL SELENITO Y LAS NANOPART\u00cdCULAS DE SELENIO SOBRE EL ESTR\u00c9S OXIDATIVO Y EL BALANCE LIP\u00cdDICO EN EL TEJIDO ADIPOSO BLANCO DURANTE LA ADOLESCENCIA\u201d.&nbsp;M\u00e1ster de Fisiolog\u00eda y Neurociencia, Programa Oficial de Doctorado en Biolog\u00eda Molecular y Biomedicina. Universidad de Sevilla. Julio 2024.&nbsp;Car\u00e1cter Experimental. Calificaci\u00f3n: 8.<\/p>\n\n\n\n<p><\/p>\n\n\n\n<p>Direcci\u00f3n\u00a0del Trabajo Fin de M\u00e1ster\u00a0de D\u00f1a. Ariela Massiel Hidalgo Zapata, titulado \u201cACTUALIZACI\u00d3N SOBRE EL SISTEMA INMUNE INTESTINAL; ENFERMEDADES ASOCIADAS\u201d.\u00a0M\u00e1ster de Fisiolog\u00eda y Neurociencia, Programa Oficial de Doctorado en Biolog\u00eda Molecular y Biomedicina. Universidad de Sevilla. Julio 2024.\u00a0Car\u00e1cter Bibliogr\u00e1fico. <\/p>\n\n\n\n<div class=\"wp-block-group has-global-padding is-layout-constrained wp-block-group-is-layout-constrained\" style=\"padding-top:var(--wp--preset--spacing--x-large);padding-bottom:var(--wp--preset--spacing--x-large)\">\n<h3 class=\"wp-block-heading\"><strong>2022<\/strong><\/h3>\n\n\n\n<p>Direcci\u00f3n del Trabajo Fin de M\u00e1ster de D. Adri\u00e1n Mart\u00ednez Jim\u00e9nez, titulado \u201cNANOPART\u00cdCULAS DE SELENITO, EFECTOS EN EL TEJIDO ADIPOSO BLANCO DURANTE LA ADOLESCENCIA\u201d. M\u00e1ster de Fisiolog\u00eda y Neurociencia, Programa Oficial de Doctorado en Biolog\u00eda Molecular y Biomedicina. Universidad de Sevilla. Junio 2022. Car\u00e1cter Experimental. Calificaci\u00f3n: X.<\/p>\n<\/div>\n\n\n\n<div class=\"wp-block-group has-global-padding is-layout-constrained wp-block-group-is-layout-constrained\" style=\"padding-top:var(--wp--preset--spacing--x-large);padding-bottom:var(--wp--preset--spacing--x-large)\">\n<h3 class=\"wp-block-heading\"><strong>2021<\/strong><\/h3>\n\n\n\n<p>Direcci\u00f3n del Trabajo Fin de M\u00e1ster de D\u00f1a. In\u00e9s Romero Herrera, titulado \u201cRELACI\u00d3N ENTRE EL ATRAC\u00d3N DE ALCOHOL DURANTE LA ADOLESCENCIA, EL ESTR\u00c9S OXIDATIVO Y LOS CAMBIOS METAB\u00d3LICOS EN EL M\u00daSCULO\u201d. M\u00e1ster de Fisiolog\u00eda y Neurociencia, Programa Oficial de Doctorado en Biolog\u00eda Molecular y Biomedicina. Universidad de Sevilla. Diciembre 2021. Car\u00e1cter Experimental. Calificaci\u00f3n: 10.<\/p>\n\n\n\n<p><\/p>\n\n\n\n<p>Direcci\u00f3n del Trabajo Fin de M\u00e1ster de D\u00f1a. Mar\u00eda del Carmen Gallego L\u00f3pez, titulado \u201c\u00c1CIDO F\u00d3LICO: UNA SUPLEMENTACI\u00d3N ANTIOXIDANTE EFICAZ EN RATAS ADOLESCENTES EXPUESTAS A BINGE DRINKING\u201d. M\u00e1ster de Fisiolog\u00eda y Neurociencia, Programa Oficial de Doctorado en Biolog\u00eda Molecular y Biomedicina. Universidad de Sevilla. Junio 2021. Car\u00e1cter Experimental. Calificaci\u00f3n: 9.<\/p>\n<\/div>\n\n\n\n<div class=\"wp-block-group has-global-padding is-layout-constrained wp-block-group-is-layout-constrained\" style=\"padding-top:var(--wp--preset--spacing--x-large);padding-bottom:var(--wp--preset--spacing--x-large)\">\n<h3 class=\"wp-block-heading\"><strong>2020<\/strong><\/h3>\n\n\n\n<p>Direcci\u00f3n del Trabajo Fin de M\u00e1ster de D\u00aa Victoria de los \u00c1ngeles Mart\u00edn M\u00edguez, titulado \u201cAlteraciones en el balance energ\u00e9tico muscular de ratas adolescentes expuestas a binge drinking. \u00c1cido f\u00f3lico como antioxidante protector\u201d. M\u00e1ster de Fisiolog\u00eda y Neurociencia, Programa Oficial de Doctorado en Biolog\u00eda Molecular y Biomedicina. Universidad de Sevilla. Junio 2020. Car\u00e1cter Experimental. Calificaci\u00f3n: 9.4.<\/p>\n<\/div>\n\n\n\n<div class=\"wp-block-group has-global-padding is-layout-constrained wp-block-group-is-layout-constrained\" style=\"padding-top:var(--wp--preset--spacing--x-large);padding-bottom:var(--wp--preset--spacing--x-large)\">\n<h3 class=\"wp-block-heading\"><strong>Anteriores<\/strong><\/h3>\n\n\n\n<p>Direcci\u00f3n del Trabajo Fin de M\u00e1ster de D. Javier Ord\u00f3\u00f1ez Piedra, titulado \u201cHomeostasis energ\u00e9tica en el Binge Drinking y su implicaci\u00f3n en el tejido adiposo\u201d. M\u00e1ster de Fisiolog\u00eda y Neurociencia, Programa Oficial de Doctorado en Biolog\u00eda Molecular y Biomedicina. Universidad de Sevilla. Septiembre 2019. Car\u00e1cter Experimental.<\/p>\n\n\n\n<p><\/p>\n\n\n\n<p>Direcci\u00f3n del Trabajo Fin de M\u00e1ster de D. \u00d3scar Cebadero Dom\u00ednguez, titulado \u201cHomeostasis energ\u00e9tica en el Binge Drinking. Implicaci\u00f3n del selenio\u201d. M\u00e1ster de Fisiolog\u00eda y Neurociencia, Programa Oficial de Doctorado en Biolog\u00eda Molecular y Biomedicina. Universidad de Sevilla. Junio 2018. Car\u00e1cter Experimental.<\/p>\n\n\n\n<p><\/p>\n\n\n\n<p>Direcci\u00f3n del Trabajo Fin de M\u00e1ster de D\u00aa. Alba Membrilla Esteban, titulado \u201cEl papel del Selenio y el AMPK en la programaci\u00f3n del s\u00edndrome metab\u00f3lico\u201d. M\u00e1ster de Fisiolog\u00eda y Neurociencia, Programa Oficial de Doctorado en Biolog\u00eda Molecular y Biomedicina. Universidad de Sevilla. Junio 2017. Car\u00e1cter Experimental.<\/p>\n\n\n\n<p><\/p>\n\n\n\n<p>Direcci\u00f3n del Trabajo Fin de M\u00e1ster de D. Bruno Gonz\u00e1lez Gallego, titulado \u201cPapel del zinc y el selenio en el s\u00edndrome metab\u00f3lico\u201d. M\u00e1ster de Fisiolog\u00eda y Neurociencia, Programa Oficial de Doctorado en Biolog\u00eda Molecular y Biomedicina. Universidad de Sevilla. Junio 2016. Car\u00e1cter Bibliogr\u00e1fico.<\/p>\n\n\n\n<p><\/p>\n\n\n\n<p>Direcci\u00f3n del Trabajo Fin de M\u00e1ster de D\u00aa. Paula Sobrino Calero, titulado \u201cSELENIO Y \u201cBINGE DRINKING\u201d: SU PAPEL EN EL CORAZ\u00d3N Y RI\u00d1\u00d3N\u201d. M\u00e1ster de Fisiolog\u00eda y Neurociencia, Programa Oficial de Doctorado en Biolog\u00eda Molecular y Biomedicina. Universidad de Sevilla. Junio 2015. Car\u00e1cter Experimental.<\/p>\n\n\n\n<p><\/p>\n\n\n\n<p>Direcci\u00f3n del Trabajo Fin de M\u00e1ster de D\u00aa. Claudia Est\u00e9vez Amador, titulado \u201cSuplementaci\u00f3n diet\u00e9tica durante la gestaci\u00f3n y la lactancia enmadres alcoh\u00f3licas\u201d. M\u00e1ster de Fisiologia y Neurociencia, Programa Oficial de Doctorado en Biolog\u00eda Molecular y Biomedicina. Universidad de Sevilla. Septiembre 2015. Car\u00e1cter Bibliogr\u00e1fico.<\/p>\n\n\n\n<p><\/p>\n\n\n\n<p>Direcci\u00f3n del Trabajo Fin de M\u00e1ster de D\u00aa. Anneris E. Tolentino Brazoban, titulado \u201cTerapia con Selenio frente al balance oxidativo cardiaco producido por el binge drinking\u201d. M\u00e1ster de Fisiolog\u00eda y Neurociencia, Programa Oficial de Doctorado en Biolog\u00eda Molecular y Biomedicina. Universidad de Sevilla. Julio 2014. Car\u00e1cter Experimental.<\/p>\n\n\n\n<p><\/p>\n\n\n\n<p>Direcci\u00f3n del Trabajo Fin de M\u00e1ster de D\u00aa. Alejandra Serrano Ruiz, titulado \u201cCr\u00edas de madres con S\u00edndrome metab\u00f3lico inducido: coraz\u00f3n y balance oxidativo\u201d. M\u00e1ster de Fisiolog\u00eda y Neurociencia, Programa Oficial de Doctorado en Biolog\u00eda Molecular y Biomedicina. Universidad de Sevilla. Julio 2014.<\/p>\n\n\n\n<p><\/p>\n\n\n\n<p>Direcci\u00f3n del Trabajo Fin de M\u00e1ster de D\u00aa. Yadira Ismil Dominici de los Santos, titulado \u201cExpresi\u00f3n de la AMPK en cr\u00edas de madres con s\u00edndrome metab\u00f3lico inducido\u201d. M\u00e1ster de Fisiolog\u00eda y Neurociencia, Programa Oficial de Doctorado en Biolog\u00eda Molecular y Biomedicina. Universidad de Sevilla. Julio 2013. Car\u00e1cter Experimental.<\/p>\n\n\n\n<p><\/p>\n\n\n\n<p>Yuleisy Andrea de la Rosa Rojas. \u201cEstudio del balance oxidativo hep\u00e1tico en ratas sometidas a Binge Drinking: Suplementaci\u00f3n con Selenio\u201d. (experimental). M\u00e1ster de Fisiolog\u00eda y Neurociencia, Programa Oficial de Doctorado en Biolog\u00eda Molecular y Biomedicina. Universidad de Sevilla. Julio 2013. Car\u00e1cter Experimental. Curso 2013-2014.<\/p>\n\n\n\n<p><\/p>\n\n\n\n<p>Direcci\u00f3n del Trabajo Fin de M\u00e1ster de D. Marino Antonio Estrella Valeyron, titulado \u201cModelo experimental del binge drinking: papel de nfkb hep\u00e1tico\u201d. M\u00e1ster de Fisiolog\u00eda y Neurociencia, Programa Oficial de Doctorado en Biolog\u00eda Molecular y Biomedicina. Universidad de Sevilla. Julio 2013. Car\u00e1cter Experimental.<\/p>\n\n\n\n<p><\/p>\n\n\n\n<p>Direcci\u00f3n del Trabajo Fin de M\u00e1ster de D\u00aa. Paulina Mu\u00f1oz del Valle, titulado: El selenio en el s\u00edndrome metab\u00f3lico durante la gestaci\u00f3n y la lactancia. M\u00e1ster de Fisiologia y Neurociencia, Programa Oficial de Doctorado en Biolog\u00eda Molecular y Biomedicina. Universidad de Sevilla. Noviembre 2012. Car\u00e1cter Experimental.<\/p>\n\n\n\n<p><\/p>\n\n\n\n<p>Direcci\u00f3n del Trabajo Fin de M\u00e1ster de D\u00aa. Mar\u00eda Ver\u00f3nica Fenutr\u00eda Aumesquet, titulado: Estudio comparativo de la actividad de la enzima Glutati\u00f3n peroxidasa en las cr\u00edas de las ratas madres selenio deficientes y tratadas con etanol. M\u00e1ster de Fisiolog\u00eda y Neurociencia, Programa Oficial de Doctorado en Biolog\u00eda Molecular y Biomedicina. Universidad de Sevilla. Noviembre 2010. Car\u00e1cter Experimental.<\/p>\n\n\n\n<p><\/p>\n\n\n\n<p>Direcci\u00f3n del Trabajo Fin de M\u00e1ster de D. Rui Manuel Gomes Figueiredo Rua, titulado: Estudio del selenio y del estr\u00e9s oxidativo en pacientes alcoh\u00f3licos cr\u00f3nicos. M\u00e1ster de Fisiologia y Neurociencia, Programa Oficial de Doctorado en Biolog\u00eda Molecular y Biomedicina. Universidad de Sevilla. Noviembre 2010. Car\u00e1cter Experimental.<\/p>\n\n\n\n<p><\/p>\n\n\n\n<p>Direcci\u00f3n del Trabajo Fin de M\u00e1ster del doctorando D. Karick Jotty Arroyo, titulado: Suplementaci\u00f3n diet\u00e9tica y recuperaci\u00f3n de los niveles de selenio en cr\u00edas expuestas al etanol. M\u00e1ster de Fisiologia y Neurociencia, Programa Oficial de Doctorado en Biolog\u00eda Molecular y Biomedicina. Universidad de Sevilla. Noviembre 2008. Car\u00e1cter Experimental.<\/p>\n\n\n\n<p><\/p>\n\n\n\n<p>Tutorizaci\u00f3n del Trabajo Fin de M\u00e1ster de D\u00aa. Fabiola Camarena Cepeda, titulado: D\u00e9ficit de vitamina B12 y niveles altos de homociste\u00edna en esclerosis m\u00faltiple. M\u00e1ster de Fisiolog\u00eda y Neurociencia, Programa Oficial de Doctorado en Biolog\u00eda Molecular y Biomedicina. Universidad de Sevilla. Septiembre 2013. Car\u00e1cter Experimental.<\/p>\n\n\n\n<p><\/p>\n\n\n\n<p>Tutorizaci\u00f3n del Trabajo Fin de M\u00e1ster de D\u00aa. Alba Belda Cuesta, titulado: Estudio comparativo de la valoraci\u00f3n de la mucosa intestinal mediante c\u00e1psula endosc\u00f3pica PillCam Colon C2 en pacientes con Enfermedad Inflamatoria Intestinal: Resultados preliminares. M\u00e1ster de Fisiolog\u00eda y Neurociencia, Programa Oficial de Doctorado en Biolog\u00eda Molecular y Biomedicina. Universidad de Sevilla. Septiembre 2012. Car\u00e1cter Experimental.<\/p>\n\n\n\n<p><\/p>\n\n\n\n<p>Tutorizaci\u00f3n del Trabajo Fin de M\u00e1ster de D. Jes\u00fas Acosta Mart\u00ednez, titulado: Morbi-mortalidad perioperatoria asociada a la cirug\u00eda bari\u00e1trica: desde la derivaci\u00f3n biliopancre\u00e1tica sistem\u00e1tica hasta el bypass g\u00e1strico laparosc\u00f3pico o la gastrectom\u00eda tubular laparosc\u00f3pica. M\u00e1ster de Fisiolog\u00eda y Neurociencia, Programa Oficial de Doctorado en Biolog\u00eda Molecular y Biomedicina. Universidad de Sevilla. Septiembre 2012. Car\u00e1cter Experimental.<\/p>\n\n\n\n<p><\/p>\n\n\n\n<p>Tutorizaci\u00f3n del Trabajo Fin de M\u00e1ster de D\u00aa. Mar\u00eda Cuaresma Duque, titulado: Tratamiento de la resistencia a la insulina con metformina en la terapia con peginterfer\u00f3n y ribavirina en la hepatitis c cr\u00f3nica y papel de mtor, ptp1b, irs-1 en la replicaci\u00f3n viral. M\u00e1ster de Fisiolog\u00eda y Neurociencia, Programa Oficial de Doctorado en Biolog\u00eda Molecular y Biomedicina. Universidad de Sevilla. Noviembre 2010. Car\u00e1cter Experimental<\/p>\n<\/div>\n","protected":false},"excerpt":{"rendered":"<p>2025 Direcci\u00f3n&nbsp;del Trabajo Fin de M\u00e1ster&nbsp;de D\u00f1a. Andrea Cordero Tirado, titulado \u201cESTADO OXIDATIVO E INFLAMATORIO EN EL CEREBELO TRAS EL CONSUMO DE ALCOHOL EN FORMA DE BINGE DRINKING DURANTE LA ADOLESCENCIA. EFECTO MODULADOR DEL \u00c1CIDO F\u00d3LICO\u201d.&nbsp;M\u00e1ster de Fisiolog\u00eda y Neurociencia, Programa Oficial de Doctorado en Biolog\u00eda Molecular y Biomedicina. Universidad de Sevilla. Julio 2025.&nbsp;Car\u00e1cter Experimental. [&hellip;]<\/p>\n","protected":false},"author":1,"featured_media":0,"parent":0,"menu_order":0,"comment_status":"closed","ping_status":"closed","template":"","meta":{"footnotes":""},"class_list":["post-238","page","type-page","status-publish","hentry"],"_links":{"self":[{"href":"https:\/\/grupo.us.es\/alcoholsm\/wp-json\/wp\/v2\/pages\/238","targetHints":{"allow":["GET"]}}],"collection":[{"href":"https:\/\/grupo.us.es\/alcoholsm\/wp-json\/wp\/v2\/pages"}],"about":[{"href":"https:\/\/grupo.us.es\/alcoholsm\/wp-json\/wp\/v2\/types\/page"}],"author":[{"embeddable":true,"href":"https:\/\/grupo.us.es\/alcoholsm\/wp-json\/wp\/v2\/users\/1"}],"replies":[{"embeddable":true,"href":"https:\/\/grupo.us.es\/alcoholsm\/wp-json\/wp\/v2\/comments?post=238"}],"version-history":[{"count":8,"href":"https:\/\/grupo.us.es\/alcoholsm\/wp-json\/wp\/v2\/pages\/238\/revisions"}],"predecessor-version":[{"id":531,"href":"https:\/\/grupo.us.es\/alcoholsm\/wp-json\/wp\/v2\/pages\/238\/revisions\/531"}],"wp:attachment":[{"href":"https:\/\/grupo.us.es\/alcoholsm\/wp-json\/wp\/v2\/media?parent=238"}],"curies":[{"name":"wp","href":"https:\/\/api.w.org\/{rel}","templated":true}]}}