{"id":235,"date":"2023-12-18T09:22:20","date_gmt":"2023-12-18T08:22:20","guid":{"rendered":"https:\/\/grupo.us.es\/alcoholsm\/?page_id=235"},"modified":"2025-10-31T12:27:44","modified_gmt":"2025-10-31T11:27:44","slug":"congresos","status":"publish","type":"page","link":"https:\/\/grupo.us.es\/alcoholsm\/congresos","title":{"rendered":"Congresos"},"content":{"rendered":"\n<div class=\"wp-block-group has-global-padding is-layout-constrained wp-block-group-is-layout-constrained\" style=\"padding-top:var(--wp--preset--spacing--x-large);padding-bottom:var(--wp--preset--spacing--x-large)\">\n<h3 class=\"wp-block-heading\"><strong>2025<\/strong><\/h3>\n\n\n\n<p><strong>Romero I, Nogales F, Carreras O, Gallego MdC, Pascual-Vaca D, Ojeda ML. <\/strong><\/p>\n\n\n\n<ul class=\"wp-block-list\">\n<li>Poster: An\u00e1lisis de la expresi\u00f3n del NF-kB p65 y p50 en el cerebelo de ratas expuestas a alcohol durante la gestaci\u00f3n, la lactancia o exclusivamente en la adolescencia.&nbsp; <\/li>\n\n\n\n<li>7th International Congress, 52\u00aa Jornadas Nacionales de SOCIODROGALCOHOL. Orense, Espa\u00f1a 2025. <\/li>\n\n\n\n<li>Finalista al mejor poster del congreso<\/li>\n<\/ul>\n\n\n\n<p><strong>Ojeda ML, Carreras O, Romero I, Gallego MdC, Jotty K, Pascual-Vaca D, Nogales F. <\/strong><\/p>\n\n\n\n<ul class=\"wp-block-list\">\n<li>Poster: Exposici\u00f3n prenatal a alcohol, no solo da\u00f1o neuronal, an\u00e1lisis de la funcionalidad hep\u00e1tica.&nbsp; <\/li>\n\n\n\n<li>39 Congreso Nacional de la Sociedad Espa\u00f1ola de Pediatr\u00eda Extrahospitalaria y Atenci\u00f3n Primaria y IV Congreso Internacional Hispano-Luso de Pediatr\u00eda Extrahospitalaria. Sevilla, Espa\u00f1a 2025. <\/li>\n<\/ul>\n\n\n\n<p><strong>Nogales F, Carreras O, Rua R, Romero I, Gallego MdC, G\u00f3mez A, Ojeda ML.<\/strong> <\/p>\n\n\n\n<ul class=\"wp-block-list\">\n<li>Poster: La exposici\u00f3n al binge drinking durante la adolescencia, un factor de riesgo cardiometab\u00f3lico a tener en cuenta.&nbsp; 39 Congreso Nacional de la Sociedad Espa\u00f1ola de Pediatr\u00eda Extrahospitalaria y Atenci\u00f3n Primaria y IV Congreso Internacional Hispano-Luso de Pediatr\u00eda Extrahospitalaria. Sevilla, Espa\u00f1a 2025. <\/li>\n<\/ul>\n\n\n\n<p><strong>Gallego-L\u00f3pez MdC,&nbsp; Nogales F, Romero-Herrera I, Carreras O, Ojeda ML. <\/strong><\/p>\n\n\n\n<ul class=\"wp-block-list\">\n<li>Poster: Folic acid supplementation improves hepatic aldosterone clearance and systolic blood pressure in binge drinking adolescent rats.&nbsp; <\/li>\n\n\n\n<li>Journ\u00e9es de l\u2019Ecole Doctorale de Nice (JEDNs). Escuela de Doctorado de Niza en colaboraci\u00f3n con la Universidad Europea Ulysseus . <em>Universit\u00e9 C\u00f4te d&#8217;Azur <\/em>Niza, Francia. 2025. Abstract Book. Ulysseus European University. 114 pgs.<\/li>\n<\/ul>\n<\/div>\n\n\n\n<p><\/p>\n\n\n\n<div class=\"wp-block-group has-global-padding is-layout-constrained wp-block-group-is-layout-constrained\" style=\"padding-top:var(--wp--preset--spacing--x-large);padding-bottom:var(--wp--preset--spacing--x-large)\">\n<p><\/p>\n\n\n\n<h3 class=\"wp-block-heading\"><strong>2024<\/strong><\/h3>\n\n\n\n<p><strong>Gallego-L\u00f3pez MdC, Romero-Herrera I, Nogales F, G\u00f3mez-Tubio A, Carreras O, Ojeda ML.<\/strong> <\/p>\n\n\n\n<ul class=\"wp-block-list\">\n<li>Poster: Folic acid supplementation improves lipid dysregulation caused by binge drinking in adolescent rats. <\/li>\n\n\n\n<li>XXXIII Congreso de la Sociedad Espa\u00f1ola de Nutrici\u00f3n (SE\u00d1). Universidad de Granada, Granada, 2024. Journal of Physiology and Biochemistry. ISSN: 1877-8755. 2024. 74. <a href=\"https:\/\/doi.org\/10.1007\/s13105-024-01031-0\">https:\/\/doi.org\/10.1007\/s13105-024-01031-0<\/a><\/li>\n<\/ul>\n\n\n\n<p><strong>Gallego-L\u00f3pez MdC, Romero-Herrera I, Ojeda ML, Rua RM, Carreras O Nogales F. <\/strong><\/p>\n\n\n\n<ul class=\"wp-block-list\">\n<li>Poster: Folic acid, a protective antioxidant against binge drinking-induced energetic imbalance in skeletal muscle of adolescent rats. <\/li>\n\n\n\n<li>XXXIII Congreso de la Sociedad Espa\u00f1ola de Nutrici\u00f3n (SE\u00d1). Universidad de Granada, Granada, 2024. Journal of Physiology and Biochemistry. ISSN: 1877-8755. 2024.63. <a href=\"https:\/\/doi.org\/10.1007\/s13105-024-01031-0\">https:\/\/doi.org\/10.1007\/s13105-024-01031-0<\/a><\/li>\n<\/ul>\n\n\n\n<p><strong>Romero-Herrera I, Gallego-L\u00f3pez MdC, Ojeda ML, Nogales F, Rua RM, Jotty K, Carreras O. <\/strong><\/p>\n\n\n\n<ul class=\"wp-block-list\">\n<li>Poster: Selenite supplementation mitigates binge drinking-induced lipid peroxidation and stimulates adiponectin levels in adolescent rats. <\/li>\n\n\n\n<li>XXXIII Congreso de la Sociedad Espa\u00f1ola de Nutrici\u00f3n (SE\u00d1). Universidad de Granada, Granada, 2024. Journal of Physiology and Biochemistry. ISSN: 1877-8755. 2024. 64. <a href=\"https:\/\/doi.org\/10.1007\/s13105-024-01031-0\">https:\/\/doi.org\/10.1007\/s13105-024-01031-0<\/a><\/li>\n\n\n\n<li>Ganador al mejor poster del congreso<\/li>\n<\/ul>\n\n\n\n<p><strong>Gallego-L\u00f3pez MdC,&nbsp; Nogales F, Romero-Herrera I, Carreras O, De Miguel C, Ojeda ML. <\/strong><\/p>\n\n\n\n<ul class=\"wp-block-list\">\n<li>Poster: Folic acid supplementation improves hepatic aldosterone clearance and systolic blood pressure in binge drinking adolescent rats. <\/li>\n\n\n\n<li>11th Annual Comprehensive Cardiovascular Center Symposium. Comprehensive Cardiovascular Center, University of Alabama at Birmingham, Estados Unidos de Am\u00e9rica. 2024. Abstract Booklet. UAB NAtional Alumni Society House. Birmingham, Alabama. 78 pags.<\/li>\n<\/ul>\n<\/div>\n\n\n\n<p><\/p>\n\n\n\n<div class=\"wp-block-group has-global-padding is-layout-constrained wp-block-group-is-layout-constrained\" style=\"padding-top:var(--wp--preset--spacing--x-large);padding-bottom:var(--wp--preset--spacing--x-large)\">\n<h3 class=\"wp-block-heading\"><strong>2023<\/strong><\/h3>\n\n\n\n<p><strong>Romero-Herrera I, Nogales F, Rua RM, Gallego-L\u00f3pez MdC, Carreras O, Ojeda ML. <\/strong><\/p>\n\n\n\n<ul class=\"wp-block-list\">\n<li>Poster: Binge drinking disrupts skeletal muscle oxidative and energetic balance during adolescence in rats. <\/li>\n\n\n\n<li>50th European Muscle Conference (EMC), Florence (Italy), 2023. Libro resumen: <a href=\"https:\/\/emc2023florence.com\/wp-content\/uploads\/2023\/08\/ABSTRACT-BOOK-FINAL-VERSION-1.pdf\">https:\/\/emc2023florence.com\/wp-content\/uploads\/2023\/08\/ABSTRACT-BOOK-FINAL-VERSION-1.pdf<\/a><\/li>\n<\/ul>\n\n\n\n<p><strong>Gallego-L\u00f3pez MdC, Ojeda ML,&nbsp;Romero-Herrera I, Nogales F, Carreras O. <\/strong><\/p>\n\n\n\n<ul class=\"wp-block-list\">\n<li>Comunicaci\u00f3n oral: Folic&nbsp;acid&nbsp;homeostasis&nbsp;and&nbsp;its&nbsp;pathways&nbsp;related&nbsp;to&nbsp;hepatic&nbsp;oxidation&nbsp;in adolescent rats exposed to binge drinking.&nbsp;<\/li>\n\n\n\n<li>COMPASS Conference Transferable Skills for Research &amp; Innovation, Haaga-Helia University of Applied Sciences, Helsinki (Finland), 2023. <a href=\"https:\/\/julkaisut.haaga-helia.fi\/en\/compass_topic_2\/\" target=\"_blank\" rel=\"noreferrer noopener\">https:\/\/julkaisut.haaga-helia.fi\/en\/compass_topic_2\/<\/a><\/li>\n<\/ul>\n\n\n\n<p><strong>Romero-Herrera I, Nogales F, Gallego-L\u00f3pez MdC, Carreras O, Ojeda ML.<\/strong> <\/p>\n\n\n\n<ul class=\"wp-block-list\">\n<li>Comunicaci\u00f3n oral: Skeletal muscle oxidative and energetic balance during adolescence in rats is disturbed by binge drinking. <\/li>\n\n\n\n<li>COMPASS Conference Transferable Skills for Research &amp; Innovation, Haaga-Helia University of Applied Sciences, Helsinki (Finland), 2023. <a href=\"https:\/\/julkaisut.haaga-helia.fi\/en\/compass_topic_2\/\">https:\/\/julkaisut.haaga-helia.fi\/en\/compass_topic_2\/<\/a><\/li>\n<\/ul>\n<\/div>\n\n\n\n<p><\/p>\n\n\n\n<div class=\"wp-block-group has-global-padding is-layout-constrained wp-block-group-is-layout-constrained\" style=\"padding-top:var(--wp--preset--spacing--x-large);padding-bottom:var(--wp--preset--spacing--x-large)\">\n<h3 class=\"wp-block-heading\"><strong>2022<\/strong><\/h3>\n\n\n\n<p><strong>Gallego MC, Mart\u00ednez A, Nogales F, Carreras O, Romero-Herrera I, Alcudia A, Pajuelo E, Ojeda ML.<\/strong> <\/p>\n\n\n\n<ul class=\"wp-block-list\">\n<li>Poster: Selenium nanoparticles and selenite supplementation impact white adipose tissue insulin receptor expression and adipogenesis differently during adolescence.<\/li>\n\n\n\n<li>XL Congress of the Spanish Society of Physiological Sciences (SECF). Badajoz, 2022. Journal of Physiology and Biochemistry: <a href=\"https:\/\/doi.org\/10.1007\/s13105-022-00923-3\">https:\/\/doi.org\/10.1007\/s13105-022-00923-3<\/a><\/li>\n<\/ul>\n\n\n\n<p><strong>Romero-Herrera I, Ramblado M, Gallego MC, Nogales F, Carreras O, Ojeda ML<\/strong>. <\/p>\n\n\n\n<ul class=\"wp-block-list\">\n<li>Poster: SIRT-1 increases beta-cell function in adolescent binge drinking rats despite the fact that oxidative damage occurs. <\/li>\n\n\n\n<li>XL Congress of the Spanish Society of Physiological Sciences (SECF). Badajoz, 2022. Journal of Physiology and Biochemistry: <a href=\"https:\/\/doi.org\/10.1007\/s13105-022-00923-3\">https:\/\/doi.org\/10.1007\/s13105-022-00923-3<\/a><\/li>\n<\/ul>\n\n\n\n<p><strong>In\u00e9s Romero-Herrera, Mar\u00eda del Carmen Gallego-L\u00f3pez, F\u00e1tima Nogales, Karick Jotty, M. Luisa Ojeda, Olimpia Carreras<\/strong>.<\/p>\n\n\n\n<ul class=\"wp-block-list\">\n<li>Comunicaci\u00f3n oral: Binge drinking reduces adolescent Wistar rats\u2019 adipose tissue mass contributing to insulin resistance.<\/li>\n<\/ul>\n\n\n\n<ul class=\"wp-block-list\">\n<li>XL Congress of the Spanish Society of Physiological Sciences (SECF). Septiembre 2022.<\/li>\n<\/ul>\n\n\n\n<p><strong>Mar\u00eda del Carmen Gallego-L\u00f3pez, In\u00e9s Romero-Herrera, M. Luisa Ojeda, Olimpia Carreras, Rui Rua, F\u00e1tima Nogales.<\/strong><\/p>\n\n\n\n<ul class=\"wp-block-list\">\n<li>Comunicaci\u00f3n oral: Folic acid by modulating antioxidant enzyme balance avoids binge drinking-oxidative damage in liver, kidney and heart of adolescent rats.<\/li>\n<\/ul>\n\n\n\n<ul class=\"wp-block-list\">\n<li>XL Congress of the Spanish Society of Physiological Sciences (SECF). Septiembre 2022.<\/li>\n<\/ul>\n<\/div>\n\n\n\n<div class=\"wp-block-group has-global-padding is-layout-constrained wp-block-group-is-layout-constrained\" style=\"padding-top:var(--wp--preset--spacing--x-large);padding-bottom:var(--wp--preset--spacing--x-large)\">\n<h3 class=\"wp-block-heading\"><strong>2021<\/strong><\/h3>\n\n\n\n<p><strong>Gallego MC, Ojeda ML, Romero-Herrera I, Jotty K, Nogales F, Carreras O.<\/strong><\/p>\n\n\n\n<ul class=\"wp-block-list\">\n<li>Acci\u00f3n antioxidante del \u00e1cido f\u00f3lico a trav\u00e9s de la ENOS en ratas adolescentes sometidas a binge drinking.<\/li>\n<\/ul>\n\n\n\n<ul class=\"wp-block-list\">\n<li>XIX Congreso Latinoamericano de nutrici\u00f3n (SLAN); virtual, Paraguay. 2021.<\/li>\n<\/ul>\n\n\n\n<p><strong>Gallego MC, Pino-P\u00e9rez I, Ojeda ML, Romero-Herrera I, Mart\u00ednez-L\u00f3pez I, Carreras O, Nogales F.<\/strong><\/p>\n\n\n\n<ul class=\"wp-block-list\">\n<li>El estado de selenio maternal afecta a la programaci\u00f3n hematol\u00f3gica de las cr\u00edas.<\/li>\n<\/ul>\n\n\n\n<ul class=\"wp-block-list\">\n<li>XIX Congreso Latinoamericano de nutrici\u00f3n (SLAN); virtual, Paraguay. 2021<\/li>\n<\/ul>\n<\/div>\n\n\n\n<div class=\"wp-block-group has-global-padding is-layout-constrained wp-block-group-is-layout-constrained\" style=\"padding-top:var(--wp--preset--spacing--x-large);padding-bottom:var(--wp--preset--spacing--x-large)\">\n<h3 class=\"wp-block-heading\"><strong>2020<\/strong><\/h3>\n\n\n\n<p><strong>Gallego MC, Nogales F, Romero-Herrera I, Rua RM, Carreras O, Ojeda ML.<\/strong><\/p>\n\n\n\n<ul class=\"wp-block-list\">\n<li>Folic acid, an antioxidant against the renal damage generated by binge drinking consumption during adolescence in rats.<\/li>\n<\/ul>\n\n\n\n<ul class=\"wp-block-list\">\n<li>Revista: ANNALS OF NUTRITION AND METABOLISM. 76 (S4), 187. Conferencia FINUT. Poster, 2020, M\u00e9xico.<\/li>\n<\/ul>\n\n\n\n<p><strong>Ojeda ML, Romero-Herrera I, Martinez-Lopez I, Carreras O, Nogales F.<\/strong><\/p>\n\n\n\n<ul class=\"wp-block-list\">\n<li>Selenium in the kidney of lactating dams with metabolic syndrome.<\/li>\n<\/ul>\n\n\n\n<ul class=\"wp-block-list\">\n<li>Revista: ANNALS OF NUTRITION AND METABOLISM. 76 (S4), 188. Conferencia FINUT. Poster, 2020, M\u00e9xico.<\/li>\n<\/ul>\n<\/div>\n\n\n\n<div class=\"wp-block-group has-global-padding is-layout-constrained wp-block-group-is-layout-constrained\" style=\"padding-top:var(--wp--preset--spacing--x-large);padding-bottom:var(--wp--preset--spacing--x-large)\">\n<h3 class=\"wp-block-heading\"><strong>Anteriores<\/strong><\/h3>\n\n\n\n<p><strong>Dra. Olimpia Carreras.<\/strong><\/p>\n\n\n\n<ul class=\"wp-block-list\">\n<li>El selenio como antioxidante natural y preventivo del&nbsp;<em>Binge Drinking<\/em>.<\/li>\n<\/ul>\n\n\n\n<ul class=\"wp-block-list\">\n<li>II Jornadas Internacionales de trabajo sobre prevenci\u00f3n: Adicciones y otras conductas problem\u00e1ticas. CONFERENCIA EN SIMPOSIUM EL SELENIO COMO ANTIOXIDANTE NATURAL Y PREVENTIVO DEL BINGE DRINKING. Sevilla, 17-18 Octubre, 2019.<\/li>\n<\/ul>\n\n\n\n<p><strong>Dra. M\u00aa Luisa Ojeda Murillo.<\/strong><\/p>\n\n\n\n<ul class=\"wp-block-list\">\n<li>Selenio frente al da\u00f1o en el DNA provocado por el Binge drinking.<\/li>\n<\/ul>\n\n\n\n<ul class=\"wp-block-list\">\n<li>II Jornadas Internacionales de trabajo sobre prevenci\u00f3n: Adicciones y otras conductas problem\u00e1ticas. CONFERENCIA EN SIMPOSIUM EL SELENIO COMO ANTIOXIDANTE NATURAL Y PREVENTIVO DEL BINGE DRINKING. Sevilla, 17-18 octubre, 2019.<\/li>\n<\/ul>\n\n\n\n<p><strong>Dra. Fatima Nogales.<\/strong><\/p>\n\n\n\n<ul class=\"wp-block-list\">\n<li>Binge drinking y homeostasia energ\u00e9tica: Implicaci\u00f3n de Selenio.<\/li>\n<\/ul>\n\n\n\n<ul class=\"wp-block-list\">\n<li>II Jornadas Internacionales de Trabajo sobre Prevenci\u00f3n \u201cAdiciones y otras conductas problem\u00e1ticas. CONFERENCIA EN SIMPOSIUM EL SELENIO COMO ANTIOXIDANTE NATURALY PREVENTIVO DEL BINGE DRINKING. 2019 Sevilla, Espa\u00f1a.<\/li>\n<\/ul>\n\n\n\n<p><strong>Dra. Paula Sobrino.<\/strong><\/p>\n\n\n\n<ul class=\"wp-block-list\">\n<li>Binge drinking: Estudios estad\u00edsticos sobre el botell\u00f3n en adolescentes de varios cursos de educaci\u00f3n secundaria de Sevilla.<\/li>\n<\/ul>\n\n\n\n<ul class=\"wp-block-list\">\n<li>Conferencia en el simposium \u00abEl selenio como antioxidante natural y preventivo del bringe drinking. 2019 Sevilla, Espa\u00f1a.<\/li>\n<\/ul>\n\n\n\n<p><strong>Isabel Mart\u00ednez L\u00f3pez.<\/strong><\/p>\n\n\n\n<ul class=\"wp-block-list\">\n<li>S\u00edndrome Alcoh\u00f3lico fetal.<\/li>\n<\/ul>\n\n\n\n<ul class=\"wp-block-list\">\n<li>II Jornadas Internacionales de Trabajo sobre Prevenci\u00f3n \u201cAdiciones y otras conductas problem\u00e1ticas. CONFERENCIA EN SIMPOSIUM CONFERENCIA EN SIMPOSIUM EL SELENIO COMO ANTIOXIDANTE NATURALY PREVENTIVO DEL BINGE DRINKING. 2019 Sevilla, Espa\u00f1a.<\/li>\n<\/ul>\n\n\n\n<p><strong>Sobrino P, Ojeda ML, Nogales F, Mart\u00ednez-L\u00f3pez I, Carreras O.<\/strong><\/p>\n\n\n\n<ul class=\"wp-block-list\">\n<li>Estudio del Binge Drinking en adolescentes durante el curso 2013-2014.<\/li>\n<\/ul>\n\n\n\n<ul class=\"wp-block-list\">\n<li>II Jornadas Internacionales de Trabajo sobre Prevenci\u00f3n \u201cAdiciones y otras conductas problem\u00e1ticas. P\u00f3ster. 2019, Sevilla, Espa\u00f1a.<\/li>\n<\/ul>\n\n\n\n<p><strong>Ortiz-Rend\u00f3n O, S\u00e1nchez-Ramos D, Ojeda ML, Gallego-L\u00f3pez MC, Carreras O, Nogales F.<\/strong><\/p>\n\n\n\n<ul class=\"wp-block-list\">\n<li>Prevenci\u00f3n frente a los efectos oxidativos del alcohol en la adolescencia: an\u00e1lisis del consumo de antioxidantes.<\/li>\n<\/ul>\n\n\n\n<ul class=\"wp-block-list\">\n<li>II Jornadas Internacionales de Trabajo sobre Prevenci\u00f3n \u201cAdiciones y otras conductas problem\u00e1ticas. P\u00f3ster. 2019, Sevilla, Espa\u00f1a.<\/li>\n<\/ul>\n\n\n\n<p><strong>Carreras O, Nogales F, Sobrino P, Murillo ML, Ojeda ML.<\/strong><\/p>\n\n\n\n<ul class=\"wp-block-list\">\n<li>\u00abSelenio, ingesta y aprovechamiento energ\u00e9tico durante la programaci\u00f3n temprana. Un arma de doble filo\u00bb.<\/li>\n<\/ul>\n\n\n\n<ul class=\"wp-block-list\">\n<li>IV World Congress of public health nutrition and XII Congreso Sociedad Espa\u00f1ola de Nutrici\u00f3n Comunitaria. Madrid, Spain. 2018. Revista Espa\u00f1ola de Nutrici\u00f3n comunitaria 24 (2): 145, 2018.<\/li>\n<\/ul>\n\n\n\n<p><strong>Sobrino-Calero P, Ojeda Murillo ML; Murillo Taravillo ML, Carrearas S\u00e1nchez O, Nogales Bueno F.<\/strong><\/p>\n\n\n\n<ul class=\"wp-block-list\">\n<li>\u00abEstado del selenio en la resistencia a la insulina y la programaci\u00f3n metab\u00f3lica\u00bb.<\/li>\n<\/ul>\n\n\n\n<ul class=\"wp-block-list\">\n<li>IV World Congress of public health nutrition and XII Congreso Sociedad Espa\u00f1ola de Nutrici\u00f3n Comunitaria. Madrid, Spain. 2018. Revista Espa\u00f1ola de Nutrici\u00f3n comunitaria 24 (2): 158, 2018.<\/li>\n<\/ul>\n\n\n\n<p><strong>Carreras O, Sanchez de la Campa L, Cebadero O, Nogales F y Ojeda ML.<\/strong><\/p>\n\n\n\n<ul class=\"wp-block-list\">\n<li>\u00abEstudio hep\u00e1tico del estr\u00e9s oxidativo generado por el consumo de alcohol. El \u00e1cido f\u00f3lico como terapia\u00bb.<\/li>\n<\/ul>\n\n\n\n<ul class=\"wp-block-list\">\n<li>Facultad Enfermer\u00eda, Fisioterapia y Podolog\u00eda. Dpto. Enfermer\u00eda. I JORNADAS INTERNACIONALES DE TRABAJO SOBRE USO Y ABUSO DE DROGAS Y OTROS ADICTIVOS. Ediciones Efregius: 50-51 , 2019. (ISSN\/ISBN) 788417270810.<\/li>\n<\/ul>\n\n\n\n<p><strong>Nogales F, S\u00e1nchez Ramos D, Ortiz Rend\u00f3n O, Ojeda ML y Carreras O.<\/strong><\/p>\n\n\n\n<ul class=\"wp-block-list\">\n<li>\u00abPapel de los suplementos antioxidantes frente al consumo de alcohol tipo botell\u00f3n\u00bb.<\/li>\n<\/ul>\n\n\n\n<ul class=\"wp-block-list\">\n<li>Facultad Enfermer\u00eda, Fisioterapia y Podolog\u00eda. Dpto. Enfermer\u00eda. I JORNADAS INTERNACIONALES DE TRABAJO SOBRE USO Y ABUSO DE DROGAS Y OTROS ADICTIVOS. Ediciones Efregius: 50-51 , 2019. (ISSN\/ISBN) 788417270810.<\/li>\n<\/ul>\n\n\n\n<p><strong>O. Ortiz-Rend\u00f3n, P. Sobrino, F. Nogales, ML. Murillo, O. Carreras, ML. Ojeda.<\/strong><\/p>\n\n\n\n<ul class=\"wp-block-list\">\n<li>\u00abBinge drinking affects hydric balance and aldosterone levels increasing systolic blood pressure in adolescent rats\u00bb.<\/li>\n<\/ul>\n\n\n\n<ul class=\"wp-block-list\">\n<li>XXXIX Congress of SECF. Cadiz, Spain, 2018.<\/li>\n<\/ul>\n\n\n\n<p><strong>O. Ortiz-Rend\u00f3n, O. Cebadero, O. Carreras, ML. Murillo, ML. Ojeda, F. Nogales.<\/strong><\/p>\n\n\n\n<ul class=\"wp-block-list\">\n<li>\u00abMetabolic syndrome in the binge drinking\u00bb.<\/li>\n<\/ul>\n\n\n\n<ul class=\"wp-block-list\">\n<li>XXXIX Congress of SECF. Cadiz, Spain, 2018.<\/li>\n<\/ul>\n\n\n\n<p><strong>Serrano A, Sobrino P, Ojeda ML, Nogales F, Carreras O.<\/strong><\/p>\n\n\n\n<ul class=\"wp-block-list\">\n<li>\u00abMetabolic s\u00edndrome: blood pressure during pregnancy and lactation. Gestational parameters in offspring\u00bb.<\/li>\n<\/ul>\n\n\n\n<ul class=\"wp-block-list\">\n<li>XXXVIII Congress of SCEF, Zaragoza, Spain. 2016. J Physiol Biochem., 72: S98, 2016.<\/li>\n<\/ul>\n\n\n\n<p><strong>Sobrino P, Serrano A, Ojeda ML, Nogales F, Carreras O.<\/strong><\/p>\n\n\n\n<ul class=\"wp-block-list\">\n<li>\u00abBinge drinking\u201d affects the amount of selenium biologically active in the tissues. Supplementation as therapy\u00bb.<\/li>\n<\/ul>\n\n\n\n<ul class=\"wp-block-list\">\n<li>XXXVIII Congress of SCEF, Zaragoza, Spain. 2016. J Physiol Biochem., 72: S99, 2016.<\/li>\n<\/ul>\n\n\n\n<p><strong>Serrano Ruiz, A. Nogales Bueno, F; Ojeda Murillo, ML; Mu\u00f1oz del Valle, P; Sobrino Calero, P; Murillo Taravillo, ML; Carreras S\u00e1nchez, O.<\/strong><\/p>\n\n\n\n<ul class=\"wp-block-list\">\n<li>\u00abProgramaci\u00f3n metab\u00f3lica: Implicaci\u00f3n del Selenio en el S\u00edndrome Metab\u00f3lico a nivel card\u00edaco\u00bb.<\/li>\n<\/ul>\n\n\n\n<ul class=\"wp-block-list\">\n<li>3rd Congress of FESNAD. Seville, Spain. 2015. Nutrici\u00f3n cl\u00ednica en Medicina, vol IX (1): 44 (069), 2015.<\/li>\n<\/ul>\n\n\n\n<p><strong>Sobrino Calero, P; Ojeda Murillo, ML; Nogales Bueno, F; Rua Gomes-Figueiredo, RM; Serrano Ruiz, A; Murillo Taravillo, ML; Carreras S\u00e1nchez, O.<\/strong><\/p>\n\n\n\n<ul class=\"wp-block-list\">\n<li>\u00abLa suplementaci\u00f3n con Selenio (Se) disminuye la oxidaci\u00f3n en el coraz\u00f3n tras el \u201cbinge drinking\u201d\u00bb.<\/li>\n<\/ul>\n\n\n\n<ul class=\"wp-block-list\">\n<li>3rd Congress of FESNAD. Seville, Spain. 2015. Nutrici\u00f3n cl\u00ednica en Medicina, vol IX (1): 44 (070), 2015.<\/li>\n<\/ul>\n\n\n\n<p><strong>Guillen-Mancina E, Ojeda ML, Nogales F, Serrano A, Mu\u00f1oz del Valle P, Carreras O.<\/strong><\/p>\n\n\n\n<ul class=\"wp-block-list\">\n<li>\u00abFetal Programming, Metabolic Syndrome and Selenium in Heart\u00bb.<\/li>\n<\/ul>\n\n\n\n<ul class=\"wp-block-list\">\n<li>XXXVII congress of SECF, Granada, Spain. Acta Physiologica, Volumen: 212(S689): 67, ISSN: 1748-1708. 2014.<\/li>\n<\/ul>\n\n\n\n<p><strong>Guillen-Poza PA, Nogales F, Ojeda ML, Rua RM, Carreras O.<\/strong><\/p>\n\n\n\n<ul class=\"wp-block-list\">\n<li>\u00abBinge Drinking and Adolescence, Selenium as a Preventive Antioxidant\u00bb.<\/li>\n<\/ul>\n\n\n\n<ul class=\"wp-block-list\">\n<li>XXXVII congress of SECF, Granada, Espa\u00f1a. Acta Physiologica, Volumen: 212(S689): 67, ISSN: 1748-1708. 2014.<\/li>\n<\/ul>\n<\/div>\n","protected":false},"excerpt":{"rendered":"<p>2025 Romero I, Nogales F, Carreras O, Gallego MdC, Pascual-Vaca D, Ojeda ML. Ojeda ML, Carreras O, Romero I, Gallego MdC, Jotty K, Pascual-Vaca D, Nogales F. Nogales F, Carreras O, Rua R, Romero I, Gallego MdC, G\u00f3mez A, Ojeda ML. Gallego-L\u00f3pez MdC,&nbsp; Nogales F, Romero-Herrera I, Carreras O, Ojeda ML. 2024 Gallego-L\u00f3pez MdC, Romero-Herrera [&hellip;]<\/p>\n","protected":false},"author":1,"featured_media":0,"parent":0,"menu_order":0,"comment_status":"closed","ping_status":"closed","template":"","meta":{"footnotes":""},"class_list":["post-235","page","type-page","status-publish","hentry"],"_links":{"self":[{"href":"https:\/\/grupo.us.es\/alcoholsm\/wp-json\/wp\/v2\/pages\/235","targetHints":{"allow":["GET"]}}],"collection":[{"href":"https:\/\/grupo.us.es\/alcoholsm\/wp-json\/wp\/v2\/pages"}],"about":[{"href":"https:\/\/grupo.us.es\/alcoholsm\/wp-json\/wp\/v2\/types\/page"}],"author":[{"embeddable":true,"href":"https:\/\/grupo.us.es\/alcoholsm\/wp-json\/wp\/v2\/users\/1"}],"replies":[{"embeddable":true,"href":"https:\/\/grupo.us.es\/alcoholsm\/wp-json\/wp\/v2\/comments?post=235"}],"version-history":[{"count":4,"href":"https:\/\/grupo.us.es\/alcoholsm\/wp-json\/wp\/v2\/pages\/235\/revisions"}],"predecessor-version":[{"id":487,"href":"https:\/\/grupo.us.es\/alcoholsm\/wp-json\/wp\/v2\/pages\/235\/revisions\/487"}],"wp:attachment":[{"href":"https:\/\/grupo.us.es\/alcoholsm\/wp-json\/wp\/v2\/media?parent=235"}],"curies":[{"name":"wp","href":"https:\/\/api.w.org\/{rel}","templated":true}]}}