{"id":232,"date":"2023-11-30T22:27:11","date_gmt":"2023-11-30T21:27:11","guid":{"rendered":"https:\/\/grupo.us.es\/alcoholsm\/?page_id=232"},"modified":"2025-10-31T12:22:57","modified_gmt":"2025-10-31T11:22:57","slug":"patentes","status":"publish","type":"page","link":"https:\/\/grupo.us.es\/alcoholsm\/patentes","title":{"rendered":"Patentes"},"content":{"rendered":"\n<div class=\"wp-block-group has-global-padding is-layout-constrained wp-block-group-is-layout-constrained\" style=\"margin-top:var(--wp--preset--spacing--large);margin-bottom:var(--wp--preset--spacing--large);padding-top:0;padding-bottom:0\">\n<p><strong>Ojeda ML, Nogales F, Romero-Herrera I, Gallego-L\u00f3pez MDC, Carreras O.<\/strong><\/p>\n\n\n\n<p>\u00c1cido f\u00f3lico para su uso en enfermedades cardiovasculares con estr\u00e9s nitrosativo.<\/p>\n\n\n\n<p>Fecha de presentaci\u00f3n: 26\/03\/2025<\/p>\n\n\n\n<p>N\u00famero de solicitud: P202530252<\/p>\n\n\n\n<p>Entidad Titular: Universidad de Sevilla<\/p>\n\n\n\n<p><strong>Ojeda Murillo ML, Nogales Bueno F, Diaz Castro J, Murillo ML y Carreras O.<\/strong><br>Uso del selenito s\u00f3dico para el tratamiento y la prevenci\u00f3n del da\u00f1o en el DNA provocado por el binge drinking o botell\u00f3n.<br>N\u00ba de registro: 201600901.<br>Fecha de prioridad: 2016.<br>Entidad titular: Universidad Sevilla.<\/p>\n<\/div>\n","protected":false},"excerpt":{"rendered":"<p>Ojeda ML, Nogales F, Romero-Herrera I, Gallego-L\u00f3pez MDC, Carreras O. \u00c1cido f\u00f3lico para su uso en enfermedades cardiovasculares con estr\u00e9s nitrosativo. Fecha de presentaci\u00f3n: 26\/03\/2025 N\u00famero de solicitud: P202530252 Entidad Titular: Universidad de Sevilla Ojeda Murillo ML, Nogales Bueno F, Diaz Castro J, Murillo ML y Carreras O.Uso del selenito s\u00f3dico para el tratamiento y [&hellip;]<\/p>\n","protected":false},"author":1,"featured_media":0,"parent":0,"menu_order":0,"comment_status":"closed","ping_status":"closed","template":"","meta":{"footnotes":""},"class_list":["post-232","page","type-page","status-publish","hentry"],"_links":{"self":[{"href":"https:\/\/grupo.us.es\/alcoholsm\/wp-json\/wp\/v2\/pages\/232","targetHints":{"allow":["GET"]}}],"collection":[{"href":"https:\/\/grupo.us.es\/alcoholsm\/wp-json\/wp\/v2\/pages"}],"about":[{"href":"https:\/\/grupo.us.es\/alcoholsm\/wp-json\/wp\/v2\/types\/page"}],"author":[{"embeddable":true,"href":"https:\/\/grupo.us.es\/alcoholsm\/wp-json\/wp\/v2\/users\/1"}],"replies":[{"embeddable":true,"href":"https:\/\/grupo.us.es\/alcoholsm\/wp-json\/wp\/v2\/comments?post=232"}],"version-history":[{"count":2,"href":"https:\/\/grupo.us.es\/alcoholsm\/wp-json\/wp\/v2\/pages\/232\/revisions"}],"predecessor-version":[{"id":484,"href":"https:\/\/grupo.us.es\/alcoholsm\/wp-json\/wp\/v2\/pages\/232\/revisions\/484"}],"wp:attachment":[{"href":"https:\/\/grupo.us.es\/alcoholsm\/wp-json\/wp\/v2\/media?parent=232"}],"curies":[{"name":"wp","href":"https:\/\/api.w.org\/{rel}","templated":true}]}}