{"id":229,"date":"2023-11-30T22:24:26","date_gmt":"2023-11-30T21:24:26","guid":{"rendered":"https:\/\/grupo.us.es\/alcoholsm\/?page_id=229"},"modified":"2025-10-30T13:35:19","modified_gmt":"2025-10-30T12:35:19","slug":"proyectos-de-investigacion","status":"publish","type":"page","link":"https:\/\/grupo.us.es\/alcoholsm\/proyectos-de-investigacion","title":{"rendered":"Proyectos de Investigaci\u00f3n"},"content":{"rendered":"\n<p><\/p>\n\n\n\n<h3 class=\"wp-block-heading\">M\u00e1s recientes<\/h3>\n\n\n\n<p><strong>Selenio como marcador del Trastorno del Espectro Alcoh\u00f3lico Fetal en pediatr\u00eda.<\/strong><\/p>\n\n\n\n<p>ENTIDAD FINANCIADORA: Proyecto de Investigaci\u00f3n sobre Adicciones (Convocatoria 2025). Plan Nacional de Drogas. Ministerio de Salud. Espa\u00f1a.<\/p>\n\n\n\n<p>TIPO CONVOCATORIA: Nacional<\/p>\n\n\n\n<p>DURACI\u00d3N: Desde: 01\/01\/2026 Hasta: 31\/12\/2027<\/p>\n\n\n\n<p>INVESTIGADOR PRINCIPAL: Dra. M\u00aa Luisa Ojeda Murillo<\/p>\n\n\n\n<p>CUANT\u00cdA: 60.312,00 \u20ac<\/p>\n\n\n\n<p><strong>Impulso a la generaci\u00f3n de conocimiento cient\u00edfico sobre el trastorno del espectro alcoh\u00f3lico fetal (TEAF) en Espa\u00f1a y Colombia (SOL2024-30088).<\/strong><\/p>\n\n\n\n<p>ENTIDAD FINANCIADORA: VII Plan de Investigaci\u00f3n y Transferencia de la Universidad de Sevilla. Programa al Est\u00edmulo de \u00c1reas con Necesidades Investigadoras y de la Actividad Investigadora Emergente (2024)<\/p>\n\n\n\n<p>REFERENCIA DEL PROYECTO: SOL2024-30088<\/p>\n\n\n\n<p>TIPO CONVOCATORIA: Internacional<\/p>\n\n\n\n<p>DURACI\u00d3N: Desde: 01\/03\/2024 Hasta: 01\/03\/2027<\/p>\n\n\n\n<p>INVESTIGADOR PRINCIPAL: Dra. M\u00aa Luisa Ojeda Murillo<\/p>\n\n\n\n<p>CUANT\u00cdA: 9.000,00 \u20ac<\/p>\n\n\n\n<p><strong>Effect of advanced maternal age on mother-neonate transfer pathways placenta human breast milk and microbial diversity <\/strong><\/p>\n\n\n\n<p>ENTIDAD FINANCIADORA: Proyectos de I+D+i para agentes del Sistema Andaluz del Conocimiento, en el \u00e1mbito del Plan Andaluz de Investigaci\u00f3n, Desarrollo e Innovaci\u00f3n, convocatoria PAIDI 2020<\/p>\n\n\n\n<p>REFERENCIA DEL PROYECTO: ProyExcel_00040<br>TIPO CONVOCATORIA: Nacional<br>DURACI\u00d3N: Desde: 02\/12\/2022 Hasta: 02\/12\/2026<br>INVESTIGADOR PRINCIPAL: Dr. Javier D\u00edaz Castro<\/p>\n\n\n\n<p>CUANT\u00cdA: 199.903,00 \u20ac<\/p>\n\n\n\n<p><\/p>\n\n\n\n<p><\/p>\n\n\n\n<h3 class=\"wp-block-heading\">Anteriores<\/h3>\n\n\n\n<p><strong>Respuesta adaptativa del tracto gastrointestinal a la variaci\u00f3n de longitud del intestino delgado.<br><\/strong>ENTIDAD FINANCIADORA: Comisi\u00f3n Asesora Cient\u00edfica y T\u00e9cnica.<br>REFERENCIA DEL PROYECTO: PB85-0331.<br>TIPO CONVOCATORIA: Nacional.<br>ENTIDADES PARTICIPANTES: Universidad de Sevilla.<br>DURACI\u00d3N: Desde: 01\/01\/1987 Hasta: 01\/01\/1989 N\u00ba total de meses: 36.<br>INVESTIGADOR PRINCIPAL: Jos\u00e9 Bolufer Gonz\u00e1lez.<br>N\u00ba DE INVESTIGADORES PARTICIPANTES: 6.<br>GRADO DE RESPONSABILIDAD DEL SOLICITANTE: Investigador colaborador.<br>DEDICACI\u00d3N: Completa.<\/p>\n\n\n\n<p><strong>Toxicolog\u00eda Alcoh\u00f3lica. Alcohol como factor de riesgo.<br><\/strong>ENTIDAD FINANCIADORA: Ayuda para Grupos de Investigaci\u00f3n de la Junta de Andaluc\u00eda.<br>REFERENCIA DEL PROYECTO: 3148.<br>TIPO CONVOCATORIA: CC.AA.<br>ENTIDADES PARTICIPANTES: Junta Andaluc\u00eda. Universidad Sevilla.<br>DURACI\u00d3N: Desde: 17\/11\/1988 Hasta: 17\/11\/1989 N\u00ba total de meses: 12.<br>INVESTIGADOR PRINCIPAL: M\u00aa Luisa Murillo Taravillo.<br>N\u00ba DE INVESTIGADORES PARTICIPANTES: 5.<br>GRADO DE RESPONSABILIDAD DEL SOLICITANTE: Investigador colaborador.<br>DEDICACI\u00d3N: Completa.<\/p>\n\n\n\n<p><strong>Estudios de diversos par\u00e1metros relacionados con la absorci\u00f3n intestinal de zinc y \u00e1cido f\u00f3lico en ratas lactantes. Efectos del etanol.<\/strong><br>ENTIDAD FINANCIADORA: Comisi\u00f3n Asesora Cient\u00edfica y T\u00e9cnica.<br>REFERENCIA DEL PROYECTO: PB93-1192.<br>TIPO CONVOCATORIA: Nacional.<br>ENTIDADES PARTICIPANTES: Universidad Sevilla.<br>DURACI\u00d3N: Desde: 01\/01\/1994 Hasta: 01\/01\/1997 N\u00ba total de meses: 36.<br>INVESTIGADOR PRINCIPAL: Jos\u00e9 Bolufer Gonz\u00e1lez.<br>N\u00ba DE INVESTIGADORES PARTICIPANTES: 8.<br>GRADO DE RESPONSABILIDAD DEL SOLICITANTE: Investigador colaborador.<br>DEDICACI\u00d3N: Completa .<\/p>\n\n\n\n<p><strong>Efectos de la suplementaci\u00f3n con \u00e1cido f\u00f3lico sobre la absorci\u00f3n intestinal y el metabolismo de micronutrientes en cr\u00edas expuestas al etanol durante el embarazo o lactancia.<\/strong><br>ENTIDAD FINANCIADORA: Comisi\u00f3n Asesora Cient\u00edfica y T\u00e9cnica DGYCIT.<br>REFERENCIA DEL PROYECTO: PM 98-0159.<br>TIPO CONVOCATORIA: Nacional.<br>ENTIDADES PARTICIPANTES: UNIVERSIDAD SEVILLA.<br>DURACI\u00d3N: Desde: 01\/01\/1998 Hasta: 01\/01\/2001 N\u00ba total de meses: 36.<br>INVESTIGADOR PRINCIPAL: Olimpia Carreras S\u00e1nchez.<br>N\u00ba DE INVESTIGADORES PARTICIPANTES: 9.<br>GRADO DE RESPONSABILIDAD DEL SOLICITANTE: Investigador principal.<br>DEDICACI\u00d3N: Completa.<\/p>\n\n\n\n<p><strong>Efecto del consumo de alcohol durante el embarazo y la lactancia sobre las rutas metab\u00f3licas en el cerebro de la progenie: implicaci\u00f3n del estr\u00e9s oxidativo.<\/strong><br>Responsable: Antonio Ayala G\u00f3mez.<br>Tipo de Proyecto\/Ayuda: Acciones Coordinadas del PAI.<br>Referencia: ACPAI-2003\/015.<br>Fecha de Inicio: 27-01-2004.<br>Fecha de Finalizaci\u00f3n: 31-12-2004.<br><a href=\"https:\/\/investigacion.us.es\/sisius\/sis_proyecto.php?idproy=6080\" target=\"_blank\" rel=\"noreferrer noopener\">M\u00e1s informaci\u00f3n<\/a><\/p>\n\n\n\n<p><strong>\u00c1cido f\u00f3lico y alcohol.<br><\/strong>ENTIDAD FINANCIADORA: Ayuda para grupos de Investigaci\u00f3n de la Junta de Andaluc\u00eda.<br>REFERENCIA DEL PROYECTO: CTS 193.<br>TIPO CONVOCATORIA: CC.AA.<br>ENTIDADES PARTICIPANTES: Junta Andaluc\u00eda.<br>DURACI\u00d3N: Desde: 01\/01\/2006 Hasta: 01\/01\/2007 N\u00ba total de meses: 12.<br>INVESTIGADOR PRINCIPAL: Olimpia Carreras S\u00e1nchez.<br>N\u00ba DE INVESTIGADORES PARTICIPANTES: 5.<br>GRADO DE RESPONSABILIDAD DEL SOLICITANTE: Investigador principal.<br>DEDICACI\u00d3N: Completa.<\/p>\n\n\n\n<p><strong>Influencia del \u00e1cido f\u00f3lico y del selenio sobre el da\u00f1o oxidativo provocado por el alcohol y por los procesos tumorales.<br><\/strong>Fondo de Investigaciones sanitarias FIS.<br>REFERENCIA DEL PROYECTO: PI060335.<br>TIPO CONVOCATORIA: Nacional.ENTIDADES PARTICIPANTES: Instituto Salud Carlos III Universidad Sevilla.<br>DURACI\u00d3N: Desde: 01\/01\/2006 Hasta: 01\/01\/2009 N\u00ba total de meses: 36.<br>INVESTIGADOR PRINCIPAL: Olimpia Carreras S\u00e1nchez.<br>N\u00ba DE INVESTIGADORES PARTICIPANTES: 8.<br>GRADO DE RESPONSABILIDAD DEL SOLICITANTE: Investigador principal.<br>DEDICACI\u00d3N: Completa.<\/p>\n\n\n\n<p><\/p>\n","protected":false},"excerpt":{"rendered":"<p>M\u00e1s recientes Selenio como marcador del Trastorno del Espectro Alcoh\u00f3lico Fetal en pediatr\u00eda. ENTIDAD FINANCIADORA: Proyecto de Investigaci\u00f3n sobre Adicciones (Convocatoria 2025). Plan Nacional de Drogas. Ministerio de Salud. Espa\u00f1a. TIPO CONVOCATORIA: Nacional DURACI\u00d3N: Desde: 01\/01\/2026 Hasta: 31\/12\/2027 INVESTIGADOR PRINCIPAL: Dra. M\u00aa Luisa Ojeda Murillo CUANT\u00cdA: 60.312,00 \u20ac Impulso a la generaci\u00f3n de conocimiento cient\u00edfico [&hellip;]<\/p>\n","protected":false},"author":1,"featured_media":0,"parent":0,"menu_order":0,"comment_status":"closed","ping_status":"closed","template":"","meta":{"footnotes":""},"class_list":["post-229","page","type-page","status-publish","hentry"],"_links":{"self":[{"href":"https:\/\/grupo.us.es\/alcoholsm\/wp-json\/wp\/v2\/pages\/229","targetHints":{"allow":["GET"]}}],"collection":[{"href":"https:\/\/grupo.us.es\/alcoholsm\/wp-json\/wp\/v2\/pages"}],"about":[{"href":"https:\/\/grupo.us.es\/alcoholsm\/wp-json\/wp\/v2\/types\/page"}],"author":[{"embeddable":true,"href":"https:\/\/grupo.us.es\/alcoholsm\/wp-json\/wp\/v2\/users\/1"}],"replies":[{"embeddable":true,"href":"https:\/\/grupo.us.es\/alcoholsm\/wp-json\/wp\/v2\/comments?post=229"}],"version-history":[{"count":3,"href":"https:\/\/grupo.us.es\/alcoholsm\/wp-json\/wp\/v2\/pages\/229\/revisions"}],"predecessor-version":[{"id":467,"href":"https:\/\/grupo.us.es\/alcoholsm\/wp-json\/wp\/v2\/pages\/229\/revisions\/467"}],"wp:attachment":[{"href":"https:\/\/grupo.us.es\/alcoholsm\/wp-json\/wp\/v2\/media?parent=229"}],"curies":[{"name":"wp","href":"https:\/\/api.w.org\/{rel}","templated":true}]}}