{"id":184,"date":"2023-11-29T02:24:24","date_gmt":"2023-11-29T01:24:24","guid":{"rendered":"https:\/\/grupo.us.es\/alcoholsm\/?page_id=184"},"modified":"2023-12-18T13:44:39","modified_gmt":"2023-12-18T12:44:39","slug":"noticias","status":"publish","type":"page","link":"https:\/\/grupo.us.es\/alcoholsm\/noticias","title":{"rendered":"Noticias"},"content":{"rendered":"\n<div class=\"wp-block-group has-global-padding is-layout-constrained wp-block-group-is-layout-constrained\" style=\"border-bottom-style:none;border-bottom-width:0px;padding-top:var(--wp--preset--spacing--medium);padding-bottom:var(--wp--preset--spacing--medium)\">\n<div class=\"wp-block-query alignfull is-layout-flow wp-block-query-is-layout-flow\">\n<div class=\"wp-block-group alignfull is-layout-flow wp-block-group-is-layout-flow\" style=\"padding-top:var(--wp--preset--spacing--40);padding-right:var(--wp--preset--spacing--40);padding-bottom:var(--wp--preset--spacing--40);padding-left:var(--wp--preset--spacing--40)\"><ul style=\"text-transform:none;\" class=\"wp-block-post-template has-global-padding is-layout-constrained wp-container-core-post-template-is-layout-1670570d wp-block-post-template-is-layout-constrained\"><li class=\"wp-block-post post-490 post type-post status-publish format-standard has-post-thumbnail hentry category-noticias category-video\">\n\n<div class=\"wp-block-group has-global-padding is-content-justification-left is-layout-constrained wp-container-core-group-is-layout-177c594d wp-block-group-is-layout-constrained\">\n<div class=\"wp-block-group has-base-font-size is-vertical is-layout-flex wp-container-core-group-is-layout-c0e0d6da wp-block-group-is-layout-flex\" style=\"border-bottom-color:var(--wp--preset--color--quaternary);border-bottom-width:1px;margin-top:0;margin-bottom:0;padding-bottom:var(--wp--preset--spacing--80)\"><div style=\"font-size:clamp(0.875rem, 0.875rem + ((1vw - 0.2rem) * 0.041), 0.9rem);letter-spacing:1px; padding-top:0;padding-bottom:0;\" class=\"has-text-align-left has-link-color wp-elements-fa9138dd35c7774671bf14f4cfda6862 wp-block-post-date has-text-color has-contrast-color\"><time datetime=\"2025-10-31T12:49:28+01:00\">31\/10\/2025<\/time><\/div>\n\n\n<div class=\"wp-block-group has-global-padding is-layout-constrained wp-block-group-is-layout-constrained\" style=\"margin-top:0;margin-bottom:0;padding-top:var(--wp--preset--spacing--xx-small);padding-bottom:var(--wp--preset--spacing--xx-small)\"><h2 style=\"font-size:clamp(1.198rem, 1.198rem + ((1vw - 0.2rem) * 1.146), 1.9rem);font-style:normal;font-weight:600;line-height:1.2;\" class=\"has-link-color wp-elements-9ea60c755ec5e2e167f94998e3a02aec wp-block-post-title has-text-color has-contrast-color\"><a href=\"https:\/\/grupo.us.es\/alcoholsm\/archivos\/490\" target=\"_self\" >\u00bfLas madres beben alcohol? \u00bfQu\u00e9 es el s\u00edndrome alcoh\u00f3lico fetal? Nuestra nueva l\u00ednea de investigaci\u00f3n.<\/a><\/h2>\n\n<div style=\"line-height:1.7; padding-top:var(--wp--preset--spacing--x-small);padding-bottom:var(--wp--preset--spacing--x-small);\" class=\"wp-block-post-excerpt has-base-font-size\"><p class=\"wp-block-post-excerpt__excerpt\">As\u00ed es, hasta el 40% de las embarazadas consume alcohol en nuestro pa\u00eds. \u00bfY qu\u00e9 pasa cuando una madre consume alcohol en el embarazo? Que puede aparecer el llamado Trastorno del Espectro Alcoh\u00f3lico Fetal, un conjunto de afecciones f\u00edsicas, conductuales y de aprendizaje que pueden durar toda la vida. Se trata de una enfermedad grave&hellip; <\/p><\/div>\n\n\n<div style=\"height:15px\" aria-hidden=\"true\" class=\"wp-block-spacer\"><\/div>\n<\/div>\n<\/div>\n<\/div>\n\n<\/li><li class=\"wp-block-post post-8 post type-post status-publish format-standard has-post-thumbnail hentry category-noticias\">\n\n<div class=\"wp-block-group has-global-padding is-content-justification-left is-layout-constrained wp-container-core-group-is-layout-177c594d wp-block-group-is-layout-constrained\">\n<div class=\"wp-block-group has-base-font-size is-vertical is-layout-flex wp-container-core-group-is-layout-c0e0d6da wp-block-group-is-layout-flex\" style=\"border-bottom-color:var(--wp--preset--color--quaternary);border-bottom-width:1px;margin-top:0;margin-bottom:0;padding-bottom:var(--wp--preset--spacing--80)\"><div style=\"font-size:clamp(0.875rem, 0.875rem + ((1vw - 0.2rem) * 0.041), 0.9rem);letter-spacing:1px; padding-top:0;padding-bottom:0;\" class=\"has-text-align-left has-link-color wp-elements-fa9138dd35c7774671bf14f4cfda6862 wp-block-post-date has-text-color has-contrast-color\"><time datetime=\"2022-11-15T13:54:00+01:00\">15\/11\/2022<\/time><\/div>\n\n\n<div class=\"wp-block-group has-global-padding is-layout-constrained wp-block-group-is-layout-constrained\" style=\"margin-top:0;margin-bottom:0;padding-top:var(--wp--preset--spacing--xx-small);padding-bottom:var(--wp--preset--spacing--xx-small)\"><h2 style=\"font-size:clamp(1.198rem, 1.198rem + ((1vw - 0.2rem) * 1.146), 1.9rem);font-style:normal;font-weight:600;line-height:1.2;\" class=\"has-link-color wp-elements-9ea60c755ec5e2e167f94998e3a02aec wp-block-post-title has-text-color has-contrast-color\"><a href=\"https:\/\/grupo.us.es\/alcoholsm\/archivos\/8\" target=\"_self\" >I jornadas de j\u00f3venes investigadores en Fisiolog\u00eda. Organizado por la Sociedad espa\u00f1ola de ciencias fisiol\u00f3gicas y la universidad complutense Madrid<\/a><\/h2>\n\n<div style=\"line-height:1.7; padding-top:var(--wp--preset--spacing--x-small);padding-bottom:var(--wp--preset--spacing--x-small);\" class=\"wp-block-post-excerpt has-base-font-size\"><p class=\"wp-block-post-excerpt__excerpt\">Asistencia a las I jornadas de j\u00f3venes investigadores en Fisiolog\u00eda. Organizado por la Sociedad espa\u00f1ola de ciencias fisiol\u00f3gicas y la universidad complutense Madrid. 28 octubre 2022. Premio a la mejor comunicaci\u00f3n oral a la doctoranda M\u00aa del Carmen Gallego L\u00f3pez. <\/p><\/div>\n\n\n<div style=\"height:15px\" aria-hidden=\"true\" class=\"wp-block-spacer\"><\/div>\n<\/div>\n<\/div>\n<\/div>\n\n<\/li><li class=\"wp-block-post post-20 post type-post status-publish format-standard has-post-thumbnail hentry category-noticias\">\n\n<div class=\"wp-block-group has-global-padding is-content-justification-left is-layout-constrained wp-container-core-group-is-layout-177c594d wp-block-group-is-layout-constrained\">\n<div class=\"wp-block-group has-base-font-size is-vertical is-layout-flex wp-container-core-group-is-layout-c0e0d6da wp-block-group-is-layout-flex\" style=\"border-bottom-color:var(--wp--preset--color--quaternary);border-bottom-width:1px;margin-top:0;margin-bottom:0;padding-bottom:var(--wp--preset--spacing--80)\"><div style=\"font-size:clamp(0.875rem, 0.875rem + ((1vw - 0.2rem) * 0.041), 0.9rem);letter-spacing:1px; padding-top:0;padding-bottom:0;\" class=\"has-text-align-left has-link-color wp-elements-fa9138dd35c7774671bf14f4cfda6862 wp-block-post-date has-text-color has-contrast-color\"><time datetime=\"2019-01-21T21:41:00+01:00\">21\/01\/2019<\/time><\/div>\n\n\n<div class=\"wp-block-group has-global-padding is-layout-constrained wp-block-group-is-layout-constrained\" style=\"margin-top:0;margin-bottom:0;padding-top:var(--wp--preset--spacing--xx-small);padding-bottom:var(--wp--preset--spacing--xx-small)\"><h2 style=\"font-size:clamp(1.198rem, 1.198rem + ((1vw - 0.2rem) * 1.146), 1.9rem);font-style:normal;font-weight:600;line-height:1.2;\" class=\"has-link-color wp-elements-9ea60c755ec5e2e167f94998e3a02aec wp-block-post-title has-text-color has-contrast-color\"><a href=\"https:\/\/grupo.us.es\/alcoholsm\/archivos\/20\" target=\"_self\" >Patentan un suplemento nutricional que repara el da\u00f1o en el DNA provocado por el alcohol<\/a><\/h2>\n\n<div style=\"line-height:1.7; padding-top:var(--wp--preset--spacing--x-small);padding-bottom:var(--wp--preset--spacing--x-small);\" class=\"wp-block-post-excerpt has-base-font-size\"><p class=\"wp-block-post-excerpt__excerpt\">Un equipo del Departamento de Fisiolog\u00eda de la Facultad de Farmacia de la Universidad de Sevilla junto con el investigador Javier D\u00edaz Castro de la Universidad de Granada, ha patentado a trav\u00e9s de la Oficina Espa\u00f1ola de Patentes y Marcas, una invenci\u00f3n relacionada con el uso del selenio (Se) en forma de selenito s\u00f3dico como&hellip; <\/p><\/div>\n\n\n<div style=\"height:15px\" aria-hidden=\"true\" class=\"wp-block-spacer\"><\/div>\n<\/div>\n<\/div>\n<\/div>\n\n<\/li><\/ul><\/div>\n\n\n\n<div class=\"wp-block-group has-global-padding is-content-justification-left is-layout-constrained wp-container-core-group-is-layout-9821ac42 wp-block-group-is-layout-constrained\" style=\"margin-top:0;margin-bottom:0;padding-top:0;padding-right:var(--wp--preset--spacing--40);padding-bottom:var(--wp--preset--spacing--40);padding-left:var(--wp--preset--spacing--40)\"><nav style=\"line-height:3.5;letter-spacing:15px;\" class=\"has-link-color wp-elements-b9b0a21a7d8feaf719108ff28e0121b0 wp-block-query-pagination is-content-justification-center is-nowrap is-layout-flex wp-container-core-query-pagination-is-layout-23441af8 wp-block-query-pagination-is-layout-flex\" aria-label=\"Paginaci\u00f3n\">\n<div style=\"font-style:normal;font-weight:700;line-height:4;text-decoration:none;\" class=\"wp-block-query-pagination-numbers\"><span aria-current=\"page\" class=\"page-numbers current\">1<\/span>\n<a class=\"page-numbers\" href=\"?query-31-page=2\">2<\/a>\n<a class=\"page-numbers\" href=\"?query-31-page=3\">3<\/a><\/div>\n<\/nav><\/div>\n<\/div>\n<\/div>\n","protected":false},"excerpt":{"rendered":"","protected":false},"author":1,"featured_media":0,"parent":0,"menu_order":0,"comment_status":"closed","ping_status":"closed","template":"","meta":{"footnotes":""},"class_list":["post-184","page","type-page","status-publish","hentry"],"_links":{"self":[{"href":"https:\/\/grupo.us.es\/alcoholsm\/wp-json\/wp\/v2\/pages\/184","targetHints":{"allow":["GET"]}}],"collection":[{"href":"https:\/\/grupo.us.es\/alcoholsm\/wp-json\/wp\/v2\/pages"}],"about":[{"href":"https:\/\/grupo.us.es\/alcoholsm\/wp-json\/wp\/v2\/types\/page"}],"author":[{"embeddable":true,"href":"https:\/\/grupo.us.es\/alcoholsm\/wp-json\/wp\/v2\/users\/1"}],"replies":[{"embeddable":true,"href":"https:\/\/grupo.us.es\/alcoholsm\/wp-json\/wp\/v2\/comments?post=184"}],"version-history":[{"count":33,"href":"https:\/\/grupo.us.es\/alcoholsm\/wp-json\/wp\/v2\/pages\/184\/revisions"}],"predecessor-version":[{"id":388,"href":"https:\/\/grupo.us.es\/alcoholsm\/wp-json\/wp\/v2\/pages\/184\/revisions\/388"}],"wp:attachment":[{"href":"https:\/\/grupo.us.es\/alcoholsm\/wp-json\/wp\/v2\/media?parent=184"}],"curies":[{"name":"wp","href":"https:\/\/api.w.org\/{rel}","templated":true}]}}