{"id":101,"date":"2023-11-29T00:20:26","date_gmt":"2023-11-28T23:20:26","guid":{"rendered":"https:\/\/grupo.us.es\/alcoholsm\/?page_id=101"},"modified":"2025-11-04T14:06:21","modified_gmt":"2025-11-04T13:06:21","slug":"capacidades","status":"publish","type":"page","link":"https:\/\/grupo.us.es\/alcoholsm\/capacidades","title":{"rendered":"Capacidades"},"content":{"rendered":"\n<div class=\"wp-block-group has-global-padding is-layout-constrained wp-block-group-is-layout-constrained\" style=\"padding-top:var(--wp--preset--spacing--x-large);padding-bottom:var(--wp--preset--spacing--x-large)\">\n<h3 class=\"wp-block-heading\"><strong>Capacidades principales<\/strong><\/h3>\n\n\n\n<ul class=\"wp-block-list\">\n<li>Estudio de alimentos funcionales naturales antioxidantes en los modelos experimentales de Alcoholismo y de S\u00edndrome metab\u00f3lico.<\/li>\n<\/ul>\n\n\n\n<ul class=\"wp-block-list\">\n<li>Estudios de programaci\u00f3n metab\u00f3lica o de origen fetal, en los modelos experimentales de Alcoholismo y de S\u00edndrome metab\u00f3lico.<\/li>\n\n\n\n<li>Estudios sobre el Trastorno del Espectro Alcoh\u00f3lico Fetal (TEAF) en modelos cl\u00ednicos y experimentales.<\/li>\n<\/ul>\n<\/div>\n\n\n\n<div class=\"wp-block-group has-global-padding is-layout-constrained wp-block-group-is-layout-constrained\" style=\"padding-top:var(--wp--preset--spacing--x-large);padding-bottom:var(--wp--preset--spacing--x-large)\">\n<h3 class=\"wp-block-heading\">Modelos Experimentales<\/h3>\n\n\n\n<h4 class=\"wp-block-heading\"><strong>Alcohol:<\/strong><\/h4>\n\n\n\n<p><strong>Modelo Cl\u00ednico:<\/strong><\/p>\n\n\n\n<ul class=\"wp-block-list\">\n<li>En pacientes alcoh\u00f3licos cr\u00f3nicos con da\u00f1o hep\u00e1tico.<\/li>\n\n\n\n<li>En pacientes infantojuveniles con Trastorno del Espectro Alcoh\u00f3lico Fetal.<\/li>\n<\/ul>\n\n\n\n<p><strong>Modelo Experimental:<\/strong><\/p>\n\n\n\n<ul class=\"wp-block-list\">\n<li>Modelo de Alcoholismo cr\u00f3nico en ratas Wistar adultas.<\/li>\n<\/ul>\n\n\n\n<ul class=\"wp-block-list\">\n<li>Modelo de S\u00edndrome Alcoh\u00f3lico fetal: Exposici\u00f3n de cr\u00edas al alcohol durante la gestaci\u00f3n, durante la lactancia o durante la gestaci\u00f3n y la lactancia (cross-fostering).<\/li>\n<\/ul>\n\n\n\n<ul class=\"wp-block-list\">\n<li>Modelo de embriones de madres con consumo cr\u00f3nico de alcohol en ratas Wistar.<\/li>\n<\/ul>\n\n\n\n<ul class=\"wp-block-list\">\n<li>Modelo experimental de Binge drinking o botell\u00f3n v\u00eda oral en ratas Wistar adolescentes.<\/li>\n<\/ul>\n\n\n\n<ul class=\"wp-block-list\">\n<li>Modelo experimental de Binge drinking o botell\u00f3n v\u00eda intraperitoneal en ratas Wistar adolescentes.<\/li>\n<\/ul>\n<\/div>\n\n\n\n<div class=\"wp-block-group has-global-padding is-layout-constrained wp-block-group-is-layout-constrained\" style=\"padding-top:var(--wp--preset--spacing--x-large);padding-bottom:var(--wp--preset--spacing--x-large)\">\n<h4 class=\"wp-block-heading\"><strong>S\u00edndrome metab\u00f3lico<\/strong>:<\/h4>\n\n\n\n<ul class=\"wp-block-list\">\n<li>Modelo de S\u00edndrome metab\u00f3lico en ratas adultas.<\/li>\n<\/ul>\n\n\n\n<ul class=\"wp-block-list\">\n<li>Modelo de S\u00edndrome metab\u00f3lico en cr\u00edas.<\/li>\n<\/ul>\n<\/div>\n\n\n\n<div class=\"wp-block-group has-global-padding is-layout-constrained wp-block-group-is-layout-constrained\" style=\"padding-top:var(--wp--preset--spacing--x-large);padding-bottom:var(--wp--preset--spacing--x-large)\">\n<h4 class=\"wp-block-heading\"><strong>Modelo Nutricional:<\/strong><\/h4>\n\n\n\n<ul class=\"wp-block-list\">\n<li>Modelo de suplementos de \u00c1cido F\u00f3lico en ratas adultas.<\/li>\n<\/ul>\n\n\n\n<ul class=\"wp-block-list\">\n<li>Modelo de suplementos de \u00c1cido F\u00f3lico en cr\u00edas.<\/li>\n<\/ul>\n\n\n\n<ul class=\"wp-block-list\">\n<li>Modelo de suplementos y deficiencias de Selenio en ratas adultas.<\/li>\n<\/ul>\n\n\n\n<ul class=\"wp-block-list\">\n<li>Modelo de suplementos y deficiencias de Selenio en cr\u00edas.<\/li>\n<\/ul>\n\n\n\n<ul class=\"wp-block-list\">\n<li>Modelo de suplementos de \u00c1cido F\u00f3lico y Selenio en ratas adultas.<\/li>\n<\/ul>\n\n\n\n<ul class=\"wp-block-list\">\n<li>Modelo de suplementos de \u00c1cido F\u00f3lico y Selenio en cr\u00edas.<\/li>\n<\/ul>\n<\/div>\n\n\n\n<div class=\"wp-block-group has-global-padding is-layout-constrained wp-block-group-is-layout-constrained\" style=\"padding-top:var(--wp--preset--spacing--x-large);padding-bottom:var(--wp--preset--spacing--x-large)\">\n<h4 class=\"wp-block-heading\"><strong>Evaluaci\u00f3n de las actividades en los modelos experimentales:<\/strong><\/h4>\n\n\n\n<ul class=\"wp-block-list\">\n<li>Balance antioxidante.<\/li>\n<\/ul>\n\n\n\n<ul class=\"wp-block-list\">\n<li>Medici\u00f3n de la expresi\u00f3n de selenoproteinas.<\/li>\n<\/ul>\n\n\n\n<ul class=\"wp-block-list\">\n<li>Balance apopt\u00f3tico.<\/li>\n<\/ul>\n\n\n\n<ul class=\"wp-block-list\">\n<li>Balance inflamatorio.<\/li>\n<\/ul>\n\n\n\n<ul class=\"wp-block-list\">\n<li>Balance energ\u00e9tico.<\/li>\n<\/ul>\n\n\n\n<ul class=\"wp-block-list\">\n<li>Mecanismos de acci\u00f3n y v\u00edas de se\u00f1alizaci\u00f3n molecular de la insulina.<\/li>\n<\/ul>\n\n\n\n<ul class=\"wp-block-list\">\n<li>Marcadores de da\u00f1o endotelial.<\/li>\n<\/ul>\n\n\n\n<ul class=\"wp-block-list\">\n<li>Estudios de la funci\u00f3n hep\u00e1tica, renal y card\u00edaca.<\/li>\n<\/ul>\n<\/div>\n","protected":false},"excerpt":{"rendered":"<p>Capacidades principales Modelos Experimentales Alcohol: Modelo Cl\u00ednico: Modelo Experimental: S\u00edndrome metab\u00f3lico: Modelo Nutricional: Evaluaci\u00f3n de las actividades en los modelos experimentales:<\/p>\n","protected":false},"author":1,"featured_media":0,"parent":0,"menu_order":0,"comment_status":"closed","ping_status":"closed","template":"","meta":{"footnotes":""},"class_list":["post-101","page","type-page","status-publish","hentry"],"_links":{"self":[{"href":"https:\/\/grupo.us.es\/alcoholsm\/wp-json\/wp\/v2\/pages\/101","targetHints":{"allow":["GET"]}}],"collection":[{"href":"https:\/\/grupo.us.es\/alcoholsm\/wp-json\/wp\/v2\/pages"}],"about":[{"href":"https:\/\/grupo.us.es\/alcoholsm\/wp-json\/wp\/v2\/types\/page"}],"author":[{"embeddable":true,"href":"https:\/\/grupo.us.es\/alcoholsm\/wp-json\/wp\/v2\/users\/1"}],"replies":[{"embeddable":true,"href":"https:\/\/grupo.us.es\/alcoholsm\/wp-json\/wp\/v2\/comments?post=101"}],"version-history":[{"count":6,"href":"https:\/\/grupo.us.es\/alcoholsm\/wp-json\/wp\/v2\/pages\/101\/revisions"}],"predecessor-version":[{"id":512,"href":"https:\/\/grupo.us.es\/alcoholsm\/wp-json\/wp\/v2\/pages\/101\/revisions\/512"}],"wp:attachment":[{"href":"https:\/\/grupo.us.es\/alcoholsm\/wp-json\/wp\/v2\/media?parent=101"}],"curies":[{"name":"wp","href":"https:\/\/api.w.org\/{rel}","templated":true}]}}